{"id":986,"date":"2022-08-12T15:21:54","date_gmt":"2022-08-12T14:21:54","guid":{"rendered":"https:\/\/cozyanddozy.com\/pl\/product\/sleeping-bag-for-kindergarten-retro-75x140cm\/"},"modified":"2025-01-29T18:18:52","modified_gmt":"2025-01-29T17:18:52","slug":"spiworek-do-przedszkola-retro-75x140-cm","status":"publish","type":"product","link":"https:\/\/cozyanddozy.com\/pl\/produkt\/spiworek-do-przedszkola-retro-75x140-cm\/","title":{"rendered":"\u015apiworek do przedszkola Retro 75&#215;140 cm"},"content":{"rendered":"<p><img decoding=\"async\" class=\"alignright\" src=\"https:\/\/cozyanddozy.com\/pl\/wp-content\/uploads\/2023\/02\/spiworki-przedszkolne-cozydots.jpg\" alt=\"\" width=\"600\" \/><\/p>\n<h3>\u015apiworek przedszkolaka to przytulna po\u015bciel, wykonana z bawe\u0142ny i velvetu w komplecie z ma\u0142\u0105 poduszeczk\u0105, workiem do przechowywania i identyfikatorem.<\/h3>\n<p>\u015apiworek przedszkolaka to przytulna po\u015bciel, wykonana z bawe\u0142ny i velvetu.<\/p>\n<p><strong>Po\u015bciel do przedszkola wype\u0142niona jest\u00a0antyalergicznym wk\u0142adem ko\u0142drowym oraz poduszk\u0105. Dodatkowo w komplecie jest ma\u0142a poduszeczka &#8211; do przytulania, worek do przechowywania oraz identyfikator na podpisanie imieniem i nazwiskiem.\u00a0<\/strong><\/p>\n<p>\u015apiworek z serii Retro, to stonowane kolory inspirowane wzorami i barwami w stylu vintage.<\/p>\n<p>\u015apiworek do przedszkola w paski retro w kolorach : jasny szary, miodowy, wrzosowy, granatowy i ciemnozielony.<\/p>\n<p>Kolekcja retro posiada 3 modele \u015bpiwork\u00f3w: Retro, Retro Blue, Retro Pink.<\/span><\/p>\n<p><strong>\u015apiworek posiada zamek,<\/strong> dzi\u0119ki czemu <strong>dziecko nie b\u0119dzie si\u0119 rozkrywa\u0142o<\/strong> podczas drzemki.<\/p>\n<p>Dodatkowo <strong>posiada wyjmowan\u0105 poduszk\u0119 (jasiek), by u\u0142atwi\u0107 pranie w pralce.<\/strong><\/p>\n<p>Kolorowy \u015bpiworek od Cozy &amp; Dozy to idealne rozwi\u0105zanie dla dzieci w wieku 2-7 lat. \u015apiworek sprawdzi si\u0119 nie tylko na drzemki w przedszkolu, ale jest r\u00f3wnie\u017c \u015bwietnym rozwi\u0105zaniem na wygodne spanie poza domem &#8211; na wakacjach, nocowanki u kole\u017canki czy wycieczk\u0119.<\/p>\n<p>Wymiary:<\/p>\n<ul>\n<li>powierzchnia spania 140&#215;75<\/li>\n<li>ca\u0142kowita d\u0142ugo\u015b\u0107 po roz\u0142o\u017ceniu 240&#215;75<\/li>\n<li>ma\u0142a poduszeczka 40&#215;23<\/li>\n<\/ul>\n<p>W zestawie:<\/p>\n<ul>\n<li>\u015bpiworek (z wyjmowan\u0105 poduszk\u0105)<\/li>\n<li>ma\u0142a poduszeczka<\/li>\n<li>identyfikator<\/li>\n<li>worek do przechowywania<\/li>\n<\/ul>\n<p>Czas realizacji : 5 -10 dni roboczych + czas dostawy ( na terenie Polski 1-2 dni robocze)<\/p>\n<p>Sk\u0142ad:<\/p>\n<ul>\n<li>bawe\u0142na 100% (wewn\u0119trzna strona)<\/li>\n<li>velvet 100% (zewn\u0119trzna strona)<\/li>\n<\/ul>\n<p>Metoda piel\u0119gnacji:<\/p>\n<ul>\n<li>pranie w 40 stopniach w pralce<\/li>\n<li>nie wybiela\u0107<\/li>\n<li>prasowa\u0107 po bawe\u0142nianej stronie 180 stopni<\/li>\n<\/ul>\n<p>\u015apiworek przedszkolaka w ca\u0142o\u015bci zaprojektowany i uszyty przez Cozy &amp; Dozy.<\/p>\n<p>Wszystkie tkaniny z kt\u00f3rych szyjemy posiadaj\u0105 atesty i s\u0105 bezpieczne dla dzieci. Produkt posiada certyfikat CE.<\/p>\n","protected":false},"excerpt":{"rendered":"<p>\u015apiworek przedszkolaka z dodatkow\u0105 poduszk\u0105, workiem do przechowywania i identyfikatorem.<\/p>\n","protected":false},"featured_media":988,"comment_status":"open","ping_status":"closed","template":"","meta":[],"product_brand":[],"product_cat":[21],"product_tag":[],"class_list":{"0":"post-986","1":"product","2":"type-product","3":"status-publish","4":"has-post-thumbnail","6":"product_cat-posciel","8":"first","9":"instock","10":"sale","11":"product-type-simple"},"yoast_head":"<!-- This site is optimized with the Yoast SEO Premium plugin v21.9 (Yoast SEO v27.0) - https:\/\/yoast.com\/product\/yoast-seo-premium-wordpress\/ -->\n<title>\u015apiworek do przedszkola Retro 75x140 cm - Cozy &amp; Dozy<\/title>\n<meta name=\"description\" content=\"\u015apiworek przedszkolaka z dodatkow\u0105 poduszk\u0105, workiem do przechowywania i identyfikatorem.\" \/>\n<meta name=\"robots\" content=\"index, follow, max-snippet:-1, max-image-preview:large, max-video-preview:-1\" \/>\n<link rel=\"canonical\" href=\"https:\/\/cozyanddozy.com\/pl\/produkt\/spiworek-do-przedszkola-retro-75x140-cm\/\" \/>\n<meta property=\"og:locale\" content=\"pl_PL\" \/>\n<meta property=\"og:type\" content=\"article\" \/>\n<meta property=\"og:title\" content=\"\u015apiworek do przedszkola Retro 75x140 cm\" \/>\n<meta property=\"og:description\" content=\"\u015apiworek przedszkolaka z dodatkow\u0105 poduszk\u0105, workiem do przechowywania i identyfikatorem.\" \/>\n<meta property=\"og:url\" content=\"https:\/\/cozyanddozy.com\/pl\/produkt\/spiworek-do-przedszkola-retro-75x140-cm\/\" \/>\n<meta property=\"og:site_name\" content=\"Cozy &amp; Dozy\" \/>\n<meta property=\"article:modified_time\" content=\"2025-01-29T17:18:52+00:00\" \/>\n<meta property=\"og:image\" content=\"https:\/\/cozyanddozy.com\/pl\/wp-content\/uploads\/2023\/02\/retro-spiwor-przedszkolaka-scaled-1-1200x1200.jpg\" \/>\n\t<meta property=\"og:image:width\" content=\"1200\" \/>\n\t<meta property=\"og:image:height\" content=\"1200\" \/>\n\t<meta property=\"og:image:type\" content=\"image\/jpeg\" \/>\n<meta name=\"twitter:card\" content=\"summary_large_image\" \/>\n<meta name=\"twitter:label1\" content=\"Cena\" \/>\n\t<meta name=\"twitter:data1\" content=\"359,00&nbsp;&#122;&#322;\" \/>\n\t<meta name=\"twitter:label2\" content=\"Dost\u0119pno\u015b\u0107\" \/>\n\t<meta name=\"twitter:data2\" content=\"Dost\u0119pny\" \/>\n<script type=\"application\/ld+json\" class=\"yoast-schema-graph\">{\"@context\":\"https:\/\/schema.org\",\"@graph\":[{\"@type\":\"WebPage\",\"@id\":\"https:\/\/cozyanddozy.com\/pl\/produkt\/spiworek-do-przedszkola-retro-75x140-cm\/\",\"url\":\"https:\/\/cozyanddozy.com\/pl\/produkt\/spiworek-do-przedszkola-retro-75x140-cm\/\",\"name\":\"\u015apiworek do przedszkola Retro 75x140 cm - Cozy & Dozy\",\"isPartOf\":{\"@id\":\"https:\/\/cozyanddozy.com\/pl\/#website\"},\"primaryImageOfPage\":{\"@id\":\"https:\/\/cozyanddozy.com\/pl\/produkt\/spiworek-do-przedszkola-retro-75x140-cm\/#primaryimage\"},\"image\":{\"@id\":\"https:\/\/cozyanddozy.com\/pl\/produkt\/spiworek-do-przedszkola-retro-75x140-cm\/#primaryimage\"},\"thumbnailUrl\":\"https:\/\/cozyanddozy.com\/pl\/wp-content\/uploads\/2023\/02\/retro-spiwor-przedszkolaka-scaled-1.jpg\",\"datePublished\":\"2022-08-12T14:21:54+00:00\",\"dateModified\":\"2025-01-29T17:18:52+00:00\",\"description\":\"\u015apiworek przedszkolaka z dodatkow\u0105 poduszk\u0105, workiem do przechowywania i identyfikatorem.\",\"breadcrumb\":{\"@id\":\"https:\/\/cozyanddozy.com\/pl\/produkt\/spiworek-do-przedszkola-retro-75x140-cm\/#breadcrumb\"},\"inLanguage\":\"pl-PL\",\"potentialAction\":[{\"@type\":\"ReadAction\",\"target\":[\"https:\/\/cozyanddozy.com\/pl\/produkt\/spiworek-do-przedszkola-retro-75x140-cm\/\"]}]},{\"@type\":\"ImageObject\",\"inLanguage\":\"pl-PL\",\"@id\":\"https:\/\/cozyanddozy.com\/pl\/produkt\/spiworek-do-przedszkola-retro-75x140-cm\/#primaryimage\",\"url\":\"https:\/\/cozyanddozy.com\/pl\/wp-content\/uploads\/2023\/02\/retro-spiwor-przedszkolaka-scaled-1.jpg\",\"contentUrl\":\"https:\/\/cozyanddozy.com\/pl\/wp-content\/uploads\/2023\/02\/retro-spiwor-przedszkolaka-scaled-1.jpg\",\"width\":2560,\"height\":2560},{\"@type\":\"BreadcrumbList\",\"@id\":\"https:\/\/cozyanddozy.com\/pl\/produkt\/spiworek-do-przedszkola-retro-75x140-cm\/#breadcrumb\",\"itemListElement\":[{\"@type\":\"ListItem\",\"position\":1,\"name\":\"Home\",\"item\":\"https:\/\/cozyanddozy.com\/pl\/\"},{\"@type\":\"ListItem\",\"position\":2,\"name\":\"Sklep\",\"item\":\"https:\/\/cozyanddozy.com\/pl\/sklep\/\"},{\"@type\":\"ListItem\",\"position\":3,\"name\":\"\u015apiworek do przedszkola Retro 75&#215;140 cm\"}]},{\"@type\":\"WebSite\",\"@id\":\"https:\/\/cozyanddozy.com\/pl\/#website\",\"url\":\"https:\/\/cozyanddozy.com\/pl\/\",\"name\":\"Cozy & Dozy\",\"description\":\"\",\"potentialAction\":[{\"@type\":\"SearchAction\",\"target\":{\"@type\":\"EntryPoint\",\"urlTemplate\":\"https:\/\/cozyanddozy.com\/pl\/?s={search_term_string}\"},\"query-input\":{\"@type\":\"PropertyValueSpecification\",\"valueRequired\":true,\"valueName\":\"search_term_string\"}}],\"inLanguage\":\"pl-PL\"}]}<\/script>\n<meta property=\"product:price:amount\" content=\"359.00\" \/>\n<meta property=\"product:price:currency\" content=\"PLN\" \/>\n<meta property=\"og:availability\" content=\"instock\" \/>\n<meta property=\"product:availability\" content=\"instock\" \/>\n<meta property=\"product:retailer_item_id\" content=\"5902701497033\" \/>\n<meta property=\"product:condition\" content=\"new\" \/>\n<!-- \/ Yoast SEO Premium plugin. -->","yoast_head_json":{"title":"\u015apiworek do przedszkola Retro 75x140 cm - Cozy & Dozy","description":"\u015apiworek przedszkolaka z dodatkow\u0105 poduszk\u0105, workiem do przechowywania i identyfikatorem.","robots":{"index":"index","follow":"follow","max-snippet":"max-snippet:-1","max-image-preview":"max-image-preview:large","max-video-preview":"max-video-preview:-1"},"canonical":"https:\/\/cozyanddozy.com\/pl\/produkt\/spiworek-do-przedszkola-retro-75x140-cm\/","og_locale":"pl_PL","og_type":"article","og_title":"\u015apiworek do przedszkola Retro 75x140 cm","og_description":"\u015apiworek przedszkolaka z dodatkow\u0105 poduszk\u0105, workiem do przechowywania i identyfikatorem.","og_url":"https:\/\/cozyanddozy.com\/pl\/produkt\/spiworek-do-przedszkola-retro-75x140-cm\/","og_site_name":"Cozy &amp; Dozy","article_modified_time":"2025-01-29T17:18:52+00:00","og_image":[{"width":1200,"height":1200,"url":"https:\/\/cozyanddozy.com\/pl\/wp-content\/uploads\/2023\/02\/retro-spiwor-przedszkolaka-scaled-1-1200x1200.jpg","type":"image\/jpeg"}],"twitter_card":"summary_large_image","twitter_misc":{"Cena":"359,00&nbsp;&#122;&#322;","Dost\u0119pno\u015b\u0107":"Dost\u0119pny"},"schema":{"@context":"https:\/\/schema.org","@graph":[{"@type":"WebPage","@id":"https:\/\/cozyanddozy.com\/pl\/produkt\/spiworek-do-przedszkola-retro-75x140-cm\/","url":"https:\/\/cozyanddozy.com\/pl\/produkt\/spiworek-do-przedszkola-retro-75x140-cm\/","name":"\u015apiworek do przedszkola Retro 75x140 cm - Cozy & Dozy","isPartOf":{"@id":"https:\/\/cozyanddozy.com\/pl\/#website"},"primaryImageOfPage":{"@id":"https:\/\/cozyanddozy.com\/pl\/produkt\/spiworek-do-przedszkola-retro-75x140-cm\/#primaryimage"},"image":{"@id":"https:\/\/cozyanddozy.com\/pl\/produkt\/spiworek-do-przedszkola-retro-75x140-cm\/#primaryimage"},"thumbnailUrl":"https:\/\/cozyanddozy.com\/pl\/wp-content\/uploads\/2023\/02\/retro-spiwor-przedszkolaka-scaled-1.jpg","datePublished":"2022-08-12T14:21:54+00:00","dateModified":"2025-01-29T17:18:52+00:00","description":"\u015apiworek przedszkolaka z dodatkow\u0105 poduszk\u0105, workiem do przechowywania i identyfikatorem.","breadcrumb":{"@id":"https:\/\/cozyanddozy.com\/pl\/produkt\/spiworek-do-przedszkola-retro-75x140-cm\/#breadcrumb"},"inLanguage":"pl-PL","potentialAction":[{"@type":"ReadAction","target":["https:\/\/cozyanddozy.com\/pl\/produkt\/spiworek-do-przedszkola-retro-75x140-cm\/"]}]},{"@type":"ImageObject","inLanguage":"pl-PL","@id":"https:\/\/cozyanddozy.com\/pl\/produkt\/spiworek-do-przedszkola-retro-75x140-cm\/#primaryimage","url":"https:\/\/cozyanddozy.com\/pl\/wp-content\/uploads\/2023\/02\/retro-spiwor-przedszkolaka-scaled-1.jpg","contentUrl":"https:\/\/cozyanddozy.com\/pl\/wp-content\/uploads\/2023\/02\/retro-spiwor-przedszkolaka-scaled-1.jpg","width":2560,"height":2560},{"@type":"BreadcrumbList","@id":"https:\/\/cozyanddozy.com\/pl\/produkt\/spiworek-do-przedszkola-retro-75x140-cm\/#breadcrumb","itemListElement":[{"@type":"ListItem","position":1,"name":"Home","item":"https:\/\/cozyanddozy.com\/pl\/"},{"@type":"ListItem","position":2,"name":"Sklep","item":"https:\/\/cozyanddozy.com\/pl\/sklep\/"},{"@type":"ListItem","position":3,"name":"\u015apiworek do przedszkola Retro 75&#215;140 cm"}]},{"@type":"WebSite","@id":"https:\/\/cozyanddozy.com\/pl\/#website","url":"https:\/\/cozyanddozy.com\/pl\/","name":"Cozy & Dozy","description":"","potentialAction":[{"@type":"SearchAction","target":{"@type":"EntryPoint","urlTemplate":"https:\/\/cozyanddozy.com\/pl\/?s={search_term_string}"},"query-input":{"@type":"PropertyValueSpecification","valueRequired":true,"valueName":"search_term_string"}}],"inLanguage":"pl-PL"}]},"product_price_amount":"359.00","product_price_currency":"PLN","og_availability":"instock","product_availability":"instock","product_retailer_item_id":"5902701497033","product_condition":"new"},"_links":{"self":[{"href":"https:\/\/cozyanddozy.com\/pl\/wp-json\/wp\/v2\/product\/986","targetHints":{"allow":["GET"]}}],"collection":[{"href":"https:\/\/cozyanddozy.com\/pl\/wp-json\/wp\/v2\/product"}],"about":[{"href":"https:\/\/cozyanddozy.com\/pl\/wp-json\/wp\/v2\/types\/product"}],"replies":[{"embeddable":true,"href":"https:\/\/cozyanddozy.com\/pl\/wp-json\/wp\/v2\/comments?post=986"}],"wp:featuredmedia":[{"embeddable":true,"href":"https:\/\/cozyanddozy.com\/pl\/wp-json\/wp\/v2\/media\/988"}],"wp:attachment":[{"href":"https:\/\/cozyanddozy.com\/pl\/wp-json\/wp\/v2\/media?parent=986"}],"wp:term":[{"taxonomy":"product_brand","embeddable":true,"href":"https:\/\/cozyanddozy.com\/pl\/wp-json\/wp\/v2\/product_brand?post=986"},{"taxonomy":"product_cat","embeddable":true,"href":"https:\/\/cozyanddozy.com\/pl\/wp-json\/wp\/v2\/product_cat?post=986"},{"taxonomy":"product_tag","embeddable":true,"href":"https:\/\/cozyanddozy.com\/pl\/wp-json\/wp\/v2\/product_tag?post=986"}],"curies":[{"name":"wp","href":"https:\/\/api.w.org\/{rel}","templated":true}]}}