{"id":985,"date":"2022-08-04T12:29:33","date_gmt":"2022-08-04T10:29:33","guid":{"rendered":"https:\/\/cozyanddozy.com\/pl\/product\/tipi-tent-pink-velvet-set-with-mat-and-pillows\/"},"modified":"2025-01-29T18:19:11","modified_gmt":"2025-01-29T17:19:11","slug":"namiot-tipi-pink-velvet-rozowe-tipi-z-mata-i-poduszkami","status":"publish","type":"product","link":"https:\/\/cozyanddozy.com\/pl\/produkt\/namiot-tipi-pink-velvet-rozowe-tipi-z-mata-i-poduszkami\/","title":{"rendered":"Namiot tipi Pink Velvet, r\u00f3\u017cowe tipi z mat\u0105 i poduszkami"},"content":{"rendered":"<p>Namiot do zabawy z serii Pink Velvet, to r\u00f3\u017cowe tipi z szarymi pomponikami. Namiot tipi wykonany jest z mocnego p\u0142\u00f3tna i ozdobiony r\u00f3\u017cow\u0105 tkanin\u0105 velvet. Namiot to \u015bwietne miejsce do zabawy w domu, na tarasie lub w ogrodzie. Tipi do zabawy posiada okienko z odwijan\u0105 roletk\u0105 i dwie kieszonki na zabawki.<\/p>\n<p><b>Namioty z serii Velvet, to \u015bwietne miejsce do zabawy i przytulny k\u0105cik do odpoczynku. <\/b>Wigwam zosta\u0142 zaprojektowany tak, aby na d\u0142ugo cieszy\u0107 oko i zapewni\u0107 bezpieczn\u0105 zabaw\u0119.<\/p>\n<p>Tipi posiada 4 boki \u00a0\u2013 powierzchnia do zabawy ok. 1m2, wysoko\u015b\u0107 po roz\u0142o\u017ceniu ok. 150 cm.<\/p>\n<p><b>Do ka\u017cdego namiotu dostajesz w zestawie sk\u0142adane sosnowe kije oraz stabilizator, kt\u00f3ry trzyma sztywno kije by zapewni\u0107 stabilno\u015b\u0107 namiotu.<\/b><\/p>\n<p>Wszystkie produkty COZY &amp; DOZY zosta\u0142y zaprojektowane i wykonane w Polsce oraz posiadaj\u0105 deklaracje CE dla produkt\u00f3w dzieci\u0119cych.<\/p>\n<p>W sk\u0142ad zestawu wchodzi:<\/p>\n<ul>\n<li>namiot tipi<\/li>\n<li>mi\u0119kka mata<\/li>\n<li>dwie poduszki gwiazdki<\/li>\n<li>4 sk\u0142adane kije sosnowe (8 po\u0142\u00f3wek) + elementy do \u0142\u0105czenia kij\u00f3w (8 wkr\u0119t\u00f3w i 4 \u015bruby)<\/li>\n<li>instrukcja<\/li>\n<li>stabilizator + sznurek<\/li>\n<\/ul>\n","protected":false},"excerpt":{"rendered":"<p>R\u00f3\u017cowy namiot tipi z serii Velvet z mat\u0105 i dwiema poduszkami. Stabilne i du\u017ce tipi do zabawy.<\/p>\n","protected":false},"featured_media":828,"comment_status":"open","ping_status":"closed","template":"","meta":[],"product_brand":[],"product_cat":[16],"product_tag":[],"class_list":{"0":"post-985","1":"product","2":"type-product","3":"status-publish","4":"has-post-thumbnail","6":"product_cat-namioty-tipi","7":"pa_model-velvet-pink","9":"first","10":"instock","11":"sale","12":"product-type-simple"},"yoast_head":"<!-- This site is optimized with the Yoast SEO Premium plugin v21.9 (Yoast SEO v27.0) - https:\/\/yoast.com\/product\/yoast-seo-premium-wordpress\/ -->\n<title>Namiot tipi Pink Velvet, r\u00f3\u017cowe tipi z mat\u0105 i poduszkami - Cozy &amp; Dozy<\/title>\n<meta name=\"description\" content=\"R\u00f3\u017cowy namiot tipi z serii Velvet z mat\u0105 i dwiema poduszkami. Stabilne i du\u017ce tipi do zabawy.\" \/>\n<meta name=\"robots\" content=\"index, follow, max-snippet:-1, max-image-preview:large, max-video-preview:-1\" \/>\n<link rel=\"canonical\" href=\"https:\/\/cozyanddozy.com\/pl\/produkt\/namiot-tipi-pink-velvet-rozowe-tipi-z-mata-i-poduszkami\/\" \/>\n<meta property=\"og:locale\" content=\"pl_PL\" \/>\n<meta property=\"og:type\" content=\"article\" \/>\n<meta property=\"og:title\" content=\"Namiot tipi Pink Velvet, r\u00f3\u017cowe tipi z mat\u0105 i poduszkami\" \/>\n<meta property=\"og:description\" content=\"R\u00f3\u017cowy namiot tipi z serii Velvet z mat\u0105 i dwiema poduszkami. Stabilne i du\u017ce tipi do zabawy.\" \/>\n<meta property=\"og:url\" content=\"https:\/\/cozyanddozy.com\/pl\/produkt\/namiot-tipi-pink-velvet-rozowe-tipi-z-mata-i-poduszkami\/\" \/>\n<meta property=\"og:site_name\" content=\"Cozy &amp; Dozy\" \/>\n<meta property=\"article:modified_time\" content=\"2025-01-29T17:19:11+00:00\" \/>\n<meta property=\"og:image\" content=\"https:\/\/cozyanddozy.com\/pl\/wp-content\/uploads\/2023\/02\/tipi-pink-set-aranzacja.jpg\" \/>\n\t<meta property=\"og:image:width\" content=\"1200\" \/>\n\t<meta property=\"og:image:height\" content=\"1200\" \/>\n\t<meta property=\"og:image:type\" content=\"image\/jpeg\" \/>\n<meta name=\"twitter:card\" content=\"summary_large_image\" \/>\n<meta name=\"twitter:label1\" content=\"Cena\" \/>\n\t<meta name=\"twitter:data1\" content=\"499,00&nbsp;&#122;&#322;\" \/>\n\t<meta name=\"twitter:label2\" content=\"Dost\u0119pno\u015b\u0107\" \/>\n\t<meta name=\"twitter:data2\" content=\"Dost\u0119pny\" \/>\n<script type=\"application\/ld+json\" class=\"yoast-schema-graph\">{\"@context\":\"https:\/\/schema.org\",\"@graph\":[{\"@type\":\"WebPage\",\"@id\":\"https:\/\/cozyanddozy.com\/pl\/produkt\/namiot-tipi-pink-velvet-rozowe-tipi-z-mata-i-poduszkami\/\",\"url\":\"https:\/\/cozyanddozy.com\/pl\/produkt\/namiot-tipi-pink-velvet-rozowe-tipi-z-mata-i-poduszkami\/\",\"name\":\"Namiot tipi Pink Velvet, r\u00f3\u017cowe tipi z mat\u0105 i poduszkami - Cozy & Dozy\",\"isPartOf\":{\"@id\":\"https:\/\/cozyanddozy.com\/pl\/#website\"},\"primaryImageOfPage\":{\"@id\":\"https:\/\/cozyanddozy.com\/pl\/produkt\/namiot-tipi-pink-velvet-rozowe-tipi-z-mata-i-poduszkami\/#primaryimage\"},\"image\":{\"@id\":\"https:\/\/cozyanddozy.com\/pl\/produkt\/namiot-tipi-pink-velvet-rozowe-tipi-z-mata-i-poduszkami\/#primaryimage\"},\"thumbnailUrl\":\"https:\/\/cozyanddozy.com\/pl\/wp-content\/uploads\/2023\/02\/tipi-pink-set-aranzacja.jpg\",\"datePublished\":\"2022-08-04T10:29:33+00:00\",\"dateModified\":\"2025-01-29T17:19:11+00:00\",\"description\":\"R\u00f3\u017cowy namiot tipi z serii Velvet z mat\u0105 i dwiema poduszkami. Stabilne i du\u017ce tipi do zabawy.\",\"breadcrumb\":{\"@id\":\"https:\/\/cozyanddozy.com\/pl\/produkt\/namiot-tipi-pink-velvet-rozowe-tipi-z-mata-i-poduszkami\/#breadcrumb\"},\"inLanguage\":\"pl-PL\",\"potentialAction\":[{\"@type\":\"ReadAction\",\"target\":[\"https:\/\/cozyanddozy.com\/pl\/produkt\/namiot-tipi-pink-velvet-rozowe-tipi-z-mata-i-poduszkami\/\"]}]},{\"@type\":\"ImageObject\",\"inLanguage\":\"pl-PL\",\"@id\":\"https:\/\/cozyanddozy.com\/pl\/produkt\/namiot-tipi-pink-velvet-rozowe-tipi-z-mata-i-poduszkami\/#primaryimage\",\"url\":\"https:\/\/cozyanddozy.com\/pl\/wp-content\/uploads\/2023\/02\/tipi-pink-set-aranzacja.jpg\",\"contentUrl\":\"https:\/\/cozyanddozy.com\/pl\/wp-content\/uploads\/2023\/02\/tipi-pink-set-aranzacja.jpg\",\"width\":1200,\"height\":1200},{\"@type\":\"BreadcrumbList\",\"@id\":\"https:\/\/cozyanddozy.com\/pl\/produkt\/namiot-tipi-pink-velvet-rozowe-tipi-z-mata-i-poduszkami\/#breadcrumb\",\"itemListElement\":[{\"@type\":\"ListItem\",\"position\":1,\"name\":\"Home\",\"item\":\"https:\/\/cozyanddozy.com\/pl\/\"},{\"@type\":\"ListItem\",\"position\":2,\"name\":\"Sklep\",\"item\":\"https:\/\/cozyanddozy.com\/pl\/sklep\/\"},{\"@type\":\"ListItem\",\"position\":3,\"name\":\"Namiot tipi Pink Velvet, r\u00f3\u017cowe tipi z mat\u0105 i poduszkami\"}]},{\"@type\":\"WebSite\",\"@id\":\"https:\/\/cozyanddozy.com\/pl\/#website\",\"url\":\"https:\/\/cozyanddozy.com\/pl\/\",\"name\":\"Cozy & Dozy\",\"description\":\"\",\"potentialAction\":[{\"@type\":\"SearchAction\",\"target\":{\"@type\":\"EntryPoint\",\"urlTemplate\":\"https:\/\/cozyanddozy.com\/pl\/?s={search_term_string}\"},\"query-input\":{\"@type\":\"PropertyValueSpecification\",\"valueRequired\":true,\"valueName\":\"search_term_string\"}}],\"inLanguage\":\"pl-PL\"}]}<\/script>\n<meta property=\"product:price:amount\" content=\"499.00\" \/>\n<meta property=\"product:price:currency\" content=\"PLN\" \/>\n<meta property=\"og:availability\" content=\"instock\" \/>\n<meta property=\"product:availability\" content=\"instock\" \/>\n<meta property=\"product:retailer_item_id\" content=\"5902701496951\" \/>\n<meta property=\"product:condition\" content=\"new\" \/>\n<!-- \/ Yoast SEO Premium plugin. -->","yoast_head_json":{"title":"Namiot tipi Pink Velvet, r\u00f3\u017cowe tipi z mat\u0105 i poduszkami - Cozy & Dozy","description":"R\u00f3\u017cowy namiot tipi z serii Velvet z mat\u0105 i dwiema poduszkami. Stabilne i du\u017ce tipi do zabawy.","robots":{"index":"index","follow":"follow","max-snippet":"max-snippet:-1","max-image-preview":"max-image-preview:large","max-video-preview":"max-video-preview:-1"},"canonical":"https:\/\/cozyanddozy.com\/pl\/produkt\/namiot-tipi-pink-velvet-rozowe-tipi-z-mata-i-poduszkami\/","og_locale":"pl_PL","og_type":"article","og_title":"Namiot tipi Pink Velvet, r\u00f3\u017cowe tipi z mat\u0105 i poduszkami","og_description":"R\u00f3\u017cowy namiot tipi z serii Velvet z mat\u0105 i dwiema poduszkami. Stabilne i du\u017ce tipi do zabawy.","og_url":"https:\/\/cozyanddozy.com\/pl\/produkt\/namiot-tipi-pink-velvet-rozowe-tipi-z-mata-i-poduszkami\/","og_site_name":"Cozy &amp; Dozy","article_modified_time":"2025-01-29T17:19:11+00:00","og_image":[{"width":1200,"height":1200,"url":"https:\/\/cozyanddozy.com\/pl\/wp-content\/uploads\/2023\/02\/tipi-pink-set-aranzacja.jpg","type":"image\/jpeg"}],"twitter_card":"summary_large_image","twitter_misc":{"Cena":"499,00&nbsp;&#122;&#322;","Dost\u0119pno\u015b\u0107":"Dost\u0119pny"},"schema":{"@context":"https:\/\/schema.org","@graph":[{"@type":"WebPage","@id":"https:\/\/cozyanddozy.com\/pl\/produkt\/namiot-tipi-pink-velvet-rozowe-tipi-z-mata-i-poduszkami\/","url":"https:\/\/cozyanddozy.com\/pl\/produkt\/namiot-tipi-pink-velvet-rozowe-tipi-z-mata-i-poduszkami\/","name":"Namiot tipi Pink Velvet, r\u00f3\u017cowe tipi z mat\u0105 i poduszkami - Cozy & Dozy","isPartOf":{"@id":"https:\/\/cozyanddozy.com\/pl\/#website"},"primaryImageOfPage":{"@id":"https:\/\/cozyanddozy.com\/pl\/produkt\/namiot-tipi-pink-velvet-rozowe-tipi-z-mata-i-poduszkami\/#primaryimage"},"image":{"@id":"https:\/\/cozyanddozy.com\/pl\/produkt\/namiot-tipi-pink-velvet-rozowe-tipi-z-mata-i-poduszkami\/#primaryimage"},"thumbnailUrl":"https:\/\/cozyanddozy.com\/pl\/wp-content\/uploads\/2023\/02\/tipi-pink-set-aranzacja.jpg","datePublished":"2022-08-04T10:29:33+00:00","dateModified":"2025-01-29T17:19:11+00:00","description":"R\u00f3\u017cowy namiot tipi z serii Velvet z mat\u0105 i dwiema poduszkami. Stabilne i du\u017ce tipi do zabawy.","breadcrumb":{"@id":"https:\/\/cozyanddozy.com\/pl\/produkt\/namiot-tipi-pink-velvet-rozowe-tipi-z-mata-i-poduszkami\/#breadcrumb"},"inLanguage":"pl-PL","potentialAction":[{"@type":"ReadAction","target":["https:\/\/cozyanddozy.com\/pl\/produkt\/namiot-tipi-pink-velvet-rozowe-tipi-z-mata-i-poduszkami\/"]}]},{"@type":"ImageObject","inLanguage":"pl-PL","@id":"https:\/\/cozyanddozy.com\/pl\/produkt\/namiot-tipi-pink-velvet-rozowe-tipi-z-mata-i-poduszkami\/#primaryimage","url":"https:\/\/cozyanddozy.com\/pl\/wp-content\/uploads\/2023\/02\/tipi-pink-set-aranzacja.jpg","contentUrl":"https:\/\/cozyanddozy.com\/pl\/wp-content\/uploads\/2023\/02\/tipi-pink-set-aranzacja.jpg","width":1200,"height":1200},{"@type":"BreadcrumbList","@id":"https:\/\/cozyanddozy.com\/pl\/produkt\/namiot-tipi-pink-velvet-rozowe-tipi-z-mata-i-poduszkami\/#breadcrumb","itemListElement":[{"@type":"ListItem","position":1,"name":"Home","item":"https:\/\/cozyanddozy.com\/pl\/"},{"@type":"ListItem","position":2,"name":"Sklep","item":"https:\/\/cozyanddozy.com\/pl\/sklep\/"},{"@type":"ListItem","position":3,"name":"Namiot tipi Pink Velvet, r\u00f3\u017cowe tipi z mat\u0105 i poduszkami"}]},{"@type":"WebSite","@id":"https:\/\/cozyanddozy.com\/pl\/#website","url":"https:\/\/cozyanddozy.com\/pl\/","name":"Cozy & Dozy","description":"","potentialAction":[{"@type":"SearchAction","target":{"@type":"EntryPoint","urlTemplate":"https:\/\/cozyanddozy.com\/pl\/?s={search_term_string}"},"query-input":{"@type":"PropertyValueSpecification","valueRequired":true,"valueName":"search_term_string"}}],"inLanguage":"pl-PL"}]},"product_price_amount":"499.00","product_price_currency":"PLN","og_availability":"instock","product_availability":"instock","product_retailer_item_id":"5902701496951","product_condition":"new"},"_links":{"self":[{"href":"https:\/\/cozyanddozy.com\/pl\/wp-json\/wp\/v2\/product\/985","targetHints":{"allow":["GET"]}}],"collection":[{"href":"https:\/\/cozyanddozy.com\/pl\/wp-json\/wp\/v2\/product"}],"about":[{"href":"https:\/\/cozyanddozy.com\/pl\/wp-json\/wp\/v2\/types\/product"}],"replies":[{"embeddable":true,"href":"https:\/\/cozyanddozy.com\/pl\/wp-json\/wp\/v2\/comments?post=985"}],"wp:featuredmedia":[{"embeddable":true,"href":"https:\/\/cozyanddozy.com\/pl\/wp-json\/wp\/v2\/media\/828"}],"wp:attachment":[{"href":"https:\/\/cozyanddozy.com\/pl\/wp-json\/wp\/v2\/media?parent=985"}],"wp:term":[{"taxonomy":"product_brand","embeddable":true,"href":"https:\/\/cozyanddozy.com\/pl\/wp-json\/wp\/v2\/product_brand?post=985"},{"taxonomy":"product_cat","embeddable":true,"href":"https:\/\/cozyanddozy.com\/pl\/wp-json\/wp\/v2\/product_cat?post=985"},{"taxonomy":"product_tag","embeddable":true,"href":"https:\/\/cozyanddozy.com\/pl\/wp-json\/wp\/v2\/product_tag?post=985"}],"curies":[{"name":"wp","href":"https:\/\/api.w.org\/{rel}","templated":true}]}}