{"id":897,"date":"2022-04-04T15:48:55","date_gmt":"2022-04-04T14:48:55","guid":{"rendered":"https:\/\/cozyanddozy.com\/pl\/product\/velvet-quilt-bedspread-various-sizes\/"},"modified":"2023-11-08T17:33:12","modified_gmt":"2023-11-08T16:33:12","slug":"narzuta-na-lozko-dzieciece-velvet-quilt-rozne-rozmiary","status":"publish","type":"product","link":"https:\/\/cozyanddozy.com\/pl\/produkt\/narzuta-na-lozko-dzieciece-velvet-quilt-rozne-rozmiary\/","title":{"rendered":"Narzuta na \u0142\u00f3\u017cko dzieci\u0119ce Velvet Quilt &#8211; r\u00f3\u017cne rozmiary"},"content":{"rendered":"<p><img decoding=\"async\" class=\"alignright\" src=\"https:\/\/cozyanddozy.com\/pl\/wp-content\/uploads\/2023\/02\/VELVET-BED-COVERS.jpg\" alt=\"\" width=\"600\" \/>\u0141\u00f3\u017cko to cz\u0119sto ulubione miejsce w pokoju dziecka. Miejsce do wylegiwania si\u0119, czytania bajek czy miejsce do zabawy ulubionymi zabawkami.<\/p>\n<p><strong>Kapa na \u0142\u00f3\u017cko, to niezb\u0119dnik w ka\u017cdym pokoju. Mi\u0119ciutka narzuta na \u0142\u00f3\u017cko od Cozy &amp; Dozy to dwukolorowy, pikowany pled do kt\u00f3rego znajdziesz r\u00f3wnie\u017c u nas poduszki i poszewki.<\/strong><\/p>\n<p>Pikowany kocyk ma w \u015brodku antyalergiczne wype\u0142nienie, kt\u00f3re nadaje mu kszta\u0142t i grubo\u015b\u0107, dzi\u0119ki czemu \u0142adnie prezentuje si\u0119 na \u0142\u00f3\u017cku.<\/p>\n<p>Kapa wyst\u0119puje z kilku rozmiarach i kolorach.<\/p>\n<p>Je\u017celi potrzebujesz wymiaru pod swoje \u0142\u00f3\u017cko, napisz do nas : <a href=\"mailto:shop@cozyanddozy.com\">shop@cozyanddozy.com<\/a><\/p>\n<p><strong>Tkanina:<\/strong><\/p>\n<ul>\n<li>100% velvet<\/li>\n<li>wype\u0142nienie silikonowa ocieplina antyalergiczna<span class=\"Apple-converted-space\">\u00a0<\/span><\/li>\n<\/ul>\n<p><b>Spos\u00f3b piel\u0119gnacji:<\/b><\/p>\n<ul>\n<li>Pra\u0107 w temperaturze 40\u00b0 \u2013 program delikatne<\/li>\n<li><span style=\"color: #555555;\">Prasowa\u0107 w niskiej temperaturze<\/span><\/li>\n<li><span style=\"color: #555555;\">Nie czy\u015bci\u0107 chemicznie<\/span><\/li>\n<li><span style=\"color: #555555;\">Nie chlorowa\u0107<\/span><\/li>\n<\/ul>\n","protected":false},"excerpt":{"rendered":"<p>Mi\u0119kka, dwustronna kapa na \u0142\u00f3\u017cko. Pikowana narzuta velvet, ozdobiona lam\u00f3wk\u0105.<\/p>\n","protected":false},"featured_media":899,"comment_status":"open","ping_status":"closed","template":"","meta":[],"product_brand":[],"product_cat":[21],"product_tag":[],"class_list":{"0":"post-897","1":"product","2":"type-product","3":"status-publish","4":"has-post-thumbnail","6":"product_cat-posciel","7":"pa_color-dark-pinksage","8":"pa_color-honeygrey","9":"pa_color-pinkgrey","10":"pa_color-sagegrey","12":"first","13":"instock","14":"product-type-variable"},"yoast_head":"<!-- This site is optimized with the Yoast SEO Premium plugin v21.9 (Yoast SEO v27.0) - https:\/\/yoast.com\/product\/yoast-seo-premium-wordpress\/ -->\n<title>Narzuta na \u0142\u00f3\u017cko dzieci\u0119ce Velvet Quilt - r\u00f3\u017cne rozmiary - Cozy &amp; Dozy<\/title>\n<meta name=\"description\" content=\"Mi\u0119kka, dwustronna kapa na \u0142\u00f3\u017cko. Pikowana narzuta velvet, ozdobiona lam\u00f3wk\u0105.\u00a0\" \/>\n<meta name=\"robots\" content=\"index, follow, max-snippet:-1, max-image-preview:large, max-video-preview:-1\" \/>\n<link rel=\"canonical\" href=\"https:\/\/cozyanddozy.com\/pl\/produkt\/narzuta-na-lozko-dzieciece-velvet-quilt-rozne-rozmiary\/\" \/>\n<meta property=\"og:locale\" content=\"pl_PL\" \/>\n<meta property=\"og:type\" content=\"article\" \/>\n<meta property=\"og:title\" content=\"Narzuta na \u0142\u00f3\u017cko dzieci\u0119ce Velvet Quilt - r\u00f3\u017cne rozmiary\" \/>\n<meta property=\"og:description\" content=\"Mi\u0119kka, dwustronna kapa na \u0142\u00f3\u017cko. Pikowana narzuta velvet, ozdobiona lam\u00f3wk\u0105.\u00a0\" \/>\n<meta property=\"og:url\" content=\"https:\/\/cozyanddozy.com\/pl\/produkt\/narzuta-na-lozko-dzieciece-velvet-quilt-rozne-rozmiary\/\" \/>\n<meta property=\"og:site_name\" content=\"Cozy &amp; Dozy\" \/>\n<meta property=\"article:modified_time\" content=\"2023-11-08T16:33:12+00:00\" \/>\n<meta property=\"og:image\" content=\"https:\/\/cozyanddozy.com\/pl\/wp-content\/uploads\/2023\/02\/TWO-SIDE-VELVET-BED-COVERS.jpg\" \/>\n\t<meta property=\"og:image:width\" content=\"1200\" \/>\n\t<meta property=\"og:image:height\" content=\"1200\" \/>\n\t<meta property=\"og:image:type\" content=\"image\/jpeg\" \/>\n<meta name=\"twitter:card\" content=\"summary_large_image\" \/>\n<meta name=\"twitter:label1\" content=\"Dost\u0119pno\u015b\u0107\" \/>\n\t<meta name=\"twitter:data1\" content=\"Dost\u0119pny\" \/>\n<script type=\"application\/ld+json\" class=\"yoast-schema-graph\">{\"@context\":\"https:\/\/schema.org\",\"@graph\":[{\"@type\":\"WebPage\",\"@id\":\"https:\/\/cozyanddozy.com\/pl\/produkt\/narzuta-na-lozko-dzieciece-velvet-quilt-rozne-rozmiary\/\",\"url\":\"https:\/\/cozyanddozy.com\/pl\/produkt\/narzuta-na-lozko-dzieciece-velvet-quilt-rozne-rozmiary\/\",\"name\":\"Narzuta na \u0142\u00f3\u017cko dzieci\u0119ce Velvet Quilt - r\u00f3\u017cne rozmiary - Cozy & Dozy\",\"isPartOf\":{\"@id\":\"https:\/\/cozyanddozy.com\/pl\/#website\"},\"primaryImageOfPage\":{\"@id\":\"https:\/\/cozyanddozy.com\/pl\/produkt\/narzuta-na-lozko-dzieciece-velvet-quilt-rozne-rozmiary\/#primaryimage\"},\"image\":{\"@id\":\"https:\/\/cozyanddozy.com\/pl\/produkt\/narzuta-na-lozko-dzieciece-velvet-quilt-rozne-rozmiary\/#primaryimage\"},\"thumbnailUrl\":\"https:\/\/cozyanddozy.com\/pl\/wp-content\/uploads\/2023\/02\/TWO-SIDE-VELVET-BED-COVERS.jpg\",\"datePublished\":\"2022-04-04T14:48:55+00:00\",\"dateModified\":\"2023-11-08T16:33:12+00:00\",\"description\":\"Mi\u0119kka, dwustronna kapa na \u0142\u00f3\u017cko. Pikowana narzuta velvet, ozdobiona lam\u00f3wk\u0105.\u00a0\",\"breadcrumb\":{\"@id\":\"https:\/\/cozyanddozy.com\/pl\/produkt\/narzuta-na-lozko-dzieciece-velvet-quilt-rozne-rozmiary\/#breadcrumb\"},\"inLanguage\":\"pl-PL\",\"potentialAction\":[{\"@type\":\"ReadAction\",\"target\":[\"https:\/\/cozyanddozy.com\/pl\/produkt\/narzuta-na-lozko-dzieciece-velvet-quilt-rozne-rozmiary\/\"]}]},{\"@type\":\"ImageObject\",\"inLanguage\":\"pl-PL\",\"@id\":\"https:\/\/cozyanddozy.com\/pl\/produkt\/narzuta-na-lozko-dzieciece-velvet-quilt-rozne-rozmiary\/#primaryimage\",\"url\":\"https:\/\/cozyanddozy.com\/pl\/wp-content\/uploads\/2023\/02\/TWO-SIDE-VELVET-BED-COVERS.jpg\",\"contentUrl\":\"https:\/\/cozyanddozy.com\/pl\/wp-content\/uploads\/2023\/02\/TWO-SIDE-VELVET-BED-COVERS.jpg\",\"width\":1200,\"height\":1200},{\"@type\":\"BreadcrumbList\",\"@id\":\"https:\/\/cozyanddozy.com\/pl\/produkt\/narzuta-na-lozko-dzieciece-velvet-quilt-rozne-rozmiary\/#breadcrumb\",\"itemListElement\":[{\"@type\":\"ListItem\",\"position\":1,\"name\":\"Home\",\"item\":\"https:\/\/cozyanddozy.com\/pl\/\"},{\"@type\":\"ListItem\",\"position\":2,\"name\":\"Sklep\",\"item\":\"https:\/\/cozyanddozy.com\/pl\/sklep\/\"},{\"@type\":\"ListItem\",\"position\":3,\"name\":\"Narzuta na \u0142\u00f3\u017cko dzieci\u0119ce Velvet Quilt &#8211; r\u00f3\u017cne rozmiary\"}]},{\"@type\":\"WebSite\",\"@id\":\"https:\/\/cozyanddozy.com\/pl\/#website\",\"url\":\"https:\/\/cozyanddozy.com\/pl\/\",\"name\":\"Cozy & Dozy\",\"description\":\"\",\"potentialAction\":[{\"@type\":\"SearchAction\",\"target\":{\"@type\":\"EntryPoint\",\"urlTemplate\":\"https:\/\/cozyanddozy.com\/pl\/?s={search_term_string}\"},\"query-input\":{\"@type\":\"PropertyValueSpecification\",\"valueRequired\":true,\"valueName\":\"search_term_string\"}}],\"inLanguage\":\"pl-PL\"}]}<\/script>\n<meta property=\"og:availability\" content=\"instock\" \/>\n<meta property=\"product:availability\" content=\"instock\" \/>\n<meta property=\"product:retailer_item_id\" content=\"5902701496579\" \/>\n<meta property=\"product:condition\" content=\"new\" \/>\n<!-- \/ Yoast SEO Premium plugin. -->","yoast_head_json":{"title":"Narzuta na \u0142\u00f3\u017cko dzieci\u0119ce Velvet Quilt - r\u00f3\u017cne rozmiary - Cozy & Dozy","description":"Mi\u0119kka, dwustronna kapa na \u0142\u00f3\u017cko. Pikowana narzuta velvet, ozdobiona lam\u00f3wk\u0105.\u00a0","robots":{"index":"index","follow":"follow","max-snippet":"max-snippet:-1","max-image-preview":"max-image-preview:large","max-video-preview":"max-video-preview:-1"},"canonical":"https:\/\/cozyanddozy.com\/pl\/produkt\/narzuta-na-lozko-dzieciece-velvet-quilt-rozne-rozmiary\/","og_locale":"pl_PL","og_type":"article","og_title":"Narzuta na \u0142\u00f3\u017cko dzieci\u0119ce Velvet Quilt - r\u00f3\u017cne rozmiary","og_description":"Mi\u0119kka, dwustronna kapa na \u0142\u00f3\u017cko. Pikowana narzuta velvet, ozdobiona lam\u00f3wk\u0105.\u00a0","og_url":"https:\/\/cozyanddozy.com\/pl\/produkt\/narzuta-na-lozko-dzieciece-velvet-quilt-rozne-rozmiary\/","og_site_name":"Cozy &amp; Dozy","article_modified_time":"2023-11-08T16:33:12+00:00","og_image":[{"width":1200,"height":1200,"url":"https:\/\/cozyanddozy.com\/pl\/wp-content\/uploads\/2023\/02\/TWO-SIDE-VELVET-BED-COVERS.jpg","type":"image\/jpeg"}],"twitter_card":"summary_large_image","twitter_misc":{"Dost\u0119pno\u015b\u0107":"Dost\u0119pny"},"schema":{"@context":"https:\/\/schema.org","@graph":[{"@type":"WebPage","@id":"https:\/\/cozyanddozy.com\/pl\/produkt\/narzuta-na-lozko-dzieciece-velvet-quilt-rozne-rozmiary\/","url":"https:\/\/cozyanddozy.com\/pl\/produkt\/narzuta-na-lozko-dzieciece-velvet-quilt-rozne-rozmiary\/","name":"Narzuta na \u0142\u00f3\u017cko dzieci\u0119ce Velvet Quilt - r\u00f3\u017cne rozmiary - Cozy & Dozy","isPartOf":{"@id":"https:\/\/cozyanddozy.com\/pl\/#website"},"primaryImageOfPage":{"@id":"https:\/\/cozyanddozy.com\/pl\/produkt\/narzuta-na-lozko-dzieciece-velvet-quilt-rozne-rozmiary\/#primaryimage"},"image":{"@id":"https:\/\/cozyanddozy.com\/pl\/produkt\/narzuta-na-lozko-dzieciece-velvet-quilt-rozne-rozmiary\/#primaryimage"},"thumbnailUrl":"https:\/\/cozyanddozy.com\/pl\/wp-content\/uploads\/2023\/02\/TWO-SIDE-VELVET-BED-COVERS.jpg","datePublished":"2022-04-04T14:48:55+00:00","dateModified":"2023-11-08T16:33:12+00:00","description":"Mi\u0119kka, dwustronna kapa na \u0142\u00f3\u017cko. Pikowana narzuta velvet, ozdobiona lam\u00f3wk\u0105.\u00a0","breadcrumb":{"@id":"https:\/\/cozyanddozy.com\/pl\/produkt\/narzuta-na-lozko-dzieciece-velvet-quilt-rozne-rozmiary\/#breadcrumb"},"inLanguage":"pl-PL","potentialAction":[{"@type":"ReadAction","target":["https:\/\/cozyanddozy.com\/pl\/produkt\/narzuta-na-lozko-dzieciece-velvet-quilt-rozne-rozmiary\/"]}]},{"@type":"ImageObject","inLanguage":"pl-PL","@id":"https:\/\/cozyanddozy.com\/pl\/produkt\/narzuta-na-lozko-dzieciece-velvet-quilt-rozne-rozmiary\/#primaryimage","url":"https:\/\/cozyanddozy.com\/pl\/wp-content\/uploads\/2023\/02\/TWO-SIDE-VELVET-BED-COVERS.jpg","contentUrl":"https:\/\/cozyanddozy.com\/pl\/wp-content\/uploads\/2023\/02\/TWO-SIDE-VELVET-BED-COVERS.jpg","width":1200,"height":1200},{"@type":"BreadcrumbList","@id":"https:\/\/cozyanddozy.com\/pl\/produkt\/narzuta-na-lozko-dzieciece-velvet-quilt-rozne-rozmiary\/#breadcrumb","itemListElement":[{"@type":"ListItem","position":1,"name":"Home","item":"https:\/\/cozyanddozy.com\/pl\/"},{"@type":"ListItem","position":2,"name":"Sklep","item":"https:\/\/cozyanddozy.com\/pl\/sklep\/"},{"@type":"ListItem","position":3,"name":"Narzuta na \u0142\u00f3\u017cko dzieci\u0119ce Velvet Quilt &#8211; r\u00f3\u017cne rozmiary"}]},{"@type":"WebSite","@id":"https:\/\/cozyanddozy.com\/pl\/#website","url":"https:\/\/cozyanddozy.com\/pl\/","name":"Cozy & Dozy","description":"","potentialAction":[{"@type":"SearchAction","target":{"@type":"EntryPoint","urlTemplate":"https:\/\/cozyanddozy.com\/pl\/?s={search_term_string}"},"query-input":{"@type":"PropertyValueSpecification","valueRequired":true,"valueName":"search_term_string"}}],"inLanguage":"pl-PL"}]},"og_availability":"instock","product_availability":"instock","product_retailer_item_id":"5902701496579","product_condition":"new"},"_links":{"self":[{"href":"https:\/\/cozyanddozy.com\/pl\/wp-json\/wp\/v2\/product\/897","targetHints":{"allow":["GET"]}}],"collection":[{"href":"https:\/\/cozyanddozy.com\/pl\/wp-json\/wp\/v2\/product"}],"about":[{"href":"https:\/\/cozyanddozy.com\/pl\/wp-json\/wp\/v2\/types\/product"}],"replies":[{"embeddable":true,"href":"https:\/\/cozyanddozy.com\/pl\/wp-json\/wp\/v2\/comments?post=897"}],"wp:featuredmedia":[{"embeddable":true,"href":"https:\/\/cozyanddozy.com\/pl\/wp-json\/wp\/v2\/media\/899"}],"wp:attachment":[{"href":"https:\/\/cozyanddozy.com\/pl\/wp-json\/wp\/v2\/media?parent=897"}],"wp:term":[{"taxonomy":"product_brand","embeddable":true,"href":"https:\/\/cozyanddozy.com\/pl\/wp-json\/wp\/v2\/product_brand?post=897"},{"taxonomy":"product_cat","embeddable":true,"href":"https:\/\/cozyanddozy.com\/pl\/wp-json\/wp\/v2\/product_cat?post=897"},{"taxonomy":"product_tag","embeddable":true,"href":"https:\/\/cozyanddozy.com\/pl\/wp-json\/wp\/v2\/product_tag?post=897"}],"curies":[{"name":"wp","href":"https:\/\/api.w.org\/{rel}","templated":true}]}}