{"id":891,"date":"2022-03-29T12:27:05","date_gmt":"2022-03-29T11:27:05","guid":{"rendered":"https:\/\/cozyanddozy.com\/pl\/product\/shell-velvet-pillow-dark-blue-shell-cushion\/"},"modified":"2023-11-08T17:32:46","modified_gmt":"2023-11-08T16:32:46","slug":"poduszka-muszelka-velvet-shell-dark-blue","status":"publish","type":"product","link":"https:\/\/cozyanddozy.com\/pl\/produkt\/poduszka-muszelka-velvet-shell-dark-blue\/","title":{"rendered":"Poduszka Muszelka, Velvet Shell Dark Blue"},"content":{"rendered":"<p><img decoding=\"async\" class=\"alignright\" src=\"https:\/\/cozyanddozy.com\/pl\/wp-content\/uploads\/2023\/02\/pillows-velvet.jpg\" alt=\"\" width=\"600\" \/><\/p>\n<p><b>Poduszka w kszta\u0142cie muszelki Shell velvet Dark Blue\u00a0<\/b><\/p>\n<p>Bez czego nie wyobra\u017camy sobie morza? Oczywi\u015bcie bez pi\u0119knych i niepowtarzalnych muszelek. A najlepiej, gdy te muszle to mi\u0119kkie i przyjemne w dotyku poduszki! Shell Pillow to pi\u0119kny dodatek do ka\u017cdego pomieszczenia. Udekoruje zar\u00f3wno sypialni\u0119, salon, jak i pok\u00f3j dzieci\u0119cy.<\/p>\n<p>Ka\u017cdy znajdzie co\u015b dla siebie.<\/p>\n<p>Od poduszki Shell <b>nie da si\u0119 oderwa\u0107 r\u0105k<\/b>! Wykonana jest z bardzo mi\u0119kkiego velvetu. Materia\u0142 ten sprawia, \u017ce korzystanie z poduszki jest <b>niezwykle przyjemnym do\u015bwiadczeniem<\/b>. Twoje dziecko z pewno\u015bci\u0105 b\u0119dzie j\u0105 ch\u0119tnie przytula\u0107 i zabiera\u0107 ze sob\u0105 na wszystkie drzemki<\/p>\n<p>Do wyboru muszle w kilku r\u00f3\u017cnych kolorach: bia\u0142y, szary, ciemnor\u00f3\u017cowy, jasnor\u00f3\u017cowy, niebieski, granatowy, miodowy, \u017c\u00f3\u0142ty, zielony, ciemnozielony, turkusowy<\/p>\n<p><span class=\"Apple-converted-space\">\u00a0<\/span>Wymiary:<\/p>\n<ul>\n<li>48&#215;55 cm<\/li>\n<\/ul>\n<p>Kompozycja:<\/p>\n<ul>\n<li>100% aksamit (certyfikat , CE)<\/li>\n<li><span style=\"color: #555555;\">\u00a0Wype\u0142nienie poduszki &#8211; kulka silikonowa, antyalergiczna.<\/span><\/li>\n<\/ul>\n<p><b>Pranie:<\/b><\/p>\n<ul>\n<li>Mo\u017cna pra\u0107 w pralce w temperaturze 40 stopni,<\/li>\n<li>wirowanie \u2013 800 obrot\u00f3w,<\/li>\n<li>nie pra\u0107 chemicznie, nie wybiela\u0107,<\/li>\n<li>Po praniu wstrz\u0105sn\u0105\u0107 w celu u\u0142o\u017cenia wsypu,<\/li>\n<li>suszy\u0107 na p\u0142askiej powierzchni.<\/li>\n<\/ul>\n","protected":false},"excerpt":{"rendered":"<p>Du\u017ca i mi\u0119kka poduszka dekoracyjna z velvetu Shell 48&#215;55 cm. Pi\u0119knie prezentuje si\u0119 na sofie i fotelu.<\/p>\n","protected":false},"featured_media":892,"comment_status":"open","ping_status":"closed","template":"","meta":[],"product_brand":[],"product_cat":[17],"product_tag":[],"class_list":{"0":"post-891","1":"product","2":"type-product","3":"status-publish","4":"has-post-thumbnail","6":"product_cat-poduszki-i-pufy","7":"pa_color-blue","8":"pa_color-dark-blue","9":"pa_color-light-blue","11":"first","12":"instock","13":"sale","14":"product-type-variable"},"yoast_head":"<!-- This site is optimized with the Yoast SEO Premium plugin v21.9 (Yoast SEO v27.0) - https:\/\/yoast.com\/product\/yoast-seo-premium-wordpress\/ -->\n<title>Poduszka Muszelka, Velvet Shell Dark Blue - Cozy &amp; Dozy<\/title>\n<meta name=\"description\" content=\"Du\u017ca i mi\u0119kka poduszka dekoracyjna z velvetu Shell 48x55 cm. Pi\u0119knie prezentuje si\u0119 na sofie i fotelu.\" \/>\n<meta name=\"robots\" content=\"index, follow, max-snippet:-1, max-image-preview:large, max-video-preview:-1\" \/>\n<link rel=\"canonical\" href=\"https:\/\/cozyanddozy.com\/pl\/produkt\/poduszka-muszelka-velvet-shell-dark-blue\/\" \/>\n<meta property=\"og:locale\" content=\"pl_PL\" \/>\n<meta property=\"og:type\" content=\"article\" \/>\n<meta property=\"og:title\" content=\"Poduszka Muszelka, Velvet Shell Dark Blue\" \/>\n<meta property=\"og:description\" content=\"Du\u017ca i mi\u0119kka poduszka dekoracyjna z velvetu Shell 48x55 cm. Pi\u0119knie prezentuje si\u0119 na sofie i fotelu.\" \/>\n<meta property=\"og:url\" content=\"https:\/\/cozyanddozy.com\/pl\/produkt\/poduszka-muszelka-velvet-shell-dark-blue\/\" \/>\n<meta property=\"og:site_name\" content=\"Cozy &amp; Dozy\" \/>\n<meta property=\"article:modified_time\" content=\"2023-11-08T16:32:46+00:00\" \/>\n<meta property=\"og:image\" content=\"https:\/\/cozyanddozy.com\/pl\/wp-content\/uploads\/2023\/02\/blue-shell-pillow-velvet.jpg\" \/>\n\t<meta property=\"og:image:width\" content=\"1200\" \/>\n\t<meta property=\"og:image:height\" content=\"1200\" \/>\n\t<meta property=\"og:image:type\" content=\"image\/jpeg\" \/>\n<meta name=\"twitter:card\" content=\"summary_large_image\" \/>\n<meta name=\"twitter:label1\" content=\"Dost\u0119pno\u015b\u0107\" \/>\n\t<meta name=\"twitter:data1\" content=\"Dost\u0119pny\" \/>\n<script type=\"application\/ld+json\" class=\"yoast-schema-graph\">{\"@context\":\"https:\/\/schema.org\",\"@graph\":[{\"@type\":\"WebPage\",\"@id\":\"https:\/\/cozyanddozy.com\/pl\/produkt\/poduszka-muszelka-velvet-shell-dark-blue\/\",\"url\":\"https:\/\/cozyanddozy.com\/pl\/produkt\/poduszka-muszelka-velvet-shell-dark-blue\/\",\"name\":\"Poduszka Muszelka, Velvet Shell Dark Blue - Cozy & Dozy\",\"isPartOf\":{\"@id\":\"https:\/\/cozyanddozy.com\/pl\/#website\"},\"primaryImageOfPage\":{\"@id\":\"https:\/\/cozyanddozy.com\/pl\/produkt\/poduszka-muszelka-velvet-shell-dark-blue\/#primaryimage\"},\"image\":{\"@id\":\"https:\/\/cozyanddozy.com\/pl\/produkt\/poduszka-muszelka-velvet-shell-dark-blue\/#primaryimage\"},\"thumbnailUrl\":\"https:\/\/cozyanddozy.com\/pl\/wp-content\/uploads\/2023\/02\/blue-shell-pillow-velvet.jpg\",\"datePublished\":\"2022-03-29T11:27:05+00:00\",\"dateModified\":\"2023-11-08T16:32:46+00:00\",\"description\":\"Du\u017ca i mi\u0119kka poduszka dekoracyjna z velvetu Shell 48x55 cm. Pi\u0119knie prezentuje si\u0119 na sofie i fotelu.\",\"breadcrumb\":{\"@id\":\"https:\/\/cozyanddozy.com\/pl\/produkt\/poduszka-muszelka-velvet-shell-dark-blue\/#breadcrumb\"},\"inLanguage\":\"pl-PL\",\"potentialAction\":[{\"@type\":\"ReadAction\",\"target\":[\"https:\/\/cozyanddozy.com\/pl\/produkt\/poduszka-muszelka-velvet-shell-dark-blue\/\"]}]},{\"@type\":\"ImageObject\",\"inLanguage\":\"pl-PL\",\"@id\":\"https:\/\/cozyanddozy.com\/pl\/produkt\/poduszka-muszelka-velvet-shell-dark-blue\/#primaryimage\",\"url\":\"https:\/\/cozyanddozy.com\/pl\/wp-content\/uploads\/2023\/02\/blue-shell-pillow-velvet.jpg\",\"contentUrl\":\"https:\/\/cozyanddozy.com\/pl\/wp-content\/uploads\/2023\/02\/blue-shell-pillow-velvet.jpg\",\"width\":1200,\"height\":1200},{\"@type\":\"BreadcrumbList\",\"@id\":\"https:\/\/cozyanddozy.com\/pl\/produkt\/poduszka-muszelka-velvet-shell-dark-blue\/#breadcrumb\",\"itemListElement\":[{\"@type\":\"ListItem\",\"position\":1,\"name\":\"Home\",\"item\":\"https:\/\/cozyanddozy.com\/pl\/\"},{\"@type\":\"ListItem\",\"position\":2,\"name\":\"Sklep\",\"item\":\"https:\/\/cozyanddozy.com\/pl\/sklep\/\"},{\"@type\":\"ListItem\",\"position\":3,\"name\":\"Poduszka Muszelka, Velvet Shell Dark Blue\"}]},{\"@type\":\"WebSite\",\"@id\":\"https:\/\/cozyanddozy.com\/pl\/#website\",\"url\":\"https:\/\/cozyanddozy.com\/pl\/\",\"name\":\"Cozy & Dozy\",\"description\":\"\",\"potentialAction\":[{\"@type\":\"SearchAction\",\"target\":{\"@type\":\"EntryPoint\",\"urlTemplate\":\"https:\/\/cozyanddozy.com\/pl\/?s={search_term_string}\"},\"query-input\":{\"@type\":\"PropertyValueSpecification\",\"valueRequired\":true,\"valueName\":\"search_term_string\"}}],\"inLanguage\":\"pl-PL\"}]}<\/script>\n<meta property=\"og:availability\" content=\"instock\" \/>\n<meta property=\"product:availability\" content=\"instock\" \/>\n<meta property=\"product:retailer_item_id\" content=\"POD_VELV_SHELL_DB\" \/>\n<meta property=\"product:condition\" content=\"new\" \/>\n<!-- \/ Yoast SEO Premium plugin. -->","yoast_head_json":{"title":"Poduszka Muszelka, Velvet Shell Dark Blue - Cozy & Dozy","description":"Du\u017ca i mi\u0119kka poduszka dekoracyjna z velvetu Shell 48x55 cm. Pi\u0119knie prezentuje si\u0119 na sofie i fotelu.","robots":{"index":"index","follow":"follow","max-snippet":"max-snippet:-1","max-image-preview":"max-image-preview:large","max-video-preview":"max-video-preview:-1"},"canonical":"https:\/\/cozyanddozy.com\/pl\/produkt\/poduszka-muszelka-velvet-shell-dark-blue\/","og_locale":"pl_PL","og_type":"article","og_title":"Poduszka Muszelka, Velvet Shell Dark Blue","og_description":"Du\u017ca i mi\u0119kka poduszka dekoracyjna z velvetu Shell 48x55 cm. Pi\u0119knie prezentuje si\u0119 na sofie i fotelu.","og_url":"https:\/\/cozyanddozy.com\/pl\/produkt\/poduszka-muszelka-velvet-shell-dark-blue\/","og_site_name":"Cozy &amp; Dozy","article_modified_time":"2023-11-08T16:32:46+00:00","og_image":[{"width":1200,"height":1200,"url":"https:\/\/cozyanddozy.com\/pl\/wp-content\/uploads\/2023\/02\/blue-shell-pillow-velvet.jpg","type":"image\/jpeg"}],"twitter_card":"summary_large_image","twitter_misc":{"Dost\u0119pno\u015b\u0107":"Dost\u0119pny"},"schema":{"@context":"https:\/\/schema.org","@graph":[{"@type":"WebPage","@id":"https:\/\/cozyanddozy.com\/pl\/produkt\/poduszka-muszelka-velvet-shell-dark-blue\/","url":"https:\/\/cozyanddozy.com\/pl\/produkt\/poduszka-muszelka-velvet-shell-dark-blue\/","name":"Poduszka Muszelka, Velvet Shell Dark Blue - Cozy & Dozy","isPartOf":{"@id":"https:\/\/cozyanddozy.com\/pl\/#website"},"primaryImageOfPage":{"@id":"https:\/\/cozyanddozy.com\/pl\/produkt\/poduszka-muszelka-velvet-shell-dark-blue\/#primaryimage"},"image":{"@id":"https:\/\/cozyanddozy.com\/pl\/produkt\/poduszka-muszelka-velvet-shell-dark-blue\/#primaryimage"},"thumbnailUrl":"https:\/\/cozyanddozy.com\/pl\/wp-content\/uploads\/2023\/02\/blue-shell-pillow-velvet.jpg","datePublished":"2022-03-29T11:27:05+00:00","dateModified":"2023-11-08T16:32:46+00:00","description":"Du\u017ca i mi\u0119kka poduszka dekoracyjna z velvetu Shell 48x55 cm. Pi\u0119knie prezentuje si\u0119 na sofie i fotelu.","breadcrumb":{"@id":"https:\/\/cozyanddozy.com\/pl\/produkt\/poduszka-muszelka-velvet-shell-dark-blue\/#breadcrumb"},"inLanguage":"pl-PL","potentialAction":[{"@type":"ReadAction","target":["https:\/\/cozyanddozy.com\/pl\/produkt\/poduszka-muszelka-velvet-shell-dark-blue\/"]}]},{"@type":"ImageObject","inLanguage":"pl-PL","@id":"https:\/\/cozyanddozy.com\/pl\/produkt\/poduszka-muszelka-velvet-shell-dark-blue\/#primaryimage","url":"https:\/\/cozyanddozy.com\/pl\/wp-content\/uploads\/2023\/02\/blue-shell-pillow-velvet.jpg","contentUrl":"https:\/\/cozyanddozy.com\/pl\/wp-content\/uploads\/2023\/02\/blue-shell-pillow-velvet.jpg","width":1200,"height":1200},{"@type":"BreadcrumbList","@id":"https:\/\/cozyanddozy.com\/pl\/produkt\/poduszka-muszelka-velvet-shell-dark-blue\/#breadcrumb","itemListElement":[{"@type":"ListItem","position":1,"name":"Home","item":"https:\/\/cozyanddozy.com\/pl\/"},{"@type":"ListItem","position":2,"name":"Sklep","item":"https:\/\/cozyanddozy.com\/pl\/sklep\/"},{"@type":"ListItem","position":3,"name":"Poduszka Muszelka, Velvet Shell Dark Blue"}]},{"@type":"WebSite","@id":"https:\/\/cozyanddozy.com\/pl\/#website","url":"https:\/\/cozyanddozy.com\/pl\/","name":"Cozy & Dozy","description":"","potentialAction":[{"@type":"SearchAction","target":{"@type":"EntryPoint","urlTemplate":"https:\/\/cozyanddozy.com\/pl\/?s={search_term_string}"},"query-input":{"@type":"PropertyValueSpecification","valueRequired":true,"valueName":"search_term_string"}}],"inLanguage":"pl-PL"}]},"og_availability":"instock","product_availability":"instock","product_retailer_item_id":"POD_VELV_SHELL_DB","product_condition":"new"},"_links":{"self":[{"href":"https:\/\/cozyanddozy.com\/pl\/wp-json\/wp\/v2\/product\/891","targetHints":{"allow":["GET"]}}],"collection":[{"href":"https:\/\/cozyanddozy.com\/pl\/wp-json\/wp\/v2\/product"}],"about":[{"href":"https:\/\/cozyanddozy.com\/pl\/wp-json\/wp\/v2\/types\/product"}],"replies":[{"embeddable":true,"href":"https:\/\/cozyanddozy.com\/pl\/wp-json\/wp\/v2\/comments?post=891"}],"wp:featuredmedia":[{"embeddable":true,"href":"https:\/\/cozyanddozy.com\/pl\/wp-json\/wp\/v2\/media\/892"}],"wp:attachment":[{"href":"https:\/\/cozyanddozy.com\/pl\/wp-json\/wp\/v2\/media?parent=891"}],"wp:term":[{"taxonomy":"product_brand","embeddable":true,"href":"https:\/\/cozyanddozy.com\/pl\/wp-json\/wp\/v2\/product_brand?post=891"},{"taxonomy":"product_cat","embeddable":true,"href":"https:\/\/cozyanddozy.com\/pl\/wp-json\/wp\/v2\/product_cat?post=891"},{"taxonomy":"product_tag","embeddable":true,"href":"https:\/\/cozyanddozy.com\/pl\/wp-json\/wp\/v2\/product_tag?post=891"}],"curies":[{"name":"wp","href":"https:\/\/api.w.org\/{rel}","templated":true}]}}