{"id":862,"date":"2022-03-24T14:45:55","date_gmt":"2022-03-24T13:45:55","guid":{"rendered":"https:\/\/cozyanddozy.com\/pl\/product\/water-resistant-tipi-tent-outdoor-and-indoor-tipi-garden-navy\/"},"modified":"2025-01-29T18:29:35","modified_gmt":"2025-01-29T17:29:35","slug":"wodoodporny-namiot-tipi-garden-navy-z-miekka-mata","status":"publish","type":"product","link":"https:\/\/cozyanddozy.com\/pl\/produkt\/wodoodporny-namiot-tipi-garden-navy-z-miekka-mata\/","title":{"rendered":"Wodoodporny namiot tipi Garden Navy z mi\u0119kk\u0105 mat\u0105"},"content":{"rendered":"<p><b>Wodoodporny namiot do zabawy, o<\/b><b>grodowe tipi od Cozy &amp; Dozy<\/b><\/p>\n<p>Namiot \u00a0wykonany jest z wodoodpornej tkaniny PREMIUM, dzi\u0119ki czemu nie niszczy si\u0119 od wody i nadaje si\u0119 na zabaw\u0119 na podw\u00f3rku. Namiot \u0142atwo utrzyma\u0107 w czysto\u015bci. Dzieci\u0119cy namiot tipi do zabawy posiada cztery boki oraz wszyt\u0105 wodoodporn\u0105 pod\u0142og\u0119, mi\u0119kk\u0105 mat\u0119, ozdobne flagi, worek do przechowywania, sk\u0142adane sosnowe kije, stabilizator do namiotu, kiesze\u0144 na zabawki i dwa otwierane okienka z rolet\u0105.<\/p>\n<p>Wszystkie elementy z tkaniny mo\u017cna pra\u0107 w pralce. Namiot dla dzieci \u0142atwo si\u0119 sk\u0142ada i nie zajmuje wiele miejsca.<\/p>\n<p><b>Zaprojektowane i wykonane w Polsce<\/b><\/p>\n<p>Wszystkie modele projektowane s\u0105 przez nas i dajemy ci gwarancj\u0119, \u017ce dostajesz produkt unikalny i najlepszej jako\u015bci. India\u0144skie namioty tipi tworzone s\u0105 metod\u0105 hand made, z bezpiecznych dla dzieci tkanin pochodz\u0105cych z Europy i posiadaj\u0105cych certyfikaty jako\u015bci.<\/p>\n<p>Tipi dost\u0119pne w r\u00f3\u017cnych wariantach kolorystycznych.<\/p>\n<p><b>Przygotuj si\u0119 na zabaw\u0119<\/b><\/p>\n<p><b>Namiot jest przeznaczony dla 2-3 dzieci.<\/b> Tipi \u0142atwo si\u0119 sk\u0142ada i nie zajmuje wiele miejsca. Mo\u017cna je przechowywa\u0107 w bawe\u0142nianym pokrowcu z uchwytem.<\/p>\n<p><b>Tkaniny<\/b>, z kt\u00f3rych powstaj\u0105 nasze namioty tipi s\u0105 <b>certyfikowane i pochodz\u0105 z kraj\u00f3w europejskich<\/b>, dzi\u0119ki czemu s\u0105 bezpieczne dla dzieci.<\/p>\n<p><b>Wszystkie artyku\u0142y Cozy &amp; Dozy s\u0105 projektowane i szyte w Polsce.<\/b><\/p>\n<p><b>W sk\u0142ad zestawu Garden od Cozy &amp; Dozy wchodz\u0105:<\/b><\/p>\n<ul>\n<li><b>namiot tipi<\/b> (kolory do wyboru)<\/li>\n<li>mi\u0119kka mata<\/li>\n<li><b>ozdobne flagi<\/b><\/li>\n<li>worek na namiot<\/li>\n<li>4 sk\u0142adane kije z naturalnego drewna sosnowego + \u0142\u0105czniki<\/li>\n<li><b>stabilizator <\/b>(zapobiega przesuwaniu stela\u017cu)<\/li>\n<\/ul>\n<table cellspacing=\"0\" cellpadding=\"0\">\n<tbody>\n<tr>\n<td valign=\"top\"><b>WAGA<\/b><\/td>\n<td valign=\"top\">2 kg<\/td>\n<\/tr>\n<tr>\n<td valign=\"top\"><b>WYSOKO\u015a\u0106 (Z KIJKAMI) PO ROZ\u0141O\u017bENIU<\/b><\/td>\n<td valign=\"top\">150 cm<\/td>\n<\/tr>\n<tr>\n<td valign=\"top\"><b>WYSOKO\u015a\u0106 (Z KIJKAMI) PO Z\u0141O\u017bENIU<\/b><\/td>\n<td valign=\"top\">170 cm<\/td>\n<\/tr>\n<tr>\n<td valign=\"top\"><b>POWIERZCHNIA POD\u0141OGI<\/b><\/td>\n<td valign=\"top\">110 x 110 cm<\/td>\n<\/tr>\n<tr>\n<td valign=\"top\"><b>TKANINA<\/b><\/td>\n<td valign=\"top\">100% Poliester 180g\/m2,<\/td>\n<\/tr>\n<tr>\n<td valign=\"top\"><b>STELA\u017b<\/b><\/td>\n<td valign=\"top\">Kije z drewna sosnowego \/ metalowe \u0142\u0105czniki<\/td>\n<\/tr>\n<tr>\n<td valign=\"top\"><b>INSTRUKCJA PRANIA<\/b><\/td>\n<td valign=\"top\">Materia\u0142 mo\u017cna pra\u0107 w pralce w temperaturze 40 stopni, wirowanie \u2013 max 800 obrot\u00f3w \/ Nie pra\u0107 chemicznie \/ Nie wybiela\u0107<\/td>\n<\/tr>\n<tr>\n<td valign=\"top\"><b>SZACOWANY CZAS MONTA\u017bU<\/b><\/td>\n<td valign=\"top\">5 min<\/td>\n<\/tr>\n<tr>\n<td valign=\"top\"><b>KOLOR<\/b><\/td>\n<td valign=\"top\">Garden FOREST set, Garden HONEY set, Garden NAVY set, Garden SAND set, Garden STONE set<\/td>\n<\/tr>\n<\/tbody>\n<\/table>\n","protected":false},"excerpt":{"rendered":"<p>Wodoodporny namiot tipi do zabawy w zestawie z ozdobnymi flagami, mi\u0119kk\u0105 mat\u0105, workiem na tipi, stabilizatorem i kijami. Tipi do zabawy posiada dwa okienka i kiesze\u0144 na drobne zabawki.<\/p>\n","protected":false},"featured_media":479,"comment_status":"open","ping_status":"closed","template":"","meta":[],"product_brand":[],"product_cat":[16],"product_tag":[24],"class_list":{"0":"post-862","1":"product","2":"type-product","3":"status-publish","4":"has-post-thumbnail","6":"product_cat-namioty-tipi","7":"product_tag-pla","9":"first","10":"instock","11":"sale","12":"product-type-simple"},"yoast_head":"<!-- This site is optimized with the Yoast SEO Premium plugin v21.9 (Yoast SEO v27.0) - https:\/\/yoast.com\/product\/yoast-seo-premium-wordpress\/ -->\n<title>Wodoodporny namiot tipi Garden Navy z mi\u0119kk\u0105 mat\u0105 - Cozy &amp; Dozy<\/title>\n<meta name=\"description\" content=\"Wodoodporny namiot tipi do zabawy w zestawie z ozdobnymi flagami, mi\u0119kk\u0105 mat\u0105, workiem na tipi, stabilizatorem i kijami. Tipi do zabawy posiada dwa okienka i kiesze\u0144 na drobne zabawki.\" \/>\n<meta name=\"robots\" content=\"index, follow, max-snippet:-1, max-image-preview:large, max-video-preview:-1\" \/>\n<link rel=\"canonical\" href=\"https:\/\/cozyanddozy.com\/pl\/produkt\/wodoodporny-namiot-tipi-garden-navy-z-miekka-mata\/\" \/>\n<meta property=\"og:locale\" content=\"pl_PL\" \/>\n<meta property=\"og:type\" content=\"article\" \/>\n<meta property=\"og:title\" content=\"Wodoodporny namiot tipi Garden Navy z mi\u0119kk\u0105 mat\u0105\" \/>\n<meta property=\"og:description\" content=\"Wodoodporny namiot tipi do zabawy w zestawie z ozdobnymi flagami, mi\u0119kk\u0105 mat\u0105, workiem na tipi, stabilizatorem i kijami. Tipi do zabawy posiada dwa okienka i kiesze\u0144 na drobne zabawki.\" \/>\n<meta property=\"og:url\" content=\"https:\/\/cozyanddozy.com\/pl\/produkt\/wodoodporny-namiot-tipi-garden-navy-z-miekka-mata\/\" \/>\n<meta property=\"og:site_name\" content=\"Cozy &amp; Dozy\" \/>\n<meta property=\"article:modified_time\" content=\"2025-01-29T17:29:35+00:00\" \/>\n<meta property=\"og:image\" content=\"https:\/\/cozyanddozy.com\/pl\/wp-content\/uploads\/2023\/02\/pp-1666.jpg\" \/>\n\t<meta property=\"og:image:width\" content=\"1200\" \/>\n\t<meta property=\"og:image:height\" content=\"1200\" \/>\n\t<meta property=\"og:image:type\" content=\"image\/jpeg\" \/>\n<meta name=\"twitter:card\" content=\"summary_large_image\" \/>\n<meta name=\"twitter:label1\" content=\"Cena\" \/>\n\t<meta name=\"twitter:data1\" content=\"459,00&nbsp;&#122;&#322;\" \/>\n\t<meta name=\"twitter:label2\" content=\"Dost\u0119pno\u015b\u0107\" \/>\n\t<meta name=\"twitter:data2\" content=\"Dost\u0119pny\" \/>\n<script type=\"application\/ld+json\" class=\"yoast-schema-graph\">{\"@context\":\"https:\/\/schema.org\",\"@graph\":[{\"@type\":\"WebPage\",\"@id\":\"https:\/\/cozyanddozy.com\/pl\/produkt\/wodoodporny-namiot-tipi-garden-navy-z-miekka-mata\/\",\"url\":\"https:\/\/cozyanddozy.com\/pl\/produkt\/wodoodporny-namiot-tipi-garden-navy-z-miekka-mata\/\",\"name\":\"Wodoodporny namiot tipi Garden Navy z mi\u0119kk\u0105 mat\u0105 - Cozy & Dozy\",\"isPartOf\":{\"@id\":\"https:\/\/cozyanddozy.com\/pl\/#website\"},\"primaryImageOfPage\":{\"@id\":\"https:\/\/cozyanddozy.com\/pl\/produkt\/wodoodporny-namiot-tipi-garden-navy-z-miekka-mata\/#primaryimage\"},\"image\":{\"@id\":\"https:\/\/cozyanddozy.com\/pl\/produkt\/wodoodporny-namiot-tipi-garden-navy-z-miekka-mata\/#primaryimage\"},\"thumbnailUrl\":\"https:\/\/cozyanddozy.com\/pl\/wp-content\/uploads\/2023\/02\/pp-1666.jpg\",\"datePublished\":\"2022-03-24T13:45:55+00:00\",\"dateModified\":\"2025-01-29T17:29:35+00:00\",\"description\":\"Wodoodporny namiot tipi do zabawy w zestawie z ozdobnymi flagami, mi\u0119kk\u0105 mat\u0105, workiem na tipi, stabilizatorem i kijami. Tipi do zabawy posiada dwa okienka i kiesze\u0144 na drobne zabawki.\",\"breadcrumb\":{\"@id\":\"https:\/\/cozyanddozy.com\/pl\/produkt\/wodoodporny-namiot-tipi-garden-navy-z-miekka-mata\/#breadcrumb\"},\"inLanguage\":\"pl-PL\",\"potentialAction\":[{\"@type\":\"ReadAction\",\"target\":[\"https:\/\/cozyanddozy.com\/pl\/produkt\/wodoodporny-namiot-tipi-garden-navy-z-miekka-mata\/\"]}]},{\"@type\":\"ImageObject\",\"inLanguage\":\"pl-PL\",\"@id\":\"https:\/\/cozyanddozy.com\/pl\/produkt\/wodoodporny-namiot-tipi-garden-navy-z-miekka-mata\/#primaryimage\",\"url\":\"https:\/\/cozyanddozy.com\/pl\/wp-content\/uploads\/2023\/02\/pp-1666.jpg\",\"contentUrl\":\"https:\/\/cozyanddozy.com\/pl\/wp-content\/uploads\/2023\/02\/pp-1666.jpg\",\"width\":1200,\"height\":1200},{\"@type\":\"BreadcrumbList\",\"@id\":\"https:\/\/cozyanddozy.com\/pl\/produkt\/wodoodporny-namiot-tipi-garden-navy-z-miekka-mata\/#breadcrumb\",\"itemListElement\":[{\"@type\":\"ListItem\",\"position\":1,\"name\":\"Home\",\"item\":\"https:\/\/cozyanddozy.com\/pl\/\"},{\"@type\":\"ListItem\",\"position\":2,\"name\":\"Sklep\",\"item\":\"https:\/\/cozyanddozy.com\/pl\/sklep\/\"},{\"@type\":\"ListItem\",\"position\":3,\"name\":\"Wodoodporny namiot tipi Garden Navy z mi\u0119kk\u0105 mat\u0105\"}]},{\"@type\":\"WebSite\",\"@id\":\"https:\/\/cozyanddozy.com\/pl\/#website\",\"url\":\"https:\/\/cozyanddozy.com\/pl\/\",\"name\":\"Cozy & Dozy\",\"description\":\"\",\"potentialAction\":[{\"@type\":\"SearchAction\",\"target\":{\"@type\":\"EntryPoint\",\"urlTemplate\":\"https:\/\/cozyanddozy.com\/pl\/?s={search_term_string}\"},\"query-input\":{\"@type\":\"PropertyValueSpecification\",\"valueRequired\":true,\"valueName\":\"search_term_string\"}}],\"inLanguage\":\"pl-PL\"}]}<\/script>\n<meta property=\"product:price:amount\" content=\"459.00\" \/>\n<meta property=\"product:price:currency\" content=\"PLN\" \/>\n<meta property=\"og:availability\" content=\"instock\" \/>\n<meta property=\"product:availability\" content=\"instock\" \/>\n<meta property=\"product:retailer_item_id\" content=\"5902701495367\" \/>\n<meta property=\"product:condition\" content=\"new\" \/>\n<!-- \/ Yoast SEO Premium plugin. -->","yoast_head_json":{"title":"Wodoodporny namiot tipi Garden Navy z mi\u0119kk\u0105 mat\u0105 - Cozy & Dozy","description":"Wodoodporny namiot tipi do zabawy w zestawie z ozdobnymi flagami, mi\u0119kk\u0105 mat\u0105, workiem na tipi, stabilizatorem i kijami. Tipi do zabawy posiada dwa okienka i kiesze\u0144 na drobne zabawki.","robots":{"index":"index","follow":"follow","max-snippet":"max-snippet:-1","max-image-preview":"max-image-preview:large","max-video-preview":"max-video-preview:-1"},"canonical":"https:\/\/cozyanddozy.com\/pl\/produkt\/wodoodporny-namiot-tipi-garden-navy-z-miekka-mata\/","og_locale":"pl_PL","og_type":"article","og_title":"Wodoodporny namiot tipi Garden Navy z mi\u0119kk\u0105 mat\u0105","og_description":"Wodoodporny namiot tipi do zabawy w zestawie z ozdobnymi flagami, mi\u0119kk\u0105 mat\u0105, workiem na tipi, stabilizatorem i kijami. Tipi do zabawy posiada dwa okienka i kiesze\u0144 na drobne zabawki.","og_url":"https:\/\/cozyanddozy.com\/pl\/produkt\/wodoodporny-namiot-tipi-garden-navy-z-miekka-mata\/","og_site_name":"Cozy &amp; Dozy","article_modified_time":"2025-01-29T17:29:35+00:00","og_image":[{"width":1200,"height":1200,"url":"https:\/\/cozyanddozy.com\/pl\/wp-content\/uploads\/2023\/02\/pp-1666.jpg","type":"image\/jpeg"}],"twitter_card":"summary_large_image","twitter_misc":{"Cena":"459,00&nbsp;&#122;&#322;","Dost\u0119pno\u015b\u0107":"Dost\u0119pny"},"schema":{"@context":"https:\/\/schema.org","@graph":[{"@type":"WebPage","@id":"https:\/\/cozyanddozy.com\/pl\/produkt\/wodoodporny-namiot-tipi-garden-navy-z-miekka-mata\/","url":"https:\/\/cozyanddozy.com\/pl\/produkt\/wodoodporny-namiot-tipi-garden-navy-z-miekka-mata\/","name":"Wodoodporny namiot tipi Garden Navy z mi\u0119kk\u0105 mat\u0105 - Cozy & Dozy","isPartOf":{"@id":"https:\/\/cozyanddozy.com\/pl\/#website"},"primaryImageOfPage":{"@id":"https:\/\/cozyanddozy.com\/pl\/produkt\/wodoodporny-namiot-tipi-garden-navy-z-miekka-mata\/#primaryimage"},"image":{"@id":"https:\/\/cozyanddozy.com\/pl\/produkt\/wodoodporny-namiot-tipi-garden-navy-z-miekka-mata\/#primaryimage"},"thumbnailUrl":"https:\/\/cozyanddozy.com\/pl\/wp-content\/uploads\/2023\/02\/pp-1666.jpg","datePublished":"2022-03-24T13:45:55+00:00","dateModified":"2025-01-29T17:29:35+00:00","description":"Wodoodporny namiot tipi do zabawy w zestawie z ozdobnymi flagami, mi\u0119kk\u0105 mat\u0105, workiem na tipi, stabilizatorem i kijami. Tipi do zabawy posiada dwa okienka i kiesze\u0144 na drobne zabawki.","breadcrumb":{"@id":"https:\/\/cozyanddozy.com\/pl\/produkt\/wodoodporny-namiot-tipi-garden-navy-z-miekka-mata\/#breadcrumb"},"inLanguage":"pl-PL","potentialAction":[{"@type":"ReadAction","target":["https:\/\/cozyanddozy.com\/pl\/produkt\/wodoodporny-namiot-tipi-garden-navy-z-miekka-mata\/"]}]},{"@type":"ImageObject","inLanguage":"pl-PL","@id":"https:\/\/cozyanddozy.com\/pl\/produkt\/wodoodporny-namiot-tipi-garden-navy-z-miekka-mata\/#primaryimage","url":"https:\/\/cozyanddozy.com\/pl\/wp-content\/uploads\/2023\/02\/pp-1666.jpg","contentUrl":"https:\/\/cozyanddozy.com\/pl\/wp-content\/uploads\/2023\/02\/pp-1666.jpg","width":1200,"height":1200},{"@type":"BreadcrumbList","@id":"https:\/\/cozyanddozy.com\/pl\/produkt\/wodoodporny-namiot-tipi-garden-navy-z-miekka-mata\/#breadcrumb","itemListElement":[{"@type":"ListItem","position":1,"name":"Home","item":"https:\/\/cozyanddozy.com\/pl\/"},{"@type":"ListItem","position":2,"name":"Sklep","item":"https:\/\/cozyanddozy.com\/pl\/sklep\/"},{"@type":"ListItem","position":3,"name":"Wodoodporny namiot tipi Garden Navy z mi\u0119kk\u0105 mat\u0105"}]},{"@type":"WebSite","@id":"https:\/\/cozyanddozy.com\/pl\/#website","url":"https:\/\/cozyanddozy.com\/pl\/","name":"Cozy & Dozy","description":"","potentialAction":[{"@type":"SearchAction","target":{"@type":"EntryPoint","urlTemplate":"https:\/\/cozyanddozy.com\/pl\/?s={search_term_string}"},"query-input":{"@type":"PropertyValueSpecification","valueRequired":true,"valueName":"search_term_string"}}],"inLanguage":"pl-PL"}]},"product_price_amount":"459.00","product_price_currency":"PLN","og_availability":"instock","product_availability":"instock","product_retailer_item_id":"5902701495367","product_condition":"new"},"_links":{"self":[{"href":"https:\/\/cozyanddozy.com\/pl\/wp-json\/wp\/v2\/product\/862","targetHints":{"allow":["GET"]}}],"collection":[{"href":"https:\/\/cozyanddozy.com\/pl\/wp-json\/wp\/v2\/product"}],"about":[{"href":"https:\/\/cozyanddozy.com\/pl\/wp-json\/wp\/v2\/types\/product"}],"replies":[{"embeddable":true,"href":"https:\/\/cozyanddozy.com\/pl\/wp-json\/wp\/v2\/comments?post=862"}],"wp:featuredmedia":[{"embeddable":true,"href":"https:\/\/cozyanddozy.com\/pl\/wp-json\/wp\/v2\/media\/479"}],"wp:attachment":[{"href":"https:\/\/cozyanddozy.com\/pl\/wp-json\/wp\/v2\/media?parent=862"}],"wp:term":[{"taxonomy":"product_brand","embeddable":true,"href":"https:\/\/cozyanddozy.com\/pl\/wp-json\/wp\/v2\/product_brand?post=862"},{"taxonomy":"product_cat","embeddable":true,"href":"https:\/\/cozyanddozy.com\/pl\/wp-json\/wp\/v2\/product_cat?post=862"},{"taxonomy":"product_tag","embeddable":true,"href":"https:\/\/cozyanddozy.com\/pl\/wp-json\/wp\/v2\/product_tag?post=862"}],"curies":[{"name":"wp","href":"https:\/\/api.w.org\/{rel}","templated":true}]}}