{"id":852,"date":"2022-03-18T11:26:52","date_gmt":"2022-03-18T11:26:52","guid":{"rendered":"https:\/\/cozyanddozy.com\/pl\/product\/pillowcase-50x50-cm-frill-velvet-colors\/"},"modified":"2023-11-08T17:32:40","modified_gmt":"2023-11-08T16:32:40","slug":"poszewka-na-poduszke-50x50-cm-frill-velvet-rozne-kolory","status":"publish","type":"product","link":"https:\/\/cozyanddozy.com\/pl\/produkt\/poszewka-na-poduszke-50x50-cm-frill-velvet-rozne-kolory\/","title":{"rendered":"Poszewka na poduszk\u0119 50&#215;50 cm &#8211; Frill Velvet r\u00f3\u017cne kolory"},"content":{"rendered":"<p><b>Poszewki na poduszki Velvet Frill od Cozy &amp; Dozy zaintryguj\u0105 nie tylko dzieci<\/b><\/p>\n<p><b>\u00a0<\/b>Poduszek w domu nigdy nie jest za wiele \u2013 do tego has\u0142a chyba nikogo nie trzeba przekonywa\u0107, prawda? Pi\u0119kne i przyjemne w dotyku poduszki <b>tworz\u0105 przytulny i ciep\u0142y klimat <\/b>w ka\u017cdym, nawet najbardziej surowym, wn\u0119trzu. Jednak dla nas najwa\u017cniejszy jest fakt, \u017ce \u017cadne dziecko nie pogardzi drzemk\u0105 na mi\u0119kkiej i wygodnej poduszce. Co wi\u0119cej, dla naszych dzieci, kt\u00f3re od najm\u0142odszych lat maj\u0105 mn\u00f3stwo rozmaitych przyg\u00f3d, dobra drzemka jest na wag\u0119 z\u0142ota.<\/p>\n<p>Nasze poduszki <b>zdobywaj\u0105 uznanie<\/b> nawet najwi\u0119kszych krytyk\u00f3w, gdy\u017c wykonane zosta\u0142y z najwi\u0119ksz\u0105 staranno\u015bci\u0105 i dba\u0142o\u015bci\u0105 o ka\u017cdy detal. Ponadto uszyte zosta\u0142y z <b>materia\u0142u najwy\u017cszej jako\u015bci <\/b>\u2013 100% velvet \u2013 kt\u00f3ry zapewnia pi\u0119kny i efektowny wygl\u0105d poduszki przez bardzo d\u0142ugi czas. Materia\u0142 ten posiada tak\u017ce <b>certyfikat , CE,<\/b> a to oznacza, \u017ce jest bezpieczny w u\u017cytkowaniu i nie zawiera \u017cadnych szkodliwych substancji. Mo\u017cesz zatem bez obaw podarowa\u0107 nasze poduszki dzieciom z nawet najbardziej wra\u017cliw\u0105 sk\u00f3r\u0105.<\/p>\n<p>Poduszki Cozy &amp; Dozy s\u0105 produktami wyj\u0105tkowymi i niepowtarzalnymi. Zosta\u0142y przez nas zaprojektowane, dopracowane w najmniejszych szczeg\u00f3\u0142ach i uszyte przez nasze do\u015bwiadczone krawcowe. Dzi\u0119ki temu masz pewno\u015b\u0107, \u017ce otrzymujesz <b>produkt najwy\u017cszej jako\u015bci<\/b>, naprawd\u0119 starannie wykonany. Jest to dla nas bardzo wa\u017cne z jednego konkretnego powodu. Z naszych do\u015bwiadcze\u0144 wynika, \u017ce dzieci najlepiej ucz\u0105 si\u0119 poprzez dobry przyk\u0142ad, jaki daj\u0105 mu jego rodzice. Gdy Twoja pociecha otrzyma <b>pi\u0119kny, jako\u015bciowy produkt<\/b>, ju\u017c od najm\u0142odszych lat b\u0119dzie mog\u0142a uczy\u0107 si\u0119 po\u0142\u0105cze\u0144 kolorystycznych i poczucia estetyki. B\u0119dzie te\u017c wiedzia\u0142a, \u017ce warto inwestowa\u0107 w dobrej jako\u015bci produkty, gdy\u017c pozostaj\u0105 one z nami na d\u0142u\u017cej.<\/p>\n<p><b>W zestawie:<\/b><\/p>\n<ul>\n<li><b>poszewka na poduszk\u0119 w wybranym kolorze <\/b><\/li>\n<\/ul>\n<p>&nbsp;<\/p>\n<p><b>* mo\u017cliwo\u015b\u0107 dokupienia wk\u0142adu do poduszki\u00a0<\/b><\/p>\n<p><b>Dane techniczne:<\/b><\/p>\n<p><b>Wymiar:<\/b><\/p>\n<ul>\n<li>50\u00d750 cm<\/li>\n<\/ul>\n<p><b>Sk\u0142ad:<\/b><\/p>\n<ul>\n<li>100% velvet (certyfikat , CE)<\/li>\n<\/ul>\n<p><b>Pranie:<\/b><\/p>\n<ul>\n<li>Mo\u017cna pra\u0107 w pralce w temperaturze 40 stopni,<\/li>\n<li>wirowanie \u2013 800 obrot\u00f3w,<\/li>\n<li>nie pra\u0107 chemicznie, nie wybiela\u0107,<\/li>\n<\/ul>\n","protected":false},"excerpt":{"rendered":"<p>Du\u017ca poszewka 50&#215;50 cm z ozdobn\u0105 falbank\u0105. Poszewka z velvetu na zamek.<\/p>\n","protected":false},"featured_media":1205,"comment_status":"open","ping_status":"closed","template":"","meta":[],"product_brand":[],"product_cat":[17],"product_tag":[],"class_list":{"0":"post-852","1":"product","2":"type-product","3":"status-publish","4":"has-post-thumbnail","6":"product_cat-poduszki-i-pufy","7":"pa_color-dark-pink","8":"pa_color-ecru","9":"pa_color-grey","10":"pa_color-light-blue","11":"pa_color-light-pink","13":"first","14":"instock","15":"sale","16":"product-type-variable"},"yoast_head":"<!-- This site is optimized with the Yoast SEO Premium plugin v21.9 (Yoast SEO v27.0) - https:\/\/yoast.com\/product\/yoast-seo-premium-wordpress\/ -->\n<title>Poszewka na poduszk\u0119 50x50 cm - Frill Velvet r\u00f3\u017cne kolory - Cozy &amp; Dozy<\/title>\n<meta name=\"description\" content=\"Du\u017ca poszewka 50x50 cm z ozdobn\u0105 falbank\u0105. Poszewka z velvetu na zamek.\" \/>\n<meta name=\"robots\" content=\"index, follow, max-snippet:-1, max-image-preview:large, max-video-preview:-1\" \/>\n<link rel=\"canonical\" href=\"https:\/\/cozyanddozy.com\/pl\/produkt\/poszewka-na-poduszke-50x50-cm-frill-velvet-rozne-kolory\/\" \/>\n<meta property=\"og:locale\" content=\"pl_PL\" \/>\n<meta property=\"og:type\" content=\"article\" \/>\n<meta property=\"og:title\" content=\"Poszewka na poduszk\u0119 50x50 cm - Frill Velvet r\u00f3\u017cne kolory\" \/>\n<meta property=\"og:description\" content=\"Du\u017ca poszewka 50x50 cm z ozdobn\u0105 falbank\u0105. Poszewka z velvetu na zamek.\" \/>\n<meta property=\"og:url\" content=\"https:\/\/cozyanddozy.com\/pl\/produkt\/poszewka-na-poduszke-50x50-cm-frill-velvet-rozne-kolory\/\" \/>\n<meta property=\"og:site_name\" content=\"Cozy &amp; Dozy\" \/>\n<meta property=\"article:modified_time\" content=\"2023-11-08T16:32:40+00:00\" \/>\n<meta property=\"og:image\" content=\"https:\/\/cozyanddozy.com\/pl\/wp-content\/uploads\/2022\/03\/frill-pink-pillow.jpg\" \/>\n\t<meta property=\"og:image:width\" content=\"1200\" \/>\n\t<meta property=\"og:image:height\" content=\"1200\" \/>\n\t<meta property=\"og:image:type\" content=\"image\/jpeg\" \/>\n<meta name=\"twitter:card\" content=\"summary_large_image\" \/>\n<meta name=\"twitter:label1\" content=\"Dost\u0119pno\u015b\u0107\" \/>\n\t<meta name=\"twitter:data1\" content=\"Dost\u0119pny\" \/>\n<script type=\"application\/ld+json\" class=\"yoast-schema-graph\">{\"@context\":\"https:\/\/schema.org\",\"@graph\":[{\"@type\":\"WebPage\",\"@id\":\"https:\/\/cozyanddozy.com\/pl\/produkt\/poszewka-na-poduszke-50x50-cm-frill-velvet-rozne-kolory\/\",\"url\":\"https:\/\/cozyanddozy.com\/pl\/produkt\/poszewka-na-poduszke-50x50-cm-frill-velvet-rozne-kolory\/\",\"name\":\"Poszewka na poduszk\u0119 50x50 cm - Frill Velvet r\u00f3\u017cne kolory - Cozy & Dozy\",\"isPartOf\":{\"@id\":\"https:\/\/cozyanddozy.com\/pl\/#website\"},\"primaryImageOfPage\":{\"@id\":\"https:\/\/cozyanddozy.com\/pl\/produkt\/poszewka-na-poduszke-50x50-cm-frill-velvet-rozne-kolory\/#primaryimage\"},\"image\":{\"@id\":\"https:\/\/cozyanddozy.com\/pl\/produkt\/poszewka-na-poduszke-50x50-cm-frill-velvet-rozne-kolory\/#primaryimage\"},\"thumbnailUrl\":\"https:\/\/cozyanddozy.com\/pl\/wp-content\/uploads\/2022\/03\/frill-pink-pillow.jpg\",\"datePublished\":\"2022-03-18T11:26:52+00:00\",\"dateModified\":\"2023-11-08T16:32:40+00:00\",\"description\":\"Du\u017ca poszewka 50x50 cm z ozdobn\u0105 falbank\u0105. Poszewka z velvetu na zamek.\",\"breadcrumb\":{\"@id\":\"https:\/\/cozyanddozy.com\/pl\/produkt\/poszewka-na-poduszke-50x50-cm-frill-velvet-rozne-kolory\/#breadcrumb\"},\"inLanguage\":\"pl-PL\",\"potentialAction\":[{\"@type\":\"ReadAction\",\"target\":[\"https:\/\/cozyanddozy.com\/pl\/produkt\/poszewka-na-poduszke-50x50-cm-frill-velvet-rozne-kolory\/\"]}]},{\"@type\":\"ImageObject\",\"inLanguage\":\"pl-PL\",\"@id\":\"https:\/\/cozyanddozy.com\/pl\/produkt\/poszewka-na-poduszke-50x50-cm-frill-velvet-rozne-kolory\/#primaryimage\",\"url\":\"https:\/\/cozyanddozy.com\/pl\/wp-content\/uploads\/2022\/03\/frill-pink-pillow.jpg\",\"contentUrl\":\"https:\/\/cozyanddozy.com\/pl\/wp-content\/uploads\/2022\/03\/frill-pink-pillow.jpg\",\"width\":1200,\"height\":1200},{\"@type\":\"BreadcrumbList\",\"@id\":\"https:\/\/cozyanddozy.com\/pl\/produkt\/poszewka-na-poduszke-50x50-cm-frill-velvet-rozne-kolory\/#breadcrumb\",\"itemListElement\":[{\"@type\":\"ListItem\",\"position\":1,\"name\":\"Home\",\"item\":\"https:\/\/cozyanddozy.com\/pl\/\"},{\"@type\":\"ListItem\",\"position\":2,\"name\":\"Sklep\",\"item\":\"https:\/\/cozyanddozy.com\/pl\/sklep\/\"},{\"@type\":\"ListItem\",\"position\":3,\"name\":\"Poszewka na poduszk\u0119 50&#215;50 cm &#8211; Frill Velvet r\u00f3\u017cne kolory\"}]},{\"@type\":\"WebSite\",\"@id\":\"https:\/\/cozyanddozy.com\/pl\/#website\",\"url\":\"https:\/\/cozyanddozy.com\/pl\/\",\"name\":\"Cozy & Dozy\",\"description\":\"\",\"potentialAction\":[{\"@type\":\"SearchAction\",\"target\":{\"@type\":\"EntryPoint\",\"urlTemplate\":\"https:\/\/cozyanddozy.com\/pl\/?s={search_term_string}\"},\"query-input\":{\"@type\":\"PropertyValueSpecification\",\"valueRequired\":true,\"valueName\":\"search_term_string\"}}],\"inLanguage\":\"pl-PL\"}]}<\/script>\n<meta property=\"og:availability\" content=\"instock\" \/>\n<meta property=\"product:availability\" content=\"instock\" \/>\n<meta property=\"product:retailer_item_id\" content=\"5902701496203\" \/>\n<meta property=\"product:condition\" content=\"new\" \/>\n<!-- \/ Yoast SEO Premium plugin. -->","yoast_head_json":{"title":"Poszewka na poduszk\u0119 50x50 cm - Frill Velvet r\u00f3\u017cne kolory - Cozy & Dozy","description":"Du\u017ca poszewka 50x50 cm z ozdobn\u0105 falbank\u0105. Poszewka z velvetu na zamek.","robots":{"index":"index","follow":"follow","max-snippet":"max-snippet:-1","max-image-preview":"max-image-preview:large","max-video-preview":"max-video-preview:-1"},"canonical":"https:\/\/cozyanddozy.com\/pl\/produkt\/poszewka-na-poduszke-50x50-cm-frill-velvet-rozne-kolory\/","og_locale":"pl_PL","og_type":"article","og_title":"Poszewka na poduszk\u0119 50x50 cm - Frill Velvet r\u00f3\u017cne kolory","og_description":"Du\u017ca poszewka 50x50 cm z ozdobn\u0105 falbank\u0105. Poszewka z velvetu na zamek.","og_url":"https:\/\/cozyanddozy.com\/pl\/produkt\/poszewka-na-poduszke-50x50-cm-frill-velvet-rozne-kolory\/","og_site_name":"Cozy &amp; Dozy","article_modified_time":"2023-11-08T16:32:40+00:00","og_image":[{"width":1200,"height":1200,"url":"https:\/\/cozyanddozy.com\/pl\/wp-content\/uploads\/2022\/03\/frill-pink-pillow.jpg","type":"image\/jpeg"}],"twitter_card":"summary_large_image","twitter_misc":{"Dost\u0119pno\u015b\u0107":"Dost\u0119pny"},"schema":{"@context":"https:\/\/schema.org","@graph":[{"@type":"WebPage","@id":"https:\/\/cozyanddozy.com\/pl\/produkt\/poszewka-na-poduszke-50x50-cm-frill-velvet-rozne-kolory\/","url":"https:\/\/cozyanddozy.com\/pl\/produkt\/poszewka-na-poduszke-50x50-cm-frill-velvet-rozne-kolory\/","name":"Poszewka na poduszk\u0119 50x50 cm - Frill Velvet r\u00f3\u017cne kolory - Cozy & Dozy","isPartOf":{"@id":"https:\/\/cozyanddozy.com\/pl\/#website"},"primaryImageOfPage":{"@id":"https:\/\/cozyanddozy.com\/pl\/produkt\/poszewka-na-poduszke-50x50-cm-frill-velvet-rozne-kolory\/#primaryimage"},"image":{"@id":"https:\/\/cozyanddozy.com\/pl\/produkt\/poszewka-na-poduszke-50x50-cm-frill-velvet-rozne-kolory\/#primaryimage"},"thumbnailUrl":"https:\/\/cozyanddozy.com\/pl\/wp-content\/uploads\/2022\/03\/frill-pink-pillow.jpg","datePublished":"2022-03-18T11:26:52+00:00","dateModified":"2023-11-08T16:32:40+00:00","description":"Du\u017ca poszewka 50x50 cm z ozdobn\u0105 falbank\u0105. Poszewka z velvetu na zamek.","breadcrumb":{"@id":"https:\/\/cozyanddozy.com\/pl\/produkt\/poszewka-na-poduszke-50x50-cm-frill-velvet-rozne-kolory\/#breadcrumb"},"inLanguage":"pl-PL","potentialAction":[{"@type":"ReadAction","target":["https:\/\/cozyanddozy.com\/pl\/produkt\/poszewka-na-poduszke-50x50-cm-frill-velvet-rozne-kolory\/"]}]},{"@type":"ImageObject","inLanguage":"pl-PL","@id":"https:\/\/cozyanddozy.com\/pl\/produkt\/poszewka-na-poduszke-50x50-cm-frill-velvet-rozne-kolory\/#primaryimage","url":"https:\/\/cozyanddozy.com\/pl\/wp-content\/uploads\/2022\/03\/frill-pink-pillow.jpg","contentUrl":"https:\/\/cozyanddozy.com\/pl\/wp-content\/uploads\/2022\/03\/frill-pink-pillow.jpg","width":1200,"height":1200},{"@type":"BreadcrumbList","@id":"https:\/\/cozyanddozy.com\/pl\/produkt\/poszewka-na-poduszke-50x50-cm-frill-velvet-rozne-kolory\/#breadcrumb","itemListElement":[{"@type":"ListItem","position":1,"name":"Home","item":"https:\/\/cozyanddozy.com\/pl\/"},{"@type":"ListItem","position":2,"name":"Sklep","item":"https:\/\/cozyanddozy.com\/pl\/sklep\/"},{"@type":"ListItem","position":3,"name":"Poszewka na poduszk\u0119 50&#215;50 cm &#8211; Frill Velvet r\u00f3\u017cne kolory"}]},{"@type":"WebSite","@id":"https:\/\/cozyanddozy.com\/pl\/#website","url":"https:\/\/cozyanddozy.com\/pl\/","name":"Cozy & Dozy","description":"","potentialAction":[{"@type":"SearchAction","target":{"@type":"EntryPoint","urlTemplate":"https:\/\/cozyanddozy.com\/pl\/?s={search_term_string}"},"query-input":{"@type":"PropertyValueSpecification","valueRequired":true,"valueName":"search_term_string"}}],"inLanguage":"pl-PL"}]},"og_availability":"instock","product_availability":"instock","product_retailer_item_id":"5902701496203","product_condition":"new"},"_links":{"self":[{"href":"https:\/\/cozyanddozy.com\/pl\/wp-json\/wp\/v2\/product\/852","targetHints":{"allow":["GET"]}}],"collection":[{"href":"https:\/\/cozyanddozy.com\/pl\/wp-json\/wp\/v2\/product"}],"about":[{"href":"https:\/\/cozyanddozy.com\/pl\/wp-json\/wp\/v2\/types\/product"}],"replies":[{"embeddable":true,"href":"https:\/\/cozyanddozy.com\/pl\/wp-json\/wp\/v2\/comments?post=852"}],"wp:featuredmedia":[{"embeddable":true,"href":"https:\/\/cozyanddozy.com\/pl\/wp-json\/wp\/v2\/media\/1205"}],"wp:attachment":[{"href":"https:\/\/cozyanddozy.com\/pl\/wp-json\/wp\/v2\/media?parent=852"}],"wp:term":[{"taxonomy":"product_brand","embeddable":true,"href":"https:\/\/cozyanddozy.com\/pl\/wp-json\/wp\/v2\/product_brand?post=852"},{"taxonomy":"product_cat","embeddable":true,"href":"https:\/\/cozyanddozy.com\/pl\/wp-json\/wp\/v2\/product_cat?post=852"},{"taxonomy":"product_tag","embeddable":true,"href":"https:\/\/cozyanddozy.com\/pl\/wp-json\/wp\/v2\/product_tag?post=852"}],"curies":[{"name":"wp","href":"https:\/\/api.w.org\/{rel}","templated":true}]}}