{"id":837,"date":"2022-11-02T14:08:24","date_gmt":"2022-11-02T13:08:24","guid":{"rendered":"https:\/\/cozyanddozy.com\/pl\/product\/tipi-tent-pink-mermaid-velvet-tipi-with-mat-and-pillow\/"},"modified":"2025-01-29T18:17:02","modified_gmt":"2025-01-29T17:17:02","slug":"namiot-tipi-pink-mermaid-z-mata-i-poduszka","status":"publish","type":"product","link":"https:\/\/cozyanddozy.com\/pl\/produkt\/namiot-tipi-pink-mermaid-z-mata-i-poduszka\/","title":{"rendered":"Namiot tipi Pink Mermaid z mat\u0105 i poduszk\u0105"},"content":{"rendered":"<p><b>Namiot do zabawy z serii Pink Mermaid, to r\u00f3\u017cowe tipi wykonane z mocnego p\u0142\u00f3tna i ozdobione mi\u0119kkim velvetem i srebrn\u0105 ta\u015bm\u0105.<\/b><\/p>\n<p>Namiot to \u015bwietne miejsce do zabawy w domu, na tarasie lub w ogrodzie.<\/p>\n<p><b>Tipi do zabawy posiada okienko z odwijan\u0105 roletk\u0105 i dwie kieszonki na zabawki.<\/b><\/p>\n<p><b>R\u00f3\u017cowy namiot dla dziecka<\/b> mo\u017cna zestawi\u0107 z mat\u0105 w kszta\u0142cie muszelki lub rozgwiazdy, poduszkami i girland\u0105.<\/p>\n<p>Pink Mermaid to kolekcja inspirowana podwodnym \u015bwiatem \u2013 b\u0142\u0119kitem morza, rozgwiazdami na pla\u017cy, kolorowymi muszelkami i przyjaznymi konikami morskimi.<\/p>\n<p>Wigwam zosta\u0142 zaprojektowany tak, aby na d\u0142ugo cieszy\u0107 oko i zapewni\u0107 bezpieczn\u0105 zabaw\u0119.<\/p>\n<p><b>Tipi posiada 4 boki \u00a0\u2013 powierzchnia do zabawy ok. 1m2, wysoko\u015b\u0107 po roz\u0142o\u017ceniu ok. 150 cm.<\/b><\/p>\n<p><b>Do ka\u017cdego namiotu dostajesz w zestawie sk\u0142adane sosnowe kije oraz stabilizator, kt\u00f3ry trzyma sztywno kije by zapewni\u0107 stabilno\u015b\u0107 namiotu.<\/b><\/p>\n<p>Wszystkie produkty COZY&amp;DOZY zosta\u0142y zaprojektowane i wykonane w Polsce oraz posiadaj\u0105 deklaracje CE dla produkt\u00f3w dzieci\u0119cych.<\/p>\n<p>W sk\u0142ad zestawu wchodzi:<\/p>\n<ul>\n<li>namiot tipi<\/li>\n<li>mata muszla jasny r\u00f3\u017c<\/li>\n<li>poduszka jasny r\u00f3\u017c<\/li>\n<li>4 sk\u0142adane kije sosnowe (8 po\u0142\u00f3wek) + elementy do \u0142\u0105czenia kij\u00f3w (8 wkr\u0119t\u00f3w i 4 \u015bruby)<\/li>\n<li>instrukcja<\/li>\n<li>stabilizator + sznurek<\/li>\n<\/ul>\n<p>Materia\u0142y:<\/p>\n<ul>\n<li>bawe\u0142na o wysokiej gramaturze z certyfikatem<\/li>\n<li>velvet z certyfikatem<\/li>\n<\/ul>\n<p>Spos\u00f3b piel\u0119gnacji:<\/p>\n<ul>\n<li>Mo\u017cna pra\u0107 w pralce\u00a0w temperaturze 40 stopni,<\/li>\n<li>Wirowanie \u2013 800 obrot\u00f3w<\/li>\n<li>Nie pra\u0107 chemicznie<\/li>\n<li>Nie wybiela\u0107<\/li>\n<\/ul>\n","protected":false},"excerpt":{"rendered":"<p>Namiot tipi z mocnej bawe\u0142ny i velvetu w kolorze r\u00f3\u017cowym z du\u017c\u0105 mat\u0105 i poduszk\u0105. Kije i stabilizator w zestawie.<\/p>\n","protected":false},"featured_media":805,"comment_status":"open","ping_status":"closed","template":"","meta":[],"product_brand":[],"product_cat":[16],"product_tag":[],"class_list":{"0":"post-837","1":"product","2":"type-product","3":"status-publish","4":"has-post-thumbnail","6":"product_cat-namioty-tipi","7":"pa_model-pink-mermaid","9":"first","10":"instock","11":"sale","12":"product-type-simple"},"yoast_head":"<!-- This site is optimized with the Yoast SEO Premium plugin v21.9 (Yoast SEO v27.0) - https:\/\/yoast.com\/product\/yoast-seo-premium-wordpress\/ -->\n<title>Namiot tipi Pink Mermaid z mat\u0105 i poduszk\u0105 - Cozy &amp; Dozy<\/title>\n<meta name=\"description\" content=\"Namiot tipi z mocnej bawe\u0142ny i velvetu w kolorze r\u00f3\u017cowym z du\u017c\u0105 mat\u0105 i poduszk\u0105. Kije i stabilizator w zestawie.\" \/>\n<meta name=\"robots\" content=\"index, follow, max-snippet:-1, max-image-preview:large, max-video-preview:-1\" \/>\n<link rel=\"canonical\" href=\"https:\/\/cozyanddozy.com\/pl\/produkt\/namiot-tipi-pink-mermaid-z-mata-i-poduszka\/\" \/>\n<meta property=\"og:locale\" content=\"pl_PL\" \/>\n<meta property=\"og:type\" content=\"article\" \/>\n<meta property=\"og:title\" content=\"Namiot tipi Pink Mermaid z mat\u0105 i poduszk\u0105\" \/>\n<meta property=\"og:description\" content=\"Namiot tipi z mocnej bawe\u0142ny i velvetu w kolorze r\u00f3\u017cowym z du\u017c\u0105 mat\u0105 i poduszk\u0105. Kije i stabilizator w zestawie.\" \/>\n<meta property=\"og:url\" content=\"https:\/\/cozyanddozy.com\/pl\/produkt\/namiot-tipi-pink-mermaid-z-mata-i-poduszka\/\" \/>\n<meta property=\"og:site_name\" content=\"Cozy &amp; Dozy\" \/>\n<meta property=\"article:modified_time\" content=\"2025-01-29T17:17:02+00:00\" \/>\n<meta property=\"og:image\" content=\"https:\/\/cozyanddozy.com\/pl\/wp-content\/uploads\/2023\/02\/velvet-pink-tipi-2-1.jpg\" \/>\n\t<meta property=\"og:image:width\" content=\"1200\" \/>\n\t<meta property=\"og:image:height\" content=\"1204\" \/>\n\t<meta property=\"og:image:type\" content=\"image\/jpeg\" \/>\n<meta name=\"twitter:card\" content=\"summary_large_image\" \/>\n<meta name=\"twitter:label1\" content=\"Cena\" \/>\n\t<meta name=\"twitter:data1\" content=\"499,00&nbsp;&#122;&#322;\" \/>\n\t<meta name=\"twitter:label2\" content=\"Dost\u0119pno\u015b\u0107\" \/>\n\t<meta name=\"twitter:data2\" content=\"Dost\u0119pny\" \/>\n<script type=\"application\/ld+json\" class=\"yoast-schema-graph\">{\"@context\":\"https:\/\/schema.org\",\"@graph\":[{\"@type\":\"WebPage\",\"@id\":\"https:\/\/cozyanddozy.com\/pl\/produkt\/namiot-tipi-pink-mermaid-z-mata-i-poduszka\/\",\"url\":\"https:\/\/cozyanddozy.com\/pl\/produkt\/namiot-tipi-pink-mermaid-z-mata-i-poduszka\/\",\"name\":\"Namiot tipi Pink Mermaid z mat\u0105 i poduszk\u0105 - Cozy & Dozy\",\"isPartOf\":{\"@id\":\"https:\/\/cozyanddozy.com\/pl\/#website\"},\"primaryImageOfPage\":{\"@id\":\"https:\/\/cozyanddozy.com\/pl\/produkt\/namiot-tipi-pink-mermaid-z-mata-i-poduszka\/#primaryimage\"},\"image\":{\"@id\":\"https:\/\/cozyanddozy.com\/pl\/produkt\/namiot-tipi-pink-mermaid-z-mata-i-poduszka\/#primaryimage\"},\"thumbnailUrl\":\"https:\/\/cozyanddozy.com\/pl\/wp-content\/uploads\/2023\/02\/velvet-pink-tipi-2-1.jpg\",\"datePublished\":\"2022-11-02T13:08:24+00:00\",\"dateModified\":\"2025-01-29T17:17:02+00:00\",\"description\":\"Namiot tipi z mocnej bawe\u0142ny i velvetu w kolorze r\u00f3\u017cowym z du\u017c\u0105 mat\u0105 i poduszk\u0105. Kije i stabilizator w zestawie.\",\"breadcrumb\":{\"@id\":\"https:\/\/cozyanddozy.com\/pl\/produkt\/namiot-tipi-pink-mermaid-z-mata-i-poduszka\/#breadcrumb\"},\"inLanguage\":\"pl-PL\",\"potentialAction\":[{\"@type\":\"ReadAction\",\"target\":[\"https:\/\/cozyanddozy.com\/pl\/produkt\/namiot-tipi-pink-mermaid-z-mata-i-poduszka\/\"]}]},{\"@type\":\"ImageObject\",\"inLanguage\":\"pl-PL\",\"@id\":\"https:\/\/cozyanddozy.com\/pl\/produkt\/namiot-tipi-pink-mermaid-z-mata-i-poduszka\/#primaryimage\",\"url\":\"https:\/\/cozyanddozy.com\/pl\/wp-content\/uploads\/2023\/02\/velvet-pink-tipi-2-1.jpg\",\"contentUrl\":\"https:\/\/cozyanddozy.com\/pl\/wp-content\/uploads\/2023\/02\/velvet-pink-tipi-2-1.jpg\",\"width\":1200,\"height\":1204},{\"@type\":\"BreadcrumbList\",\"@id\":\"https:\/\/cozyanddozy.com\/pl\/produkt\/namiot-tipi-pink-mermaid-z-mata-i-poduszka\/#breadcrumb\",\"itemListElement\":[{\"@type\":\"ListItem\",\"position\":1,\"name\":\"Home\",\"item\":\"https:\/\/cozyanddozy.com\/pl\/\"},{\"@type\":\"ListItem\",\"position\":2,\"name\":\"Sklep\",\"item\":\"https:\/\/cozyanddozy.com\/pl\/sklep\/\"},{\"@type\":\"ListItem\",\"position\":3,\"name\":\"Namiot tipi Pink Mermaid z mat\u0105 i poduszk\u0105\"}]},{\"@type\":\"WebSite\",\"@id\":\"https:\/\/cozyanddozy.com\/pl\/#website\",\"url\":\"https:\/\/cozyanddozy.com\/pl\/\",\"name\":\"Cozy & Dozy\",\"description\":\"\",\"potentialAction\":[{\"@type\":\"SearchAction\",\"target\":{\"@type\":\"EntryPoint\",\"urlTemplate\":\"https:\/\/cozyanddozy.com\/pl\/?s={search_term_string}\"},\"query-input\":{\"@type\":\"PropertyValueSpecification\",\"valueRequired\":true,\"valueName\":\"search_term_string\"}}],\"inLanguage\":\"pl-PL\"}]}<\/script>\n<meta property=\"product:price:amount\" content=\"499.00\" \/>\n<meta property=\"product:price:currency\" content=\"PLN\" \/>\n<meta property=\"og:availability\" content=\"instock\" \/>\n<meta property=\"product:availability\" content=\"instock\" \/>\n<meta property=\"product:retailer_item_id\" content=\"5902701496166\" \/>\n<meta property=\"product:condition\" content=\"new\" \/>\n<!-- \/ Yoast SEO Premium plugin. -->","yoast_head_json":{"title":"Namiot tipi Pink Mermaid z mat\u0105 i poduszk\u0105 - Cozy & Dozy","description":"Namiot tipi z mocnej bawe\u0142ny i velvetu w kolorze r\u00f3\u017cowym z du\u017c\u0105 mat\u0105 i poduszk\u0105. Kije i stabilizator w zestawie.","robots":{"index":"index","follow":"follow","max-snippet":"max-snippet:-1","max-image-preview":"max-image-preview:large","max-video-preview":"max-video-preview:-1"},"canonical":"https:\/\/cozyanddozy.com\/pl\/produkt\/namiot-tipi-pink-mermaid-z-mata-i-poduszka\/","og_locale":"pl_PL","og_type":"article","og_title":"Namiot tipi Pink Mermaid z mat\u0105 i poduszk\u0105","og_description":"Namiot tipi z mocnej bawe\u0142ny i velvetu w kolorze r\u00f3\u017cowym z du\u017c\u0105 mat\u0105 i poduszk\u0105. Kije i stabilizator w zestawie.","og_url":"https:\/\/cozyanddozy.com\/pl\/produkt\/namiot-tipi-pink-mermaid-z-mata-i-poduszka\/","og_site_name":"Cozy &amp; Dozy","article_modified_time":"2025-01-29T17:17:02+00:00","og_image":[{"width":1200,"height":1204,"url":"https:\/\/cozyanddozy.com\/pl\/wp-content\/uploads\/2023\/02\/velvet-pink-tipi-2-1.jpg","type":"image\/jpeg"}],"twitter_card":"summary_large_image","twitter_misc":{"Cena":"499,00&nbsp;&#122;&#322;","Dost\u0119pno\u015b\u0107":"Dost\u0119pny"},"schema":{"@context":"https:\/\/schema.org","@graph":[{"@type":"WebPage","@id":"https:\/\/cozyanddozy.com\/pl\/produkt\/namiot-tipi-pink-mermaid-z-mata-i-poduszka\/","url":"https:\/\/cozyanddozy.com\/pl\/produkt\/namiot-tipi-pink-mermaid-z-mata-i-poduszka\/","name":"Namiot tipi Pink Mermaid z mat\u0105 i poduszk\u0105 - Cozy & Dozy","isPartOf":{"@id":"https:\/\/cozyanddozy.com\/pl\/#website"},"primaryImageOfPage":{"@id":"https:\/\/cozyanddozy.com\/pl\/produkt\/namiot-tipi-pink-mermaid-z-mata-i-poduszka\/#primaryimage"},"image":{"@id":"https:\/\/cozyanddozy.com\/pl\/produkt\/namiot-tipi-pink-mermaid-z-mata-i-poduszka\/#primaryimage"},"thumbnailUrl":"https:\/\/cozyanddozy.com\/pl\/wp-content\/uploads\/2023\/02\/velvet-pink-tipi-2-1.jpg","datePublished":"2022-11-02T13:08:24+00:00","dateModified":"2025-01-29T17:17:02+00:00","description":"Namiot tipi z mocnej bawe\u0142ny i velvetu w kolorze r\u00f3\u017cowym z du\u017c\u0105 mat\u0105 i poduszk\u0105. Kije i stabilizator w zestawie.","breadcrumb":{"@id":"https:\/\/cozyanddozy.com\/pl\/produkt\/namiot-tipi-pink-mermaid-z-mata-i-poduszka\/#breadcrumb"},"inLanguage":"pl-PL","potentialAction":[{"@type":"ReadAction","target":["https:\/\/cozyanddozy.com\/pl\/produkt\/namiot-tipi-pink-mermaid-z-mata-i-poduszka\/"]}]},{"@type":"ImageObject","inLanguage":"pl-PL","@id":"https:\/\/cozyanddozy.com\/pl\/produkt\/namiot-tipi-pink-mermaid-z-mata-i-poduszka\/#primaryimage","url":"https:\/\/cozyanddozy.com\/pl\/wp-content\/uploads\/2023\/02\/velvet-pink-tipi-2-1.jpg","contentUrl":"https:\/\/cozyanddozy.com\/pl\/wp-content\/uploads\/2023\/02\/velvet-pink-tipi-2-1.jpg","width":1200,"height":1204},{"@type":"BreadcrumbList","@id":"https:\/\/cozyanddozy.com\/pl\/produkt\/namiot-tipi-pink-mermaid-z-mata-i-poduszka\/#breadcrumb","itemListElement":[{"@type":"ListItem","position":1,"name":"Home","item":"https:\/\/cozyanddozy.com\/pl\/"},{"@type":"ListItem","position":2,"name":"Sklep","item":"https:\/\/cozyanddozy.com\/pl\/sklep\/"},{"@type":"ListItem","position":3,"name":"Namiot tipi Pink Mermaid z mat\u0105 i poduszk\u0105"}]},{"@type":"WebSite","@id":"https:\/\/cozyanddozy.com\/pl\/#website","url":"https:\/\/cozyanddozy.com\/pl\/","name":"Cozy & Dozy","description":"","potentialAction":[{"@type":"SearchAction","target":{"@type":"EntryPoint","urlTemplate":"https:\/\/cozyanddozy.com\/pl\/?s={search_term_string}"},"query-input":{"@type":"PropertyValueSpecification","valueRequired":true,"valueName":"search_term_string"}}],"inLanguage":"pl-PL"}]},"product_price_amount":"499.00","product_price_currency":"PLN","og_availability":"instock","product_availability":"instock","product_retailer_item_id":"5902701496166","product_condition":"new"},"_links":{"self":[{"href":"https:\/\/cozyanddozy.com\/pl\/wp-json\/wp\/v2\/product\/837","targetHints":{"allow":["GET"]}}],"collection":[{"href":"https:\/\/cozyanddozy.com\/pl\/wp-json\/wp\/v2\/product"}],"about":[{"href":"https:\/\/cozyanddozy.com\/pl\/wp-json\/wp\/v2\/types\/product"}],"replies":[{"embeddable":true,"href":"https:\/\/cozyanddozy.com\/pl\/wp-json\/wp\/v2\/comments?post=837"}],"wp:featuredmedia":[{"embeddable":true,"href":"https:\/\/cozyanddozy.com\/pl\/wp-json\/wp\/v2\/media\/805"}],"wp:attachment":[{"href":"https:\/\/cozyanddozy.com\/pl\/wp-json\/wp\/v2\/media?parent=837"}],"wp:term":[{"taxonomy":"product_brand","embeddable":true,"href":"https:\/\/cozyanddozy.com\/pl\/wp-json\/wp\/v2\/product_brand?post=837"},{"taxonomy":"product_cat","embeddable":true,"href":"https:\/\/cozyanddozy.com\/pl\/wp-json\/wp\/v2\/product_cat?post=837"},{"taxonomy":"product_tag","embeddable":true,"href":"https:\/\/cozyanddozy.com\/pl\/wp-json\/wp\/v2\/product_tag?post=837"}],"curies":[{"name":"wp","href":"https:\/\/api.w.org\/{rel}","templated":true}]}}