{"id":830,"date":"2022-02-28T17:55:06","date_gmt":"2022-02-28T16:55:06","guid":{"rendered":"https:\/\/cozyanddozy.com\/pl\/product\/teepee-set-velvet-green-premium-tipi-tent-with-play-mat-and-cushions\/"},"modified":"2023-11-08T17:32:38","modified_gmt":"2023-11-08T16:32:38","slug":"namiot-tipi-velvet-green-zestaw-tipi-z-mata-i-poduszkami","status":"publish","type":"product","link":"https:\/\/cozyanddozy.com\/pl\/produkt\/namiot-tipi-velvet-green-zestaw-tipi-z-mata-i-poduszkami\/","title":{"rendered":"Namiot tipi Velvet Green, zestaw tipi z mat\u0105 i poduszkami"},"content":{"rendered":"<p><b>Wigwam z serii Velvet to du\u017cy namiot 110\u00d7110 cm z kieszonk\u0105 i okienkiem, wykonany z mocnej bawe\u0142ny Premium i velvetu w kolorze ciemnoniebieskim.\u00a0<\/b>Wej\u015bcie do namiotu ozdobione jest miodowymi chwostami a d\u00f3\u0142 namiotu wy\u015bcie\u0142a mi\u0119kka, aksamitna mata.<\/p>\n<p>W zestawie, pi\u0119kne dekoracyjne poduszki listki w kolorze miodowym i zielonym.<\/p>\n<p>Tipi do zabawy w zestawie posiada:<\/p>\n<ul>\n<li>namiot tipi<\/li>\n<li>mi\u0119kka, pikowana mata<\/li>\n<li>dwie poduszki<\/li>\n<li>4 sk\u0142adane kije sosnowe + 4 metalowe \u0142\u0105czniki<\/li>\n<li>instrukcja<\/li>\n<li>stabilizator<\/li>\n<\/ul>\n<p><b>Wymiary:<\/b><\/p>\n<ul>\n<li>Wysoko\u015b\u0107 (z kijkami) po roz\u0142o\u017ceniu: 150 cm<\/li>\n<li>Wysoko\u015b\u0107 (z kijkami) po z\u0142o\u017ceniu: 170 cm<\/li>\n<li>Powierzchnia pod\u0142ogi: ok. 110\u00d7110 cm<\/li>\n<\/ul>\n<p>Namiot jest przeznaczony dla 2-3 dzieci. Tipi \u0142atwo si\u0119 sk\u0142ada i nie zajmuje wiele miejsca.<\/p>\n<p>Sk\u0142ad:<\/p>\n<ul>\n<li>100% bawe\u0142na, 100% velvet, Posiada certyfikat<\/li>\n<li>Wype\u0142nienie maty i poduszek: 100% hipoalergiczna pianka silikonowa<\/li>\n<\/ul>\n","protected":false},"excerpt":{"rendered":"<p>Zestaw tipi z mat\u0105 i dwiema poduszkami. Tipi wykonane z mi\u0119kkiego velvetu i mocnej bawe\u0142ny Canvas Premium. Stabilna konstrukcja.<\/p>\n","protected":false},"featured_media":447,"comment_status":"open","ping_status":"closed","template":"","meta":[],"product_brand":[],"product_cat":[16],"product_tag":[],"class_list":{"0":"post-830","1":"product","2":"type-product","3":"status-publish","4":"has-post-thumbnail","6":"product_cat-namioty-tipi","7":"pa_model-velvet-green","9":"first","10":"instock","11":"sale","12":"product-type-simple"},"yoast_head":"<!-- This site is optimized with the Yoast SEO Premium plugin v21.9 (Yoast SEO v27.0) - https:\/\/yoast.com\/product\/yoast-seo-premium-wordpress\/ -->\n<title>Namiot tipi Velvet Green, zestaw tipi z mat\u0105 i poduszkami - Cozy &amp; Dozy<\/title>\n<meta name=\"description\" content=\"Zestaw tipi z mat\u0105 i dwiema poduszkami. Tipi wykonane z mi\u0119kkiego velvetu i mocnej bawe\u0142ny Canvas Premium. Stabilna konstrukcja.\" \/>\n<meta name=\"robots\" content=\"index, follow, max-snippet:-1, max-image-preview:large, max-video-preview:-1\" \/>\n<link rel=\"canonical\" href=\"https:\/\/cozyanddozy.com\/pl\/produkt\/namiot-tipi-velvet-green-zestaw-tipi-z-mata-i-poduszkami\/\" \/>\n<meta property=\"og:locale\" content=\"pl_PL\" \/>\n<meta property=\"og:type\" content=\"article\" \/>\n<meta property=\"og:title\" content=\"Namiot tipi Velvet Green, zestaw tipi z mat\u0105 i poduszkami\" \/>\n<meta property=\"og:description\" content=\"Zestaw tipi z mat\u0105 i dwiema poduszkami. Tipi wykonane z mi\u0119kkiego velvetu i mocnej bawe\u0142ny Canvas Premium. Stabilna konstrukcja.\" \/>\n<meta property=\"og:url\" content=\"https:\/\/cozyanddozy.com\/pl\/produkt\/namiot-tipi-velvet-green-zestaw-tipi-z-mata-i-poduszkami\/\" \/>\n<meta property=\"og:site_name\" content=\"Cozy &amp; Dozy\" \/>\n<meta property=\"article:modified_time\" content=\"2023-11-08T16:32:38+00:00\" \/>\n<meta property=\"og:image\" content=\"https:\/\/cozyanddozy.com\/pl\/wp-content\/uploads\/2023\/02\/pp-1283.jpg\" \/>\n\t<meta property=\"og:image:width\" content=\"1200\" \/>\n\t<meta property=\"og:image:height\" content=\"1200\" \/>\n\t<meta property=\"og:image:type\" content=\"image\/jpeg\" \/>\n<meta name=\"twitter:card\" content=\"summary_large_image\" \/>\n<meta name=\"twitter:label1\" content=\"Cena\" \/>\n\t<meta name=\"twitter:data1\" content=\"559,20&nbsp;&#122;&#322;\" \/>\n\t<meta name=\"twitter:label2\" content=\"Dost\u0119pno\u015b\u0107\" \/>\n\t<meta name=\"twitter:data2\" content=\"Dost\u0119pny\" \/>\n<script type=\"application\/ld+json\" class=\"yoast-schema-graph\">{\"@context\":\"https:\/\/schema.org\",\"@graph\":[{\"@type\":\"WebPage\",\"@id\":\"https:\/\/cozyanddozy.com\/pl\/produkt\/namiot-tipi-velvet-green-zestaw-tipi-z-mata-i-poduszkami\/\",\"url\":\"https:\/\/cozyanddozy.com\/pl\/produkt\/namiot-tipi-velvet-green-zestaw-tipi-z-mata-i-poduszkami\/\",\"name\":\"Namiot tipi Velvet Green, zestaw tipi z mat\u0105 i poduszkami - Cozy & Dozy\",\"isPartOf\":{\"@id\":\"https:\/\/cozyanddozy.com\/pl\/#website\"},\"primaryImageOfPage\":{\"@id\":\"https:\/\/cozyanddozy.com\/pl\/produkt\/namiot-tipi-velvet-green-zestaw-tipi-z-mata-i-poduszkami\/#primaryimage\"},\"image\":{\"@id\":\"https:\/\/cozyanddozy.com\/pl\/produkt\/namiot-tipi-velvet-green-zestaw-tipi-z-mata-i-poduszkami\/#primaryimage\"},\"thumbnailUrl\":\"https:\/\/cozyanddozy.com\/pl\/wp-content\/uploads\/2023\/02\/pp-1283.jpg\",\"datePublished\":\"2022-02-28T16:55:06+00:00\",\"dateModified\":\"2023-11-08T16:32:38+00:00\",\"description\":\"Zestaw tipi z mat\u0105 i dwiema poduszkami. Tipi wykonane z mi\u0119kkiego velvetu i mocnej bawe\u0142ny Canvas Premium. Stabilna konstrukcja.\",\"breadcrumb\":{\"@id\":\"https:\/\/cozyanddozy.com\/pl\/produkt\/namiot-tipi-velvet-green-zestaw-tipi-z-mata-i-poduszkami\/#breadcrumb\"},\"inLanguage\":\"pl-PL\",\"potentialAction\":[{\"@type\":\"ReadAction\",\"target\":[\"https:\/\/cozyanddozy.com\/pl\/produkt\/namiot-tipi-velvet-green-zestaw-tipi-z-mata-i-poduszkami\/\"]}]},{\"@type\":\"ImageObject\",\"inLanguage\":\"pl-PL\",\"@id\":\"https:\/\/cozyanddozy.com\/pl\/produkt\/namiot-tipi-velvet-green-zestaw-tipi-z-mata-i-poduszkami\/#primaryimage\",\"url\":\"https:\/\/cozyanddozy.com\/pl\/wp-content\/uploads\/2023\/02\/pp-1283.jpg\",\"contentUrl\":\"https:\/\/cozyanddozy.com\/pl\/wp-content\/uploads\/2023\/02\/pp-1283.jpg\",\"width\":1200,\"height\":1200},{\"@type\":\"BreadcrumbList\",\"@id\":\"https:\/\/cozyanddozy.com\/pl\/produkt\/namiot-tipi-velvet-green-zestaw-tipi-z-mata-i-poduszkami\/#breadcrumb\",\"itemListElement\":[{\"@type\":\"ListItem\",\"position\":1,\"name\":\"Home\",\"item\":\"https:\/\/cozyanddozy.com\/pl\/\"},{\"@type\":\"ListItem\",\"position\":2,\"name\":\"Sklep\",\"item\":\"https:\/\/cozyanddozy.com\/pl\/sklep\/\"},{\"@type\":\"ListItem\",\"position\":3,\"name\":\"Namiot tipi Velvet Green, zestaw tipi z mat\u0105 i poduszkami\"}]},{\"@type\":\"WebSite\",\"@id\":\"https:\/\/cozyanddozy.com\/pl\/#website\",\"url\":\"https:\/\/cozyanddozy.com\/pl\/\",\"name\":\"Cozy & Dozy\",\"description\":\"\",\"potentialAction\":[{\"@type\":\"SearchAction\",\"target\":{\"@type\":\"EntryPoint\",\"urlTemplate\":\"https:\/\/cozyanddozy.com\/pl\/?s={search_term_string}\"},\"query-input\":{\"@type\":\"PropertyValueSpecification\",\"valueRequired\":true,\"valueName\":\"search_term_string\"}}],\"inLanguage\":\"pl-PL\"}]}<\/script>\n<meta property=\"product:price:amount\" content=\"559.20\" \/>\n<meta property=\"product:price:currency\" content=\"PLN\" \/>\n<meta property=\"og:availability\" content=\"instock\" \/>\n<meta property=\"product:availability\" content=\"instock\" \/>\n<meta property=\"product:retailer_item_id\" content=\"5902701495459\" \/>\n<meta property=\"product:condition\" content=\"new\" \/>\n<!-- \/ Yoast SEO Premium plugin. -->","yoast_head_json":{"title":"Namiot tipi Velvet Green, zestaw tipi z mat\u0105 i poduszkami - Cozy & Dozy","description":"Zestaw tipi z mat\u0105 i dwiema poduszkami. Tipi wykonane z mi\u0119kkiego velvetu i mocnej bawe\u0142ny Canvas Premium. Stabilna konstrukcja.","robots":{"index":"index","follow":"follow","max-snippet":"max-snippet:-1","max-image-preview":"max-image-preview:large","max-video-preview":"max-video-preview:-1"},"canonical":"https:\/\/cozyanddozy.com\/pl\/produkt\/namiot-tipi-velvet-green-zestaw-tipi-z-mata-i-poduszkami\/","og_locale":"pl_PL","og_type":"article","og_title":"Namiot tipi Velvet Green, zestaw tipi z mat\u0105 i poduszkami","og_description":"Zestaw tipi z mat\u0105 i dwiema poduszkami. Tipi wykonane z mi\u0119kkiego velvetu i mocnej bawe\u0142ny Canvas Premium. Stabilna konstrukcja.","og_url":"https:\/\/cozyanddozy.com\/pl\/produkt\/namiot-tipi-velvet-green-zestaw-tipi-z-mata-i-poduszkami\/","og_site_name":"Cozy &amp; Dozy","article_modified_time":"2023-11-08T16:32:38+00:00","og_image":[{"width":1200,"height":1200,"url":"https:\/\/cozyanddozy.com\/pl\/wp-content\/uploads\/2023\/02\/pp-1283.jpg","type":"image\/jpeg"}],"twitter_card":"summary_large_image","twitter_misc":{"Cena":"559,20&nbsp;&#122;&#322;","Dost\u0119pno\u015b\u0107":"Dost\u0119pny"},"schema":{"@context":"https:\/\/schema.org","@graph":[{"@type":"WebPage","@id":"https:\/\/cozyanddozy.com\/pl\/produkt\/namiot-tipi-velvet-green-zestaw-tipi-z-mata-i-poduszkami\/","url":"https:\/\/cozyanddozy.com\/pl\/produkt\/namiot-tipi-velvet-green-zestaw-tipi-z-mata-i-poduszkami\/","name":"Namiot tipi Velvet Green, zestaw tipi z mat\u0105 i poduszkami - Cozy & Dozy","isPartOf":{"@id":"https:\/\/cozyanddozy.com\/pl\/#website"},"primaryImageOfPage":{"@id":"https:\/\/cozyanddozy.com\/pl\/produkt\/namiot-tipi-velvet-green-zestaw-tipi-z-mata-i-poduszkami\/#primaryimage"},"image":{"@id":"https:\/\/cozyanddozy.com\/pl\/produkt\/namiot-tipi-velvet-green-zestaw-tipi-z-mata-i-poduszkami\/#primaryimage"},"thumbnailUrl":"https:\/\/cozyanddozy.com\/pl\/wp-content\/uploads\/2023\/02\/pp-1283.jpg","datePublished":"2022-02-28T16:55:06+00:00","dateModified":"2023-11-08T16:32:38+00:00","description":"Zestaw tipi z mat\u0105 i dwiema poduszkami. Tipi wykonane z mi\u0119kkiego velvetu i mocnej bawe\u0142ny Canvas Premium. Stabilna konstrukcja.","breadcrumb":{"@id":"https:\/\/cozyanddozy.com\/pl\/produkt\/namiot-tipi-velvet-green-zestaw-tipi-z-mata-i-poduszkami\/#breadcrumb"},"inLanguage":"pl-PL","potentialAction":[{"@type":"ReadAction","target":["https:\/\/cozyanddozy.com\/pl\/produkt\/namiot-tipi-velvet-green-zestaw-tipi-z-mata-i-poduszkami\/"]}]},{"@type":"ImageObject","inLanguage":"pl-PL","@id":"https:\/\/cozyanddozy.com\/pl\/produkt\/namiot-tipi-velvet-green-zestaw-tipi-z-mata-i-poduszkami\/#primaryimage","url":"https:\/\/cozyanddozy.com\/pl\/wp-content\/uploads\/2023\/02\/pp-1283.jpg","contentUrl":"https:\/\/cozyanddozy.com\/pl\/wp-content\/uploads\/2023\/02\/pp-1283.jpg","width":1200,"height":1200},{"@type":"BreadcrumbList","@id":"https:\/\/cozyanddozy.com\/pl\/produkt\/namiot-tipi-velvet-green-zestaw-tipi-z-mata-i-poduszkami\/#breadcrumb","itemListElement":[{"@type":"ListItem","position":1,"name":"Home","item":"https:\/\/cozyanddozy.com\/pl\/"},{"@type":"ListItem","position":2,"name":"Sklep","item":"https:\/\/cozyanddozy.com\/pl\/sklep\/"},{"@type":"ListItem","position":3,"name":"Namiot tipi Velvet Green, zestaw tipi z mat\u0105 i poduszkami"}]},{"@type":"WebSite","@id":"https:\/\/cozyanddozy.com\/pl\/#website","url":"https:\/\/cozyanddozy.com\/pl\/","name":"Cozy & Dozy","description":"","potentialAction":[{"@type":"SearchAction","target":{"@type":"EntryPoint","urlTemplate":"https:\/\/cozyanddozy.com\/pl\/?s={search_term_string}"},"query-input":{"@type":"PropertyValueSpecification","valueRequired":true,"valueName":"search_term_string"}}],"inLanguage":"pl-PL"}]},"product_price_amount":"559.20","product_price_currency":"PLN","og_availability":"instock","product_availability":"instock","product_retailer_item_id":"5902701495459","product_condition":"new"},"_links":{"self":[{"href":"https:\/\/cozyanddozy.com\/pl\/wp-json\/wp\/v2\/product\/830","targetHints":{"allow":["GET"]}}],"collection":[{"href":"https:\/\/cozyanddozy.com\/pl\/wp-json\/wp\/v2\/product"}],"about":[{"href":"https:\/\/cozyanddozy.com\/pl\/wp-json\/wp\/v2\/types\/product"}],"replies":[{"embeddable":true,"href":"https:\/\/cozyanddozy.com\/pl\/wp-json\/wp\/v2\/comments?post=830"}],"wp:featuredmedia":[{"embeddable":true,"href":"https:\/\/cozyanddozy.com\/pl\/wp-json\/wp\/v2\/media\/447"}],"wp:attachment":[{"href":"https:\/\/cozyanddozy.com\/pl\/wp-json\/wp\/v2\/media?parent=830"}],"wp:term":[{"taxonomy":"product_brand","embeddable":true,"href":"https:\/\/cozyanddozy.com\/pl\/wp-json\/wp\/v2\/product_brand?post=830"},{"taxonomy":"product_cat","embeddable":true,"href":"https:\/\/cozyanddozy.com\/pl\/wp-json\/wp\/v2\/product_cat?post=830"},{"taxonomy":"product_tag","embeddable":true,"href":"https:\/\/cozyanddozy.com\/pl\/wp-json\/wp\/v2\/product_tag?post=830"}],"curies":[{"name":"wp","href":"https:\/\/api.w.org\/{rel}","templated":true}]}}