{"id":653,"date":"2022-02-25T11:25:19","date_gmt":"2022-02-25T10:25:19","guid":{"rendered":"https:\/\/cozyanddozy.com\/pl\/product\/tipi-tent-with-soft-mat-candy-pink\/"},"modified":"2025-01-29T18:34:11","modified_gmt":"2025-01-29T17:34:11","slug":"namiot-tipi-z-mata-candy-pink","status":"publish","type":"product","link":"https:\/\/cozyanddozy.com\/pl\/produkt\/namiot-tipi-z-mata-candy-pink\/","title":{"rendered":"Namiot tipi z mat\u0105 Candy Pink"},"content":{"rendered":"<p><b>Namiot tipi dla dzieci Candy, <\/b><b>Tipi z mat\u0105 do zabawy Cozy &amp; Dozy<\/b><\/p>\n<p>Namiot do zabawy z serii CANDY, to tipi w bia\u0142e paski z mi\u0119kka mat\u0105. Namiot Candy wykonany jest z mocnego p\u0142\u00f3tna (<b>100% bawe\u0142na 270g\/m2<\/b>) i ozdobiony kolorow\u0105 bawe\u0142n\u0105 przypominaj\u0105c\u0105 markizy. Kolekcja Candy to nawi\u0105zanie do kolorowych sklepik\u00f3w ze s\u0142odyczami.<\/p>\n<p>Namiot to \u015bwietne miejsce do zabawy w domu, na tarasie lub w ogrodzie. <b>Tipi do zabawy posiada okienko z odwijan\u0105 roletk\u0105 i dwie kieszonki na zabawki.<\/b> Namiot dla dziecka Candy mo\u017cna zestawi\u0107 z poduszkami w kszta\u0142cie balonik\u00f3w, ciasteczek macarons i kolorowych girland. Candy to kolekcja inspirowana sklepikami ze s\u0142odkimi donatami, ciasteczkami Macarons i kolorowymi balonikami.<\/p>\n<p>Namioty w stylu Candy Shop z ozdobn\u0105 markiz\u0105, to \u015bwietne miejsce do zabawy i przytulny k\u0105cik do odpoczynku. Wigwam zosta\u0142 zaprojektowany tak, aby na d\u0142ugo cieszy\u0107 oko i zapewni\u0107 bezpieczn\u0105 zabaw\u0119.<\/p>\n<p><b>Zestaw Candy od Cozy &amp; Dozy zawiera:<\/b><\/p>\n<ul>\n<li><b>Namiot tipi<\/b> (kolory do wyboru)<\/li>\n<li><b>Mi\u0119kka mata pod\u0142ogowa<\/b><\/li>\n<li>4 kije z naturalnego drewna sosnowego (stela\u017c)<\/li>\n<li><b>Stabilizator <\/b>(zapobiega przesuwaniu stela\u017cu)<\/li>\n<\/ul>\n<table class=\"woocommerce-product-attributes shop_attributes\">\n<tbody>\n<tr class=\"woocommerce-product-attributes-item woocommerce-product-attributes-item--weight\">\n<th class=\"woocommerce-product-attributes-item__label\">WAGA<\/th>\n<td class=\"woocommerce-product-attributes-item__value\" data-o_content=\"2 kg\">2 kg<\/td>\n<\/tr>\n<tr class=\"woocommerce-product-attributes-item woocommerce-product-attributes-item--attribute_pa_wysokosc-rozlozone\">\n<th class=\"woocommerce-product-attributes-item__label\">WYSOKO\u015a\u0106 (Z KIJKAMI) PO ROZ\u0141O\u017bENIU<\/th>\n<td class=\"woocommerce-product-attributes-item__value\">150 cm<\/td>\n<\/tr>\n<tr class=\"woocommerce-product-attributes-item woocommerce-product-attributes-item--attribute_pa_wysokosc-zlozona\">\n<th class=\"woocommerce-product-attributes-item__label\">WYSOKO\u015a\u0106 (Z KIJKAMI) PO Z\u0141O\u017bENIU<\/th>\n<td class=\"woocommerce-product-attributes-item__value\">170 cm<\/td>\n<\/tr>\n<tr class=\"woocommerce-product-attributes-item woocommerce-product-attributes-item--attribute_pa_powierzchnia-podlogi\">\n<th class=\"woocommerce-product-attributes-item__label\">POWIERZCHNIA POD\u0141OGI<\/th>\n<td class=\"woocommerce-product-attributes-item__value\">110 x 110 cm<\/td>\n<\/tr>\n<tr class=\"woocommerce-product-attributes-item woocommerce-product-attributes-item--attribute_pa_tkanina\">\n<th class=\"woocommerce-product-attributes-item__label\">TKANINA<\/th>\n<td class=\"woocommerce-product-attributes-item__value\">100% bawe\u0142na 270g\/m2<\/td>\n<\/tr>\n<tr class=\"woocommerce-product-attributes-item woocommerce-product-attributes-item--attribute_pa_wypelnienie-maty-i-poduszek\">\n<th class=\"woocommerce-product-attributes-item__label\">WYPE\u0141NIENIE MATY I PODUSZEK<\/th>\n<td class=\"woocommerce-product-attributes-item__value\">100% hipoalergiczna pianka silikonowa<\/td>\n<\/tr>\n<tr class=\"woocommerce-product-attributes-item woocommerce-product-attributes-item--attribute_pa_mata\">\n<th class=\"woocommerce-product-attributes-item__label\">MATA<\/th>\n<td class=\"woocommerce-product-attributes-item__value\">110 x 110 cm<\/td>\n<\/tr>\n<tr class=\"woocommerce-product-attributes-item woocommerce-product-attributes-item--attribute_pa_stelaz\">\n<th class=\"woocommerce-product-attributes-item__label\">STELA\u017b<\/th>\n<td class=\"woocommerce-product-attributes-item__value\">Kije z drewna sosnowego \/ metalowe \u0142\u0105czniki<\/td>\n<\/tr>\n<tr class=\"woocommerce-product-attributes-item woocommerce-product-attributes-item--attribute_pa_instrukcja-prania\">\n<th class=\"woocommerce-product-attributes-item__label\">INSTRUKCJA PRANIA<\/th>\n<td class=\"woocommerce-product-attributes-item__value\">Materia\u0142 mo\u017cna pra\u0107 w pralce w temperaturze 40 stopni, wirowanie \u2013 max 800 obrot\u00f3w \/ Nie pra\u0107 chemicznie \/ Nie wybiela\u0107<\/td>\n<\/tr>\n<tr class=\"woocommerce-product-attributes-item woocommerce-product-attributes-item--attribute_pa_szacowany-czas-montazu\">\n<th class=\"woocommerce-product-attributes-item__label\">SZACOWANY CZAS MONTA\u017bU<\/th>\n<td class=\"woocommerce-product-attributes-item__value\">5 min<\/td>\n<\/tr>\n<\/tbody>\n<\/table>\n<p><b>Zaprojektowane i wykonane w Polsce<\/b><\/p>\n<p>Wszystkie modele projektowane s\u0105 przez nas i dajemy ci gwarancj\u0119, \u017ce dostajesz produkt unikalny i najlepszej jako\u015bci. India\u0144skie namioty tipi tworzone s\u0105 metod\u0105 hand made, z bezpiecznych dla dzieci tkanin pochodz\u0105cych z Europy i posiadaj\u0105cych certyfikaty jako\u015bci.<\/p>\n<p>Tipi dost\u0119pne w r\u00f3\u017cnych wariantach kolorystycznych.<\/p>\n<p><b>Przygotuj si\u0119 na zabaw\u0119<\/b><\/p>\n<p><b>Namiot jest przeznaczony dla 2-3 dzieci.<\/b> Tipi \u0142atwo si\u0119 sk\u0142ada i nie zajmuje wiele miejsca. Mo\u017cna je przechowywa\u0107 w bawe\u0142nianym pokrowcu z uchwytem (dost\u0119pny oddzielnie)<\/p>\n<p><b>Tkaniny<\/b>, z kt\u00f3rych powstaj\u0105 nasze namioty tipi s\u0105 <b>certyfikowane i pochodz\u0105 z kraj\u00f3w europejskich<\/b>, dzi\u0119ki czemu s\u0105 bezpieczne dla dzieci.<\/p>\n<p><b>Wszystkie artyku\u0142y Cozy &amp; Dozy s\u0105 projektowane i szyte w Polsce.<\/b><\/p>\n","protected":false},"excerpt":{"rendered":"<p>Namiot do zabawy z serii CANDY, to tipi w paski z\u00a0mi\u0119kka mat\u0105. Namiot Candy wykonany jest z mocnego p\u0142\u00f3tna i ozdobiony kolorow\u0105 bawe\u0142n\u0105 przypominaj\u0105c\u0105 markizy.<\/p>\n","protected":false},"featured_media":654,"comment_status":"open","ping_status":"closed","template":"","meta":[],"product_brand":[],"product_cat":[16],"product_tag":[],"class_list":{"0":"post-653","1":"product","2":"type-product","3":"status-publish","4":"has-post-thumbnail","6":"product_cat-namioty-tipi","8":"first","9":"instock","10":"sale","11":"product-type-simple"},"yoast_head":"<!-- This site is optimized with the Yoast SEO Premium plugin v21.9 (Yoast SEO v27.0) - https:\/\/yoast.com\/product\/yoast-seo-premium-wordpress\/ -->\n<title>Namiot tipi z mat\u0105 Candy Pink - Cozy &amp; Dozy<\/title>\n<meta name=\"description\" content=\"Namiot do zabawy z serii CANDY, to tipi w paski z\u00a0mi\u0119kka mat\u0105. Namiot Candy wykonany jest z mocnego p\u0142\u00f3tna i ozdobiony kolorow\u0105 bawe\u0142n\u0105 przypominaj\u0105c\u0105 markizy.\" \/>\n<meta name=\"robots\" content=\"index, follow, max-snippet:-1, max-image-preview:large, max-video-preview:-1\" \/>\n<link rel=\"canonical\" href=\"https:\/\/cozyanddozy.com\/pl\/produkt\/namiot-tipi-z-mata-candy-pink\/\" \/>\n<meta property=\"og:locale\" content=\"pl_PL\" \/>\n<meta property=\"og:type\" content=\"article\" \/>\n<meta property=\"og:title\" content=\"Namiot tipi z mat\u0105 Candy Pink\" \/>\n<meta property=\"og:description\" content=\"Namiot do zabawy z serii CANDY, to tipi w paski z\u00a0mi\u0119kka mat\u0105. Namiot Candy wykonany jest z mocnego p\u0142\u00f3tna i ozdobiony kolorow\u0105 bawe\u0142n\u0105 przypominaj\u0105c\u0105 markizy.\" \/>\n<meta property=\"og:url\" content=\"https:\/\/cozyanddozy.com\/pl\/produkt\/namiot-tipi-z-mata-candy-pink\/\" \/>\n<meta property=\"og:site_name\" content=\"Cozy &amp; Dozy\" \/>\n<meta property=\"article:modified_time\" content=\"2025-01-29T17:34:11+00:00\" \/>\n<meta property=\"og:image\" content=\"https:\/\/cozyanddozy.com\/pl\/wp-content\/uploads\/2023\/02\/candy-pink-tipi.jpg\" \/>\n\t<meta property=\"og:image:width\" content=\"1200\" \/>\n\t<meta property=\"og:image:height\" content=\"1200\" \/>\n\t<meta property=\"og:image:type\" content=\"image\/jpeg\" \/>\n<meta name=\"twitter:card\" content=\"summary_large_image\" \/>\n<meta name=\"twitter:label1\" content=\"Cena\" \/>\n\t<meta name=\"twitter:data1\" content=\"399,00&nbsp;&#122;&#322;\" \/>\n\t<meta name=\"twitter:label2\" content=\"Dost\u0119pno\u015b\u0107\" \/>\n\t<meta name=\"twitter:data2\" content=\"Dost\u0119pny\" \/>\n<script type=\"application\/ld+json\" class=\"yoast-schema-graph\">{\"@context\":\"https:\/\/schema.org\",\"@graph\":[{\"@type\":\"WebPage\",\"@id\":\"https:\/\/cozyanddozy.com\/pl\/produkt\/namiot-tipi-z-mata-candy-pink\/\",\"url\":\"https:\/\/cozyanddozy.com\/pl\/produkt\/namiot-tipi-z-mata-candy-pink\/\",\"name\":\"Namiot tipi z mat\u0105 Candy Pink - Cozy & Dozy\",\"isPartOf\":{\"@id\":\"https:\/\/cozyanddozy.com\/pl\/#website\"},\"primaryImageOfPage\":{\"@id\":\"https:\/\/cozyanddozy.com\/pl\/produkt\/namiot-tipi-z-mata-candy-pink\/#primaryimage\"},\"image\":{\"@id\":\"https:\/\/cozyanddozy.com\/pl\/produkt\/namiot-tipi-z-mata-candy-pink\/#primaryimage\"},\"thumbnailUrl\":\"https:\/\/cozyanddozy.com\/pl\/wp-content\/uploads\/2023\/02\/candy-pink-tipi.jpg\",\"datePublished\":\"2022-02-25T10:25:19+00:00\",\"dateModified\":\"2025-01-29T17:34:11+00:00\",\"description\":\"Namiot do zabawy z serii CANDY, to tipi w paski z\u00a0mi\u0119kka mat\u0105. Namiot Candy wykonany jest z mocnego p\u0142\u00f3tna i ozdobiony kolorow\u0105 bawe\u0142n\u0105 przypominaj\u0105c\u0105 markizy.\",\"breadcrumb\":{\"@id\":\"https:\/\/cozyanddozy.com\/pl\/produkt\/namiot-tipi-z-mata-candy-pink\/#breadcrumb\"},\"inLanguage\":\"pl-PL\",\"potentialAction\":[{\"@type\":\"ReadAction\",\"target\":[\"https:\/\/cozyanddozy.com\/pl\/produkt\/namiot-tipi-z-mata-candy-pink\/\"]}]},{\"@type\":\"ImageObject\",\"inLanguage\":\"pl-PL\",\"@id\":\"https:\/\/cozyanddozy.com\/pl\/produkt\/namiot-tipi-z-mata-candy-pink\/#primaryimage\",\"url\":\"https:\/\/cozyanddozy.com\/pl\/wp-content\/uploads\/2023\/02\/candy-pink-tipi.jpg\",\"contentUrl\":\"https:\/\/cozyanddozy.com\/pl\/wp-content\/uploads\/2023\/02\/candy-pink-tipi.jpg\",\"width\":1200,\"height\":1200},{\"@type\":\"BreadcrumbList\",\"@id\":\"https:\/\/cozyanddozy.com\/pl\/produkt\/namiot-tipi-z-mata-candy-pink\/#breadcrumb\",\"itemListElement\":[{\"@type\":\"ListItem\",\"position\":1,\"name\":\"Home\",\"item\":\"https:\/\/cozyanddozy.com\/pl\/\"},{\"@type\":\"ListItem\",\"position\":2,\"name\":\"Sklep\",\"item\":\"https:\/\/cozyanddozy.com\/pl\/sklep\/\"},{\"@type\":\"ListItem\",\"position\":3,\"name\":\"Namiot tipi z mat\u0105 Candy Pink\"}]},{\"@type\":\"WebSite\",\"@id\":\"https:\/\/cozyanddozy.com\/pl\/#website\",\"url\":\"https:\/\/cozyanddozy.com\/pl\/\",\"name\":\"Cozy & Dozy\",\"description\":\"\",\"potentialAction\":[{\"@type\":\"SearchAction\",\"target\":{\"@type\":\"EntryPoint\",\"urlTemplate\":\"https:\/\/cozyanddozy.com\/pl\/?s={search_term_string}\"},\"query-input\":{\"@type\":\"PropertyValueSpecification\",\"valueRequired\":true,\"valueName\":\"search_term_string\"}}],\"inLanguage\":\"pl-PL\"}]}<\/script>\n<meta property=\"product:price:amount\" content=\"399.00\" \/>\n<meta property=\"product:price:currency\" content=\"PLN\" \/>\n<meta property=\"og:availability\" content=\"instock\" \/>\n<meta property=\"product:availability\" content=\"instock\" \/>\n<meta property=\"product:retailer_item_id\" content=\"5902701495299\" \/>\n<meta property=\"product:condition\" content=\"new\" \/>\n<!-- \/ Yoast SEO Premium plugin. -->","yoast_head_json":{"title":"Namiot tipi z mat\u0105 Candy Pink - Cozy & Dozy","description":"Namiot do zabawy z serii CANDY, to tipi w paski z\u00a0mi\u0119kka mat\u0105. Namiot Candy wykonany jest z mocnego p\u0142\u00f3tna i ozdobiony kolorow\u0105 bawe\u0142n\u0105 przypominaj\u0105c\u0105 markizy.","robots":{"index":"index","follow":"follow","max-snippet":"max-snippet:-1","max-image-preview":"max-image-preview:large","max-video-preview":"max-video-preview:-1"},"canonical":"https:\/\/cozyanddozy.com\/pl\/produkt\/namiot-tipi-z-mata-candy-pink\/","og_locale":"pl_PL","og_type":"article","og_title":"Namiot tipi z mat\u0105 Candy Pink","og_description":"Namiot do zabawy z serii CANDY, to tipi w paski z\u00a0mi\u0119kka mat\u0105. Namiot Candy wykonany jest z mocnego p\u0142\u00f3tna i ozdobiony kolorow\u0105 bawe\u0142n\u0105 przypominaj\u0105c\u0105 markizy.","og_url":"https:\/\/cozyanddozy.com\/pl\/produkt\/namiot-tipi-z-mata-candy-pink\/","og_site_name":"Cozy &amp; Dozy","article_modified_time":"2025-01-29T17:34:11+00:00","og_image":[{"width":1200,"height":1200,"url":"https:\/\/cozyanddozy.com\/pl\/wp-content\/uploads\/2023\/02\/candy-pink-tipi.jpg","type":"image\/jpeg"}],"twitter_card":"summary_large_image","twitter_misc":{"Cena":"399,00&nbsp;&#122;&#322;","Dost\u0119pno\u015b\u0107":"Dost\u0119pny"},"schema":{"@context":"https:\/\/schema.org","@graph":[{"@type":"WebPage","@id":"https:\/\/cozyanddozy.com\/pl\/produkt\/namiot-tipi-z-mata-candy-pink\/","url":"https:\/\/cozyanddozy.com\/pl\/produkt\/namiot-tipi-z-mata-candy-pink\/","name":"Namiot tipi z mat\u0105 Candy Pink - Cozy & Dozy","isPartOf":{"@id":"https:\/\/cozyanddozy.com\/pl\/#website"},"primaryImageOfPage":{"@id":"https:\/\/cozyanddozy.com\/pl\/produkt\/namiot-tipi-z-mata-candy-pink\/#primaryimage"},"image":{"@id":"https:\/\/cozyanddozy.com\/pl\/produkt\/namiot-tipi-z-mata-candy-pink\/#primaryimage"},"thumbnailUrl":"https:\/\/cozyanddozy.com\/pl\/wp-content\/uploads\/2023\/02\/candy-pink-tipi.jpg","datePublished":"2022-02-25T10:25:19+00:00","dateModified":"2025-01-29T17:34:11+00:00","description":"Namiot do zabawy z serii CANDY, to tipi w paski z\u00a0mi\u0119kka mat\u0105. Namiot Candy wykonany jest z mocnego p\u0142\u00f3tna i ozdobiony kolorow\u0105 bawe\u0142n\u0105 przypominaj\u0105c\u0105 markizy.","breadcrumb":{"@id":"https:\/\/cozyanddozy.com\/pl\/produkt\/namiot-tipi-z-mata-candy-pink\/#breadcrumb"},"inLanguage":"pl-PL","potentialAction":[{"@type":"ReadAction","target":["https:\/\/cozyanddozy.com\/pl\/produkt\/namiot-tipi-z-mata-candy-pink\/"]}]},{"@type":"ImageObject","inLanguage":"pl-PL","@id":"https:\/\/cozyanddozy.com\/pl\/produkt\/namiot-tipi-z-mata-candy-pink\/#primaryimage","url":"https:\/\/cozyanddozy.com\/pl\/wp-content\/uploads\/2023\/02\/candy-pink-tipi.jpg","contentUrl":"https:\/\/cozyanddozy.com\/pl\/wp-content\/uploads\/2023\/02\/candy-pink-tipi.jpg","width":1200,"height":1200},{"@type":"BreadcrumbList","@id":"https:\/\/cozyanddozy.com\/pl\/produkt\/namiot-tipi-z-mata-candy-pink\/#breadcrumb","itemListElement":[{"@type":"ListItem","position":1,"name":"Home","item":"https:\/\/cozyanddozy.com\/pl\/"},{"@type":"ListItem","position":2,"name":"Sklep","item":"https:\/\/cozyanddozy.com\/pl\/sklep\/"},{"@type":"ListItem","position":3,"name":"Namiot tipi z mat\u0105 Candy Pink"}]},{"@type":"WebSite","@id":"https:\/\/cozyanddozy.com\/pl\/#website","url":"https:\/\/cozyanddozy.com\/pl\/","name":"Cozy & Dozy","description":"","potentialAction":[{"@type":"SearchAction","target":{"@type":"EntryPoint","urlTemplate":"https:\/\/cozyanddozy.com\/pl\/?s={search_term_string}"},"query-input":{"@type":"PropertyValueSpecification","valueRequired":true,"valueName":"search_term_string"}}],"inLanguage":"pl-PL"}]},"product_price_amount":"399.00","product_price_currency":"PLN","og_availability":"instock","product_availability":"instock","product_retailer_item_id":"5902701495299","product_condition":"new"},"_links":{"self":[{"href":"https:\/\/cozyanddozy.com\/pl\/wp-json\/wp\/v2\/product\/653","targetHints":{"allow":["GET"]}}],"collection":[{"href":"https:\/\/cozyanddozy.com\/pl\/wp-json\/wp\/v2\/product"}],"about":[{"href":"https:\/\/cozyanddozy.com\/pl\/wp-json\/wp\/v2\/types\/product"}],"replies":[{"embeddable":true,"href":"https:\/\/cozyanddozy.com\/pl\/wp-json\/wp\/v2\/comments?post=653"}],"wp:featuredmedia":[{"embeddable":true,"href":"https:\/\/cozyanddozy.com\/pl\/wp-json\/wp\/v2\/media\/654"}],"wp:attachment":[{"href":"https:\/\/cozyanddozy.com\/pl\/wp-json\/wp\/v2\/media?parent=653"}],"wp:term":[{"taxonomy":"product_brand","embeddable":true,"href":"https:\/\/cozyanddozy.com\/pl\/wp-json\/wp\/v2\/product_brand?post=653"},{"taxonomy":"product_cat","embeddable":true,"href":"https:\/\/cozyanddozy.com\/pl\/wp-json\/wp\/v2\/product_cat?post=653"},{"taxonomy":"product_tag","embeddable":true,"href":"https:\/\/cozyanddozy.com\/pl\/wp-json\/wp\/v2\/product_tag?post=653"}],"curies":[{"name":"wp","href":"https:\/\/api.w.org\/{rel}","templated":true}]}}