{"id":632,"date":"2022-02-23T16:22:11","date_gmt":"2022-02-23T16:22:11","guid":{"rendered":"https:\/\/cozyanddozy.com\/pl\/product\/velvet-kids-rug-beetle-bug-110x110-cm\/"},"modified":"2023-11-08T17:32:33","modified_gmt":"2023-11-08T16:32:33","slug":"mata-do-zabawy-z-velvetu-beetle-bug","status":"publish","type":"product","link":"https:\/\/cozyanddozy.com\/pl\/produkt\/mata-do-zabawy-z-velvetu-beetle-bug\/","title":{"rendered":"Mata do zabawy z velvetu Beetle Bug"},"content":{"rendered":"<p><b>Mi\u0119kka mata z grubego velvetu w kszta\u0142cie \u017cuczka Beetle Bug<\/b><\/p>\n<p>Mata \u015bwietnie nadaje si\u0119 jako element dekoracyjny w pokoju dziecka, mi\u0119kki dywanik \u2013 mata do zabawy.<\/p>\n<p>Mata jest sp\u00f3jna z nasz\u0105 kolekcj\u0105 Forest, w kt\u00f3rej znajdziesz poduszki, girlandy i namioty tipi.<\/p>\n<p><b>Miodowo granatowa mata w kszta\u0142cie \u017cuka o wymiarach : 110\u00d7110 cm<\/b><\/p>\n<p><b>Tkanina: Velvet welur \u2013 CE, wype\u0142nienie \u2013 antyalergiczna pianka<\/b><\/p>\n<p>Spos\u00f3b piel\u0119gnacji:<\/p>\n<ul>\n<li>Nie prasowa\u0107<\/li>\n<li>Mo\u017cna pra\u0107 w pralce w temperaturze 40 stopni, wirowanie \u2013 800 obrot\u00f3w<\/li>\n<li>Nie pra\u0107 chemicznie<\/li>\n<li>Nie wybiela\u0107<\/li>\n<\/ul>\n<p>Zaprojektowane i uszyte w Polsce przez Cozy&amp;Dozy.<\/p>\n<p>Wszystkie materia\u0142y s\u0105 bezpieczne dla dzieci i posiadaj\u0105 certyfikat jako\u015bci dla produkt\u00f3w dzieci\u0119cych CE.<\/p>\n","protected":false},"excerpt":{"rendered":"<p>Mata, dywanik w kszta\u0142cie \u017cuka. Mata Beetle o wymiarach 110\u00d7110 cm z grubego velvetu.<\/p>\n","protected":false},"featured_media":633,"comment_status":"open","ping_status":"closed","template":"","meta":[],"product_brand":[],"product_cat":[18],"product_tag":[],"class_list":{"0":"post-632","1":"product","2":"type-product","3":"status-publish","4":"has-post-thumbnail","6":"product_cat-worki-i-maty-do-zabawy","8":"first","9":"instock","10":"sale","11":"product-type-simple"},"yoast_head":"<!-- This site is optimized with the Yoast SEO Premium plugin v21.9 (Yoast SEO v27.0) - https:\/\/yoast.com\/product\/yoast-seo-premium-wordpress\/ -->\n<title>Mata do zabawy z velvetu Beetle Bug - Cozy &amp; Dozy<\/title>\n<meta name=\"description\" content=\"Mata, dywanik w kszta\u0142cie \u017cuka. Mata Beetle o wymiarach 110\u00d7110 cm z grubego velvetu.\" \/>\n<meta name=\"robots\" content=\"index, follow, max-snippet:-1, max-image-preview:large, max-video-preview:-1\" \/>\n<link rel=\"canonical\" href=\"https:\/\/cozyanddozy.com\/pl\/produkt\/mata-do-zabawy-z-velvetu-beetle-bug\/\" \/>\n<meta property=\"og:locale\" content=\"pl_PL\" \/>\n<meta property=\"og:type\" content=\"article\" \/>\n<meta property=\"og:title\" content=\"Mata do zabawy z velvetu Beetle Bug\" \/>\n<meta property=\"og:description\" content=\"Mata, dywanik w kszta\u0142cie \u017cuka. Mata Beetle o wymiarach 110\u00d7110 cm z grubego velvetu.\" \/>\n<meta property=\"og:url\" content=\"https:\/\/cozyanddozy.com\/pl\/produkt\/mata-do-zabawy-z-velvetu-beetle-bug\/\" \/>\n<meta property=\"og:site_name\" content=\"Cozy &amp; Dozy\" \/>\n<meta property=\"article:modified_time\" content=\"2023-11-08T16:32:33+00:00\" \/>\n<meta property=\"og:image\" content=\"https:\/\/cozyanddozy.com\/pl\/wp-content\/uploads\/2023\/02\/beetle-mat.jpg\" \/>\n\t<meta property=\"og:image:width\" content=\"1200\" \/>\n\t<meta property=\"og:image:height\" content=\"1200\" \/>\n\t<meta property=\"og:image:type\" content=\"image\/jpeg\" \/>\n<meta name=\"twitter:card\" content=\"summary_large_image\" \/>\n<meta name=\"twitter:label1\" content=\"Cena\" \/>\n\t<meta name=\"twitter:data1\" content=\"229,00&nbsp;&#122;&#322;\" \/>\n\t<meta name=\"twitter:label2\" content=\"Dost\u0119pno\u015b\u0107\" \/>\n\t<meta name=\"twitter:data2\" content=\"Dost\u0119pny\" \/>\n<script type=\"application\/ld+json\" class=\"yoast-schema-graph\">{\"@context\":\"https:\/\/schema.org\",\"@graph\":[{\"@type\":\"WebPage\",\"@id\":\"https:\/\/cozyanddozy.com\/pl\/produkt\/mata-do-zabawy-z-velvetu-beetle-bug\/\",\"url\":\"https:\/\/cozyanddozy.com\/pl\/produkt\/mata-do-zabawy-z-velvetu-beetle-bug\/\",\"name\":\"Mata do zabawy z velvetu Beetle Bug - Cozy & Dozy\",\"isPartOf\":{\"@id\":\"https:\/\/cozyanddozy.com\/pl\/#website\"},\"primaryImageOfPage\":{\"@id\":\"https:\/\/cozyanddozy.com\/pl\/produkt\/mata-do-zabawy-z-velvetu-beetle-bug\/#primaryimage\"},\"image\":{\"@id\":\"https:\/\/cozyanddozy.com\/pl\/produkt\/mata-do-zabawy-z-velvetu-beetle-bug\/#primaryimage\"},\"thumbnailUrl\":\"https:\/\/cozyanddozy.com\/pl\/wp-content\/uploads\/2023\/02\/beetle-mat.jpg\",\"datePublished\":\"2022-02-23T16:22:11+00:00\",\"dateModified\":\"2023-11-08T16:32:33+00:00\",\"description\":\"Mata, dywanik w kszta\u0142cie \u017cuka. Mata Beetle o wymiarach 110\u00d7110 cm z grubego velvetu.\",\"breadcrumb\":{\"@id\":\"https:\/\/cozyanddozy.com\/pl\/produkt\/mata-do-zabawy-z-velvetu-beetle-bug\/#breadcrumb\"},\"inLanguage\":\"pl-PL\",\"potentialAction\":[{\"@type\":\"ReadAction\",\"target\":[\"https:\/\/cozyanddozy.com\/pl\/produkt\/mata-do-zabawy-z-velvetu-beetle-bug\/\"]}]},{\"@type\":\"ImageObject\",\"inLanguage\":\"pl-PL\",\"@id\":\"https:\/\/cozyanddozy.com\/pl\/produkt\/mata-do-zabawy-z-velvetu-beetle-bug\/#primaryimage\",\"url\":\"https:\/\/cozyanddozy.com\/pl\/wp-content\/uploads\/2023\/02\/beetle-mat.jpg\",\"contentUrl\":\"https:\/\/cozyanddozy.com\/pl\/wp-content\/uploads\/2023\/02\/beetle-mat.jpg\",\"width\":1200,\"height\":1200},{\"@type\":\"BreadcrumbList\",\"@id\":\"https:\/\/cozyanddozy.com\/pl\/produkt\/mata-do-zabawy-z-velvetu-beetle-bug\/#breadcrumb\",\"itemListElement\":[{\"@type\":\"ListItem\",\"position\":1,\"name\":\"Home\",\"item\":\"https:\/\/cozyanddozy.com\/pl\/\"},{\"@type\":\"ListItem\",\"position\":2,\"name\":\"Sklep\",\"item\":\"https:\/\/cozyanddozy.com\/pl\/sklep\/\"},{\"@type\":\"ListItem\",\"position\":3,\"name\":\"Mata do zabawy z velvetu Beetle Bug\"}]},{\"@type\":\"WebSite\",\"@id\":\"https:\/\/cozyanddozy.com\/pl\/#website\",\"url\":\"https:\/\/cozyanddozy.com\/pl\/\",\"name\":\"Cozy & Dozy\",\"description\":\"\",\"potentialAction\":[{\"@type\":\"SearchAction\",\"target\":{\"@type\":\"EntryPoint\",\"urlTemplate\":\"https:\/\/cozyanddozy.com\/pl\/?s={search_term_string}\"},\"query-input\":{\"@type\":\"PropertyValueSpecification\",\"valueRequired\":true,\"valueName\":\"search_term_string\"}}],\"inLanguage\":\"pl-PL\"}]}<\/script>\n<meta property=\"product:price:amount\" content=\"229.00\" \/>\n<meta property=\"product:price:currency\" content=\"PLN\" \/>\n<meta property=\"og:availability\" content=\"instock\" \/>\n<meta property=\"product:availability\" content=\"instock\" \/>\n<meta property=\"product:retailer_item_id\" content=\"5902701496111\" \/>\n<meta property=\"product:condition\" content=\"new\" \/>\n<!-- \/ Yoast SEO Premium plugin. -->","yoast_head_json":{"title":"Mata do zabawy z velvetu Beetle Bug - Cozy & Dozy","description":"Mata, dywanik w kszta\u0142cie \u017cuka. Mata Beetle o wymiarach 110\u00d7110 cm z grubego velvetu.","robots":{"index":"index","follow":"follow","max-snippet":"max-snippet:-1","max-image-preview":"max-image-preview:large","max-video-preview":"max-video-preview:-1"},"canonical":"https:\/\/cozyanddozy.com\/pl\/produkt\/mata-do-zabawy-z-velvetu-beetle-bug\/","og_locale":"pl_PL","og_type":"article","og_title":"Mata do zabawy z velvetu Beetle Bug","og_description":"Mata, dywanik w kszta\u0142cie \u017cuka. Mata Beetle o wymiarach 110\u00d7110 cm z grubego velvetu.","og_url":"https:\/\/cozyanddozy.com\/pl\/produkt\/mata-do-zabawy-z-velvetu-beetle-bug\/","og_site_name":"Cozy &amp; Dozy","article_modified_time":"2023-11-08T16:32:33+00:00","og_image":[{"width":1200,"height":1200,"url":"https:\/\/cozyanddozy.com\/pl\/wp-content\/uploads\/2023\/02\/beetle-mat.jpg","type":"image\/jpeg"}],"twitter_card":"summary_large_image","twitter_misc":{"Cena":"229,00&nbsp;&#122;&#322;","Dost\u0119pno\u015b\u0107":"Dost\u0119pny"},"schema":{"@context":"https:\/\/schema.org","@graph":[{"@type":"WebPage","@id":"https:\/\/cozyanddozy.com\/pl\/produkt\/mata-do-zabawy-z-velvetu-beetle-bug\/","url":"https:\/\/cozyanddozy.com\/pl\/produkt\/mata-do-zabawy-z-velvetu-beetle-bug\/","name":"Mata do zabawy z velvetu Beetle Bug - Cozy & Dozy","isPartOf":{"@id":"https:\/\/cozyanddozy.com\/pl\/#website"},"primaryImageOfPage":{"@id":"https:\/\/cozyanddozy.com\/pl\/produkt\/mata-do-zabawy-z-velvetu-beetle-bug\/#primaryimage"},"image":{"@id":"https:\/\/cozyanddozy.com\/pl\/produkt\/mata-do-zabawy-z-velvetu-beetle-bug\/#primaryimage"},"thumbnailUrl":"https:\/\/cozyanddozy.com\/pl\/wp-content\/uploads\/2023\/02\/beetle-mat.jpg","datePublished":"2022-02-23T16:22:11+00:00","dateModified":"2023-11-08T16:32:33+00:00","description":"Mata, dywanik w kszta\u0142cie \u017cuka. Mata Beetle o wymiarach 110\u00d7110 cm z grubego velvetu.","breadcrumb":{"@id":"https:\/\/cozyanddozy.com\/pl\/produkt\/mata-do-zabawy-z-velvetu-beetle-bug\/#breadcrumb"},"inLanguage":"pl-PL","potentialAction":[{"@type":"ReadAction","target":["https:\/\/cozyanddozy.com\/pl\/produkt\/mata-do-zabawy-z-velvetu-beetle-bug\/"]}]},{"@type":"ImageObject","inLanguage":"pl-PL","@id":"https:\/\/cozyanddozy.com\/pl\/produkt\/mata-do-zabawy-z-velvetu-beetle-bug\/#primaryimage","url":"https:\/\/cozyanddozy.com\/pl\/wp-content\/uploads\/2023\/02\/beetle-mat.jpg","contentUrl":"https:\/\/cozyanddozy.com\/pl\/wp-content\/uploads\/2023\/02\/beetle-mat.jpg","width":1200,"height":1200},{"@type":"BreadcrumbList","@id":"https:\/\/cozyanddozy.com\/pl\/produkt\/mata-do-zabawy-z-velvetu-beetle-bug\/#breadcrumb","itemListElement":[{"@type":"ListItem","position":1,"name":"Home","item":"https:\/\/cozyanddozy.com\/pl\/"},{"@type":"ListItem","position":2,"name":"Sklep","item":"https:\/\/cozyanddozy.com\/pl\/sklep\/"},{"@type":"ListItem","position":3,"name":"Mata do zabawy z velvetu Beetle Bug"}]},{"@type":"WebSite","@id":"https:\/\/cozyanddozy.com\/pl\/#website","url":"https:\/\/cozyanddozy.com\/pl\/","name":"Cozy & Dozy","description":"","potentialAction":[{"@type":"SearchAction","target":{"@type":"EntryPoint","urlTemplate":"https:\/\/cozyanddozy.com\/pl\/?s={search_term_string}"},"query-input":{"@type":"PropertyValueSpecification","valueRequired":true,"valueName":"search_term_string"}}],"inLanguage":"pl-PL"}]},"product_price_amount":"229.00","product_price_currency":"PLN","og_availability":"instock","product_availability":"instock","product_retailer_item_id":"5902701496111","product_condition":"new"},"_links":{"self":[{"href":"https:\/\/cozyanddozy.com\/pl\/wp-json\/wp\/v2\/product\/632","targetHints":{"allow":["GET"]}}],"collection":[{"href":"https:\/\/cozyanddozy.com\/pl\/wp-json\/wp\/v2\/product"}],"about":[{"href":"https:\/\/cozyanddozy.com\/pl\/wp-json\/wp\/v2\/types\/product"}],"replies":[{"embeddable":true,"href":"https:\/\/cozyanddozy.com\/pl\/wp-json\/wp\/v2\/comments?post=632"}],"wp:featuredmedia":[{"embeddable":true,"href":"https:\/\/cozyanddozy.com\/pl\/wp-json\/wp\/v2\/media\/633"}],"wp:attachment":[{"href":"https:\/\/cozyanddozy.com\/pl\/wp-json\/wp\/v2\/media?parent=632"}],"wp:term":[{"taxonomy":"product_brand","embeddable":true,"href":"https:\/\/cozyanddozy.com\/pl\/wp-json\/wp\/v2\/product_brand?post=632"},{"taxonomy":"product_cat","embeddable":true,"href":"https:\/\/cozyanddozy.com\/pl\/wp-json\/wp\/v2\/product_cat?post=632"},{"taxonomy":"product_tag","embeddable":true,"href":"https:\/\/cozyanddozy.com\/pl\/wp-json\/wp\/v2\/product_tag?post=632"}],"curies":[{"name":"wp","href":"https:\/\/api.w.org\/{rel}","templated":true}]}}