{"id":614,"date":"2022-02-22T18:24:13","date_gmt":"2022-02-22T18:24:13","guid":{"rendered":"https:\/\/cozyanddozy.com\/pl\/product\/shell-kids-rug-velvet-play-mat-dark-pink\/"},"modified":"2025-01-29T18:35:29","modified_gmt":"2025-01-29T17:35:29","slug":"pikowana-mata-muszla-dark-pink-velvet-shell","status":"publish","type":"product","link":"https:\/\/cozyanddozy.com\/pl\/produkt\/pikowana-mata-muszla-dark-pink-velvet-shell\/","title":{"rendered":"Pikowana mata muszla \u2013 Dark Pink, Velvet Shell"},"content":{"rendered":"<p><b>Aksamitna mata w kszta\u0142cie muszli Velvet Shell od Cozy &amp; Dozy<\/b><\/p>\n<p>Velvetowy dywanik w kszta\u0142cie muszli, to mi\u0119kka mata do zabawy, kt\u00f3ra \u015bwietnie nadaje si\u0119 do r\u00f3\u017cnych aktywno\u015bci na pod\u0142odze. Idealnie sprawdzi si\u0119 zar\u00f3wno dla niemowlaka jak i do pokoju nastolatki. Mata muszelka dost\u0119pna jest w dw\u00f3ch odcieniach r\u00f3\u017cu \u2013 jasny i brudny r\u00f3\u017c. Velvet Shell jest sp\u00f3jn\u0105 z kolekcj\u0105 Little Mermaid, w kt\u00f3rej mo\u017cna znale\u017a\u0107 poduszki, girlandy i namioty.<\/p>\n<p><b>Mata pakowana jest w bawe\u0142niany woreczek.<\/b><\/p>\n<p>Wymiary:<\/p>\n<p><strong>mata muszla w kolorze brudnego r\u00f3\u017cu ( +\/- 2.5 cm)110\u00d7115 cm<\/strong><\/p>\n<p>Materia\u0142:<\/p>\n<ul>\n<li>100% velvet,\u00a0certyfikat<\/li>\n<li>wype\u0142nienie antyalergiczne \u2013 kulka silikonowa<\/li>\n<\/ul>\n<p>Pranie :<\/p>\n<ul>\n<li>w pralce 40 stopni<\/li>\n<li>nie prasowa\u0107<\/li>\n<li>mo\u017cna suszy\u0107 w suszarce b\u0119bnowej<\/li>\n<li>nie chlorowa\u0107, nie wybiela\u0107<\/li>\n<\/ul>\n<p><b>Wszystkie artyku\u0142y Cozy &amp; Dozy s\u0105 projektowane i szyte w Polsce.<\/b><\/p>\n","protected":false},"excerpt":{"rendered":"<p>Pikowana, gruba mata do zabawy w kszta\u0142cie muszli. Dywanik do pokoju dziecka w kolorze brudnego r\u00f3\u017cu.<\/p>\n","protected":false},"featured_media":615,"comment_status":"open","ping_status":"closed","template":"","meta":[],"product_brand":[],"product_cat":[18],"product_tag":[],"class_list":{"0":"post-614","1":"product","2":"type-product","3":"status-publish","4":"has-post-thumbnail","6":"product_cat-worki-i-maty-do-zabawy","8":"first","9":"instock","10":"sale","11":"product-type-simple"},"yoast_head":"<!-- This site is optimized with the Yoast SEO Premium plugin v21.9 (Yoast SEO v27.0) - https:\/\/yoast.com\/product\/yoast-seo-premium-wordpress\/ -->\n<title>Pikowana mata muszla \u2013 Dark Pink, Velvet Shell - Cozy &amp; Dozy<\/title>\n<meta name=\"description\" content=\"Pikowana, gruba mata do zabawy w kszta\u0142cie muszli. Dywanik do pokoju dziecka w kolorze brudnego r\u00f3\u017cu.\" \/>\n<meta name=\"robots\" content=\"index, follow, max-snippet:-1, max-image-preview:large, max-video-preview:-1\" \/>\n<link rel=\"canonical\" href=\"https:\/\/cozyanddozy.com\/pl\/produkt\/pikowana-mata-muszla-dark-pink-velvet-shell\/\" \/>\n<meta property=\"og:locale\" content=\"pl_PL\" \/>\n<meta property=\"og:type\" content=\"article\" \/>\n<meta property=\"og:title\" content=\"Pikowana mata muszla \u2013 Dark Pink, Velvet Shell\" \/>\n<meta property=\"og:description\" content=\"Pikowana, gruba mata do zabawy w kszta\u0142cie muszli. Dywanik do pokoju dziecka w kolorze brudnego r\u00f3\u017cu.\" \/>\n<meta property=\"og:url\" content=\"https:\/\/cozyanddozy.com\/pl\/produkt\/pikowana-mata-muszla-dark-pink-velvet-shell\/\" \/>\n<meta property=\"og:site_name\" content=\"Cozy &amp; Dozy\" \/>\n<meta property=\"article:modified_time\" content=\"2025-01-29T17:35:29+00:00\" \/>\n<meta property=\"og:image\" content=\"https:\/\/cozyanddozy.com\/pl\/wp-content\/uploads\/2023\/02\/pink-tipi-velvet-1-1187x1200.png\" \/>\n\t<meta property=\"og:image:width\" content=\"1187\" \/>\n\t<meta property=\"og:image:height\" content=\"1200\" \/>\n\t<meta property=\"og:image:type\" content=\"image\/png\" \/>\n<meta name=\"twitter:card\" content=\"summary_large_image\" \/>\n<meta name=\"twitter:label1\" content=\"Cena\" \/>\n\t<meta name=\"twitter:data1\" content=\"129,00&nbsp;&#122;&#322;\" \/>\n\t<meta name=\"twitter:label2\" content=\"Dost\u0119pno\u015b\u0107\" \/>\n\t<meta name=\"twitter:data2\" content=\"Dost\u0119pny\" \/>\n<script type=\"application\/ld+json\" class=\"yoast-schema-graph\">{\"@context\":\"https:\/\/schema.org\",\"@graph\":[{\"@type\":\"WebPage\",\"@id\":\"https:\/\/cozyanddozy.com\/pl\/produkt\/pikowana-mata-muszla-dark-pink-velvet-shell\/\",\"url\":\"https:\/\/cozyanddozy.com\/pl\/produkt\/pikowana-mata-muszla-dark-pink-velvet-shell\/\",\"name\":\"Pikowana mata muszla \u2013 Dark Pink, Velvet Shell - Cozy & Dozy\",\"isPartOf\":{\"@id\":\"https:\/\/cozyanddozy.com\/pl\/#website\"},\"primaryImageOfPage\":{\"@id\":\"https:\/\/cozyanddozy.com\/pl\/produkt\/pikowana-mata-muszla-dark-pink-velvet-shell\/#primaryimage\"},\"image\":{\"@id\":\"https:\/\/cozyanddozy.com\/pl\/produkt\/pikowana-mata-muszla-dark-pink-velvet-shell\/#primaryimage\"},\"thumbnailUrl\":\"https:\/\/cozyanddozy.com\/pl\/wp-content\/uploads\/2023\/02\/pink-tipi-velvet-1.png\",\"datePublished\":\"2022-02-22T18:24:13+00:00\",\"dateModified\":\"2025-01-29T17:35:29+00:00\",\"description\":\"Pikowana, gruba mata do zabawy w kszta\u0142cie muszli. Dywanik do pokoju dziecka w kolorze brudnego r\u00f3\u017cu.\",\"breadcrumb\":{\"@id\":\"https:\/\/cozyanddozy.com\/pl\/produkt\/pikowana-mata-muszla-dark-pink-velvet-shell\/#breadcrumb\"},\"inLanguage\":\"pl-PL\",\"potentialAction\":[{\"@type\":\"ReadAction\",\"target\":[\"https:\/\/cozyanddozy.com\/pl\/produkt\/pikowana-mata-muszla-dark-pink-velvet-shell\/\"]}]},{\"@type\":\"ImageObject\",\"inLanguage\":\"pl-PL\",\"@id\":\"https:\/\/cozyanddozy.com\/pl\/produkt\/pikowana-mata-muszla-dark-pink-velvet-shell\/#primaryimage\",\"url\":\"https:\/\/cozyanddozy.com\/pl\/wp-content\/uploads\/2023\/02\/pink-tipi-velvet-1.png\",\"contentUrl\":\"https:\/\/cozyanddozy.com\/pl\/wp-content\/uploads\/2023\/02\/pink-tipi-velvet-1.png\",\"width\":1200,\"height\":1213},{\"@type\":\"BreadcrumbList\",\"@id\":\"https:\/\/cozyanddozy.com\/pl\/produkt\/pikowana-mata-muszla-dark-pink-velvet-shell\/#breadcrumb\",\"itemListElement\":[{\"@type\":\"ListItem\",\"position\":1,\"name\":\"Home\",\"item\":\"https:\/\/cozyanddozy.com\/pl\/\"},{\"@type\":\"ListItem\",\"position\":2,\"name\":\"Sklep\",\"item\":\"https:\/\/cozyanddozy.com\/pl\/sklep\/\"},{\"@type\":\"ListItem\",\"position\":3,\"name\":\"Pikowana mata muszla \u2013 Dark Pink, Velvet Shell\"}]},{\"@type\":\"WebSite\",\"@id\":\"https:\/\/cozyanddozy.com\/pl\/#website\",\"url\":\"https:\/\/cozyanddozy.com\/pl\/\",\"name\":\"Cozy & Dozy\",\"description\":\"\",\"potentialAction\":[{\"@type\":\"SearchAction\",\"target\":{\"@type\":\"EntryPoint\",\"urlTemplate\":\"https:\/\/cozyanddozy.com\/pl\/?s={search_term_string}\"},\"query-input\":{\"@type\":\"PropertyValueSpecification\",\"valueRequired\":true,\"valueName\":\"search_term_string\"}}],\"inLanguage\":\"pl-PL\"}]}<\/script>\n<meta property=\"product:price:amount\" content=\"129.00\" \/>\n<meta property=\"product:price:currency\" content=\"PLN\" \/>\n<meta property=\"og:availability\" content=\"instock\" \/>\n<meta property=\"product:availability\" content=\"instock\" \/>\n<meta property=\"product:retailer_item_id\" content=\"5902701495640\" \/>\n<meta property=\"product:condition\" content=\"new\" \/>\n<!-- \/ Yoast SEO Premium plugin. -->","yoast_head_json":{"title":"Pikowana mata muszla \u2013 Dark Pink, Velvet Shell - Cozy & Dozy","description":"Pikowana, gruba mata do zabawy w kszta\u0142cie muszli. Dywanik do pokoju dziecka w kolorze brudnego r\u00f3\u017cu.","robots":{"index":"index","follow":"follow","max-snippet":"max-snippet:-1","max-image-preview":"max-image-preview:large","max-video-preview":"max-video-preview:-1"},"canonical":"https:\/\/cozyanddozy.com\/pl\/produkt\/pikowana-mata-muszla-dark-pink-velvet-shell\/","og_locale":"pl_PL","og_type":"article","og_title":"Pikowana mata muszla \u2013 Dark Pink, Velvet Shell","og_description":"Pikowana, gruba mata do zabawy w kszta\u0142cie muszli. Dywanik do pokoju dziecka w kolorze brudnego r\u00f3\u017cu.","og_url":"https:\/\/cozyanddozy.com\/pl\/produkt\/pikowana-mata-muszla-dark-pink-velvet-shell\/","og_site_name":"Cozy &amp; Dozy","article_modified_time":"2025-01-29T17:35:29+00:00","og_image":[{"width":1187,"height":1200,"url":"https:\/\/cozyanddozy.com\/pl\/wp-content\/uploads\/2023\/02\/pink-tipi-velvet-1-1187x1200.png","type":"image\/png"}],"twitter_card":"summary_large_image","twitter_misc":{"Cena":"129,00&nbsp;&#122;&#322;","Dost\u0119pno\u015b\u0107":"Dost\u0119pny"},"schema":{"@context":"https:\/\/schema.org","@graph":[{"@type":"WebPage","@id":"https:\/\/cozyanddozy.com\/pl\/produkt\/pikowana-mata-muszla-dark-pink-velvet-shell\/","url":"https:\/\/cozyanddozy.com\/pl\/produkt\/pikowana-mata-muszla-dark-pink-velvet-shell\/","name":"Pikowana mata muszla \u2013 Dark Pink, Velvet Shell - Cozy & Dozy","isPartOf":{"@id":"https:\/\/cozyanddozy.com\/pl\/#website"},"primaryImageOfPage":{"@id":"https:\/\/cozyanddozy.com\/pl\/produkt\/pikowana-mata-muszla-dark-pink-velvet-shell\/#primaryimage"},"image":{"@id":"https:\/\/cozyanddozy.com\/pl\/produkt\/pikowana-mata-muszla-dark-pink-velvet-shell\/#primaryimage"},"thumbnailUrl":"https:\/\/cozyanddozy.com\/pl\/wp-content\/uploads\/2023\/02\/pink-tipi-velvet-1.png","datePublished":"2022-02-22T18:24:13+00:00","dateModified":"2025-01-29T17:35:29+00:00","description":"Pikowana, gruba mata do zabawy w kszta\u0142cie muszli. Dywanik do pokoju dziecka w kolorze brudnego r\u00f3\u017cu.","breadcrumb":{"@id":"https:\/\/cozyanddozy.com\/pl\/produkt\/pikowana-mata-muszla-dark-pink-velvet-shell\/#breadcrumb"},"inLanguage":"pl-PL","potentialAction":[{"@type":"ReadAction","target":["https:\/\/cozyanddozy.com\/pl\/produkt\/pikowana-mata-muszla-dark-pink-velvet-shell\/"]}]},{"@type":"ImageObject","inLanguage":"pl-PL","@id":"https:\/\/cozyanddozy.com\/pl\/produkt\/pikowana-mata-muszla-dark-pink-velvet-shell\/#primaryimage","url":"https:\/\/cozyanddozy.com\/pl\/wp-content\/uploads\/2023\/02\/pink-tipi-velvet-1.png","contentUrl":"https:\/\/cozyanddozy.com\/pl\/wp-content\/uploads\/2023\/02\/pink-tipi-velvet-1.png","width":1200,"height":1213},{"@type":"BreadcrumbList","@id":"https:\/\/cozyanddozy.com\/pl\/produkt\/pikowana-mata-muszla-dark-pink-velvet-shell\/#breadcrumb","itemListElement":[{"@type":"ListItem","position":1,"name":"Home","item":"https:\/\/cozyanddozy.com\/pl\/"},{"@type":"ListItem","position":2,"name":"Sklep","item":"https:\/\/cozyanddozy.com\/pl\/sklep\/"},{"@type":"ListItem","position":3,"name":"Pikowana mata muszla \u2013 Dark Pink, Velvet Shell"}]},{"@type":"WebSite","@id":"https:\/\/cozyanddozy.com\/pl\/#website","url":"https:\/\/cozyanddozy.com\/pl\/","name":"Cozy & Dozy","description":"","potentialAction":[{"@type":"SearchAction","target":{"@type":"EntryPoint","urlTemplate":"https:\/\/cozyanddozy.com\/pl\/?s={search_term_string}"},"query-input":{"@type":"PropertyValueSpecification","valueRequired":true,"valueName":"search_term_string"}}],"inLanguage":"pl-PL"}]},"product_price_amount":"129.00","product_price_currency":"PLN","og_availability":"instock","product_availability":"instock","product_retailer_item_id":"5902701495640","product_condition":"new"},"_links":{"self":[{"href":"https:\/\/cozyanddozy.com\/pl\/wp-json\/wp\/v2\/product\/614","targetHints":{"allow":["GET"]}}],"collection":[{"href":"https:\/\/cozyanddozy.com\/pl\/wp-json\/wp\/v2\/product"}],"about":[{"href":"https:\/\/cozyanddozy.com\/pl\/wp-json\/wp\/v2\/types\/product"}],"replies":[{"embeddable":true,"href":"https:\/\/cozyanddozy.com\/pl\/wp-json\/wp\/v2\/comments?post=614"}],"wp:featuredmedia":[{"embeddable":true,"href":"https:\/\/cozyanddozy.com\/pl\/wp-json\/wp\/v2\/media\/615"}],"wp:attachment":[{"href":"https:\/\/cozyanddozy.com\/pl\/wp-json\/wp\/v2\/media?parent=614"}],"wp:term":[{"taxonomy":"product_brand","embeddable":true,"href":"https:\/\/cozyanddozy.com\/pl\/wp-json\/wp\/v2\/product_brand?post=614"},{"taxonomy":"product_cat","embeddable":true,"href":"https:\/\/cozyanddozy.com\/pl\/wp-json\/wp\/v2\/product_cat?post=614"},{"taxonomy":"product_tag","embeddable":true,"href":"https:\/\/cozyanddozy.com\/pl\/wp-json\/wp\/v2\/product_tag?post=614"}],"curies":[{"name":"wp","href":"https:\/\/api.w.org\/{rel}","templated":true}]}}