{"id":602,"date":"2022-01-29T17:23:57","date_gmt":"2022-01-29T17:23:57","guid":{"rendered":"https:\/\/cozyanddozy.com\/pl\/product\/pillow-bull-velvet-cushion\/"},"modified":"2025-01-29T18:36:20","modified_gmt":"2025-01-29T17:36:20","slug":"poduszka-bull-brazowa-dekoracyjna-poduszka","status":"publish","type":"product","link":"https:\/\/cozyanddozy.com\/pl\/produkt\/poduszka-bull-brazowa-dekoracyjna-poduszka\/","title":{"rendered":"Poduszka Bull, br\u0105zowa dekoracyjna poduszka"},"content":{"rendered":"<h3>Hej przygodo! Baw si\u0119 razem z Cozy &amp; Dozy<\/h3>\n<p>Od przytulnej poduszki Bull <strong>nie da si\u0119 oderwa\u0107 r\u0105k<\/strong>! Wykonana jest z bardzo mi\u0119kkiego velvetu. Materia\u0142 ten sprawia, \u017ce korzystanie z poduszki jest\u00a0<strong>niezwykle przyjemnym do\u015bwiadczeniem<\/strong>. Twoje dziecko z pewno\u015bci\u0105 b\u0119dzie j\u0105 ch\u0119tnie przytula\u0107 i zabiera\u0107 ze sob\u0105 na wszystkie drzemki.<\/p>\n<p><strong>Bezpiecze\u0144stwo dzieciak\u00f3w jest dla nas zawsze na pierwszym miejscu<\/strong>, dlatego poduszka zosta\u0142a wykonana z najwy\u017cszej jako\u015bci 100% velvetu. Materia\u0142 ten posiada certyfikat , CE, co oznacza, \u017ce jest przyjazny dla nawet najbardziej wra\u017cliwej sk\u00f3ry \u2013 nie wywo\u0142uje alergii i podra\u017cnie\u0144. Zatem bez obaw mo\u017cesz podarowa\u0107 dziecku nasze produkt.<\/p>\n<p>Poduszka Bull jest produktem\u00a0<strong>wyj\u0105tkowym i niepowtarzalnym<\/strong>. Zosta\u0142a przez nas zaprojektowana, dopracowana w najmniejszych szczeg\u00f3\u0142ach i uszyta przez nasze do\u015bwiadczone krawcowe. Dzi\u0119ki temu masz pewno\u015b\u0107, \u017ce otrzymujesz\u00a0<strong>produkt najwy\u017cszej jako\u015bci<\/strong>, naprawd\u0119 starannie wykonany. Jest to dla nas bardzo wa\u017cne z jednego konkretnego powodu. Z naszych do\u015bwiadcze\u0144 wynika, \u017ce dzieci najlepiej ucz\u0105 si\u0119 poprzez dobry przyk\u0142ad, jaki daj\u0105 mu jego rodzice. Gdy Twoja pociecha otrzyma\u00a0<strong>pi\u0119kny, jako\u015bciowy produkt<\/strong>, ju\u017c od najm\u0142odszych lat b\u0119dzie mog\u0142a uczy\u0107 si\u0119 po\u0142\u0105cze\u0144 kolorystycznych i poczucia estetyki. B\u0119dzie te\u017c wiedzia\u0142a, \u017ce warto inwestowa\u0107 w dobrej jako\u015bci produkty, gdy\u017c pozostaj\u0105 one z nami na d\u0142u\u017cej.<\/p>\n<p>Niejednokrotnie byli\u015bmy \u015bwiadkami, gdy rodzice przed uroczysto\u015bciami rodzinnymi chowali poduszki czy zabawki swoich dzieci. Poduszkom Cozy &amp; Dozy to nie grozi \u2013 wygl\u0105daj\u0105 pi\u0119knie i efektownie w ka\u017cdym pokoju. Co wi\u0119cej, czasami s\u0142yszymy wr\u0119cz, \u017ce rodzice podkradaj\u0105 nasze poduchy swoim dzieciom.<\/p>\n<p><strong>Twoje dziecko uwielbia zwierz\u0119ta?<\/strong><\/p>\n<p>Poduszka Bull pi\u0119knie komponuje si\u0119 z pozosta\u0142ymi produktami z kolekcji Adventure \u2013 w ofercie Cozy &amp; Dozy znajdziesz namiot tipi, maty, inne poduszki oraz girland\u0119 do zestawu. Tym samym mo\u017cesz stworzy\u0107 swojemu dziecku sp\u00f3jn\u0105 przestrze\u0144 pe\u0142n\u0105 r\u00f3\u017cnorodnych produkt\u00f3w, z kt\u00f3rymi na pewno nuda w jego pokoju nie zago\u015bci.<\/p>\n<p><strong>Dane techniczne:<\/strong><\/p>\n<p><strong>Wymiar:<\/strong><\/p>\n<ul>\n<li>50 x 40 cm<\/li>\n<\/ul>\n<p><strong>Sk\u0142ad:<\/strong><\/p>\n<ul>\n<li>100% velvet (certyfikat , CE)<\/li>\n<li>wype\u0142nienie poduszek \u2013 kulka silikonowa, antyalergiczna. Dodatkowo wszyta w \u015brodku owata silikonowa zapobiega zbijaniu si\u0119 wype\u0142nienia.<\/li>\n<\/ul>\n<p><strong>Pranie:<\/strong><\/p>\n<ul>\n<li>Mo\u017cna pra\u0107 w pralce w temperaturze 40 stopni,<\/li>\n<li>wirowanie \u2013 800 obrot\u00f3w,<\/li>\n<li>nie pra\u0107 chemicznie, nie wybiela\u0107,<\/li>\n<li>Po praniu wstrz\u0105sn\u0105\u0107 w celu u\u0142o\u017cenia wsypu,<\/li>\n<li>suszy\u0107 na p\u0142askiej powierzchni.<\/li>\n<\/ul>\n<p>&nbsp;<\/p>\n","protected":false},"excerpt":{"rendered":"<p>Przytulna i du\u017ca poducha dekoracyjna Bull z delikatnego velvetu.<\/p>\n","protected":false},"featured_media":603,"comment_status":"open","ping_status":"closed","template":"","meta":[],"product_brand":[],"product_cat":[17],"product_tag":[],"class_list":{"0":"post-602","1":"product","2":"type-product","3":"status-publish","4":"has-post-thumbnail","6":"product_cat-poduszki-i-pufy","8":"first","9":"instock","10":"sale","11":"product-type-simple"},"yoast_head":"<!-- This site is optimized with the Yoast SEO Premium plugin v21.9 (Yoast SEO v27.0) - https:\/\/yoast.com\/product\/yoast-seo-premium-wordpress\/ -->\n<title>Poduszka Bull, br\u0105zowa dekoracyjna poduszka - Cozy &amp; Dozy<\/title>\n<meta name=\"description\" content=\"Przytulna i du\u017ca poducha dekoracyjna Bull z delikatnego velvetu.\" \/>\n<meta name=\"robots\" content=\"index, follow, max-snippet:-1, max-image-preview:large, max-video-preview:-1\" \/>\n<link rel=\"canonical\" href=\"https:\/\/cozyanddozy.com\/pl\/produkt\/poduszka-bull-brazowa-dekoracyjna-poduszka\/\" \/>\n<meta property=\"og:locale\" content=\"pl_PL\" \/>\n<meta property=\"og:type\" content=\"article\" \/>\n<meta property=\"og:title\" content=\"Poduszka Bull, br\u0105zowa dekoracyjna poduszka\" \/>\n<meta property=\"og:description\" content=\"Przytulna i du\u017ca poducha dekoracyjna Bull z delikatnego velvetu.\" \/>\n<meta property=\"og:url\" content=\"https:\/\/cozyanddozy.com\/pl\/produkt\/poduszka-bull-brazowa-dekoracyjna-poduszka\/\" \/>\n<meta property=\"og:site_name\" content=\"Cozy &amp; Dozy\" \/>\n<meta property=\"article:modified_time\" content=\"2025-01-29T17:36:20+00:00\" \/>\n<meta property=\"og:image\" content=\"https:\/\/cozyanddozy.com\/pl\/wp-content\/uploads\/2023\/02\/animal-pillows-1.jpg\" \/>\n\t<meta property=\"og:image:width\" content=\"1200\" \/>\n\t<meta property=\"og:image:height\" content=\"1200\" \/>\n\t<meta property=\"og:image:type\" content=\"image\/jpeg\" \/>\n<meta name=\"twitter:card\" content=\"summary_large_image\" \/>\n<meta name=\"twitter:label1\" content=\"Cena\" \/>\n\t<meta name=\"twitter:data1\" content=\"169,00&nbsp;&#122;&#322;\" \/>\n\t<meta name=\"twitter:label2\" content=\"Dost\u0119pno\u015b\u0107\" \/>\n\t<meta name=\"twitter:data2\" content=\"Dost\u0119pny\" \/>\n<script type=\"application\/ld+json\" class=\"yoast-schema-graph\">{\"@context\":\"https:\/\/schema.org\",\"@graph\":[{\"@type\":\"WebPage\",\"@id\":\"https:\/\/cozyanddozy.com\/pl\/produkt\/poduszka-bull-brazowa-dekoracyjna-poduszka\/\",\"url\":\"https:\/\/cozyanddozy.com\/pl\/produkt\/poduszka-bull-brazowa-dekoracyjna-poduszka\/\",\"name\":\"Poduszka Bull, br\u0105zowa dekoracyjna poduszka - Cozy & Dozy\",\"isPartOf\":{\"@id\":\"https:\/\/cozyanddozy.com\/pl\/#website\"},\"primaryImageOfPage\":{\"@id\":\"https:\/\/cozyanddozy.com\/pl\/produkt\/poduszka-bull-brazowa-dekoracyjna-poduszka\/#primaryimage\"},\"image\":{\"@id\":\"https:\/\/cozyanddozy.com\/pl\/produkt\/poduszka-bull-brazowa-dekoracyjna-poduszka\/#primaryimage\"},\"thumbnailUrl\":\"https:\/\/cozyanddozy.com\/pl\/wp-content\/uploads\/2023\/02\/animal-pillows-1.jpg\",\"datePublished\":\"2022-01-29T17:23:57+00:00\",\"dateModified\":\"2025-01-29T17:36:20+00:00\",\"description\":\"Przytulna i du\u017ca poducha dekoracyjna Bull z delikatnego velvetu.\",\"breadcrumb\":{\"@id\":\"https:\/\/cozyanddozy.com\/pl\/produkt\/poduszka-bull-brazowa-dekoracyjna-poduszka\/#breadcrumb\"},\"inLanguage\":\"pl-PL\",\"potentialAction\":[{\"@type\":\"ReadAction\",\"target\":[\"https:\/\/cozyanddozy.com\/pl\/produkt\/poduszka-bull-brazowa-dekoracyjna-poduszka\/\"]}]},{\"@type\":\"ImageObject\",\"inLanguage\":\"pl-PL\",\"@id\":\"https:\/\/cozyanddozy.com\/pl\/produkt\/poduszka-bull-brazowa-dekoracyjna-poduszka\/#primaryimage\",\"url\":\"https:\/\/cozyanddozy.com\/pl\/wp-content\/uploads\/2023\/02\/animal-pillows-1.jpg\",\"contentUrl\":\"https:\/\/cozyanddozy.com\/pl\/wp-content\/uploads\/2023\/02\/animal-pillows-1.jpg\",\"width\":1200,\"height\":1200},{\"@type\":\"BreadcrumbList\",\"@id\":\"https:\/\/cozyanddozy.com\/pl\/produkt\/poduszka-bull-brazowa-dekoracyjna-poduszka\/#breadcrumb\",\"itemListElement\":[{\"@type\":\"ListItem\",\"position\":1,\"name\":\"Home\",\"item\":\"https:\/\/cozyanddozy.com\/pl\/\"},{\"@type\":\"ListItem\",\"position\":2,\"name\":\"Sklep\",\"item\":\"https:\/\/cozyanddozy.com\/pl\/sklep\/\"},{\"@type\":\"ListItem\",\"position\":3,\"name\":\"Poduszka Bull, br\u0105zowa dekoracyjna poduszka\"}]},{\"@type\":\"WebSite\",\"@id\":\"https:\/\/cozyanddozy.com\/pl\/#website\",\"url\":\"https:\/\/cozyanddozy.com\/pl\/\",\"name\":\"Cozy & Dozy\",\"description\":\"\",\"potentialAction\":[{\"@type\":\"SearchAction\",\"target\":{\"@type\":\"EntryPoint\",\"urlTemplate\":\"https:\/\/cozyanddozy.com\/pl\/?s={search_term_string}\"},\"query-input\":{\"@type\":\"PropertyValueSpecification\",\"valueRequired\":true,\"valueName\":\"search_term_string\"}}],\"inLanguage\":\"pl-PL\"}]}<\/script>\n<meta property=\"product:price:amount\" content=\"169.00\" \/>\n<meta property=\"product:price:currency\" content=\"PLN\" \/>\n<meta property=\"og:availability\" content=\"instock\" \/>\n<meta property=\"product:availability\" content=\"instock\" \/>\n<meta property=\"product:retailer_item_id\" content=\"5902701495893\" \/>\n<meta property=\"product:condition\" content=\"new\" \/>\n<!-- \/ Yoast SEO Premium plugin. -->","yoast_head_json":{"title":"Poduszka Bull, br\u0105zowa dekoracyjna poduszka - Cozy & Dozy","description":"Przytulna i du\u017ca poducha dekoracyjna Bull z delikatnego velvetu.","robots":{"index":"index","follow":"follow","max-snippet":"max-snippet:-1","max-image-preview":"max-image-preview:large","max-video-preview":"max-video-preview:-1"},"canonical":"https:\/\/cozyanddozy.com\/pl\/produkt\/poduszka-bull-brazowa-dekoracyjna-poduszka\/","og_locale":"pl_PL","og_type":"article","og_title":"Poduszka Bull, br\u0105zowa dekoracyjna poduszka","og_description":"Przytulna i du\u017ca poducha dekoracyjna Bull z delikatnego velvetu.","og_url":"https:\/\/cozyanddozy.com\/pl\/produkt\/poduszka-bull-brazowa-dekoracyjna-poduszka\/","og_site_name":"Cozy &amp; Dozy","article_modified_time":"2025-01-29T17:36:20+00:00","og_image":[{"width":1200,"height":1200,"url":"https:\/\/cozyanddozy.com\/pl\/wp-content\/uploads\/2023\/02\/animal-pillows-1.jpg","type":"image\/jpeg"}],"twitter_card":"summary_large_image","twitter_misc":{"Cena":"169,00&nbsp;&#122;&#322;","Dost\u0119pno\u015b\u0107":"Dost\u0119pny"},"schema":{"@context":"https:\/\/schema.org","@graph":[{"@type":"WebPage","@id":"https:\/\/cozyanddozy.com\/pl\/produkt\/poduszka-bull-brazowa-dekoracyjna-poduszka\/","url":"https:\/\/cozyanddozy.com\/pl\/produkt\/poduszka-bull-brazowa-dekoracyjna-poduszka\/","name":"Poduszka Bull, br\u0105zowa dekoracyjna poduszka - Cozy & Dozy","isPartOf":{"@id":"https:\/\/cozyanddozy.com\/pl\/#website"},"primaryImageOfPage":{"@id":"https:\/\/cozyanddozy.com\/pl\/produkt\/poduszka-bull-brazowa-dekoracyjna-poduszka\/#primaryimage"},"image":{"@id":"https:\/\/cozyanddozy.com\/pl\/produkt\/poduszka-bull-brazowa-dekoracyjna-poduszka\/#primaryimage"},"thumbnailUrl":"https:\/\/cozyanddozy.com\/pl\/wp-content\/uploads\/2023\/02\/animal-pillows-1.jpg","datePublished":"2022-01-29T17:23:57+00:00","dateModified":"2025-01-29T17:36:20+00:00","description":"Przytulna i du\u017ca poducha dekoracyjna Bull z delikatnego velvetu.","breadcrumb":{"@id":"https:\/\/cozyanddozy.com\/pl\/produkt\/poduszka-bull-brazowa-dekoracyjna-poduszka\/#breadcrumb"},"inLanguage":"pl-PL","potentialAction":[{"@type":"ReadAction","target":["https:\/\/cozyanddozy.com\/pl\/produkt\/poduszka-bull-brazowa-dekoracyjna-poduszka\/"]}]},{"@type":"ImageObject","inLanguage":"pl-PL","@id":"https:\/\/cozyanddozy.com\/pl\/produkt\/poduszka-bull-brazowa-dekoracyjna-poduszka\/#primaryimage","url":"https:\/\/cozyanddozy.com\/pl\/wp-content\/uploads\/2023\/02\/animal-pillows-1.jpg","contentUrl":"https:\/\/cozyanddozy.com\/pl\/wp-content\/uploads\/2023\/02\/animal-pillows-1.jpg","width":1200,"height":1200},{"@type":"BreadcrumbList","@id":"https:\/\/cozyanddozy.com\/pl\/produkt\/poduszka-bull-brazowa-dekoracyjna-poduszka\/#breadcrumb","itemListElement":[{"@type":"ListItem","position":1,"name":"Home","item":"https:\/\/cozyanddozy.com\/pl\/"},{"@type":"ListItem","position":2,"name":"Sklep","item":"https:\/\/cozyanddozy.com\/pl\/sklep\/"},{"@type":"ListItem","position":3,"name":"Poduszka Bull, br\u0105zowa dekoracyjna poduszka"}]},{"@type":"WebSite","@id":"https:\/\/cozyanddozy.com\/pl\/#website","url":"https:\/\/cozyanddozy.com\/pl\/","name":"Cozy & Dozy","description":"","potentialAction":[{"@type":"SearchAction","target":{"@type":"EntryPoint","urlTemplate":"https:\/\/cozyanddozy.com\/pl\/?s={search_term_string}"},"query-input":{"@type":"PropertyValueSpecification","valueRequired":true,"valueName":"search_term_string"}}],"inLanguage":"pl-PL"}]},"product_price_amount":"169.00","product_price_currency":"PLN","og_availability":"instock","product_availability":"instock","product_retailer_item_id":"5902701495893","product_condition":"new"},"_links":{"self":[{"href":"https:\/\/cozyanddozy.com\/pl\/wp-json\/wp\/v2\/product\/602","targetHints":{"allow":["GET"]}}],"collection":[{"href":"https:\/\/cozyanddozy.com\/pl\/wp-json\/wp\/v2\/product"}],"about":[{"href":"https:\/\/cozyanddozy.com\/pl\/wp-json\/wp\/v2\/types\/product"}],"replies":[{"embeddable":true,"href":"https:\/\/cozyanddozy.com\/pl\/wp-json\/wp\/v2\/comments?post=602"}],"wp:featuredmedia":[{"embeddable":true,"href":"https:\/\/cozyanddozy.com\/pl\/wp-json\/wp\/v2\/media\/603"}],"wp:attachment":[{"href":"https:\/\/cozyanddozy.com\/pl\/wp-json\/wp\/v2\/media?parent=602"}],"wp:term":[{"taxonomy":"product_brand","embeddable":true,"href":"https:\/\/cozyanddozy.com\/pl\/wp-json\/wp\/v2\/product_brand?post=602"},{"taxonomy":"product_cat","embeddable":true,"href":"https:\/\/cozyanddozy.com\/pl\/wp-json\/wp\/v2\/product_cat?post=602"},{"taxonomy":"product_tag","embeddable":true,"href":"https:\/\/cozyanddozy.com\/pl\/wp-json\/wp\/v2\/product_tag?post=602"}],"curies":[{"name":"wp","href":"https:\/\/api.w.org\/{rel}","templated":true}]}}