{"id":544,"date":"2022-01-13T12:23:22","date_gmt":"2022-01-13T12:23:22","guid":{"rendered":"https:\/\/cozyanddozy.com\/pl\/product\/garland-forest-friends-pennant-velvet\/"},"modified":"2023-11-08T17:32:28","modified_gmt":"2023-11-08T16:32:28","slug":"girlanda-velvet-forest-life","status":"publish","type":"product","link":"https:\/\/cozyanddozy.com\/pl\/produkt\/girlanda-velvet-forest-life\/","title":{"rendered":"Girlanda Velvet Forest Life"},"content":{"rendered":"<h3>Stw\u00f3rz z\u00a0Cozy &amp; Dozy le\u015bny klimat w pokoju Twojego dziecka<\/h3>\n<p>Girlanda Forest Life jest idealnym pomys\u0142em na prezent\u00a0<strong>dla maluszka i starszego dziecka<\/strong>. Motywy le\u015bne, z kt\u00f3rych si\u0119 sk\u0142ada (posiada 5 zawieszek \u2013 3 listki i dwa \u017cuczki), z pewno\u015bci\u0105 zach\u0119c\u0105 dziecko do lepszego poznania le\u015bnego \u015bwiata. Ozdoba w kolorach ziemi b\u0119dzie tak\u017ce\u00a0<strong>pi\u0119knie komponowa\u0142a si\u0119 we wszystkich wn\u0119trzach.<\/strong><strong>\u00a0<\/strong><\/p>\n<p>Girlandy velvet, wykonane z mi\u0119kkich materia\u0142\u00f3w sprawiaj\u0105, \u017ce dzieci\u0119cy\u00a0<strong>pok\u00f3j staje si\u0119 miejscem ciep\u0142ym i przytulnym<\/strong>. Miejscem, w kt\u00f3rym\u00a0<strong>dziecko mo\u017ce czu\u0107 si\u0119 bezpiecznie i komfortowo<\/strong>. A dzi\u0119ki temu ch\u0119tniej sp\u0119dza w nim czas, bawi si\u0119 i odpoczywa.<\/p>\n<p>Girlanda Forest Life sprawdzi si\u0119 \u015bwietnie jako dekoracja pokoju dzieci\u0119cego, sali zabaw, przyj\u0119cia urodzinowego czy sesji fotograficznej. Doda wn\u0119trzu magicznego charakteru i podkre\u015bli si\u0142\u0119 oryginalno\u015bci.<\/p>\n<p>Ponadto girlanda zosta\u0142a od pocz\u0105tku do ko\u0144ca wykonana w naszej pracowni. Zatem dziecko otrzyma\u00a0<strong>prezent unikatowy i niepowtarzalny,<\/strong>\u00a0kt\u00f3ry z pewno\u015bci\u0105 przyci\u0105gnie jego uwag\u0119 i\u00a0<strong>sprawi niema\u0142\u0105 przyjemno\u015b\u0107<\/strong>. Dzieci lubi\u0105 r\u00f3wnie\u017c pokazywa\u0107 prezenty swoim kolegom i kole\u017cankom, a nasza girlanda na pewno wzbudzi ich zainteresowanie.<\/p>\n<p><strong>Bezpiecze\u0144stwo dzieciak\u00f3w jest dla nas na pierwszym miejscu<\/strong>, dlatego girlanda zosta\u0142a wykonana z najwy\u017cszej jako\u015bci 100% velvetu. Materia\u0142 ten posiada certyfikat , CE, co oznacza, \u017ce jest przyjazny dla nawet wra\u017cliwe sk\u00f3ry \u2013 nie wywo\u0142uje alergii i podra\u017cnie\u0144. Zatem bez obaw mo\u017cesz podarowa\u0107 dziecku nasze produkt.<\/p>\n<p><strong>Twoje dziecko uwielbia le\u015bne klimaty?<\/strong><\/p>\n<p>Girlanda Forest Life pi\u0119knie komponuje si\u0119 z pozosta\u0142ymi produktami z kolekcji Forest \u2013 w ofercie Cozy &amp; Dozy znajdziesz namiot tipi, maty oraz poduszki do zestawu. Tym samym mo\u017cesz stworzy\u0107 swojemu dziecku sp\u00f3jn\u0105 przestrze\u0144 pe\u0142n\u0105 r\u00f3\u017cnorodnych produkt\u00f3w, z kt\u00f3rymi na pewno nuda w pokoju nie zago\u015bci.<\/p>\n<p><strong>Dane techniczne:<\/strong><\/p>\n<p><strong>Wymiary:<\/strong><\/p>\n<ul>\n<li>D\u0142ugo\u015b\u0107: bawe\u0142niany sznurek \u2013 235 cm<\/li>\n<li>Wielko\u015b\u0107 ozdoby: listki\u2013 18 x16 cm, \u017cuczek 19 x 20 cm<\/li>\n<\/ul>\n<p><strong>Sk\u0142ad:<\/strong><\/p>\n<ul>\n<li>Ozdoba: 100% velvet (certyfikat , CE)<\/li>\n<li>Sznurek: 100% bawe\u0142na<\/li>\n<\/ul>\n<p><strong>Pranie:<\/strong><\/p>\n<ul>\n<li>Ozdoby mo\u017cna pra\u0107 w temperaturze 40 stopni<\/li>\n<li>Wirowanie \u2013 800 obrot\u00f3w<\/li>\n<li>Nie pra\u0107 chemicznie, nie wybiela\u0107<\/li>\n<li>Suszy\u0107 na p\u0142askiej powierzchni<\/li>\n<\/ul>\n","protected":false},"excerpt":{"rendered":"<p>Coraz cz\u0119\u015bciej w pokoikach dzieci\u0119cych dostrzegamy pi\u0119kne girlandy i wcale nas to nie dziwi! Girlandy to delikatne ozdoby, kt\u00f3re s\u0105 jak wisienka na torcie \u2013 tworz\u0105 magiczny klimat wn\u0119trza.<\/p>\n","protected":false},"featured_media":545,"comment_status":"open","ping_status":"closed","template":"","meta":[],"product_brand":[],"product_cat":[19],"product_tag":[],"class_list":{"0":"post-544","1":"product","2":"type-product","3":"status-publish","4":"has-post-thumbnail","6":"product_cat-akcesoria","7":"product_shipping_class-kije","9":"first","10":"instock","11":"product-type-simple"},"yoast_head":"<!-- This site is optimized with the Yoast SEO Premium plugin v21.9 (Yoast SEO v27.0) - https:\/\/yoast.com\/product\/yoast-seo-premium-wordpress\/ -->\n<title>Girlanda Velvet Forest Life - Cozy &amp; Dozy<\/title>\n<meta name=\"description\" content=\"Coraz cz\u0119\u015bciej w pokoikach dzieci\u0119cych dostrzegamy pi\u0119kne girlandy i wcale nas to nie dziwi! Girlandy to delikatne ozdoby, kt\u00f3re s\u0105 jak wisienka na torcie \u2013 tworz\u0105 magiczny klimat wn\u0119trza.\" \/>\n<meta name=\"robots\" content=\"index, follow, max-snippet:-1, max-image-preview:large, max-video-preview:-1\" \/>\n<link rel=\"canonical\" href=\"https:\/\/cozyanddozy.com\/pl\/produkt\/girlanda-velvet-forest-life\/\" \/>\n<meta property=\"og:locale\" content=\"pl_PL\" \/>\n<meta property=\"og:type\" content=\"article\" \/>\n<meta property=\"og:title\" content=\"Girlanda Velvet Forest Life\" \/>\n<meta property=\"og:description\" content=\"Coraz cz\u0119\u015bciej w pokoikach dzieci\u0119cych dostrzegamy pi\u0119kne girlandy i wcale nas to nie dziwi! Girlandy to delikatne ozdoby, kt\u00f3re s\u0105 jak wisienka na torcie \u2013 tworz\u0105 magiczny klimat wn\u0119trza.\" \/>\n<meta property=\"og:url\" content=\"https:\/\/cozyanddozy.com\/pl\/produkt\/girlanda-velvet-forest-life\/\" \/>\n<meta property=\"og:site_name\" content=\"Cozy &amp; Dozy\" \/>\n<meta property=\"article:modified_time\" content=\"2023-11-08T16:32:28+00:00\" \/>\n<meta property=\"og:image\" content=\"https:\/\/cozyanddozy.com\/pl\/wp-content\/uploads\/2023\/02\/image00001.jpeg\" \/>\n\t<meta property=\"og:image:width\" content=\"1202\" \/>\n\t<meta property=\"og:image:height\" content=\"1200\" \/>\n\t<meta property=\"og:image:type\" content=\"image\/jpeg\" \/>\n<meta name=\"twitter:card\" content=\"summary_large_image\" \/>\n<meta name=\"twitter:label1\" content=\"Cena\" \/>\n\t<meta name=\"twitter:data1\" content=\"149,00&nbsp;&#122;&#322;\" \/>\n\t<meta name=\"twitter:label2\" content=\"Dost\u0119pno\u015b\u0107\" \/>\n\t<meta name=\"twitter:data2\" content=\"Dost\u0119pny\" \/>\n<script type=\"application\/ld+json\" class=\"yoast-schema-graph\">{\"@context\":\"https:\/\/schema.org\",\"@graph\":[{\"@type\":\"WebPage\",\"@id\":\"https:\/\/cozyanddozy.com\/pl\/produkt\/girlanda-velvet-forest-life\/\",\"url\":\"https:\/\/cozyanddozy.com\/pl\/produkt\/girlanda-velvet-forest-life\/\",\"name\":\"Girlanda Velvet Forest Life - Cozy & Dozy\",\"isPartOf\":{\"@id\":\"https:\/\/cozyanddozy.com\/pl\/#website\"},\"primaryImageOfPage\":{\"@id\":\"https:\/\/cozyanddozy.com\/pl\/produkt\/girlanda-velvet-forest-life\/#primaryimage\"},\"image\":{\"@id\":\"https:\/\/cozyanddozy.com\/pl\/produkt\/girlanda-velvet-forest-life\/#primaryimage\"},\"thumbnailUrl\":\"https:\/\/cozyanddozy.com\/pl\/wp-content\/uploads\/2023\/02\/image00001.jpeg\",\"datePublished\":\"2022-01-13T12:23:22+00:00\",\"dateModified\":\"2023-11-08T16:32:28+00:00\",\"description\":\"Coraz cz\u0119\u015bciej w pokoikach dzieci\u0119cych dostrzegamy pi\u0119kne girlandy i wcale nas to nie dziwi! Girlandy to delikatne ozdoby, kt\u00f3re s\u0105 jak wisienka na torcie \u2013 tworz\u0105 magiczny klimat wn\u0119trza.\",\"breadcrumb\":{\"@id\":\"https:\/\/cozyanddozy.com\/pl\/produkt\/girlanda-velvet-forest-life\/#breadcrumb\"},\"inLanguage\":\"pl-PL\",\"potentialAction\":[{\"@type\":\"ReadAction\",\"target\":[\"https:\/\/cozyanddozy.com\/pl\/produkt\/girlanda-velvet-forest-life\/\"]}]},{\"@type\":\"ImageObject\",\"inLanguage\":\"pl-PL\",\"@id\":\"https:\/\/cozyanddozy.com\/pl\/produkt\/girlanda-velvet-forest-life\/#primaryimage\",\"url\":\"https:\/\/cozyanddozy.com\/pl\/wp-content\/uploads\/2023\/02\/image00001.jpeg\",\"contentUrl\":\"https:\/\/cozyanddozy.com\/pl\/wp-content\/uploads\/2023\/02\/image00001.jpeg\",\"width\":1202,\"height\":1200},{\"@type\":\"BreadcrumbList\",\"@id\":\"https:\/\/cozyanddozy.com\/pl\/produkt\/girlanda-velvet-forest-life\/#breadcrumb\",\"itemListElement\":[{\"@type\":\"ListItem\",\"position\":1,\"name\":\"Home\",\"item\":\"https:\/\/cozyanddozy.com\/pl\/\"},{\"@type\":\"ListItem\",\"position\":2,\"name\":\"Sklep\",\"item\":\"https:\/\/cozyanddozy.com\/pl\/sklep\/\"},{\"@type\":\"ListItem\",\"position\":3,\"name\":\"Girlanda Velvet Forest Life\"}]},{\"@type\":\"WebSite\",\"@id\":\"https:\/\/cozyanddozy.com\/pl\/#website\",\"url\":\"https:\/\/cozyanddozy.com\/pl\/\",\"name\":\"Cozy & Dozy\",\"description\":\"\",\"potentialAction\":[{\"@type\":\"SearchAction\",\"target\":{\"@type\":\"EntryPoint\",\"urlTemplate\":\"https:\/\/cozyanddozy.com\/pl\/?s={search_term_string}\"},\"query-input\":{\"@type\":\"PropertyValueSpecification\",\"valueRequired\":true,\"valueName\":\"search_term_string\"}}],\"inLanguage\":\"pl-PL\"}]}<\/script>\n<meta property=\"product:price:amount\" content=\"149.00\" \/>\n<meta property=\"product:price:currency\" content=\"PLN\" \/>\n<meta property=\"og:availability\" content=\"instock\" \/>\n<meta property=\"product:availability\" content=\"instock\" \/>\n<meta property=\"product:retailer_item_id\" content=\"5902701495794\" \/>\n<meta property=\"product:condition\" content=\"new\" \/>\n<!-- \/ Yoast SEO Premium plugin. -->","yoast_head_json":{"title":"Girlanda Velvet Forest Life - Cozy & Dozy","description":"Coraz cz\u0119\u015bciej w pokoikach dzieci\u0119cych dostrzegamy pi\u0119kne girlandy i wcale nas to nie dziwi! Girlandy to delikatne ozdoby, kt\u00f3re s\u0105 jak wisienka na torcie \u2013 tworz\u0105 magiczny klimat wn\u0119trza.","robots":{"index":"index","follow":"follow","max-snippet":"max-snippet:-1","max-image-preview":"max-image-preview:large","max-video-preview":"max-video-preview:-1"},"canonical":"https:\/\/cozyanddozy.com\/pl\/produkt\/girlanda-velvet-forest-life\/","og_locale":"pl_PL","og_type":"article","og_title":"Girlanda Velvet Forest Life","og_description":"Coraz cz\u0119\u015bciej w pokoikach dzieci\u0119cych dostrzegamy pi\u0119kne girlandy i wcale nas to nie dziwi! Girlandy to delikatne ozdoby, kt\u00f3re s\u0105 jak wisienka na torcie \u2013 tworz\u0105 magiczny klimat wn\u0119trza.","og_url":"https:\/\/cozyanddozy.com\/pl\/produkt\/girlanda-velvet-forest-life\/","og_site_name":"Cozy &amp; Dozy","article_modified_time":"2023-11-08T16:32:28+00:00","og_image":[{"width":1202,"height":1200,"url":"https:\/\/cozyanddozy.com\/pl\/wp-content\/uploads\/2023\/02\/image00001.jpeg","type":"image\/jpeg"}],"twitter_card":"summary_large_image","twitter_misc":{"Cena":"149,00&nbsp;&#122;&#322;","Dost\u0119pno\u015b\u0107":"Dost\u0119pny"},"schema":{"@context":"https:\/\/schema.org","@graph":[{"@type":"WebPage","@id":"https:\/\/cozyanddozy.com\/pl\/produkt\/girlanda-velvet-forest-life\/","url":"https:\/\/cozyanddozy.com\/pl\/produkt\/girlanda-velvet-forest-life\/","name":"Girlanda Velvet Forest Life - Cozy & Dozy","isPartOf":{"@id":"https:\/\/cozyanddozy.com\/pl\/#website"},"primaryImageOfPage":{"@id":"https:\/\/cozyanddozy.com\/pl\/produkt\/girlanda-velvet-forest-life\/#primaryimage"},"image":{"@id":"https:\/\/cozyanddozy.com\/pl\/produkt\/girlanda-velvet-forest-life\/#primaryimage"},"thumbnailUrl":"https:\/\/cozyanddozy.com\/pl\/wp-content\/uploads\/2023\/02\/image00001.jpeg","datePublished":"2022-01-13T12:23:22+00:00","dateModified":"2023-11-08T16:32:28+00:00","description":"Coraz cz\u0119\u015bciej w pokoikach dzieci\u0119cych dostrzegamy pi\u0119kne girlandy i wcale nas to nie dziwi! Girlandy to delikatne ozdoby, kt\u00f3re s\u0105 jak wisienka na torcie \u2013 tworz\u0105 magiczny klimat wn\u0119trza.","breadcrumb":{"@id":"https:\/\/cozyanddozy.com\/pl\/produkt\/girlanda-velvet-forest-life\/#breadcrumb"},"inLanguage":"pl-PL","potentialAction":[{"@type":"ReadAction","target":["https:\/\/cozyanddozy.com\/pl\/produkt\/girlanda-velvet-forest-life\/"]}]},{"@type":"ImageObject","inLanguage":"pl-PL","@id":"https:\/\/cozyanddozy.com\/pl\/produkt\/girlanda-velvet-forest-life\/#primaryimage","url":"https:\/\/cozyanddozy.com\/pl\/wp-content\/uploads\/2023\/02\/image00001.jpeg","contentUrl":"https:\/\/cozyanddozy.com\/pl\/wp-content\/uploads\/2023\/02\/image00001.jpeg","width":1202,"height":1200},{"@type":"BreadcrumbList","@id":"https:\/\/cozyanddozy.com\/pl\/produkt\/girlanda-velvet-forest-life\/#breadcrumb","itemListElement":[{"@type":"ListItem","position":1,"name":"Home","item":"https:\/\/cozyanddozy.com\/pl\/"},{"@type":"ListItem","position":2,"name":"Sklep","item":"https:\/\/cozyanddozy.com\/pl\/sklep\/"},{"@type":"ListItem","position":3,"name":"Girlanda Velvet Forest Life"}]},{"@type":"WebSite","@id":"https:\/\/cozyanddozy.com\/pl\/#website","url":"https:\/\/cozyanddozy.com\/pl\/","name":"Cozy & Dozy","description":"","potentialAction":[{"@type":"SearchAction","target":{"@type":"EntryPoint","urlTemplate":"https:\/\/cozyanddozy.com\/pl\/?s={search_term_string}"},"query-input":{"@type":"PropertyValueSpecification","valueRequired":true,"valueName":"search_term_string"}}],"inLanguage":"pl-PL"}]},"product_price_amount":"149.00","product_price_currency":"PLN","og_availability":"instock","product_availability":"instock","product_retailer_item_id":"5902701495794","product_condition":"new"},"_links":{"self":[{"href":"https:\/\/cozyanddozy.com\/pl\/wp-json\/wp\/v2\/product\/544","targetHints":{"allow":["GET"]}}],"collection":[{"href":"https:\/\/cozyanddozy.com\/pl\/wp-json\/wp\/v2\/product"}],"about":[{"href":"https:\/\/cozyanddozy.com\/pl\/wp-json\/wp\/v2\/types\/product"}],"replies":[{"embeddable":true,"href":"https:\/\/cozyanddozy.com\/pl\/wp-json\/wp\/v2\/comments?post=544"}],"wp:featuredmedia":[{"embeddable":true,"href":"https:\/\/cozyanddozy.com\/pl\/wp-json\/wp\/v2\/media\/545"}],"wp:attachment":[{"href":"https:\/\/cozyanddozy.com\/pl\/wp-json\/wp\/v2\/media?parent=544"}],"wp:term":[{"taxonomy":"product_brand","embeddable":true,"href":"https:\/\/cozyanddozy.com\/pl\/wp-json\/wp\/v2\/product_brand?post=544"},{"taxonomy":"product_cat","embeddable":true,"href":"https:\/\/cozyanddozy.com\/pl\/wp-json\/wp\/v2\/product_cat?post=544"},{"taxonomy":"product_tag","embeddable":true,"href":"https:\/\/cozyanddozy.com\/pl\/wp-json\/wp\/v2\/product_tag?post=544"}],"curies":[{"name":"wp","href":"https:\/\/api.w.org\/{rel}","templated":true}]}}