{"id":540,"date":"2022-01-13T12:17:43","date_gmt":"2022-01-13T12:17:43","guid":{"rendered":"https:\/\/cozyanddozy.com\/pl\/product\/tipi-poles-teepee-sticks\/"},"modified":"2023-11-08T17:32:27","modified_gmt":"2023-11-08T16:32:27","slug":"sosnowe-kije-drewniane-do-tipi","status":"publish","type":"product","link":"https:\/\/cozyanddozy.com\/pl\/produkt\/sosnowe-kije-drewniane-do-tipi\/","title":{"rendered":"Sosnowe kije drewniane do tipi"},"content":{"rendered":"<p>Drewniane kije do tipi, s\u0142u\u017c\u0105ce jako stela\u017c namiotu.<\/p>\n<p>Kije s\u0105 g\u0142adkie \u2013 dok\u0142adnie wyszlifowane.<\/p>\n<p>Sosnowe dr\u0105\u017cki do namiotu s\u0105 sk\u0142adane, tzn. jeden kij sk\u0142ada si\u0119 z dw\u00f3ch po\u0142\u00f3wek i metalowych \u0142\u0105cznik\u00f3w.<\/p>\n<p>Instrukcja sk\u0142adania do\u0142\u0105czona do ka\u017cdego kija.<\/p>\n<p>Wymiar:<\/p>\n<ul>\n<li>kij po z\u0142o\u017ceniu \u2013 168-170 cm<\/li>\n<li>\u2300 \u00a0\u2013 22mm<\/li>\n<\/ul>\n<p>Sk\u0142ad:<\/p>\n<p>Naturalne drewno sosnowe<\/p>\n<p>Zakup dotyczy jednego kija o wysoko\u015bci ~170cm<\/p>\n","protected":false},"excerpt":{"rendered":"<p>Drewniany, sk\u0142adany dr\u0105\u017cek do namiotu.<\/p>\n","protected":false},"featured_media":1585,"comment_status":"open","ping_status":"closed","template":"","meta":[],"product_brand":[],"product_cat":[19],"product_tag":[],"class_list":{"0":"post-540","1":"product","2":"type-product","3":"status-publish","4":"has-post-thumbnail","6":"product_cat-akcesoria","7":"product_shipping_class-kije","9":"first","10":"instock","11":"product-type-simple"},"yoast_head":"<!-- This site is optimized with the Yoast SEO Premium plugin v21.9 (Yoast SEO v27.0) - https:\/\/yoast.com\/product\/yoast-seo-premium-wordpress\/ -->\n<title>Sosnowe kije drewniane do tipi - Cozy &amp; Dozy<\/title>\n<meta name=\"description\" content=\"Drewniany, sk\u0142adany dr\u0105\u017cek do namiotu.\" \/>\n<meta name=\"robots\" content=\"index, follow, max-snippet:-1, max-image-preview:large, max-video-preview:-1\" \/>\n<link rel=\"canonical\" href=\"https:\/\/cozyanddozy.com\/pl\/produkt\/sosnowe-kije-drewniane-do-tipi\/\" \/>\n<meta property=\"og:locale\" content=\"pl_PL\" \/>\n<meta property=\"og:type\" content=\"article\" \/>\n<meta property=\"og:title\" content=\"Sosnowe kije drewniane do tipi\" \/>\n<meta property=\"og:description\" content=\"Drewniany, sk\u0142adany dr\u0105\u017cek do namiotu.\" \/>\n<meta property=\"og:url\" content=\"https:\/\/cozyanddozy.com\/pl\/produkt\/sosnowe-kije-drewniane-do-tipi\/\" \/>\n<meta property=\"og:site_name\" content=\"Cozy &amp; Dozy\" \/>\n<meta property=\"article:modified_time\" content=\"2023-11-08T16:32:27+00:00\" \/>\n<meta property=\"og:image\" content=\"https:\/\/cozyanddozy.com\/pl\/wp-content\/uploads\/2022\/01\/tipi-stick-1.jpg\" \/>\n\t<meta property=\"og:image:width\" content=\"1200\" \/>\n\t<meta property=\"og:image:height\" content=\"1200\" \/>\n\t<meta property=\"og:image:type\" content=\"image\/jpeg\" \/>\n<meta name=\"twitter:card\" content=\"summary_large_image\" \/>\n<meta name=\"twitter:label1\" content=\"Cena\" \/>\n\t<meta name=\"twitter:data1\" content=\"25,00&nbsp;&#122;&#322;\" \/>\n\t<meta name=\"twitter:label2\" content=\"Dost\u0119pno\u015b\u0107\" \/>\n\t<meta name=\"twitter:data2\" content=\"Dost\u0119pny\" \/>\n<script type=\"application\/ld+json\" class=\"yoast-schema-graph\">{\"@context\":\"https:\/\/schema.org\",\"@graph\":[{\"@type\":\"WebPage\",\"@id\":\"https:\/\/cozyanddozy.com\/pl\/produkt\/sosnowe-kije-drewniane-do-tipi\/\",\"url\":\"https:\/\/cozyanddozy.com\/pl\/produkt\/sosnowe-kije-drewniane-do-tipi\/\",\"name\":\"Sosnowe kije drewniane do tipi - Cozy & Dozy\",\"isPartOf\":{\"@id\":\"https:\/\/cozyanddozy.com\/pl\/#website\"},\"primaryImageOfPage\":{\"@id\":\"https:\/\/cozyanddozy.com\/pl\/produkt\/sosnowe-kije-drewniane-do-tipi\/#primaryimage\"},\"image\":{\"@id\":\"https:\/\/cozyanddozy.com\/pl\/produkt\/sosnowe-kije-drewniane-do-tipi\/#primaryimage\"},\"thumbnailUrl\":\"https:\/\/cozyanddozy.com\/pl\/wp-content\/uploads\/2022\/01\/tipi-stick-1.jpg\",\"datePublished\":\"2022-01-13T12:17:43+00:00\",\"dateModified\":\"2023-11-08T16:32:27+00:00\",\"description\":\"Drewniany, sk\u0142adany dr\u0105\u017cek do namiotu.\",\"breadcrumb\":{\"@id\":\"https:\/\/cozyanddozy.com\/pl\/produkt\/sosnowe-kije-drewniane-do-tipi\/#breadcrumb\"},\"inLanguage\":\"pl-PL\",\"potentialAction\":[{\"@type\":\"ReadAction\",\"target\":[\"https:\/\/cozyanddozy.com\/pl\/produkt\/sosnowe-kije-drewniane-do-tipi\/\"]}]},{\"@type\":\"ImageObject\",\"inLanguage\":\"pl-PL\",\"@id\":\"https:\/\/cozyanddozy.com\/pl\/produkt\/sosnowe-kije-drewniane-do-tipi\/#primaryimage\",\"url\":\"https:\/\/cozyanddozy.com\/pl\/wp-content\/uploads\/2022\/01\/tipi-stick-1.jpg\",\"contentUrl\":\"https:\/\/cozyanddozy.com\/pl\/wp-content\/uploads\/2022\/01\/tipi-stick-1.jpg\",\"width\":1200,\"height\":1200},{\"@type\":\"BreadcrumbList\",\"@id\":\"https:\/\/cozyanddozy.com\/pl\/produkt\/sosnowe-kije-drewniane-do-tipi\/#breadcrumb\",\"itemListElement\":[{\"@type\":\"ListItem\",\"position\":1,\"name\":\"Home\",\"item\":\"https:\/\/cozyanddozy.com\/pl\/\"},{\"@type\":\"ListItem\",\"position\":2,\"name\":\"Sklep\",\"item\":\"https:\/\/cozyanddozy.com\/pl\/sklep\/\"},{\"@type\":\"ListItem\",\"position\":3,\"name\":\"Sosnowe kije drewniane do tipi\"}]},{\"@type\":\"WebSite\",\"@id\":\"https:\/\/cozyanddozy.com\/pl\/#website\",\"url\":\"https:\/\/cozyanddozy.com\/pl\/\",\"name\":\"Cozy & Dozy\",\"description\":\"\",\"potentialAction\":[{\"@type\":\"SearchAction\",\"target\":{\"@type\":\"EntryPoint\",\"urlTemplate\":\"https:\/\/cozyanddozy.com\/pl\/?s={search_term_string}\"},\"query-input\":{\"@type\":\"PropertyValueSpecification\",\"valueRequired\":true,\"valueName\":\"search_term_string\"}}],\"inLanguage\":\"pl-PL\"}]}<\/script>\n<meta property=\"product:price:amount\" content=\"25.00\" \/>\n<meta property=\"product:price:currency\" content=\"PLN\" \/>\n<meta property=\"og:availability\" content=\"instock\" \/>\n<meta property=\"product:availability\" content=\"instock\" \/>\n<meta property=\"product:retailer_item_id\" content=\"5902701495695\" \/>\n<meta property=\"product:condition\" content=\"new\" \/>\n<!-- \/ Yoast SEO Premium plugin. -->","yoast_head_json":{"title":"Sosnowe kije drewniane do tipi - Cozy & Dozy","description":"Drewniany, sk\u0142adany dr\u0105\u017cek do namiotu.","robots":{"index":"index","follow":"follow","max-snippet":"max-snippet:-1","max-image-preview":"max-image-preview:large","max-video-preview":"max-video-preview:-1"},"canonical":"https:\/\/cozyanddozy.com\/pl\/produkt\/sosnowe-kije-drewniane-do-tipi\/","og_locale":"pl_PL","og_type":"article","og_title":"Sosnowe kije drewniane do tipi","og_description":"Drewniany, sk\u0142adany dr\u0105\u017cek do namiotu.","og_url":"https:\/\/cozyanddozy.com\/pl\/produkt\/sosnowe-kije-drewniane-do-tipi\/","og_site_name":"Cozy &amp; Dozy","article_modified_time":"2023-11-08T16:32:27+00:00","og_image":[{"width":1200,"height":1200,"url":"https:\/\/cozyanddozy.com\/pl\/wp-content\/uploads\/2022\/01\/tipi-stick-1.jpg","type":"image\/jpeg"}],"twitter_card":"summary_large_image","twitter_misc":{"Cena":"25,00&nbsp;&#122;&#322;","Dost\u0119pno\u015b\u0107":"Dost\u0119pny"},"schema":{"@context":"https:\/\/schema.org","@graph":[{"@type":"WebPage","@id":"https:\/\/cozyanddozy.com\/pl\/produkt\/sosnowe-kije-drewniane-do-tipi\/","url":"https:\/\/cozyanddozy.com\/pl\/produkt\/sosnowe-kije-drewniane-do-tipi\/","name":"Sosnowe kije drewniane do tipi - Cozy & Dozy","isPartOf":{"@id":"https:\/\/cozyanddozy.com\/pl\/#website"},"primaryImageOfPage":{"@id":"https:\/\/cozyanddozy.com\/pl\/produkt\/sosnowe-kije-drewniane-do-tipi\/#primaryimage"},"image":{"@id":"https:\/\/cozyanddozy.com\/pl\/produkt\/sosnowe-kije-drewniane-do-tipi\/#primaryimage"},"thumbnailUrl":"https:\/\/cozyanddozy.com\/pl\/wp-content\/uploads\/2022\/01\/tipi-stick-1.jpg","datePublished":"2022-01-13T12:17:43+00:00","dateModified":"2023-11-08T16:32:27+00:00","description":"Drewniany, sk\u0142adany dr\u0105\u017cek do namiotu.","breadcrumb":{"@id":"https:\/\/cozyanddozy.com\/pl\/produkt\/sosnowe-kije-drewniane-do-tipi\/#breadcrumb"},"inLanguage":"pl-PL","potentialAction":[{"@type":"ReadAction","target":["https:\/\/cozyanddozy.com\/pl\/produkt\/sosnowe-kije-drewniane-do-tipi\/"]}]},{"@type":"ImageObject","inLanguage":"pl-PL","@id":"https:\/\/cozyanddozy.com\/pl\/produkt\/sosnowe-kije-drewniane-do-tipi\/#primaryimage","url":"https:\/\/cozyanddozy.com\/pl\/wp-content\/uploads\/2022\/01\/tipi-stick-1.jpg","contentUrl":"https:\/\/cozyanddozy.com\/pl\/wp-content\/uploads\/2022\/01\/tipi-stick-1.jpg","width":1200,"height":1200},{"@type":"BreadcrumbList","@id":"https:\/\/cozyanddozy.com\/pl\/produkt\/sosnowe-kije-drewniane-do-tipi\/#breadcrumb","itemListElement":[{"@type":"ListItem","position":1,"name":"Home","item":"https:\/\/cozyanddozy.com\/pl\/"},{"@type":"ListItem","position":2,"name":"Sklep","item":"https:\/\/cozyanddozy.com\/pl\/sklep\/"},{"@type":"ListItem","position":3,"name":"Sosnowe kije drewniane do tipi"}]},{"@type":"WebSite","@id":"https:\/\/cozyanddozy.com\/pl\/#website","url":"https:\/\/cozyanddozy.com\/pl\/","name":"Cozy & Dozy","description":"","potentialAction":[{"@type":"SearchAction","target":{"@type":"EntryPoint","urlTemplate":"https:\/\/cozyanddozy.com\/pl\/?s={search_term_string}"},"query-input":{"@type":"PropertyValueSpecification","valueRequired":true,"valueName":"search_term_string"}}],"inLanguage":"pl-PL"}]},"product_price_amount":"25.00","product_price_currency":"PLN","og_availability":"instock","product_availability":"instock","product_retailer_item_id":"5902701495695","product_condition":"new"},"_links":{"self":[{"href":"https:\/\/cozyanddozy.com\/pl\/wp-json\/wp\/v2\/product\/540","targetHints":{"allow":["GET"]}}],"collection":[{"href":"https:\/\/cozyanddozy.com\/pl\/wp-json\/wp\/v2\/product"}],"about":[{"href":"https:\/\/cozyanddozy.com\/pl\/wp-json\/wp\/v2\/types\/product"}],"replies":[{"embeddable":true,"href":"https:\/\/cozyanddozy.com\/pl\/wp-json\/wp\/v2\/comments?post=540"}],"wp:featuredmedia":[{"embeddable":true,"href":"https:\/\/cozyanddozy.com\/pl\/wp-json\/wp\/v2\/media\/1585"}],"wp:attachment":[{"href":"https:\/\/cozyanddozy.com\/pl\/wp-json\/wp\/v2\/media?parent=540"}],"wp:term":[{"taxonomy":"product_brand","embeddable":true,"href":"https:\/\/cozyanddozy.com\/pl\/wp-json\/wp\/v2\/product_brand?post=540"},{"taxonomy":"product_cat","embeddable":true,"href":"https:\/\/cozyanddozy.com\/pl\/wp-json\/wp\/v2\/product_cat?post=540"},{"taxonomy":"product_tag","embeddable":true,"href":"https:\/\/cozyanddozy.com\/pl\/wp-json\/wp\/v2\/product_tag?post=540"}],"curies":[{"name":"wp","href":"https:\/\/api.w.org\/{rel}","templated":true}]}}