{"id":538,"date":"2022-01-13T12:03:35","date_gmt":"2022-01-13T12:03:35","guid":{"rendered":"https:\/\/cozyanddozy.com\/pl\/product\/boho-garland-lace-beige-pennant\/"},"modified":"2023-11-08T17:32:26","modified_gmt":"2023-11-08T16:32:26","slug":"girlanda-bezowa-z-koronka-lace","status":"publish","type":"product","link":"https:\/\/cozyanddozy.com\/pl\/produkt\/girlanda-bezowa-z-koronka-lace\/","title":{"rendered":"Girlanda be\u017cowa z koronk\u0105 Lace"},"content":{"rendered":"<p><b>Klasyka broni si\u0119 sama, jednak Cozy &amp; Dozy jej w tym pomaga<\/b><\/p>\n<p>Jeste\u015b zwolenniczk\u0105 stonowanych kolor\u00f3w? <b>Nie chcesz przebod\u017acowywa\u0107 swojego dziecka <\/b>intensywnymi kolorami w jego pokoiku? Nie przekonuj\u0105 Ci\u0119 rozwa\u017cania, \u017ce pok\u00f3j dla ch\u0142opc\u00f3w musi by\u0107 niebieski a dla dziewczynek r\u00f3\u017cowy? W takim razie bez \u017cadnych w\u0105tpliwo\u015bci polecamy Ci Girland\u0119 Lace. Delikatny, kremowy kolor girlandy b\u0119dzie si\u0119 pi\u0119knie komponowa\u0142 w skandynawskich, rustykalnych wn\u0119trzach, polubi si\u0119 tak\u017ce z boho klimatami.<\/p>\n<p>Natomiast dzi\u0119ki koronce, kt\u00f3ra <b>ma ciekaw\u0105, przyjemn\u0105 faktur\u0119<\/b>, jest to <b>dodatek oryginalny i wyj\u0105tkowy<\/b> \u2013 bo delikatny wcale nie oznacza nudny.<\/p>\n<p>Girlanda Laca sprawdzi si\u0119 \u015bwietnie jako dekoracja pokoju dzieci\u0119cego, sali zabaw, przyj\u0119cia urodzinowego czy sesji fotograficznej. <b>Doda wn\u0119trzu magicznego charakteru<\/b> i podkre\u015bli si\u0142\u0119 oryginalno\u015bci.<\/p>\n<p>Ponadto girlanda zosta\u0142a od pocz\u0105tku do ko\u0144ca wykonana w naszej pracowni. Zatem mo\u017cemy zagwarantowa\u0107 Ci, \u017ce Twoje dziecko otrzyma <b>prezent unikatowy i niepowtarzalny. <\/b>Nowa ozdoba na pewno przyci\u0105gnie jego uwag\u0119 i <b>sprawi niema\u0142\u0105 przyjemno\u015b\u0107<\/b>. Dzieci lubi\u0105 r\u00f3wnie\u017c pokazywa\u0107 prezenty swoim kolegom i kole\u017cankom, a nasza girlanda z pewno\u015bci\u0105 wzbudzi ich zainteresowanie.<\/p>\n<p><b>Bezpiecze\u0144stwo dzieciak\u00f3w jest dla nas na pierwszym miejscu<\/b>, dlatego girlanda zosta\u0142a wykonana z najwy\u017cszej jako\u015bci 100% bawe\u0142ny. Materia\u0142 ten posiada certyfikat , CE, co oznacza, \u017ce jest przyjazny dla nawet wra\u017cliwe sk\u00f3ry \u2013 nie wywo\u0142uje alergii i podra\u017cnie\u0144. Zatem bez obaw mo\u017cesz podarowa\u0107 dziecku nasze produkt.<\/p>\n<p>Zapraszamy Ci\u0119 tak\u017ce, do bli\u017cszego zapoznania si\u0119 z namiotem tipy, kt\u00f3ry pochodzi z tej samej serii Lace. Dzi\u0119ki niemu b\u0119dziesz m\u00f3g\u0142 swojemu dziecku stworzy\u0107 jego prywatny i bezpieczny k\u0105cik zabaw.<\/p>\n<p><b>Dane techniczne:<\/b><\/p>\n<p><b>Wymiary:<\/b><\/p>\n<ul>\n<li>D\u0142ugo\u015b\u0107: bawe\u0142niany sznurek \u2013 140 cm<\/li>\n<li>Wielko\u015b\u0107 tr\u00f3jk\u0105t\u00f3w: 13 x 16 cm<\/li>\n<\/ul>\n<p><b>Sk\u0142ad:<\/b><\/p>\n<ul>\n<li>Ozdoba: 100% bawe\u0142na \u00a0(certyfikat , CE)<\/li>\n<li>Sznurek: 100% bawe\u0142na<\/li>\n<\/ul>\n<p><b>Pranie:<\/b><\/p>\n<ul>\n<li>Ozdoby mo\u017cna pra\u0107 w temperaturze 40 stopni,<\/li>\n<li>Wirowanie \u2013 800 obrot\u00f3w,<\/li>\n<li>Nie pra\u0107 chemicznie, nie wybiela\u0107<\/li>\n<li>Suszy\u0107 na p\u0142askiej powierzchni.<\/li>\n<\/ul>\n","protected":false},"excerpt":{"rendered":"<p>Coraz cz\u0119\u015bciej w pokoikach dzieci\u0119cych dostrzegamy pi\u0119kne girlandy i wcale nas to nie dziwi! Girlandy to delikatne ozdoby, kt\u00f3re s\u0105 jak wisienka na torcie \u2013 tworz\u0105 magiczny klimat wn\u0119trza. Girlanda Laca za\u015b \u015bwietnie sprawdzi si\u0119 w nie tylko pokojach dzieci\u0119cych. Zatem mo\u017cesz kupi\u0107 prezent dla dziecka, z kt\u00f3rego sama tak\u017ce b\u0119dziesz korzysta\u0107!<\/p>\n","protected":false},"featured_media":539,"comment_status":"open","ping_status":"closed","template":"","meta":[],"product_brand":[],"product_cat":[19],"product_tag":[],"class_list":{"0":"post-538","1":"product","2":"type-product","3":"status-publish","4":"has-post-thumbnail","6":"product_cat-akcesoria","7":"product_shipping_class-kije","9":"first","10":"instock","11":"product-type-simple"},"yoast_head":"<!-- This site is optimized with the Yoast SEO Premium plugin v21.9 (Yoast SEO v27.0) - https:\/\/yoast.com\/product\/yoast-seo-premium-wordpress\/ -->\n<title>Girlanda be\u017cowa z koronk\u0105 Lace - Cozy &amp; Dozy<\/title>\n<meta name=\"description\" content=\"Coraz cz\u0119\u015bciej w pokoikach dzieci\u0119cych dostrzegamy pi\u0119kne girlandy i wcale nas to nie dziwi! Girlandy to delikatne ozdoby, kt\u00f3re s\u0105 jak wisienka na torcie \u2013 tworz\u0105 magiczny klimat wn\u0119trza. Girlanda Laca za\u015b \u015bwietnie sprawdzi si\u0119 w nie tylko pokojach dzieci\u0119cych. Zatem mo\u017cesz kupi\u0107 prezent dla dziecka, z kt\u00f3rego sama tak\u017ce b\u0119dziesz korzysta\u0107!\" \/>\n<meta name=\"robots\" content=\"index, follow, max-snippet:-1, max-image-preview:large, max-video-preview:-1\" \/>\n<link rel=\"canonical\" href=\"https:\/\/cozyanddozy.com\/pl\/produkt\/girlanda-bezowa-z-koronka-lace\/\" \/>\n<meta property=\"og:locale\" content=\"pl_PL\" \/>\n<meta property=\"og:type\" content=\"article\" \/>\n<meta property=\"og:title\" content=\"Girlanda be\u017cowa z koronk\u0105 Lace\" \/>\n<meta property=\"og:description\" content=\"Coraz cz\u0119\u015bciej w pokoikach dzieci\u0119cych dostrzegamy pi\u0119kne girlandy i wcale nas to nie dziwi! Girlandy to delikatne ozdoby, kt\u00f3re s\u0105 jak wisienka na torcie \u2013 tworz\u0105 magiczny klimat wn\u0119trza. Girlanda Laca za\u015b \u015bwietnie sprawdzi si\u0119 w nie tylko pokojach dzieci\u0119cych. Zatem mo\u017cesz kupi\u0107 prezent dla dziecka, z kt\u00f3rego sama tak\u017ce b\u0119dziesz korzysta\u0107!\" \/>\n<meta property=\"og:url\" content=\"https:\/\/cozyanddozy.com\/pl\/produkt\/girlanda-bezowa-z-koronka-lace\/\" \/>\n<meta property=\"og:site_name\" content=\"Cozy &amp; Dozy\" \/>\n<meta property=\"article:modified_time\" content=\"2023-11-08T16:32:26+00:00\" \/>\n<meta property=\"og:image\" content=\"https:\/\/cozyanddozy.com\/pl\/wp-content\/uploads\/2023\/02\/girlanda_lace.jpg\" \/>\n\t<meta property=\"og:image:width\" content=\"1200\" \/>\n\t<meta property=\"og:image:height\" content=\"1200\" \/>\n\t<meta property=\"og:image:type\" content=\"image\/jpeg\" \/>\n<meta name=\"twitter:card\" content=\"summary_large_image\" \/>\n<meta name=\"twitter:label1\" content=\"Cena\" \/>\n\t<meta name=\"twitter:data1\" content=\"59,00&nbsp;&#122;&#322;\" \/>\n\t<meta name=\"twitter:label2\" content=\"Dost\u0119pno\u015b\u0107\" \/>\n\t<meta name=\"twitter:data2\" content=\"Dost\u0119pny\" \/>\n<script type=\"application\/ld+json\" class=\"yoast-schema-graph\">{\"@context\":\"https:\/\/schema.org\",\"@graph\":[{\"@type\":\"WebPage\",\"@id\":\"https:\/\/cozyanddozy.com\/pl\/produkt\/girlanda-bezowa-z-koronka-lace\/\",\"url\":\"https:\/\/cozyanddozy.com\/pl\/produkt\/girlanda-bezowa-z-koronka-lace\/\",\"name\":\"Girlanda be\u017cowa z koronk\u0105 Lace - Cozy & Dozy\",\"isPartOf\":{\"@id\":\"https:\/\/cozyanddozy.com\/pl\/#website\"},\"primaryImageOfPage\":{\"@id\":\"https:\/\/cozyanddozy.com\/pl\/produkt\/girlanda-bezowa-z-koronka-lace\/#primaryimage\"},\"image\":{\"@id\":\"https:\/\/cozyanddozy.com\/pl\/produkt\/girlanda-bezowa-z-koronka-lace\/#primaryimage\"},\"thumbnailUrl\":\"https:\/\/cozyanddozy.com\/pl\/wp-content\/uploads\/2023\/02\/girlanda_lace.jpg\",\"datePublished\":\"2022-01-13T12:03:35+00:00\",\"dateModified\":\"2023-11-08T16:32:26+00:00\",\"description\":\"Coraz cz\u0119\u015bciej w pokoikach dzieci\u0119cych dostrzegamy pi\u0119kne girlandy i wcale nas to nie dziwi! Girlandy to delikatne ozdoby, kt\u00f3re s\u0105 jak wisienka na torcie \u2013 tworz\u0105 magiczny klimat wn\u0119trza. Girlanda Laca za\u015b \u015bwietnie sprawdzi si\u0119 w nie tylko pokojach dzieci\u0119cych. Zatem mo\u017cesz kupi\u0107 prezent dla dziecka, z kt\u00f3rego sama tak\u017ce b\u0119dziesz korzysta\u0107!\",\"breadcrumb\":{\"@id\":\"https:\/\/cozyanddozy.com\/pl\/produkt\/girlanda-bezowa-z-koronka-lace\/#breadcrumb\"},\"inLanguage\":\"pl-PL\",\"potentialAction\":[{\"@type\":\"ReadAction\",\"target\":[\"https:\/\/cozyanddozy.com\/pl\/produkt\/girlanda-bezowa-z-koronka-lace\/\"]}]},{\"@type\":\"ImageObject\",\"inLanguage\":\"pl-PL\",\"@id\":\"https:\/\/cozyanddozy.com\/pl\/produkt\/girlanda-bezowa-z-koronka-lace\/#primaryimage\",\"url\":\"https:\/\/cozyanddozy.com\/pl\/wp-content\/uploads\/2023\/02\/girlanda_lace.jpg\",\"contentUrl\":\"https:\/\/cozyanddozy.com\/pl\/wp-content\/uploads\/2023\/02\/girlanda_lace.jpg\",\"width\":1200,\"height\":1200},{\"@type\":\"BreadcrumbList\",\"@id\":\"https:\/\/cozyanddozy.com\/pl\/produkt\/girlanda-bezowa-z-koronka-lace\/#breadcrumb\",\"itemListElement\":[{\"@type\":\"ListItem\",\"position\":1,\"name\":\"Home\",\"item\":\"https:\/\/cozyanddozy.com\/pl\/\"},{\"@type\":\"ListItem\",\"position\":2,\"name\":\"Sklep\",\"item\":\"https:\/\/cozyanddozy.com\/pl\/sklep\/\"},{\"@type\":\"ListItem\",\"position\":3,\"name\":\"Girlanda be\u017cowa z koronk\u0105 Lace\"}]},{\"@type\":\"WebSite\",\"@id\":\"https:\/\/cozyanddozy.com\/pl\/#website\",\"url\":\"https:\/\/cozyanddozy.com\/pl\/\",\"name\":\"Cozy & Dozy\",\"description\":\"\",\"potentialAction\":[{\"@type\":\"SearchAction\",\"target\":{\"@type\":\"EntryPoint\",\"urlTemplate\":\"https:\/\/cozyanddozy.com\/pl\/?s={search_term_string}\"},\"query-input\":{\"@type\":\"PropertyValueSpecification\",\"valueRequired\":true,\"valueName\":\"search_term_string\"}}],\"inLanguage\":\"pl-PL\"}]}<\/script>\n<meta property=\"product:price:amount\" content=\"59.00\" \/>\n<meta property=\"product:price:currency\" content=\"PLN\" \/>\n<meta property=\"og:availability\" content=\"instock\" \/>\n<meta property=\"product:availability\" content=\"instock\" \/>\n<meta property=\"product:retailer_item_id\" content=\"5902701495602\" \/>\n<meta property=\"product:condition\" content=\"new\" \/>\n<!-- \/ Yoast SEO Premium plugin. -->","yoast_head_json":{"title":"Girlanda be\u017cowa z koronk\u0105 Lace - Cozy & Dozy","description":"Coraz cz\u0119\u015bciej w pokoikach dzieci\u0119cych dostrzegamy pi\u0119kne girlandy i wcale nas to nie dziwi! Girlandy to delikatne ozdoby, kt\u00f3re s\u0105 jak wisienka na torcie \u2013 tworz\u0105 magiczny klimat wn\u0119trza. Girlanda Laca za\u015b \u015bwietnie sprawdzi si\u0119 w nie tylko pokojach dzieci\u0119cych. Zatem mo\u017cesz kupi\u0107 prezent dla dziecka, z kt\u00f3rego sama tak\u017ce b\u0119dziesz korzysta\u0107!","robots":{"index":"index","follow":"follow","max-snippet":"max-snippet:-1","max-image-preview":"max-image-preview:large","max-video-preview":"max-video-preview:-1"},"canonical":"https:\/\/cozyanddozy.com\/pl\/produkt\/girlanda-bezowa-z-koronka-lace\/","og_locale":"pl_PL","og_type":"article","og_title":"Girlanda be\u017cowa z koronk\u0105 Lace","og_description":"Coraz cz\u0119\u015bciej w pokoikach dzieci\u0119cych dostrzegamy pi\u0119kne girlandy i wcale nas to nie dziwi! Girlandy to delikatne ozdoby, kt\u00f3re s\u0105 jak wisienka na torcie \u2013 tworz\u0105 magiczny klimat wn\u0119trza. Girlanda Laca za\u015b \u015bwietnie sprawdzi si\u0119 w nie tylko pokojach dzieci\u0119cych. Zatem mo\u017cesz kupi\u0107 prezent dla dziecka, z kt\u00f3rego sama tak\u017ce b\u0119dziesz korzysta\u0107!","og_url":"https:\/\/cozyanddozy.com\/pl\/produkt\/girlanda-bezowa-z-koronka-lace\/","og_site_name":"Cozy &amp; Dozy","article_modified_time":"2023-11-08T16:32:26+00:00","og_image":[{"width":1200,"height":1200,"url":"https:\/\/cozyanddozy.com\/pl\/wp-content\/uploads\/2023\/02\/girlanda_lace.jpg","type":"image\/jpeg"}],"twitter_card":"summary_large_image","twitter_misc":{"Cena":"59,00&nbsp;&#122;&#322;","Dost\u0119pno\u015b\u0107":"Dost\u0119pny"},"schema":{"@context":"https:\/\/schema.org","@graph":[{"@type":"WebPage","@id":"https:\/\/cozyanddozy.com\/pl\/produkt\/girlanda-bezowa-z-koronka-lace\/","url":"https:\/\/cozyanddozy.com\/pl\/produkt\/girlanda-bezowa-z-koronka-lace\/","name":"Girlanda be\u017cowa z koronk\u0105 Lace - Cozy & Dozy","isPartOf":{"@id":"https:\/\/cozyanddozy.com\/pl\/#website"},"primaryImageOfPage":{"@id":"https:\/\/cozyanddozy.com\/pl\/produkt\/girlanda-bezowa-z-koronka-lace\/#primaryimage"},"image":{"@id":"https:\/\/cozyanddozy.com\/pl\/produkt\/girlanda-bezowa-z-koronka-lace\/#primaryimage"},"thumbnailUrl":"https:\/\/cozyanddozy.com\/pl\/wp-content\/uploads\/2023\/02\/girlanda_lace.jpg","datePublished":"2022-01-13T12:03:35+00:00","dateModified":"2023-11-08T16:32:26+00:00","description":"Coraz cz\u0119\u015bciej w pokoikach dzieci\u0119cych dostrzegamy pi\u0119kne girlandy i wcale nas to nie dziwi! Girlandy to delikatne ozdoby, kt\u00f3re s\u0105 jak wisienka na torcie \u2013 tworz\u0105 magiczny klimat wn\u0119trza. Girlanda Laca za\u015b \u015bwietnie sprawdzi si\u0119 w nie tylko pokojach dzieci\u0119cych. Zatem mo\u017cesz kupi\u0107 prezent dla dziecka, z kt\u00f3rego sama tak\u017ce b\u0119dziesz korzysta\u0107!","breadcrumb":{"@id":"https:\/\/cozyanddozy.com\/pl\/produkt\/girlanda-bezowa-z-koronka-lace\/#breadcrumb"},"inLanguage":"pl-PL","potentialAction":[{"@type":"ReadAction","target":["https:\/\/cozyanddozy.com\/pl\/produkt\/girlanda-bezowa-z-koronka-lace\/"]}]},{"@type":"ImageObject","inLanguage":"pl-PL","@id":"https:\/\/cozyanddozy.com\/pl\/produkt\/girlanda-bezowa-z-koronka-lace\/#primaryimage","url":"https:\/\/cozyanddozy.com\/pl\/wp-content\/uploads\/2023\/02\/girlanda_lace.jpg","contentUrl":"https:\/\/cozyanddozy.com\/pl\/wp-content\/uploads\/2023\/02\/girlanda_lace.jpg","width":1200,"height":1200},{"@type":"BreadcrumbList","@id":"https:\/\/cozyanddozy.com\/pl\/produkt\/girlanda-bezowa-z-koronka-lace\/#breadcrumb","itemListElement":[{"@type":"ListItem","position":1,"name":"Home","item":"https:\/\/cozyanddozy.com\/pl\/"},{"@type":"ListItem","position":2,"name":"Sklep","item":"https:\/\/cozyanddozy.com\/pl\/sklep\/"},{"@type":"ListItem","position":3,"name":"Girlanda be\u017cowa z koronk\u0105 Lace"}]},{"@type":"WebSite","@id":"https:\/\/cozyanddozy.com\/pl\/#website","url":"https:\/\/cozyanddozy.com\/pl\/","name":"Cozy & Dozy","description":"","potentialAction":[{"@type":"SearchAction","target":{"@type":"EntryPoint","urlTemplate":"https:\/\/cozyanddozy.com\/pl\/?s={search_term_string}"},"query-input":{"@type":"PropertyValueSpecification","valueRequired":true,"valueName":"search_term_string"}}],"inLanguage":"pl-PL"}]},"product_price_amount":"59.00","product_price_currency":"PLN","og_availability":"instock","product_availability":"instock","product_retailer_item_id":"5902701495602","product_condition":"new"},"_links":{"self":[{"href":"https:\/\/cozyanddozy.com\/pl\/wp-json\/wp\/v2\/product\/538","targetHints":{"allow":["GET"]}}],"collection":[{"href":"https:\/\/cozyanddozy.com\/pl\/wp-json\/wp\/v2\/product"}],"about":[{"href":"https:\/\/cozyanddozy.com\/pl\/wp-json\/wp\/v2\/types\/product"}],"replies":[{"embeddable":true,"href":"https:\/\/cozyanddozy.com\/pl\/wp-json\/wp\/v2\/comments?post=538"}],"wp:featuredmedia":[{"embeddable":true,"href":"https:\/\/cozyanddozy.com\/pl\/wp-json\/wp\/v2\/media\/539"}],"wp:attachment":[{"href":"https:\/\/cozyanddozy.com\/pl\/wp-json\/wp\/v2\/media?parent=538"}],"wp:term":[{"taxonomy":"product_brand","embeddable":true,"href":"https:\/\/cozyanddozy.com\/pl\/wp-json\/wp\/v2\/product_brand?post=538"},{"taxonomy":"product_cat","embeddable":true,"href":"https:\/\/cozyanddozy.com\/pl\/wp-json\/wp\/v2\/product_cat?post=538"},{"taxonomy":"product_tag","embeddable":true,"href":"https:\/\/cozyanddozy.com\/pl\/wp-json\/wp\/v2\/product_tag?post=538"}],"curies":[{"name":"wp","href":"https:\/\/api.w.org\/{rel}","templated":true}]}}