{"id":528,"date":"2022-01-13T11:05:05","date_gmt":"2022-01-13T11:05:05","guid":{"rendered":"https:\/\/cozyanddozy.com\/pl\/product\/garland-candy-green-kids-room-pennant\/"},"modified":"2025-01-29T18:37:20","modified_gmt":"2025-01-29T17:37:20","slug":"girlanda-candy-green","status":"publish","type":"product","link":"https:\/\/cozyanddozy.com\/pl\/produkt\/girlanda-candy-green\/","title":{"rendered":"Girlanda Candy Green"},"content":{"rendered":"<p><b>Za spraw\u0105 Cozy &amp; Dozy w Twoim domu zago\u015bci magia<\/b><\/p>\n<p>Cyrk kojarzy nam si\u0119 z miejscem, w kt\u00f3rym nie ma ogranicze\u0144 i wszystko jest mo\u017cliwe.<br \/>\nA tak\u017ce z lud\u017ami, dla kt\u00f3rych najwa\u017cniejsza jest wiara w swoje mo\u017cliwo\u015bci i sumienna praca. Takich warto\u015bci staramy si\u0119 uczy\u0107 tak\u017ce swoje dzieci, dlatego stworzyli\u015bmy kolekcj\u0119 Candy \u2013 ma przypomina\u0107 dzieciakom, \u017ce <b>\u015bwiat stoi przed nimi otworem.<\/b><\/p>\n<p>Gdy dziecko widzi dwukolorow\u0105 Girland\u0119 Candy Green, od razu my\u015bli o pi\u0119knej, kolorowej cyrkowej arenie. Pok\u00f3j zaczyna nabiera\u0107 barw, a jego wyobra\u017ania podsuwa mu sceny niesamowitych akrobacji cyrkowych czy sztuczek magicznych. Jeste\u015bmy zatem pewni,\u00a0\u017ce girlanda mo\u017ce stanowi\u0107 <b>punkt wyj\u015bcia dla dzieci\u0119cych pomys\u0142\u00f3w na zabaw\u0119<\/b> i sp\u0119dzanie wolnego czasu. Dzi\u0119ki niej dzieciaki na d\u0142ugie godziny mog\u0105 zanurzy\u0107 si\u0119 w \u015bwiecie fantazji i nieograniczonych mo\u017cliwo\u015bci.<\/p>\n<p>Girlanda Candy Green sprawdzi si\u0119 \u015bwietnie jako dekoracja pokoju dzieci\u0119cego, sali zabaw, przyj\u0119cia urodzinowego czy sesji fotograficznej. <b>Doda wn\u0119trzu magicznego charakteru<\/b> i podkre\u015bli si\u0142\u0119 oryginalno\u015bci.<\/p>\n<p>Ponadto girlanda zosta\u0142a od pocz\u0105tku do ko\u0144ca wykonana w naszej pracowni. Zatem mo\u017cemy zagwarantowa\u0107 Ci, \u017ce Twoje dziecko otrzyma <b>prezent unikatowy i niepowtarzalny. <\/b>Nowa ozdoba na pewno przyci\u0105gnie jego uwag\u0119 i <b>sprawi niema\u0142\u0105 przyjemno\u015b\u0107<\/b>. Dzieci lubi\u0105 r\u00f3wnie\u017c pokazywa\u0107 prezenty swoim kolegom i kole\u017cankom, a nasza girlanda z pewno\u015bci\u0105 wzbudzi ich zainteresowanie.<\/p>\n<p><b>Bezpiecze\u0144stwo dzieciak\u00f3w jest dla nas na pierwszym miejscu<\/b>, dlatego girlanda zosta\u0142a wykonana z najwy\u017cszej jako\u015bci 100% bawe\u0142ny. Materia\u0142 ten posiada certyfikat , CE, co oznacza, \u017ce jest przyjazny dla nawet wra\u017cliwe sk\u00f3ry \u2013 nie wywo\u0142uje alergii i podra\u017cnie\u0144. Zatem bez obaw mo\u017cesz podarowa\u0107 dziecku nasze produkt.<\/p>\n<p><b>Twoje dziecko uwielbia bajkowy, cyrkowy \u015bwiat?<span class=\"Apple-converted-space\">\u00a0<\/span><\/b><\/p>\n<p>Zapraszamy wi\u0119c do bli\u017cszego zapoznania si\u0119 z namiotem tipi z kolekcji Candy. Dzi\u0119ki niemu stworzysz swojemu dziecku <b>kolorowy i bezpieczny k\u0105cik do zabawy, <\/b>w kt\u00f3rym z pewno\u015bci\u0105 sp\u0119dzi d\u0142ugie godziny.<\/p>\n<p>Co wi\u0119cej, zale\u017cy nam na tym, aby w naszym sklepie ka\u017cdy znalaz\u0142 produkt idealny dla siebie, z tego wzgl\u0119du znajdziesz u nasz kolekcje Candy w jeszcze trzech ods\u0142onach kolorystycznych \u2013 czerwonej, r\u00f3\u017cowej i szarej.<\/p>\n<p><b>Dane techniczne:<\/b><\/p>\n<p><b>Wymiary:<\/b><\/p>\n<ul>\n<li>D\u0142ugo\u015b\u0107: bawe\u0142niany sznurek \u2013 160 cm<\/li>\n<li>Wielko\u015b\u0107 proporczyka: 14 x 11 cm<\/li>\n<\/ul>\n<p><b>Sk\u0142ad:<\/b><\/p>\n<ul>\n<li>Ozdoba: 100% bawe\u0142na (certyfikat , CE)<\/li>\n<li>Sznurek: 100% bawe\u0142na<\/li>\n<\/ul>\n<p><b>Pranie:<\/b><\/p>\n<ul>\n<li>Ozdoby mo\u017cna pra\u0107 w temperaturze 40 stopni,<\/li>\n<li>Wirowanie \u2013 800 obrot\u00f3w,<\/li>\n<li>Nie pra\u0107 chemicznie, nie wybiela\u0107<\/li>\n<li>Suszy\u0107 na p\u0142askiej powierzchni.<\/li>\n<\/ul>\n","protected":false},"excerpt":{"rendered":"<p>Coraz cz\u0119\u015bciej w pokoikach dzieci\u0119cych dostrzegamy pi\u0119kne girlandy i wcale nas to nie dziwi! Girlandy to delikatne ozdoby, kt\u00f3re s\u0105 jak wisienka na torcie \u2013 tworz\u0105 magiczny klimat wn\u0119trza. A dzi\u0119ki girlandzie Candy Green Twoje dziecko poczuje si\u0119 jak gwiazda cyrkowej sceny.<\/p>\n","protected":false},"featured_media":529,"comment_status":"open","ping_status":"closed","template":"","meta":[],"product_brand":[],"product_cat":[19],"product_tag":[],"class_list":{"0":"post-528","1":"product","2":"type-product","3":"status-publish","4":"has-post-thumbnail","6":"product_cat-akcesoria","7":"product_shipping_class-kije","9":"first","10":"instock","11":"sale","12":"product-type-simple"},"yoast_head":"<!-- This site is optimized with the Yoast SEO Premium plugin v21.9 (Yoast SEO v27.0) - https:\/\/yoast.com\/product\/yoast-seo-premium-wordpress\/ -->\n<title>Girlanda Candy Green - Cozy &amp; Dozy<\/title>\n<meta name=\"description\" content=\"Coraz cz\u0119\u015bciej w pokoikach dzieci\u0119cych dostrzegamy pi\u0119kne girlandy i wcale nas to nie dziwi! Girlandy to delikatne ozdoby, kt\u00f3re s\u0105 jak wisienka na torcie \u2013 tworz\u0105 magiczny klimat wn\u0119trza. A dzi\u0119ki girlandzie Candy Green Twoje dziecko poczuje si\u0119 jak gwiazda cyrkowej sceny.\" \/>\n<meta name=\"robots\" content=\"index, follow, max-snippet:-1, max-image-preview:large, max-video-preview:-1\" \/>\n<link rel=\"canonical\" href=\"https:\/\/cozyanddozy.com\/pl\/produkt\/girlanda-candy-green\/\" \/>\n<meta property=\"og:locale\" content=\"pl_PL\" \/>\n<meta property=\"og:type\" content=\"article\" \/>\n<meta property=\"og:title\" content=\"Girlanda Candy Green\" \/>\n<meta property=\"og:description\" content=\"Coraz cz\u0119\u015bciej w pokoikach dzieci\u0119cych dostrzegamy pi\u0119kne girlandy i wcale nas to nie dziwi! Girlandy to delikatne ozdoby, kt\u00f3re s\u0105 jak wisienka na torcie \u2013 tworz\u0105 magiczny klimat wn\u0119trza. A dzi\u0119ki girlandzie Candy Green Twoje dziecko poczuje si\u0119 jak gwiazda cyrkowej sceny.\" \/>\n<meta property=\"og:url\" content=\"https:\/\/cozyanddozy.com\/pl\/produkt\/girlanda-candy-green\/\" \/>\n<meta property=\"og:site_name\" content=\"Cozy &amp; Dozy\" \/>\n<meta property=\"article:modified_time\" content=\"2025-01-29T17:37:20+00:00\" \/>\n<meta property=\"og:image\" content=\"https:\/\/cozyanddozy.com\/pl\/wp-content\/uploads\/2023\/02\/girlanda_candy_green.jpg\" \/>\n\t<meta property=\"og:image:width\" content=\"1200\" \/>\n\t<meta property=\"og:image:height\" content=\"1200\" \/>\n\t<meta property=\"og:image:type\" content=\"image\/jpeg\" \/>\n<meta name=\"twitter:card\" content=\"summary_large_image\" \/>\n<meta name=\"twitter:label1\" content=\"Cena\" \/>\n\t<meta name=\"twitter:data1\" content=\"29,00&nbsp;&#122;&#322;\" \/>\n\t<meta name=\"twitter:label2\" content=\"Dost\u0119pno\u015b\u0107\" \/>\n\t<meta name=\"twitter:data2\" content=\"Dost\u0119pny\" \/>\n<script type=\"application\/ld+json\" class=\"yoast-schema-graph\">{\"@context\":\"https:\/\/schema.org\",\"@graph\":[{\"@type\":\"WebPage\",\"@id\":\"https:\/\/cozyanddozy.com\/pl\/produkt\/girlanda-candy-green\/\",\"url\":\"https:\/\/cozyanddozy.com\/pl\/produkt\/girlanda-candy-green\/\",\"name\":\"Girlanda Candy Green - Cozy & Dozy\",\"isPartOf\":{\"@id\":\"https:\/\/cozyanddozy.com\/pl\/#website\"},\"primaryImageOfPage\":{\"@id\":\"https:\/\/cozyanddozy.com\/pl\/produkt\/girlanda-candy-green\/#primaryimage\"},\"image\":{\"@id\":\"https:\/\/cozyanddozy.com\/pl\/produkt\/girlanda-candy-green\/#primaryimage\"},\"thumbnailUrl\":\"https:\/\/cozyanddozy.com\/pl\/wp-content\/uploads\/2023\/02\/girlanda_candy_green.jpg\",\"datePublished\":\"2022-01-13T11:05:05+00:00\",\"dateModified\":\"2025-01-29T17:37:20+00:00\",\"description\":\"Coraz cz\u0119\u015bciej w pokoikach dzieci\u0119cych dostrzegamy pi\u0119kne girlandy i wcale nas to nie dziwi! Girlandy to delikatne ozdoby, kt\u00f3re s\u0105 jak wisienka na torcie \u2013 tworz\u0105 magiczny klimat wn\u0119trza. A dzi\u0119ki girlandzie Candy Green Twoje dziecko poczuje si\u0119 jak gwiazda cyrkowej sceny.\",\"breadcrumb\":{\"@id\":\"https:\/\/cozyanddozy.com\/pl\/produkt\/girlanda-candy-green\/#breadcrumb\"},\"inLanguage\":\"pl-PL\",\"potentialAction\":[{\"@type\":\"ReadAction\",\"target\":[\"https:\/\/cozyanddozy.com\/pl\/produkt\/girlanda-candy-green\/\"]}]},{\"@type\":\"ImageObject\",\"inLanguage\":\"pl-PL\",\"@id\":\"https:\/\/cozyanddozy.com\/pl\/produkt\/girlanda-candy-green\/#primaryimage\",\"url\":\"https:\/\/cozyanddozy.com\/pl\/wp-content\/uploads\/2023\/02\/girlanda_candy_green.jpg\",\"contentUrl\":\"https:\/\/cozyanddozy.com\/pl\/wp-content\/uploads\/2023\/02\/girlanda_candy_green.jpg\",\"width\":1200,\"height\":1200},{\"@type\":\"BreadcrumbList\",\"@id\":\"https:\/\/cozyanddozy.com\/pl\/produkt\/girlanda-candy-green\/#breadcrumb\",\"itemListElement\":[{\"@type\":\"ListItem\",\"position\":1,\"name\":\"Home\",\"item\":\"https:\/\/cozyanddozy.com\/pl\/\"},{\"@type\":\"ListItem\",\"position\":2,\"name\":\"Sklep\",\"item\":\"https:\/\/cozyanddozy.com\/pl\/sklep\/\"},{\"@type\":\"ListItem\",\"position\":3,\"name\":\"Girlanda Candy Green\"}]},{\"@type\":\"WebSite\",\"@id\":\"https:\/\/cozyanddozy.com\/pl\/#website\",\"url\":\"https:\/\/cozyanddozy.com\/pl\/\",\"name\":\"Cozy & Dozy\",\"description\":\"\",\"potentialAction\":[{\"@type\":\"SearchAction\",\"target\":{\"@type\":\"EntryPoint\",\"urlTemplate\":\"https:\/\/cozyanddozy.com\/pl\/?s={search_term_string}\"},\"query-input\":{\"@type\":\"PropertyValueSpecification\",\"valueRequired\":true,\"valueName\":\"search_term_string\"}}],\"inLanguage\":\"pl-PL\"}]}<\/script>\n<meta property=\"product:price:amount\" content=\"29.00\" \/>\n<meta property=\"product:price:currency\" content=\"PLN\" \/>\n<meta property=\"og:availability\" content=\"instock\" \/>\n<meta property=\"product:availability\" content=\"instock\" \/>\n<meta property=\"product:retailer_item_id\" content=\"5902701495572\" \/>\n<meta property=\"product:condition\" content=\"new\" \/>\n<!-- \/ Yoast SEO Premium plugin. -->","yoast_head_json":{"title":"Girlanda Candy Green - Cozy & Dozy","description":"Coraz cz\u0119\u015bciej w pokoikach dzieci\u0119cych dostrzegamy pi\u0119kne girlandy i wcale nas to nie dziwi! Girlandy to delikatne ozdoby, kt\u00f3re s\u0105 jak wisienka na torcie \u2013 tworz\u0105 magiczny klimat wn\u0119trza. A dzi\u0119ki girlandzie Candy Green Twoje dziecko poczuje si\u0119 jak gwiazda cyrkowej sceny.","robots":{"index":"index","follow":"follow","max-snippet":"max-snippet:-1","max-image-preview":"max-image-preview:large","max-video-preview":"max-video-preview:-1"},"canonical":"https:\/\/cozyanddozy.com\/pl\/produkt\/girlanda-candy-green\/","og_locale":"pl_PL","og_type":"article","og_title":"Girlanda Candy Green","og_description":"Coraz cz\u0119\u015bciej w pokoikach dzieci\u0119cych dostrzegamy pi\u0119kne girlandy i wcale nas to nie dziwi! Girlandy to delikatne ozdoby, kt\u00f3re s\u0105 jak wisienka na torcie \u2013 tworz\u0105 magiczny klimat wn\u0119trza. A dzi\u0119ki girlandzie Candy Green Twoje dziecko poczuje si\u0119 jak gwiazda cyrkowej sceny.","og_url":"https:\/\/cozyanddozy.com\/pl\/produkt\/girlanda-candy-green\/","og_site_name":"Cozy &amp; Dozy","article_modified_time":"2025-01-29T17:37:20+00:00","og_image":[{"width":1200,"height":1200,"url":"https:\/\/cozyanddozy.com\/pl\/wp-content\/uploads\/2023\/02\/girlanda_candy_green.jpg","type":"image\/jpeg"}],"twitter_card":"summary_large_image","twitter_misc":{"Cena":"29,00&nbsp;&#122;&#322;","Dost\u0119pno\u015b\u0107":"Dost\u0119pny"},"schema":{"@context":"https:\/\/schema.org","@graph":[{"@type":"WebPage","@id":"https:\/\/cozyanddozy.com\/pl\/produkt\/girlanda-candy-green\/","url":"https:\/\/cozyanddozy.com\/pl\/produkt\/girlanda-candy-green\/","name":"Girlanda Candy Green - Cozy & Dozy","isPartOf":{"@id":"https:\/\/cozyanddozy.com\/pl\/#website"},"primaryImageOfPage":{"@id":"https:\/\/cozyanddozy.com\/pl\/produkt\/girlanda-candy-green\/#primaryimage"},"image":{"@id":"https:\/\/cozyanddozy.com\/pl\/produkt\/girlanda-candy-green\/#primaryimage"},"thumbnailUrl":"https:\/\/cozyanddozy.com\/pl\/wp-content\/uploads\/2023\/02\/girlanda_candy_green.jpg","datePublished":"2022-01-13T11:05:05+00:00","dateModified":"2025-01-29T17:37:20+00:00","description":"Coraz cz\u0119\u015bciej w pokoikach dzieci\u0119cych dostrzegamy pi\u0119kne girlandy i wcale nas to nie dziwi! Girlandy to delikatne ozdoby, kt\u00f3re s\u0105 jak wisienka na torcie \u2013 tworz\u0105 magiczny klimat wn\u0119trza. A dzi\u0119ki girlandzie Candy Green Twoje dziecko poczuje si\u0119 jak gwiazda cyrkowej sceny.","breadcrumb":{"@id":"https:\/\/cozyanddozy.com\/pl\/produkt\/girlanda-candy-green\/#breadcrumb"},"inLanguage":"pl-PL","potentialAction":[{"@type":"ReadAction","target":["https:\/\/cozyanddozy.com\/pl\/produkt\/girlanda-candy-green\/"]}]},{"@type":"ImageObject","inLanguage":"pl-PL","@id":"https:\/\/cozyanddozy.com\/pl\/produkt\/girlanda-candy-green\/#primaryimage","url":"https:\/\/cozyanddozy.com\/pl\/wp-content\/uploads\/2023\/02\/girlanda_candy_green.jpg","contentUrl":"https:\/\/cozyanddozy.com\/pl\/wp-content\/uploads\/2023\/02\/girlanda_candy_green.jpg","width":1200,"height":1200},{"@type":"BreadcrumbList","@id":"https:\/\/cozyanddozy.com\/pl\/produkt\/girlanda-candy-green\/#breadcrumb","itemListElement":[{"@type":"ListItem","position":1,"name":"Home","item":"https:\/\/cozyanddozy.com\/pl\/"},{"@type":"ListItem","position":2,"name":"Sklep","item":"https:\/\/cozyanddozy.com\/pl\/sklep\/"},{"@type":"ListItem","position":3,"name":"Girlanda Candy Green"}]},{"@type":"WebSite","@id":"https:\/\/cozyanddozy.com\/pl\/#website","url":"https:\/\/cozyanddozy.com\/pl\/","name":"Cozy & Dozy","description":"","potentialAction":[{"@type":"SearchAction","target":{"@type":"EntryPoint","urlTemplate":"https:\/\/cozyanddozy.com\/pl\/?s={search_term_string}"},"query-input":{"@type":"PropertyValueSpecification","valueRequired":true,"valueName":"search_term_string"}}],"inLanguage":"pl-PL"}]},"product_price_amount":"29.00","product_price_currency":"PLN","og_availability":"instock","product_availability":"instock","product_retailer_item_id":"5902701495572","product_condition":"new"},"_links":{"self":[{"href":"https:\/\/cozyanddozy.com\/pl\/wp-json\/wp\/v2\/product\/528","targetHints":{"allow":["GET"]}}],"collection":[{"href":"https:\/\/cozyanddozy.com\/pl\/wp-json\/wp\/v2\/product"}],"about":[{"href":"https:\/\/cozyanddozy.com\/pl\/wp-json\/wp\/v2\/types\/product"}],"replies":[{"embeddable":true,"href":"https:\/\/cozyanddozy.com\/pl\/wp-json\/wp\/v2\/comments?post=528"}],"wp:featuredmedia":[{"embeddable":true,"href":"https:\/\/cozyanddozy.com\/pl\/wp-json\/wp\/v2\/media\/529"}],"wp:attachment":[{"href":"https:\/\/cozyanddozy.com\/pl\/wp-json\/wp\/v2\/media?parent=528"}],"wp:term":[{"taxonomy":"product_brand","embeddable":true,"href":"https:\/\/cozyanddozy.com\/pl\/wp-json\/wp\/v2\/product_brand?post=528"},{"taxonomy":"product_cat","embeddable":true,"href":"https:\/\/cozyanddozy.com\/pl\/wp-json\/wp\/v2\/product_cat?post=528"},{"taxonomy":"product_tag","embeddable":true,"href":"https:\/\/cozyanddozy.com\/pl\/wp-json\/wp\/v2\/product_tag?post=528"}],"curies":[{"name":"wp","href":"https:\/\/api.w.org\/{rel}","templated":true}]}}