{"id":485,"date":"2021-11-09T11:22:53","date_gmt":"2021-11-09T10:22:53","guid":{"rendered":"https:\/\/cozyanddozy.com\/pl\/product\/tipi-stabilizer-kit-teepee-poles-fixator\/"},"modified":"2023-11-08T17:32:20","modified_gmt":"2023-11-08T16:32:20","slug":"stabilizator-tipi-stabilizator-do-namiotu","status":"publish","type":"product","link":"https:\/\/cozyanddozy.com\/pl\/produkt\/stabilizator-tipi-stabilizator-do-namiotu\/","title":{"rendered":"Stabilizator tipi, stabilizator do namiotu"},"content":{"rendered":"<p>Tipi stabilizator sprawia \u017ce namiot <b>stoi stabilnie<\/b>, a stela\u017c jest sztywny.<\/p>\n<p>Dzi\u0119ki odpowiedniemu roz\u0142o\u017ceniu kij\u00f3w w namiocie, powoduje \u017ce\u00a0<b>materia\u0142 jest ca\u0142y czas napi\u0119ty<\/b><\/p>\n<p><b>Stabilizator gwarantuje bezpieczn\u0105 zabaw\u0119 i\u00a0pi\u0119kny wygl\u0105d namiotu.<\/b><\/p>\n<p>Zestaw stabilizuj\u0105cy zawiera :<\/p>\n<ul>\n<li>stabilizator<\/li>\n<li>instrukcja<\/li>\n<\/ul>\n","protected":false},"excerpt":{"rendered":"<p>Stabilizator gwarantuje bezpieczn\u0105 zabaw\u0119 i\u00a0pi\u0119kny wygl\u0105d namiotu.<\/p>\n","protected":false},"featured_media":486,"comment_status":"open","ping_status":"closed","template":"","meta":[],"product_brand":[],"product_cat":[19,16],"product_tag":[],"class_list":{"0":"post-485","1":"product","2":"type-product","3":"status-publish","4":"has-post-thumbnail","6":"product_cat-akcesoria","7":"product_cat-namioty-tipi","8":"product_shipping_class-kije","10":"first","11":"instock","12":"sale","13":"product-type-simple"},"yoast_head":"<!-- This site is optimized with the Yoast SEO Premium plugin v21.9 (Yoast SEO v27.0) - https:\/\/yoast.com\/product\/yoast-seo-premium-wordpress\/ -->\n<title>Stabilizator tipi, stabilizator do namiotu - Cozy &amp; Dozy<\/title>\n<meta name=\"description\" content=\"Stabilizator gwarantuje bezpieczn\u0105 zabaw\u0119 i\u00a0pi\u0119kny wygl\u0105d namiotu.\" \/>\n<meta name=\"robots\" content=\"index, follow, max-snippet:-1, max-image-preview:large, max-video-preview:-1\" \/>\n<link rel=\"canonical\" href=\"https:\/\/cozyanddozy.com\/pl\/produkt\/stabilizator-tipi-stabilizator-do-namiotu\/\" \/>\n<meta property=\"og:locale\" content=\"pl_PL\" \/>\n<meta property=\"og:type\" content=\"article\" \/>\n<meta property=\"og:title\" content=\"Stabilizator tipi, stabilizator do namiotu\" \/>\n<meta property=\"og:description\" content=\"Stabilizator gwarantuje bezpieczn\u0105 zabaw\u0119 i\u00a0pi\u0119kny wygl\u0105d namiotu.\" \/>\n<meta property=\"og:url\" content=\"https:\/\/cozyanddozy.com\/pl\/produkt\/stabilizator-tipi-stabilizator-do-namiotu\/\" \/>\n<meta property=\"og:site_name\" content=\"Cozy &amp; Dozy\" \/>\n<meta property=\"article:modified_time\" content=\"2023-11-08T16:32:20+00:00\" \/>\n<meta property=\"og:image\" content=\"https:\/\/cozyanddozy.com\/pl\/wp-content\/uploads\/2023\/02\/stabilizator-1.png\" \/>\n\t<meta property=\"og:image:width\" content=\"1000\" \/>\n\t<meta property=\"og:image:height\" content=\"998\" \/>\n\t<meta property=\"og:image:type\" content=\"image\/png\" \/>\n<meta name=\"twitter:card\" content=\"summary_large_image\" \/>\n<meta name=\"twitter:label1\" content=\"Cena\" \/>\n\t<meta name=\"twitter:data1\" content=\"24,00&nbsp;&#122;&#322;\" \/>\n\t<meta name=\"twitter:label2\" content=\"Dost\u0119pno\u015b\u0107\" \/>\n\t<meta name=\"twitter:data2\" content=\"Dost\u0119pny\" \/>\n<script type=\"application\/ld+json\" class=\"yoast-schema-graph\">{\"@context\":\"https:\/\/schema.org\",\"@graph\":[{\"@type\":\"WebPage\",\"@id\":\"https:\/\/cozyanddozy.com\/pl\/produkt\/stabilizator-tipi-stabilizator-do-namiotu\/\",\"url\":\"https:\/\/cozyanddozy.com\/pl\/produkt\/stabilizator-tipi-stabilizator-do-namiotu\/\",\"name\":\"Stabilizator tipi, stabilizator do namiotu - Cozy & Dozy\",\"isPartOf\":{\"@id\":\"https:\/\/cozyanddozy.com\/pl\/#website\"},\"primaryImageOfPage\":{\"@id\":\"https:\/\/cozyanddozy.com\/pl\/produkt\/stabilizator-tipi-stabilizator-do-namiotu\/#primaryimage\"},\"image\":{\"@id\":\"https:\/\/cozyanddozy.com\/pl\/produkt\/stabilizator-tipi-stabilizator-do-namiotu\/#primaryimage\"},\"thumbnailUrl\":\"https:\/\/cozyanddozy.com\/pl\/wp-content\/uploads\/2023\/02\/stabilizator-1.png\",\"datePublished\":\"2021-11-09T10:22:53+00:00\",\"dateModified\":\"2023-11-08T16:32:20+00:00\",\"description\":\"Stabilizator gwarantuje bezpieczn\u0105 zabaw\u0119 i\u00a0pi\u0119kny wygl\u0105d namiotu.\",\"breadcrumb\":{\"@id\":\"https:\/\/cozyanddozy.com\/pl\/produkt\/stabilizator-tipi-stabilizator-do-namiotu\/#breadcrumb\"},\"inLanguage\":\"pl-PL\",\"potentialAction\":[{\"@type\":\"ReadAction\",\"target\":[\"https:\/\/cozyanddozy.com\/pl\/produkt\/stabilizator-tipi-stabilizator-do-namiotu\/\"]}]},{\"@type\":\"ImageObject\",\"inLanguage\":\"pl-PL\",\"@id\":\"https:\/\/cozyanddozy.com\/pl\/produkt\/stabilizator-tipi-stabilizator-do-namiotu\/#primaryimage\",\"url\":\"https:\/\/cozyanddozy.com\/pl\/wp-content\/uploads\/2023\/02\/stabilizator-1.png\",\"contentUrl\":\"https:\/\/cozyanddozy.com\/pl\/wp-content\/uploads\/2023\/02\/stabilizator-1.png\",\"width\":1000,\"height\":998},{\"@type\":\"BreadcrumbList\",\"@id\":\"https:\/\/cozyanddozy.com\/pl\/produkt\/stabilizator-tipi-stabilizator-do-namiotu\/#breadcrumb\",\"itemListElement\":[{\"@type\":\"ListItem\",\"position\":1,\"name\":\"Home\",\"item\":\"https:\/\/cozyanddozy.com\/pl\/\"},{\"@type\":\"ListItem\",\"position\":2,\"name\":\"Sklep\",\"item\":\"https:\/\/cozyanddozy.com\/pl\/sklep\/\"},{\"@type\":\"ListItem\",\"position\":3,\"name\":\"Stabilizator tipi, stabilizator do namiotu\"}]},{\"@type\":\"WebSite\",\"@id\":\"https:\/\/cozyanddozy.com\/pl\/#website\",\"url\":\"https:\/\/cozyanddozy.com\/pl\/\",\"name\":\"Cozy & Dozy\",\"description\":\"\",\"potentialAction\":[{\"@type\":\"SearchAction\",\"target\":{\"@type\":\"EntryPoint\",\"urlTemplate\":\"https:\/\/cozyanddozy.com\/pl\/?s={search_term_string}\"},\"query-input\":{\"@type\":\"PropertyValueSpecification\",\"valueRequired\":true,\"valueName\":\"search_term_string\"}}],\"inLanguage\":\"pl-PL\"}]}<\/script>\n<meta property=\"product:price:amount\" content=\"24.00\" \/>\n<meta property=\"product:price:currency\" content=\"PLN\" \/>\n<meta property=\"og:availability\" content=\"instock\" \/>\n<meta property=\"product:availability\" content=\"instock\" \/>\n<meta property=\"product:retailer_item_id\" content=\"TIPI_STABI\" \/>\n<meta property=\"product:condition\" content=\"new\" \/>\n<!-- \/ Yoast SEO Premium plugin. -->","yoast_head_json":{"title":"Stabilizator tipi, stabilizator do namiotu - Cozy & Dozy","description":"Stabilizator gwarantuje bezpieczn\u0105 zabaw\u0119 i\u00a0pi\u0119kny wygl\u0105d namiotu.","robots":{"index":"index","follow":"follow","max-snippet":"max-snippet:-1","max-image-preview":"max-image-preview:large","max-video-preview":"max-video-preview:-1"},"canonical":"https:\/\/cozyanddozy.com\/pl\/produkt\/stabilizator-tipi-stabilizator-do-namiotu\/","og_locale":"pl_PL","og_type":"article","og_title":"Stabilizator tipi, stabilizator do namiotu","og_description":"Stabilizator gwarantuje bezpieczn\u0105 zabaw\u0119 i\u00a0pi\u0119kny wygl\u0105d namiotu.","og_url":"https:\/\/cozyanddozy.com\/pl\/produkt\/stabilizator-tipi-stabilizator-do-namiotu\/","og_site_name":"Cozy &amp; Dozy","article_modified_time":"2023-11-08T16:32:20+00:00","og_image":[{"width":1000,"height":998,"url":"https:\/\/cozyanddozy.com\/pl\/wp-content\/uploads\/2023\/02\/stabilizator-1.png","type":"image\/png"}],"twitter_card":"summary_large_image","twitter_misc":{"Cena":"24,00&nbsp;&#122;&#322;","Dost\u0119pno\u015b\u0107":"Dost\u0119pny"},"schema":{"@context":"https:\/\/schema.org","@graph":[{"@type":"WebPage","@id":"https:\/\/cozyanddozy.com\/pl\/produkt\/stabilizator-tipi-stabilizator-do-namiotu\/","url":"https:\/\/cozyanddozy.com\/pl\/produkt\/stabilizator-tipi-stabilizator-do-namiotu\/","name":"Stabilizator tipi, stabilizator do namiotu - Cozy & Dozy","isPartOf":{"@id":"https:\/\/cozyanddozy.com\/pl\/#website"},"primaryImageOfPage":{"@id":"https:\/\/cozyanddozy.com\/pl\/produkt\/stabilizator-tipi-stabilizator-do-namiotu\/#primaryimage"},"image":{"@id":"https:\/\/cozyanddozy.com\/pl\/produkt\/stabilizator-tipi-stabilizator-do-namiotu\/#primaryimage"},"thumbnailUrl":"https:\/\/cozyanddozy.com\/pl\/wp-content\/uploads\/2023\/02\/stabilizator-1.png","datePublished":"2021-11-09T10:22:53+00:00","dateModified":"2023-11-08T16:32:20+00:00","description":"Stabilizator gwarantuje bezpieczn\u0105 zabaw\u0119 i\u00a0pi\u0119kny wygl\u0105d namiotu.","breadcrumb":{"@id":"https:\/\/cozyanddozy.com\/pl\/produkt\/stabilizator-tipi-stabilizator-do-namiotu\/#breadcrumb"},"inLanguage":"pl-PL","potentialAction":[{"@type":"ReadAction","target":["https:\/\/cozyanddozy.com\/pl\/produkt\/stabilizator-tipi-stabilizator-do-namiotu\/"]}]},{"@type":"ImageObject","inLanguage":"pl-PL","@id":"https:\/\/cozyanddozy.com\/pl\/produkt\/stabilizator-tipi-stabilizator-do-namiotu\/#primaryimage","url":"https:\/\/cozyanddozy.com\/pl\/wp-content\/uploads\/2023\/02\/stabilizator-1.png","contentUrl":"https:\/\/cozyanddozy.com\/pl\/wp-content\/uploads\/2023\/02\/stabilizator-1.png","width":1000,"height":998},{"@type":"BreadcrumbList","@id":"https:\/\/cozyanddozy.com\/pl\/produkt\/stabilizator-tipi-stabilizator-do-namiotu\/#breadcrumb","itemListElement":[{"@type":"ListItem","position":1,"name":"Home","item":"https:\/\/cozyanddozy.com\/pl\/"},{"@type":"ListItem","position":2,"name":"Sklep","item":"https:\/\/cozyanddozy.com\/pl\/sklep\/"},{"@type":"ListItem","position":3,"name":"Stabilizator tipi, stabilizator do namiotu"}]},{"@type":"WebSite","@id":"https:\/\/cozyanddozy.com\/pl\/#website","url":"https:\/\/cozyanddozy.com\/pl\/","name":"Cozy & Dozy","description":"","potentialAction":[{"@type":"SearchAction","target":{"@type":"EntryPoint","urlTemplate":"https:\/\/cozyanddozy.com\/pl\/?s={search_term_string}"},"query-input":{"@type":"PropertyValueSpecification","valueRequired":true,"valueName":"search_term_string"}}],"inLanguage":"pl-PL"}]},"product_price_amount":"24.00","product_price_currency":"PLN","og_availability":"instock","product_availability":"instock","product_retailer_item_id":"TIPI_STABI","product_condition":"new"},"_links":{"self":[{"href":"https:\/\/cozyanddozy.com\/pl\/wp-json\/wp\/v2\/product\/485","targetHints":{"allow":["GET"]}}],"collection":[{"href":"https:\/\/cozyanddozy.com\/pl\/wp-json\/wp\/v2\/product"}],"about":[{"href":"https:\/\/cozyanddozy.com\/pl\/wp-json\/wp\/v2\/types\/product"}],"replies":[{"embeddable":true,"href":"https:\/\/cozyanddozy.com\/pl\/wp-json\/wp\/v2\/comments?post=485"}],"wp:featuredmedia":[{"embeddable":true,"href":"https:\/\/cozyanddozy.com\/pl\/wp-json\/wp\/v2\/media\/486"}],"wp:attachment":[{"href":"https:\/\/cozyanddozy.com\/pl\/wp-json\/wp\/v2\/media?parent=485"}],"wp:term":[{"taxonomy":"product_brand","embeddable":true,"href":"https:\/\/cozyanddozy.com\/pl\/wp-json\/wp\/v2\/product_brand?post=485"},{"taxonomy":"product_cat","embeddable":true,"href":"https:\/\/cozyanddozy.com\/pl\/wp-json\/wp\/v2\/product_cat?post=485"},{"taxonomy":"product_tag","embeddable":true,"href":"https:\/\/cozyanddozy.com\/pl\/wp-json\/wp\/v2\/product_tag?post=485"}],"curies":[{"name":"wp","href":"https:\/\/api.w.org\/{rel}","templated":true}]}}