{"id":464,"date":"2021-04-14T09:47:12","date_gmt":"2021-04-14T07:47:12","guid":{"rendered":"https:\/\/cozyanddozy.com\/pl\/product\/water-resistant-tipi-tent-outdoor-tipi-green-grass\/"},"modified":"2025-01-29T18:39:41","modified_gmt":"2025-01-29T17:39:41","slug":"wodoodporny-namiot-tipi-green-grass","status":"publish","type":"product","link":"https:\/\/cozyanddozy.com\/pl\/produkt\/wodoodporny-namiot-tipi-green-grass\/","title":{"rendered":"Wodoodporny namiot tipi Green Grass"},"content":{"rendered":"<h3>Wodoodporny namiot do zabawy. Ogrodowe tipi od Cozy &amp; Dozy.<\/h3>\n<p>Namiot Green Grass\u00a0<strong>wykonany jest z wodoodpornej tkaniny PREMIUM, dzi\u0119ki czemu nie niszczy si\u0119 od wody i nadaje si\u0119 na zabaw\u0119 na podw\u00f3rku. Namiot \u0142atwo utrzyma\u0107 w czysto\u015bci.\u00a0<\/strong>Ka\u017cdy egzemplarz tipi od Cozy &amp; Dozy jest naszego projektu, staramy si\u0119 aby ka\u017cdy namiot by\u0142 unikatowy i zgodny z obecnymi trendami.<\/p>\n<p><b>Dzieci\u0119cy namiot tipi do zabawy posiada cztery boki oraz wszyt\u0105 wodoodporn\u0105 pod\u0142og\u0119 i dwa otwierane okienka z rolet\u0105, chor\u0105giewkami oraz kiesze\u0144 na zabawki.<\/b><\/p>\n<p><strong>Domek tipi<\/strong>\u00a0<strong>posiada w zestawie sk\u0142adane sosnowe kije.<\/strong> Wszystkie elementy z tkaniny <strong>mo\u017cna pra\u0107 w pralce.<\/strong>\u00a0Namiot dla dzieci \u0142atwo si\u0119 sk\u0142ada i nie zajmuje wiele miejsca.<\/p>\n<p>Wszystkie\u00a0<strong>modele projektowane s\u0105 przez nas i dajemy ci gwarancj\u0119, \u017ce dostajesz produkt unikalny<\/strong>\u00a0i najlepszej jako\u015bci. India\u0144skie namioty\u00a0<strong>tipi tworzone s\u0105 metod\u0105 hand made, z bezpiecznych dla dzieci tkanin pochodz\u0105cych z Europy<\/strong>\u00a0i posiadaj\u0105cych certyfikaty jako\u015bci.<\/p>\n<p>Dost\u0119pne warianty kolorystyczne:<\/p>\n<ul>\n<li>r\u00f3\u017c<\/li>\n<li>szary<\/li>\n<li>zielony<\/li>\n<li>miodowy<\/li>\n<li>br\u0105zowy<\/li>\n<li>czarny<\/li>\n<\/ul>\n<p><strong>W sk\u0142ad zestawu Garden od Cozy &amp; Dozy wchodz\u0105:<\/strong><\/p>\n<ul>\n<li>tipi<\/li>\n<li>ozdobne chor\u0105giewki<\/li>\n<li><strong>Stabilizator\u00a0<\/strong>(zapobiega przesuwaniu stela\u017cu)<\/li>\n<li>4 kije z naturalnego drewna sosnowego (stela\u017c).<\/li>\n<\/ul>\n<p>&nbsp;<\/p>\n","protected":false},"excerpt":{"rendered":"<p>Wodoodporny namiot tipi do zabawy w zestawie z chor\u0105giewk\u0105, kijami i stabilizator. Namiot do zabawy posiada dwa okienka i kiesze\u0144 na drobne zabawki.<\/p>\n","protected":false},"featured_media":465,"comment_status":"open","ping_status":"closed","template":"","meta":[],"product_brand":[],"product_cat":[16],"product_tag":[24],"class_list":{"0":"post-464","1":"product","2":"type-product","3":"status-publish","4":"has-post-thumbnail","6":"product_cat-namioty-tipi","7":"product_tag-pla","9":"first","10":"instock","11":"sale","12":"product-type-simple"},"yoast_head":"<!-- This site is optimized with the Yoast SEO Premium plugin v21.9 (Yoast SEO v27.0) - https:\/\/yoast.com\/product\/yoast-seo-premium-wordpress\/ -->\n<title>Wodoodporny namiot tipi Green Grass - Cozy &amp; Dozy<\/title>\n<meta name=\"description\" content=\"Wodoodporny namiot tipi do zabawy w zestawie z chor\u0105giewk\u0105, kijami i stabilizator. Namiot do zabawy posiada dwa okienka i kiesze\u0144 na drobne zabawki.\" \/>\n<meta name=\"robots\" content=\"index, follow, max-snippet:-1, max-image-preview:large, max-video-preview:-1\" \/>\n<link rel=\"canonical\" href=\"https:\/\/cozyanddozy.com\/pl\/produkt\/wodoodporny-namiot-tipi-green-grass\/\" \/>\n<meta property=\"og:locale\" content=\"pl_PL\" \/>\n<meta property=\"og:type\" content=\"article\" \/>\n<meta property=\"og:title\" content=\"Wodoodporny namiot tipi Green Grass\" \/>\n<meta property=\"og:description\" content=\"Wodoodporny namiot tipi do zabawy w zestawie z chor\u0105giewk\u0105, kijami i stabilizator. Namiot do zabawy posiada dwa okienka i kiesze\u0144 na drobne zabawki.\" \/>\n<meta property=\"og:url\" content=\"https:\/\/cozyanddozy.com\/pl\/produkt\/wodoodporny-namiot-tipi-green-grass\/\" \/>\n<meta property=\"og:site_name\" content=\"Cozy &amp; Dozy\" \/>\n<meta property=\"article:modified_time\" content=\"2025-01-29T17:39:41+00:00\" \/>\n<meta property=\"og:image\" content=\"https:\/\/cozyanddozy.com\/pl\/wp-content\/uploads\/2023\/02\/kids_tipi_tent_Garden_Green_s1.jpg\" \/>\n\t<meta property=\"og:image:width\" content=\"1200\" \/>\n\t<meta property=\"og:image:height\" content=\"1200\" \/>\n\t<meta property=\"og:image:type\" content=\"image\/jpeg\" \/>\n<meta name=\"twitter:card\" content=\"summary_large_image\" \/>\n<meta name=\"twitter:label1\" content=\"Cena\" \/>\n\t<meta name=\"twitter:data1\" content=\"349,00&nbsp;&#122;&#322;\" \/>\n\t<meta name=\"twitter:label2\" content=\"Dost\u0119pno\u015b\u0107\" \/>\n\t<meta name=\"twitter:data2\" content=\"Dost\u0119pny\" \/>\n<script type=\"application\/ld+json\" class=\"yoast-schema-graph\">{\"@context\":\"https:\/\/schema.org\",\"@graph\":[{\"@type\":\"WebPage\",\"@id\":\"https:\/\/cozyanddozy.com\/pl\/produkt\/wodoodporny-namiot-tipi-green-grass\/\",\"url\":\"https:\/\/cozyanddozy.com\/pl\/produkt\/wodoodporny-namiot-tipi-green-grass\/\",\"name\":\"Wodoodporny namiot tipi Green Grass - Cozy & Dozy\",\"isPartOf\":{\"@id\":\"https:\/\/cozyanddozy.com\/pl\/#website\"},\"primaryImageOfPage\":{\"@id\":\"https:\/\/cozyanddozy.com\/pl\/produkt\/wodoodporny-namiot-tipi-green-grass\/#primaryimage\"},\"image\":{\"@id\":\"https:\/\/cozyanddozy.com\/pl\/produkt\/wodoodporny-namiot-tipi-green-grass\/#primaryimage\"},\"thumbnailUrl\":\"https:\/\/cozyanddozy.com\/pl\/wp-content\/uploads\/2023\/02\/kids_tipi_tent_Garden_Green_s1.jpg\",\"datePublished\":\"2021-04-14T07:47:12+00:00\",\"dateModified\":\"2025-01-29T17:39:41+00:00\",\"description\":\"Wodoodporny namiot tipi do zabawy w zestawie z chor\u0105giewk\u0105, kijami i stabilizator. Namiot do zabawy posiada dwa okienka i kiesze\u0144 na drobne zabawki.\",\"breadcrumb\":{\"@id\":\"https:\/\/cozyanddozy.com\/pl\/produkt\/wodoodporny-namiot-tipi-green-grass\/#breadcrumb\"},\"inLanguage\":\"pl-PL\",\"potentialAction\":[{\"@type\":\"ReadAction\",\"target\":[\"https:\/\/cozyanddozy.com\/pl\/produkt\/wodoodporny-namiot-tipi-green-grass\/\"]}]},{\"@type\":\"ImageObject\",\"inLanguage\":\"pl-PL\",\"@id\":\"https:\/\/cozyanddozy.com\/pl\/produkt\/wodoodporny-namiot-tipi-green-grass\/#primaryimage\",\"url\":\"https:\/\/cozyanddozy.com\/pl\/wp-content\/uploads\/2023\/02\/kids_tipi_tent_Garden_Green_s1.jpg\",\"contentUrl\":\"https:\/\/cozyanddozy.com\/pl\/wp-content\/uploads\/2023\/02\/kids_tipi_tent_Garden_Green_s1.jpg\",\"width\":1200,\"height\":1200,\"caption\":\"kids_tipi_tent_Garden_Green_s1\"},{\"@type\":\"BreadcrumbList\",\"@id\":\"https:\/\/cozyanddozy.com\/pl\/produkt\/wodoodporny-namiot-tipi-green-grass\/#breadcrumb\",\"itemListElement\":[{\"@type\":\"ListItem\",\"position\":1,\"name\":\"Home\",\"item\":\"https:\/\/cozyanddozy.com\/pl\/\"},{\"@type\":\"ListItem\",\"position\":2,\"name\":\"Sklep\",\"item\":\"https:\/\/cozyanddozy.com\/pl\/sklep\/\"},{\"@type\":\"ListItem\",\"position\":3,\"name\":\"Wodoodporny namiot tipi Green Grass\"}]},{\"@type\":\"WebSite\",\"@id\":\"https:\/\/cozyanddozy.com\/pl\/#website\",\"url\":\"https:\/\/cozyanddozy.com\/pl\/\",\"name\":\"Cozy & Dozy\",\"description\":\"\",\"potentialAction\":[{\"@type\":\"SearchAction\",\"target\":{\"@type\":\"EntryPoint\",\"urlTemplate\":\"https:\/\/cozyanddozy.com\/pl\/?s={search_term_string}\"},\"query-input\":{\"@type\":\"PropertyValueSpecification\",\"valueRequired\":true,\"valueName\":\"search_term_string\"}}],\"inLanguage\":\"pl-PL\"}]}<\/script>\n<meta property=\"product:price:amount\" content=\"349.00\" \/>\n<meta property=\"product:price:currency\" content=\"PLN\" \/>\n<meta property=\"og:availability\" content=\"instock\" \/>\n<meta property=\"product:availability\" content=\"instock\" \/>\n<meta property=\"product:retailer_item_id\" content=\"5902701495077\" \/>\n<meta property=\"product:condition\" content=\"new\" \/>\n<!-- \/ Yoast SEO Premium plugin. -->","yoast_head_json":{"title":"Wodoodporny namiot tipi Green Grass - Cozy & Dozy","description":"Wodoodporny namiot tipi do zabawy w zestawie z chor\u0105giewk\u0105, kijami i stabilizator. Namiot do zabawy posiada dwa okienka i kiesze\u0144 na drobne zabawki.","robots":{"index":"index","follow":"follow","max-snippet":"max-snippet:-1","max-image-preview":"max-image-preview:large","max-video-preview":"max-video-preview:-1"},"canonical":"https:\/\/cozyanddozy.com\/pl\/produkt\/wodoodporny-namiot-tipi-green-grass\/","og_locale":"pl_PL","og_type":"article","og_title":"Wodoodporny namiot tipi Green Grass","og_description":"Wodoodporny namiot tipi do zabawy w zestawie z chor\u0105giewk\u0105, kijami i stabilizator. Namiot do zabawy posiada dwa okienka i kiesze\u0144 na drobne zabawki.","og_url":"https:\/\/cozyanddozy.com\/pl\/produkt\/wodoodporny-namiot-tipi-green-grass\/","og_site_name":"Cozy &amp; Dozy","article_modified_time":"2025-01-29T17:39:41+00:00","og_image":[{"width":1200,"height":1200,"url":"https:\/\/cozyanddozy.com\/pl\/wp-content\/uploads\/2023\/02\/kids_tipi_tent_Garden_Green_s1.jpg","type":"image\/jpeg"}],"twitter_card":"summary_large_image","twitter_misc":{"Cena":"349,00&nbsp;&#122;&#322;","Dost\u0119pno\u015b\u0107":"Dost\u0119pny"},"schema":{"@context":"https:\/\/schema.org","@graph":[{"@type":"WebPage","@id":"https:\/\/cozyanddozy.com\/pl\/produkt\/wodoodporny-namiot-tipi-green-grass\/","url":"https:\/\/cozyanddozy.com\/pl\/produkt\/wodoodporny-namiot-tipi-green-grass\/","name":"Wodoodporny namiot tipi Green Grass - Cozy & Dozy","isPartOf":{"@id":"https:\/\/cozyanddozy.com\/pl\/#website"},"primaryImageOfPage":{"@id":"https:\/\/cozyanddozy.com\/pl\/produkt\/wodoodporny-namiot-tipi-green-grass\/#primaryimage"},"image":{"@id":"https:\/\/cozyanddozy.com\/pl\/produkt\/wodoodporny-namiot-tipi-green-grass\/#primaryimage"},"thumbnailUrl":"https:\/\/cozyanddozy.com\/pl\/wp-content\/uploads\/2023\/02\/kids_tipi_tent_Garden_Green_s1.jpg","datePublished":"2021-04-14T07:47:12+00:00","dateModified":"2025-01-29T17:39:41+00:00","description":"Wodoodporny namiot tipi do zabawy w zestawie z chor\u0105giewk\u0105, kijami i stabilizator. Namiot do zabawy posiada dwa okienka i kiesze\u0144 na drobne zabawki.","breadcrumb":{"@id":"https:\/\/cozyanddozy.com\/pl\/produkt\/wodoodporny-namiot-tipi-green-grass\/#breadcrumb"},"inLanguage":"pl-PL","potentialAction":[{"@type":"ReadAction","target":["https:\/\/cozyanddozy.com\/pl\/produkt\/wodoodporny-namiot-tipi-green-grass\/"]}]},{"@type":"ImageObject","inLanguage":"pl-PL","@id":"https:\/\/cozyanddozy.com\/pl\/produkt\/wodoodporny-namiot-tipi-green-grass\/#primaryimage","url":"https:\/\/cozyanddozy.com\/pl\/wp-content\/uploads\/2023\/02\/kids_tipi_tent_Garden_Green_s1.jpg","contentUrl":"https:\/\/cozyanddozy.com\/pl\/wp-content\/uploads\/2023\/02\/kids_tipi_tent_Garden_Green_s1.jpg","width":1200,"height":1200,"caption":"kids_tipi_tent_Garden_Green_s1"},{"@type":"BreadcrumbList","@id":"https:\/\/cozyanddozy.com\/pl\/produkt\/wodoodporny-namiot-tipi-green-grass\/#breadcrumb","itemListElement":[{"@type":"ListItem","position":1,"name":"Home","item":"https:\/\/cozyanddozy.com\/pl\/"},{"@type":"ListItem","position":2,"name":"Sklep","item":"https:\/\/cozyanddozy.com\/pl\/sklep\/"},{"@type":"ListItem","position":3,"name":"Wodoodporny namiot tipi Green Grass"}]},{"@type":"WebSite","@id":"https:\/\/cozyanddozy.com\/pl\/#website","url":"https:\/\/cozyanddozy.com\/pl\/","name":"Cozy & Dozy","description":"","potentialAction":[{"@type":"SearchAction","target":{"@type":"EntryPoint","urlTemplate":"https:\/\/cozyanddozy.com\/pl\/?s={search_term_string}"},"query-input":{"@type":"PropertyValueSpecification","valueRequired":true,"valueName":"search_term_string"}}],"inLanguage":"pl-PL"}]},"product_price_amount":"349.00","product_price_currency":"PLN","og_availability":"instock","product_availability":"instock","product_retailer_item_id":"5902701495077","product_condition":"new"},"_links":{"self":[{"href":"https:\/\/cozyanddozy.com\/pl\/wp-json\/wp\/v2\/product\/464","targetHints":{"allow":["GET"]}}],"collection":[{"href":"https:\/\/cozyanddozy.com\/pl\/wp-json\/wp\/v2\/product"}],"about":[{"href":"https:\/\/cozyanddozy.com\/pl\/wp-json\/wp\/v2\/types\/product"}],"replies":[{"embeddable":true,"href":"https:\/\/cozyanddozy.com\/pl\/wp-json\/wp\/v2\/comments?post=464"}],"wp:featuredmedia":[{"embeddable":true,"href":"https:\/\/cozyanddozy.com\/pl\/wp-json\/wp\/v2\/media\/465"}],"wp:attachment":[{"href":"https:\/\/cozyanddozy.com\/pl\/wp-json\/wp\/v2\/media?parent=464"}],"wp:term":[{"taxonomy":"product_brand","embeddable":true,"href":"https:\/\/cozyanddozy.com\/pl\/wp-json\/wp\/v2\/product_brand?post=464"},{"taxonomy":"product_cat","embeddable":true,"href":"https:\/\/cozyanddozy.com\/pl\/wp-json\/wp\/v2\/product_cat?post=464"},{"taxonomy":"product_tag","embeddable":true,"href":"https:\/\/cozyanddozy.com\/pl\/wp-json\/wp\/v2\/product_tag?post=464"}],"curies":[{"name":"wp","href":"https:\/\/api.w.org\/{rel}","templated":true}]}}