{"id":425,"date":"2018-04-10T10:30:14","date_gmt":"2018-04-10T08:30:14","guid":{"rendered":"https:\/\/cozyanddozy.com\/pl\/product\/white-tipi-tent-with-tassel-teepee-boho-white\/"},"modified":"2025-01-29T18:41:55","modified_gmt":"2025-01-29T17:41:55","slug":"tipi-z-fredzlami-bialy-namiot-tipi-boho-white","status":"publish","type":"product","link":"https:\/\/cozyanddozy.com\/pl\/produkt\/tipi-z-fredzlami-bialy-namiot-tipi-boho-white\/","title":{"rendered":"Tipi z fr\u0119dzlami, bia\u0142y namiot tipi Boho White"},"content":{"rendered":"<h3>Bia\u0142y namiot tipi z fr\u0119dzlami od Cozy &amp; Dozy, india\u0144skie tipi Boho<\/h3>\n<p>Namiot Boho dla dziecka wykonany jest z mocnej bawe\u0142ny PREMIUM. Ka\u017cdy egzemplarz tipi od Cozy &amp; Dozy jest naszego projektu, staramy si\u0119 aby ka\u017cdy namiot by\u0142 unikatowy i zgodny z obecnymi trendami. Dzieci\u0119cy namiot tipi do zabawy posiada cztery boki, otwierani okienko z rolet\u0105, oraz kiesze\u0144 na zabawki. Namiot tipi z serii Boho White to be\u017cowo-bia\u0142e teepee w kolorowe chwosty.<\/p>\n<p>Domek tipi Boho White\u00a0posiada w zestawie sk\u0142adane sosnowe kije i worek do przechowywania. Wszystkie elementy z tkaniny mo\u017cna pra\u0107 w pralce.\u00a0Namiot dla dzieci \u0142atwo si\u0119 sk\u0142ada i nie zajmuje wiele miejsca.<\/p>\n<p>Wszystkie\u00a0<strong>modele projektowane s\u0105 przez nas i dajemy ci gwarancj\u0119, \u017ce dostajesz produkt unikalny<\/strong>\u00a0i najlepszej jako\u015bci. India\u0144skie namioty\u00a0<strong>tipi tworzone s\u0105 metod\u0105 hand made, z bezpiecznych dla dzieci tkanin pochodz\u0105cych z Europy<\/strong>\u00a0i posiadaj\u0105cych certyfikaty jako\u015bci.<\/p>\n<p><strong>W sk\u0142ad zestawu Boho White od Cozy &amp; Dozy wchodz\u0105:<\/strong><\/p>\n<ul>\n<li>be\u017cowo-bia\u0142y namiot tipi w chwosty<\/li>\n<li>4 kije z naturalnego drewna sosnowego (stela\u017c).<\/li>\n<li>instrukcja<\/li>\n<li>stabilizator do namiotu<\/li>\n<\/ul>\n<p>Wigwam mo\u017cna r\u00f3wnie\u017c zakupi\u0107 bez maty.<\/p>\n<h3>Wymiary:<\/h3>\n<ul>\n<li>Wysoko\u015b\u0107 (z kijkami) po roz\u0142o\u017ceniu: 150 cm<\/li>\n<li>Wysoko\u015b\u0107 (z kijkami) po z\u0142o\u017ceniu: 170 cm<\/li>\n<li>Powierzchnia pod\u0142ogi: ok. 110\u00d7110 cm<\/li>\n<\/ul>\n<p>Wigwam w tym rozmiarze mo\u017ce zmie\u015bci\u0107 2-3 dzieci. Jest lekki i dzi\u0119ki temu \u0142atwy w transporcie. Mo\u017cna go przechowywa\u0107 w specjalnym worku z uchwytem, do\u0142\u0105czonym do kompletu.<\/p>\n<h3>Sk\u0142ad:<\/h3>\n<ul>\n<li>100% bawe\u0142na<\/li>\n<li>Posiada certyfikat oraz atest CE<\/li>\n<\/ul>\n<p><span style=\"color: #555555;\">Chcemy, aby nasze produkty by\u0142y ca\u0142kowicie\u00a0bezpieczne dla dzieci. Dlatego tworzymy je wy\u0142\u0105cznie z atestowanych tkanin pochodzenia europejskiego. Namiot uszyto w Polsce.<\/span><\/p>\n<h3>Spos\u00f3b piel\u0119gnacji:<\/h3>\n<ul>\n<li>Mo\u017cna pra\u0107 w pralce\u00a0w temperaturze 40 stopni, wirowanie \u2013 800 obrot\u00f3w<\/li>\n<li>Nie pra\u0107 chemicznie<\/li>\n<li>Nie wybiela\u0107<\/li>\n<\/ul>\n<p>Czas realizacji zam\u00f3wienia: 1-2 dni robocze + czas dostawy.<\/p>\n<p>&nbsp;<\/p>\n","protected":false},"excerpt":{"rendered":"<p>Namiot tipi z kolorowymi fr\u0119dzlami w stylu Boho. Domek do zabawy z dekoracyjnym okienkiem i kieszonk\u0105 na drobne zabawki. W zestawie: tipi, 4 sosnowe kije, torba do przechowywania, ksi\u0105\u017ceczka z pomys\u0142ami na zabawy w tipi.<\/p>\n","protected":false},"featured_media":416,"comment_status":"open","ping_status":"closed","template":"","meta":[],"product_brand":[],"product_cat":[16],"product_tag":[],"class_list":{"0":"post-425","1":"product","2":"type-product","3":"status-publish","4":"has-post-thumbnail","6":"product_cat-namioty-tipi","8":"first","9":"instock","10":"sale","11":"product-type-simple"},"yoast_head":"<!-- This site is optimized with the Yoast SEO Premium plugin v21.9 (Yoast SEO v27.0) - https:\/\/yoast.com\/product\/yoast-seo-premium-wordpress\/ -->\n<title>Tipi z fr\u0119dzlami, bia\u0142y namiot tipi Boho White - Cozy &amp; Dozy<\/title>\n<meta name=\"description\" content=\"Namiot tipi z kolorowymi fr\u0119dzlami w stylu Boho. Domek do zabawy z dekoracyjnym okienkiem i kieszonk\u0105 na drobne zabawki. W zestawie: tipi, 4 sosnowe kije, torba do przechowywania, ksi\u0105\u017ceczka z pomys\u0142ami na zabawy w tipi.\" \/>\n<meta name=\"robots\" content=\"index, follow, max-snippet:-1, max-image-preview:large, max-video-preview:-1\" \/>\n<link rel=\"canonical\" href=\"https:\/\/cozyanddozy.com\/pl\/produkt\/tipi-z-fredzlami-bialy-namiot-tipi-boho-white\/\" \/>\n<meta property=\"og:locale\" content=\"pl_PL\" \/>\n<meta property=\"og:type\" content=\"article\" \/>\n<meta property=\"og:title\" content=\"Tipi z fr\u0119dzlami, bia\u0142y namiot tipi Boho White\" \/>\n<meta property=\"og:description\" content=\"Namiot tipi z kolorowymi fr\u0119dzlami w stylu Boho. Domek do zabawy z dekoracyjnym okienkiem i kieszonk\u0105 na drobne zabawki. W zestawie: tipi, 4 sosnowe kije, torba do przechowywania, ksi\u0105\u017ceczka z pomys\u0142ami na zabawy w tipi.\" \/>\n<meta property=\"og:url\" content=\"https:\/\/cozyanddozy.com\/pl\/produkt\/tipi-z-fredzlami-bialy-namiot-tipi-boho-white\/\" \/>\n<meta property=\"og:site_name\" content=\"Cozy &amp; Dozy\" \/>\n<meta property=\"article:modified_time\" content=\"2025-01-29T17:41:55+00:00\" \/>\n<meta property=\"og:image\" content=\"https:\/\/cozyanddozy.com\/pl\/wp-content\/uploads\/2023\/02\/pp-1389.jpg\" \/>\n\t<meta property=\"og:image:width\" content=\"1200\" \/>\n\t<meta property=\"og:image:height\" content=\"1200\" \/>\n\t<meta property=\"og:image:type\" content=\"image\/jpeg\" \/>\n<meta name=\"twitter:card\" content=\"summary_large_image\" \/>\n<meta name=\"twitter:label1\" content=\"Cena\" \/>\n\t<meta name=\"twitter:data1\" content=\"299,00&nbsp;&#122;&#322;\" \/>\n\t<meta name=\"twitter:label2\" content=\"Dost\u0119pno\u015b\u0107\" \/>\n\t<meta name=\"twitter:data2\" content=\"Dost\u0119pny\" \/>\n<script type=\"application\/ld+json\" class=\"yoast-schema-graph\">{\"@context\":\"https:\/\/schema.org\",\"@graph\":[{\"@type\":\"WebPage\",\"@id\":\"https:\/\/cozyanddozy.com\/pl\/produkt\/tipi-z-fredzlami-bialy-namiot-tipi-boho-white\/\",\"url\":\"https:\/\/cozyanddozy.com\/pl\/produkt\/tipi-z-fredzlami-bialy-namiot-tipi-boho-white\/\",\"name\":\"Tipi z fr\u0119dzlami, bia\u0142y namiot tipi Boho White - Cozy & Dozy\",\"isPartOf\":{\"@id\":\"https:\/\/cozyanddozy.com\/pl\/#website\"},\"primaryImageOfPage\":{\"@id\":\"https:\/\/cozyanddozy.com\/pl\/produkt\/tipi-z-fredzlami-bialy-namiot-tipi-boho-white\/#primaryimage\"},\"image\":{\"@id\":\"https:\/\/cozyanddozy.com\/pl\/produkt\/tipi-z-fredzlami-bialy-namiot-tipi-boho-white\/#primaryimage\"},\"thumbnailUrl\":\"https:\/\/cozyanddozy.com\/pl\/wp-content\/uploads\/2023\/02\/pp-1389.jpg\",\"datePublished\":\"2018-04-10T08:30:14+00:00\",\"dateModified\":\"2025-01-29T17:41:55+00:00\",\"description\":\"Namiot tipi z kolorowymi fr\u0119dzlami w stylu Boho. Domek do zabawy z dekoracyjnym okienkiem i kieszonk\u0105 na drobne zabawki. W zestawie: tipi, 4 sosnowe kije, torba do przechowywania, ksi\u0105\u017ceczka z pomys\u0142ami na zabawy w tipi.\",\"breadcrumb\":{\"@id\":\"https:\/\/cozyanddozy.com\/pl\/produkt\/tipi-z-fredzlami-bialy-namiot-tipi-boho-white\/#breadcrumb\"},\"inLanguage\":\"pl-PL\",\"potentialAction\":[{\"@type\":\"ReadAction\",\"target\":[\"https:\/\/cozyanddozy.com\/pl\/produkt\/tipi-z-fredzlami-bialy-namiot-tipi-boho-white\/\"]}]},{\"@type\":\"ImageObject\",\"inLanguage\":\"pl-PL\",\"@id\":\"https:\/\/cozyanddozy.com\/pl\/produkt\/tipi-z-fredzlami-bialy-namiot-tipi-boho-white\/#primaryimage\",\"url\":\"https:\/\/cozyanddozy.com\/pl\/wp-content\/uploads\/2023\/02\/pp-1389.jpg\",\"contentUrl\":\"https:\/\/cozyanddozy.com\/pl\/wp-content\/uploads\/2023\/02\/pp-1389.jpg\",\"width\":1200,\"height\":1200},{\"@type\":\"BreadcrumbList\",\"@id\":\"https:\/\/cozyanddozy.com\/pl\/produkt\/tipi-z-fredzlami-bialy-namiot-tipi-boho-white\/#breadcrumb\",\"itemListElement\":[{\"@type\":\"ListItem\",\"position\":1,\"name\":\"Home\",\"item\":\"https:\/\/cozyanddozy.com\/pl\/\"},{\"@type\":\"ListItem\",\"position\":2,\"name\":\"Sklep\",\"item\":\"https:\/\/cozyanddozy.com\/pl\/sklep\/\"},{\"@type\":\"ListItem\",\"position\":3,\"name\":\"Tipi z fr\u0119dzlami, bia\u0142y namiot tipi Boho White\"}]},{\"@type\":\"WebSite\",\"@id\":\"https:\/\/cozyanddozy.com\/pl\/#website\",\"url\":\"https:\/\/cozyanddozy.com\/pl\/\",\"name\":\"Cozy & Dozy\",\"description\":\"\",\"potentialAction\":[{\"@type\":\"SearchAction\",\"target\":{\"@type\":\"EntryPoint\",\"urlTemplate\":\"https:\/\/cozyanddozy.com\/pl\/?s={search_term_string}\"},\"query-input\":{\"@type\":\"PropertyValueSpecification\",\"valueRequired\":true,\"valueName\":\"search_term_string\"}}],\"inLanguage\":\"pl-PL\"}]}<\/script>\n<meta property=\"product:price:amount\" content=\"299.00\" \/>\n<meta property=\"product:price:currency\" content=\"PLN\" \/>\n<meta property=\"og:availability\" content=\"instock\" \/>\n<meta property=\"product:availability\" content=\"instock\" \/>\n<meta property=\"product:retailer_item_id\" content=\"5902701492717\" \/>\n<meta property=\"product:condition\" content=\"new\" \/>\n<!-- \/ Yoast SEO Premium plugin. -->","yoast_head_json":{"title":"Tipi z fr\u0119dzlami, bia\u0142y namiot tipi Boho White - Cozy & Dozy","description":"Namiot tipi z kolorowymi fr\u0119dzlami w stylu Boho. Domek do zabawy z dekoracyjnym okienkiem i kieszonk\u0105 na drobne zabawki. W zestawie: tipi, 4 sosnowe kije, torba do przechowywania, ksi\u0105\u017ceczka z pomys\u0142ami na zabawy w tipi.","robots":{"index":"index","follow":"follow","max-snippet":"max-snippet:-1","max-image-preview":"max-image-preview:large","max-video-preview":"max-video-preview:-1"},"canonical":"https:\/\/cozyanddozy.com\/pl\/produkt\/tipi-z-fredzlami-bialy-namiot-tipi-boho-white\/","og_locale":"pl_PL","og_type":"article","og_title":"Tipi z fr\u0119dzlami, bia\u0142y namiot tipi Boho White","og_description":"Namiot tipi z kolorowymi fr\u0119dzlami w stylu Boho. Domek do zabawy z dekoracyjnym okienkiem i kieszonk\u0105 na drobne zabawki. W zestawie: tipi, 4 sosnowe kije, torba do przechowywania, ksi\u0105\u017ceczka z pomys\u0142ami na zabawy w tipi.","og_url":"https:\/\/cozyanddozy.com\/pl\/produkt\/tipi-z-fredzlami-bialy-namiot-tipi-boho-white\/","og_site_name":"Cozy &amp; Dozy","article_modified_time":"2025-01-29T17:41:55+00:00","og_image":[{"width":1200,"height":1200,"url":"https:\/\/cozyanddozy.com\/pl\/wp-content\/uploads\/2023\/02\/pp-1389.jpg","type":"image\/jpeg"}],"twitter_card":"summary_large_image","twitter_misc":{"Cena":"299,00&nbsp;&#122;&#322;","Dost\u0119pno\u015b\u0107":"Dost\u0119pny"},"schema":{"@context":"https:\/\/schema.org","@graph":[{"@type":"WebPage","@id":"https:\/\/cozyanddozy.com\/pl\/produkt\/tipi-z-fredzlami-bialy-namiot-tipi-boho-white\/","url":"https:\/\/cozyanddozy.com\/pl\/produkt\/tipi-z-fredzlami-bialy-namiot-tipi-boho-white\/","name":"Tipi z fr\u0119dzlami, bia\u0142y namiot tipi Boho White - Cozy & Dozy","isPartOf":{"@id":"https:\/\/cozyanddozy.com\/pl\/#website"},"primaryImageOfPage":{"@id":"https:\/\/cozyanddozy.com\/pl\/produkt\/tipi-z-fredzlami-bialy-namiot-tipi-boho-white\/#primaryimage"},"image":{"@id":"https:\/\/cozyanddozy.com\/pl\/produkt\/tipi-z-fredzlami-bialy-namiot-tipi-boho-white\/#primaryimage"},"thumbnailUrl":"https:\/\/cozyanddozy.com\/pl\/wp-content\/uploads\/2023\/02\/pp-1389.jpg","datePublished":"2018-04-10T08:30:14+00:00","dateModified":"2025-01-29T17:41:55+00:00","description":"Namiot tipi z kolorowymi fr\u0119dzlami w stylu Boho. Domek do zabawy z dekoracyjnym okienkiem i kieszonk\u0105 na drobne zabawki. W zestawie: tipi, 4 sosnowe kije, torba do przechowywania, ksi\u0105\u017ceczka z pomys\u0142ami na zabawy w tipi.","breadcrumb":{"@id":"https:\/\/cozyanddozy.com\/pl\/produkt\/tipi-z-fredzlami-bialy-namiot-tipi-boho-white\/#breadcrumb"},"inLanguage":"pl-PL","potentialAction":[{"@type":"ReadAction","target":["https:\/\/cozyanddozy.com\/pl\/produkt\/tipi-z-fredzlami-bialy-namiot-tipi-boho-white\/"]}]},{"@type":"ImageObject","inLanguage":"pl-PL","@id":"https:\/\/cozyanddozy.com\/pl\/produkt\/tipi-z-fredzlami-bialy-namiot-tipi-boho-white\/#primaryimage","url":"https:\/\/cozyanddozy.com\/pl\/wp-content\/uploads\/2023\/02\/pp-1389.jpg","contentUrl":"https:\/\/cozyanddozy.com\/pl\/wp-content\/uploads\/2023\/02\/pp-1389.jpg","width":1200,"height":1200},{"@type":"BreadcrumbList","@id":"https:\/\/cozyanddozy.com\/pl\/produkt\/tipi-z-fredzlami-bialy-namiot-tipi-boho-white\/#breadcrumb","itemListElement":[{"@type":"ListItem","position":1,"name":"Home","item":"https:\/\/cozyanddozy.com\/pl\/"},{"@type":"ListItem","position":2,"name":"Sklep","item":"https:\/\/cozyanddozy.com\/pl\/sklep\/"},{"@type":"ListItem","position":3,"name":"Tipi z fr\u0119dzlami, bia\u0142y namiot tipi Boho White"}]},{"@type":"WebSite","@id":"https:\/\/cozyanddozy.com\/pl\/#website","url":"https:\/\/cozyanddozy.com\/pl\/","name":"Cozy & Dozy","description":"","potentialAction":[{"@type":"SearchAction","target":{"@type":"EntryPoint","urlTemplate":"https:\/\/cozyanddozy.com\/pl\/?s={search_term_string}"},"query-input":{"@type":"PropertyValueSpecification","valueRequired":true,"valueName":"search_term_string"}}],"inLanguage":"pl-PL"}]},"product_price_amount":"299.00","product_price_currency":"PLN","og_availability":"instock","product_availability":"instock","product_retailer_item_id":"5902701492717","product_condition":"new"},"_links":{"self":[{"href":"https:\/\/cozyanddozy.com\/pl\/wp-json\/wp\/v2\/product\/425","targetHints":{"allow":["GET"]}}],"collection":[{"href":"https:\/\/cozyanddozy.com\/pl\/wp-json\/wp\/v2\/product"}],"about":[{"href":"https:\/\/cozyanddozy.com\/pl\/wp-json\/wp\/v2\/types\/product"}],"replies":[{"embeddable":true,"href":"https:\/\/cozyanddozy.com\/pl\/wp-json\/wp\/v2\/comments?post=425"}],"wp:featuredmedia":[{"embeddable":true,"href":"https:\/\/cozyanddozy.com\/pl\/wp-json\/wp\/v2\/media\/416"}],"wp:attachment":[{"href":"https:\/\/cozyanddozy.com\/pl\/wp-json\/wp\/v2\/media?parent=425"}],"wp:term":[{"taxonomy":"product_brand","embeddable":true,"href":"https:\/\/cozyanddozy.com\/pl\/wp-json\/wp\/v2\/product_brand?post=425"},{"taxonomy":"product_cat","embeddable":true,"href":"https:\/\/cozyanddozy.com\/pl\/wp-json\/wp\/v2\/product_cat?post=425"},{"taxonomy":"product_tag","embeddable":true,"href":"https:\/\/cozyanddozy.com\/pl\/wp-json\/wp\/v2\/product_tag?post=425"}],"curies":[{"name":"wp","href":"https:\/\/api.w.org\/{rel}","templated":true}]}}