{"id":415,"date":"2018-04-10T09:05:46","date_gmt":"2018-04-10T07:05:46","guid":{"rendered":"https:\/\/cozyanddozy.com\/pl\/product\/white-tipi-tent-with-tassel-tipi-white-boho\/"},"modified":"2025-01-29T18:42:08","modified_gmt":"2025-01-29T17:42:08","slug":"bialy-namiot-tipi-boho-white-4-elementy","status":"publish","type":"product","link":"https:\/\/cozyanddozy.com\/pl\/produkt\/bialy-namiot-tipi-boho-white-4-elementy\/","title":{"rendered":"Bia\u0142y namiot tipi Boho White &#8211; 4 elementy"},"content":{"rendered":"<p><img decoding=\"async\" class=\"alignright\" src=\"https:\/\/cozyanddozy.com\/pl\/wp-content\/uploads\/2023\/02\/pp-1389.jpg\" alt=\"boho tipi\" width=\"600\" \/>Tipi Boho to przytulne miejsce do zabawy w domu i na podw\u00f3rku. Namiot dla dziecka wykonany jest z mocnej bawe\u0142ny PREMIUM. Ka\u017cdy egzemplarz tipi od Cozy &amp; Dozy jest naszego projektu, staramy si\u0119 aby ka\u017cdy namiot by\u0142 unikatowy i zgodny z obecnymi trendami.<\/p>\n<p>Dzieci\u0119cy namiot tipi do zabawy posiada otwierane okienko z rolet\u0105, oraz kiesze\u0144 na zabawki. Namiot <strong>tipi z serii Boho White to ponadczasowy design w pokoju dziecka.<\/strong><\/p>\n<p>Tipi Boho White\u00a0posiada w zestawie mi\u0119kk\u0105 mat\u0119 i sk\u0142adane sosnowe kije. Wszystkie elementy z tkaniny <strong>mo\u017cna pra\u0107 w pralce.<\/strong>\u00a0Namiot dla dzieci \u0142atwo si\u0119 sk\u0142ada i nie zajmuje wiele miejsca.<\/p>\n<p>Wszystkie\u00a0<strong>modele projektowane s\u0105 przez nas i dajemy ci gwarancj\u0119, \u017ce dostajesz produkt unikalny<\/strong>\u00a0i najlepszej jako\u015bci. India\u0144skie namioty\u00a0<strong>tipi tworzone s\u0105 metod\u0105 handmade, z bezpiecznych dla dzieci tkanin pochodz\u0105cych z Europy<\/strong>\u00a0i posiadaj\u0105cych certyfikaty jako\u015bci.<\/p>\n<h3>W sk\u0142ad zestawu Boho White od Cozy &amp; Dozy wchodz\u0105:<\/h3>\n<ul>\n<li>be\u017cowo-bia\u0142y namiot tipi w chwosty<\/li>\n<li>mi\u0119kka mata<\/li>\n<li>4 kije z naturalnego drewna sosnowego (stela\u017c).<\/li>\n<\/ul>\n<p>Wigwam mo\u017cna r\u00f3wnie\u017c zakupi\u0107 bez maty.<\/p>\n","protected":false},"excerpt":{"rendered":"<p>Tipi Boho to przytulne miejsce do zabawy w domu i na podw\u00f3rku.\u00a0Namiot dla dziecka wykonany jest z mocnej bawe\u0142ny PREMIUM.<\/p>\n","protected":false},"featured_media":417,"comment_status":"open","ping_status":"closed","template":"","meta":[],"product_brand":[],"product_cat":[16],"product_tag":[24],"class_list":{"0":"post-415","1":"product","2":"type-product","3":"status-publish","4":"has-post-thumbnail","6":"product_cat-namioty-tipi","7":"product_tag-pla","8":"pa_model-boho","10":"first","11":"instock","12":"sale","13":"product-type-simple"},"yoast_head":"<!-- This site is optimized with the Yoast SEO Premium plugin v21.9 (Yoast SEO v27.0) - https:\/\/yoast.com\/product\/yoast-seo-premium-wordpress\/ -->\n<title>Bia\u0142y namiot tipi Boho White - 4 elementy - Cozy &amp; Dozy<\/title>\n<meta name=\"description\" content=\"Tipi Boho to przytulne miejsce do zabawy w domu i na podw\u00f3rku.\u00a0Namiot dla dziecka wykonany jest z mocnej bawe\u0142ny PREMIUM.\" \/>\n<meta name=\"robots\" content=\"index, follow, max-snippet:-1, max-image-preview:large, max-video-preview:-1\" \/>\n<link rel=\"canonical\" href=\"https:\/\/cozyanddozy.com\/pl\/produkt\/bialy-namiot-tipi-boho-white-4-elementy\/\" \/>\n<meta property=\"og:locale\" content=\"pl_PL\" \/>\n<meta property=\"og:type\" content=\"article\" \/>\n<meta property=\"og:title\" content=\"Bia\u0142y namiot tipi Boho White - 4 elementy\" \/>\n<meta property=\"og:description\" content=\"Tipi Boho to przytulne miejsce do zabawy w domu i na podw\u00f3rku.\u00a0Namiot dla dziecka wykonany jest z mocnej bawe\u0142ny PREMIUM.\" \/>\n<meta property=\"og:url\" content=\"https:\/\/cozyanddozy.com\/pl\/produkt\/bialy-namiot-tipi-boho-white-4-elementy\/\" \/>\n<meta property=\"og:site_name\" content=\"Cozy &amp; Dozy\" \/>\n<meta property=\"article:modified_time\" content=\"2025-01-29T17:42:08+00:00\" \/>\n<meta property=\"og:image\" content=\"https:\/\/cozyanddozy.com\/pl\/wp-content\/uploads\/2023\/02\/kids_tipi_tent_boho_s1_po-1.jpg\" \/>\n\t<meta property=\"og:image:width\" content=\"1200\" \/>\n\t<meta property=\"og:image:height\" content=\"1200\" \/>\n\t<meta property=\"og:image:type\" content=\"image\/jpeg\" \/>\n<meta name=\"twitter:card\" content=\"summary_large_image\" \/>\n<meta name=\"twitter:label1\" content=\"Cena\" \/>\n\t<meta name=\"twitter:data1\" content=\"399,00&nbsp;&#122;&#322;\" \/>\n\t<meta name=\"twitter:label2\" content=\"Dost\u0119pno\u015b\u0107\" \/>\n\t<meta name=\"twitter:data2\" content=\"Dost\u0119pny\" \/>\n<script type=\"application\/ld+json\" class=\"yoast-schema-graph\">{\"@context\":\"https:\/\/schema.org\",\"@graph\":[{\"@type\":\"WebPage\",\"@id\":\"https:\/\/cozyanddozy.com\/pl\/produkt\/bialy-namiot-tipi-boho-white-4-elementy\/\",\"url\":\"https:\/\/cozyanddozy.com\/pl\/produkt\/bialy-namiot-tipi-boho-white-4-elementy\/\",\"name\":\"Bia\u0142y namiot tipi Boho White - 4 elementy - Cozy &amp; Dozy\",\"isPartOf\":{\"@id\":\"https:\/\/cozyanddozy.com\/pl\/#website\"},\"primaryImageOfPage\":{\"@id\":\"https:\/\/cozyanddozy.com\/pl\/produkt\/bialy-namiot-tipi-boho-white-4-elementy\/#primaryimage\"},\"image\":{\"@id\":\"https:\/\/cozyanddozy.com\/pl\/produkt\/bialy-namiot-tipi-boho-white-4-elementy\/#primaryimage\"},\"thumbnailUrl\":\"https:\/\/cozyanddozy.com\/pl\/wp-content\/uploads\/2023\/02\/kids_tipi_tent_boho_s1_po-1.jpg\",\"datePublished\":\"2018-04-10T07:05:46+00:00\",\"dateModified\":\"2025-01-29T17:42:08+00:00\",\"description\":\"Tipi Boho to przytulne miejsce do zabawy w domu i na podw\u00f3rku.\u00a0Namiot dla dziecka wykonany jest z mocnej bawe\u0142ny PREMIUM.\",\"breadcrumb\":{\"@id\":\"https:\/\/cozyanddozy.com\/pl\/produkt\/bialy-namiot-tipi-boho-white-4-elementy\/#breadcrumb\"},\"inLanguage\":\"pl-PL\",\"potentialAction\":[{\"@type\":\"ReadAction\",\"target\":[\"https:\/\/cozyanddozy.com\/pl\/produkt\/bialy-namiot-tipi-boho-white-4-elementy\/\"]}]},{\"@type\":\"ImageObject\",\"inLanguage\":\"pl-PL\",\"@id\":\"https:\/\/cozyanddozy.com\/pl\/produkt\/bialy-namiot-tipi-boho-white-4-elementy\/#primaryimage\",\"url\":\"https:\/\/cozyanddozy.com\/pl\/wp-content\/uploads\/2023\/02\/kids_tipi_tent_boho_s1_po-1.jpg\",\"contentUrl\":\"https:\/\/cozyanddozy.com\/pl\/wp-content\/uploads\/2023\/02\/kids_tipi_tent_boho_s1_po-1.jpg\",\"width\":1200,\"height\":1200,\"caption\":\"kids tipi tent boho\"},{\"@type\":\"BreadcrumbList\",\"@id\":\"https:\/\/cozyanddozy.com\/pl\/produkt\/bialy-namiot-tipi-boho-white-4-elementy\/#breadcrumb\",\"itemListElement\":[{\"@type\":\"ListItem\",\"position\":1,\"name\":\"Home\",\"item\":\"https:\/\/cozyanddozy.com\/pl\/\"},{\"@type\":\"ListItem\",\"position\":2,\"name\":\"Sklep\",\"item\":\"https:\/\/cozyanddozy.com\/pl\/sklep\/\"},{\"@type\":\"ListItem\",\"position\":3,\"name\":\"Bia\u0142y namiot tipi Boho White &#8211; 4 elementy\"}]},{\"@type\":\"WebSite\",\"@id\":\"https:\/\/cozyanddozy.com\/pl\/#website\",\"url\":\"https:\/\/cozyanddozy.com\/pl\/\",\"name\":\"Cozy & Dozy\",\"description\":\"\",\"potentialAction\":[{\"@type\":\"SearchAction\",\"target\":{\"@type\":\"EntryPoint\",\"urlTemplate\":\"https:\/\/cozyanddozy.com\/pl\/?s={search_term_string}\"},\"query-input\":{\"@type\":\"PropertyValueSpecification\",\"valueRequired\":true,\"valueName\":\"search_term_string\"}}],\"inLanguage\":\"pl-PL\"}]}<\/script>\n<meta property=\"product:price:amount\" content=\"399.00\" \/>\n<meta property=\"product:price:currency\" content=\"PLN\" \/>\n<meta property=\"og:availability\" content=\"instock\" \/>\n<meta property=\"product:availability\" content=\"instock\" \/>\n<meta property=\"product:retailer_item_id\" content=\"5902701495831\" \/>\n<meta property=\"product:condition\" content=\"new\" \/>\n<!-- \/ Yoast SEO Premium plugin. -->","yoast_head_json":{"title":"Bia\u0142y namiot tipi Boho White - 4 elementy - Cozy &amp; Dozy","description":"Tipi Boho to przytulne miejsce do zabawy w domu i na podw\u00f3rku.\u00a0Namiot dla dziecka wykonany jest z mocnej bawe\u0142ny PREMIUM.","robots":{"index":"index","follow":"follow","max-snippet":"max-snippet:-1","max-image-preview":"max-image-preview:large","max-video-preview":"max-video-preview:-1"},"canonical":"https:\/\/cozyanddozy.com\/pl\/produkt\/bialy-namiot-tipi-boho-white-4-elementy\/","og_locale":"pl_PL","og_type":"article","og_title":"Bia\u0142y namiot tipi Boho White - 4 elementy","og_description":"Tipi Boho to przytulne miejsce do zabawy w domu i na podw\u00f3rku.\u00a0Namiot dla dziecka wykonany jest z mocnej bawe\u0142ny PREMIUM.","og_url":"https:\/\/cozyanddozy.com\/pl\/produkt\/bialy-namiot-tipi-boho-white-4-elementy\/","og_site_name":"Cozy &amp; Dozy","article_modified_time":"2025-01-29T17:42:08+00:00","og_image":[{"width":1200,"height":1200,"url":"https:\/\/cozyanddozy.com\/pl\/wp-content\/uploads\/2023\/02\/kids_tipi_tent_boho_s1_po-1.jpg","type":"image\/jpeg"}],"twitter_card":"summary_large_image","twitter_misc":{"Cena":"399,00&nbsp;&#122;&#322;","Dost\u0119pno\u015b\u0107":"Dost\u0119pny"},"schema":{"@context":"https:\/\/schema.org","@graph":[{"@type":"WebPage","@id":"https:\/\/cozyanddozy.com\/pl\/produkt\/bialy-namiot-tipi-boho-white-4-elementy\/","url":"https:\/\/cozyanddozy.com\/pl\/produkt\/bialy-namiot-tipi-boho-white-4-elementy\/","name":"Bia\u0142y namiot tipi Boho White - 4 elementy - Cozy &amp; Dozy","isPartOf":{"@id":"https:\/\/cozyanddozy.com\/pl\/#website"},"primaryImageOfPage":{"@id":"https:\/\/cozyanddozy.com\/pl\/produkt\/bialy-namiot-tipi-boho-white-4-elementy\/#primaryimage"},"image":{"@id":"https:\/\/cozyanddozy.com\/pl\/produkt\/bialy-namiot-tipi-boho-white-4-elementy\/#primaryimage"},"thumbnailUrl":"https:\/\/cozyanddozy.com\/pl\/wp-content\/uploads\/2023\/02\/kids_tipi_tent_boho_s1_po-1.jpg","datePublished":"2018-04-10T07:05:46+00:00","dateModified":"2025-01-29T17:42:08+00:00","description":"Tipi Boho to przytulne miejsce do zabawy w domu i na podw\u00f3rku.\u00a0Namiot dla dziecka wykonany jest z mocnej bawe\u0142ny PREMIUM.","breadcrumb":{"@id":"https:\/\/cozyanddozy.com\/pl\/produkt\/bialy-namiot-tipi-boho-white-4-elementy\/#breadcrumb"},"inLanguage":"pl-PL","potentialAction":[{"@type":"ReadAction","target":["https:\/\/cozyanddozy.com\/pl\/produkt\/bialy-namiot-tipi-boho-white-4-elementy\/"]}]},{"@type":"ImageObject","inLanguage":"pl-PL","@id":"https:\/\/cozyanddozy.com\/pl\/produkt\/bialy-namiot-tipi-boho-white-4-elementy\/#primaryimage","url":"https:\/\/cozyanddozy.com\/pl\/wp-content\/uploads\/2023\/02\/kids_tipi_tent_boho_s1_po-1.jpg","contentUrl":"https:\/\/cozyanddozy.com\/pl\/wp-content\/uploads\/2023\/02\/kids_tipi_tent_boho_s1_po-1.jpg","width":1200,"height":1200,"caption":"kids tipi tent boho"},{"@type":"BreadcrumbList","@id":"https:\/\/cozyanddozy.com\/pl\/produkt\/bialy-namiot-tipi-boho-white-4-elementy\/#breadcrumb","itemListElement":[{"@type":"ListItem","position":1,"name":"Home","item":"https:\/\/cozyanddozy.com\/pl\/"},{"@type":"ListItem","position":2,"name":"Sklep","item":"https:\/\/cozyanddozy.com\/pl\/sklep\/"},{"@type":"ListItem","position":3,"name":"Bia\u0142y namiot tipi Boho White &#8211; 4 elementy"}]},{"@type":"WebSite","@id":"https:\/\/cozyanddozy.com\/pl\/#website","url":"https:\/\/cozyanddozy.com\/pl\/","name":"Cozy & Dozy","description":"","potentialAction":[{"@type":"SearchAction","target":{"@type":"EntryPoint","urlTemplate":"https:\/\/cozyanddozy.com\/pl\/?s={search_term_string}"},"query-input":{"@type":"PropertyValueSpecification","valueRequired":true,"valueName":"search_term_string"}}],"inLanguage":"pl-PL"}]},"product_price_amount":"399.00","product_price_currency":"PLN","og_availability":"instock","product_availability":"instock","product_retailer_item_id":"5902701495831","product_condition":"new"},"_links":{"self":[{"href":"https:\/\/cozyanddozy.com\/pl\/wp-json\/wp\/v2\/product\/415","targetHints":{"allow":["GET"]}}],"collection":[{"href":"https:\/\/cozyanddozy.com\/pl\/wp-json\/wp\/v2\/product"}],"about":[{"href":"https:\/\/cozyanddozy.com\/pl\/wp-json\/wp\/v2\/types\/product"}],"replies":[{"embeddable":true,"href":"https:\/\/cozyanddozy.com\/pl\/wp-json\/wp\/v2\/comments?post=415"}],"wp:featuredmedia":[{"embeddable":true,"href":"https:\/\/cozyanddozy.com\/pl\/wp-json\/wp\/v2\/media\/417"}],"wp:attachment":[{"href":"https:\/\/cozyanddozy.com\/pl\/wp-json\/wp\/v2\/media?parent=415"}],"wp:term":[{"taxonomy":"product_brand","embeddable":true,"href":"https:\/\/cozyanddozy.com\/pl\/wp-json\/wp\/v2\/product_brand?post=415"},{"taxonomy":"product_cat","embeddable":true,"href":"https:\/\/cozyanddozy.com\/pl\/wp-json\/wp\/v2\/product_cat?post=415"},{"taxonomy":"product_tag","embeddable":true,"href":"https:\/\/cozyanddozy.com\/pl\/wp-json\/wp\/v2\/product_tag?post=415"}],"curies":[{"name":"wp","href":"https:\/\/api.w.org\/{rel}","templated":true}]}}