{"id":404,"date":"2017-10-20T09:15:33","date_gmt":"2017-10-20T07:15:33","guid":{"rendered":"https:\/\/cozyanddozy.com\/pl\/product\/set-tipi-stripes-tipi-in-stripes-pattern-with-pillows-and-mat\/"},"modified":"2023-11-08T17:32:11","modified_gmt":"2023-11-08T16:32:11","slug":"namiot-tipi-stripes-zestaw-z-mata-i-poduszkami","status":"publish","type":"product","link":"https:\/\/cozyanddozy.com\/pl\/produkt\/namiot-tipi-stripes-zestaw-z-mata-i-poduszkami\/","title":{"rendered":"Namiot tipi Stripes &#8211; zestaw z mat\u0105 i poduszkami"},"content":{"rendered":"<p>Tipi india\u0144skie,\u00a0to niezwyk\u0142e\u00a0miejsce do zabawy\u00a0na \u015bwie\u017cym powietrzu i w domu. Namiot tipi dla dzieci to dobre miejsce do odpoczynku i k\u0105cik\u00a0do czytania ksi\u0105\u017cek.\u00a0Tipi dla dzieci to\u00a0modny elementem wystroju dzieci\u0119cego pokoju.<\/p>\n<p>Namiot\u00a0tipi Stripes wykonany jest z mocnego p\u0142\u00f3tna oraz bawe\u0142ny w bia\u0142o-czarne paski. Wej\u015bcie do wigwamu\u00a0<strong>ozdobione jest czarn\u0105 ta\u015bm\u0105.\u00a0<\/strong> Dodatkowo w zestawie s\u0105 dwie \u00a0poduszki i ciep\u0142a mata. Namiot dla dziecka ma wszyt\u0105 kiesze\u0144 na zabawki i okienko ze zwijan\u0105 rolet\u0105. Wszystkie elementy z tkaniny <strong>mo\u017cna pra\u0107 w pralce.<\/strong>\u00a0Namiot dla dzieci \u0142atwo si\u0119 sk\u0142ada i nie zajmuje wiele miejsca.<\/p>\n<p>India\u0144skie\u00a0tipi tworzone s\u0105 metod\u0105 hand made, z bezpiecznych dla dzieci tkanin pochodz\u0105cych z Europy\u00a0i posiadaj\u0105cych certyfikaty jako\u015bci. Wszystkie\u00a0modele projektowane s\u0105 przez nas i dajemy ci gwarancj\u0119, \u017ce dostajesz produkt unikalny\u00a0i najlepszej jako\u015bci.<\/p>\n<h3>W sk\u0142ad zestawu tipi Stripes od Cozy &amp; Dozy wchodz\u0105:<\/h3>\n<ul>\n<li>namiot tipi do zabawy<\/li>\n<li>mi\u0119kka mata<\/li>\n<li>dwie poduszki gwiazdki ( czarna i w bia\u0142o-czarne paski)<\/li>\n<li>stabilizator<\/li>\n<li>4 kije z naturalnego drewna sosnowego (stela\u017c).<\/li>\n<\/ul>\n<p>Wigwam mo\u017cna r\u00f3wnie\u017c zakupi\u0107 bez maty i poduszek.<\/p>\n","protected":false},"excerpt":{"rendered":"<p>Namiot\u00a0tipi Stripes wykonany jest z mocnego p\u0142\u00f3tna oraz bawe\u0142ny w bia\u0142o-czarne paski. Namiot w zestawie z mat\u0105 i dwiema poduszkami.<\/p>\n","protected":false},"featured_media":405,"comment_status":"open","ping_status":"closed","template":"","meta":[],"product_brand":[],"product_cat":[16],"product_tag":[],"class_list":{"0":"post-404","1":"product","2":"type-product","3":"status-publish","4":"has-post-thumbnail","6":"product_cat-namioty-tipi","8":"first","9":"instock","10":"sale","11":"product-type-simple"},"yoast_head":"<!-- This site is optimized with the Yoast SEO Premium plugin v21.9 (Yoast SEO v27.0) - https:\/\/yoast.com\/product\/yoast-seo-premium-wordpress\/ -->\n<title>Namiot tipi Stripes - zestaw z mat\u0105 i poduszkami - Cozy &amp; Dozy<\/title>\n<meta name=\"description\" content=\"Namiot\u00a0tipi Stripes wykonany jest z mocnego p\u0142\u00f3tna oraz bawe\u0142ny w bia\u0142o-czarne paski. Namiot w zestawie z mat\u0105 i dwiema poduszkami.\" \/>\n<meta name=\"robots\" content=\"index, follow, max-snippet:-1, max-image-preview:large, max-video-preview:-1\" \/>\n<link rel=\"canonical\" href=\"https:\/\/cozyanddozy.com\/pl\/produkt\/namiot-tipi-stripes-zestaw-z-mata-i-poduszkami\/\" \/>\n<meta property=\"og:locale\" content=\"pl_PL\" \/>\n<meta property=\"og:type\" content=\"article\" \/>\n<meta property=\"og:title\" content=\"Namiot tipi Stripes - zestaw z mat\u0105 i poduszkami\" \/>\n<meta property=\"og:description\" content=\"Namiot\u00a0tipi Stripes wykonany jest z mocnego p\u0142\u00f3tna oraz bawe\u0142ny w bia\u0142o-czarne paski. Namiot w zestawie z mat\u0105 i dwiema poduszkami.\" \/>\n<meta property=\"og:url\" content=\"https:\/\/cozyanddozy.com\/pl\/produkt\/namiot-tipi-stripes-zestaw-z-mata-i-poduszkami\/\" \/>\n<meta property=\"og:site_name\" content=\"Cozy &amp; Dozy\" \/>\n<meta property=\"article:modified_time\" content=\"2023-11-08T16:32:11+00:00\" \/>\n<meta property=\"og:image\" content=\"https:\/\/cozyanddozy.com\/pl\/wp-content\/uploads\/2023\/02\/pp-1248.jpg\" \/>\n\t<meta property=\"og:image:width\" content=\"1200\" \/>\n\t<meta property=\"og:image:height\" content=\"1200\" \/>\n\t<meta property=\"og:image:type\" content=\"image\/jpeg\" \/>\n<meta name=\"twitter:card\" content=\"summary_large_image\" \/>\n<meta name=\"twitter:label1\" content=\"Cena\" \/>\n\t<meta name=\"twitter:data1\" content=\"527,20&nbsp;&#122;&#322;\" \/>\n\t<meta name=\"twitter:label2\" content=\"Dost\u0119pno\u015b\u0107\" \/>\n\t<meta name=\"twitter:data2\" content=\"Dost\u0119pny\" \/>\n<script type=\"application\/ld+json\" class=\"yoast-schema-graph\">{\"@context\":\"https:\/\/schema.org\",\"@graph\":[{\"@type\":\"WebPage\",\"@id\":\"https:\/\/cozyanddozy.com\/pl\/produkt\/namiot-tipi-stripes-zestaw-z-mata-i-poduszkami\/\",\"url\":\"https:\/\/cozyanddozy.com\/pl\/produkt\/namiot-tipi-stripes-zestaw-z-mata-i-poduszkami\/\",\"name\":\"Namiot tipi Stripes - zestaw z mat\u0105 i poduszkami - Cozy &amp; Dozy\",\"isPartOf\":{\"@id\":\"https:\/\/cozyanddozy.com\/pl\/#website\"},\"primaryImageOfPage\":{\"@id\":\"https:\/\/cozyanddozy.com\/pl\/produkt\/namiot-tipi-stripes-zestaw-z-mata-i-poduszkami\/#primaryimage\"},\"image\":{\"@id\":\"https:\/\/cozyanddozy.com\/pl\/produkt\/namiot-tipi-stripes-zestaw-z-mata-i-poduszkami\/#primaryimage\"},\"thumbnailUrl\":\"https:\/\/cozyanddozy.com\/pl\/wp-content\/uploads\/2023\/02\/pp-1248.jpg\",\"datePublished\":\"2017-10-20T07:15:33+00:00\",\"dateModified\":\"2023-11-08T16:32:11+00:00\",\"description\":\"Namiot\u00a0tipi Stripes wykonany jest z mocnego p\u0142\u00f3tna oraz bawe\u0142ny w bia\u0142o-czarne paski. Namiot w zestawie z mat\u0105 i dwiema poduszkami.\",\"breadcrumb\":{\"@id\":\"https:\/\/cozyanddozy.com\/pl\/produkt\/namiot-tipi-stripes-zestaw-z-mata-i-poduszkami\/#breadcrumb\"},\"inLanguage\":\"pl-PL\",\"potentialAction\":[{\"@type\":\"ReadAction\",\"target\":[\"https:\/\/cozyanddozy.com\/pl\/produkt\/namiot-tipi-stripes-zestaw-z-mata-i-poduszkami\/\"]}]},{\"@type\":\"ImageObject\",\"inLanguage\":\"pl-PL\",\"@id\":\"https:\/\/cozyanddozy.com\/pl\/produkt\/namiot-tipi-stripes-zestaw-z-mata-i-poduszkami\/#primaryimage\",\"url\":\"https:\/\/cozyanddozy.com\/pl\/wp-content\/uploads\/2023\/02\/pp-1248.jpg\",\"contentUrl\":\"https:\/\/cozyanddozy.com\/pl\/wp-content\/uploads\/2023\/02\/pp-1248.jpg\",\"width\":1200,\"height\":1200},{\"@type\":\"BreadcrumbList\",\"@id\":\"https:\/\/cozyanddozy.com\/pl\/produkt\/namiot-tipi-stripes-zestaw-z-mata-i-poduszkami\/#breadcrumb\",\"itemListElement\":[{\"@type\":\"ListItem\",\"position\":1,\"name\":\"Home\",\"item\":\"https:\/\/cozyanddozy.com\/pl\/\"},{\"@type\":\"ListItem\",\"position\":2,\"name\":\"Sklep\",\"item\":\"https:\/\/cozyanddozy.com\/pl\/sklep\/\"},{\"@type\":\"ListItem\",\"position\":3,\"name\":\"Namiot tipi Stripes &#8211; zestaw z mat\u0105 i poduszkami\"}]},{\"@type\":\"WebSite\",\"@id\":\"https:\/\/cozyanddozy.com\/pl\/#website\",\"url\":\"https:\/\/cozyanddozy.com\/pl\/\",\"name\":\"Cozy & Dozy\",\"description\":\"\",\"potentialAction\":[{\"@type\":\"SearchAction\",\"target\":{\"@type\":\"EntryPoint\",\"urlTemplate\":\"https:\/\/cozyanddozy.com\/pl\/?s={search_term_string}\"},\"query-input\":{\"@type\":\"PropertyValueSpecification\",\"valueRequired\":true,\"valueName\":\"search_term_string\"}}],\"inLanguage\":\"pl-PL\"}]}<\/script>\n<meta property=\"product:price:amount\" content=\"527.20\" \/>\n<meta property=\"product:price:currency\" content=\"PLN\" \/>\n<meta property=\"og:availability\" content=\"instock\" \/>\n<meta property=\"product:availability\" content=\"instock\" \/>\n<meta property=\"product:retailer_item_id\" content=\"5902701490065\" \/>\n<meta property=\"product:condition\" content=\"new\" \/>\n<!-- \/ Yoast SEO Premium plugin. -->","yoast_head_json":{"title":"Namiot tipi Stripes - zestaw z mat\u0105 i poduszkami - Cozy &amp; Dozy","description":"Namiot\u00a0tipi Stripes wykonany jest z mocnego p\u0142\u00f3tna oraz bawe\u0142ny w bia\u0142o-czarne paski. Namiot w zestawie z mat\u0105 i dwiema poduszkami.","robots":{"index":"index","follow":"follow","max-snippet":"max-snippet:-1","max-image-preview":"max-image-preview:large","max-video-preview":"max-video-preview:-1"},"canonical":"https:\/\/cozyanddozy.com\/pl\/produkt\/namiot-tipi-stripes-zestaw-z-mata-i-poduszkami\/","og_locale":"pl_PL","og_type":"article","og_title":"Namiot tipi Stripes - zestaw z mat\u0105 i poduszkami","og_description":"Namiot\u00a0tipi Stripes wykonany jest z mocnego p\u0142\u00f3tna oraz bawe\u0142ny w bia\u0142o-czarne paski. Namiot w zestawie z mat\u0105 i dwiema poduszkami.","og_url":"https:\/\/cozyanddozy.com\/pl\/produkt\/namiot-tipi-stripes-zestaw-z-mata-i-poduszkami\/","og_site_name":"Cozy &amp; Dozy","article_modified_time":"2023-11-08T16:32:11+00:00","og_image":[{"width":1200,"height":1200,"url":"https:\/\/cozyanddozy.com\/pl\/wp-content\/uploads\/2023\/02\/pp-1248.jpg","type":"image\/jpeg"}],"twitter_card":"summary_large_image","twitter_misc":{"Cena":"527,20&nbsp;&#122;&#322;","Dost\u0119pno\u015b\u0107":"Dost\u0119pny"},"schema":{"@context":"https:\/\/schema.org","@graph":[{"@type":"WebPage","@id":"https:\/\/cozyanddozy.com\/pl\/produkt\/namiot-tipi-stripes-zestaw-z-mata-i-poduszkami\/","url":"https:\/\/cozyanddozy.com\/pl\/produkt\/namiot-tipi-stripes-zestaw-z-mata-i-poduszkami\/","name":"Namiot tipi Stripes - zestaw z mat\u0105 i poduszkami - Cozy &amp; Dozy","isPartOf":{"@id":"https:\/\/cozyanddozy.com\/pl\/#website"},"primaryImageOfPage":{"@id":"https:\/\/cozyanddozy.com\/pl\/produkt\/namiot-tipi-stripes-zestaw-z-mata-i-poduszkami\/#primaryimage"},"image":{"@id":"https:\/\/cozyanddozy.com\/pl\/produkt\/namiot-tipi-stripes-zestaw-z-mata-i-poduszkami\/#primaryimage"},"thumbnailUrl":"https:\/\/cozyanddozy.com\/pl\/wp-content\/uploads\/2023\/02\/pp-1248.jpg","datePublished":"2017-10-20T07:15:33+00:00","dateModified":"2023-11-08T16:32:11+00:00","description":"Namiot\u00a0tipi Stripes wykonany jest z mocnego p\u0142\u00f3tna oraz bawe\u0142ny w bia\u0142o-czarne paski. Namiot w zestawie z mat\u0105 i dwiema poduszkami.","breadcrumb":{"@id":"https:\/\/cozyanddozy.com\/pl\/produkt\/namiot-tipi-stripes-zestaw-z-mata-i-poduszkami\/#breadcrumb"},"inLanguage":"pl-PL","potentialAction":[{"@type":"ReadAction","target":["https:\/\/cozyanddozy.com\/pl\/produkt\/namiot-tipi-stripes-zestaw-z-mata-i-poduszkami\/"]}]},{"@type":"ImageObject","inLanguage":"pl-PL","@id":"https:\/\/cozyanddozy.com\/pl\/produkt\/namiot-tipi-stripes-zestaw-z-mata-i-poduszkami\/#primaryimage","url":"https:\/\/cozyanddozy.com\/pl\/wp-content\/uploads\/2023\/02\/pp-1248.jpg","contentUrl":"https:\/\/cozyanddozy.com\/pl\/wp-content\/uploads\/2023\/02\/pp-1248.jpg","width":1200,"height":1200},{"@type":"BreadcrumbList","@id":"https:\/\/cozyanddozy.com\/pl\/produkt\/namiot-tipi-stripes-zestaw-z-mata-i-poduszkami\/#breadcrumb","itemListElement":[{"@type":"ListItem","position":1,"name":"Home","item":"https:\/\/cozyanddozy.com\/pl\/"},{"@type":"ListItem","position":2,"name":"Sklep","item":"https:\/\/cozyanddozy.com\/pl\/sklep\/"},{"@type":"ListItem","position":3,"name":"Namiot tipi Stripes &#8211; zestaw z mat\u0105 i poduszkami"}]},{"@type":"WebSite","@id":"https:\/\/cozyanddozy.com\/pl\/#website","url":"https:\/\/cozyanddozy.com\/pl\/","name":"Cozy & Dozy","description":"","potentialAction":[{"@type":"SearchAction","target":{"@type":"EntryPoint","urlTemplate":"https:\/\/cozyanddozy.com\/pl\/?s={search_term_string}"},"query-input":{"@type":"PropertyValueSpecification","valueRequired":true,"valueName":"search_term_string"}}],"inLanguage":"pl-PL"}]},"product_price_amount":"527.20","product_price_currency":"PLN","og_availability":"instock","product_availability":"instock","product_retailer_item_id":"5902701490065","product_condition":"new"},"_links":{"self":[{"href":"https:\/\/cozyanddozy.com\/pl\/wp-json\/wp\/v2\/product\/404","targetHints":{"allow":["GET"]}}],"collection":[{"href":"https:\/\/cozyanddozy.com\/pl\/wp-json\/wp\/v2\/product"}],"about":[{"href":"https:\/\/cozyanddozy.com\/pl\/wp-json\/wp\/v2\/types\/product"}],"replies":[{"embeddable":true,"href":"https:\/\/cozyanddozy.com\/pl\/wp-json\/wp\/v2\/comments?post=404"}],"wp:featuredmedia":[{"embeddable":true,"href":"https:\/\/cozyanddozy.com\/pl\/wp-json\/wp\/v2\/media\/405"}],"wp:attachment":[{"href":"https:\/\/cozyanddozy.com\/pl\/wp-json\/wp\/v2\/media?parent=404"}],"wp:term":[{"taxonomy":"product_brand","embeddable":true,"href":"https:\/\/cozyanddozy.com\/pl\/wp-json\/wp\/v2\/product_brand?post=404"},{"taxonomy":"product_cat","embeddable":true,"href":"https:\/\/cozyanddozy.com\/pl\/wp-json\/wp\/v2\/product_cat?post=404"},{"taxonomy":"product_tag","embeddable":true,"href":"https:\/\/cozyanddozy.com\/pl\/wp-json\/wp\/v2\/product_tag?post=404"}],"curies":[{"name":"wp","href":"https:\/\/api.w.org\/{rel}","templated":true}]}}