{"id":383,"date":"2017-08-13T13:37:55","date_gmt":"2017-08-13T11:37:55","guid":{"rendered":"https:\/\/cozyanddozy.com\/pl\/product\/kids-teepee-tent-etno-play-tent-for-kidsroom\/"},"modified":"2025-01-29T18:43:03","modified_gmt":"2025-01-29T17:43:03","slug":"indianski-namiot-tipi-dla-dzieci-etno","status":"publish","type":"product","link":"https:\/\/cozyanddozy.com\/pl\/produkt\/indianski-namiot-tipi-dla-dzieci-etno\/","title":{"rendered":"India\u0144ski namiot tipi dla dzieci Etno"},"content":{"rendered":"<h3>India\u0144skie tipi dla dzieci ze wzorem z serii Etno<\/h3>\n<p><strong>Namiot tipi do pokoju dzieci\u0119cego z serii Etno\u00a0<\/strong>to wymarzony zak\u0105tek do zabawy dla wszystkich ma\u0142ych mi\u0142o\u015bnik\u00f3w przyg\u00f3d. Be\u017cowe bawe\u0142niane p\u0142\u00f3tno zosta\u0142o wyko\u0144czone u g\u00f3ry kolorow\u0105 tkanin\u0105 w geometryczne wzory, a wej\u015bcie obszyto dekoracyjn\u0105 turkusow\u0105 tasiemk\u0105 z pomponami. Tipi dzieci\u0119ce z india\u0144skim wzorem jest idealne jako <strong>namiot do pokoju dziewczynki lub ch\u0142opca<\/strong>. B\u0119dzie r\u00f3wnie\u017c niezast\u0105pione podczas zabaw na podw\u00f3rku \u2013 jako przytulny <strong>namiot do ogrodu lub na pla\u017c\u0119<\/strong>.<\/p>\n<p>Wytrzyma\u0142e <strong>p\u0142\u00f3tno z naturalnej bawe\u0142ny<\/strong>, z kt\u00f3rego zosta\u0142 uszyty nasz namiot, jest niezwykle przewiewne i odporne na rozdarcia. Daje przyjemny cie\u0144 i chroni przed wiatrem podczas zabaw na \u015bwie\u017cym powietrzu oraz pozwala stworzy\u0107 zaciszn\u0105, wygodn\u0105 kryj\u00f3wk\u0119 dla malucha i jego ma\u0142ych skarb\u00f3w. Otwierane <strong>okienko z roletk\u0105 <\/strong>poprawia cyrkulacj\u0119 powietrza tak, aby w \u015brodku nigdy nie by\u0142o za ciep\u0142o.<\/p>\n<p>Nasze tipi wykonane s\u0105 w 100% metod\u0105 <strong>handmade<\/strong>, ze szczeg\u00f3ln\u0105 trosk\u0105 o detale. Ka\u017cdy egzemplarz jest wyj\u0105tkowy. Dzi\u0119ki temu mo\u017cesz mie\u0107 pewno\u015b\u0107, \u017ce dajesz swojemu dziecku <strong>produkt najlepszej jako\u015bci<\/strong>.<\/p>\n<p>W sk\u0142ad zestawu tipi Indian od Cozy &amp; Dozy wchodz\u0105:<\/p>\n<ul>\n<li>namiot tipi<\/li>\n<li>stabilizator<\/li>\n<li>4 kije z naturalnego drewna sosnowego (stela\u017c)<\/li>\n<\/ul>\n<p>&nbsp;<\/p>\n","protected":false},"excerpt":{"rendered":"<p>Tipi dla dzieci z india\u0144skim wzorem z serii Etno. Idealne dla ch\u0142opca i dziewczynki.<\/p>\n","protected":false},"featured_media":384,"comment_status":"open","ping_status":"closed","template":"","meta":[],"product_brand":[],"product_cat":[16],"product_tag":[],"class_list":{"0":"post-383","1":"product","2":"type-product","3":"status-publish","4":"has-post-thumbnail","6":"product_cat-namioty-tipi","8":"first","9":"outofstock","10":"sale","11":"product-type-simple"},"yoast_head":"<!-- This site is optimized with the Yoast SEO Premium plugin v21.9 (Yoast SEO v27.0) - https:\/\/yoast.com\/product\/yoast-seo-premium-wordpress\/ -->\n<title>India\u0144ski namiot tipi dla dzieci Etno - Cozy &amp; Dozy<\/title>\n<meta name=\"description\" content=\"Tipi dla dzieci z india\u0144skim wzorem z serii Etno. Idealne dla ch\u0142opca i dziewczynki.\" \/>\n<meta name=\"robots\" content=\"index, follow, max-snippet:-1, max-image-preview:large, max-video-preview:-1\" \/>\n<link rel=\"canonical\" href=\"https:\/\/cozyanddozy.com\/pl\/produkt\/indianski-namiot-tipi-dla-dzieci-etno\/\" \/>\n<meta property=\"og:locale\" content=\"pl_PL\" \/>\n<meta property=\"og:type\" content=\"article\" \/>\n<meta property=\"og:title\" content=\"India\u0144ski namiot tipi dla dzieci Etno\" \/>\n<meta property=\"og:description\" content=\"Tipi dla dzieci z india\u0144skim wzorem z serii Etno. Idealne dla ch\u0142opca i dziewczynki.\" \/>\n<meta property=\"og:url\" content=\"https:\/\/cozyanddozy.com\/pl\/produkt\/indianski-namiot-tipi-dla-dzieci-etno\/\" \/>\n<meta property=\"og:site_name\" content=\"Cozy &amp; Dozy\" \/>\n<meta property=\"article:modified_time\" content=\"2025-01-29T17:43:03+00:00\" \/>\n<meta property=\"og:image\" content=\"https:\/\/cozyanddozy.com\/pl\/wp-content\/uploads\/2023\/02\/pp-1408.jpg\" \/>\n\t<meta property=\"og:image:width\" content=\"1200\" \/>\n\t<meta property=\"og:image:height\" content=\"1200\" \/>\n\t<meta property=\"og:image:type\" content=\"image\/jpeg\" \/>\n<meta name=\"twitter:card\" content=\"summary_large_image\" \/>\n<meta name=\"twitter:label1\" content=\"Cena\" \/>\n\t<meta name=\"twitter:data1\" content=\"311,20&nbsp;&#122;&#322;\" \/>\n\t<meta name=\"twitter:label2\" content=\"Dost\u0119pno\u015b\u0107\" \/>\n\t<meta name=\"twitter:data2\" content=\"Brak w magazynie\" \/>\n<script type=\"application\/ld+json\" class=\"yoast-schema-graph\">{\"@context\":\"https:\/\/schema.org\",\"@graph\":[{\"@type\":\"WebPage\",\"@id\":\"https:\/\/cozyanddozy.com\/pl\/produkt\/indianski-namiot-tipi-dla-dzieci-etno\/\",\"url\":\"https:\/\/cozyanddozy.com\/pl\/produkt\/indianski-namiot-tipi-dla-dzieci-etno\/\",\"name\":\"India\u0144ski namiot tipi dla dzieci Etno - Cozy & Dozy\",\"isPartOf\":{\"@id\":\"https:\/\/cozyanddozy.com\/pl\/#website\"},\"primaryImageOfPage\":{\"@id\":\"https:\/\/cozyanddozy.com\/pl\/produkt\/indianski-namiot-tipi-dla-dzieci-etno\/#primaryimage\"},\"image\":{\"@id\":\"https:\/\/cozyanddozy.com\/pl\/produkt\/indianski-namiot-tipi-dla-dzieci-etno\/#primaryimage\"},\"thumbnailUrl\":\"https:\/\/cozyanddozy.com\/pl\/wp-content\/uploads\/2023\/02\/pp-1408.jpg\",\"datePublished\":\"2017-08-13T11:37:55+00:00\",\"dateModified\":\"2025-01-29T17:43:03+00:00\",\"description\":\"Tipi dla dzieci z india\u0144skim wzorem z serii Etno. Idealne dla ch\u0142opca i dziewczynki.\",\"breadcrumb\":{\"@id\":\"https:\/\/cozyanddozy.com\/pl\/produkt\/indianski-namiot-tipi-dla-dzieci-etno\/#breadcrumb\"},\"inLanguage\":\"pl-PL\",\"potentialAction\":[{\"@type\":\"ReadAction\",\"target\":[\"https:\/\/cozyanddozy.com\/pl\/produkt\/indianski-namiot-tipi-dla-dzieci-etno\/\"]}]},{\"@type\":\"ImageObject\",\"inLanguage\":\"pl-PL\",\"@id\":\"https:\/\/cozyanddozy.com\/pl\/produkt\/indianski-namiot-tipi-dla-dzieci-etno\/#primaryimage\",\"url\":\"https:\/\/cozyanddozy.com\/pl\/wp-content\/uploads\/2023\/02\/pp-1408.jpg\",\"contentUrl\":\"https:\/\/cozyanddozy.com\/pl\/wp-content\/uploads\/2023\/02\/pp-1408.jpg\",\"width\":1200,\"height\":1200},{\"@type\":\"BreadcrumbList\",\"@id\":\"https:\/\/cozyanddozy.com\/pl\/produkt\/indianski-namiot-tipi-dla-dzieci-etno\/#breadcrumb\",\"itemListElement\":[{\"@type\":\"ListItem\",\"position\":1,\"name\":\"Home\",\"item\":\"https:\/\/cozyanddozy.com\/pl\/\"},{\"@type\":\"ListItem\",\"position\":2,\"name\":\"Sklep\",\"item\":\"https:\/\/cozyanddozy.com\/pl\/sklep\/\"},{\"@type\":\"ListItem\",\"position\":3,\"name\":\"India\u0144ski namiot tipi dla dzieci Etno\"}]},{\"@type\":\"WebSite\",\"@id\":\"https:\/\/cozyanddozy.com\/pl\/#website\",\"url\":\"https:\/\/cozyanddozy.com\/pl\/\",\"name\":\"Cozy & Dozy\",\"description\":\"\",\"potentialAction\":[{\"@type\":\"SearchAction\",\"target\":{\"@type\":\"EntryPoint\",\"urlTemplate\":\"https:\/\/cozyanddozy.com\/pl\/?s={search_term_string}\"},\"query-input\":{\"@type\":\"PropertyValueSpecification\",\"valueRequired\":true,\"valueName\":\"search_term_string\"}}],\"inLanguage\":\"pl-PL\"}]}<\/script>\n<meta property=\"product:price:amount\" content=\"311.20\" \/>\n<meta property=\"product:price:currency\" content=\"PLN\" \/>\n<meta property=\"og:availability\" content=\"out of stock\" \/>\n<meta property=\"product:availability\" content=\"out of stock\" \/>\n<meta property=\"product:retailer_item_id\" content=\"5902701490638\" \/>\n<meta property=\"product:condition\" content=\"new\" \/>\n<!-- \/ Yoast SEO Premium plugin. -->","yoast_head_json":{"title":"India\u0144ski namiot tipi dla dzieci Etno - Cozy & Dozy","description":"Tipi dla dzieci z india\u0144skim wzorem z serii Etno. Idealne dla ch\u0142opca i dziewczynki.","robots":{"index":"index","follow":"follow","max-snippet":"max-snippet:-1","max-image-preview":"max-image-preview:large","max-video-preview":"max-video-preview:-1"},"canonical":"https:\/\/cozyanddozy.com\/pl\/produkt\/indianski-namiot-tipi-dla-dzieci-etno\/","og_locale":"pl_PL","og_type":"article","og_title":"India\u0144ski namiot tipi dla dzieci Etno","og_description":"Tipi dla dzieci z india\u0144skim wzorem z serii Etno. Idealne dla ch\u0142opca i dziewczynki.","og_url":"https:\/\/cozyanddozy.com\/pl\/produkt\/indianski-namiot-tipi-dla-dzieci-etno\/","og_site_name":"Cozy &amp; Dozy","article_modified_time":"2025-01-29T17:43:03+00:00","og_image":[{"width":1200,"height":1200,"url":"https:\/\/cozyanddozy.com\/pl\/wp-content\/uploads\/2023\/02\/pp-1408.jpg","type":"image\/jpeg"}],"twitter_card":"summary_large_image","twitter_misc":{"Cena":"311,20&nbsp;&#122;&#322;","Dost\u0119pno\u015b\u0107":"Brak w magazynie"},"schema":{"@context":"https:\/\/schema.org","@graph":[{"@type":"WebPage","@id":"https:\/\/cozyanddozy.com\/pl\/produkt\/indianski-namiot-tipi-dla-dzieci-etno\/","url":"https:\/\/cozyanddozy.com\/pl\/produkt\/indianski-namiot-tipi-dla-dzieci-etno\/","name":"India\u0144ski namiot tipi dla dzieci Etno - Cozy & Dozy","isPartOf":{"@id":"https:\/\/cozyanddozy.com\/pl\/#website"},"primaryImageOfPage":{"@id":"https:\/\/cozyanddozy.com\/pl\/produkt\/indianski-namiot-tipi-dla-dzieci-etno\/#primaryimage"},"image":{"@id":"https:\/\/cozyanddozy.com\/pl\/produkt\/indianski-namiot-tipi-dla-dzieci-etno\/#primaryimage"},"thumbnailUrl":"https:\/\/cozyanddozy.com\/pl\/wp-content\/uploads\/2023\/02\/pp-1408.jpg","datePublished":"2017-08-13T11:37:55+00:00","dateModified":"2025-01-29T17:43:03+00:00","description":"Tipi dla dzieci z india\u0144skim wzorem z serii Etno. Idealne dla ch\u0142opca i dziewczynki.","breadcrumb":{"@id":"https:\/\/cozyanddozy.com\/pl\/produkt\/indianski-namiot-tipi-dla-dzieci-etno\/#breadcrumb"},"inLanguage":"pl-PL","potentialAction":[{"@type":"ReadAction","target":["https:\/\/cozyanddozy.com\/pl\/produkt\/indianski-namiot-tipi-dla-dzieci-etno\/"]}]},{"@type":"ImageObject","inLanguage":"pl-PL","@id":"https:\/\/cozyanddozy.com\/pl\/produkt\/indianski-namiot-tipi-dla-dzieci-etno\/#primaryimage","url":"https:\/\/cozyanddozy.com\/pl\/wp-content\/uploads\/2023\/02\/pp-1408.jpg","contentUrl":"https:\/\/cozyanddozy.com\/pl\/wp-content\/uploads\/2023\/02\/pp-1408.jpg","width":1200,"height":1200},{"@type":"BreadcrumbList","@id":"https:\/\/cozyanddozy.com\/pl\/produkt\/indianski-namiot-tipi-dla-dzieci-etno\/#breadcrumb","itemListElement":[{"@type":"ListItem","position":1,"name":"Home","item":"https:\/\/cozyanddozy.com\/pl\/"},{"@type":"ListItem","position":2,"name":"Sklep","item":"https:\/\/cozyanddozy.com\/pl\/sklep\/"},{"@type":"ListItem","position":3,"name":"India\u0144ski namiot tipi dla dzieci Etno"}]},{"@type":"WebSite","@id":"https:\/\/cozyanddozy.com\/pl\/#website","url":"https:\/\/cozyanddozy.com\/pl\/","name":"Cozy & Dozy","description":"","potentialAction":[{"@type":"SearchAction","target":{"@type":"EntryPoint","urlTemplate":"https:\/\/cozyanddozy.com\/pl\/?s={search_term_string}"},"query-input":{"@type":"PropertyValueSpecification","valueRequired":true,"valueName":"search_term_string"}}],"inLanguage":"pl-PL"}]},"product_price_amount":"311.20","product_price_currency":"PLN","og_availability":"out of stock","product_availability":"out of stock","product_retailer_item_id":"5902701490638","product_condition":"new"},"_links":{"self":[{"href":"https:\/\/cozyanddozy.com\/pl\/wp-json\/wp\/v2\/product\/383","targetHints":{"allow":["GET"]}}],"collection":[{"href":"https:\/\/cozyanddozy.com\/pl\/wp-json\/wp\/v2\/product"}],"about":[{"href":"https:\/\/cozyanddozy.com\/pl\/wp-json\/wp\/v2\/types\/product"}],"replies":[{"embeddable":true,"href":"https:\/\/cozyanddozy.com\/pl\/wp-json\/wp\/v2\/comments?post=383"}],"wp:featuredmedia":[{"embeddable":true,"href":"https:\/\/cozyanddozy.com\/pl\/wp-json\/wp\/v2\/media\/384"}],"wp:attachment":[{"href":"https:\/\/cozyanddozy.com\/pl\/wp-json\/wp\/v2\/media?parent=383"}],"wp:term":[{"taxonomy":"product_brand","embeddable":true,"href":"https:\/\/cozyanddozy.com\/pl\/wp-json\/wp\/v2\/product_brand?post=383"},{"taxonomy":"product_cat","embeddable":true,"href":"https:\/\/cozyanddozy.com\/pl\/wp-json\/wp\/v2\/product_cat?post=383"},{"taxonomy":"product_tag","embeddable":true,"href":"https:\/\/cozyanddozy.com\/pl\/wp-json\/wp\/v2\/product_tag?post=383"}],"curies":[{"name":"wp","href":"https:\/\/api.w.org\/{rel}","templated":true}]}}