{"id":379,"date":"2017-08-13T12:03:06","date_gmt":"2017-08-13T11:03:06","guid":{"rendered":"https:\/\/cozyanddozy.com\/pl\/product\/kids-tipi-tent-with-pom-poms-grey\/"},"modified":"2023-11-08T17:32:09","modified_gmt":"2023-11-08T16:32:09","slug":"namiot-tipi-grey-szare-tipi-z-pomponami","status":"publish","type":"product","link":"https:\/\/cozyanddozy.com\/pl\/produkt\/namiot-tipi-grey-szare-tipi-z-pomponami\/","title":{"rendered":"Namiot tipi Grey, szare tipi z pomponami"},"content":{"rendered":"<p><img decoding=\"async\" class=\"alignright size-large\" src=\"https:\/\/cozyanddozy.com\/pl\/wp-content\/uploads\/2023\/02\/pp-1399.jpg\" alt=\"tipi grey\" width=\"600\" height=\"600\" \/>Wykonane metod\u0105 handmade <strong>india\u0144skie<\/strong> <strong>tipi dla dzieci<\/strong> <strong>z serii Grey od Cozy<\/strong> to idealne miejsce do zabawy dla najm\u0142odszych i <strong>uniwersalny prezent dla dziecka<\/strong>.<\/p>\n<p>Bawe\u0142niane p\u0142\u00f3tno zosta\u0142o wyko\u0144czone u g\u00f3ry jasnoszar\u0105 tkanin\u0105 a wej\u015bcie obszyte dekoracyjn\u0105 tasiemk\u0105 z pomponami w kolorze szarym. Ten delikatny namiot z pomponami pasuje zar\u00f3wno <strong>do pokoju dziewczynki, jak i ch\u0142opca<\/strong>. Wigwam india\u0144ski \u015bwietnie si\u0119 sprawdzi podczas zabawy na powietrzu \u2013 jako <strong>dzieci\u0119cy<\/strong> <strong>namiot do ogrodu i na pla\u017c\u0119<\/strong>.<\/p>\n<p>Przyjemny w dotyku materia\u0142, z kt\u00f3rego zosta\u0142 uszyty nasz wigwam, to wytrzyma\u0142a na rozdarcia i <strong>przewiewna naturalna bawe\u0142na<\/strong>. Tworzy bezpieczn\u0105 barier\u0119 przed s\u0142o\u0144cem i wiatrem podczas zabaw w plenerze oraz stanowi zaciszn\u0105 kryj\u00f3wk\u0119 dla dziecka i jego ulubionych zabawek. Niewielkie otwierane <strong>okno gwarantuje<\/strong> <strong>jeszcze lepsz\u0105 cyrkulacj\u0119 powietrza<\/strong>, dzi\u0119ki czemu wewn\u0105trz nie b\u0119dzie zbyt gor\u0105co.<\/p>\n<p>Nasze tipi s\u0105 w 100% r\u0119cznie wykonane, z najwy\u017csz\u0105 pieczo\u0142owito\u015bci\u0105 i dba\u0142o\u015bci\u0105 o szczeg\u00f3\u0142y. Ka\u017cdy egzemplarz jest unikalny. Dajemy Ci pewno\u015b\u0107, \u017ce otrzymujesz <strong>produkt najwy\u017cszej jako\u015bci.<\/strong><\/p>\n<h3>W sk\u0142ad zestawu tipi Grey od Cozy &amp; Dozy wchodz\u0105:<\/h3>\n<ul>\n<li>namiot tipi<\/li>\n<li>4 kije z naturalnego drewna sosnowego (stela\u017c)<\/li>\n<li>pokrowiec na namiot (z wszytym uchwytem i \u015bci\u0105gany sznurkiem)<\/li>\n<\/ul>\n","protected":false},"excerpt":{"rendered":"<p>Wykonane metod\u0105 handmade india\u0144skie tipi dla dzieci z serii Grey to idealne miejsce do zabawy dla najm\u0142odszych i uniwersalny prezent dla dziecka.<\/p>\n","protected":false},"featured_media":380,"comment_status":"open","ping_status":"closed","template":"","meta":[],"product_brand":[],"product_cat":[16],"product_tag":[24],"class_list":{"0":"post-379","1":"product","2":"type-product","3":"status-publish","4":"has-post-thumbnail","6":"product_cat-namioty-tipi","7":"product_tag-pla","9":"first","10":"outofstock","11":"sale","12":"product-type-simple"},"yoast_head":"<!-- This site is optimized with the Yoast SEO Premium plugin v21.9 (Yoast SEO v27.0) - https:\/\/yoast.com\/product\/yoast-seo-premium-wordpress\/ -->\n<title>Namiot tipi Grey, szare tipi z pomponami - Cozy &amp; Dozy<\/title>\n<meta name=\"description\" content=\"Wykonane metod\u0105 handmade india\u0144skie tipi dla dzieci z serii Grey od to idealne miejsce do zabawy dla najm\u0142odszych i uniwersalny prezent dla dziecka.\" \/>\n<meta name=\"robots\" content=\"index, follow, max-snippet:-1, max-image-preview:large, max-video-preview:-1\" \/>\n<link rel=\"canonical\" href=\"https:\/\/cozyanddozy.com\/pl\/produkt\/namiot-tipi-grey-szare-tipi-z-pomponami\/\" \/>\n<meta property=\"og:locale\" content=\"pl_PL\" \/>\n<meta property=\"og:type\" content=\"article\" \/>\n<meta property=\"og:title\" content=\"Namiot tipi Grey, szare tipi z pomponami\" \/>\n<meta property=\"og:description\" content=\"Wykonane metod\u0105 handmade india\u0144skie tipi dla dzieci z serii Grey od to idealne miejsce do zabawy dla najm\u0142odszych i uniwersalny prezent dla dziecka.\" \/>\n<meta property=\"og:url\" content=\"https:\/\/cozyanddozy.com\/pl\/produkt\/namiot-tipi-grey-szare-tipi-z-pomponami\/\" \/>\n<meta property=\"og:site_name\" content=\"Cozy &amp; Dozy\" \/>\n<meta property=\"article:modified_time\" content=\"2023-11-08T16:32:09+00:00\" \/>\n<meta property=\"og:image\" content=\"https:\/\/cozyanddozy.com\/pl\/wp-content\/uploads\/2023\/02\/pp-1399.jpg\" \/>\n\t<meta property=\"og:image:width\" content=\"1200\" \/>\n\t<meta property=\"og:image:height\" content=\"1200\" \/>\n\t<meta property=\"og:image:type\" content=\"image\/jpeg\" \/>\n<meta name=\"twitter:card\" content=\"summary_large_image\" \/>\n<meta name=\"twitter:label1\" content=\"Cena\" \/>\n\t<meta name=\"twitter:data1\" content=\"255,20&nbsp;&#122;&#322;\" \/>\n\t<meta name=\"twitter:label2\" content=\"Dost\u0119pno\u015b\u0107\" \/>\n\t<meta name=\"twitter:data2\" content=\"Brak w magazynie\" \/>\n<script type=\"application\/ld+json\" class=\"yoast-schema-graph\">{\"@context\":\"https:\/\/schema.org\",\"@graph\":[{\"@type\":\"WebPage\",\"@id\":\"https:\/\/cozyanddozy.com\/pl\/produkt\/namiot-tipi-grey-szare-tipi-z-pomponami\/\",\"url\":\"https:\/\/cozyanddozy.com\/pl\/produkt\/namiot-tipi-grey-szare-tipi-z-pomponami\/\",\"name\":\"Namiot tipi Grey, szare tipi z pomponami - Cozy &amp; Dozy\",\"isPartOf\":{\"@id\":\"https:\/\/cozyanddozy.com\/pl\/#website\"},\"primaryImageOfPage\":{\"@id\":\"https:\/\/cozyanddozy.com\/pl\/produkt\/namiot-tipi-grey-szare-tipi-z-pomponami\/#primaryimage\"},\"image\":{\"@id\":\"https:\/\/cozyanddozy.com\/pl\/produkt\/namiot-tipi-grey-szare-tipi-z-pomponami\/#primaryimage\"},\"thumbnailUrl\":\"https:\/\/cozyanddozy.com\/pl\/wp-content\/uploads\/2023\/02\/pp-1399.jpg\",\"datePublished\":\"2017-08-13T11:03:06+00:00\",\"dateModified\":\"2023-11-08T16:32:09+00:00\",\"description\":\"Wykonane metod\u0105 handmade india\u0144skie tipi dla dzieci z serii Grey od to idealne miejsce do zabawy dla najm\u0142odszych i uniwersalny prezent dla dziecka.\",\"breadcrumb\":{\"@id\":\"https:\/\/cozyanddozy.com\/pl\/produkt\/namiot-tipi-grey-szare-tipi-z-pomponami\/#breadcrumb\"},\"inLanguage\":\"pl-PL\",\"potentialAction\":[{\"@type\":\"ReadAction\",\"target\":[\"https:\/\/cozyanddozy.com\/pl\/produkt\/namiot-tipi-grey-szare-tipi-z-pomponami\/\"]}]},{\"@type\":\"ImageObject\",\"inLanguage\":\"pl-PL\",\"@id\":\"https:\/\/cozyanddozy.com\/pl\/produkt\/namiot-tipi-grey-szare-tipi-z-pomponami\/#primaryimage\",\"url\":\"https:\/\/cozyanddozy.com\/pl\/wp-content\/uploads\/2023\/02\/pp-1399.jpg\",\"contentUrl\":\"https:\/\/cozyanddozy.com\/pl\/wp-content\/uploads\/2023\/02\/pp-1399.jpg\",\"width\":1200,\"height\":1200},{\"@type\":\"BreadcrumbList\",\"@id\":\"https:\/\/cozyanddozy.com\/pl\/produkt\/namiot-tipi-grey-szare-tipi-z-pomponami\/#breadcrumb\",\"itemListElement\":[{\"@type\":\"ListItem\",\"position\":1,\"name\":\"Home\",\"item\":\"https:\/\/cozyanddozy.com\/pl\/\"},{\"@type\":\"ListItem\",\"position\":2,\"name\":\"Sklep\",\"item\":\"https:\/\/cozyanddozy.com\/pl\/sklep\/\"},{\"@type\":\"ListItem\",\"position\":3,\"name\":\"Namiot tipi Grey, szare tipi z pomponami\"}]},{\"@type\":\"WebSite\",\"@id\":\"https:\/\/cozyanddozy.com\/pl\/#website\",\"url\":\"https:\/\/cozyanddozy.com\/pl\/\",\"name\":\"Cozy & Dozy\",\"description\":\"\",\"potentialAction\":[{\"@type\":\"SearchAction\",\"target\":{\"@type\":\"EntryPoint\",\"urlTemplate\":\"https:\/\/cozyanddozy.com\/pl\/?s={search_term_string}\"},\"query-input\":{\"@type\":\"PropertyValueSpecification\",\"valueRequired\":true,\"valueName\":\"search_term_string\"}}],\"inLanguage\":\"pl-PL\"}]}<\/script>\n<meta property=\"product:price:amount\" content=\"255.20\" \/>\n<meta property=\"product:price:currency\" content=\"PLN\" \/>\n<meta property=\"og:availability\" content=\"out of stock\" \/>\n<meta property=\"product:availability\" content=\"out of stock\" \/>\n<meta property=\"product:retailer_item_id\" content=\"5902701491192\" \/>\n<meta property=\"product:condition\" content=\"new\" \/>\n<!-- \/ Yoast SEO Premium plugin. -->","yoast_head_json":{"title":"Namiot tipi Grey, szare tipi z pomponami - Cozy &amp; Dozy","description":"Wykonane metod\u0105 handmade india\u0144skie tipi dla dzieci z serii Grey od to idealne miejsce do zabawy dla najm\u0142odszych i uniwersalny prezent dla dziecka.","robots":{"index":"index","follow":"follow","max-snippet":"max-snippet:-1","max-image-preview":"max-image-preview:large","max-video-preview":"max-video-preview:-1"},"canonical":"https:\/\/cozyanddozy.com\/pl\/produkt\/namiot-tipi-grey-szare-tipi-z-pomponami\/","og_locale":"pl_PL","og_type":"article","og_title":"Namiot tipi Grey, szare tipi z pomponami","og_description":"Wykonane metod\u0105 handmade india\u0144skie tipi dla dzieci z serii Grey od to idealne miejsce do zabawy dla najm\u0142odszych i uniwersalny prezent dla dziecka.","og_url":"https:\/\/cozyanddozy.com\/pl\/produkt\/namiot-tipi-grey-szare-tipi-z-pomponami\/","og_site_name":"Cozy &amp; Dozy","article_modified_time":"2023-11-08T16:32:09+00:00","og_image":[{"width":1200,"height":1200,"url":"https:\/\/cozyanddozy.com\/pl\/wp-content\/uploads\/2023\/02\/pp-1399.jpg","type":"image\/jpeg"}],"twitter_card":"summary_large_image","twitter_misc":{"Cena":"255,20&nbsp;&#122;&#322;","Dost\u0119pno\u015b\u0107":"Brak w magazynie"},"schema":{"@context":"https:\/\/schema.org","@graph":[{"@type":"WebPage","@id":"https:\/\/cozyanddozy.com\/pl\/produkt\/namiot-tipi-grey-szare-tipi-z-pomponami\/","url":"https:\/\/cozyanddozy.com\/pl\/produkt\/namiot-tipi-grey-szare-tipi-z-pomponami\/","name":"Namiot tipi Grey, szare tipi z pomponami - Cozy &amp; Dozy","isPartOf":{"@id":"https:\/\/cozyanddozy.com\/pl\/#website"},"primaryImageOfPage":{"@id":"https:\/\/cozyanddozy.com\/pl\/produkt\/namiot-tipi-grey-szare-tipi-z-pomponami\/#primaryimage"},"image":{"@id":"https:\/\/cozyanddozy.com\/pl\/produkt\/namiot-tipi-grey-szare-tipi-z-pomponami\/#primaryimage"},"thumbnailUrl":"https:\/\/cozyanddozy.com\/pl\/wp-content\/uploads\/2023\/02\/pp-1399.jpg","datePublished":"2017-08-13T11:03:06+00:00","dateModified":"2023-11-08T16:32:09+00:00","description":"Wykonane metod\u0105 handmade india\u0144skie tipi dla dzieci z serii Grey od to idealne miejsce do zabawy dla najm\u0142odszych i uniwersalny prezent dla dziecka.","breadcrumb":{"@id":"https:\/\/cozyanddozy.com\/pl\/produkt\/namiot-tipi-grey-szare-tipi-z-pomponami\/#breadcrumb"},"inLanguage":"pl-PL","potentialAction":[{"@type":"ReadAction","target":["https:\/\/cozyanddozy.com\/pl\/produkt\/namiot-tipi-grey-szare-tipi-z-pomponami\/"]}]},{"@type":"ImageObject","inLanguage":"pl-PL","@id":"https:\/\/cozyanddozy.com\/pl\/produkt\/namiot-tipi-grey-szare-tipi-z-pomponami\/#primaryimage","url":"https:\/\/cozyanddozy.com\/pl\/wp-content\/uploads\/2023\/02\/pp-1399.jpg","contentUrl":"https:\/\/cozyanddozy.com\/pl\/wp-content\/uploads\/2023\/02\/pp-1399.jpg","width":1200,"height":1200},{"@type":"BreadcrumbList","@id":"https:\/\/cozyanddozy.com\/pl\/produkt\/namiot-tipi-grey-szare-tipi-z-pomponami\/#breadcrumb","itemListElement":[{"@type":"ListItem","position":1,"name":"Home","item":"https:\/\/cozyanddozy.com\/pl\/"},{"@type":"ListItem","position":2,"name":"Sklep","item":"https:\/\/cozyanddozy.com\/pl\/sklep\/"},{"@type":"ListItem","position":3,"name":"Namiot tipi Grey, szare tipi z pomponami"}]},{"@type":"WebSite","@id":"https:\/\/cozyanddozy.com\/pl\/#website","url":"https:\/\/cozyanddozy.com\/pl\/","name":"Cozy & Dozy","description":"","potentialAction":[{"@type":"SearchAction","target":{"@type":"EntryPoint","urlTemplate":"https:\/\/cozyanddozy.com\/pl\/?s={search_term_string}"},"query-input":{"@type":"PropertyValueSpecification","valueRequired":true,"valueName":"search_term_string"}}],"inLanguage":"pl-PL"}]},"product_price_amount":"255.20","product_price_currency":"PLN","og_availability":"out of stock","product_availability":"out of stock","product_retailer_item_id":"5902701491192","product_condition":"new"},"_links":{"self":[{"href":"https:\/\/cozyanddozy.com\/pl\/wp-json\/wp\/v2\/product\/379","targetHints":{"allow":["GET"]}}],"collection":[{"href":"https:\/\/cozyanddozy.com\/pl\/wp-json\/wp\/v2\/product"}],"about":[{"href":"https:\/\/cozyanddozy.com\/pl\/wp-json\/wp\/v2\/types\/product"}],"replies":[{"embeddable":true,"href":"https:\/\/cozyanddozy.com\/pl\/wp-json\/wp\/v2\/comments?post=379"}],"wp:featuredmedia":[{"embeddable":true,"href":"https:\/\/cozyanddozy.com\/pl\/wp-json\/wp\/v2\/media\/380"}],"wp:attachment":[{"href":"https:\/\/cozyanddozy.com\/pl\/wp-json\/wp\/v2\/media?parent=379"}],"wp:term":[{"taxonomy":"product_brand","embeddable":true,"href":"https:\/\/cozyanddozy.com\/pl\/wp-json\/wp\/v2\/product_brand?post=379"},{"taxonomy":"product_cat","embeddable":true,"href":"https:\/\/cozyanddozy.com\/pl\/wp-json\/wp\/v2\/product_cat?post=379"},{"taxonomy":"product_tag","embeddable":true,"href":"https:\/\/cozyanddozy.com\/pl\/wp-json\/wp\/v2\/product_tag?post=379"}],"curies":[{"name":"wp","href":"https:\/\/api.w.org\/{rel}","templated":true}]}}