{"id":363,"date":"2017-08-03T09:12:49","date_gmt":"2017-08-03T07:12:49","guid":{"rendered":"https:\/\/cozyanddozy.com\/pl\/product\/kids-tipi-tent-honey-bee-6-pcs-set\/"},"modified":"2025-01-29T18:43:39","modified_gmt":"2025-01-29T17:43:39","slug":"indianski-namiot-tipi-honey-bee-zestaw-6el","status":"publish","type":"product","link":"https:\/\/cozyanddozy.com\/pl\/produkt\/indianski-namiot-tipi-honey-bee-zestaw-6el\/","title":{"rendered":"India\u0144ski namiot tipi Honey Bee, zestaw 6el."},"content":{"rendered":"<p><img decoding=\"async\" class=\"alignright size-large wp-image-16452\" src=\"https:\/\/cozyanddozy.com\/pl\/wp-content\/uploads\/2023\/02\/pp-1315.jpg\" alt=\"tipi honey set\" width=\"600\" height=\"600\" \/><\/p>\n<p>Przypominaj\u0105ce kolorystyk\u0105 pasiast\u0105 pszcz\u00f3\u0142k\u0119\u00a0<strong>tipi do pokoju dzieci\u0119cego<\/strong>\u00a0<strong>z serii Honey Bee od Cozy &amp; Dozy<\/strong>\u00a0to bezpieczne i zaciszne miejsce do zabawy.<\/p>\n<p>Be\u017cowe bawe\u0142niane p\u0142\u00f3tno skontrastowano z czarn\u0105 tkanin\u0105 i wyko\u0144czono miodowymi akcentami. Wej\u015bcie ozdobiono ta\u015bm\u0105 z pomponami. W sk\u0142ad zestawu wchodz\u0105 r\u00f3wnie\u017c 2 mi\u0119ciutkie poduszki w geometryczne wzory oraz ocieplana mata na pod\u0142og\u0119 w kolorze miodowym. Ta kontrastowa kolorystyka\u00a0<strong>india\u0144skiego<\/strong>\u00a0<strong>tipi dla dzieci<\/strong> jest znakomita<strong> do pokoju ch\u0142opca<\/strong>. Tipi szybo stanie si\u0119 ulubion\u0105 kryj\u00f3wk\u0105 w czasie zabaw zar\u00f3wno <strong>w pokoju dzieci\u0119cym, jak i na podw\u00f3rku<\/strong>.<\/p>\n<p>Ten <strong>r\u0119cznie wykonany namiot zosta\u0142 uszyty z naturalnej bawe\u0142ny<\/strong>, kt\u00f3ra zapewnia doskona\u0142\u0105 cyrkulacj\u0119 powietrza i bezpieczn\u0105 ochron\u0119 przed s\u0142o\u0144cem i wiatrem w czasie zabaw w plenerze.<strong>\u00a0Mata na pod\u0142og\u0119<\/strong> jest wype\u0142niona\u00a0antyalergiczn\u0105 wat\u0105 silikonow\u0105, kt\u00f3ra skutecznie <strong>izoluje od ch\u0142odnego pod\u0142o\u017ca<\/strong>. Pasuj\u0105ce stylistycznie do zestawu poduszeczki daj\u0105 jeszcze wi\u0119cej rado\u015bci z zabawy i b\u0119d\u0105 nieocenione podczas popo\u0142udniowej drzemki w namiocie. Ten model\u00a0<strong>tipi dla dzieci<\/strong> posiada r\u00f3wnie\u017c dwie wewn\u0119trzne kieszenie na drobiazgi oraz <strong>okienko z rolet\u0105<\/strong>.<\/p>\n<p>Tipi wykonano niezwykle starannie metod\u0105 <strong>handmade<\/strong>. Ka\u017cdy egzemplarz jest dzi\u0119ki temu unikatowy, a Ty mo\u017cesz mie\u0107 pewno\u015b\u0107, \u017ce otrzymujesz\u00a0<strong>produkt z najwy\u017cszej p\u00f3\u0142ki.<\/strong><\/p>\n<h3>W sk\u0142ad zestawu tipi Honey od Cozy &amp; Dozy wchodz\u0105:<\/h3>\n<ul>\n<li>Namiot tipi<\/li>\n<li>4 kije z naturalnego drewna sosnowego (stela\u017c)<\/li>\n<li>mata na pod\u0142og\u0119 (nie jest zintegrowana z namiotem)<\/li>\n<li>2 poduszki<\/li>\n<li>stabilizator<\/li>\n<\/ul>\n<p>Model Honey mo\u017cna zakupi\u0107 r\u00f3wnie\u017c bez maty i poduszek.<\/p>\n","protected":false},"excerpt":{"rendered":"<p>Be\u017cowe bawe\u0142niane p\u0142\u00f3tno skontrastowano z czarn\u0105 tkanin\u0105 i wyko\u0144czono miodowymi akcentami. Wej\u015bcie ozdobiono ta\u015bm\u0105 z pomponami.<\/p>\n","protected":false},"featured_media":364,"comment_status":"open","ping_status":"closed","template":"","meta":[],"product_brand":[],"product_cat":[16],"product_tag":[24],"class_list":{"0":"post-363","1":"product","2":"type-product","3":"status-publish","4":"has-post-thumbnail","6":"product_cat-namioty-tipi","7":"product_tag-pla","8":"pa_model-honey","10":"first","11":"instock","12":"sale","13":"product-type-simple"},"yoast_head":"<!-- This site is optimized with the Yoast SEO Premium plugin v21.9 (Yoast SEO v27.0) - https:\/\/yoast.com\/product\/yoast-seo-premium-wordpress\/ -->\n<title>India\u0144ski namiot tipi Honey Bee, zestaw 6el. - Cozy &amp; Dozy<\/title>\n<meta name=\"description\" content=\"Be\u017cowe bawe\u0142niane p\u0142\u00f3tno skontrastowano z czarn\u0105 tkanin\u0105 i wyko\u0144czono miodowymi akcentami. Wej\u015bcie ozdobiono ta\u015bm\u0105 z pomponami.\" \/>\n<meta name=\"robots\" content=\"index, follow, max-snippet:-1, max-image-preview:large, max-video-preview:-1\" \/>\n<link rel=\"canonical\" href=\"https:\/\/cozyanddozy.com\/pl\/produkt\/indianski-namiot-tipi-honey-bee-zestaw-6el\/\" \/>\n<meta property=\"og:locale\" content=\"pl_PL\" \/>\n<meta property=\"og:type\" content=\"article\" \/>\n<meta property=\"og:title\" content=\"India\u0144ski namiot tipi Honey Bee, zestaw 6el.\" \/>\n<meta property=\"og:description\" content=\"Be\u017cowe bawe\u0142niane p\u0142\u00f3tno skontrastowano z czarn\u0105 tkanin\u0105 i wyko\u0144czono miodowymi akcentami. Wej\u015bcie ozdobiono ta\u015bm\u0105 z pomponami.\" \/>\n<meta property=\"og:url\" content=\"https:\/\/cozyanddozy.com\/pl\/produkt\/indianski-namiot-tipi-honey-bee-zestaw-6el\/\" \/>\n<meta property=\"og:site_name\" content=\"Cozy &amp; Dozy\" \/>\n<meta property=\"article:modified_time\" content=\"2025-01-29T17:43:39+00:00\" \/>\n<meta property=\"og:image\" content=\"https:\/\/cozyanddozy.com\/pl\/wp-content\/uploads\/2023\/02\/kids_tipi_tent_honey_s1_f9.jpg\" \/>\n\t<meta property=\"og:image:width\" content=\"1200\" \/>\n\t<meta property=\"og:image:height\" content=\"1200\" \/>\n\t<meta property=\"og:image:type\" content=\"image\/jpeg\" \/>\n<meta name=\"twitter:card\" content=\"summary_large_image\" \/>\n<meta name=\"twitter:label1\" content=\"Cena\" \/>\n\t<meta name=\"twitter:data1\" content=\"499,00&nbsp;&#122;&#322;\" \/>\n\t<meta name=\"twitter:label2\" content=\"Dost\u0119pno\u015b\u0107\" \/>\n\t<meta name=\"twitter:data2\" content=\"Dost\u0119pny\" \/>\n<script type=\"application\/ld+json\" class=\"yoast-schema-graph\">{\"@context\":\"https:\/\/schema.org\",\"@graph\":[{\"@type\":\"WebPage\",\"@id\":\"https:\/\/cozyanddozy.com\/pl\/produkt\/indianski-namiot-tipi-honey-bee-zestaw-6el\/\",\"url\":\"https:\/\/cozyanddozy.com\/pl\/produkt\/indianski-namiot-tipi-honey-bee-zestaw-6el\/\",\"name\":\"India\u0144ski namiot tipi Honey Bee, zestaw 6el. - Cozy &amp; Dozy\",\"isPartOf\":{\"@id\":\"https:\/\/cozyanddozy.com\/pl\/#website\"},\"primaryImageOfPage\":{\"@id\":\"https:\/\/cozyanddozy.com\/pl\/produkt\/indianski-namiot-tipi-honey-bee-zestaw-6el\/#primaryimage\"},\"image\":{\"@id\":\"https:\/\/cozyanddozy.com\/pl\/produkt\/indianski-namiot-tipi-honey-bee-zestaw-6el\/#primaryimage\"},\"thumbnailUrl\":\"https:\/\/cozyanddozy.com\/pl\/wp-content\/uploads\/2023\/02\/kids_tipi_tent_honey_s1_f9.jpg\",\"datePublished\":\"2017-08-03T07:12:49+00:00\",\"dateModified\":\"2025-01-29T17:43:39+00:00\",\"description\":\"Be\u017cowe bawe\u0142niane p\u0142\u00f3tno skontrastowano z czarn\u0105 tkanin\u0105 i wyko\u0144czono miodowymi akcentami. Wej\u015bcie ozdobiono ta\u015bm\u0105 z pomponami.\",\"breadcrumb\":{\"@id\":\"https:\/\/cozyanddozy.com\/pl\/produkt\/indianski-namiot-tipi-honey-bee-zestaw-6el\/#breadcrumb\"},\"inLanguage\":\"pl-PL\",\"potentialAction\":[{\"@type\":\"ReadAction\",\"target\":[\"https:\/\/cozyanddozy.com\/pl\/produkt\/indianski-namiot-tipi-honey-bee-zestaw-6el\/\"]}]},{\"@type\":\"ImageObject\",\"inLanguage\":\"pl-PL\",\"@id\":\"https:\/\/cozyanddozy.com\/pl\/produkt\/indianski-namiot-tipi-honey-bee-zestaw-6el\/#primaryimage\",\"url\":\"https:\/\/cozyanddozy.com\/pl\/wp-content\/uploads\/2023\/02\/kids_tipi_tent_honey_s1_f9.jpg\",\"contentUrl\":\"https:\/\/cozyanddozy.com\/pl\/wp-content\/uploads\/2023\/02\/kids_tipi_tent_honey_s1_f9.jpg\",\"width\":1200,\"height\":1200,\"caption\":\"kids tipi tent honey\"},{\"@type\":\"BreadcrumbList\",\"@id\":\"https:\/\/cozyanddozy.com\/pl\/produkt\/indianski-namiot-tipi-honey-bee-zestaw-6el\/#breadcrumb\",\"itemListElement\":[{\"@type\":\"ListItem\",\"position\":1,\"name\":\"Home\",\"item\":\"https:\/\/cozyanddozy.com\/pl\/\"},{\"@type\":\"ListItem\",\"position\":2,\"name\":\"Sklep\",\"item\":\"https:\/\/cozyanddozy.com\/pl\/sklep\/\"},{\"@type\":\"ListItem\",\"position\":3,\"name\":\"India\u0144ski namiot tipi Honey Bee, zestaw 6el.\"}]},{\"@type\":\"WebSite\",\"@id\":\"https:\/\/cozyanddozy.com\/pl\/#website\",\"url\":\"https:\/\/cozyanddozy.com\/pl\/\",\"name\":\"Cozy & Dozy\",\"description\":\"\",\"potentialAction\":[{\"@type\":\"SearchAction\",\"target\":{\"@type\":\"EntryPoint\",\"urlTemplate\":\"https:\/\/cozyanddozy.com\/pl\/?s={search_term_string}\"},\"query-input\":{\"@type\":\"PropertyValueSpecification\",\"valueRequired\":true,\"valueName\":\"search_term_string\"}}],\"inLanguage\":\"pl-PL\"}]}<\/script>\n<meta property=\"product:price:amount\" content=\"499.00\" \/>\n<meta property=\"product:price:currency\" content=\"PLN\" \/>\n<meta property=\"og:availability\" content=\"instock\" \/>\n<meta property=\"product:availability\" content=\"instock\" \/>\n<meta property=\"product:retailer_item_id\" content=\"5902701495817\" \/>\n<meta property=\"product:condition\" content=\"new\" \/>\n<!-- \/ Yoast SEO Premium plugin. -->","yoast_head_json":{"title":"India\u0144ski namiot tipi Honey Bee, zestaw 6el. - Cozy &amp; Dozy","description":"Be\u017cowe bawe\u0142niane p\u0142\u00f3tno skontrastowano z czarn\u0105 tkanin\u0105 i wyko\u0144czono miodowymi akcentami. Wej\u015bcie ozdobiono ta\u015bm\u0105 z pomponami.","robots":{"index":"index","follow":"follow","max-snippet":"max-snippet:-1","max-image-preview":"max-image-preview:large","max-video-preview":"max-video-preview:-1"},"canonical":"https:\/\/cozyanddozy.com\/pl\/produkt\/indianski-namiot-tipi-honey-bee-zestaw-6el\/","og_locale":"pl_PL","og_type":"article","og_title":"India\u0144ski namiot tipi Honey Bee, zestaw 6el.","og_description":"Be\u017cowe bawe\u0142niane p\u0142\u00f3tno skontrastowano z czarn\u0105 tkanin\u0105 i wyko\u0144czono miodowymi akcentami. Wej\u015bcie ozdobiono ta\u015bm\u0105 z pomponami.","og_url":"https:\/\/cozyanddozy.com\/pl\/produkt\/indianski-namiot-tipi-honey-bee-zestaw-6el\/","og_site_name":"Cozy &amp; Dozy","article_modified_time":"2025-01-29T17:43:39+00:00","og_image":[{"width":1200,"height":1200,"url":"https:\/\/cozyanddozy.com\/pl\/wp-content\/uploads\/2023\/02\/kids_tipi_tent_honey_s1_f9.jpg","type":"image\/jpeg"}],"twitter_card":"summary_large_image","twitter_misc":{"Cena":"499,00&nbsp;&#122;&#322;","Dost\u0119pno\u015b\u0107":"Dost\u0119pny"},"schema":{"@context":"https:\/\/schema.org","@graph":[{"@type":"WebPage","@id":"https:\/\/cozyanddozy.com\/pl\/produkt\/indianski-namiot-tipi-honey-bee-zestaw-6el\/","url":"https:\/\/cozyanddozy.com\/pl\/produkt\/indianski-namiot-tipi-honey-bee-zestaw-6el\/","name":"India\u0144ski namiot tipi Honey Bee, zestaw 6el. - Cozy &amp; Dozy","isPartOf":{"@id":"https:\/\/cozyanddozy.com\/pl\/#website"},"primaryImageOfPage":{"@id":"https:\/\/cozyanddozy.com\/pl\/produkt\/indianski-namiot-tipi-honey-bee-zestaw-6el\/#primaryimage"},"image":{"@id":"https:\/\/cozyanddozy.com\/pl\/produkt\/indianski-namiot-tipi-honey-bee-zestaw-6el\/#primaryimage"},"thumbnailUrl":"https:\/\/cozyanddozy.com\/pl\/wp-content\/uploads\/2023\/02\/kids_tipi_tent_honey_s1_f9.jpg","datePublished":"2017-08-03T07:12:49+00:00","dateModified":"2025-01-29T17:43:39+00:00","description":"Be\u017cowe bawe\u0142niane p\u0142\u00f3tno skontrastowano z czarn\u0105 tkanin\u0105 i wyko\u0144czono miodowymi akcentami. Wej\u015bcie ozdobiono ta\u015bm\u0105 z pomponami.","breadcrumb":{"@id":"https:\/\/cozyanddozy.com\/pl\/produkt\/indianski-namiot-tipi-honey-bee-zestaw-6el\/#breadcrumb"},"inLanguage":"pl-PL","potentialAction":[{"@type":"ReadAction","target":["https:\/\/cozyanddozy.com\/pl\/produkt\/indianski-namiot-tipi-honey-bee-zestaw-6el\/"]}]},{"@type":"ImageObject","inLanguage":"pl-PL","@id":"https:\/\/cozyanddozy.com\/pl\/produkt\/indianski-namiot-tipi-honey-bee-zestaw-6el\/#primaryimage","url":"https:\/\/cozyanddozy.com\/pl\/wp-content\/uploads\/2023\/02\/kids_tipi_tent_honey_s1_f9.jpg","contentUrl":"https:\/\/cozyanddozy.com\/pl\/wp-content\/uploads\/2023\/02\/kids_tipi_tent_honey_s1_f9.jpg","width":1200,"height":1200,"caption":"kids tipi tent honey"},{"@type":"BreadcrumbList","@id":"https:\/\/cozyanddozy.com\/pl\/produkt\/indianski-namiot-tipi-honey-bee-zestaw-6el\/#breadcrumb","itemListElement":[{"@type":"ListItem","position":1,"name":"Home","item":"https:\/\/cozyanddozy.com\/pl\/"},{"@type":"ListItem","position":2,"name":"Sklep","item":"https:\/\/cozyanddozy.com\/pl\/sklep\/"},{"@type":"ListItem","position":3,"name":"India\u0144ski namiot tipi Honey Bee, zestaw 6el."}]},{"@type":"WebSite","@id":"https:\/\/cozyanddozy.com\/pl\/#website","url":"https:\/\/cozyanddozy.com\/pl\/","name":"Cozy & Dozy","description":"","potentialAction":[{"@type":"SearchAction","target":{"@type":"EntryPoint","urlTemplate":"https:\/\/cozyanddozy.com\/pl\/?s={search_term_string}"},"query-input":{"@type":"PropertyValueSpecification","valueRequired":true,"valueName":"search_term_string"}}],"inLanguage":"pl-PL"}]},"product_price_amount":"499.00","product_price_currency":"PLN","og_availability":"instock","product_availability":"instock","product_retailer_item_id":"5902701495817","product_condition":"new"},"_links":{"self":[{"href":"https:\/\/cozyanddozy.com\/pl\/wp-json\/wp\/v2\/product\/363","targetHints":{"allow":["GET"]}}],"collection":[{"href":"https:\/\/cozyanddozy.com\/pl\/wp-json\/wp\/v2\/product"}],"about":[{"href":"https:\/\/cozyanddozy.com\/pl\/wp-json\/wp\/v2\/types\/product"}],"replies":[{"embeddable":true,"href":"https:\/\/cozyanddozy.com\/pl\/wp-json\/wp\/v2\/comments?post=363"}],"wp:featuredmedia":[{"embeddable":true,"href":"https:\/\/cozyanddozy.com\/pl\/wp-json\/wp\/v2\/media\/364"}],"wp:attachment":[{"href":"https:\/\/cozyanddozy.com\/pl\/wp-json\/wp\/v2\/media?parent=363"}],"wp:term":[{"taxonomy":"product_brand","embeddable":true,"href":"https:\/\/cozyanddozy.com\/pl\/wp-json\/wp\/v2\/product_brand?post=363"},{"taxonomy":"product_cat","embeddable":true,"href":"https:\/\/cozyanddozy.com\/pl\/wp-json\/wp\/v2\/product_cat?post=363"},{"taxonomy":"product_tag","embeddable":true,"href":"https:\/\/cozyanddozy.com\/pl\/wp-json\/wp\/v2\/product_tag?post=363"}],"curies":[{"name":"wp","href":"https:\/\/api.w.org\/{rel}","templated":true}]}}