{"id":353,"date":"2017-07-31T17:11:19","date_gmt":"2017-07-31T15:11:19","guid":{"rendered":"https:\/\/cozyanddozy.com\/pl\/product\/tipi-kids-tent-teepee-indian\/"},"modified":"2023-11-08T17:32:07","modified_gmt":"2023-11-08T16:32:07","slug":"indianski-namiot-tipi-dla-chlopca-indian","status":"publish","type":"product","link":"https:\/\/cozyanddozy.com\/pl\/produkt\/indianski-namiot-tipi-dla-chlopca-indian\/","title":{"rendered":"India\u0144ski namiot tipi dla ch\u0142opca Indian"},"content":{"rendered":"<p>Folkowe<strong> tipi do pokoju dzieci\u0119cego z serii Indian od Cozy &amp; Dozy<\/strong>\u00a0to niezwyk\u0142y k\u0105cik do zabawy dla ma\u0142ych poszukiwaczy przyg\u00f3d.<\/p>\n<p>Piaskowe p\u0142\u00f3tno bawe\u0142niane wyko\u0144czone zosta\u0142o tkanin\u0105<strong>\u00a0w kolorowe wzory z motywem azteckim<\/strong>. Charakteru dodaj\u0105 czarne akcenty w postaci tasiemek i drobnych pompon\u00f3w, kt\u00f3rymi obszyte jest wej\u015bcie. To oryginalne, etniczne<strong>\u00a0tipi dla dzieci<\/strong>\u00a0spodoba si\u0119 szczeg\u00f3lnie ch\u0142opcom.<\/p>\n<p>Wykonany z prawdziwej bawe\u0142ny tekstylny namiot zapewnia idealn\u0105 przewiewno\u015b\u0107, antyalergiczno\u015b\u0107 i mo\u017cliwo\u015b\u0107 prania w pralce. Tipi dla dzieci znajdzie zastosowanie<b>\u00a0zar\u00f3wno we wn\u0119trzu domu, jak i na podw\u00f3rku<\/b>, gdzie szybko stanie si\u0119 ulubion\u0105 kryj\u00f3wk\u0105 przed wiatrem i s\u0142o\u0144cem. <strong>Dekoracyjne okienko<\/strong> dostarcza jeszcze wi\u0119cej rado\u015bci z zabawy, a <strong>wewn\u0119trzne kieszonki<\/strong> na drobiazgi pomog\u0105 utrzyma\u0107 wn\u0119trze tipi w porz\u0105dku.<\/p>\n<p>W trosce o najlepsz\u0105 wykonania, nasze namioty<strong>\u00a0s\u0105 wykonane metod\u0105 handmade<\/strong>, z dba\u0142o\u015bci\u0105 o najmniejsze detale. Dzi\u0119ki temu ka\u017cde tipi jest dopracowane i solidnie uszyte, a Ty masz gwarancj\u0119\u00a0<strong>najwy\u017cszej jako\u015bci produktu<\/strong>.<\/p>\n<p>W sk\u0142ad zestawu tipi Indian od Cozy wchodz\u0105:<\/p>\n<ul>\n<li>namiot tipi<\/li>\n<li>4 kije z naturalnego drewna sosnowego (stela\u017c)<\/li>\n<li>stabilizator<\/li>\n<\/ul>\n<p>Wymiary:<\/p>\n<ul>\n<li>Wysoko\u015b\u0107 (z kijkami) po roz\u0142o\u017ceniu: 150 cm<\/li>\n<li>Wysoko\u015b\u0107 (z kijkami) po z\u0142o\u017ceniu: 170 cm<\/li>\n<li>Powierzchnia pod\u0142ogi: ok. 110\u00d7110 cm<\/li>\n<\/ul>\n<p>Tipi zmie\u015bci 2-3 dzieci. Po z\u0142o\u017ceniu mo\u017cna je przechowywa\u0107 w bawe\u0142nianym worku, do\u0142\u0105czonym do zestawu.<\/p>\n<h3>Sk\u0142ad:<\/h3>\n<ul>\n<li>100% bawe\u0142na<\/li>\n<li>Posiada certyfikat oraz atest CE<\/li>\n<\/ul>\n<p>Aby nasze namioty by\u0142y stuprocentowo\u00a0<strong>bezpieczne dla dzieci<\/strong>, tworzymy je z atestowanych tkanin pochodz\u0105cych wy\u0142\u0105cznie z Europy. Tipi uszyto w Polsce.<\/p>\n<h3>Spos\u00f3b piel\u0119gnacji:<\/h3>\n<ul>\n<li><strong>Mo\u017cna pra\u0107 w pralce<\/strong>\u00a0w temperaturze 40 stopni, wirowanie \u2013 800 obrot\u00f3w<\/li>\n<li>Nie pra\u0107 chemicznie<\/li>\n<li>Nie wybiela\u0107<\/li>\n<\/ul>\n<p>Czas realizacji zam\u00f3wienia: 1-2 dni robocze + czas dostawy.<\/p>\n<p>Ch\u0119tnie uszyjemy tipi specjalnie dla Ciebie \u2013 wed\u0142ug Twojego pomys\u0142u. Napisz do nas i dowiedz si\u0119 wi\u0119cej.<\/p>\n","protected":false},"excerpt":{"rendered":"<p>Tipi dla dzieci z motywem azteckim z serii Indian. Idealne dla ch\u0142opca.<\/p>\n","protected":false},"featured_media":354,"comment_status":"open","ping_status":"closed","template":"","meta":[],"product_brand":[],"product_cat":[16],"product_tag":[],"class_list":{"0":"post-353","1":"product","2":"type-product","3":"status-publish","4":"has-post-thumbnail","6":"product_cat-namioty-tipi","8":"first","9":"instock","10":"sale","11":"product-type-simple"},"yoast_head":"<!-- This site is optimized with the Yoast SEO Premium plugin v21.9 (Yoast SEO v27.0) - https:\/\/yoast.com\/product\/yoast-seo-premium-wordpress\/ -->\n<title>India\u0144ski namiot tipi dla ch\u0142opca Indian - Cozy &amp; Dozy<\/title>\n<meta name=\"description\" content=\"Tipi dla dzieci z motywem azteckim z serii Indian. Idealne dla ch\u0142opca.\" \/>\n<meta name=\"robots\" content=\"index, follow, max-snippet:-1, max-image-preview:large, max-video-preview:-1\" \/>\n<link rel=\"canonical\" href=\"https:\/\/cozyanddozy.com\/pl\/produkt\/indianski-namiot-tipi-dla-chlopca-indian\/\" \/>\n<meta property=\"og:locale\" content=\"pl_PL\" \/>\n<meta property=\"og:type\" content=\"article\" \/>\n<meta property=\"og:title\" content=\"India\u0144ski namiot tipi dla ch\u0142opca Indian\" \/>\n<meta property=\"og:description\" content=\"Tipi dla dzieci z motywem azteckim z serii Indian. Idealne dla ch\u0142opca.\" \/>\n<meta property=\"og:url\" content=\"https:\/\/cozyanddozy.com\/pl\/produkt\/indianski-namiot-tipi-dla-chlopca-indian\/\" \/>\n<meta property=\"og:site_name\" content=\"Cozy &amp; Dozy\" \/>\n<meta property=\"article:modified_time\" content=\"2023-11-08T16:32:07+00:00\" \/>\n<meta property=\"og:image\" content=\"https:\/\/cozyanddozy.com\/pl\/wp-content\/uploads\/2023\/02\/pp-1499.jpg\" \/>\n\t<meta property=\"og:image:width\" content=\"1200\" \/>\n\t<meta property=\"og:image:height\" content=\"1200\" \/>\n\t<meta property=\"og:image:type\" content=\"image\/jpeg\" \/>\n<meta name=\"twitter:card\" content=\"summary_large_image\" \/>\n<meta name=\"twitter:label1\" content=\"Cena\" \/>\n\t<meta name=\"twitter:data1\" content=\"319,20&nbsp;&#122;&#322;\" \/>\n\t<meta name=\"twitter:label2\" content=\"Dost\u0119pno\u015b\u0107\" \/>\n\t<meta name=\"twitter:data2\" content=\"Dost\u0119pny\" \/>\n<script type=\"application\/ld+json\" class=\"yoast-schema-graph\">{\"@context\":\"https:\/\/schema.org\",\"@graph\":[{\"@type\":\"WebPage\",\"@id\":\"https:\/\/cozyanddozy.com\/pl\/produkt\/indianski-namiot-tipi-dla-chlopca-indian\/\",\"url\":\"https:\/\/cozyanddozy.com\/pl\/produkt\/indianski-namiot-tipi-dla-chlopca-indian\/\",\"name\":\"India\u0144ski namiot tipi dla ch\u0142opca Indian - Cozy & Dozy\",\"isPartOf\":{\"@id\":\"https:\/\/cozyanddozy.com\/pl\/#website\"},\"primaryImageOfPage\":{\"@id\":\"https:\/\/cozyanddozy.com\/pl\/produkt\/indianski-namiot-tipi-dla-chlopca-indian\/#primaryimage\"},\"image\":{\"@id\":\"https:\/\/cozyanddozy.com\/pl\/produkt\/indianski-namiot-tipi-dla-chlopca-indian\/#primaryimage\"},\"thumbnailUrl\":\"https:\/\/cozyanddozy.com\/pl\/wp-content\/uploads\/2023\/02\/pp-1499.jpg\",\"datePublished\":\"2017-07-31T15:11:19+00:00\",\"dateModified\":\"2023-11-08T16:32:07+00:00\",\"description\":\"Tipi dla dzieci z motywem azteckim z serii Indian. Idealne dla ch\u0142opca.\",\"breadcrumb\":{\"@id\":\"https:\/\/cozyanddozy.com\/pl\/produkt\/indianski-namiot-tipi-dla-chlopca-indian\/#breadcrumb\"},\"inLanguage\":\"pl-PL\",\"potentialAction\":[{\"@type\":\"ReadAction\",\"target\":[\"https:\/\/cozyanddozy.com\/pl\/produkt\/indianski-namiot-tipi-dla-chlopca-indian\/\"]}]},{\"@type\":\"ImageObject\",\"inLanguage\":\"pl-PL\",\"@id\":\"https:\/\/cozyanddozy.com\/pl\/produkt\/indianski-namiot-tipi-dla-chlopca-indian\/#primaryimage\",\"url\":\"https:\/\/cozyanddozy.com\/pl\/wp-content\/uploads\/2023\/02\/pp-1499.jpg\",\"contentUrl\":\"https:\/\/cozyanddozy.com\/pl\/wp-content\/uploads\/2023\/02\/pp-1499.jpg\",\"width\":1200,\"height\":1200},{\"@type\":\"BreadcrumbList\",\"@id\":\"https:\/\/cozyanddozy.com\/pl\/produkt\/indianski-namiot-tipi-dla-chlopca-indian\/#breadcrumb\",\"itemListElement\":[{\"@type\":\"ListItem\",\"position\":1,\"name\":\"Home\",\"item\":\"https:\/\/cozyanddozy.com\/pl\/\"},{\"@type\":\"ListItem\",\"position\":2,\"name\":\"Sklep\",\"item\":\"https:\/\/cozyanddozy.com\/pl\/sklep\/\"},{\"@type\":\"ListItem\",\"position\":3,\"name\":\"India\u0144ski namiot tipi dla ch\u0142opca Indian\"}]},{\"@type\":\"WebSite\",\"@id\":\"https:\/\/cozyanddozy.com\/pl\/#website\",\"url\":\"https:\/\/cozyanddozy.com\/pl\/\",\"name\":\"Cozy & Dozy\",\"description\":\"\",\"potentialAction\":[{\"@type\":\"SearchAction\",\"target\":{\"@type\":\"EntryPoint\",\"urlTemplate\":\"https:\/\/cozyanddozy.com\/pl\/?s={search_term_string}\"},\"query-input\":{\"@type\":\"PropertyValueSpecification\",\"valueRequired\":true,\"valueName\":\"search_term_string\"}}],\"inLanguage\":\"pl-PL\"}]}<\/script>\n<meta property=\"product:price:amount\" content=\"319.20\" \/>\n<meta property=\"product:price:currency\" content=\"PLN\" \/>\n<meta property=\"og:availability\" content=\"instock\" \/>\n<meta property=\"product:availability\" content=\"instock\" \/>\n<meta property=\"product:retailer_item_id\" content=\"5902701495183\" \/>\n<meta property=\"product:condition\" content=\"new\" \/>\n<!-- \/ Yoast SEO Premium plugin. -->","yoast_head_json":{"title":"India\u0144ski namiot tipi dla ch\u0142opca Indian - Cozy & Dozy","description":"Tipi dla dzieci z motywem azteckim z serii Indian. Idealne dla ch\u0142opca.","robots":{"index":"index","follow":"follow","max-snippet":"max-snippet:-1","max-image-preview":"max-image-preview:large","max-video-preview":"max-video-preview:-1"},"canonical":"https:\/\/cozyanddozy.com\/pl\/produkt\/indianski-namiot-tipi-dla-chlopca-indian\/","og_locale":"pl_PL","og_type":"article","og_title":"India\u0144ski namiot tipi dla ch\u0142opca Indian","og_description":"Tipi dla dzieci z motywem azteckim z serii Indian. Idealne dla ch\u0142opca.","og_url":"https:\/\/cozyanddozy.com\/pl\/produkt\/indianski-namiot-tipi-dla-chlopca-indian\/","og_site_name":"Cozy &amp; Dozy","article_modified_time":"2023-11-08T16:32:07+00:00","og_image":[{"width":1200,"height":1200,"url":"https:\/\/cozyanddozy.com\/pl\/wp-content\/uploads\/2023\/02\/pp-1499.jpg","type":"image\/jpeg"}],"twitter_card":"summary_large_image","twitter_misc":{"Cena":"319,20&nbsp;&#122;&#322;","Dost\u0119pno\u015b\u0107":"Dost\u0119pny"},"schema":{"@context":"https:\/\/schema.org","@graph":[{"@type":"WebPage","@id":"https:\/\/cozyanddozy.com\/pl\/produkt\/indianski-namiot-tipi-dla-chlopca-indian\/","url":"https:\/\/cozyanddozy.com\/pl\/produkt\/indianski-namiot-tipi-dla-chlopca-indian\/","name":"India\u0144ski namiot tipi dla ch\u0142opca Indian - Cozy & Dozy","isPartOf":{"@id":"https:\/\/cozyanddozy.com\/pl\/#website"},"primaryImageOfPage":{"@id":"https:\/\/cozyanddozy.com\/pl\/produkt\/indianski-namiot-tipi-dla-chlopca-indian\/#primaryimage"},"image":{"@id":"https:\/\/cozyanddozy.com\/pl\/produkt\/indianski-namiot-tipi-dla-chlopca-indian\/#primaryimage"},"thumbnailUrl":"https:\/\/cozyanddozy.com\/pl\/wp-content\/uploads\/2023\/02\/pp-1499.jpg","datePublished":"2017-07-31T15:11:19+00:00","dateModified":"2023-11-08T16:32:07+00:00","description":"Tipi dla dzieci z motywem azteckim z serii Indian. Idealne dla ch\u0142opca.","breadcrumb":{"@id":"https:\/\/cozyanddozy.com\/pl\/produkt\/indianski-namiot-tipi-dla-chlopca-indian\/#breadcrumb"},"inLanguage":"pl-PL","potentialAction":[{"@type":"ReadAction","target":["https:\/\/cozyanddozy.com\/pl\/produkt\/indianski-namiot-tipi-dla-chlopca-indian\/"]}]},{"@type":"ImageObject","inLanguage":"pl-PL","@id":"https:\/\/cozyanddozy.com\/pl\/produkt\/indianski-namiot-tipi-dla-chlopca-indian\/#primaryimage","url":"https:\/\/cozyanddozy.com\/pl\/wp-content\/uploads\/2023\/02\/pp-1499.jpg","contentUrl":"https:\/\/cozyanddozy.com\/pl\/wp-content\/uploads\/2023\/02\/pp-1499.jpg","width":1200,"height":1200},{"@type":"BreadcrumbList","@id":"https:\/\/cozyanddozy.com\/pl\/produkt\/indianski-namiot-tipi-dla-chlopca-indian\/#breadcrumb","itemListElement":[{"@type":"ListItem","position":1,"name":"Home","item":"https:\/\/cozyanddozy.com\/pl\/"},{"@type":"ListItem","position":2,"name":"Sklep","item":"https:\/\/cozyanddozy.com\/pl\/sklep\/"},{"@type":"ListItem","position":3,"name":"India\u0144ski namiot tipi dla ch\u0142opca Indian"}]},{"@type":"WebSite","@id":"https:\/\/cozyanddozy.com\/pl\/#website","url":"https:\/\/cozyanddozy.com\/pl\/","name":"Cozy & Dozy","description":"","potentialAction":[{"@type":"SearchAction","target":{"@type":"EntryPoint","urlTemplate":"https:\/\/cozyanddozy.com\/pl\/?s={search_term_string}"},"query-input":{"@type":"PropertyValueSpecification","valueRequired":true,"valueName":"search_term_string"}}],"inLanguage":"pl-PL"}]},"product_price_amount":"319.20","product_price_currency":"PLN","og_availability":"instock","product_availability":"instock","product_retailer_item_id":"5902701495183","product_condition":"new"},"_links":{"self":[{"href":"https:\/\/cozyanddozy.com\/pl\/wp-json\/wp\/v2\/product\/353","targetHints":{"allow":["GET"]}}],"collection":[{"href":"https:\/\/cozyanddozy.com\/pl\/wp-json\/wp\/v2\/product"}],"about":[{"href":"https:\/\/cozyanddozy.com\/pl\/wp-json\/wp\/v2\/types\/product"}],"replies":[{"embeddable":true,"href":"https:\/\/cozyanddozy.com\/pl\/wp-json\/wp\/v2\/comments?post=353"}],"wp:featuredmedia":[{"embeddable":true,"href":"https:\/\/cozyanddozy.com\/pl\/wp-json\/wp\/v2\/media\/354"}],"wp:attachment":[{"href":"https:\/\/cozyanddozy.com\/pl\/wp-json\/wp\/v2\/media?parent=353"}],"wp:term":[{"taxonomy":"product_brand","embeddable":true,"href":"https:\/\/cozyanddozy.com\/pl\/wp-json\/wp\/v2\/product_brand?post=353"},{"taxonomy":"product_cat","embeddable":true,"href":"https:\/\/cozyanddozy.com\/pl\/wp-json\/wp\/v2\/product_cat?post=353"},{"taxonomy":"product_tag","embeddable":true,"href":"https:\/\/cozyanddozy.com\/pl\/wp-json\/wp\/v2\/product_tag?post=353"}],"curies":[{"name":"wp","href":"https:\/\/api.w.org\/{rel}","templated":true}]}}