{"id":346,"date":"2017-07-31T16:36:03","date_gmt":"2017-07-31T14:36:03","guid":{"rendered":"https:\/\/cozyanddozy.com\/pl\/product\/tipi-kids-tent-teepee-set-indian\/"},"modified":"2023-11-08T17:32:06","modified_gmt":"2023-11-08T16:32:06","slug":"tipi-kids-tent-teepee-set-indian","status":"publish","type":"product","link":"https:\/\/cozyanddozy.com\/pl\/produkt\/tipi-kids-tent-teepee-set-indian\/","title":{"rendered":"Tipi kids tent, Teepee set Indian"},"content":{"rendered":"<p><img decoding=\"async\" class=\"wp-image-41501 alignright\" src=\"https:\/\/cozyanddozy.com\/pl\/wp-content\/uploads\/2023\/02\/pp-1503.jpg\" alt=\"indian tipi aztec\" width=\"600\" height=\"600\" \/><\/p>\n<p style=\"text-align: left;\">Naturalne p\u0142\u00f3tno z bawe\u0142ny wyko\u0144czono wzorzyst\u0105 tkanin\u0105<strong> z motywem azteckim<\/strong>. Detale podkre\u015blono czarnymi tasiemkami i pomponami. Pod\u0142og\u0119 namiotu tworzy ocieplana mata z aplikacj\u0105 w kszta\u0142cie kaktus\u00f3w i lam\u00f3wk\u0105. Ca\u0142o\u015bci zestawu dope\u0142nia dekoracyjna girlanda oraz dwie mi\u0119kkie poduszeczki z azteckimi wzorami. To pobudzaj\u0105ce wyobra\u017ani\u0119<strong>\u00a0tipi do pokoju dzieci\u0119cego<\/strong>\u00a0spodoba si\u0119 szczeg\u00f3lnie ch\u0142opcom.<\/p>\n<p>Uszyty z naturalnej bawe\u0142ny wigwam zapewnia doskona\u0142\u0105 cyrkulacj\u0119 powietrza, hipoalergiczno\u015b\u0107 i mo\u017cliwo\u015b\u0107 prania w pralce. Namiot jest bardzo praktyczny<b>\u00a0zar\u00f3wno we wn\u0119trzu, jak i na zewn\u0105trz<\/b>, gdzie stanie si\u0119 zaciszn\u0105 kryj\u00f3wk\u0105 przed wiatrem i ostrym s\u0142o\u0144cem. Mata na pod\u0142og\u0119 pozwala na komfortow\u0105 zabaw\u0119 na ziemi i mi\u0142\u0105 drzemk\u0119 z poduszkami, a okienko z roletk\u0105 dostarcza jeszcze wi\u0119cej rado\u015bci z zabawy w wigwamie!<\/p>\n<p>Z troski o doskona\u0142\u0105 jako\u015b\u0107 wykonania, nasze\u00a0<strong>namioty s\u0105 szyte r\u0119cznie<\/strong>, z niezwyk\u0142\u0105 staranno\u015bci\u0105. Sprawia to, \u017ce ka\u017cdy egzemplarz jest dopracowany i jedyny w swoim rodzaju, a Ty masz pewno\u015b\u0107 <strong>najwy\u017cszej jako\u015bci produktu<\/strong>.<\/p>\n<h3>W sk\u0142ad zestawu tipi Indian od Cozy &amp; Dozy wchodz\u0105:<\/h3>\n<ul>\n<li>namiot tipi<\/li>\n<li>4 kije z naturalnego drewna sosnowego (stela\u017c)<\/li>\n<li>stabilizator<\/li>\n<li>mata na pod\u0142og\u0119 (nie zintegrowana z namiotem)<\/li>\n<li>2 poduszki<\/li>\n<\/ul>\n<p>Tipi Indian mo\u017cna zakupi\u0107 r\u00f3wnie\u017c bez maty na pod\u0142og\u0119, poduszki i girlandy.<\/p>\n","protected":false},"excerpt":{"rendered":"<p>Naturalne p\u0142\u00f3tno z bawe\u0142ny wyko\u0144czono wzorzyst\u0105 tkanin\u0105 z motywem azteckim. Detale podkre\u015blono czarnymi tasiemkami i pomponami. Pod\u0142og\u0119 namiotu tworzy ocieplana mata z aplikacj\u0105 w kszta\u0142cie kaktus\u00f3w i lam\u00f3wk\u0105.<\/p>\n","protected":false},"featured_media":348,"comment_status":"open","ping_status":"closed","template":"","meta":[],"product_brand":[],"product_cat":[16],"product_tag":[24],"class_list":{"0":"post-346","1":"product","2":"type-product","3":"status-publish","4":"has-post-thumbnail","6":"product_cat-namioty-tipi","7":"product_tag-pla","9":"first","10":"outofstock","11":"sale","12":"product-type-simple"},"yoast_head":"<!-- This site is optimized with the Yoast SEO Premium plugin v21.9 (Yoast SEO v27.0) - https:\/\/yoast.com\/product\/yoast-seo-premium-wordpress\/ -->\n<title>Tipi kids tent, Teepee set Indian - Cozy &amp; Dozy<\/title>\n<meta name=\"description\" content=\"Naturalne p\u0142\u00f3tno z bawe\u0142ny wyko\u0144czono wzorzyst\u0105 tkanin\u0105 z motywem azteckim. Detale podkre\u015blono czarnymi tasiemkami i pomponami. Pod\u0142og\u0119 namiotu tworzy ocieplana mata z aplikacj\u0105 w kszta\u0142cie kaktus\u00f3w i lam\u00f3wk\u0105.\" \/>\n<meta name=\"robots\" content=\"index, follow, max-snippet:-1, max-image-preview:large, max-video-preview:-1\" \/>\n<link rel=\"canonical\" href=\"https:\/\/cozyanddozy.com\/pl\/produkt\/tipi-kids-tent-teepee-set-indian\/\" \/>\n<meta property=\"og:locale\" content=\"pl_PL\" \/>\n<meta property=\"og:type\" content=\"article\" \/>\n<meta property=\"og:title\" content=\"Tipi kids tent, Teepee set Indian\" \/>\n<meta property=\"og:description\" content=\"Naturalne p\u0142\u00f3tno z bawe\u0142ny wyko\u0144czono wzorzyst\u0105 tkanin\u0105 z motywem azteckim. Detale podkre\u015blono czarnymi tasiemkami i pomponami. Pod\u0142og\u0119 namiotu tworzy ocieplana mata z aplikacj\u0105 w kszta\u0142cie kaktus\u00f3w i lam\u00f3wk\u0105.\" \/>\n<meta property=\"og:url\" content=\"https:\/\/cozyanddozy.com\/pl\/produkt\/tipi-kids-tent-teepee-set-indian\/\" \/>\n<meta property=\"og:site_name\" content=\"Cozy &amp; Dozy\" \/>\n<meta property=\"article:modified_time\" content=\"2023-11-08T16:32:06+00:00\" \/>\n<meta property=\"og:image\" content=\"https:\/\/cozyanddozy.com\/pl\/wp-content\/uploads\/2023\/02\/kids_tipi_tent_indian_s1.jpg\" \/>\n\t<meta property=\"og:image:width\" content=\"1200\" \/>\n\t<meta property=\"og:image:height\" content=\"1200\" \/>\n\t<meta property=\"og:image:type\" content=\"image\/jpeg\" \/>\n<meta name=\"twitter:card\" content=\"summary_large_image\" \/>\n<meta name=\"twitter:label1\" content=\"Cena\" \/>\n\t<meta name=\"twitter:data1\" content=\"503,20&nbsp;&#122;&#322;\" \/>\n\t<meta name=\"twitter:label2\" content=\"Dost\u0119pno\u015b\u0107\" \/>\n\t<meta name=\"twitter:data2\" content=\"Brak w magazynie\" \/>\n<script type=\"application\/ld+json\" class=\"yoast-schema-graph\">{\"@context\":\"https:\/\/schema.org\",\"@graph\":[{\"@type\":\"WebPage\",\"@id\":\"https:\/\/cozyanddozy.com\/pl\/produkt\/tipi-kids-tent-teepee-set-indian\/\",\"url\":\"https:\/\/cozyanddozy.com\/pl\/produkt\/tipi-kids-tent-teepee-set-indian\/\",\"name\":\"Tipi kids tent, Teepee set Indian - Cozy &amp; Dozy\",\"isPartOf\":{\"@id\":\"https:\/\/cozyanddozy.com\/pl\/#website\"},\"primaryImageOfPage\":{\"@id\":\"https:\/\/cozyanddozy.com\/pl\/produkt\/tipi-kids-tent-teepee-set-indian\/#primaryimage\"},\"image\":{\"@id\":\"https:\/\/cozyanddozy.com\/pl\/produkt\/tipi-kids-tent-teepee-set-indian\/#primaryimage\"},\"thumbnailUrl\":\"https:\/\/cozyanddozy.com\/pl\/wp-content\/uploads\/2023\/02\/kids_tipi_tent_indian_s1.jpg\",\"datePublished\":\"2017-07-31T14:36:03+00:00\",\"dateModified\":\"2023-11-08T16:32:06+00:00\",\"description\":\"Naturalne p\u0142\u00f3tno z bawe\u0142ny wyko\u0144czono wzorzyst\u0105 tkanin\u0105 z motywem azteckim. Detale podkre\u015blono czarnymi tasiemkami i pomponami. Pod\u0142og\u0119 namiotu tworzy ocieplana mata z aplikacj\u0105 w kszta\u0142cie kaktus\u00f3w i lam\u00f3wk\u0105.\",\"breadcrumb\":{\"@id\":\"https:\/\/cozyanddozy.com\/pl\/produkt\/tipi-kids-tent-teepee-set-indian\/#breadcrumb\"},\"inLanguage\":\"pl-PL\",\"potentialAction\":[{\"@type\":\"ReadAction\",\"target\":[\"https:\/\/cozyanddozy.com\/pl\/produkt\/tipi-kids-tent-teepee-set-indian\/\"]}]},{\"@type\":\"ImageObject\",\"inLanguage\":\"pl-PL\",\"@id\":\"https:\/\/cozyanddozy.com\/pl\/produkt\/tipi-kids-tent-teepee-set-indian\/#primaryimage\",\"url\":\"https:\/\/cozyanddozy.com\/pl\/wp-content\/uploads\/2023\/02\/kids_tipi_tent_indian_s1.jpg\",\"contentUrl\":\"https:\/\/cozyanddozy.com\/pl\/wp-content\/uploads\/2023\/02\/kids_tipi_tent_indian_s1.jpg\",\"width\":1200,\"height\":1200,\"caption\":\"kids_tipi_tent_indian_s1\"},{\"@type\":\"BreadcrumbList\",\"@id\":\"https:\/\/cozyanddozy.com\/pl\/produkt\/tipi-kids-tent-teepee-set-indian\/#breadcrumb\",\"itemListElement\":[{\"@type\":\"ListItem\",\"position\":1,\"name\":\"Home\",\"item\":\"https:\/\/cozyanddozy.com\/pl\/\"},{\"@type\":\"ListItem\",\"position\":2,\"name\":\"Sklep\",\"item\":\"https:\/\/cozyanddozy.com\/pl\/sklep\/\"},{\"@type\":\"ListItem\",\"position\":3,\"name\":\"Tipi kids tent, Teepee set Indian\"}]},{\"@type\":\"WebSite\",\"@id\":\"https:\/\/cozyanddozy.com\/pl\/#website\",\"url\":\"https:\/\/cozyanddozy.com\/pl\/\",\"name\":\"Cozy & Dozy\",\"description\":\"\",\"potentialAction\":[{\"@type\":\"SearchAction\",\"target\":{\"@type\":\"EntryPoint\",\"urlTemplate\":\"https:\/\/cozyanddozy.com\/pl\/?s={search_term_string}\"},\"query-input\":{\"@type\":\"PropertyValueSpecification\",\"valueRequired\":true,\"valueName\":\"search_term_string\"}}],\"inLanguage\":\"pl-PL\"}]}<\/script>\n<meta property=\"product:price:amount\" content=\"503.20\" \/>\n<meta property=\"product:price:currency\" content=\"PLN\" \/>\n<meta property=\"og:availability\" content=\"out of stock\" \/>\n<meta property=\"product:availability\" content=\"out of stock\" \/>\n<meta property=\"product:retailer_item_id\" content=\"5902701495176\" \/>\n<meta property=\"product:condition\" content=\"new\" \/>\n<!-- \/ Yoast SEO Premium plugin. -->","yoast_head_json":{"title":"Tipi kids tent, Teepee set Indian - Cozy &amp; Dozy","description":"Naturalne p\u0142\u00f3tno z bawe\u0142ny wyko\u0144czono wzorzyst\u0105 tkanin\u0105 z motywem azteckim. Detale podkre\u015blono czarnymi tasiemkami i pomponami. Pod\u0142og\u0119 namiotu tworzy ocieplana mata z aplikacj\u0105 w kszta\u0142cie kaktus\u00f3w i lam\u00f3wk\u0105.","robots":{"index":"index","follow":"follow","max-snippet":"max-snippet:-1","max-image-preview":"max-image-preview:large","max-video-preview":"max-video-preview:-1"},"canonical":"https:\/\/cozyanddozy.com\/pl\/produkt\/tipi-kids-tent-teepee-set-indian\/","og_locale":"pl_PL","og_type":"article","og_title":"Tipi kids tent, Teepee set Indian","og_description":"Naturalne p\u0142\u00f3tno z bawe\u0142ny wyko\u0144czono wzorzyst\u0105 tkanin\u0105 z motywem azteckim. Detale podkre\u015blono czarnymi tasiemkami i pomponami. Pod\u0142og\u0119 namiotu tworzy ocieplana mata z aplikacj\u0105 w kszta\u0142cie kaktus\u00f3w i lam\u00f3wk\u0105.","og_url":"https:\/\/cozyanddozy.com\/pl\/produkt\/tipi-kids-tent-teepee-set-indian\/","og_site_name":"Cozy &amp; Dozy","article_modified_time":"2023-11-08T16:32:06+00:00","og_image":[{"width":1200,"height":1200,"url":"https:\/\/cozyanddozy.com\/pl\/wp-content\/uploads\/2023\/02\/kids_tipi_tent_indian_s1.jpg","type":"image\/jpeg"}],"twitter_card":"summary_large_image","twitter_misc":{"Cena":"503,20&nbsp;&#122;&#322;","Dost\u0119pno\u015b\u0107":"Brak w magazynie"},"schema":{"@context":"https:\/\/schema.org","@graph":[{"@type":"WebPage","@id":"https:\/\/cozyanddozy.com\/pl\/produkt\/tipi-kids-tent-teepee-set-indian\/","url":"https:\/\/cozyanddozy.com\/pl\/produkt\/tipi-kids-tent-teepee-set-indian\/","name":"Tipi kids tent, Teepee set Indian - Cozy &amp; Dozy","isPartOf":{"@id":"https:\/\/cozyanddozy.com\/pl\/#website"},"primaryImageOfPage":{"@id":"https:\/\/cozyanddozy.com\/pl\/produkt\/tipi-kids-tent-teepee-set-indian\/#primaryimage"},"image":{"@id":"https:\/\/cozyanddozy.com\/pl\/produkt\/tipi-kids-tent-teepee-set-indian\/#primaryimage"},"thumbnailUrl":"https:\/\/cozyanddozy.com\/pl\/wp-content\/uploads\/2023\/02\/kids_tipi_tent_indian_s1.jpg","datePublished":"2017-07-31T14:36:03+00:00","dateModified":"2023-11-08T16:32:06+00:00","description":"Naturalne p\u0142\u00f3tno z bawe\u0142ny wyko\u0144czono wzorzyst\u0105 tkanin\u0105 z motywem azteckim. Detale podkre\u015blono czarnymi tasiemkami i pomponami. Pod\u0142og\u0119 namiotu tworzy ocieplana mata z aplikacj\u0105 w kszta\u0142cie kaktus\u00f3w i lam\u00f3wk\u0105.","breadcrumb":{"@id":"https:\/\/cozyanddozy.com\/pl\/produkt\/tipi-kids-tent-teepee-set-indian\/#breadcrumb"},"inLanguage":"pl-PL","potentialAction":[{"@type":"ReadAction","target":["https:\/\/cozyanddozy.com\/pl\/produkt\/tipi-kids-tent-teepee-set-indian\/"]}]},{"@type":"ImageObject","inLanguage":"pl-PL","@id":"https:\/\/cozyanddozy.com\/pl\/produkt\/tipi-kids-tent-teepee-set-indian\/#primaryimage","url":"https:\/\/cozyanddozy.com\/pl\/wp-content\/uploads\/2023\/02\/kids_tipi_tent_indian_s1.jpg","contentUrl":"https:\/\/cozyanddozy.com\/pl\/wp-content\/uploads\/2023\/02\/kids_tipi_tent_indian_s1.jpg","width":1200,"height":1200,"caption":"kids_tipi_tent_indian_s1"},{"@type":"BreadcrumbList","@id":"https:\/\/cozyanddozy.com\/pl\/produkt\/tipi-kids-tent-teepee-set-indian\/#breadcrumb","itemListElement":[{"@type":"ListItem","position":1,"name":"Home","item":"https:\/\/cozyanddozy.com\/pl\/"},{"@type":"ListItem","position":2,"name":"Sklep","item":"https:\/\/cozyanddozy.com\/pl\/sklep\/"},{"@type":"ListItem","position":3,"name":"Tipi kids tent, Teepee set Indian"}]},{"@type":"WebSite","@id":"https:\/\/cozyanddozy.com\/pl\/#website","url":"https:\/\/cozyanddozy.com\/pl\/","name":"Cozy & Dozy","description":"","potentialAction":[{"@type":"SearchAction","target":{"@type":"EntryPoint","urlTemplate":"https:\/\/cozyanddozy.com\/pl\/?s={search_term_string}"},"query-input":{"@type":"PropertyValueSpecification","valueRequired":true,"valueName":"search_term_string"}}],"inLanguage":"pl-PL"}]},"product_price_amount":"503.20","product_price_currency":"PLN","og_availability":"out of stock","product_availability":"out of stock","product_retailer_item_id":"5902701495176","product_condition":"new"},"_links":{"self":[{"href":"https:\/\/cozyanddozy.com\/pl\/wp-json\/wp\/v2\/product\/346","targetHints":{"allow":["GET"]}}],"collection":[{"href":"https:\/\/cozyanddozy.com\/pl\/wp-json\/wp\/v2\/product"}],"about":[{"href":"https:\/\/cozyanddozy.com\/pl\/wp-json\/wp\/v2\/types\/product"}],"replies":[{"embeddable":true,"href":"https:\/\/cozyanddozy.com\/pl\/wp-json\/wp\/v2\/comments?post=346"}],"wp:featuredmedia":[{"embeddable":true,"href":"https:\/\/cozyanddozy.com\/pl\/wp-json\/wp\/v2\/media\/348"}],"wp:attachment":[{"href":"https:\/\/cozyanddozy.com\/pl\/wp-json\/wp\/v2\/media?parent=346"}],"wp:term":[{"taxonomy":"product_brand","embeddable":true,"href":"https:\/\/cozyanddozy.com\/pl\/wp-json\/wp\/v2\/product_brand?post=346"},{"taxonomy":"product_cat","embeddable":true,"href":"https:\/\/cozyanddozy.com\/pl\/wp-json\/wp\/v2\/product_cat?post=346"},{"taxonomy":"product_tag","embeddable":true,"href":"https:\/\/cozyanddozy.com\/pl\/wp-json\/wp\/v2\/product_tag?post=346"}],"curies":[{"name":"wp","href":"https:\/\/api.w.org\/{rel}","templated":true}]}}