{"id":3105,"date":"2025-04-21T15:41:57","date_gmt":"2025-04-21T14:41:57","guid":{"rendered":"https:\/\/cozyanddozy.com\/?post_type=product&#038;p=3550"},"modified":"2025-04-21T17:20:06","modified_gmt":"2025-04-21T15:20:06","slug":"namiot-tipi-do-ogrodu-woodoodporne-tipi-sunny-yellow","status":"publish","type":"product","link":"https:\/\/cozyanddozy.com\/pl\/produkt\/namiot-tipi-do-ogrodu-woodoodporne-tipi-sunny-yellow\/","title":{"rendered":"Namiot tipi do ogrodu, woodoodporne tipi Sunny Yellow"},"content":{"rendered":"<p><img decoding=\"async\" class=\"alignnone size-medium wp-image-2939 alignright\" src=\"https:\/\/cozyanddozy.com\/wp-content\/uploads\/2024\/05\/image00078-400x400.jpeg\" alt=\"\" width=\"400\" height=\"400\" \/><\/p>\n<p class=\"p1\"><b>Cozy&amp;Dozy \u2013\u00a0 gdzie marzenia dzieci o w\u0142asnym magicznym miejscu staj\u0105 si\u0119 rzeczywisto\u015bci\u0105!<\/b><\/p>\n<p class=\"p1\"><b>Namiot Tipi do Zabawy S\u0142oneczny \u017b\u00f3\u0142ty<\/b>, idealny\u00a0<b>do ogrodu lub na taras<\/b>, to nie tylko\u00a0<b>miejsce do zabawy<\/b>, ale tak\u017ce\u00a0<b>bezpieczna przestrze\u0144,<\/b>\u00a0w kt\u00f3rej Twoje dziecko b\u0119dzie si\u0119<b>\u00a0bawi\u0107 i tworzy\u0107 niesamowite przygody.<\/b><\/p>\n<p class=\"p1\"><b>G\u0142\u00f3wne cechy naszego Namiotu Tipi Garden obejmuj\u0105:<\/b><\/p>\n<ul class=\"ul1\">\n<li class=\"li1\"><b>Certyfikowane tkaniny<\/b>, zapewniaj\u0105ce\u00a0<b>bezpieczn\u0105 zabaw\u0119<\/b>.<\/li>\n<li class=\"li1\"><b>\u0141atwa konstrukcja z bezpiecznymi elementami<\/b>, dzi\u0119ki czemu nawet najm\u0142odsi mog\u0105 swobodnie korzysta\u0107 z namiotu.<\/li>\n<li class=\"li1\"><b>D\u0119bowe kije i stabilizator<\/b>\u00a0w komplecie, gwarantuj\u0105ce stabilno\u015b\u0107 i trwa\u0142o\u015b\u0107 konstrukcji.<\/li>\n<li class=\"li1\"><b>Hydrofobowa powierzchnia<\/b>\u00a0u\u0142atwiaj\u0105ca czyszczenie, wi\u0119c\u00a0<b>nie musisz si\u0119 martwi\u0107 o plamy czy zabrudzenia.<\/b><\/li>\n<li class=\"li1\"><b>Okienka i kieszonki<\/b>\u00a0naszyte w namiocie, kt\u00f3re\u00a0<b>dodaj\u0105 uroku i uatrakcyjniaj\u0105 zabaw\u0119.<\/b><\/li>\n<li class=\"li1\"><b>Dekoracyjne chor\u0105giewki i pod\u0142oga wszyta w namiot,<\/b>\u00a0tworz\u0105ce<b>\u00a0przytuln\u0105 atmosfer\u0119 i zach\u0119caj\u0105ce do kreatywnej zabawy.<\/b><\/li>\n<li class=\"li1\">Po zako\u0144czonej zabawie\u00a0<b>wystarczy zdj\u0105\u0107 stabilizator<\/b>, dzi\u0119ki czemu\u00a0<b>namiot z\u0142o\u017cy si\u0119 jednym ruchem<\/b>\u00a0i mo\u017cna przechowa\u0107 go w k\u0105ciku pokoju,\u00a0<b>oszcz\u0119dzaj\u0105c miejsce.<\/b><\/li>\n<\/ul>\n<p class=\"p1\"><b>Namiot jest przeznaczony dla 2-3 dzieci.<\/b>\u00a0Tipi \u0142atwo si\u0119 sk\u0142ada i nie zajmuje wiele miejsca. Mo\u017cna je przechowywa\u0107 w bawe\u0142nianym pokrowcu z uchwytem.<\/p>\n<p class=\"p1\"><b>Tkaniny<\/b>, z kt\u00f3rych powstaj\u0105 nasze namioty tipi s\u0105\u00a0<b>certyfikowane i pochodz\u0105 z kraj\u00f3w europejskich<\/b>, dzi\u0119ki czemu s\u0105 bezpieczne dla dzieci.<\/p>\n<p class=\"p1\"><b>W sk\u0142ad zestawu Garden od Cozy &amp; Dozy wchodz\u0105:<\/b><\/p>\n<ul class=\"ul1\">\n<li class=\"li1\"><b>namiot tipi<\/b>\u00a0(kolory do wyboru)<\/li>\n<li class=\"li1\"><b>ozdobne flagi<\/b><\/li>\n<li class=\"li1\">4 sk\u0142adane kije z naturalnego drewna bukowego + \u0142\u0105czniki<\/li>\n<li class=\"li1\"><b>stabilizator\u00a0<\/b>(zapobiega przesuwaniu stela\u017cu)<\/li>\n<li class=\"li1\">instrukcja<\/li>\n<\/ul>\n<table class=\"t1\" cellspacing=\"0\" cellpadding=\"0\">\n<tbody>\n<tr>\n<td class=\"td1\" valign=\"top\">\n<p class=\"p1\"><b>WAGA<\/b><\/p>\n<\/td>\n<td class=\"td1\" valign=\"top\">\n<p class=\"p1\">2 kg<\/p>\n<\/td>\n<\/tr>\n<tr>\n<td class=\"td1\" valign=\"top\">\n<p class=\"p1\"><b>WYSOKO\u015a\u0106 (Z KIJKAMI) PO ROZ\u0141O\u017bENIU<\/b><\/p>\n<\/td>\n<td class=\"td1\" valign=\"top\">\n<p class=\"p1\">150 cm<\/p>\n<\/td>\n<\/tr>\n<tr>\n<td class=\"td1\" valign=\"top\">\n<p class=\"p1\"><b>WYSOKO\u015a\u0106 (Z KIJKAMI) PO Z\u0141O\u017bENIU<\/b><\/p>\n<\/td>\n<td class=\"td1\" valign=\"top\">\n<p class=\"p1\">170 cm<\/p>\n<\/td>\n<\/tr>\n<tr>\n<td class=\"td1\" valign=\"top\">\n<p class=\"p1\"><b>POWIERZCHNIA POD\u0141OGI<\/b><\/p>\n<\/td>\n<td class=\"td1\" valign=\"top\">\n<p class=\"p1\">110 x 110 cm<\/p>\n<\/td>\n<\/tr>\n<tr>\n<td class=\"td1\" valign=\"top\">\n<p class=\"p1\"><b>TKANINA<\/b><\/p>\n<\/td>\n<td class=\"td1\" valign=\"top\">\n<p class=\"p1\">100% Poliester 180g\/m2,<\/p>\n<\/td>\n<\/tr>\n<tr>\n<td class=\"td1\" valign=\"top\">\n<p class=\"p1\"><b>STELA\u017b<\/b><\/p>\n<\/td>\n<td class=\"td1\" valign=\"top\">\n<p class=\"p1\">Kije z drewna bukowego \u0142\u0105czniki<\/p>\n<\/td>\n<\/tr>\n<tr>\n<td class=\"td1\" valign=\"top\">\n<p class=\"p1\"><b>INSTRUKCJA PRANIA<\/b><\/p>\n<\/td>\n<td class=\"td1\" valign=\"top\">\n<p class=\"p1\">Materia\u0142 mo\u017cna pra\u0107 w pralce w temperaturze 40 stopni, wirowanie \u2013 max 800 obrot\u00f3w \/ Nie pra\u0107 chemicznie \/ Nie wybiela\u0107<\/p>\n<\/td>\n<\/tr>\n<tr>\n<td class=\"td1\" valign=\"top\">\n<p class=\"p1\"><b>SZACOWANY CZAS MONTA\u017bU<\/b><\/p>\n<\/td>\n<td class=\"td1\" valign=\"top\">\n<p class=\"p1\">5 min<\/p>\n<\/td>\n<\/tr>\n<tr>\n<td class=\"td1\" valign=\"top\">\n<p class=\"p1\"><b>KOLOR<\/b><\/p>\n<\/td>\n<td class=\"td1\" valign=\"top\">\n<p class=\"p1\">sunny yellow (ciep\u0142y \u017c\u00f3\u0142ty)<\/p>\n<\/td>\n<\/tr>\n<\/tbody>\n<\/table>\n<p class=\"p1\"><b>Dodatkowe informacje<\/b><\/p>\n<ul class=\"ul1\">\n<li class=\"li1\">Wysoko\u015b\u0107 stela\u017ca: 170cm (5\u2032 6\u2033);<\/li>\n<li class=\"li1\">Wysoko\u015b\u0107 namiotu po roz\u0142o\u017ceniu: 150cm (4\u2032 11\u2033);<\/li>\n<li class=\"li1\">Szeroko\u015b\u0107 podstawy: 110x110cm (3\u20326\u2033\/3\u2032 6\u2033)<\/li>\n<li class=\"li1\">Waga pude\u0142ka: ~4-5kg ( w zale\u017cno\u015bci od zestawu)<\/li>\n<\/ul>\n<p><img decoding=\"async\" class=\"alignnone size-medium wp-image-957\" src=\"https:\/\/cozyanddozy.com\/wp-content\/uploads\/2023\/02\/tipi-pine-green-garden-waterproof-cozydots-400x400.jpg\" alt=\"\" width=\"400\" height=\"400\" srcset=\"https:\/\/cozyanddozy.com\/pl\/wp-content\/uploads\/2023\/02\/tipi-pine-green-garden-waterproof-cozydots-400x400.jpg 400w, https:\/\/cozyanddozy.com\/pl\/wp-content\/uploads\/2023\/02\/tipi-pine-green-garden-waterproof-cozydots.jpg 1200w, https:\/\/cozyanddozy.com\/pl\/wp-content\/uploads\/2023\/02\/tipi-pine-green-garden-waterproof-cozydots-150x150.jpg 150w, https:\/\/cozyanddozy.com\/pl\/wp-content\/uploads\/2023\/02\/tipi-pine-green-garden-waterproof-cozydots-768x768.jpg 768w, https:\/\/cozyanddozy.com\/pl\/wp-content\/uploads\/2023\/02\/tipi-pine-green-garden-waterproof-cozydots-300x300.jpg 300w, https:\/\/cozyanddozy.com\/pl\/wp-content\/uploads\/2023\/02\/tipi-pine-green-garden-waterproof-cozydots-600x600.jpg 600w, https:\/\/cozyanddozy.com\/pl\/wp-content\/uploads\/2023\/02\/tipi-pine-green-garden-waterproof-cozydots-100x100.jpg 100w, https:\/\/cozyanddozy.com\/pl\/wp-content\/uploads\/2023\/02\/tipi-pine-green-garden-waterproof-cozydots-1024x1024.jpg 1024w\" sizes=\"(max-width: 400px) 100vw, 400px\" \/> <img decoding=\"async\" class=\"alignnone size-medium wp-image-954\" src=\"https:\/\/cozyanddozy.com\/wp-content\/uploads\/2023\/02\/teeepee-garden-400x400.jpg\" alt=\"\" width=\"400\" height=\"400\" srcset=\"https:\/\/cozyanddozy.com\/pl\/wp-content\/uploads\/2023\/02\/teeepee-garden-400x400.jpg 400w, https:\/\/cozyanddozy.com\/pl\/wp-content\/uploads\/2023\/02\/teeepee-garden.jpg 1200w, https:\/\/cozyanddozy.com\/pl\/wp-content\/uploads\/2023\/02\/teeepee-garden-150x150.jpg 150w, https:\/\/cozyanddozy.com\/pl\/wp-content\/uploads\/2023\/02\/teeepee-garden-768x768.jpg 768w, https:\/\/cozyanddozy.com\/pl\/wp-content\/uploads\/2023\/02\/teeepee-garden-300x300.jpg 300w, https:\/\/cozyanddozy.com\/pl\/wp-content\/uploads\/2023\/02\/teeepee-garden-600x600.jpg 600w, https:\/\/cozyanddozy.com\/pl\/wp-content\/uploads\/2023\/02\/teeepee-garden-100x100.jpg 100w, https:\/\/cozyanddozy.com\/pl\/wp-content\/uploads\/2023\/02\/teeepee-garden-1024x1024.jpg 1024w\" sizes=\"(max-width: 400px) 100vw, 400px\" \/> <img decoding=\"async\" class=\"alignnone size-medium wp-image-943\" src=\"https:\/\/cozyanddozy.com\/wp-content\/uploads\/2023\/02\/teepee-party-garden-waterproof-400x400.jpg\" alt=\"\" width=\"400\" height=\"400\" srcset=\"https:\/\/cozyanddozy.com\/pl\/wp-content\/uploads\/2023\/02\/teepee-party-garden-waterproof-400x400.jpg 400w, https:\/\/cozyanddozy.com\/pl\/wp-content\/uploads\/2023\/02\/teepee-party-garden-waterproof.jpg 1200w, https:\/\/cozyanddozy.com\/pl\/wp-content\/uploads\/2023\/02\/teepee-party-garden-waterproof-150x150.jpg 150w, https:\/\/cozyanddozy.com\/pl\/wp-content\/uploads\/2023\/02\/teepee-party-garden-waterproof-768x768.jpg 768w, https:\/\/cozyanddozy.com\/pl\/wp-content\/uploads\/2023\/02\/teepee-party-garden-waterproof-300x300.jpg 300w, https:\/\/cozyanddozy.com\/pl\/wp-content\/uploads\/2023\/02\/teepee-party-garden-waterproof-600x600.jpg 600w, https:\/\/cozyanddozy.com\/pl\/wp-content\/uploads\/2023\/02\/teepee-party-garden-waterproof-100x100.jpg 100w, https:\/\/cozyanddozy.com\/pl\/wp-content\/uploads\/2023\/02\/teepee-party-garden-waterproof-1024x1024.jpg 1024w\" sizes=\"(max-width: 400px) 100vw, 400px\" \/> <img decoding=\"async\" class=\"alignnone size-medium wp-image-942\" src=\"https:\/\/cozyanddozy.com\/wp-content\/uploads\/2023\/02\/pink-tipi-400x400.jpg\" alt=\"\" width=\"400\" height=\"400\" srcset=\"https:\/\/cozyanddozy.com\/pl\/wp-content\/uploads\/2023\/02\/pink-tipi-400x400.jpg 400w, https:\/\/cozyanddozy.com\/pl\/wp-content\/uploads\/2023\/02\/pink-tipi.jpg 1200w, https:\/\/cozyanddozy.com\/pl\/wp-content\/uploads\/2023\/02\/pink-tipi-150x150.jpg 150w, https:\/\/cozyanddozy.com\/pl\/wp-content\/uploads\/2023\/02\/pink-tipi-768x768.jpg 768w, https:\/\/cozyanddozy.com\/pl\/wp-content\/uploads\/2023\/02\/pink-tipi-300x300.jpg 300w, https:\/\/cozyanddozy.com\/pl\/wp-content\/uploads\/2023\/02\/pink-tipi-600x600.jpg 600w, https:\/\/cozyanddozy.com\/pl\/wp-content\/uploads\/2023\/02\/pink-tipi-100x100.jpg 100w, https:\/\/cozyanddozy.com\/pl\/wp-content\/uploads\/2023\/02\/pink-tipi-1024x1024.jpg 1024w\" sizes=\"(max-width: 400px) 100vw, 400px\" \/> <img decoding=\"async\" class=\"alignnone size-medium wp-image-937\" src=\"https:\/\/cozyanddozy.com\/wp-content\/uploads\/2023\/02\/pink-teepee-cozydots-400x400.jpg\" alt=\"\" width=\"400\" height=\"400\" srcset=\"https:\/\/cozyanddozy.com\/pl\/wp-content\/uploads\/2023\/02\/pink-teepee-cozydots-400x400.jpg 400w, https:\/\/cozyanddozy.com\/pl\/wp-content\/uploads\/2023\/02\/pink-teepee-cozydots.jpg 1200w, https:\/\/cozyanddozy.com\/pl\/wp-content\/uploads\/2023\/02\/pink-teepee-cozydots-150x150.jpg 150w, https:\/\/cozyanddozy.com\/pl\/wp-content\/uploads\/2023\/02\/pink-teepee-cozydots-768x768.jpg 768w, https:\/\/cozyanddozy.com\/pl\/wp-content\/uploads\/2023\/02\/pink-teepee-cozydots-300x300.jpg 300w, https:\/\/cozyanddozy.com\/pl\/wp-content\/uploads\/2023\/02\/pink-teepee-cozydots-600x600.jpg 600w, https:\/\/cozyanddozy.com\/pl\/wp-content\/uploads\/2023\/02\/pink-teepee-cozydots-100x100.jpg 100w, https:\/\/cozyanddozy.com\/pl\/wp-content\/uploads\/2023\/02\/pink-teepee-cozydots-1024x1024.jpg 1024w\" sizes=\"(max-width: 400px) 100vw, 400px\" \/> <img decoding=\"async\" class=\"alignnone size-medium wp-image-975\" src=\"https:\/\/cozyanddozy.com\/wp-content\/uploads\/2023\/02\/garden-blue-tipi-400x400.jpg\" alt=\"\" width=\"400\" height=\"400\" srcset=\"https:\/\/cozyanddozy.com\/pl\/wp-content\/uploads\/2023\/02\/garden-blue-tipi-400x400.jpg 400w, https:\/\/cozyanddozy.com\/pl\/wp-content\/uploads\/2023\/02\/garden-blue-tipi.jpg 1200w, https:\/\/cozyanddozy.com\/pl\/wp-content\/uploads\/2023\/02\/garden-blue-tipi-150x150.jpg 150w, https:\/\/cozyanddozy.com\/pl\/wp-content\/uploads\/2023\/02\/garden-blue-tipi-768x768.jpg 768w, https:\/\/cozyanddozy.com\/pl\/wp-content\/uploads\/2023\/02\/garden-blue-tipi-300x300.jpg 300w, https:\/\/cozyanddozy.com\/pl\/wp-content\/uploads\/2023\/02\/garden-blue-tipi-600x600.jpg 600w, https:\/\/cozyanddozy.com\/pl\/wp-content\/uploads\/2023\/02\/garden-blue-tipi-100x100.jpg 100w, https:\/\/cozyanddozy.com\/pl\/wp-content\/uploads\/2023\/02\/garden-blue-tipi-1024x1024.jpg 1024w\" sizes=\"(max-width: 400px) 100vw, 400px\" \/><\/p>\n<p class=\"p1\">Namiot Tipi od Cozy&amp;Dozy zosta\u0142 stworzony z my\u015bl\u0105 o bezpiecze\u0144stwie i wygodzie Twojego dziecka, zapewniaj\u0105c nie tylko niezapomniane chwile zabawy, ale tak\u017ce spokojny sen i rado\u015b\u0107 z posiadania swojego w\u0142asnego magicznego miejsca.\u00a0 Namiot dost\u0119pny jest r\u00f3wnie\u017c w zestawie z mi\u0119kk\u0105 mat\u0105.\u00a0<b>Zach\u0119camy r\u00f3wnie\u017c do kompletowania z mi\u0119kkimi poduszkami w kszta\u0142cie kwiat\u00f3w, muszelek czy dinozaur\u00f3w.<\/b><\/p>\n<p class=\"p1\">Witaj w \u015bwiecie\u00a0<b>Cozy&amp;Dozy<\/b>\u00a0\u2013 miejscu, gdzie\u00a0<b>tworzymy przytulne oazy z pi\u0119knymi poduszkami i akcesoriami dla Twojego dziecka<\/b>. Nasza marka to wi\u0119cej ni\u017c tylko produkty \u2013 to filozofia \u017cycia, kt\u00f3ra ma na celu tworzenie przedmiot\u00f3w, kt\u00f3re\u00a0<b>stan\u0105 si\u0119 nieod\u0142\u0105czn\u0105 cz\u0119\u015bci\u0105 Waszych dom\u00f3w na lata, przekazywane z pokolenia na pokolenie.<\/b><\/p>\n<p class=\"p1\">Nasze produkty s\u0105 nie tylko pi\u0119knie zaprojektowane, ale r\u00f3wnie\u017c\u00a0<b>wykonane z najwy\u017csz\u0105 staranno\u015bci\u0105 przez nasze kochane krawcowe, kt\u00f3re z nami juz od 8 lat<\/b>\u00a0i dba\u0142o\u015bci\u0105 o detale. Ka\u017cdy element naszej kolekcji jest starannie wyselekcjonowany, aby zapewni\u0107 zar\u00f3wno estetyk\u0119, jak i funkcjonalno\u015b\u0107.<\/p>\n<p class=\"p1\">Nasze\u00a0<b>produkty s\u0105 \u0142atwe w utrzymaniu czysto\u015bci, co sprawia, \u017ce codzienne \u017cycie staje si\u0119 prostsze i przyjemniejsze<\/b>. Wierzymy, \u017ce nawet najmniejsze detale mog\u0105 wp\u0142yn\u0105\u0107 na komfort i harmoni\u0119 w domu.<\/p>\n<p class=\"p1\">Cozy&amp;Dozy to nie tylko marka, to spo\u0142eczno\u015b\u0107 ludzi, kt\u00f3rzy kochaj\u0105 i ceni\u0105 swoj\u0105 prac\u0119. Ka\u017cdy nasz produkt jest owocem pasji, zaanga\u017cowania i profesjonalizmu naszego zespo\u0142u.<\/p>\n<p class=\"p1\"><b>Dzi\u0119kujemy, \u017ce wybra\u0142e\u015b nasz\u0105 mark\u0119 i dajemy Ci s\u0142owo, \u017ce b\u0119dziemy nadal d\u0105\u017cy\u0107 do tego, aby spe\u0142nia\u0107 Twoje oczekiwania i dostarcza\u0107 Ci produkty, kt\u00f3re wnios\u0105 do Twojego \u017cycia wi\u0119cej rado\u015bci i komfortu.<\/b><\/p>\n<p class=\"p1\"><b>Wszystkie artyku\u0142y Cozy &amp; Dozy s\u0105 projektowane i szyte w Polsce.<\/b><\/p>\n","protected":false},"excerpt":{"rendered":"<p>The <strong>Tipi Play Tent, perfect for the garden or terrace<\/strong>, is not only a <strong>place to play<\/strong>, but also a<strong> safe space where your child will have fun and create amazing adventures<\/strong>.<\/p>\n","protected":false},"featured_media":0,"comment_status":"open","ping_status":"closed","template":"","meta":[],"product_brand":[],"product_cat":[16],"product_tag":[],"class_list":{"0":"post-3105","1":"product","2":"type-product","3":"status-publish","5":"product_cat-namioty-tipi","7":"first","8":"instock","9":"sale","10":"shipping-taxable","11":"product-type-simple"},"yoast_head":"<!-- This site is optimized with the Yoast SEO Premium plugin v21.9 (Yoast SEO v27.0) - https:\/\/yoast.com\/product\/yoast-seo-premium-wordpress\/ -->\n<title>Namiot tipi do ogrodu, woodoodporne tipi Sunny Yellow - Cozy &amp; Dozy<\/title>\n<meta name=\"description\" content=\"The Tipi Play Tent, perfect for the garden or terrace, is not only a place to play, but also a safe space where your child will have fun and create amazing adventures.\" \/>\n<meta name=\"robots\" content=\"index, follow, max-snippet:-1, max-image-preview:large, max-video-preview:-1\" \/>\n<link rel=\"canonical\" href=\"https:\/\/cozyanddozy.com\/pl\/produkt\/namiot-tipi-do-ogrodu-woodoodporne-tipi-sunny-yellow\/\" \/>\n<meta property=\"og:locale\" content=\"pl_PL\" \/>\n<meta property=\"og:type\" content=\"article\" \/>\n<meta property=\"og:title\" content=\"Namiot tipi do ogrodu, woodoodporne tipi Sunny Yellow\" \/>\n<meta property=\"og:description\" content=\"The Tipi Play Tent, perfect for the garden or terrace, is not only a place to play, but also a safe space where your child will have fun and create amazing adventures.\" \/>\n<meta property=\"og:url\" content=\"https:\/\/cozyanddozy.com\/pl\/produkt\/namiot-tipi-do-ogrodu-woodoodporne-tipi-sunny-yellow\/\" \/>\n<meta property=\"og:site_name\" content=\"Cozy &amp; Dozy\" \/>\n<meta property=\"article:modified_time\" content=\"2025-04-21T15:20:06+00:00\" \/>\n<meta property=\"og:image\" content=\"https:\/\/cozyanddozy.com\/wp-content\/uploads\/2024\/05\/image00078-400x400.jpeg\" \/>\n<meta name=\"twitter:card\" content=\"summary_large_image\" \/>\n<meta name=\"twitter:label1\" content=\"Cena\" \/>\n\t<meta name=\"twitter:data1\" content=\"389,00&nbsp;&#122;&#322;\" \/>\n\t<meta name=\"twitter:label2\" content=\"Dost\u0119pno\u015b\u0107\" \/>\n\t<meta name=\"twitter:data2\" content=\"Dost\u0119pny\" \/>\n<script type=\"application\/ld+json\" class=\"yoast-schema-graph\">{\"@context\":\"https:\/\/schema.org\",\"@graph\":[{\"@type\":\"WebPage\",\"@id\":\"https:\/\/cozyanddozy.com\/pl\/produkt\/namiot-tipi-do-ogrodu-woodoodporne-tipi-sunny-yellow\/\",\"url\":\"https:\/\/cozyanddozy.com\/pl\/produkt\/namiot-tipi-do-ogrodu-woodoodporne-tipi-sunny-yellow\/\",\"name\":\"Namiot tipi do ogrodu, woodoodporne tipi Sunny Yellow - Cozy & Dozy\",\"isPartOf\":{\"@id\":\"https:\/\/cozyanddozy.com\/pl\/#website\"},\"primaryImageOfPage\":{\"@id\":\"https:\/\/cozyanddozy.com\/pl\/produkt\/namiot-tipi-do-ogrodu-woodoodporne-tipi-sunny-yellow\/#primaryimage\"},\"image\":{\"@id\":\"https:\/\/cozyanddozy.com\/pl\/produkt\/namiot-tipi-do-ogrodu-woodoodporne-tipi-sunny-yellow\/#primaryimage\"},\"thumbnailUrl\":\"https:\/\/cozyanddozy.com\/wp-content\/uploads\/2024\/05\/image00078-400x400.jpeg\",\"datePublished\":\"2025-04-21T14:41:57+00:00\",\"dateModified\":\"2025-04-21T15:20:06+00:00\",\"description\":\"The Tipi Play Tent, perfect for the garden or terrace, is not only a place to play, but also a safe space where your child will have fun and create amazing adventures.\",\"breadcrumb\":{\"@id\":\"https:\/\/cozyanddozy.com\/pl\/produkt\/namiot-tipi-do-ogrodu-woodoodporne-tipi-sunny-yellow\/#breadcrumb\"},\"inLanguage\":\"pl-PL\",\"potentialAction\":[{\"@type\":\"ReadAction\",\"target\":[\"https:\/\/cozyanddozy.com\/pl\/produkt\/namiot-tipi-do-ogrodu-woodoodporne-tipi-sunny-yellow\/\"]}]},{\"@type\":\"ImageObject\",\"inLanguage\":\"pl-PL\",\"@id\":\"https:\/\/cozyanddozy.com\/pl\/produkt\/namiot-tipi-do-ogrodu-woodoodporne-tipi-sunny-yellow\/#primaryimage\",\"url\":\"https:\/\/cozyanddozy.com\/wp-content\/uploads\/2024\/05\/image00078-400x400.jpeg\",\"contentUrl\":\"https:\/\/cozyanddozy.com\/wp-content\/uploads\/2024\/05\/image00078-400x400.jpeg\"},{\"@type\":\"BreadcrumbList\",\"@id\":\"https:\/\/cozyanddozy.com\/pl\/produkt\/namiot-tipi-do-ogrodu-woodoodporne-tipi-sunny-yellow\/#breadcrumb\",\"itemListElement\":[{\"@type\":\"ListItem\",\"position\":1,\"name\":\"Home\",\"item\":\"https:\/\/cozyanddozy.com\/pl\/\"},{\"@type\":\"ListItem\",\"position\":2,\"name\":\"Sklep\",\"item\":\"https:\/\/cozyanddozy.com\/pl\/sklep\/\"},{\"@type\":\"ListItem\",\"position\":3,\"name\":\"Namiot tipi do ogrodu, woodoodporne tipi Sunny Yellow\"}]},{\"@type\":\"WebSite\",\"@id\":\"https:\/\/cozyanddozy.com\/pl\/#website\",\"url\":\"https:\/\/cozyanddozy.com\/pl\/\",\"name\":\"Cozy & Dozy\",\"description\":\"\",\"potentialAction\":[{\"@type\":\"SearchAction\",\"target\":{\"@type\":\"EntryPoint\",\"urlTemplate\":\"https:\/\/cozyanddozy.com\/pl\/?s={search_term_string}\"},\"query-input\":{\"@type\":\"PropertyValueSpecification\",\"valueRequired\":true,\"valueName\":\"search_term_string\"}}],\"inLanguage\":\"pl-PL\"}]}<\/script>\n<meta property=\"product:price:amount\" content=\"389.00\" \/>\n<meta property=\"product:price:currency\" content=\"PLN\" \/>\n<meta property=\"og:availability\" content=\"instock\" \/>\n<meta property=\"product:availability\" content=\"instock\" \/>\n<meta property=\"product:retailer_item_id\" content=\"5902701498375\" \/>\n<meta property=\"product:condition\" content=\"new\" \/>\n<!-- \/ Yoast SEO Premium plugin. -->","yoast_head_json":{"title":"Namiot tipi do ogrodu, woodoodporne tipi Sunny Yellow - Cozy & Dozy","description":"The Tipi Play Tent, perfect for the garden or terrace, is not only a place to play, but also a safe space where your child will have fun and create amazing adventures.","robots":{"index":"index","follow":"follow","max-snippet":"max-snippet:-1","max-image-preview":"max-image-preview:large","max-video-preview":"max-video-preview:-1"},"canonical":"https:\/\/cozyanddozy.com\/pl\/produkt\/namiot-tipi-do-ogrodu-woodoodporne-tipi-sunny-yellow\/","og_locale":"pl_PL","og_type":"article","og_title":"Namiot tipi do ogrodu, woodoodporne tipi Sunny Yellow","og_description":"The Tipi Play Tent, perfect for the garden or terrace, is not only a place to play, but also a safe space where your child will have fun and create amazing adventures.","og_url":"https:\/\/cozyanddozy.com\/pl\/produkt\/namiot-tipi-do-ogrodu-woodoodporne-tipi-sunny-yellow\/","og_site_name":"Cozy &amp; Dozy","article_modified_time":"2025-04-21T15:20:06+00:00","og_image":[{"url":"https:\/\/cozyanddozy.com\/wp-content\/uploads\/2024\/05\/image00078-400x400.jpeg","type":"","width":"","height":""}],"twitter_card":"summary_large_image","twitter_misc":{"Cena":"389,00&nbsp;&#122;&#322;","Dost\u0119pno\u015b\u0107":"Dost\u0119pny"},"schema":{"@context":"https:\/\/schema.org","@graph":[{"@type":"WebPage","@id":"https:\/\/cozyanddozy.com\/pl\/produkt\/namiot-tipi-do-ogrodu-woodoodporne-tipi-sunny-yellow\/","url":"https:\/\/cozyanddozy.com\/pl\/produkt\/namiot-tipi-do-ogrodu-woodoodporne-tipi-sunny-yellow\/","name":"Namiot tipi do ogrodu, woodoodporne tipi Sunny Yellow - Cozy & Dozy","isPartOf":{"@id":"https:\/\/cozyanddozy.com\/pl\/#website"},"primaryImageOfPage":{"@id":"https:\/\/cozyanddozy.com\/pl\/produkt\/namiot-tipi-do-ogrodu-woodoodporne-tipi-sunny-yellow\/#primaryimage"},"image":{"@id":"https:\/\/cozyanddozy.com\/pl\/produkt\/namiot-tipi-do-ogrodu-woodoodporne-tipi-sunny-yellow\/#primaryimage"},"thumbnailUrl":"https:\/\/cozyanddozy.com\/wp-content\/uploads\/2024\/05\/image00078-400x400.jpeg","datePublished":"2025-04-21T14:41:57+00:00","dateModified":"2025-04-21T15:20:06+00:00","description":"The Tipi Play Tent, perfect for the garden or terrace, is not only a place to play, but also a safe space where your child will have fun and create amazing adventures.","breadcrumb":{"@id":"https:\/\/cozyanddozy.com\/pl\/produkt\/namiot-tipi-do-ogrodu-woodoodporne-tipi-sunny-yellow\/#breadcrumb"},"inLanguage":"pl-PL","potentialAction":[{"@type":"ReadAction","target":["https:\/\/cozyanddozy.com\/pl\/produkt\/namiot-tipi-do-ogrodu-woodoodporne-tipi-sunny-yellow\/"]}]},{"@type":"ImageObject","inLanguage":"pl-PL","@id":"https:\/\/cozyanddozy.com\/pl\/produkt\/namiot-tipi-do-ogrodu-woodoodporne-tipi-sunny-yellow\/#primaryimage","url":"https:\/\/cozyanddozy.com\/wp-content\/uploads\/2024\/05\/image00078-400x400.jpeg","contentUrl":"https:\/\/cozyanddozy.com\/wp-content\/uploads\/2024\/05\/image00078-400x400.jpeg"},{"@type":"BreadcrumbList","@id":"https:\/\/cozyanddozy.com\/pl\/produkt\/namiot-tipi-do-ogrodu-woodoodporne-tipi-sunny-yellow\/#breadcrumb","itemListElement":[{"@type":"ListItem","position":1,"name":"Home","item":"https:\/\/cozyanddozy.com\/pl\/"},{"@type":"ListItem","position":2,"name":"Sklep","item":"https:\/\/cozyanddozy.com\/pl\/sklep\/"},{"@type":"ListItem","position":3,"name":"Namiot tipi do ogrodu, woodoodporne tipi Sunny Yellow"}]},{"@type":"WebSite","@id":"https:\/\/cozyanddozy.com\/pl\/#website","url":"https:\/\/cozyanddozy.com\/pl\/","name":"Cozy & Dozy","description":"","potentialAction":[{"@type":"SearchAction","target":{"@type":"EntryPoint","urlTemplate":"https:\/\/cozyanddozy.com\/pl\/?s={search_term_string}"},"query-input":{"@type":"PropertyValueSpecification","valueRequired":true,"valueName":"search_term_string"}}],"inLanguage":"pl-PL"}]},"product_price_amount":"389.00","product_price_currency":"PLN","og_availability":"instock","product_availability":"instock","product_retailer_item_id":"5902701498375","product_condition":"new"},"_links":{"self":[{"href":"https:\/\/cozyanddozy.com\/pl\/wp-json\/wp\/v2\/product\/3105","targetHints":{"allow":["GET"]}}],"collection":[{"href":"https:\/\/cozyanddozy.com\/pl\/wp-json\/wp\/v2\/product"}],"about":[{"href":"https:\/\/cozyanddozy.com\/pl\/wp-json\/wp\/v2\/types\/product"}],"replies":[{"embeddable":true,"href":"https:\/\/cozyanddozy.com\/pl\/wp-json\/wp\/v2\/comments?post=3105"}],"wp:attachment":[{"href":"https:\/\/cozyanddozy.com\/pl\/wp-json\/wp\/v2\/media?parent=3105"}],"wp:term":[{"taxonomy":"product_brand","embeddable":true,"href":"https:\/\/cozyanddozy.com\/pl\/wp-json\/wp\/v2\/product_brand?post=3105"},{"taxonomy":"product_cat","embeddable":true,"href":"https:\/\/cozyanddozy.com\/pl\/wp-json\/wp\/v2\/product_cat?post=3105"},{"taxonomy":"product_tag","embeddable":true,"href":"https:\/\/cozyanddozy.com\/pl\/wp-json\/wp\/v2\/product_tag?post=3105"}],"curies":[{"name":"wp","href":"https:\/\/api.w.org\/{rel}","templated":true}]}}