{"id":2997,"date":"2025-02-14T18:21:49","date_gmt":"2025-02-14T18:21:49","guid":{"rendered":"https:\/\/cozyanddozy.com\/?post_type=product&#038;p=3439"},"modified":"2025-09-29T16:18:45","modified_gmt":"2025-09-29T14:18:45","slug":"pufa-macaron-jasny-braz-poduszka-ciasteczko-z-weluru-60x35-cm-mocca-mousse","status":"publish","type":"product","link":"https:\/\/cozyanddozy.com\/pl\/produkt\/pufa-macaron-jasny-braz-poduszka-ciasteczko-z-weluru-60x35-cm-mocca-mousse\/","title":{"rendered":"Pufa Macaron jasny br\u0105z, Poduszka Ciasteczko z Weluru 60\u00d735 cm Mocca Mousse"},"content":{"rendered":"<p class=\"p1\"><b>Poduszka Macaron do pokoju dziecka, jasnobr\u0105zowa pufa w kszta\u0142cie ciasteczka<\/b><\/p>\n<p class=\"p1\">Poduszka do siedzenia w kszta\u0142cie francuskiego ciasteczka Macaron to wyj\u0105tkowa i stylowa\u00a0<b>dekoracja do pokoju dziecka<\/b>. Doskonale sprawdzi si\u0119 jako\u00a0<b>pufa do pokoju dziewczynki<\/b>\u00a0i\u00a0<b>siedzisko do pokoju ch\u0142opca<\/b>, dodaj\u0105c wn\u0119trzu uroku i funkcjonalno\u015bci.\u00a0<b>Pufa Macaron<\/b>\u00a0zosta\u0142a wykonana z wysokiej jako\u015bci,\u00a0<b>mi\u0119kkiego velvetu<\/b>, kt\u00f3ry jest przyjemny w dotyku i bezpieczny dla dzieci. Dzi\u0119ki\u00a0<b>antyalergicznemu wype\u0142nieniu<\/b>\u00a0zapewnia komfort i wygod\u0119, a zamek b\u0142yskawiczny u\u0142atwia zdejmowanie pokrowca i pranie w pralce.<\/p>\n<p class=\"p1\">To nie tylko\u00a0<b>poduszka pod\u0142ogowa do pokoju dziecka<\/b>, ale tak\u017ce elegancki dodatek do ka\u017cdego wn\u0119trza.\u00a0<b>Pufa Macaron<\/b>\u00a0sprawdzi si\u0119 jako\u00a0<b>siedzisko dla dziecka<\/b>\u00a0w k\u0105ciku zabaw, pokoju dzieci\u0119cym czy nawet w salonie. \u015awietnie komponuje si\u0119 z innymi tekstyliami, podkre\u015blaj\u0105c styl nowoczesnego\u00a0<b>dzieci\u0119cego wn\u0119trza<\/b>.<\/p>\n<p class=\"p1\">Produkt zosta\u0142\u00a0<b>zaprojektowany i wykonany w naszej pracowni Cozy&amp;Dozy<\/b>, co gwarantuje najwy\u017csz\u0105 jako\u015b\u0107 i dba\u0142o\u015b\u0107 o detale. Idealny wyb\u00f3r dla rodzic\u00f3w, kt\u00f3rzy chc\u0105 stworzy\u0107 pi\u0119kn\u0105 i komfortow\u0105 przestrze\u0144 dla swojego dziecka.<\/p>\n<p class=\"p1\">Zam\u00f3w ju\u017c dzi\u015b i udekoruj pok\u00f3j swojego dziecka unikalnym akcentem!<\/p>\n","protected":false},"excerpt":{"rendered":"<p>Poduszka do siedzenia w kszta\u0142cie francuskiego ciasteczka Macaron to wyj\u0105tkowa i stylowa\u00a0<b>dekoracja do pokoju dziecka<\/b>. Doskonale sprawdzi si\u0119 jako\u00a0<b>pufa do pokoju dziewczynki<\/b>\u00a0i\u00a0<b>siedzisko do pokoju ch\u0142opca<\/b>, dodaj\u0105c wn\u0119trzu uroku i funkcjonalno\u015bci.<\/p>\n","protected":false},"featured_media":2210,"comment_status":"open","ping_status":"closed","template":"","meta":[],"product_brand":[],"product_cat":[17],"product_tag":[],"class_list":{"0":"post-2997","1":"product","2":"type-product","3":"status-publish","4":"has-post-thumbnail","6":"product_cat-poduszki-i-pufy","8":"first","9":"instock","10":"sale","11":"shipping-taxable","12":"product-type-simple"},"yoast_head":"<!-- This site is optimized with the Yoast SEO Premium plugin v21.9 (Yoast SEO v27.0) - https:\/\/yoast.com\/product\/yoast-seo-premium-wordpress\/ -->\n<title>Pufa Macaron jasny br\u0105z, Poduszka Ciasteczko z Weluru 60\u00d735 cm Mocca Mousse - Cozy &amp; Dozy<\/title>\n<meta name=\"description\" content=\"Poduszka do siedzenia w kszta\u0142cie francuskiego ciasteczka Macaron to wyj\u0105tkowa i stylowa\u00a0dekoracja do pokoju dziecka. Doskonale sprawdzi si\u0119 jako\u00a0pufa do pokoju dziewczynki\u00a0i\u00a0siedzisko do pokoju ch\u0142opca, dodaj\u0105c wn\u0119trzu uroku i funkcjonalno\u015bci.\u00a0\" \/>\n<meta name=\"robots\" content=\"index, follow, max-snippet:-1, max-image-preview:large, max-video-preview:-1\" \/>\n<link rel=\"canonical\" href=\"https:\/\/cozyanddozy.com\/pl\/produkt\/pufa-macaron-jasny-braz-poduszka-ciasteczko-z-weluru-60x35-cm-mocca-mousse\/\" \/>\n<meta property=\"og:locale\" content=\"pl_PL\" \/>\n<meta property=\"og:type\" content=\"article\" \/>\n<meta property=\"og:title\" content=\"Pufa Macaron jasny br\u0105z, Poduszka Ciasteczko z Weluru 60\u00d735 cm Mocca Mousse\" \/>\n<meta property=\"og:description\" content=\"Poduszka do siedzenia w kszta\u0142cie francuskiego ciasteczka Macaron to wyj\u0105tkowa i stylowa\u00a0dekoracja do pokoju dziecka. Doskonale sprawdzi si\u0119 jako\u00a0pufa do pokoju dziewczynki\u00a0i\u00a0siedzisko do pokoju ch\u0142opca, dodaj\u0105c wn\u0119trzu uroku i funkcjonalno\u015bci.\u00a0\" \/>\n<meta property=\"og:url\" content=\"https:\/\/cozyanddozy.com\/pl\/produkt\/pufa-macaron-jasny-braz-poduszka-ciasteczko-z-weluru-60x35-cm-mocca-mousse\/\" \/>\n<meta property=\"og:site_name\" content=\"Cozy &amp; Dozy\" \/>\n<meta property=\"article:modified_time\" content=\"2025-09-29T14:18:45+00:00\" \/>\n<meta property=\"og:image\" content=\"https:\/\/cozyanddozy.com\/pl\/wp-content\/uploads\/2024\/03\/macaron-pufka-scaled.jpg\" \/>\n\t<meta property=\"og:image:width\" content=\"2560\" \/>\n\t<meta property=\"og:image:height\" content=\"2560\" \/>\n\t<meta property=\"og:image:type\" content=\"image\/jpeg\" \/>\n<meta name=\"twitter:card\" content=\"summary_large_image\" \/>\n<meta name=\"twitter:label1\" content=\"Cena\" \/>\n\t<meta name=\"twitter:data1\" content=\"249,00&nbsp;&#122;&#322;\" \/>\n\t<meta name=\"twitter:label2\" content=\"Dost\u0119pno\u015b\u0107\" \/>\n\t<meta name=\"twitter:data2\" content=\"Dost\u0119pny\" \/>\n<script type=\"application\/ld+json\" class=\"yoast-schema-graph\">{\"@context\":\"https:\/\/schema.org\",\"@graph\":[{\"@type\":\"WebPage\",\"@id\":\"https:\/\/cozyanddozy.com\/pl\/produkt\/pufa-macaron-jasny-braz-poduszka-ciasteczko-z-weluru-60x35-cm-mocca-mousse\/\",\"url\":\"https:\/\/cozyanddozy.com\/pl\/produkt\/pufa-macaron-jasny-braz-poduszka-ciasteczko-z-weluru-60x35-cm-mocca-mousse\/\",\"name\":\"Pufa Macaron jasny br\u0105z, Poduszka Ciasteczko z Weluru 60\u00d735 cm Mocca Mousse - Cozy & Dozy\",\"isPartOf\":{\"@id\":\"https:\/\/cozyanddozy.com\/pl\/#website\"},\"primaryImageOfPage\":{\"@id\":\"https:\/\/cozyanddozy.com\/pl\/produkt\/pufa-macaron-jasny-braz-poduszka-ciasteczko-z-weluru-60x35-cm-mocca-mousse\/#primaryimage\"},\"image\":{\"@id\":\"https:\/\/cozyanddozy.com\/pl\/produkt\/pufa-macaron-jasny-braz-poduszka-ciasteczko-z-weluru-60x35-cm-mocca-mousse\/#primaryimage\"},\"thumbnailUrl\":\"https:\/\/cozyanddozy.com\/pl\/wp-content\/uploads\/2024\/03\/macaron-pufka-scaled.jpg\",\"datePublished\":\"2025-02-14T18:21:49+00:00\",\"dateModified\":\"2025-09-29T14:18:45+00:00\",\"description\":\"Poduszka do siedzenia w kszta\u0142cie francuskiego ciasteczka Macaron to wyj\u0105tkowa i stylowa\u00a0dekoracja do pokoju dziecka. Doskonale sprawdzi si\u0119 jako\u00a0pufa do pokoju dziewczynki\u00a0i\u00a0siedzisko do pokoju ch\u0142opca, dodaj\u0105c wn\u0119trzu uroku i funkcjonalno\u015bci.\u00a0\",\"breadcrumb\":{\"@id\":\"https:\/\/cozyanddozy.com\/pl\/produkt\/pufa-macaron-jasny-braz-poduszka-ciasteczko-z-weluru-60x35-cm-mocca-mousse\/#breadcrumb\"},\"inLanguage\":\"pl-PL\",\"potentialAction\":[{\"@type\":\"ReadAction\",\"target\":[\"https:\/\/cozyanddozy.com\/pl\/produkt\/pufa-macaron-jasny-braz-poduszka-ciasteczko-z-weluru-60x35-cm-mocca-mousse\/\"]}]},{\"@type\":\"ImageObject\",\"inLanguage\":\"pl-PL\",\"@id\":\"https:\/\/cozyanddozy.com\/pl\/produkt\/pufa-macaron-jasny-braz-poduszka-ciasteczko-z-weluru-60x35-cm-mocca-mousse\/#primaryimage\",\"url\":\"https:\/\/cozyanddozy.com\/pl\/wp-content\/uploads\/2024\/03\/macaron-pufka-scaled.jpg\",\"contentUrl\":\"https:\/\/cozyanddozy.com\/pl\/wp-content\/uploads\/2024\/03\/macaron-pufka-scaled.jpg\",\"width\":2560,\"height\":2560},{\"@type\":\"BreadcrumbList\",\"@id\":\"https:\/\/cozyanddozy.com\/pl\/produkt\/pufa-macaron-jasny-braz-poduszka-ciasteczko-z-weluru-60x35-cm-mocca-mousse\/#breadcrumb\",\"itemListElement\":[{\"@type\":\"ListItem\",\"position\":1,\"name\":\"Home\",\"item\":\"https:\/\/cozyanddozy.com\/pl\/\"},{\"@type\":\"ListItem\",\"position\":2,\"name\":\"Sklep\",\"item\":\"https:\/\/cozyanddozy.com\/pl\/sklep\/\"},{\"@type\":\"ListItem\",\"position\":3,\"name\":\"Pufa Macaron jasny br\u0105z, Poduszka Ciasteczko z Weluru 60\u00d735 cm Mocca Mousse\"}]},{\"@type\":\"WebSite\",\"@id\":\"https:\/\/cozyanddozy.com\/pl\/#website\",\"url\":\"https:\/\/cozyanddozy.com\/pl\/\",\"name\":\"Cozy & Dozy\",\"description\":\"\",\"potentialAction\":[{\"@type\":\"SearchAction\",\"target\":{\"@type\":\"EntryPoint\",\"urlTemplate\":\"https:\/\/cozyanddozy.com\/pl\/?s={search_term_string}\"},\"query-input\":{\"@type\":\"PropertyValueSpecification\",\"valueRequired\":true,\"valueName\":\"search_term_string\"}}],\"inLanguage\":\"pl-PL\"}]}<\/script>\n<meta property=\"product:price:amount\" content=\"249.00\" \/>\n<meta property=\"product:price:currency\" content=\"PLN\" \/>\n<meta property=\"og:availability\" content=\"instock\" \/>\n<meta property=\"product:availability\" content=\"instock\" \/>\n<meta property=\"product:retailer_item_id\" content=\"5902701498153\" \/>\n<meta property=\"product:condition\" content=\"new\" \/>\n<!-- \/ Yoast SEO Premium plugin. -->","yoast_head_json":{"title":"Pufa Macaron jasny br\u0105z, Poduszka Ciasteczko z Weluru 60\u00d735 cm Mocca Mousse - Cozy & Dozy","description":"Poduszka do siedzenia w kszta\u0142cie francuskiego ciasteczka Macaron to wyj\u0105tkowa i stylowa\u00a0dekoracja do pokoju dziecka. Doskonale sprawdzi si\u0119 jako\u00a0pufa do pokoju dziewczynki\u00a0i\u00a0siedzisko do pokoju ch\u0142opca, dodaj\u0105c wn\u0119trzu uroku i funkcjonalno\u015bci.\u00a0","robots":{"index":"index","follow":"follow","max-snippet":"max-snippet:-1","max-image-preview":"max-image-preview:large","max-video-preview":"max-video-preview:-1"},"canonical":"https:\/\/cozyanddozy.com\/pl\/produkt\/pufa-macaron-jasny-braz-poduszka-ciasteczko-z-weluru-60x35-cm-mocca-mousse\/","og_locale":"pl_PL","og_type":"article","og_title":"Pufa Macaron jasny br\u0105z, Poduszka Ciasteczko z Weluru 60\u00d735 cm Mocca Mousse","og_description":"Poduszka do siedzenia w kszta\u0142cie francuskiego ciasteczka Macaron to wyj\u0105tkowa i stylowa\u00a0dekoracja do pokoju dziecka. Doskonale sprawdzi si\u0119 jako\u00a0pufa do pokoju dziewczynki\u00a0i\u00a0siedzisko do pokoju ch\u0142opca, dodaj\u0105c wn\u0119trzu uroku i funkcjonalno\u015bci.\u00a0","og_url":"https:\/\/cozyanddozy.com\/pl\/produkt\/pufa-macaron-jasny-braz-poduszka-ciasteczko-z-weluru-60x35-cm-mocca-mousse\/","og_site_name":"Cozy &amp; Dozy","article_modified_time":"2025-09-29T14:18:45+00:00","og_image":[{"width":2560,"height":2560,"url":"https:\/\/cozyanddozy.com\/pl\/wp-content\/uploads\/2024\/03\/macaron-pufka-scaled.jpg","type":"image\/jpeg"}],"twitter_card":"summary_large_image","twitter_misc":{"Cena":"249,00&nbsp;&#122;&#322;","Dost\u0119pno\u015b\u0107":"Dost\u0119pny"},"schema":{"@context":"https:\/\/schema.org","@graph":[{"@type":"WebPage","@id":"https:\/\/cozyanddozy.com\/pl\/produkt\/pufa-macaron-jasny-braz-poduszka-ciasteczko-z-weluru-60x35-cm-mocca-mousse\/","url":"https:\/\/cozyanddozy.com\/pl\/produkt\/pufa-macaron-jasny-braz-poduszka-ciasteczko-z-weluru-60x35-cm-mocca-mousse\/","name":"Pufa Macaron jasny br\u0105z, Poduszka Ciasteczko z Weluru 60\u00d735 cm Mocca Mousse - Cozy & Dozy","isPartOf":{"@id":"https:\/\/cozyanddozy.com\/pl\/#website"},"primaryImageOfPage":{"@id":"https:\/\/cozyanddozy.com\/pl\/produkt\/pufa-macaron-jasny-braz-poduszka-ciasteczko-z-weluru-60x35-cm-mocca-mousse\/#primaryimage"},"image":{"@id":"https:\/\/cozyanddozy.com\/pl\/produkt\/pufa-macaron-jasny-braz-poduszka-ciasteczko-z-weluru-60x35-cm-mocca-mousse\/#primaryimage"},"thumbnailUrl":"https:\/\/cozyanddozy.com\/pl\/wp-content\/uploads\/2024\/03\/macaron-pufka-scaled.jpg","datePublished":"2025-02-14T18:21:49+00:00","dateModified":"2025-09-29T14:18:45+00:00","description":"Poduszka do siedzenia w kszta\u0142cie francuskiego ciasteczka Macaron to wyj\u0105tkowa i stylowa\u00a0dekoracja do pokoju dziecka. Doskonale sprawdzi si\u0119 jako\u00a0pufa do pokoju dziewczynki\u00a0i\u00a0siedzisko do pokoju ch\u0142opca, dodaj\u0105c wn\u0119trzu uroku i funkcjonalno\u015bci.\u00a0","breadcrumb":{"@id":"https:\/\/cozyanddozy.com\/pl\/produkt\/pufa-macaron-jasny-braz-poduszka-ciasteczko-z-weluru-60x35-cm-mocca-mousse\/#breadcrumb"},"inLanguage":"pl-PL","potentialAction":[{"@type":"ReadAction","target":["https:\/\/cozyanddozy.com\/pl\/produkt\/pufa-macaron-jasny-braz-poduszka-ciasteczko-z-weluru-60x35-cm-mocca-mousse\/"]}]},{"@type":"ImageObject","inLanguage":"pl-PL","@id":"https:\/\/cozyanddozy.com\/pl\/produkt\/pufa-macaron-jasny-braz-poduszka-ciasteczko-z-weluru-60x35-cm-mocca-mousse\/#primaryimage","url":"https:\/\/cozyanddozy.com\/pl\/wp-content\/uploads\/2024\/03\/macaron-pufka-scaled.jpg","contentUrl":"https:\/\/cozyanddozy.com\/pl\/wp-content\/uploads\/2024\/03\/macaron-pufka-scaled.jpg","width":2560,"height":2560},{"@type":"BreadcrumbList","@id":"https:\/\/cozyanddozy.com\/pl\/produkt\/pufa-macaron-jasny-braz-poduszka-ciasteczko-z-weluru-60x35-cm-mocca-mousse\/#breadcrumb","itemListElement":[{"@type":"ListItem","position":1,"name":"Home","item":"https:\/\/cozyanddozy.com\/pl\/"},{"@type":"ListItem","position":2,"name":"Sklep","item":"https:\/\/cozyanddozy.com\/pl\/sklep\/"},{"@type":"ListItem","position":3,"name":"Pufa Macaron jasny br\u0105z, Poduszka Ciasteczko z Weluru 60\u00d735 cm Mocca Mousse"}]},{"@type":"WebSite","@id":"https:\/\/cozyanddozy.com\/pl\/#website","url":"https:\/\/cozyanddozy.com\/pl\/","name":"Cozy & Dozy","description":"","potentialAction":[{"@type":"SearchAction","target":{"@type":"EntryPoint","urlTemplate":"https:\/\/cozyanddozy.com\/pl\/?s={search_term_string}"},"query-input":{"@type":"PropertyValueSpecification","valueRequired":true,"valueName":"search_term_string"}}],"inLanguage":"pl-PL"}]},"product_price_amount":"249.00","product_price_currency":"PLN","og_availability":"instock","product_availability":"instock","product_retailer_item_id":"5902701498153","product_condition":"new"},"_links":{"self":[{"href":"https:\/\/cozyanddozy.com\/pl\/wp-json\/wp\/v2\/product\/2997","targetHints":{"allow":["GET"]}}],"collection":[{"href":"https:\/\/cozyanddozy.com\/pl\/wp-json\/wp\/v2\/product"}],"about":[{"href":"https:\/\/cozyanddozy.com\/pl\/wp-json\/wp\/v2\/types\/product"}],"replies":[{"embeddable":true,"href":"https:\/\/cozyanddozy.com\/pl\/wp-json\/wp\/v2\/comments?post=2997"}],"wp:featuredmedia":[{"embeddable":true,"href":"https:\/\/cozyanddozy.com\/pl\/wp-json\/wp\/v2\/media\/2210"}],"wp:attachment":[{"href":"https:\/\/cozyanddozy.com\/pl\/wp-json\/wp\/v2\/media?parent=2997"}],"wp:term":[{"taxonomy":"product_brand","embeddable":true,"href":"https:\/\/cozyanddozy.com\/pl\/wp-json\/wp\/v2\/product_brand?post=2997"},{"taxonomy":"product_cat","embeddable":true,"href":"https:\/\/cozyanddozy.com\/pl\/wp-json\/wp\/v2\/product_cat?post=2997"},{"taxonomy":"product_tag","embeddable":true,"href":"https:\/\/cozyanddozy.com\/pl\/wp-json\/wp\/v2\/product_tag?post=2997"}],"curies":[{"name":"wp","href":"https:\/\/api.w.org\/{rel}","templated":true}]}}