{"id":2993,"date":"2025-02-13T21:59:05","date_gmt":"2025-02-13T21:59:05","guid":{"rendered":"https:\/\/cozyanddozy.com\/?post_type=product&#038;p=3430"},"modified":"2025-02-14T19:20:01","modified_gmt":"2025-02-14T18:20:01","slug":"patchworkowa-pufa-brownsage-70x10-cm","status":"publish","type":"product","link":"https:\/\/cozyanddozy.com\/pl\/produkt\/patchworkowa-pufa-brownsage-70x10-cm\/","title":{"rendered":"Patchworkowa Pufa Brown&#038;Sage 70&#215;10 cm"},"content":{"rendered":"<p class=\"p1\"><b>Okr\u0105g\u0142a Poduszka do Siedzenia \u2013 Patchworkowa Pufa Brown&amp;Sage<\/b><\/p>\n<p class=\"p2\">Patchworkowa pufa z velvetu to stylowy i funkcjonalny dodatek do dzieci\u0119cego pokoju. Jej br\u0105zowo-zielona kolorystyka sprawia, \u017ce doskonale wpasuje si\u0119 zar\u00f3wno do pokoju ch\u0142opca, jak i dziewczynki. Wykonana z najwy\u017cszej jako\u015bci mi\u0119kkiego velvetu, zapewnia wyj\u0105tkowy komfort i jest w pe\u0142ni bezpieczna dla dzieci.<\/p>\n<p class=\"p2\">Dzi\u0119ki antyalergicznemu wype\u0142nieniu pufa patchwork gwarantuje wygodne siedzisko dla dziecka, a jej wszyty zamek b\u0142yskawiczny umo\u017cliwia \u0142atwe zdj\u0119cie pokrowca i pranie w pralce. Jest to nie tylko poduszka pod\u0142ogowa, ale r\u00f3wnie\u017c elegancka dekoracja, kt\u00f3ra nada przytulnego charakteru ka\u017cdemu wn\u0119trzu.<\/p>\n<p class=\"p2\">Pufa Brown&amp;Sage sprawdzi si\u0119 idealnie w k\u0105ciku zabaw, pokoju dzieci\u0119cym, a nawet jako dodatkowe siedzisko w salonie. Zaprojektowana i wykonana w naszej pracowni Cozy&amp;Dozy \u2013 gwarancja najwy\u017cszej jako\u015bci i dba\u0142o\u015bci o detale.<\/p>\n<p class=\"p2\">\u2705 <b>Specyfikacja:<\/b><\/p>\n<ul class=\"ul1\">\n<li class=\"li2\">Wymiary: ok. 70 \u00d7 10 cm (+\/- 2,5 cm)<\/li>\n<li class=\"li2\">Wype\u0142nienie: antyalergiczna pianka i kulka silikonowa<\/li>\n<li class=\"li2\">Materia\u0142: Velvet velur \u2013 certyfikat CE<\/li>\n<\/ul>\n","protected":false},"excerpt":{"rendered":"<p>Pufa Brown&amp;Sage sprawdzi si\u0119 idealnie w k\u0105ciku zabaw, pokoju dzieci\u0119cym, a nawet jako dodatkowe siedzisko w salonie. Zaprojektowana i wykonana w naszej pracowni Cozy&amp;Dozy \u2013 gwarancja najwy\u017cszej jako\u015bci i dba\u0142o\u015bci o detale.<\/p>\n","protected":false},"featured_media":2987,"comment_status":"open","ping_status":"closed","template":"","meta":[],"product_brand":[],"product_cat":[17],"product_tag":[],"class_list":{"0":"post-2993","1":"product","2":"type-product","3":"status-publish","4":"has-post-thumbnail","6":"product_cat-poduszki-i-pufy","8":"first","9":"instock","10":"sale","11":"shipping-taxable","12":"product-type-simple"},"yoast_head":"<!-- This site is optimized with the Yoast SEO Premium plugin v21.9 (Yoast SEO v27.0) - https:\/\/yoast.com\/product\/yoast-seo-premium-wordpress\/ -->\n<title>Patchworkowa Pufa Brown&amp;Sage 70x10 cm - Cozy &amp; Dozy<\/title>\n<meta name=\"description\" content=\"Pufa Brown&amp;Sage sprawdzi si\u0119 idealnie w k\u0105ciku zabaw, pokoju dzieci\u0119cym, a nawet jako dodatkowe siedzisko w salonie. Zaprojektowana i wykonana w naszej pracowni Cozy&amp;Dozy \u2013 gwarancja najwy\u017cszej jako\u015bci i dba\u0142o\u015bci o detale.\" \/>\n<meta name=\"robots\" content=\"index, follow, max-snippet:-1, max-image-preview:large, max-video-preview:-1\" \/>\n<link rel=\"canonical\" href=\"https:\/\/cozyanddozy.com\/pl\/produkt\/patchworkowa-pufa-brownsage-70x10-cm\/\" \/>\n<meta property=\"og:locale\" content=\"pl_PL\" \/>\n<meta property=\"og:type\" content=\"article\" \/>\n<meta property=\"og:title\" content=\"Patchworkowa Pufa Brown&amp;Sage 70x10 cm\" \/>\n<meta property=\"og:description\" content=\"Pufa Brown&amp;Sage sprawdzi si\u0119 idealnie w k\u0105ciku zabaw, pokoju dzieci\u0119cym, a nawet jako dodatkowe siedzisko w salonie. Zaprojektowana i wykonana w naszej pracowni Cozy&amp;Dozy \u2013 gwarancja najwy\u017cszej jako\u015bci i dba\u0142o\u015bci o detale.\" \/>\n<meta property=\"og:url\" content=\"https:\/\/cozyanddozy.com\/pl\/produkt\/patchworkowa-pufa-brownsage-70x10-cm\/\" \/>\n<meta property=\"og:site_name\" content=\"Cozy &amp; Dozy\" \/>\n<meta property=\"article:modified_time\" content=\"2025-02-14T18:20:01+00:00\" \/>\n<meta property=\"og:image\" content=\"https:\/\/cozyanddozy.com\/pl\/wp-content\/uploads\/2025\/02\/IMG_2192-2-scaled.jpeg\" \/>\n\t<meta property=\"og:image:width\" content=\"2560\" \/>\n\t<meta property=\"og:image:height\" content=\"2560\" \/>\n\t<meta property=\"og:image:type\" content=\"image\/jpeg\" \/>\n<meta name=\"twitter:card\" content=\"summary_large_image\" \/>\n<meta name=\"twitter:label1\" content=\"Cena\" \/>\n\t<meta name=\"twitter:data1\" content=\"199,00&nbsp;&#122;&#322;\" \/>\n\t<meta name=\"twitter:label2\" content=\"Dost\u0119pno\u015b\u0107\" \/>\n\t<meta name=\"twitter:data2\" content=\"Dost\u0119pny\" \/>\n<script type=\"application\/ld+json\" class=\"yoast-schema-graph\">{\"@context\":\"https:\/\/schema.org\",\"@graph\":[{\"@type\":\"WebPage\",\"@id\":\"https:\/\/cozyanddozy.com\/pl\/produkt\/patchworkowa-pufa-brownsage-70x10-cm\/\",\"url\":\"https:\/\/cozyanddozy.com\/pl\/produkt\/patchworkowa-pufa-brownsage-70x10-cm\/\",\"name\":\"Patchworkowa Pufa Brown&Sage 70x10 cm - Cozy & Dozy\",\"isPartOf\":{\"@id\":\"https:\/\/cozyanddozy.com\/pl\/#website\"},\"primaryImageOfPage\":{\"@id\":\"https:\/\/cozyanddozy.com\/pl\/produkt\/patchworkowa-pufa-brownsage-70x10-cm\/#primaryimage\"},\"image\":{\"@id\":\"https:\/\/cozyanddozy.com\/pl\/produkt\/patchworkowa-pufa-brownsage-70x10-cm\/#primaryimage\"},\"thumbnailUrl\":\"https:\/\/cozyanddozy.com\/pl\/wp-content\/uploads\/2025\/02\/IMG_2192-2-scaled.jpeg\",\"datePublished\":\"2025-02-13T21:59:05+00:00\",\"dateModified\":\"2025-02-14T18:20:01+00:00\",\"description\":\"Pufa Brown&Sage sprawdzi si\u0119 idealnie w k\u0105ciku zabaw, pokoju dzieci\u0119cym, a nawet jako dodatkowe siedzisko w salonie. Zaprojektowana i wykonana w naszej pracowni Cozy&Dozy \u2013 gwarancja najwy\u017cszej jako\u015bci i dba\u0142o\u015bci o detale.\",\"breadcrumb\":{\"@id\":\"https:\/\/cozyanddozy.com\/pl\/produkt\/patchworkowa-pufa-brownsage-70x10-cm\/#breadcrumb\"},\"inLanguage\":\"pl-PL\",\"potentialAction\":[{\"@type\":\"ReadAction\",\"target\":[\"https:\/\/cozyanddozy.com\/pl\/produkt\/patchworkowa-pufa-brownsage-70x10-cm\/\"]}]},{\"@type\":\"ImageObject\",\"inLanguage\":\"pl-PL\",\"@id\":\"https:\/\/cozyanddozy.com\/pl\/produkt\/patchworkowa-pufa-brownsage-70x10-cm\/#primaryimage\",\"url\":\"https:\/\/cozyanddozy.com\/pl\/wp-content\/uploads\/2025\/02\/IMG_2192-2-scaled.jpeg\",\"contentUrl\":\"https:\/\/cozyanddozy.com\/pl\/wp-content\/uploads\/2025\/02\/IMG_2192-2-scaled.jpeg\",\"width\":2560,\"height\":2560},{\"@type\":\"BreadcrumbList\",\"@id\":\"https:\/\/cozyanddozy.com\/pl\/produkt\/patchworkowa-pufa-brownsage-70x10-cm\/#breadcrumb\",\"itemListElement\":[{\"@type\":\"ListItem\",\"position\":1,\"name\":\"Home\",\"item\":\"https:\/\/cozyanddozy.com\/pl\/\"},{\"@type\":\"ListItem\",\"position\":2,\"name\":\"Sklep\",\"item\":\"https:\/\/cozyanddozy.com\/pl\/sklep\/\"},{\"@type\":\"ListItem\",\"position\":3,\"name\":\"Patchworkowa Pufa Brown&#038;Sage 70&#215;10 cm\"}]},{\"@type\":\"WebSite\",\"@id\":\"https:\/\/cozyanddozy.com\/pl\/#website\",\"url\":\"https:\/\/cozyanddozy.com\/pl\/\",\"name\":\"Cozy & Dozy\",\"description\":\"\",\"potentialAction\":[{\"@type\":\"SearchAction\",\"target\":{\"@type\":\"EntryPoint\",\"urlTemplate\":\"https:\/\/cozyanddozy.com\/pl\/?s={search_term_string}\"},\"query-input\":{\"@type\":\"PropertyValueSpecification\",\"valueRequired\":true,\"valueName\":\"search_term_string\"}}],\"inLanguage\":\"pl-PL\"}]}<\/script>\n<meta property=\"product:price:amount\" content=\"199.00\" \/>\n<meta property=\"product:price:currency\" content=\"PLN\" \/>\n<meta property=\"og:availability\" content=\"instock\" \/>\n<meta property=\"product:availability\" content=\"instock\" \/>\n<meta property=\"product:retailer_item_id\" content=\"5902701498139\" \/>\n<meta property=\"product:condition\" content=\"new\" \/>\n<!-- \/ Yoast SEO Premium plugin. -->","yoast_head_json":{"title":"Patchworkowa Pufa Brown&Sage 70x10 cm - Cozy & Dozy","description":"Pufa Brown&Sage sprawdzi si\u0119 idealnie w k\u0105ciku zabaw, pokoju dzieci\u0119cym, a nawet jako dodatkowe siedzisko w salonie. Zaprojektowana i wykonana w naszej pracowni Cozy&Dozy \u2013 gwarancja najwy\u017cszej jako\u015bci i dba\u0142o\u015bci o detale.","robots":{"index":"index","follow":"follow","max-snippet":"max-snippet:-1","max-image-preview":"max-image-preview:large","max-video-preview":"max-video-preview:-1"},"canonical":"https:\/\/cozyanddozy.com\/pl\/produkt\/patchworkowa-pufa-brownsage-70x10-cm\/","og_locale":"pl_PL","og_type":"article","og_title":"Patchworkowa Pufa Brown&Sage 70x10 cm","og_description":"Pufa Brown&Sage sprawdzi si\u0119 idealnie w k\u0105ciku zabaw, pokoju dzieci\u0119cym, a nawet jako dodatkowe siedzisko w salonie. Zaprojektowana i wykonana w naszej pracowni Cozy&Dozy \u2013 gwarancja najwy\u017cszej jako\u015bci i dba\u0142o\u015bci o detale.","og_url":"https:\/\/cozyanddozy.com\/pl\/produkt\/patchworkowa-pufa-brownsage-70x10-cm\/","og_site_name":"Cozy &amp; Dozy","article_modified_time":"2025-02-14T18:20:01+00:00","og_image":[{"width":2560,"height":2560,"url":"https:\/\/cozyanddozy.com\/pl\/wp-content\/uploads\/2025\/02\/IMG_2192-2-scaled.jpeg","type":"image\/jpeg"}],"twitter_card":"summary_large_image","twitter_misc":{"Cena":"199,00&nbsp;&#122;&#322;","Dost\u0119pno\u015b\u0107":"Dost\u0119pny"},"schema":{"@context":"https:\/\/schema.org","@graph":[{"@type":"WebPage","@id":"https:\/\/cozyanddozy.com\/pl\/produkt\/patchworkowa-pufa-brownsage-70x10-cm\/","url":"https:\/\/cozyanddozy.com\/pl\/produkt\/patchworkowa-pufa-brownsage-70x10-cm\/","name":"Patchworkowa Pufa Brown&Sage 70x10 cm - Cozy & Dozy","isPartOf":{"@id":"https:\/\/cozyanddozy.com\/pl\/#website"},"primaryImageOfPage":{"@id":"https:\/\/cozyanddozy.com\/pl\/produkt\/patchworkowa-pufa-brownsage-70x10-cm\/#primaryimage"},"image":{"@id":"https:\/\/cozyanddozy.com\/pl\/produkt\/patchworkowa-pufa-brownsage-70x10-cm\/#primaryimage"},"thumbnailUrl":"https:\/\/cozyanddozy.com\/pl\/wp-content\/uploads\/2025\/02\/IMG_2192-2-scaled.jpeg","datePublished":"2025-02-13T21:59:05+00:00","dateModified":"2025-02-14T18:20:01+00:00","description":"Pufa Brown&Sage sprawdzi si\u0119 idealnie w k\u0105ciku zabaw, pokoju dzieci\u0119cym, a nawet jako dodatkowe siedzisko w salonie. Zaprojektowana i wykonana w naszej pracowni Cozy&Dozy \u2013 gwarancja najwy\u017cszej jako\u015bci i dba\u0142o\u015bci o detale.","breadcrumb":{"@id":"https:\/\/cozyanddozy.com\/pl\/produkt\/patchworkowa-pufa-brownsage-70x10-cm\/#breadcrumb"},"inLanguage":"pl-PL","potentialAction":[{"@type":"ReadAction","target":["https:\/\/cozyanddozy.com\/pl\/produkt\/patchworkowa-pufa-brownsage-70x10-cm\/"]}]},{"@type":"ImageObject","inLanguage":"pl-PL","@id":"https:\/\/cozyanddozy.com\/pl\/produkt\/patchworkowa-pufa-brownsage-70x10-cm\/#primaryimage","url":"https:\/\/cozyanddozy.com\/pl\/wp-content\/uploads\/2025\/02\/IMG_2192-2-scaled.jpeg","contentUrl":"https:\/\/cozyanddozy.com\/pl\/wp-content\/uploads\/2025\/02\/IMG_2192-2-scaled.jpeg","width":2560,"height":2560},{"@type":"BreadcrumbList","@id":"https:\/\/cozyanddozy.com\/pl\/produkt\/patchworkowa-pufa-brownsage-70x10-cm\/#breadcrumb","itemListElement":[{"@type":"ListItem","position":1,"name":"Home","item":"https:\/\/cozyanddozy.com\/pl\/"},{"@type":"ListItem","position":2,"name":"Sklep","item":"https:\/\/cozyanddozy.com\/pl\/sklep\/"},{"@type":"ListItem","position":3,"name":"Patchworkowa Pufa Brown&#038;Sage 70&#215;10 cm"}]},{"@type":"WebSite","@id":"https:\/\/cozyanddozy.com\/pl\/#website","url":"https:\/\/cozyanddozy.com\/pl\/","name":"Cozy & Dozy","description":"","potentialAction":[{"@type":"SearchAction","target":{"@type":"EntryPoint","urlTemplate":"https:\/\/cozyanddozy.com\/pl\/?s={search_term_string}"},"query-input":{"@type":"PropertyValueSpecification","valueRequired":true,"valueName":"search_term_string"}}],"inLanguage":"pl-PL"}]},"product_price_amount":"199.00","product_price_currency":"PLN","og_availability":"instock","product_availability":"instock","product_retailer_item_id":"5902701498139","product_condition":"new"},"_links":{"self":[{"href":"https:\/\/cozyanddozy.com\/pl\/wp-json\/wp\/v2\/product\/2993","targetHints":{"allow":["GET"]}}],"collection":[{"href":"https:\/\/cozyanddozy.com\/pl\/wp-json\/wp\/v2\/product"}],"about":[{"href":"https:\/\/cozyanddozy.com\/pl\/wp-json\/wp\/v2\/types\/product"}],"replies":[{"embeddable":true,"href":"https:\/\/cozyanddozy.com\/pl\/wp-json\/wp\/v2\/comments?post=2993"}],"wp:featuredmedia":[{"embeddable":true,"href":"https:\/\/cozyanddozy.com\/pl\/wp-json\/wp\/v2\/media\/2987"}],"wp:attachment":[{"href":"https:\/\/cozyanddozy.com\/pl\/wp-json\/wp\/v2\/media?parent=2993"}],"wp:term":[{"taxonomy":"product_brand","embeddable":true,"href":"https:\/\/cozyanddozy.com\/pl\/wp-json\/wp\/v2\/product_brand?post=2993"},{"taxonomy":"product_cat","embeddable":true,"href":"https:\/\/cozyanddozy.com\/pl\/wp-json\/wp\/v2\/product_cat?post=2993"},{"taxonomy":"product_tag","embeddable":true,"href":"https:\/\/cozyanddozy.com\/pl\/wp-json\/wp\/v2\/product_tag?post=2993"}],"curies":[{"name":"wp","href":"https:\/\/api.w.org\/{rel}","templated":true}]}}