{"id":2977,"date":"2025-02-10T20:22:51","date_gmt":"2025-02-10T20:22:51","guid":{"rendered":"https:\/\/cozyanddozy.com\/?post_type=product&#038;p=3426"},"modified":"2025-02-10T21:37:23","modified_gmt":"2025-02-10T20:37:23","slug":"dekoracyjna-poduszka-serce-z-falbanka-love-heart-red","status":"publish","type":"product","link":"https:\/\/cozyanddozy.com\/pl\/produkt\/dekoracyjna-poduszka-serce-z-falbanka-love-heart-red\/","title":{"rendered":"Dekoracyjna poduszka Serce z falbank\u0105, Love heart Red"},"content":{"rendered":"<p class=\"p1\"><b>Poduszka Frill Heart \u2013 Romantyczna Dekoracyjna poduszka serce &#8211; Idealny Prezent na Walentynki<\/b><\/p>\n<p class=\"p1\">Szukasz wyj\u0105tkowego prezentu na Walentynki? <b>Poduszka Frill Heart<\/b> to doskona\u0142y wyb\u00f3r dla ka\u017cdej osoby, kt\u00f3ra kocha stylowe i przytulne dodatki! Wykonana z <b>mi\u0119kkiego velvetu<\/b>, zachwyca delikatno\u015bci\u0105 i elegancj\u0105, a jej <b>wymiary 45&#215;45 cm<\/b> sprawiaj\u0105, \u017ce idealnie wpasuje si\u0119 w wystr\u00f3j sypialni, salonu czy dziewcz\u0119cego pokoju.<\/p>\n<p class=\"p1\"><b>Klasyczna czerwie\u0144<\/b> w po\u0142\u0105czeniu z ozdobn\u0105 <b>falbank\u0105<\/b> nadaje poduszce wyj\u0105tkowego, romantycznego charakteru. Jej uroczy design w kszta\u0142cie du\u017cego serca sprawia, \u017ce jest nie tylko pi\u0119kn\u0105 ozdob\u0105 wn\u0119trza, ale tak\u017ce <b>doskona\u0142ym prezentem dla ukochanej osoby<\/b> \u2013 na Walentynki, rocznic\u0119 czy ka\u017cd\u0105 inn\u0105 wyj\u0105tkow\u0105 okazj\u0119.<\/p>\n<p class=\"p1\">Poduszka z <b>kolekcji LOVE<\/b> to idealny dodatek, kt\u00f3ry wprowadzi do wn\u0119trza ciep\u0142o i nut\u0119 romantyzmu. Spraw bliskiej osobie rado\u015b\u0107 i podaruj jej odrobin\u0119 mi\u0142o\u015bci w najpi\u0119kniejszej formie!<\/p>\n<p class=\"p1\"><b>Rozmiar<\/b> \u2013 45 cm x 45 cm<\/p>\n<p class=\"p1\">Wykonana z <b>wysokiej jako\u015bci, mi\u0119kkiego velvetu<\/b>, kt\u00f3ry jest komfortowy i przyjazny dla sk\u00f3ry. Materia\u0142 posiada <b>certyfikat CE<\/b>, a tkaniny u\u017cyte w produkcji s\u0105 <b>bezpieczne dla dzieci<\/b> i zgodne z normami UE.<\/p>\n<p class=\"p1\"><b>\u0141atwa w piel\u0119gnacji<\/b>, zapewniaj\u0105ca d\u0142ugotrwa\u0142e pi\u0119kno i funkcjonalno\u015b\u0107 \u2013 <b>mo\u017cna pra\u0107 w pralce<\/b> w temperaturze <b>40\u00b0C<\/b>, wirowanie <b>800 obrot\u00f3w na minut\u0119<\/b>. <b>Nie pra\u0107 chemicznie, nie wybiela\u0107<\/b>. Po praniu zaleca si\u0119 <b>strzepni\u0119cie poduszki, aby u\u0142o\u017cy\u0107 wype\u0142nienie, oraz suszenie na p\u0142asko<\/b>.<\/p>\n<p class=\"p1\"><b>Wype\u0142nienie poduszki<\/b> \u2013 <b>kulka silikonowa, antyalergiczna<\/b>. Dodatkowo wszyta <b>silikonowa w\u0142\u00f3knina<\/b> zapobiega zbijaniu si\u0119 wype\u0142nienia.<\/p>\n<p class=\"p1\"><b>Wyprodukowana przez Cozy&amp;Dozy<\/b>, mark\u0119 znan\u0105 z wysokiej jako\u015bci i dba\u0142o\u015bci o bezpiecze\u0144stwo \u2013 wszystkie u\u017cyte materia\u0142y s\u0105 <b>certyfikowane i bezpieczne dla dzieci<\/b>.<\/p>\n<p class=\"p1\"><b>Zam\u00f3w teraz i podaruj komu\u015b wyj\u0105tkowy prezent!<\/b><\/p>\n","protected":false},"excerpt":{"rendered":"<p class=\"p1\"><b>Klasyczna czerwie\u0144<\/b> w po\u0142\u0105czeniu z ozdobn\u0105 <b>falbank\u0105<\/b> nadaje poduszce wyj\u0105tkowego, romantycznego charakteru. Jej uroczy design w kszta\u0142cie du\u017cego serca sprawia, \u017ce jest nie tylko pi\u0119kn\u0105 ozdob\u0105 wn\u0119trza, ale tak\u017ce <b>doskona\u0142ym prezentem dla ukochanej osoby<\/b> \u2013 na Walentynki, rocznic\u0119 czy ka\u017cd\u0105 inn\u0105 wyj\u0105tkow\u0105 okazj\u0119.<\/p>\n<p class=\"p1\">\n","protected":false},"featured_media":2954,"comment_status":"open","ping_status":"closed","template":"","meta":[],"product_brand":[],"product_cat":[17],"product_tag":[],"class_list":{"0":"post-2977","1":"product","2":"type-product","3":"status-publish","4":"has-post-thumbnail","6":"product_cat-poduszki-i-pufy","8":"first","9":"instock","10":"sale","11":"shipping-taxable","12":"product-type-simple"},"yoast_head":"<!-- This site is optimized with the Yoast SEO Premium plugin v21.9 (Yoast SEO v27.0) - https:\/\/yoast.com\/product\/yoast-seo-premium-wordpress\/ -->\n<title>Dekoracyjna poduszka Serce z falbank\u0105, Love heart Red - Cozy &amp; Dozy<\/title>\n<meta name=\"description\" content=\"Klasyczna czerwie\u0144 w po\u0142\u0105czeniu z ozdobn\u0105 falbank\u0105 nadaje poduszce wyj\u0105tkowego, romantycznego charakteru. Jej uroczy design w kszta\u0142cie du\u017cego serca sprawia, \u017ce jest nie tylko pi\u0119kn\u0105 ozdob\u0105 wn\u0119trza, ale tak\u017ce doskona\u0142ym prezentem dla ukochanej osoby \u2013 na Walentynki, rocznic\u0119 czy ka\u017cd\u0105 inn\u0105 wyj\u0105tkow\u0105 okazj\u0119.\" \/>\n<meta name=\"robots\" content=\"index, follow, max-snippet:-1, max-image-preview:large, max-video-preview:-1\" \/>\n<link rel=\"canonical\" href=\"https:\/\/cozyanddozy.com\/pl\/produkt\/dekoracyjna-poduszka-serce-z-falbanka-love-heart-red\/\" \/>\n<meta property=\"og:locale\" content=\"pl_PL\" \/>\n<meta property=\"og:type\" content=\"article\" \/>\n<meta property=\"og:title\" content=\"Dekoracyjna poduszka Serce z falbank\u0105, Love heart Red\" \/>\n<meta property=\"og:description\" content=\"Klasyczna czerwie\u0144 w po\u0142\u0105czeniu z ozdobn\u0105 falbank\u0105 nadaje poduszce wyj\u0105tkowego, romantycznego charakteru. Jej uroczy design w kszta\u0142cie du\u017cego serca sprawia, \u017ce jest nie tylko pi\u0119kn\u0105 ozdob\u0105 wn\u0119trza, ale tak\u017ce doskona\u0142ym prezentem dla ukochanej osoby \u2013 na Walentynki, rocznic\u0119 czy ka\u017cd\u0105 inn\u0105 wyj\u0105tkow\u0105 okazj\u0119.\" \/>\n<meta property=\"og:url\" content=\"https:\/\/cozyanddozy.com\/pl\/produkt\/dekoracyjna-poduszka-serce-z-falbanka-love-heart-red\/\" \/>\n<meta property=\"og:site_name\" content=\"Cozy &amp; Dozy\" \/>\n<meta property=\"article:modified_time\" content=\"2025-02-10T20:37:23+00:00\" \/>\n<meta property=\"og:image\" content=\"https:\/\/cozyanddozy.com\/pl\/wp-content\/uploads\/2025\/02\/image00018-scaled.jpeg\" \/>\n\t<meta property=\"og:image:width\" content=\"2560\" \/>\n\t<meta property=\"og:image:height\" content=\"2560\" \/>\n\t<meta property=\"og:image:type\" content=\"image\/jpeg\" \/>\n<meta name=\"twitter:card\" content=\"summary_large_image\" \/>\n<meta name=\"twitter:label1\" content=\"Cena\" \/>\n\t<meta name=\"twitter:data1\" content=\"159,00&nbsp;&#122;&#322;\" \/>\n\t<meta name=\"twitter:label2\" content=\"Dost\u0119pno\u015b\u0107\" \/>\n\t<meta name=\"twitter:data2\" content=\"Dost\u0119pny\" \/>\n<script type=\"application\/ld+json\" class=\"yoast-schema-graph\">{\"@context\":\"https:\/\/schema.org\",\"@graph\":[{\"@type\":\"WebPage\",\"@id\":\"https:\/\/cozyanddozy.com\/pl\/produkt\/dekoracyjna-poduszka-serce-z-falbanka-love-heart-red\/\",\"url\":\"https:\/\/cozyanddozy.com\/pl\/produkt\/dekoracyjna-poduszka-serce-z-falbanka-love-heart-red\/\",\"name\":\"Dekoracyjna poduszka Serce z falbank\u0105, Love heart Red - Cozy & Dozy\",\"isPartOf\":{\"@id\":\"https:\/\/cozyanddozy.com\/pl\/#website\"},\"primaryImageOfPage\":{\"@id\":\"https:\/\/cozyanddozy.com\/pl\/produkt\/dekoracyjna-poduszka-serce-z-falbanka-love-heart-red\/#primaryimage\"},\"image\":{\"@id\":\"https:\/\/cozyanddozy.com\/pl\/produkt\/dekoracyjna-poduszka-serce-z-falbanka-love-heart-red\/#primaryimage\"},\"thumbnailUrl\":\"https:\/\/cozyanddozy.com\/pl\/wp-content\/uploads\/2025\/02\/image00018-scaled.jpeg\",\"datePublished\":\"2025-02-10T20:22:51+00:00\",\"dateModified\":\"2025-02-10T20:37:23+00:00\",\"description\":\"Klasyczna czerwie\u0144 w po\u0142\u0105czeniu z ozdobn\u0105 falbank\u0105 nadaje poduszce wyj\u0105tkowego, romantycznego charakteru. Jej uroczy design w kszta\u0142cie du\u017cego serca sprawia, \u017ce jest nie tylko pi\u0119kn\u0105 ozdob\u0105 wn\u0119trza, ale tak\u017ce doskona\u0142ym prezentem dla ukochanej osoby \u2013 na Walentynki, rocznic\u0119 czy ka\u017cd\u0105 inn\u0105 wyj\u0105tkow\u0105 okazj\u0119.\",\"breadcrumb\":{\"@id\":\"https:\/\/cozyanddozy.com\/pl\/produkt\/dekoracyjna-poduszka-serce-z-falbanka-love-heart-red\/#breadcrumb\"},\"inLanguage\":\"pl-PL\",\"potentialAction\":[{\"@type\":\"ReadAction\",\"target\":[\"https:\/\/cozyanddozy.com\/pl\/produkt\/dekoracyjna-poduszka-serce-z-falbanka-love-heart-red\/\"]}]},{\"@type\":\"ImageObject\",\"inLanguage\":\"pl-PL\",\"@id\":\"https:\/\/cozyanddozy.com\/pl\/produkt\/dekoracyjna-poduszka-serce-z-falbanka-love-heart-red\/#primaryimage\",\"url\":\"https:\/\/cozyanddozy.com\/pl\/wp-content\/uploads\/2025\/02\/image00018-scaled.jpeg\",\"contentUrl\":\"https:\/\/cozyanddozy.com\/pl\/wp-content\/uploads\/2025\/02\/image00018-scaled.jpeg\",\"width\":2560,\"height\":2560},{\"@type\":\"BreadcrumbList\",\"@id\":\"https:\/\/cozyanddozy.com\/pl\/produkt\/dekoracyjna-poduszka-serce-z-falbanka-love-heart-red\/#breadcrumb\",\"itemListElement\":[{\"@type\":\"ListItem\",\"position\":1,\"name\":\"Home\",\"item\":\"https:\/\/cozyanddozy.com\/pl\/\"},{\"@type\":\"ListItem\",\"position\":2,\"name\":\"Sklep\",\"item\":\"https:\/\/cozyanddozy.com\/pl\/sklep\/\"},{\"@type\":\"ListItem\",\"position\":3,\"name\":\"Dekoracyjna poduszka Serce z falbank\u0105, Love heart Red\"}]},{\"@type\":\"WebSite\",\"@id\":\"https:\/\/cozyanddozy.com\/pl\/#website\",\"url\":\"https:\/\/cozyanddozy.com\/pl\/\",\"name\":\"Cozy & Dozy\",\"description\":\"\",\"potentialAction\":[{\"@type\":\"SearchAction\",\"target\":{\"@type\":\"EntryPoint\",\"urlTemplate\":\"https:\/\/cozyanddozy.com\/pl\/?s={search_term_string}\"},\"query-input\":{\"@type\":\"PropertyValueSpecification\",\"valueRequired\":true,\"valueName\":\"search_term_string\"}}],\"inLanguage\":\"pl-PL\"}]}<\/script>\n<meta property=\"product:price:amount\" content=\"159.00\" \/>\n<meta property=\"product:price:currency\" content=\"PLN\" \/>\n<meta property=\"og:availability\" content=\"instock\" \/>\n<meta property=\"product:availability\" content=\"instock\" \/>\n<meta property=\"product:retailer_item_id\" content=\"5902701498108\" \/>\n<meta property=\"product:condition\" content=\"new\" \/>\n<!-- \/ Yoast SEO Premium plugin. -->","yoast_head_json":{"title":"Dekoracyjna poduszka Serce z falbank\u0105, Love heart Red - Cozy & Dozy","description":"Klasyczna czerwie\u0144 w po\u0142\u0105czeniu z ozdobn\u0105 falbank\u0105 nadaje poduszce wyj\u0105tkowego, romantycznego charakteru. Jej uroczy design w kszta\u0142cie du\u017cego serca sprawia, \u017ce jest nie tylko pi\u0119kn\u0105 ozdob\u0105 wn\u0119trza, ale tak\u017ce doskona\u0142ym prezentem dla ukochanej osoby \u2013 na Walentynki, rocznic\u0119 czy ka\u017cd\u0105 inn\u0105 wyj\u0105tkow\u0105 okazj\u0119.","robots":{"index":"index","follow":"follow","max-snippet":"max-snippet:-1","max-image-preview":"max-image-preview:large","max-video-preview":"max-video-preview:-1"},"canonical":"https:\/\/cozyanddozy.com\/pl\/produkt\/dekoracyjna-poduszka-serce-z-falbanka-love-heart-red\/","og_locale":"pl_PL","og_type":"article","og_title":"Dekoracyjna poduszka Serce z falbank\u0105, Love heart Red","og_description":"Klasyczna czerwie\u0144 w po\u0142\u0105czeniu z ozdobn\u0105 falbank\u0105 nadaje poduszce wyj\u0105tkowego, romantycznego charakteru. Jej uroczy design w kszta\u0142cie du\u017cego serca sprawia, \u017ce jest nie tylko pi\u0119kn\u0105 ozdob\u0105 wn\u0119trza, ale tak\u017ce doskona\u0142ym prezentem dla ukochanej osoby \u2013 na Walentynki, rocznic\u0119 czy ka\u017cd\u0105 inn\u0105 wyj\u0105tkow\u0105 okazj\u0119.","og_url":"https:\/\/cozyanddozy.com\/pl\/produkt\/dekoracyjna-poduszka-serce-z-falbanka-love-heart-red\/","og_site_name":"Cozy &amp; Dozy","article_modified_time":"2025-02-10T20:37:23+00:00","og_image":[{"width":2560,"height":2560,"url":"https:\/\/cozyanddozy.com\/pl\/wp-content\/uploads\/2025\/02\/image00018-scaled.jpeg","type":"image\/jpeg"}],"twitter_card":"summary_large_image","twitter_misc":{"Cena":"159,00&nbsp;&#122;&#322;","Dost\u0119pno\u015b\u0107":"Dost\u0119pny"},"schema":{"@context":"https:\/\/schema.org","@graph":[{"@type":"WebPage","@id":"https:\/\/cozyanddozy.com\/pl\/produkt\/dekoracyjna-poduszka-serce-z-falbanka-love-heart-red\/","url":"https:\/\/cozyanddozy.com\/pl\/produkt\/dekoracyjna-poduszka-serce-z-falbanka-love-heart-red\/","name":"Dekoracyjna poduszka Serce z falbank\u0105, Love heart Red - Cozy & Dozy","isPartOf":{"@id":"https:\/\/cozyanddozy.com\/pl\/#website"},"primaryImageOfPage":{"@id":"https:\/\/cozyanddozy.com\/pl\/produkt\/dekoracyjna-poduszka-serce-z-falbanka-love-heart-red\/#primaryimage"},"image":{"@id":"https:\/\/cozyanddozy.com\/pl\/produkt\/dekoracyjna-poduszka-serce-z-falbanka-love-heart-red\/#primaryimage"},"thumbnailUrl":"https:\/\/cozyanddozy.com\/pl\/wp-content\/uploads\/2025\/02\/image00018-scaled.jpeg","datePublished":"2025-02-10T20:22:51+00:00","dateModified":"2025-02-10T20:37:23+00:00","description":"Klasyczna czerwie\u0144 w po\u0142\u0105czeniu z ozdobn\u0105 falbank\u0105 nadaje poduszce wyj\u0105tkowego, romantycznego charakteru. Jej uroczy design w kszta\u0142cie du\u017cego serca sprawia, \u017ce jest nie tylko pi\u0119kn\u0105 ozdob\u0105 wn\u0119trza, ale tak\u017ce doskona\u0142ym prezentem dla ukochanej osoby \u2013 na Walentynki, rocznic\u0119 czy ka\u017cd\u0105 inn\u0105 wyj\u0105tkow\u0105 okazj\u0119.","breadcrumb":{"@id":"https:\/\/cozyanddozy.com\/pl\/produkt\/dekoracyjna-poduszka-serce-z-falbanka-love-heart-red\/#breadcrumb"},"inLanguage":"pl-PL","potentialAction":[{"@type":"ReadAction","target":["https:\/\/cozyanddozy.com\/pl\/produkt\/dekoracyjna-poduszka-serce-z-falbanka-love-heart-red\/"]}]},{"@type":"ImageObject","inLanguage":"pl-PL","@id":"https:\/\/cozyanddozy.com\/pl\/produkt\/dekoracyjna-poduszka-serce-z-falbanka-love-heart-red\/#primaryimage","url":"https:\/\/cozyanddozy.com\/pl\/wp-content\/uploads\/2025\/02\/image00018-scaled.jpeg","contentUrl":"https:\/\/cozyanddozy.com\/pl\/wp-content\/uploads\/2025\/02\/image00018-scaled.jpeg","width":2560,"height":2560},{"@type":"BreadcrumbList","@id":"https:\/\/cozyanddozy.com\/pl\/produkt\/dekoracyjna-poduszka-serce-z-falbanka-love-heart-red\/#breadcrumb","itemListElement":[{"@type":"ListItem","position":1,"name":"Home","item":"https:\/\/cozyanddozy.com\/pl\/"},{"@type":"ListItem","position":2,"name":"Sklep","item":"https:\/\/cozyanddozy.com\/pl\/sklep\/"},{"@type":"ListItem","position":3,"name":"Dekoracyjna poduszka Serce z falbank\u0105, Love heart Red"}]},{"@type":"WebSite","@id":"https:\/\/cozyanddozy.com\/pl\/#website","url":"https:\/\/cozyanddozy.com\/pl\/","name":"Cozy & Dozy","description":"","potentialAction":[{"@type":"SearchAction","target":{"@type":"EntryPoint","urlTemplate":"https:\/\/cozyanddozy.com\/pl\/?s={search_term_string}"},"query-input":{"@type":"PropertyValueSpecification","valueRequired":true,"valueName":"search_term_string"}}],"inLanguage":"pl-PL"}]},"product_price_amount":"159.00","product_price_currency":"PLN","og_availability":"instock","product_availability":"instock","product_retailer_item_id":"5902701498108","product_condition":"new"},"_links":{"self":[{"href":"https:\/\/cozyanddozy.com\/pl\/wp-json\/wp\/v2\/product\/2977","targetHints":{"allow":["GET"]}}],"collection":[{"href":"https:\/\/cozyanddozy.com\/pl\/wp-json\/wp\/v2\/product"}],"about":[{"href":"https:\/\/cozyanddozy.com\/pl\/wp-json\/wp\/v2\/types\/product"}],"replies":[{"embeddable":true,"href":"https:\/\/cozyanddozy.com\/pl\/wp-json\/wp\/v2\/comments?post=2977"}],"wp:featuredmedia":[{"embeddable":true,"href":"https:\/\/cozyanddozy.com\/pl\/wp-json\/wp\/v2\/media\/2954"}],"wp:attachment":[{"href":"https:\/\/cozyanddozy.com\/pl\/wp-json\/wp\/v2\/media?parent=2977"}],"wp:term":[{"taxonomy":"product_brand","embeddable":true,"href":"https:\/\/cozyanddozy.com\/pl\/wp-json\/wp\/v2\/product_brand?post=2977"},{"taxonomy":"product_cat","embeddable":true,"href":"https:\/\/cozyanddozy.com\/pl\/wp-json\/wp\/v2\/product_cat?post=2977"},{"taxonomy":"product_tag","embeddable":true,"href":"https:\/\/cozyanddozy.com\/pl\/wp-json\/wp\/v2\/product_tag?post=2977"}],"curies":[{"name":"wp","href":"https:\/\/api.w.org\/{rel}","templated":true}]}}