{"id":2972,"date":"2025-02-10T19:02:11","date_gmt":"2025-02-10T19:02:11","guid":{"rendered":"https:\/\/cozyanddozy.com\/?post_type=product&#038;p=3393"},"modified":"2025-02-10T20:18:40","modified_gmt":"2025-02-10T19:18:40","slug":"poduszka-dekoracyjna-list-love-letter-pink","status":"publish","type":"product","link":"https:\/\/cozyanddozy.com\/pl\/produkt\/poduszka-dekoracyjna-list-love-letter-pink\/","title":{"rendered":"Poduszka dekoracyjna List &#8211; Love Letter Pink"},"content":{"rendered":"<p class=\"p1\"><b>Poduszka Love Letter \u2013 Idealny Prezent na Walentynki\u00a0<\/b><\/p>\n<p class=\"p2\">Szukasz wyj\u0105tkowego prezentu na Walentynki? <b>Poduszka Love Letter<\/b> to strza\u0142 w dziesi\u0105tk\u0119! Wykonana z ultra-mi\u0119kkiego velvetu, zapewnia niezwyk\u0142y komfort i elegancki wygl\u0105d. Dzi\u0119ki wymiarom <b>40&#215;60 cm<\/b> b\u0119dzie doskona\u0142\u0105 ozdob\u0105 sypialni, salonu czy pokoju dziewcz\u0119cego.<\/p>\n<p class=\"p2\">W <b>jasnobe\u017cowym odcieniu<\/b>, ta urocza poduszka jest subtelnie ozdobiona <b>delikatnym r\u00f3\u017cowym sercem<\/b>, dodaj\u0105cym jej romantycznego charakteru. To nie tylko stylowy dodatek do wn\u0119trza, ale tak\u017ce <b>idealny prezent dla ukochanej osoby<\/b> \u2013 na Walentynki, rocznic\u0119 czy inn\u0105 wyj\u0105tkow\u0105 okazj\u0119.<\/p>\n<p class=\"p2\">Jako cz\u0119\u015b\u0107 kolekcji <b>LOVE<\/b>, ta poduszka wnosi do wn\u0119trza ciep\u0142o i przytulno\u015b\u0107, tworz\u0105c mi\u0142\u0105 i romantyczn\u0105 atmosfer\u0119. <b>Podaruj komu\u015b bliskiemu wyj\u0105tkowy i elegancki prezent!<\/b><\/p>\n<p class=\"p2\"><b>Zam\u00f3w ju\u017c teraz i spraw, by Twoja ukochana osoba si\u0119 u\u015bmiechn\u0119\u0142a!<\/b><\/p>\n<p class=\"p1\"><b>Opis produktu:<\/b><\/p>\n<ul>\n<li class=\"p2\"><b>Rozmiar:<\/b> 40&#215;60 cm<br \/>\n<b><\/b><\/li>\n<li class=\"p2\"><b>Materia\u0142:<\/b>\u00a0Wykonana z <b>wysokiej jako\u015bci, mi\u0119kkiego velvetu<\/b>, przyjaznego dla sk\u00f3ry, <b>certyfikowanego CE<\/b> i bezpiecznego dla dzieci (tkaniny zgodne z normami UE).<\/li>\n<li class=\"p2\"><b>\u0141atwa piel\u0119gnacja:<\/b><br \/>\n<span class=\"s1\">&#8211; <\/span>Mo\u017cna pra\u0107 w pralce w <b>40\u00b0C<\/b><br \/>\n<span class=\"s1\">&#8211; <\/span> Wirowanie: <b>800 obrot\u00f3w\/min<\/b><br \/>\n&#8211; Nie pra\u0107 chemicznie, nie wybiela\u0107<br \/>\n<span class=\"s1\">&#8211;<\/span> Po praniu potrz\u0105sn\u0105\u0107, aby r\u00f3wnomiernie roz\u0142o\u017cy\u0107 wype\u0142nienie, suszy\u0107 na p\u0142askiej powierzchni<\/li>\n<li class=\"p2\"><b>Wype\u0142nienie poduszki:<\/b><br \/>\n<span class=\"s1\">&#8211; <\/span>Kulka silikonowa, antyalergiczna<br \/>\n<span class=\"s1\">&#8211; <\/span> Dodatkowo wszyta silikonowa w\u0142\u00f3knina zapobiegaj\u0105ca zbijaniu si\u0119 wype\u0142nienia<\/li>\n<\/ul>\n<p class=\"p2\">Zaprojektowane i wykonane<b> przez Cozy&amp;Dozy<\/b> \u2013 mark\u0119 znan\u0105 z wysokiej jako\u015bci i bezpiecze\u0144stwa. Wszystkie materia\u0142y posiadaj\u0105 certyfikaty i s\u0105 w 100% bezpieczne dla dzieci.<\/p>\n","protected":false},"excerpt":{"rendered":"<p>Poduszka <b>LOVE LETTER<\/b>\u00a0wnosi do wn\u0119trza ciep\u0142o i przytulno\u015b\u0107, tworz\u0105c mi\u0142\u0105 i romantyczn\u0105 atmosfer\u0119. <b>Podaruj komu\u015b bliskiemu wyj\u0105tkowy i elegancki prezent!<\/b><\/p>\n","protected":false},"featured_media":2971,"comment_status":"open","ping_status":"closed","template":"","meta":[],"product_brand":[],"product_cat":[17],"product_tag":[],"class_list":{"0":"post-2972","1":"product","2":"type-product","3":"status-publish","4":"has-post-thumbnail","6":"product_cat-poduszki-i-pufy","8":"first","9":"instock","10":"shipping-taxable","11":"product-type-simple"},"yoast_head":"<!-- This site is optimized with the Yoast SEO Premium plugin v21.9 (Yoast SEO v27.0) - https:\/\/yoast.com\/product\/yoast-seo-premium-wordpress\/ -->\n<title>Poduszka dekoracyjna List - Love Letter Pink - Cozy &amp; Dozy<\/title>\n<meta name=\"description\" content=\"Poduszka LOVE LETTER\u00a0wnosi do wn\u0119trza ciep\u0142o i przytulno\u015b\u0107, tworz\u0105c mi\u0142\u0105 i romantyczn\u0105 atmosfer\u0119. Podaruj komu\u015b bliskiemu wyj\u0105tkowy i elegancki prezent!\" \/>\n<meta name=\"robots\" content=\"index, follow, max-snippet:-1, max-image-preview:large, max-video-preview:-1\" \/>\n<link rel=\"canonical\" href=\"https:\/\/cozyanddozy.com\/pl\/produkt\/poduszka-dekoracyjna-list-love-letter-pink\/\" \/>\n<meta property=\"og:locale\" content=\"pl_PL\" \/>\n<meta property=\"og:type\" content=\"article\" \/>\n<meta property=\"og:title\" content=\"Poduszka dekoracyjna List - Love Letter Pink\" \/>\n<meta property=\"og:description\" content=\"Poduszka LOVE LETTER\u00a0wnosi do wn\u0119trza ciep\u0142o i przytulno\u015b\u0107, tworz\u0105c mi\u0142\u0105 i romantyczn\u0105 atmosfer\u0119. Podaruj komu\u015b bliskiemu wyj\u0105tkowy i elegancki prezent!\" \/>\n<meta property=\"og:url\" content=\"https:\/\/cozyanddozy.com\/pl\/produkt\/poduszka-dekoracyjna-list-love-letter-pink\/\" \/>\n<meta property=\"og:site_name\" content=\"Cozy &amp; Dozy\" \/>\n<meta property=\"article:modified_time\" content=\"2025-02-10T19:18:40+00:00\" \/>\n<meta property=\"og:image\" content=\"https:\/\/cozyanddozy.com\/pl\/wp-content\/uploads\/2025\/02\/image00003-scaled.jpeg\" \/>\n\t<meta property=\"og:image:width\" content=\"2560\" \/>\n\t<meta property=\"og:image:height\" content=\"2560\" \/>\n\t<meta property=\"og:image:type\" content=\"image\/jpeg\" \/>\n<meta name=\"twitter:card\" content=\"summary_large_image\" \/>\n<meta name=\"twitter:label1\" content=\"Cena\" \/>\n\t<meta name=\"twitter:data1\" content=\"179,00&nbsp;&#122;&#322;\" \/>\n\t<meta name=\"twitter:label2\" content=\"Dost\u0119pno\u015b\u0107\" \/>\n\t<meta name=\"twitter:data2\" content=\"Dost\u0119pny\" \/>\n<script type=\"application\/ld+json\" class=\"yoast-schema-graph\">{\"@context\":\"https:\/\/schema.org\",\"@graph\":[{\"@type\":\"WebPage\",\"@id\":\"https:\/\/cozyanddozy.com\/pl\/produkt\/poduszka-dekoracyjna-list-love-letter-pink\/\",\"url\":\"https:\/\/cozyanddozy.com\/pl\/produkt\/poduszka-dekoracyjna-list-love-letter-pink\/\",\"name\":\"Poduszka dekoracyjna List - Love Letter Pink - Cozy & Dozy\",\"isPartOf\":{\"@id\":\"https:\/\/cozyanddozy.com\/pl\/#website\"},\"primaryImageOfPage\":{\"@id\":\"https:\/\/cozyanddozy.com\/pl\/produkt\/poduszka-dekoracyjna-list-love-letter-pink\/#primaryimage\"},\"image\":{\"@id\":\"https:\/\/cozyanddozy.com\/pl\/produkt\/poduszka-dekoracyjna-list-love-letter-pink\/#primaryimage\"},\"thumbnailUrl\":\"https:\/\/cozyanddozy.com\/pl\/wp-content\/uploads\/2025\/02\/image00003-scaled.jpeg\",\"datePublished\":\"2025-02-10T19:02:11+00:00\",\"dateModified\":\"2025-02-10T19:18:40+00:00\",\"description\":\"Poduszka LOVE LETTER\u00a0wnosi do wn\u0119trza ciep\u0142o i przytulno\u015b\u0107, tworz\u0105c mi\u0142\u0105 i romantyczn\u0105 atmosfer\u0119. Podaruj komu\u015b bliskiemu wyj\u0105tkowy i elegancki prezent!\",\"breadcrumb\":{\"@id\":\"https:\/\/cozyanddozy.com\/pl\/produkt\/poduszka-dekoracyjna-list-love-letter-pink\/#breadcrumb\"},\"inLanguage\":\"pl-PL\",\"potentialAction\":[{\"@type\":\"ReadAction\",\"target\":[\"https:\/\/cozyanddozy.com\/pl\/produkt\/poduszka-dekoracyjna-list-love-letter-pink\/\"]}]},{\"@type\":\"ImageObject\",\"inLanguage\":\"pl-PL\",\"@id\":\"https:\/\/cozyanddozy.com\/pl\/produkt\/poduszka-dekoracyjna-list-love-letter-pink\/#primaryimage\",\"url\":\"https:\/\/cozyanddozy.com\/pl\/wp-content\/uploads\/2025\/02\/image00003-scaled.jpeg\",\"contentUrl\":\"https:\/\/cozyanddozy.com\/pl\/wp-content\/uploads\/2025\/02\/image00003-scaled.jpeg\",\"width\":2560,\"height\":2560},{\"@type\":\"BreadcrumbList\",\"@id\":\"https:\/\/cozyanddozy.com\/pl\/produkt\/poduszka-dekoracyjna-list-love-letter-pink\/#breadcrumb\",\"itemListElement\":[{\"@type\":\"ListItem\",\"position\":1,\"name\":\"Home\",\"item\":\"https:\/\/cozyanddozy.com\/pl\/\"},{\"@type\":\"ListItem\",\"position\":2,\"name\":\"Sklep\",\"item\":\"https:\/\/cozyanddozy.com\/pl\/sklep\/\"},{\"@type\":\"ListItem\",\"position\":3,\"name\":\"Poduszka dekoracyjna List &#8211; Love Letter Pink\"}]},{\"@type\":\"WebSite\",\"@id\":\"https:\/\/cozyanddozy.com\/pl\/#website\",\"url\":\"https:\/\/cozyanddozy.com\/pl\/\",\"name\":\"Cozy & Dozy\",\"description\":\"\",\"potentialAction\":[{\"@type\":\"SearchAction\",\"target\":{\"@type\":\"EntryPoint\",\"urlTemplate\":\"https:\/\/cozyanddozy.com\/pl\/?s={search_term_string}\"},\"query-input\":{\"@type\":\"PropertyValueSpecification\",\"valueRequired\":true,\"valueName\":\"search_term_string\"}}],\"inLanguage\":\"pl-PL\"}]}<\/script>\n<meta property=\"product:price:amount\" content=\"179.00\" \/>\n<meta property=\"product:price:currency\" content=\"PLN\" \/>\n<meta property=\"og:availability\" content=\"instock\" \/>\n<meta property=\"product:availability\" content=\"instock\" \/>\n<meta property=\"product:condition\" content=\"new\" \/>\n<!-- \/ Yoast SEO Premium plugin. -->","yoast_head_json":{"title":"Poduszka dekoracyjna List - Love Letter Pink - Cozy & Dozy","description":"Poduszka LOVE LETTER\u00a0wnosi do wn\u0119trza ciep\u0142o i przytulno\u015b\u0107, tworz\u0105c mi\u0142\u0105 i romantyczn\u0105 atmosfer\u0119. Podaruj komu\u015b bliskiemu wyj\u0105tkowy i elegancki prezent!","robots":{"index":"index","follow":"follow","max-snippet":"max-snippet:-1","max-image-preview":"max-image-preview:large","max-video-preview":"max-video-preview:-1"},"canonical":"https:\/\/cozyanddozy.com\/pl\/produkt\/poduszka-dekoracyjna-list-love-letter-pink\/","og_locale":"pl_PL","og_type":"article","og_title":"Poduszka dekoracyjna List - Love Letter Pink","og_description":"Poduszka LOVE LETTER\u00a0wnosi do wn\u0119trza ciep\u0142o i przytulno\u015b\u0107, tworz\u0105c mi\u0142\u0105 i romantyczn\u0105 atmosfer\u0119. Podaruj komu\u015b bliskiemu wyj\u0105tkowy i elegancki prezent!","og_url":"https:\/\/cozyanddozy.com\/pl\/produkt\/poduszka-dekoracyjna-list-love-letter-pink\/","og_site_name":"Cozy &amp; Dozy","article_modified_time":"2025-02-10T19:18:40+00:00","og_image":[{"width":2560,"height":2560,"url":"https:\/\/cozyanddozy.com\/pl\/wp-content\/uploads\/2025\/02\/image00003-scaled.jpeg","type":"image\/jpeg"}],"twitter_card":"summary_large_image","twitter_misc":{"Cena":"179,00&nbsp;&#122;&#322;","Dost\u0119pno\u015b\u0107":"Dost\u0119pny"},"schema":{"@context":"https:\/\/schema.org","@graph":[{"@type":"WebPage","@id":"https:\/\/cozyanddozy.com\/pl\/produkt\/poduszka-dekoracyjna-list-love-letter-pink\/","url":"https:\/\/cozyanddozy.com\/pl\/produkt\/poduszka-dekoracyjna-list-love-letter-pink\/","name":"Poduszka dekoracyjna List - Love Letter Pink - Cozy & Dozy","isPartOf":{"@id":"https:\/\/cozyanddozy.com\/pl\/#website"},"primaryImageOfPage":{"@id":"https:\/\/cozyanddozy.com\/pl\/produkt\/poduszka-dekoracyjna-list-love-letter-pink\/#primaryimage"},"image":{"@id":"https:\/\/cozyanddozy.com\/pl\/produkt\/poduszka-dekoracyjna-list-love-letter-pink\/#primaryimage"},"thumbnailUrl":"https:\/\/cozyanddozy.com\/pl\/wp-content\/uploads\/2025\/02\/image00003-scaled.jpeg","datePublished":"2025-02-10T19:02:11+00:00","dateModified":"2025-02-10T19:18:40+00:00","description":"Poduszka LOVE LETTER\u00a0wnosi do wn\u0119trza ciep\u0142o i przytulno\u015b\u0107, tworz\u0105c mi\u0142\u0105 i romantyczn\u0105 atmosfer\u0119. Podaruj komu\u015b bliskiemu wyj\u0105tkowy i elegancki prezent!","breadcrumb":{"@id":"https:\/\/cozyanddozy.com\/pl\/produkt\/poduszka-dekoracyjna-list-love-letter-pink\/#breadcrumb"},"inLanguage":"pl-PL","potentialAction":[{"@type":"ReadAction","target":["https:\/\/cozyanddozy.com\/pl\/produkt\/poduszka-dekoracyjna-list-love-letter-pink\/"]}]},{"@type":"ImageObject","inLanguage":"pl-PL","@id":"https:\/\/cozyanddozy.com\/pl\/produkt\/poduszka-dekoracyjna-list-love-letter-pink\/#primaryimage","url":"https:\/\/cozyanddozy.com\/pl\/wp-content\/uploads\/2025\/02\/image00003-scaled.jpeg","contentUrl":"https:\/\/cozyanddozy.com\/pl\/wp-content\/uploads\/2025\/02\/image00003-scaled.jpeg","width":2560,"height":2560},{"@type":"BreadcrumbList","@id":"https:\/\/cozyanddozy.com\/pl\/produkt\/poduszka-dekoracyjna-list-love-letter-pink\/#breadcrumb","itemListElement":[{"@type":"ListItem","position":1,"name":"Home","item":"https:\/\/cozyanddozy.com\/pl\/"},{"@type":"ListItem","position":2,"name":"Sklep","item":"https:\/\/cozyanddozy.com\/pl\/sklep\/"},{"@type":"ListItem","position":3,"name":"Poduszka dekoracyjna List &#8211; Love Letter Pink"}]},{"@type":"WebSite","@id":"https:\/\/cozyanddozy.com\/pl\/#website","url":"https:\/\/cozyanddozy.com\/pl\/","name":"Cozy & Dozy","description":"","potentialAction":[{"@type":"SearchAction","target":{"@type":"EntryPoint","urlTemplate":"https:\/\/cozyanddozy.com\/pl\/?s={search_term_string}"},"query-input":{"@type":"PropertyValueSpecification","valueRequired":true,"valueName":"search_term_string"}}],"inLanguage":"pl-PL"}]},"product_price_amount":"179.00","product_price_currency":"PLN","og_availability":"instock","product_availability":"instock","product_condition":"new"},"_links":{"self":[{"href":"https:\/\/cozyanddozy.com\/pl\/wp-json\/wp\/v2\/product\/2972","targetHints":{"allow":["GET"]}}],"collection":[{"href":"https:\/\/cozyanddozy.com\/pl\/wp-json\/wp\/v2\/product"}],"about":[{"href":"https:\/\/cozyanddozy.com\/pl\/wp-json\/wp\/v2\/types\/product"}],"replies":[{"embeddable":true,"href":"https:\/\/cozyanddozy.com\/pl\/wp-json\/wp\/v2\/comments?post=2972"}],"wp:featuredmedia":[{"embeddable":true,"href":"https:\/\/cozyanddozy.com\/pl\/wp-json\/wp\/v2\/media\/2971"}],"wp:attachment":[{"href":"https:\/\/cozyanddozy.com\/pl\/wp-json\/wp\/v2\/media?parent=2972"}],"wp:term":[{"taxonomy":"product_brand","embeddable":true,"href":"https:\/\/cozyanddozy.com\/pl\/wp-json\/wp\/v2\/product_brand?post=2972"},{"taxonomy":"product_cat","embeddable":true,"href":"https:\/\/cozyanddozy.com\/pl\/wp-json\/wp\/v2\/product_cat?post=2972"},{"taxonomy":"product_tag","embeddable":true,"href":"https:\/\/cozyanddozy.com\/pl\/wp-json\/wp\/v2\/product_tag?post=2972"}],"curies":[{"name":"wp","href":"https:\/\/api.w.org\/{rel}","templated":true}]}}