{"id":2816,"date":"2024-11-16T17:54:06","date_gmt":"2024-11-16T17:54:06","guid":{"rendered":"https:\/\/cozyanddozy.com\/?post_type=product&#038;p=3325"},"modified":"2025-09-29T16:19:24","modified_gmt":"2025-09-29T14:19:24","slug":"pufa-teddy-velvet-patchworkowa-poduszka-70cm","status":"publish","type":"product","link":"https:\/\/cozyanddozy.com\/pl\/produkt\/pufa-teddy-velvet-patchworkowa-poduszka-70cm\/","title":{"rendered":"Pufa Teddy Velvet , patchworkowa poduszka 70cm."},"content":{"rendered":"<h3><strong>Poduszka pod\u0142ogowa Teddy Velvet patchwork<\/strong><\/h3>\n<p>Br\u0105zowa dekoracyjna pufa dla dziecka to du\u017ce, przytulny siedziskol idealny do codziennych zabaw i odpoczynku.<\/p>\n<p>Puf wype\u0142niony jest piank\u0105 antyalergiczn\u0105.<\/p>\n<p>Br\u0105zowa poduszka pod\u0142ogowa posiada zamek b\u0142yskawiczny, dzi\u0119ki czemu mo\u017cna j\u0105 \u0142atwo wypra\u0107.<\/p>\n<p>Kolorowa pufa to pi\u0119kna ozdoba pokoju dzieci\u0119cego i ulubione miejsce do zabawy.<\/p>\n<p>Poduszka pod\u0142ogowa Teddy to idealna pufa do pokoju nastolatka.<\/p>\n<p>Teddy VELVET \u2013 poduszka patchworkowa w kolorach: ciemny br\u0105z, cynamonowy, jasny br\u0105z, be\u017c.<\/p>\n<p>Specyfikacja::<\/p>\n<ul>\n<li>wymiary ok. 70 \u00d7 10 cm (+\/- 2,5 cm)<\/li>\n<li><span style=\"color: #555555;\">Wype\u0142nienie pianka antyalergiczna i kulka<\/span><\/li>\n<li><span style=\"color: #555555;\">Materia\u0142: welur Velvet \u2013 CE<\/span><\/li>\n<\/ul>\n<p>W kolekcji Velvet znajdziesz inne kolory i rozmiary puf, a tak\u017ce namioty tipi, girlandy, dywaniki i poduszki.<\/p>\n<p>Spos\u00f3b piel\u0119gnacji:<\/p>\n<ul>\n<li>Nie prasowa\u0107<\/li>\n<li><span style=\"color: #555555;\">Pra\u0107 w pralce w 40 stopniach, wirowanie \u2013 800 obrot\u00f3w<\/span><\/li>\n<li><span style=\"color: #555555;\">Nie czy\u015bci\u0107 chemicznie<\/span><\/li>\n<li><span style=\"color: #555555;\">Nie wybiela\u0107<\/span><\/li>\n<\/ul>\n<p>Zaprojektowano i uszyto w Polsce przez Cozy &amp; Dozy<\/p>\n","protected":false},"excerpt":{"rendered":"<p>Br\u0105zowa dekoracyjna pufa dla dziecka to du\u017ce, przytulny siedziskol idealny do codziennych zabaw i odpoczynku. Wymiary 70&#215;10 cm.<\/p>\n","protected":false},"featured_media":2815,"comment_status":"open","ping_status":"closed","template":"","meta":[],"product_brand":[],"product_cat":[73,17],"product_tag":[],"class_list":{"0":"post-2816","1":"product","2":"type-product","3":"status-publish","4":"has-post-thumbnail","6":"product_cat-boze-narodzenie","7":"product_cat-poduszki-i-pufy","9":"first","10":"instock","11":"sale","12":"shipping-taxable","13":"product-type-simple"},"yoast_head":"<!-- This site is optimized with the Yoast SEO Premium plugin v21.9 (Yoast SEO v27.0) - https:\/\/yoast.com\/product\/yoast-seo-premium-wordpress\/ -->\n<title>Pufa Teddy Velvet , patchworkowa poduszka 70cm. - Cozy &amp; Dozy<\/title>\n<meta name=\"robots\" content=\"index, follow, max-snippet:-1, max-image-preview:large, max-video-preview:-1\" \/>\n<link rel=\"canonical\" href=\"https:\/\/cozyanddozy.com\/pl\/produkt\/pufa-teddy-velvet-patchworkowa-poduszka-70cm\/\" \/>\n<meta property=\"og:locale\" content=\"pl_PL\" \/>\n<meta property=\"og:type\" content=\"article\" \/>\n<meta property=\"og:title\" content=\"Pufa Teddy Velvet , patchworkowa poduszka 70cm.\" \/>\n<meta property=\"og:description\" content=\"Br\u0105zowa dekoracyjna pufa dla dziecka to du\u017ce, przytulny siedziskol idealny do codziennych zabaw i odpoczynku. Wymiary 70x10 cm.\" \/>\n<meta property=\"og:url\" content=\"https:\/\/cozyanddozy.com\/pl\/produkt\/pufa-teddy-velvet-patchworkowa-poduszka-70cm\/\" \/>\n<meta property=\"og:site_name\" content=\"Cozy &amp; Dozy\" \/>\n<meta property=\"article:modified_time\" content=\"2025-09-29T14:19:24+00:00\" \/>\n<meta property=\"og:image\" content=\"https:\/\/cozyanddozy.com\/pl\/wp-content\/uploads\/2024\/11\/floor-pouf-teddy.jpeg\" \/>\n\t<meta property=\"og:image:width\" content=\"1200\" \/>\n\t<meta property=\"og:image:height\" content=\"1179\" \/>\n\t<meta property=\"og:image:type\" content=\"image\/jpeg\" \/>\n<meta name=\"twitter:card\" content=\"summary_large_image\" \/>\n<meta name=\"twitter:label1\" content=\"Cena\" \/>\n\t<meta name=\"twitter:data1\" content=\"249,00&nbsp;&#122;&#322;\" \/>\n\t<meta name=\"twitter:label2\" content=\"Dost\u0119pno\u015b\u0107\" \/>\n\t<meta name=\"twitter:data2\" content=\"Dost\u0119pny\" \/>\n<script type=\"application\/ld+json\" class=\"yoast-schema-graph\">{\"@context\":\"https:\/\/schema.org\",\"@graph\":[{\"@type\":\"WebPage\",\"@id\":\"https:\/\/cozyanddozy.com\/pl\/produkt\/pufa-teddy-velvet-patchworkowa-poduszka-70cm\/\",\"url\":\"https:\/\/cozyanddozy.com\/pl\/produkt\/pufa-teddy-velvet-patchworkowa-poduszka-70cm\/\",\"name\":\"Pufa Teddy Velvet , patchworkowa poduszka 70cm. - Cozy & Dozy\",\"isPartOf\":{\"@id\":\"https:\/\/cozyanddozy.com\/pl\/#website\"},\"primaryImageOfPage\":{\"@id\":\"https:\/\/cozyanddozy.com\/pl\/produkt\/pufa-teddy-velvet-patchworkowa-poduszka-70cm\/#primaryimage\"},\"image\":{\"@id\":\"https:\/\/cozyanddozy.com\/pl\/produkt\/pufa-teddy-velvet-patchworkowa-poduszka-70cm\/#primaryimage\"},\"thumbnailUrl\":\"https:\/\/cozyanddozy.com\/pl\/wp-content\/uploads\/2024\/11\/floor-pouf-teddy.jpeg\",\"datePublished\":\"2024-11-16T17:54:06+00:00\",\"dateModified\":\"2025-09-29T14:19:24+00:00\",\"breadcrumb\":{\"@id\":\"https:\/\/cozyanddozy.com\/pl\/produkt\/pufa-teddy-velvet-patchworkowa-poduszka-70cm\/#breadcrumb\"},\"inLanguage\":\"pl-PL\",\"potentialAction\":[{\"@type\":\"ReadAction\",\"target\":[\"https:\/\/cozyanddozy.com\/pl\/produkt\/pufa-teddy-velvet-patchworkowa-poduszka-70cm\/\"]}]},{\"@type\":\"ImageObject\",\"inLanguage\":\"pl-PL\",\"@id\":\"https:\/\/cozyanddozy.com\/pl\/produkt\/pufa-teddy-velvet-patchworkowa-poduszka-70cm\/#primaryimage\",\"url\":\"https:\/\/cozyanddozy.com\/pl\/wp-content\/uploads\/2024\/11\/floor-pouf-teddy.jpeg\",\"contentUrl\":\"https:\/\/cozyanddozy.com\/pl\/wp-content\/uploads\/2024\/11\/floor-pouf-teddy.jpeg\",\"width\":1200,\"height\":1179},{\"@type\":\"BreadcrumbList\",\"@id\":\"https:\/\/cozyanddozy.com\/pl\/produkt\/pufa-teddy-velvet-patchworkowa-poduszka-70cm\/#breadcrumb\",\"itemListElement\":[{\"@type\":\"ListItem\",\"position\":1,\"name\":\"Home\",\"item\":\"https:\/\/cozyanddozy.com\/pl\/\"},{\"@type\":\"ListItem\",\"position\":2,\"name\":\"Sklep\",\"item\":\"https:\/\/cozyanddozy.com\/pl\/sklep\/\"},{\"@type\":\"ListItem\",\"position\":3,\"name\":\"Pufa Teddy Velvet , patchworkowa poduszka 70cm.\"}]},{\"@type\":\"WebSite\",\"@id\":\"https:\/\/cozyanddozy.com\/pl\/#website\",\"url\":\"https:\/\/cozyanddozy.com\/pl\/\",\"name\":\"Cozy & Dozy\",\"description\":\"\",\"potentialAction\":[{\"@type\":\"SearchAction\",\"target\":{\"@type\":\"EntryPoint\",\"urlTemplate\":\"https:\/\/cozyanddozy.com\/pl\/?s={search_term_string}\"},\"query-input\":{\"@type\":\"PropertyValueSpecification\",\"valueRequired\":true,\"valueName\":\"search_term_string\"}}],\"inLanguage\":\"pl-PL\"}]}<\/script>\n<meta property=\"product:price:amount\" content=\"249.00\" \/>\n<meta property=\"product:price:currency\" content=\"PLN\" \/>\n<meta property=\"og:availability\" content=\"instock\" \/>\n<meta property=\"product:availability\" content=\"instock\" \/>\n<meta property=\"product:retailer_item_id\" content=\"5902701498016\" \/>\n<meta property=\"product:condition\" content=\"new\" \/>\n<!-- \/ Yoast SEO Premium plugin. -->","yoast_head_json":{"title":"Pufa Teddy Velvet , patchworkowa poduszka 70cm. - Cozy & Dozy","robots":{"index":"index","follow":"follow","max-snippet":"max-snippet:-1","max-image-preview":"max-image-preview:large","max-video-preview":"max-video-preview:-1"},"canonical":"https:\/\/cozyanddozy.com\/pl\/produkt\/pufa-teddy-velvet-patchworkowa-poduszka-70cm\/","og_locale":"pl_PL","og_type":"article","og_title":"Pufa Teddy Velvet , patchworkowa poduszka 70cm.","og_description":"Br\u0105zowa dekoracyjna pufa dla dziecka to du\u017ce, przytulny siedziskol idealny do codziennych zabaw i odpoczynku. Wymiary 70x10 cm.","og_url":"https:\/\/cozyanddozy.com\/pl\/produkt\/pufa-teddy-velvet-patchworkowa-poduszka-70cm\/","og_site_name":"Cozy &amp; Dozy","article_modified_time":"2025-09-29T14:19:24+00:00","og_image":[{"width":1200,"height":1179,"url":"https:\/\/cozyanddozy.com\/pl\/wp-content\/uploads\/2024\/11\/floor-pouf-teddy.jpeg","type":"image\/jpeg"}],"twitter_card":"summary_large_image","twitter_misc":{"Cena":"249,00&nbsp;&#122;&#322;","Dost\u0119pno\u015b\u0107":"Dost\u0119pny"},"schema":{"@context":"https:\/\/schema.org","@graph":[{"@type":"WebPage","@id":"https:\/\/cozyanddozy.com\/pl\/produkt\/pufa-teddy-velvet-patchworkowa-poduszka-70cm\/","url":"https:\/\/cozyanddozy.com\/pl\/produkt\/pufa-teddy-velvet-patchworkowa-poduszka-70cm\/","name":"Pufa Teddy Velvet , patchworkowa poduszka 70cm. - Cozy & Dozy","isPartOf":{"@id":"https:\/\/cozyanddozy.com\/pl\/#website"},"primaryImageOfPage":{"@id":"https:\/\/cozyanddozy.com\/pl\/produkt\/pufa-teddy-velvet-patchworkowa-poduszka-70cm\/#primaryimage"},"image":{"@id":"https:\/\/cozyanddozy.com\/pl\/produkt\/pufa-teddy-velvet-patchworkowa-poduszka-70cm\/#primaryimage"},"thumbnailUrl":"https:\/\/cozyanddozy.com\/pl\/wp-content\/uploads\/2024\/11\/floor-pouf-teddy.jpeg","datePublished":"2024-11-16T17:54:06+00:00","dateModified":"2025-09-29T14:19:24+00:00","breadcrumb":{"@id":"https:\/\/cozyanddozy.com\/pl\/produkt\/pufa-teddy-velvet-patchworkowa-poduszka-70cm\/#breadcrumb"},"inLanguage":"pl-PL","potentialAction":[{"@type":"ReadAction","target":["https:\/\/cozyanddozy.com\/pl\/produkt\/pufa-teddy-velvet-patchworkowa-poduszka-70cm\/"]}]},{"@type":"ImageObject","inLanguage":"pl-PL","@id":"https:\/\/cozyanddozy.com\/pl\/produkt\/pufa-teddy-velvet-patchworkowa-poduszka-70cm\/#primaryimage","url":"https:\/\/cozyanddozy.com\/pl\/wp-content\/uploads\/2024\/11\/floor-pouf-teddy.jpeg","contentUrl":"https:\/\/cozyanddozy.com\/pl\/wp-content\/uploads\/2024\/11\/floor-pouf-teddy.jpeg","width":1200,"height":1179},{"@type":"BreadcrumbList","@id":"https:\/\/cozyanddozy.com\/pl\/produkt\/pufa-teddy-velvet-patchworkowa-poduszka-70cm\/#breadcrumb","itemListElement":[{"@type":"ListItem","position":1,"name":"Home","item":"https:\/\/cozyanddozy.com\/pl\/"},{"@type":"ListItem","position":2,"name":"Sklep","item":"https:\/\/cozyanddozy.com\/pl\/sklep\/"},{"@type":"ListItem","position":3,"name":"Pufa Teddy Velvet , patchworkowa poduszka 70cm."}]},{"@type":"WebSite","@id":"https:\/\/cozyanddozy.com\/pl\/#website","url":"https:\/\/cozyanddozy.com\/pl\/","name":"Cozy & Dozy","description":"","potentialAction":[{"@type":"SearchAction","target":{"@type":"EntryPoint","urlTemplate":"https:\/\/cozyanddozy.com\/pl\/?s={search_term_string}"},"query-input":{"@type":"PropertyValueSpecification","valueRequired":true,"valueName":"search_term_string"}}],"inLanguage":"pl-PL"}]},"product_price_amount":"249.00","product_price_currency":"PLN","og_availability":"instock","product_availability":"instock","product_retailer_item_id":"5902701498016","product_condition":"new"},"_links":{"self":[{"href":"https:\/\/cozyanddozy.com\/pl\/wp-json\/wp\/v2\/product\/2816","targetHints":{"allow":["GET"]}}],"collection":[{"href":"https:\/\/cozyanddozy.com\/pl\/wp-json\/wp\/v2\/product"}],"about":[{"href":"https:\/\/cozyanddozy.com\/pl\/wp-json\/wp\/v2\/types\/product"}],"replies":[{"embeddable":true,"href":"https:\/\/cozyanddozy.com\/pl\/wp-json\/wp\/v2\/comments?post=2816"}],"wp:featuredmedia":[{"embeddable":true,"href":"https:\/\/cozyanddozy.com\/pl\/wp-json\/wp\/v2\/media\/2815"}],"wp:attachment":[{"href":"https:\/\/cozyanddozy.com\/pl\/wp-json\/wp\/v2\/media?parent=2816"}],"wp:term":[{"taxonomy":"product_brand","embeddable":true,"href":"https:\/\/cozyanddozy.com\/pl\/wp-json\/wp\/v2\/product_brand?post=2816"},{"taxonomy":"product_cat","embeddable":true,"href":"https:\/\/cozyanddozy.com\/pl\/wp-json\/wp\/v2\/product_cat?post=2816"},{"taxonomy":"product_tag","embeddable":true,"href":"https:\/\/cozyanddozy.com\/pl\/wp-json\/wp\/v2\/product_tag?post=2816"}],"curies":[{"name":"wp","href":"https:\/\/api.w.org\/{rel}","templated":true}]}}