{"id":2798,"date":"2024-11-13T09:08:57","date_gmt":"2024-11-13T09:08:57","guid":{"rendered":"https:\/\/cozyanddozy.com\/?post_type=product&#038;p=3318"},"modified":"2024-11-13T10:14:19","modified_gmt":"2024-11-13T09:14:19","slug":"girlanda-swiateczna-choragiewka-aksamitna-lancuch-dekoracyjny-swiateczny-165-cm","status":"publish","type":"product","link":"https:\/\/cozyanddozy.com\/pl\/produkt\/girlanda-swiateczna-choragiewka-aksamitna-lancuch-dekoracyjny-swiateczny-165-cm\/","title":{"rendered":"Girlanda \u015bwi\u0105teczna, chor\u0105giewka aksamitna \u0142a\u0144cuch dekoracyjny \u015bwi\u0105teczny 165 cm"},"content":{"rendered":"<p>Odmie\u0144 swoje wn\u0119trze, dzi\u0119ki tej kolorowej\u00a0<b>girlandzie \u015bwi\u0105tecznej<\/b> wykonanej z wysokiej jako\u015bci weluru w klasycznych kolorach: bia\u0142ym, zielonym i czerwonym.<\/p>\n<p>Girlanda ma d\u0142ugo\u015b\u0107 165 cm i jest idealnym dodatkiem do dekoracji bo\u017conarodzeniowych, kt\u00f3ry wniesie przytulny, elegancki akcent do ka\u017cdego wn\u0119trza.<\/p>\n<p>Mo\u017cna j\u0105 powiesi\u0107 nad kominkiem, powiesi\u0107 na p\u00f3\u0142ce lub u\u017cy\u0107 jako pi\u0119kn\u0105 ozdob\u0119 do prezent\u00f3w pod choink\u0105.<\/p>\n<p>Mi\u0119kka i przyjemna w dotyku tkanina welurowa dodaje \u015bwi\u0105tecznym dekoracjom wyj\u0105tkowej elegancji i pasuje zar\u00f3wno do nowoczesnych, jak i tradycyjnych wystroj\u00f3w. Niezale\u017cnie od tego, czy dekorujesz przytulny salon, czy tworzysz \u015bwi\u0105teczny klimat w przedpokoju, ta <b>\u015bwi\u0105teczna girlanda<\/b> wniesie do wn\u0119trza ponadczasowy urok.<\/p>\n<p><b>Szczeg\u00f3\u0142y produktu:<\/b><\/p>\n<ul>\n<li><b>D\u0142ugo\u015b\u0107<\/b>: 165 cm<\/li>\n<li><b>Materia\u0142<\/b>: Wysokiej jako\u015bci welur w kolorach bia\u0142ym, zielonym i czerwonym<\/li>\n<li><b>Idealna do<\/b>: Dekoracji nad kominkiem, ozdoby p\u00f3\u0142ki, na \u015bcian\u0119 lub jako element dekoracji \u015bwi\u0105tecznej przy prezentach<\/li>\n<\/ul>\n<p>Dodaj ciep\u0142o i elegancj\u0119 \u015bwi\u0105t do swojego domu z t\u0105 pi\u0119kn\u0105 welurow\u0105 girland\u0105 \u015bwi\u0105teczn\u0105. Ta <b>r\u0119cznie robiona dekoracja<\/b> to wspania\u0142y dodatek do \u015bwi\u0105tecznej kolekcji lub przemy\u015blany prezent dla bliskich, kt\u00f3rzy kochaj\u0105 \u015bwi\u0105teczne ozdoby.<\/p>\n","protected":false},"excerpt":{"rendered":"<p>Niezale\u017cnie od tego, czy dekorujesz przytulny salon, czy tworzysz \u015bwi\u0105teczny klimat w przedpokoju, ta <b>\u015bwi\u0105teczna girlanda<\/b> wniesie do wn\u0119trza ponadczasowy urok.<\/p>\n","protected":false},"featured_media":2796,"comment_status":"open","ping_status":"closed","template":"","meta":[],"product_brand":[],"product_cat":[19,73],"product_tag":[],"class_list":{"0":"post-2798","1":"product","2":"type-product","3":"status-publish","4":"has-post-thumbnail","6":"product_cat-akcesoria","7":"product_cat-boze-narodzenie","9":"first","10":"instock","11":"shipping-taxable","12":"product-type-simple"},"yoast_head":"<!-- This site is optimized with the Yoast SEO Premium plugin v21.9 (Yoast SEO v27.0) - https:\/\/yoast.com\/product\/yoast-seo-premium-wordpress\/ -->\n<title>Girlanda \u015bwi\u0105teczna, chor\u0105giewka aksamitna \u0142a\u0144cuch dekoracyjny \u015bwi\u0105teczny 165 cm - Cozy &amp; Dozy<\/title>\n<meta name=\"robots\" content=\"index, follow, max-snippet:-1, max-image-preview:large, max-video-preview:-1\" \/>\n<link rel=\"canonical\" href=\"https:\/\/cozyanddozy.com\/pl\/produkt\/girlanda-swiateczna-choragiewka-aksamitna-lancuch-dekoracyjny-swiateczny-165-cm\/\" \/>\n<meta property=\"og:locale\" content=\"pl_PL\" \/>\n<meta property=\"og:type\" content=\"article\" \/>\n<meta property=\"og:title\" content=\"Girlanda \u015bwi\u0105teczna, chor\u0105giewka aksamitna \u0142a\u0144cuch dekoracyjny \u015bwi\u0105teczny 165 cm\" \/>\n<meta property=\"og:description\" content=\"Niezale\u017cnie od tego, czy dekorujesz przytulny salon, czy tworzysz \u015bwi\u0105teczny klimat w przedpokoju, ta \u015bwi\u0105teczna girlanda wniesie do wn\u0119trza ponadczasowy urok.\" \/>\n<meta property=\"og:url\" content=\"https:\/\/cozyanddozy.com\/pl\/produkt\/girlanda-swiateczna-choragiewka-aksamitna-lancuch-dekoracyjny-swiateczny-165-cm\/\" \/>\n<meta property=\"og:site_name\" content=\"Cozy &amp; Dozy\" \/>\n<meta property=\"article:modified_time\" content=\"2024-11-13T09:14:19+00:00\" \/>\n<meta property=\"og:image\" content=\"https:\/\/cozyanddozy.com\/pl\/wp-content\/uploads\/2024\/11\/garland-.jpg\" \/>\n\t<meta property=\"og:image:width\" content=\"1200\" \/>\n\t<meta property=\"og:image:height\" content=\"1201\" \/>\n\t<meta property=\"og:image:type\" content=\"image\/jpeg\" \/>\n<meta name=\"twitter:card\" content=\"summary_large_image\" \/>\n<meta name=\"twitter:label1\" content=\"Cena\" \/>\n\t<meta name=\"twitter:data1\" content=\"89,00&nbsp;&#122;&#322;\" \/>\n\t<meta name=\"twitter:label2\" content=\"Dost\u0119pno\u015b\u0107\" \/>\n\t<meta name=\"twitter:data2\" content=\"Dost\u0119pny\" \/>\n<script type=\"application\/ld+json\" class=\"yoast-schema-graph\">{\"@context\":\"https:\/\/schema.org\",\"@graph\":[{\"@type\":\"WebPage\",\"@id\":\"https:\/\/cozyanddozy.com\/pl\/produkt\/girlanda-swiateczna-choragiewka-aksamitna-lancuch-dekoracyjny-swiateczny-165-cm\/\",\"url\":\"https:\/\/cozyanddozy.com\/pl\/produkt\/girlanda-swiateczna-choragiewka-aksamitna-lancuch-dekoracyjny-swiateczny-165-cm\/\",\"name\":\"Girlanda \u015bwi\u0105teczna, chor\u0105giewka aksamitna \u0142a\u0144cuch dekoracyjny \u015bwi\u0105teczny 165 cm - Cozy & Dozy\",\"isPartOf\":{\"@id\":\"https:\/\/cozyanddozy.com\/pl\/#website\"},\"primaryImageOfPage\":{\"@id\":\"https:\/\/cozyanddozy.com\/pl\/produkt\/girlanda-swiateczna-choragiewka-aksamitna-lancuch-dekoracyjny-swiateczny-165-cm\/#primaryimage\"},\"image\":{\"@id\":\"https:\/\/cozyanddozy.com\/pl\/produkt\/girlanda-swiateczna-choragiewka-aksamitna-lancuch-dekoracyjny-swiateczny-165-cm\/#primaryimage\"},\"thumbnailUrl\":\"https:\/\/cozyanddozy.com\/pl\/wp-content\/uploads\/2024\/11\/garland-.jpg\",\"datePublished\":\"2024-11-13T09:08:57+00:00\",\"dateModified\":\"2024-11-13T09:14:19+00:00\",\"breadcrumb\":{\"@id\":\"https:\/\/cozyanddozy.com\/pl\/produkt\/girlanda-swiateczna-choragiewka-aksamitna-lancuch-dekoracyjny-swiateczny-165-cm\/#breadcrumb\"},\"inLanguage\":\"pl-PL\",\"potentialAction\":[{\"@type\":\"ReadAction\",\"target\":[\"https:\/\/cozyanddozy.com\/pl\/produkt\/girlanda-swiateczna-choragiewka-aksamitna-lancuch-dekoracyjny-swiateczny-165-cm\/\"]}]},{\"@type\":\"ImageObject\",\"inLanguage\":\"pl-PL\",\"@id\":\"https:\/\/cozyanddozy.com\/pl\/produkt\/girlanda-swiateczna-choragiewka-aksamitna-lancuch-dekoracyjny-swiateczny-165-cm\/#primaryimage\",\"url\":\"https:\/\/cozyanddozy.com\/pl\/wp-content\/uploads\/2024\/11\/garland-.jpg\",\"contentUrl\":\"https:\/\/cozyanddozy.com\/pl\/wp-content\/uploads\/2024\/11\/garland-.jpg\",\"width\":1200,\"height\":1201},{\"@type\":\"BreadcrumbList\",\"@id\":\"https:\/\/cozyanddozy.com\/pl\/produkt\/girlanda-swiateczna-choragiewka-aksamitna-lancuch-dekoracyjny-swiateczny-165-cm\/#breadcrumb\",\"itemListElement\":[{\"@type\":\"ListItem\",\"position\":1,\"name\":\"Home\",\"item\":\"https:\/\/cozyanddozy.com\/pl\/\"},{\"@type\":\"ListItem\",\"position\":2,\"name\":\"Sklep\",\"item\":\"https:\/\/cozyanddozy.com\/pl\/sklep\/\"},{\"@type\":\"ListItem\",\"position\":3,\"name\":\"Girlanda \u015bwi\u0105teczna, chor\u0105giewka aksamitna \u0142a\u0144cuch dekoracyjny \u015bwi\u0105teczny 165 cm\"}]},{\"@type\":\"WebSite\",\"@id\":\"https:\/\/cozyanddozy.com\/pl\/#website\",\"url\":\"https:\/\/cozyanddozy.com\/pl\/\",\"name\":\"Cozy & Dozy\",\"description\":\"\",\"potentialAction\":[{\"@type\":\"SearchAction\",\"target\":{\"@type\":\"EntryPoint\",\"urlTemplate\":\"https:\/\/cozyanddozy.com\/pl\/?s={search_term_string}\"},\"query-input\":{\"@type\":\"PropertyValueSpecification\",\"valueRequired\":true,\"valueName\":\"search_term_string\"}}],\"inLanguage\":\"pl-PL\"}]}<\/script>\n<meta property=\"product:price:amount\" content=\"89.00\" \/>\n<meta property=\"product:price:currency\" content=\"PLN\" \/>\n<meta property=\"og:availability\" content=\"instock\" \/>\n<meta property=\"product:availability\" content=\"instock\" \/>\n<meta property=\"product:condition\" content=\"new\" \/>\n<!-- \/ Yoast SEO Premium plugin. -->","yoast_head_json":{"title":"Girlanda \u015bwi\u0105teczna, chor\u0105giewka aksamitna \u0142a\u0144cuch dekoracyjny \u015bwi\u0105teczny 165 cm - Cozy & Dozy","robots":{"index":"index","follow":"follow","max-snippet":"max-snippet:-1","max-image-preview":"max-image-preview:large","max-video-preview":"max-video-preview:-1"},"canonical":"https:\/\/cozyanddozy.com\/pl\/produkt\/girlanda-swiateczna-choragiewka-aksamitna-lancuch-dekoracyjny-swiateczny-165-cm\/","og_locale":"pl_PL","og_type":"article","og_title":"Girlanda \u015bwi\u0105teczna, chor\u0105giewka aksamitna \u0142a\u0144cuch dekoracyjny \u015bwi\u0105teczny 165 cm","og_description":"Niezale\u017cnie od tego, czy dekorujesz przytulny salon, czy tworzysz \u015bwi\u0105teczny klimat w przedpokoju, ta \u015bwi\u0105teczna girlanda wniesie do wn\u0119trza ponadczasowy urok.","og_url":"https:\/\/cozyanddozy.com\/pl\/produkt\/girlanda-swiateczna-choragiewka-aksamitna-lancuch-dekoracyjny-swiateczny-165-cm\/","og_site_name":"Cozy &amp; Dozy","article_modified_time":"2024-11-13T09:14:19+00:00","og_image":[{"width":1200,"height":1201,"url":"https:\/\/cozyanddozy.com\/pl\/wp-content\/uploads\/2024\/11\/garland-.jpg","type":"image\/jpeg"}],"twitter_card":"summary_large_image","twitter_misc":{"Cena":"89,00&nbsp;&#122;&#322;","Dost\u0119pno\u015b\u0107":"Dost\u0119pny"},"schema":{"@context":"https:\/\/schema.org","@graph":[{"@type":"WebPage","@id":"https:\/\/cozyanddozy.com\/pl\/produkt\/girlanda-swiateczna-choragiewka-aksamitna-lancuch-dekoracyjny-swiateczny-165-cm\/","url":"https:\/\/cozyanddozy.com\/pl\/produkt\/girlanda-swiateczna-choragiewka-aksamitna-lancuch-dekoracyjny-swiateczny-165-cm\/","name":"Girlanda \u015bwi\u0105teczna, chor\u0105giewka aksamitna \u0142a\u0144cuch dekoracyjny \u015bwi\u0105teczny 165 cm - Cozy & Dozy","isPartOf":{"@id":"https:\/\/cozyanddozy.com\/pl\/#website"},"primaryImageOfPage":{"@id":"https:\/\/cozyanddozy.com\/pl\/produkt\/girlanda-swiateczna-choragiewka-aksamitna-lancuch-dekoracyjny-swiateczny-165-cm\/#primaryimage"},"image":{"@id":"https:\/\/cozyanddozy.com\/pl\/produkt\/girlanda-swiateczna-choragiewka-aksamitna-lancuch-dekoracyjny-swiateczny-165-cm\/#primaryimage"},"thumbnailUrl":"https:\/\/cozyanddozy.com\/pl\/wp-content\/uploads\/2024\/11\/garland-.jpg","datePublished":"2024-11-13T09:08:57+00:00","dateModified":"2024-11-13T09:14:19+00:00","breadcrumb":{"@id":"https:\/\/cozyanddozy.com\/pl\/produkt\/girlanda-swiateczna-choragiewka-aksamitna-lancuch-dekoracyjny-swiateczny-165-cm\/#breadcrumb"},"inLanguage":"pl-PL","potentialAction":[{"@type":"ReadAction","target":["https:\/\/cozyanddozy.com\/pl\/produkt\/girlanda-swiateczna-choragiewka-aksamitna-lancuch-dekoracyjny-swiateczny-165-cm\/"]}]},{"@type":"ImageObject","inLanguage":"pl-PL","@id":"https:\/\/cozyanddozy.com\/pl\/produkt\/girlanda-swiateczna-choragiewka-aksamitna-lancuch-dekoracyjny-swiateczny-165-cm\/#primaryimage","url":"https:\/\/cozyanddozy.com\/pl\/wp-content\/uploads\/2024\/11\/garland-.jpg","contentUrl":"https:\/\/cozyanddozy.com\/pl\/wp-content\/uploads\/2024\/11\/garland-.jpg","width":1200,"height":1201},{"@type":"BreadcrumbList","@id":"https:\/\/cozyanddozy.com\/pl\/produkt\/girlanda-swiateczna-choragiewka-aksamitna-lancuch-dekoracyjny-swiateczny-165-cm\/#breadcrumb","itemListElement":[{"@type":"ListItem","position":1,"name":"Home","item":"https:\/\/cozyanddozy.com\/pl\/"},{"@type":"ListItem","position":2,"name":"Sklep","item":"https:\/\/cozyanddozy.com\/pl\/sklep\/"},{"@type":"ListItem","position":3,"name":"Girlanda \u015bwi\u0105teczna, chor\u0105giewka aksamitna \u0142a\u0144cuch dekoracyjny \u015bwi\u0105teczny 165 cm"}]},{"@type":"WebSite","@id":"https:\/\/cozyanddozy.com\/pl\/#website","url":"https:\/\/cozyanddozy.com\/pl\/","name":"Cozy & Dozy","description":"","potentialAction":[{"@type":"SearchAction","target":{"@type":"EntryPoint","urlTemplate":"https:\/\/cozyanddozy.com\/pl\/?s={search_term_string}"},"query-input":{"@type":"PropertyValueSpecification","valueRequired":true,"valueName":"search_term_string"}}],"inLanguage":"pl-PL"}]},"product_price_amount":"89.00","product_price_currency":"PLN","og_availability":"instock","product_availability":"instock","product_condition":"new"},"_links":{"self":[{"href":"https:\/\/cozyanddozy.com\/pl\/wp-json\/wp\/v2\/product\/2798","targetHints":{"allow":["GET"]}}],"collection":[{"href":"https:\/\/cozyanddozy.com\/pl\/wp-json\/wp\/v2\/product"}],"about":[{"href":"https:\/\/cozyanddozy.com\/pl\/wp-json\/wp\/v2\/types\/product"}],"replies":[{"embeddable":true,"href":"https:\/\/cozyanddozy.com\/pl\/wp-json\/wp\/v2\/comments?post=2798"}],"wp:featuredmedia":[{"embeddable":true,"href":"https:\/\/cozyanddozy.com\/pl\/wp-json\/wp\/v2\/media\/2796"}],"wp:attachment":[{"href":"https:\/\/cozyanddozy.com\/pl\/wp-json\/wp\/v2\/media?parent=2798"}],"wp:term":[{"taxonomy":"product_brand","embeddable":true,"href":"https:\/\/cozyanddozy.com\/pl\/wp-json\/wp\/v2\/product_brand?post=2798"},{"taxonomy":"product_cat","embeddable":true,"href":"https:\/\/cozyanddozy.com\/pl\/wp-json\/wp\/v2\/product_cat?post=2798"},{"taxonomy":"product_tag","embeddable":true,"href":"https:\/\/cozyanddozy.com\/pl\/wp-json\/wp\/v2\/product_tag?post=2798"}],"curies":[{"name":"wp","href":"https:\/\/api.w.org\/{rel}","templated":true}]}}