{"id":2723,"date":"2024-11-08T23:39:50","date_gmt":"2024-11-08T23:39:50","guid":{"rendered":"https:\/\/cozyanddozy.com\/?post_type=product&#038;p=3226"},"modified":"2025-09-29T16:10:59","modified_gmt":"2025-09-29T14:10:59","slug":"poduszka-kokarda-duza-aksamitna-poduszka-z-kokarda-red","status":"publish","type":"product","link":"https:\/\/cozyanddozy.com\/pl\/produkt\/poduszka-kokarda-duza-aksamitna-poduszka-z-kokarda-red\/","title":{"rendered":"Poduszka kokarda, du\u017ca aksamitna poduszka z kokard\u0105 &#8211; Red"},"content":{"rendered":"<h3 style=\"text-align: left;\"><img decoding=\"async\" class=\"alignnone size-medium wp-image-2836 alignright\" src=\"https:\/\/cozyanddozy.com\/pl\/wp-content\/uploads\/2024\/11\/IMG_4117-1-400x400.jpeg\" alt=\"\" width=\"400\" height=\"400\" srcset=\"https:\/\/cozyanddozy.com\/pl\/wp-content\/uploads\/2024\/11\/IMG_4117-1-400x400.jpeg 400w, https:\/\/cozyanddozy.com\/pl\/wp-content\/uploads\/2024\/11\/IMG_4117-1-1200x1200.jpeg 1200w, https:\/\/cozyanddozy.com\/pl\/wp-content\/uploads\/2024\/11\/IMG_4117-1-150x150.jpeg 150w, https:\/\/cozyanddozy.com\/pl\/wp-content\/uploads\/2024\/11\/IMG_4117-1-768x768.jpeg 768w, https:\/\/cozyanddozy.com\/pl\/wp-content\/uploads\/2024\/11\/IMG_4117-1-1536x1536.jpeg 1536w, https:\/\/cozyanddozy.com\/pl\/wp-content\/uploads\/2024\/11\/IMG_4117-1-2048x2048.jpeg 2048w, https:\/\/cozyanddozy.com\/pl\/wp-content\/uploads\/2024\/11\/IMG_4117-1-470x470.jpeg 470w, https:\/\/cozyanddozy.com\/pl\/wp-content\/uploads\/2024\/11\/IMG_4117-1-800x800.jpeg 800w, https:\/\/cozyanddozy.com\/pl\/wp-content\/uploads\/2024\/11\/IMG_4117-1-100x100.jpeg 100w\" sizes=\"(max-width: 400px) 100vw, 400px\" \/><br \/>\nDu\u017ca i mi\u0119kka aksamitna poduszka kokarda 50&#215;65 cm<\/h3>\n<p>Idealna jako pomys\u0142 na prezent lub \u015bwi\u0105teczny dodatek do w\u0142asnego domu, ta czerwona aksamitna poduszka wniesie urok, wygod\u0119 i niepowtarzalny styl do ka\u017cdego pomieszczenia.<\/p>\n<p>Je\u015bli wolisz inny kolor, mo\u017cesz wybra\u0107 jeden z dost\u0119pnych wariant\u00f3w.<\/p>\n<p>Dodaj odrobin\u0119 elegancji i ciep\u0142a do swojego domu dzi\u0119ki naszej du\u017cej poduszce z czerwon\u0105 aksamitn\u0105 kokard\u0105. Wykonana z wysokiej jako\u015bci, mi\u0119kkiego aksamitu poduszka dekoracyjna o wymiarach 50&#215;65 cm jest idealna do dodania koloru do ka\u017cdej przestrzeni. Zaprojektowana z unikaln\u0105 marszczon\u0105 kraw\u0119dzi\u0105 i uroczym kszta\u0142tem kokardy, poduszka ta wprowadza stylowy, \u015bwi\u0105teczny nastr\u00f3j do sypialni, salonu lub sofy.<\/p>\n<p>Ta \u015bwi\u0105teczna czerwona poduszka stanowi idealny akcent bo\u017conarodzeniowy, tworz\u0105c przytulny, zach\u0119caj\u0105cy wygl\u0105d w okresie \u015bwi\u0105tecznym. Jego luksusowa aksamitna tekstura i wyrafinowany design sprawiaj\u0105, \u017ce jest wszechstronny r\u00f3wnie\u017c do ca\u0142orocznego wystroju, p\u0142ynnie \u0142\u0105cz\u0105c si\u0119 zar\u00f3wno z nowoczesnymi, jak i tradycyjnymi stylami.<\/p>\n<p>Najwa\u017cniejsze cechy:<\/p>\n<ul>\n<li>Du\u017ca kokarda z marszczonymi kraw\u0119dziami, idealna jako element dekoracyjny<\/li>\n<li>Made from premium, soft velvet material<span style=\"color: #555555; font-size: 14.4px;\"> that\u2019s <\/span>comfortable and skin-friendly<\/li>\n<li>Mo\u017cliwo\u015b\u0107 prania w pralce u\u0142atwia piel\u0119gnacj\u0119, zapewniaj\u0105c d\u0142ugotrwa\u0142e pi\u0119kno i funkcjonalno\u015b\u0107<\/li>\n<li>Idealny rozmiar 50&#215;65 cm, dzi\u0119ki czemu b\u0119dzie przyci\u0105gaj\u0105cym wzrok akcentem na ka\u017cdej sofie, \u0142\u00f3\u017cku lub krze\u015ble<\/li>\n<li>Wykonane przez firm\u0119 Cozy&amp;Dozy, znan\u0105 z jako\u015bci i bezpiecze\u0144stwa &#8211; wszystkie materia\u0142y s\u0105 certyfikowane i bezpieczne dla dzieci<\/li>\n<\/ul>\n<p>Ta \u015bwi\u0105teczna poduszka jest nie tylko dekoracyjnym dodatkiem, ale tak\u017ce wygodnym miejscem do le\u017cenia. Elegancka, r\u0119cznie wykonana poduszka z kokard\u0105 marki Cozy&amp;Dozy, kt\u00f3ra uatrakcyjni \u015bwi\u0105teczny wystr\u00f3j lub codzienn\u0105 przestrze\u0144.<\/p>\n","protected":false},"excerpt":{"rendered":"<p>Dodaj odrobin\u0119 elegancji i ciep\u0142a do swojego domu dzi\u0119ki naszej du\u017cej czerwonej aksamitnej poduszce z kokard\u0105. <strong>Wykonana z wysokiej jako\u015bci, mi\u0119kkiej aksamitnej tkaniny, ta dekoracyjna poduszka o wymiarach 50&#215;65 cm jest idealna do dodania odrobiny koloru do ka\u017cdej przestrzeni.<\/strong><\/p>\n","protected":false},"featured_media":2850,"comment_status":"open","ping_status":"closed","template":"","meta":[],"product_brand":[],"product_cat":[73,17],"product_tag":[],"class_list":{"0":"post-2723","1":"product","2":"type-product","3":"status-publish","4":"has-post-thumbnail","6":"product_cat-boze-narodzenie","7":"product_cat-poduszki-i-pufy","8":"pa_color-dark-blue","9":"pa_color-dark-pink","10":"pa_color-honey","11":"pa_color-light-blue","12":"pa_color-light-pink","13":"pa_color-sage","14":"pa_color-beige","15":"pa_color-brown","16":"pa_color-cinnamon","17":"pa_color-dark-beige","18":"pa_color-dark-green","19":"pa_color-dark-grey","20":"pa_color-honey-velvet","21":"pa_color-honeygrey","22":"pa_color-lavender","23":"pa_color-light-grey","24":"pa_color-light-lavender","25":"pa_color-red","26":"pa_color-yellow","28":"first","29":"instock","30":"shipping-taxable","31":"product-type-simple"},"yoast_head":"<!-- This site is optimized with the Yoast SEO Premium plugin v21.9 (Yoast SEO v27.0) - https:\/\/yoast.com\/product\/yoast-seo-premium-wordpress\/ -->\n<title>Poduszka kokarda, du\u017ca aksamitna poduszka z kokard\u0105 - Red - Cozy &amp; Dozy<\/title>\n<meta name=\"robots\" content=\"index, follow, max-snippet:-1, max-image-preview:large, max-video-preview:-1\" \/>\n<link rel=\"canonical\" href=\"https:\/\/cozyanddozy.com\/pl\/produkt\/poduszka-kokarda-duza-aksamitna-poduszka-z-kokarda-red\/\" \/>\n<meta property=\"og:locale\" content=\"pl_PL\" \/>\n<meta property=\"og:type\" content=\"article\" \/>\n<meta property=\"og:title\" content=\"Poduszka kokarda, du\u017ca aksamitna poduszka z kokard\u0105 - Red\" \/>\n<meta property=\"og:description\" content=\"Dodaj odrobin\u0119 elegancji i ciep\u0142a do swojego domu dzi\u0119ki naszej du\u017cej czerwonej aksamitnej poduszce z kokard\u0105. Wykonana z wysokiej jako\u015bci, mi\u0119kkiej aksamitnej tkaniny, ta dekoracyjna poduszka o wymiarach 50x65 cm jest idealna do dodania odrobiny koloru do ka\u017cdej przestrzeni.\" \/>\n<meta property=\"og:url\" content=\"https:\/\/cozyanddozy.com\/pl\/produkt\/poduszka-kokarda-duza-aksamitna-poduszka-z-kokarda-red\/\" \/>\n<meta property=\"og:site_name\" content=\"Cozy &amp; Dozy\" \/>\n<meta property=\"article:modified_time\" content=\"2025-09-29T14:10:59+00:00\" \/>\n<meta property=\"og:image\" content=\"https:\/\/cozyanddozy.com\/pl\/wp-content\/uploads\/2024\/11\/IMG_4119-1-scaled.jpeg\" \/>\n\t<meta property=\"og:image:width\" content=\"2560\" \/>\n\t<meta property=\"og:image:height\" content=\"2560\" \/>\n\t<meta property=\"og:image:type\" content=\"image\/jpeg\" \/>\n<meta name=\"twitter:card\" content=\"summary_large_image\" \/>\n<meta name=\"twitter:label1\" content=\"Cena\" \/>\n\t<meta name=\"twitter:data1\" content=\"249,00&nbsp;&#122;&#322;\" \/>\n\t<meta name=\"twitter:label2\" content=\"Dost\u0119pno\u015b\u0107\" \/>\n\t<meta name=\"twitter:data2\" content=\"Dost\u0119pny\" \/>\n<script type=\"application\/ld+json\" class=\"yoast-schema-graph\">{\"@context\":\"https:\/\/schema.org\",\"@graph\":[{\"@type\":\"WebPage\",\"@id\":\"https:\/\/cozyanddozy.com\/pl\/produkt\/poduszka-kokarda-duza-aksamitna-poduszka-z-kokarda-red\/\",\"url\":\"https:\/\/cozyanddozy.com\/pl\/produkt\/poduszka-kokarda-duza-aksamitna-poduszka-z-kokarda-red\/\",\"name\":\"Poduszka kokarda, du\u017ca aksamitna poduszka z kokard\u0105 - Red - Cozy & Dozy\",\"isPartOf\":{\"@id\":\"https:\/\/cozyanddozy.com\/pl\/#website\"},\"primaryImageOfPage\":{\"@id\":\"https:\/\/cozyanddozy.com\/pl\/produkt\/poduszka-kokarda-duza-aksamitna-poduszka-z-kokarda-red\/#primaryimage\"},\"image\":{\"@id\":\"https:\/\/cozyanddozy.com\/pl\/produkt\/poduszka-kokarda-duza-aksamitna-poduszka-z-kokarda-red\/#primaryimage\"},\"thumbnailUrl\":\"https:\/\/cozyanddozy.com\/pl\/wp-content\/uploads\/2024\/11\/IMG_4119-1-scaled.jpeg\",\"datePublished\":\"2024-11-08T23:39:50+00:00\",\"dateModified\":\"2025-09-29T14:10:59+00:00\",\"breadcrumb\":{\"@id\":\"https:\/\/cozyanddozy.com\/pl\/produkt\/poduszka-kokarda-duza-aksamitna-poduszka-z-kokarda-red\/#breadcrumb\"},\"inLanguage\":\"pl-PL\",\"potentialAction\":[{\"@type\":\"ReadAction\",\"target\":[\"https:\/\/cozyanddozy.com\/pl\/produkt\/poduszka-kokarda-duza-aksamitna-poduszka-z-kokarda-red\/\"]}]},{\"@type\":\"ImageObject\",\"inLanguage\":\"pl-PL\",\"@id\":\"https:\/\/cozyanddozy.com\/pl\/produkt\/poduszka-kokarda-duza-aksamitna-poduszka-z-kokarda-red\/#primaryimage\",\"url\":\"https:\/\/cozyanddozy.com\/pl\/wp-content\/uploads\/2024\/11\/IMG_4119-1-scaled.jpeg\",\"contentUrl\":\"https:\/\/cozyanddozy.com\/pl\/wp-content\/uploads\/2024\/11\/IMG_4119-1-scaled.jpeg\",\"width\":2560,\"height\":2560},{\"@type\":\"BreadcrumbList\",\"@id\":\"https:\/\/cozyanddozy.com\/pl\/produkt\/poduszka-kokarda-duza-aksamitna-poduszka-z-kokarda-red\/#breadcrumb\",\"itemListElement\":[{\"@type\":\"ListItem\",\"position\":1,\"name\":\"Home\",\"item\":\"https:\/\/cozyanddozy.com\/pl\/\"},{\"@type\":\"ListItem\",\"position\":2,\"name\":\"Sklep\",\"item\":\"https:\/\/cozyanddozy.com\/pl\/sklep\/\"},{\"@type\":\"ListItem\",\"position\":3,\"name\":\"Poduszka kokarda, du\u017ca aksamitna poduszka z kokard\u0105 &#8211; Red\"}]},{\"@type\":\"WebSite\",\"@id\":\"https:\/\/cozyanddozy.com\/pl\/#website\",\"url\":\"https:\/\/cozyanddozy.com\/pl\/\",\"name\":\"Cozy & Dozy\",\"description\":\"\",\"potentialAction\":[{\"@type\":\"SearchAction\",\"target\":{\"@type\":\"EntryPoint\",\"urlTemplate\":\"https:\/\/cozyanddozy.com\/pl\/?s={search_term_string}\"},\"query-input\":{\"@type\":\"PropertyValueSpecification\",\"valueRequired\":true,\"valueName\":\"search_term_string\"}}],\"inLanguage\":\"pl-PL\"}]}<\/script>\n<meta property=\"product:price:amount\" content=\"249.00\" \/>\n<meta property=\"product:price:currency\" content=\"PLN\" \/>\n<meta property=\"og:availability\" content=\"instock\" \/>\n<meta property=\"product:availability\" content=\"instock\" \/>\n<meta property=\"product:retailer_item_id\" content=\"5902701497941\" \/>\n<meta property=\"product:condition\" content=\"new\" \/>\n<!-- \/ Yoast SEO Premium plugin. -->","yoast_head_json":{"title":"Poduszka kokarda, du\u017ca aksamitna poduszka z kokard\u0105 - Red - Cozy & Dozy","robots":{"index":"index","follow":"follow","max-snippet":"max-snippet:-1","max-image-preview":"max-image-preview:large","max-video-preview":"max-video-preview:-1"},"canonical":"https:\/\/cozyanddozy.com\/pl\/produkt\/poduszka-kokarda-duza-aksamitna-poduszka-z-kokarda-red\/","og_locale":"pl_PL","og_type":"article","og_title":"Poduszka kokarda, du\u017ca aksamitna poduszka z kokard\u0105 - Red","og_description":"Dodaj odrobin\u0119 elegancji i ciep\u0142a do swojego domu dzi\u0119ki naszej du\u017cej czerwonej aksamitnej poduszce z kokard\u0105. Wykonana z wysokiej jako\u015bci, mi\u0119kkiej aksamitnej tkaniny, ta dekoracyjna poduszka o wymiarach 50x65 cm jest idealna do dodania odrobiny koloru do ka\u017cdej przestrzeni.","og_url":"https:\/\/cozyanddozy.com\/pl\/produkt\/poduszka-kokarda-duza-aksamitna-poduszka-z-kokarda-red\/","og_site_name":"Cozy &amp; Dozy","article_modified_time":"2025-09-29T14:10:59+00:00","og_image":[{"width":2560,"height":2560,"url":"https:\/\/cozyanddozy.com\/pl\/wp-content\/uploads\/2024\/11\/IMG_4119-1-scaled.jpeg","type":"image\/jpeg"}],"twitter_card":"summary_large_image","twitter_misc":{"Cena":"249,00&nbsp;&#122;&#322;","Dost\u0119pno\u015b\u0107":"Dost\u0119pny"},"schema":{"@context":"https:\/\/schema.org","@graph":[{"@type":"WebPage","@id":"https:\/\/cozyanddozy.com\/pl\/produkt\/poduszka-kokarda-duza-aksamitna-poduszka-z-kokarda-red\/","url":"https:\/\/cozyanddozy.com\/pl\/produkt\/poduszka-kokarda-duza-aksamitna-poduszka-z-kokarda-red\/","name":"Poduszka kokarda, du\u017ca aksamitna poduszka z kokard\u0105 - Red - Cozy & Dozy","isPartOf":{"@id":"https:\/\/cozyanddozy.com\/pl\/#website"},"primaryImageOfPage":{"@id":"https:\/\/cozyanddozy.com\/pl\/produkt\/poduszka-kokarda-duza-aksamitna-poduszka-z-kokarda-red\/#primaryimage"},"image":{"@id":"https:\/\/cozyanddozy.com\/pl\/produkt\/poduszka-kokarda-duza-aksamitna-poduszka-z-kokarda-red\/#primaryimage"},"thumbnailUrl":"https:\/\/cozyanddozy.com\/pl\/wp-content\/uploads\/2024\/11\/IMG_4119-1-scaled.jpeg","datePublished":"2024-11-08T23:39:50+00:00","dateModified":"2025-09-29T14:10:59+00:00","breadcrumb":{"@id":"https:\/\/cozyanddozy.com\/pl\/produkt\/poduszka-kokarda-duza-aksamitna-poduszka-z-kokarda-red\/#breadcrumb"},"inLanguage":"pl-PL","potentialAction":[{"@type":"ReadAction","target":["https:\/\/cozyanddozy.com\/pl\/produkt\/poduszka-kokarda-duza-aksamitna-poduszka-z-kokarda-red\/"]}]},{"@type":"ImageObject","inLanguage":"pl-PL","@id":"https:\/\/cozyanddozy.com\/pl\/produkt\/poduszka-kokarda-duza-aksamitna-poduszka-z-kokarda-red\/#primaryimage","url":"https:\/\/cozyanddozy.com\/pl\/wp-content\/uploads\/2024\/11\/IMG_4119-1-scaled.jpeg","contentUrl":"https:\/\/cozyanddozy.com\/pl\/wp-content\/uploads\/2024\/11\/IMG_4119-1-scaled.jpeg","width":2560,"height":2560},{"@type":"BreadcrumbList","@id":"https:\/\/cozyanddozy.com\/pl\/produkt\/poduszka-kokarda-duza-aksamitna-poduszka-z-kokarda-red\/#breadcrumb","itemListElement":[{"@type":"ListItem","position":1,"name":"Home","item":"https:\/\/cozyanddozy.com\/pl\/"},{"@type":"ListItem","position":2,"name":"Sklep","item":"https:\/\/cozyanddozy.com\/pl\/sklep\/"},{"@type":"ListItem","position":3,"name":"Poduszka kokarda, du\u017ca aksamitna poduszka z kokard\u0105 &#8211; Red"}]},{"@type":"WebSite","@id":"https:\/\/cozyanddozy.com\/pl\/#website","url":"https:\/\/cozyanddozy.com\/pl\/","name":"Cozy & Dozy","description":"","potentialAction":[{"@type":"SearchAction","target":{"@type":"EntryPoint","urlTemplate":"https:\/\/cozyanddozy.com\/pl\/?s={search_term_string}"},"query-input":{"@type":"PropertyValueSpecification","valueRequired":true,"valueName":"search_term_string"}}],"inLanguage":"pl-PL"}]},"product_price_amount":"249.00","product_price_currency":"PLN","og_availability":"instock","product_availability":"instock","product_retailer_item_id":"5902701497941","product_condition":"new"},"_links":{"self":[{"href":"https:\/\/cozyanddozy.com\/pl\/wp-json\/wp\/v2\/product\/2723","targetHints":{"allow":["GET"]}}],"collection":[{"href":"https:\/\/cozyanddozy.com\/pl\/wp-json\/wp\/v2\/product"}],"about":[{"href":"https:\/\/cozyanddozy.com\/pl\/wp-json\/wp\/v2\/types\/product"}],"replies":[{"embeddable":true,"href":"https:\/\/cozyanddozy.com\/pl\/wp-json\/wp\/v2\/comments?post=2723"}],"wp:featuredmedia":[{"embeddable":true,"href":"https:\/\/cozyanddozy.com\/pl\/wp-json\/wp\/v2\/media\/2850"}],"wp:attachment":[{"href":"https:\/\/cozyanddozy.com\/pl\/wp-json\/wp\/v2\/media?parent=2723"}],"wp:term":[{"taxonomy":"product_brand","embeddable":true,"href":"https:\/\/cozyanddozy.com\/pl\/wp-json\/wp\/v2\/product_brand?post=2723"},{"taxonomy":"product_cat","embeddable":true,"href":"https:\/\/cozyanddozy.com\/pl\/wp-json\/wp\/v2\/product_cat?post=2723"},{"taxonomy":"product_tag","embeddable":true,"href":"https:\/\/cozyanddozy.com\/pl\/wp-json\/wp\/v2\/product_tag?post=2723"}],"curies":[{"name":"wp","href":"https:\/\/api.w.org\/{rel}","templated":true}]}}