{"id":2662,"date":"2024-10-11T12:56:10","date_gmt":"2024-10-11T11:56:10","guid":{"rendered":"https:\/\/cozyanddozy.com\/?post_type=product&#038;p=3128"},"modified":"2025-09-29T16:11:17","modified_gmt":"2025-09-29T14:11:17","slug":"pufa-christmas-candy-duze-swiateczne-dekoracyjne-siedzisko-70x10cm","status":"publish","type":"product","link":"https:\/\/cozyanddozy.com\/pl\/produkt\/pufa-christmas-candy-duze-swiateczne-dekoracyjne-siedzisko-70x10cm\/","title":{"rendered":"Pufa Christmas Candy, du\u017ce \u015bwi\u0105teczne dekoracyjne siedzisko 70x10cm"},"content":{"rendered":"<p><img decoding=\"async\" class=\"alignnone size-medium wp-image-2775 alignright\" src=\"https:\/\/cozyanddozy.com\/pl\/wp-content\/uploads\/2024\/10\/christmas-patchwork-pouf-400x400.jpg\" alt=\"\" width=\"400\" height=\"400\" srcset=\"https:\/\/cozyanddozy.com\/pl\/wp-content\/uploads\/2024\/10\/christmas-patchwork-pouf-400x400.jpg 400w, https:\/\/cozyanddozy.com\/pl\/wp-content\/uploads\/2024\/10\/christmas-patchwork-pouf-1200x1200.jpg 1200w, https:\/\/cozyanddozy.com\/pl\/wp-content\/uploads\/2024\/10\/christmas-patchwork-pouf-150x150.jpg 150w, https:\/\/cozyanddozy.com\/pl\/wp-content\/uploads\/2024\/10\/christmas-patchwork-pouf-768x768.jpg 768w, https:\/\/cozyanddozy.com\/pl\/wp-content\/uploads\/2024\/10\/christmas-patchwork-pouf-1536x1536.jpg 1536w, https:\/\/cozyanddozy.com\/pl\/wp-content\/uploads\/2024\/10\/christmas-patchwork-pouf-2048x2048.jpg 2048w, https:\/\/cozyanddozy.com\/pl\/wp-content\/uploads\/2024\/10\/christmas-patchwork-pouf-470x470.jpg 470w, https:\/\/cozyanddozy.com\/pl\/wp-content\/uploads\/2024\/10\/christmas-patchwork-pouf-800x800.jpg 800w, https:\/\/cozyanddozy.com\/pl\/wp-content\/uploads\/2024\/10\/christmas-patchwork-pouf-100x100.jpg 100w\" sizes=\"(max-width: 400px) 100vw, 400px\" \/><\/p>\n<p><strong>Wprowad\u017a magi\u0119 \u015bwi\u0105t Bo\u017cego Narodzenia do swojego domu i stw\u00f3rz t\u0119 wyj\u0105tkow\u0105 atmosfer\u0119, kt\u00f3ra pojawia si\u0119 tylko raz w roku!<\/strong><\/p>\n<p>Ta \u015bwi\u0105teczna poduszka do siedzenia, przypominaj\u0105ca \u015bwi\u0105teczny cukierek, z pewno\u015bci\u0105 doda uroku i zabawy Twojemu \u015bwi\u0105tecznemu wystrojowi!<\/p>\n<p>Wykonana z mi\u0119kkiego aksamitu w klasycznych \u015bwi\u0105tecznych kolorach zieleni, czerwieni i bieli, tworzy przytuln\u0105 atmosfer\u0119 w ka\u017cdym pomieszczeniu. Z\u0142ote wyko\u0144czenie dodaje odrobin\u0119 elegancji, a okr\u0105g\u0142y kszta\u0142t i zabawny, inspirowany stylem vintage wz\u00f3r sprawiaj\u0105, \u017ce jest naprawd\u0119 wyj\u0105tkowa.<\/p>\n<p>Idealna dla dzieci do siedzenia i zabawy w okresie \u015bwi\u0105tecznym, jest zar\u00f3wno ozdob\u0105, jak i wygodnym siedziskiem.<\/p>\n<p>Wprowad\u017a magi\u0119 \u015bwi\u0105t Bo\u017cego Narodzenia do swojego domu i stw\u00f3rz t\u0119 wyj\u0105tkow\u0105 atmosfer\u0119, kt\u00f3ra pojawia si\u0119 tylko raz w roku!<\/p>\n<p>MATERIA\u0141Y:<\/p>\n<p>Puf jest wype\u0142niony antyalergiczn\u0105 piank\u0105. Wykonany z tkaniny VELVET.<\/p>\n<p>Pastelowa poduszka pod\u0142ogowa ma zamek b\u0142yskawiczny, dzi\u0119ki czemu jest \u0142atwa do prania.<\/p>\n<p>Specyfikacja:<\/p>\n<p>&#8211; Wymiary: ok. 70 \u00d7 10 cm (+\/- 2,5 cm)<\/p>\n<p>&#8211; Wype\u0142nienie pianka antyalergiczna i kulka<\/p>\n<p>&#8211; Materia\u0142: welur aksamitny \u2013 CE<\/p>\n<p>Spos\u00f3b piel\u0119gnacji:<\/p>\n<p>&#8211; Nie prasowa\u0107<\/p>\n<p>&#8211; Mo\u017cna pra\u0107 w pralce w 40 stopniach, wirowanie \u2013 800 obrot\u00f3w<\/p>\n<p>&#8211; Nie czy\u015bci\u0107 chemicznie<\/p>\n<p>&#8211; Nie wybiela\u0107<\/p>\n<p>Zaprojektowano i uszyto w Polsce przez Cozy &amp; Dozy<\/p>\n","protected":false},"excerpt":{"rendered":"<p>Wprowad\u017a magi\u0119 \u015bwi\u0105t Bo\u017cego Narodzenia do swojego domu i stw\u00f3rz t\u0119 wyj\u0105tkow\u0105 atmosfer\u0119, kt\u00f3ra pojawia si\u0119 tylko raz w roku!<\/p>\n","protected":false},"featured_media":2774,"comment_status":"open","ping_status":"closed","template":"","meta":[],"product_brand":[],"product_cat":[73,17],"product_tag":[],"class_list":{"0":"post-2662","1":"product","2":"type-product","3":"status-publish","4":"has-post-thumbnail","6":"product_cat-boze-narodzenie","7":"product_cat-poduszki-i-pufy","9":"first","10":"instock","11":"product-type-simple"},"yoast_head":"<!-- This site is optimized with the Yoast SEO Premium plugin v21.9 (Yoast SEO v27.0) - https:\/\/yoast.com\/product\/yoast-seo-premium-wordpress\/ -->\n<title>Pufa Christmas Candy, du\u017ce \u015bwi\u0105teczne dekoracyjne siedzisko 70x10cm - Cozy &amp; Dozy<\/title>\n<meta name=\"description\" content=\"Grey decorative pouffe for a child is a large, cozy seat perfect for everyday games and rest.\" \/>\n<meta name=\"robots\" content=\"index, follow, max-snippet:-1, max-image-preview:large, max-video-preview:-1\" \/>\n<link rel=\"canonical\" href=\"https:\/\/cozyanddozy.com\/pl\/produkt\/pufa-christmas-candy-duze-swiateczne-dekoracyjne-siedzisko-70x10cm\/\" \/>\n<meta property=\"og:locale\" content=\"pl_PL\" \/>\n<meta property=\"og:type\" content=\"article\" \/>\n<meta property=\"og:title\" content=\"Pufa Christmas Candy, du\u017ce \u015bwi\u0105teczne dekoracyjne siedzisko 70x10cm\" \/>\n<meta property=\"og:description\" content=\"Grey decorative pouffe for a child is a large, cozy seat perfect for everyday games and rest.\" \/>\n<meta property=\"og:url\" content=\"https:\/\/cozyanddozy.com\/pl\/produkt\/pufa-christmas-candy-duze-swiateczne-dekoracyjne-siedzisko-70x10cm\/\" \/>\n<meta property=\"og:site_name\" content=\"Cozy &amp; Dozy\" \/>\n<meta property=\"article:modified_time\" content=\"2025-09-29T14:11:17+00:00\" \/>\n<meta property=\"og:image\" content=\"https:\/\/cozyanddozy.com\/pl\/wp-content\/uploads\/2024\/10\/christmas-pillows-collection-cozy-dozy-scaled.jpg\" \/>\n\t<meta property=\"og:image:width\" content=\"2560\" \/>\n\t<meta property=\"og:image:height\" content=\"2560\" \/>\n\t<meta property=\"og:image:type\" content=\"image\/jpeg\" \/>\n<meta name=\"twitter:card\" content=\"summary_large_image\" \/>\n<meta name=\"twitter:label1\" content=\"Cena\" \/>\n\t<meta name=\"twitter:data1\" content=\"299,00&nbsp;&#122;&#322;\" \/>\n\t<meta name=\"twitter:label2\" content=\"Dost\u0119pno\u015b\u0107\" \/>\n\t<meta name=\"twitter:data2\" content=\"Dost\u0119pny\" \/>\n<script type=\"application\/ld+json\" class=\"yoast-schema-graph\">{\"@context\":\"https:\/\/schema.org\",\"@graph\":[{\"@type\":\"WebPage\",\"@id\":\"https:\/\/cozyanddozy.com\/pl\/produkt\/pufa-christmas-candy-duze-swiateczne-dekoracyjne-siedzisko-70x10cm\/\",\"url\":\"https:\/\/cozyanddozy.com\/pl\/produkt\/pufa-christmas-candy-duze-swiateczne-dekoracyjne-siedzisko-70x10cm\/\",\"name\":\"Pufa Christmas Candy, du\u017ce \u015bwi\u0105teczne dekoracyjne siedzisko 70x10cm - Cozy & Dozy\",\"isPartOf\":{\"@id\":\"https:\/\/cozyanddozy.com\/pl\/#website\"},\"primaryImageOfPage\":{\"@id\":\"https:\/\/cozyanddozy.com\/pl\/produkt\/pufa-christmas-candy-duze-swiateczne-dekoracyjne-siedzisko-70x10cm\/#primaryimage\"},\"image\":{\"@id\":\"https:\/\/cozyanddozy.com\/pl\/produkt\/pufa-christmas-candy-duze-swiateczne-dekoracyjne-siedzisko-70x10cm\/#primaryimage\"},\"thumbnailUrl\":\"https:\/\/cozyanddozy.com\/pl\/wp-content\/uploads\/2024\/10\/christmas-pillows-collection-cozy-dozy-scaled.jpg\",\"datePublished\":\"2024-10-11T11:56:10+00:00\",\"dateModified\":\"2025-09-29T14:11:17+00:00\",\"description\":\"Grey decorative pouffe for a child is a large, cozy seat perfect for everyday games and rest.\",\"breadcrumb\":{\"@id\":\"https:\/\/cozyanddozy.com\/pl\/produkt\/pufa-christmas-candy-duze-swiateczne-dekoracyjne-siedzisko-70x10cm\/#breadcrumb\"},\"inLanguage\":\"pl-PL\",\"potentialAction\":[{\"@type\":\"ReadAction\",\"target\":[\"https:\/\/cozyanddozy.com\/pl\/produkt\/pufa-christmas-candy-duze-swiateczne-dekoracyjne-siedzisko-70x10cm\/\"]}]},{\"@type\":\"ImageObject\",\"inLanguage\":\"pl-PL\",\"@id\":\"https:\/\/cozyanddozy.com\/pl\/produkt\/pufa-christmas-candy-duze-swiateczne-dekoracyjne-siedzisko-70x10cm\/#primaryimage\",\"url\":\"https:\/\/cozyanddozy.com\/pl\/wp-content\/uploads\/2024\/10\/christmas-pillows-collection-cozy-dozy-scaled.jpg\",\"contentUrl\":\"https:\/\/cozyanddozy.com\/pl\/wp-content\/uploads\/2024\/10\/christmas-pillows-collection-cozy-dozy-scaled.jpg\",\"width\":2560,\"height\":2560},{\"@type\":\"BreadcrumbList\",\"@id\":\"https:\/\/cozyanddozy.com\/pl\/produkt\/pufa-christmas-candy-duze-swiateczne-dekoracyjne-siedzisko-70x10cm\/#breadcrumb\",\"itemListElement\":[{\"@type\":\"ListItem\",\"position\":1,\"name\":\"Home\",\"item\":\"https:\/\/cozyanddozy.com\/pl\/\"},{\"@type\":\"ListItem\",\"position\":2,\"name\":\"Sklep\",\"item\":\"https:\/\/cozyanddozy.com\/pl\/sklep\/\"},{\"@type\":\"ListItem\",\"position\":3,\"name\":\"Pufa Christmas Candy, du\u017ce \u015bwi\u0105teczne dekoracyjne siedzisko 70x10cm\"}]},{\"@type\":\"WebSite\",\"@id\":\"https:\/\/cozyanddozy.com\/pl\/#website\",\"url\":\"https:\/\/cozyanddozy.com\/pl\/\",\"name\":\"Cozy & Dozy\",\"description\":\"\",\"potentialAction\":[{\"@type\":\"SearchAction\",\"target\":{\"@type\":\"EntryPoint\",\"urlTemplate\":\"https:\/\/cozyanddozy.com\/pl\/?s={search_term_string}\"},\"query-input\":{\"@type\":\"PropertyValueSpecification\",\"valueRequired\":true,\"valueName\":\"search_term_string\"}}],\"inLanguage\":\"pl-PL\"}]}<\/script>\n<meta property=\"product:price:amount\" content=\"299.00\" \/>\n<meta property=\"product:price:currency\" content=\"PLN\" \/>\n<meta property=\"og:availability\" content=\"instock\" \/>\n<meta property=\"product:availability\" content=\"instock\" \/>\n<meta property=\"product:retailer_item_id\" content=\"5902701496081-1-1-1\" \/>\n<meta property=\"product:condition\" content=\"new\" \/>\n<!-- \/ Yoast SEO Premium plugin. -->","yoast_head_json":{"title":"Pufa Christmas Candy, du\u017ce \u015bwi\u0105teczne dekoracyjne siedzisko 70x10cm - Cozy & Dozy","description":"Grey decorative pouffe for a child is a large, cozy seat perfect for everyday games and rest.","robots":{"index":"index","follow":"follow","max-snippet":"max-snippet:-1","max-image-preview":"max-image-preview:large","max-video-preview":"max-video-preview:-1"},"canonical":"https:\/\/cozyanddozy.com\/pl\/produkt\/pufa-christmas-candy-duze-swiateczne-dekoracyjne-siedzisko-70x10cm\/","og_locale":"pl_PL","og_type":"article","og_title":"Pufa Christmas Candy, du\u017ce \u015bwi\u0105teczne dekoracyjne siedzisko 70x10cm","og_description":"Grey decorative pouffe for a child is a large, cozy seat perfect for everyday games and rest.","og_url":"https:\/\/cozyanddozy.com\/pl\/produkt\/pufa-christmas-candy-duze-swiateczne-dekoracyjne-siedzisko-70x10cm\/","og_site_name":"Cozy &amp; Dozy","article_modified_time":"2025-09-29T14:11:17+00:00","og_image":[{"width":2560,"height":2560,"url":"https:\/\/cozyanddozy.com\/pl\/wp-content\/uploads\/2024\/10\/christmas-pillows-collection-cozy-dozy-scaled.jpg","type":"image\/jpeg"}],"twitter_card":"summary_large_image","twitter_misc":{"Cena":"299,00&nbsp;&#122;&#322;","Dost\u0119pno\u015b\u0107":"Dost\u0119pny"},"schema":{"@context":"https:\/\/schema.org","@graph":[{"@type":"WebPage","@id":"https:\/\/cozyanddozy.com\/pl\/produkt\/pufa-christmas-candy-duze-swiateczne-dekoracyjne-siedzisko-70x10cm\/","url":"https:\/\/cozyanddozy.com\/pl\/produkt\/pufa-christmas-candy-duze-swiateczne-dekoracyjne-siedzisko-70x10cm\/","name":"Pufa Christmas Candy, du\u017ce \u015bwi\u0105teczne dekoracyjne siedzisko 70x10cm - Cozy & Dozy","isPartOf":{"@id":"https:\/\/cozyanddozy.com\/pl\/#website"},"primaryImageOfPage":{"@id":"https:\/\/cozyanddozy.com\/pl\/produkt\/pufa-christmas-candy-duze-swiateczne-dekoracyjne-siedzisko-70x10cm\/#primaryimage"},"image":{"@id":"https:\/\/cozyanddozy.com\/pl\/produkt\/pufa-christmas-candy-duze-swiateczne-dekoracyjne-siedzisko-70x10cm\/#primaryimage"},"thumbnailUrl":"https:\/\/cozyanddozy.com\/pl\/wp-content\/uploads\/2024\/10\/christmas-pillows-collection-cozy-dozy-scaled.jpg","datePublished":"2024-10-11T11:56:10+00:00","dateModified":"2025-09-29T14:11:17+00:00","description":"Grey decorative pouffe for a child is a large, cozy seat perfect for everyday games and rest.","breadcrumb":{"@id":"https:\/\/cozyanddozy.com\/pl\/produkt\/pufa-christmas-candy-duze-swiateczne-dekoracyjne-siedzisko-70x10cm\/#breadcrumb"},"inLanguage":"pl-PL","potentialAction":[{"@type":"ReadAction","target":["https:\/\/cozyanddozy.com\/pl\/produkt\/pufa-christmas-candy-duze-swiateczne-dekoracyjne-siedzisko-70x10cm\/"]}]},{"@type":"ImageObject","inLanguage":"pl-PL","@id":"https:\/\/cozyanddozy.com\/pl\/produkt\/pufa-christmas-candy-duze-swiateczne-dekoracyjne-siedzisko-70x10cm\/#primaryimage","url":"https:\/\/cozyanddozy.com\/pl\/wp-content\/uploads\/2024\/10\/christmas-pillows-collection-cozy-dozy-scaled.jpg","contentUrl":"https:\/\/cozyanddozy.com\/pl\/wp-content\/uploads\/2024\/10\/christmas-pillows-collection-cozy-dozy-scaled.jpg","width":2560,"height":2560},{"@type":"BreadcrumbList","@id":"https:\/\/cozyanddozy.com\/pl\/produkt\/pufa-christmas-candy-duze-swiateczne-dekoracyjne-siedzisko-70x10cm\/#breadcrumb","itemListElement":[{"@type":"ListItem","position":1,"name":"Home","item":"https:\/\/cozyanddozy.com\/pl\/"},{"@type":"ListItem","position":2,"name":"Sklep","item":"https:\/\/cozyanddozy.com\/pl\/sklep\/"},{"@type":"ListItem","position":3,"name":"Pufa Christmas Candy, du\u017ce \u015bwi\u0105teczne dekoracyjne siedzisko 70x10cm"}]},{"@type":"WebSite","@id":"https:\/\/cozyanddozy.com\/pl\/#website","url":"https:\/\/cozyanddozy.com\/pl\/","name":"Cozy & Dozy","description":"","potentialAction":[{"@type":"SearchAction","target":{"@type":"EntryPoint","urlTemplate":"https:\/\/cozyanddozy.com\/pl\/?s={search_term_string}"},"query-input":{"@type":"PropertyValueSpecification","valueRequired":true,"valueName":"search_term_string"}}],"inLanguage":"pl-PL"}]},"product_price_amount":"299.00","product_price_currency":"PLN","og_availability":"instock","product_availability":"instock","product_retailer_item_id":"5902701496081-1-1-1","product_condition":"new"},"_links":{"self":[{"href":"https:\/\/cozyanddozy.com\/pl\/wp-json\/wp\/v2\/product\/2662","targetHints":{"allow":["GET"]}}],"collection":[{"href":"https:\/\/cozyanddozy.com\/pl\/wp-json\/wp\/v2\/product"}],"about":[{"href":"https:\/\/cozyanddozy.com\/pl\/wp-json\/wp\/v2\/types\/product"}],"replies":[{"embeddable":true,"href":"https:\/\/cozyanddozy.com\/pl\/wp-json\/wp\/v2\/comments?post=2662"}],"wp:featuredmedia":[{"embeddable":true,"href":"https:\/\/cozyanddozy.com\/pl\/wp-json\/wp\/v2\/media\/2774"}],"wp:attachment":[{"href":"https:\/\/cozyanddozy.com\/pl\/wp-json\/wp\/v2\/media?parent=2662"}],"wp:term":[{"taxonomy":"product_brand","embeddable":true,"href":"https:\/\/cozyanddozy.com\/pl\/wp-json\/wp\/v2\/product_brand?post=2662"},{"taxonomy":"product_cat","embeddable":true,"href":"https:\/\/cozyanddozy.com\/pl\/wp-json\/wp\/v2\/product_cat?post=2662"},{"taxonomy":"product_tag","embeddable":true,"href":"https:\/\/cozyanddozy.com\/pl\/wp-json\/wp\/v2\/product_tag?post=2662"}],"curies":[{"name":"wp","href":"https:\/\/api.w.org\/{rel}","templated":true}]}}