{"id":2653,"date":"2024-10-11T12:27:34","date_gmt":"2024-10-11T11:27:34","guid":{"rendered":"https:\/\/cozyanddozy.com\/?post_type=product&#038;p=3126"},"modified":"2025-09-29T16:11:54","modified_gmt":"2025-09-29T14:11:54","slug":"pufa-dla-dzieci-pastel-rainbow-velvet-patchworkowe-siedzisko","status":"publish","type":"product","link":"https:\/\/cozyanddozy.com\/pl\/produkt\/pufa-dla-dzieci-pastel-rainbow-velvet-patchworkowe-siedzisko\/","title":{"rendered":"Pufa dla dzieci Pastel Rainbow Velvet patchworkowe siedzisko"},"content":{"rendered":"<h3>Patchworkowa poduszka pod\u0142ogowa Pastel Velvet<\/h3>\n<p><strong>Dekoracyjna pufka dla dziecka<\/strong>, to du\u017ce, <strong>przytulne siedzisko<\/strong> idealne do codziennych zabaw i odpoczynku. Pufa posiada wype\u0142nienie z antyalergicznej pianki. <strong>Pod\u0142ogowa poduszka<\/strong> Grey posiada zamek, dzi\u0119ki czemu u\u0142atwia pranie.\u00a0<strong>Kolorowy puf<\/strong> to pi\u0119kna dekoracja pokoju dziecka i ulubione miejsce do zabawy.<\/p>\n<p><strong>Poduszka na pod\u0142og\u0119<\/strong>, to idealna <strong>pufa do pokoju m\u0142odzie\u017cowego.<\/strong><\/p>\n<p><strong>Pastel Rainbow VELVET \u2013 poduszka patchworkowa w kolorach: r\u00f3\u017cowy,\u00a0b\u0142\u0119kitny, zielony, ecru.<\/strong><\/p>\n<p>Specyfikacja:<\/p>\n<ul>\n<li>Wymiary: ok. 70\u00d710 cm (+\/- 2.5cm)<\/li>\n<li>Wype\u0142nienie antyalergiczna pianka i kulka<\/li>\n<\/ul>\n<p>Tkanina: Velvet welur \u2013\u00a0 Annex 4, product class I, CE<\/p>\n<p>W kolekcji Velvet znajdziesz inne kolory i rozmiary <strong>puf, oraz namioty tipi, girlandy, dywaniki i poduszki.<\/strong><\/p>\n<p>Spos\u00f3b piel\u0119gnacji:<\/p>\n<ul>\n<li>Nie prasowa\u0107<\/li>\n<li>Mo\u017cna pra\u0107 w pralce w temperaturze 40 stopni, wirowanie \u2013 800 obrot\u00f3w<\/li>\n<li>Nie pra\u0107 chemicznie<\/li>\n<li>Nie wybiela\u0107<\/li>\n<\/ul>\n<p>Zaprojektowane i uszyte w Polsce przez Cozy &amp; Dozy<\/p>\n","protected":false},"excerpt":{"rendered":"<p>Pastel\u00a0<strong>decorative pouffe for a child<\/strong> is a large, cozy seat perfect for everyday games and rest.<\/p>\n","protected":false},"featured_media":2488,"comment_status":"open","ping_status":"closed","template":"","meta":[],"product_brand":[],"product_cat":[17],"product_tag":[],"class_list":{"0":"post-2653","1":"product","2":"type-product","3":"status-publish","4":"has-post-thumbnail","6":"product_cat-poduszki-i-pufy","8":"first","9":"instock","10":"sale","11":"product-type-simple"},"yoast_head":"<!-- This site is optimized with the Yoast SEO Premium plugin v21.9 (Yoast SEO v27.0) - https:\/\/yoast.com\/product\/yoast-seo-premium-wordpress\/ -->\n<title>Pufa dla dzieci Pastel Rainbow Velvet patchworkowe siedzisko - Cozy &amp; Dozy<\/title>\n<meta name=\"description\" content=\"Grey decorative pouffe for a child is a large, cozy seat perfect for everyday games and rest.\" \/>\n<meta name=\"robots\" content=\"index, follow, max-snippet:-1, max-image-preview:large, max-video-preview:-1\" \/>\n<link rel=\"canonical\" href=\"https:\/\/cozyanddozy.com\/pl\/produkt\/pufa-dla-dzieci-pastel-rainbow-velvet-patchworkowe-siedzisko\/\" \/>\n<meta property=\"og:locale\" content=\"pl_PL\" \/>\n<meta property=\"og:type\" content=\"article\" \/>\n<meta property=\"og:title\" content=\"Pufa dla dzieci Pastel Rainbow Velvet patchworkowe siedzisko\" \/>\n<meta property=\"og:description\" content=\"Grey decorative pouffe for a child is a large, cozy seat perfect for everyday games and rest.\" \/>\n<meta property=\"og:url\" content=\"https:\/\/cozyanddozy.com\/pl\/produkt\/pufa-dla-dzieci-pastel-rainbow-velvet-patchworkowe-siedzisko\/\" \/>\n<meta property=\"og:site_name\" content=\"Cozy &amp; Dozy\" \/>\n<meta property=\"article:modified_time\" content=\"2025-09-29T14:11:54+00:00\" \/>\n<meta property=\"og:image\" content=\"https:\/\/cozyanddozy.com\/pl\/wp-content\/uploads\/2024\/05\/round-patchwork-pastel-pouf-scaled.jpeg\" \/>\n\t<meta property=\"og:image:width\" content=\"2560\" \/>\n\t<meta property=\"og:image:height\" content=\"2560\" \/>\n\t<meta property=\"og:image:type\" content=\"image\/jpeg\" \/>\n<meta name=\"twitter:card\" content=\"summary_large_image\" \/>\n<meta name=\"twitter:label1\" content=\"Cena\" \/>\n\t<meta name=\"twitter:data1\" content=\"249,00&nbsp;&#122;&#322;\" \/>\n\t<meta name=\"twitter:label2\" content=\"Dost\u0119pno\u015b\u0107\" \/>\n\t<meta name=\"twitter:data2\" content=\"Dost\u0119pny\" \/>\n<script type=\"application\/ld+json\" class=\"yoast-schema-graph\">{\"@context\":\"https:\/\/schema.org\",\"@graph\":[{\"@type\":\"WebPage\",\"@id\":\"https:\/\/cozyanddozy.com\/pl\/produkt\/pufa-dla-dzieci-pastel-rainbow-velvet-patchworkowe-siedzisko\/\",\"url\":\"https:\/\/cozyanddozy.com\/pl\/produkt\/pufa-dla-dzieci-pastel-rainbow-velvet-patchworkowe-siedzisko\/\",\"name\":\"Pufa dla dzieci Pastel Rainbow Velvet patchworkowe siedzisko - Cozy & Dozy\",\"isPartOf\":{\"@id\":\"https:\/\/cozyanddozy.com\/pl\/#website\"},\"primaryImageOfPage\":{\"@id\":\"https:\/\/cozyanddozy.com\/pl\/produkt\/pufa-dla-dzieci-pastel-rainbow-velvet-patchworkowe-siedzisko\/#primaryimage\"},\"image\":{\"@id\":\"https:\/\/cozyanddozy.com\/pl\/produkt\/pufa-dla-dzieci-pastel-rainbow-velvet-patchworkowe-siedzisko\/#primaryimage\"},\"thumbnailUrl\":\"https:\/\/cozyanddozy.com\/pl\/wp-content\/uploads\/2024\/05\/round-patchwork-pastel-pouf-scaled.jpeg\",\"datePublished\":\"2024-10-11T11:27:34+00:00\",\"dateModified\":\"2025-09-29T14:11:54+00:00\",\"description\":\"Grey decorative pouffe for a child is a large, cozy seat perfect for everyday games and rest.\",\"breadcrumb\":{\"@id\":\"https:\/\/cozyanddozy.com\/pl\/produkt\/pufa-dla-dzieci-pastel-rainbow-velvet-patchworkowe-siedzisko\/#breadcrumb\"},\"inLanguage\":\"pl-PL\",\"potentialAction\":[{\"@type\":\"ReadAction\",\"target\":[\"https:\/\/cozyanddozy.com\/pl\/produkt\/pufa-dla-dzieci-pastel-rainbow-velvet-patchworkowe-siedzisko\/\"]}]},{\"@type\":\"ImageObject\",\"inLanguage\":\"pl-PL\",\"@id\":\"https:\/\/cozyanddozy.com\/pl\/produkt\/pufa-dla-dzieci-pastel-rainbow-velvet-patchworkowe-siedzisko\/#primaryimage\",\"url\":\"https:\/\/cozyanddozy.com\/pl\/wp-content\/uploads\/2024\/05\/round-patchwork-pastel-pouf-scaled.jpeg\",\"contentUrl\":\"https:\/\/cozyanddozy.com\/pl\/wp-content\/uploads\/2024\/05\/round-patchwork-pastel-pouf-scaled.jpeg\",\"width\":2560,\"height\":2560},{\"@type\":\"BreadcrumbList\",\"@id\":\"https:\/\/cozyanddozy.com\/pl\/produkt\/pufa-dla-dzieci-pastel-rainbow-velvet-patchworkowe-siedzisko\/#breadcrumb\",\"itemListElement\":[{\"@type\":\"ListItem\",\"position\":1,\"name\":\"Home\",\"item\":\"https:\/\/cozyanddozy.com\/pl\/\"},{\"@type\":\"ListItem\",\"position\":2,\"name\":\"Sklep\",\"item\":\"https:\/\/cozyanddozy.com\/pl\/sklep\/\"},{\"@type\":\"ListItem\",\"position\":3,\"name\":\"Pufa dla dzieci Pastel Rainbow Velvet patchworkowe siedzisko\"}]},{\"@type\":\"WebSite\",\"@id\":\"https:\/\/cozyanddozy.com\/pl\/#website\",\"url\":\"https:\/\/cozyanddozy.com\/pl\/\",\"name\":\"Cozy & Dozy\",\"description\":\"\",\"potentialAction\":[{\"@type\":\"SearchAction\",\"target\":{\"@type\":\"EntryPoint\",\"urlTemplate\":\"https:\/\/cozyanddozy.com\/pl\/?s={search_term_string}\"},\"query-input\":{\"@type\":\"PropertyValueSpecification\",\"valueRequired\":true,\"valueName\":\"search_term_string\"}}],\"inLanguage\":\"pl-PL\"}]}<\/script>\n<meta property=\"product:price:amount\" content=\"249.00\" \/>\n<meta property=\"product:price:currency\" content=\"PLN\" \/>\n<meta property=\"og:availability\" content=\"instock\" \/>\n<meta property=\"product:availability\" content=\"instock\" \/>\n<meta property=\"product:retailer_item_id\" content=\"5902701496081-1\" \/>\n<meta property=\"product:condition\" content=\"new\" \/>\n<!-- \/ Yoast SEO Premium plugin. -->","yoast_head_json":{"title":"Pufa dla dzieci Pastel Rainbow Velvet patchworkowe siedzisko - Cozy & Dozy","description":"Grey decorative pouffe for a child is a large, cozy seat perfect for everyday games and rest.","robots":{"index":"index","follow":"follow","max-snippet":"max-snippet:-1","max-image-preview":"max-image-preview:large","max-video-preview":"max-video-preview:-1"},"canonical":"https:\/\/cozyanddozy.com\/pl\/produkt\/pufa-dla-dzieci-pastel-rainbow-velvet-patchworkowe-siedzisko\/","og_locale":"pl_PL","og_type":"article","og_title":"Pufa dla dzieci Pastel Rainbow Velvet patchworkowe siedzisko","og_description":"Grey decorative pouffe for a child is a large, cozy seat perfect for everyday games and rest.","og_url":"https:\/\/cozyanddozy.com\/pl\/produkt\/pufa-dla-dzieci-pastel-rainbow-velvet-patchworkowe-siedzisko\/","og_site_name":"Cozy &amp; Dozy","article_modified_time":"2025-09-29T14:11:54+00:00","og_image":[{"width":2560,"height":2560,"url":"https:\/\/cozyanddozy.com\/pl\/wp-content\/uploads\/2024\/05\/round-patchwork-pastel-pouf-scaled.jpeg","type":"image\/jpeg"}],"twitter_card":"summary_large_image","twitter_misc":{"Cena":"249,00&nbsp;&#122;&#322;","Dost\u0119pno\u015b\u0107":"Dost\u0119pny"},"schema":{"@context":"https:\/\/schema.org","@graph":[{"@type":"WebPage","@id":"https:\/\/cozyanddozy.com\/pl\/produkt\/pufa-dla-dzieci-pastel-rainbow-velvet-patchworkowe-siedzisko\/","url":"https:\/\/cozyanddozy.com\/pl\/produkt\/pufa-dla-dzieci-pastel-rainbow-velvet-patchworkowe-siedzisko\/","name":"Pufa dla dzieci Pastel Rainbow Velvet patchworkowe siedzisko - Cozy & Dozy","isPartOf":{"@id":"https:\/\/cozyanddozy.com\/pl\/#website"},"primaryImageOfPage":{"@id":"https:\/\/cozyanddozy.com\/pl\/produkt\/pufa-dla-dzieci-pastel-rainbow-velvet-patchworkowe-siedzisko\/#primaryimage"},"image":{"@id":"https:\/\/cozyanddozy.com\/pl\/produkt\/pufa-dla-dzieci-pastel-rainbow-velvet-patchworkowe-siedzisko\/#primaryimage"},"thumbnailUrl":"https:\/\/cozyanddozy.com\/pl\/wp-content\/uploads\/2024\/05\/round-patchwork-pastel-pouf-scaled.jpeg","datePublished":"2024-10-11T11:27:34+00:00","dateModified":"2025-09-29T14:11:54+00:00","description":"Grey decorative pouffe for a child is a large, cozy seat perfect for everyday games and rest.","breadcrumb":{"@id":"https:\/\/cozyanddozy.com\/pl\/produkt\/pufa-dla-dzieci-pastel-rainbow-velvet-patchworkowe-siedzisko\/#breadcrumb"},"inLanguage":"pl-PL","potentialAction":[{"@type":"ReadAction","target":["https:\/\/cozyanddozy.com\/pl\/produkt\/pufa-dla-dzieci-pastel-rainbow-velvet-patchworkowe-siedzisko\/"]}]},{"@type":"ImageObject","inLanguage":"pl-PL","@id":"https:\/\/cozyanddozy.com\/pl\/produkt\/pufa-dla-dzieci-pastel-rainbow-velvet-patchworkowe-siedzisko\/#primaryimage","url":"https:\/\/cozyanddozy.com\/pl\/wp-content\/uploads\/2024\/05\/round-patchwork-pastel-pouf-scaled.jpeg","contentUrl":"https:\/\/cozyanddozy.com\/pl\/wp-content\/uploads\/2024\/05\/round-patchwork-pastel-pouf-scaled.jpeg","width":2560,"height":2560},{"@type":"BreadcrumbList","@id":"https:\/\/cozyanddozy.com\/pl\/produkt\/pufa-dla-dzieci-pastel-rainbow-velvet-patchworkowe-siedzisko\/#breadcrumb","itemListElement":[{"@type":"ListItem","position":1,"name":"Home","item":"https:\/\/cozyanddozy.com\/pl\/"},{"@type":"ListItem","position":2,"name":"Sklep","item":"https:\/\/cozyanddozy.com\/pl\/sklep\/"},{"@type":"ListItem","position":3,"name":"Pufa dla dzieci Pastel Rainbow Velvet patchworkowe siedzisko"}]},{"@type":"WebSite","@id":"https:\/\/cozyanddozy.com\/pl\/#website","url":"https:\/\/cozyanddozy.com\/pl\/","name":"Cozy & Dozy","description":"","potentialAction":[{"@type":"SearchAction","target":{"@type":"EntryPoint","urlTemplate":"https:\/\/cozyanddozy.com\/pl\/?s={search_term_string}"},"query-input":{"@type":"PropertyValueSpecification","valueRequired":true,"valueName":"search_term_string"}}],"inLanguage":"pl-PL"}]},"product_price_amount":"249.00","product_price_currency":"PLN","og_availability":"instock","product_availability":"instock","product_retailer_item_id":"5902701496081-1","product_condition":"new"},"_links":{"self":[{"href":"https:\/\/cozyanddozy.com\/pl\/wp-json\/wp\/v2\/product\/2653","targetHints":{"allow":["GET"]}}],"collection":[{"href":"https:\/\/cozyanddozy.com\/pl\/wp-json\/wp\/v2\/product"}],"about":[{"href":"https:\/\/cozyanddozy.com\/pl\/wp-json\/wp\/v2\/types\/product"}],"replies":[{"embeddable":true,"href":"https:\/\/cozyanddozy.com\/pl\/wp-json\/wp\/v2\/comments?post=2653"}],"wp:featuredmedia":[{"embeddable":true,"href":"https:\/\/cozyanddozy.com\/pl\/wp-json\/wp\/v2\/media\/2488"}],"wp:attachment":[{"href":"https:\/\/cozyanddozy.com\/pl\/wp-json\/wp\/v2\/media?parent=2653"}],"wp:term":[{"taxonomy":"product_brand","embeddable":true,"href":"https:\/\/cozyanddozy.com\/pl\/wp-json\/wp\/v2\/product_brand?post=2653"},{"taxonomy":"product_cat","embeddable":true,"href":"https:\/\/cozyanddozy.com\/pl\/wp-json\/wp\/v2\/product_cat?post=2653"},{"taxonomy":"product_tag","embeddable":true,"href":"https:\/\/cozyanddozy.com\/pl\/wp-json\/wp\/v2\/product_tag?post=2653"}],"curies":[{"name":"wp","href":"https:\/\/api.w.org\/{rel}","templated":true}]}}