{"id":2552,"date":"2024-07-02T21:48:08","date_gmt":"2024-07-02T20:48:08","guid":{"rendered":"https:\/\/cozyanddozy.com\/?post_type=product&#038;p=3001"},"modified":"2025-09-29T16:12:15","modified_gmt":"2025-09-29T14:12:15","slug":"niebieska-poduszka-konik-morski","status":"publish","type":"product","link":"https:\/\/cozyanddozy.com\/pl\/produkt\/niebieska-poduszka-konik-morski\/","title":{"rendered":"Niebieska poduszka konik morski"},"content":{"rendered":"<h3><b>Podkre\u015bl dekoracj\u0119 pokoju Twojego dziecka i podaruj im niezwyk\u0142ego przyjaciela &#8211; poduszk\u0119 konika morskiego!<\/b><\/h3>\n<p><b>Poduszka dla dzieci z motywem konika morskiego<\/b> to nie tylko <b>pi\u0119kny dodatek do pokoju, ale przede wszystkim doskona\u0142y towarzysz podczas zabawy.<\/b><\/p>\n<p>Ta <b>du\u017ca poduszka o wymiarach 70&#215;60 cm<\/b> jest <b>wykonana z mi\u0119kkiego welwetu i dekoracyjnej tkaniny o b\u0142yszcz\u0105cej strukturze<\/b>, dodaj\u0105c jej uroku.<\/p>\n<p>To nie tylko <b>element dekoracyjny, ale tak\u017ce idealny przytulny kompan podczas codziennej zabawy<\/b>. Z my\u015bl\u0105 o bezpiecze\u0144stwie dziecka, poduszka <b>wykonana jest z europejskich tkanin.<\/b> Mi\u0119kkie, antyalergiczne wype\u0142nienie powoduje, \u017ce poduszka jest przyjemny w dotyku i zapewnia komfort i wygod\u0119 podczas zabawy i odpoczynku. Jej rozmiar sprawia, \u017ce idealnie nadaje si\u0119 do przytulania, a uroczy motyw konika morskiego zach\u0119ca do codziennej kreatywnej zabawy.<\/p>\n<p><b>Niebieska poduszka konik morski<\/b> b\u0119dzie nie tylko wspania\u0142ym dodatkiem do pokoju dzieci\u0119cego, ale tak\u017ce towarzyszem w codziennych przygodach. <b>Jest \u0142atwa w utrzymaniu, poniewa\u017c mo\u017cna j\u0105 pra\u0107 w pralce bez problemu.<\/b> Co najlepsze, jest <b>zaprojektowana i wykonana w Polsce<\/b> <b>przez mark\u0119 Cozy&amp;Dozy,<\/b> co gwarantuje najwy\u017csz\u0105 jako\u015b\u0107 i bezpieczne materia\u0142y. Przynosi ona nie tylko przytuln\u0105 atmosfer\u0119, ale tak\u017ce rado\u015b\u0107 i kolor do codziennej zabawy dziecka.<\/p>\n<p>Opis poduszki:<\/p>\n<ul>\n<li>kolor niebieski<\/li>\n<li>wymiary: 70&#215;60 cm<\/li>\n<li>wype\u0142nienie silikonowe hipoalergiczne<\/li>\n<li>wykonana z 100% welwetu PES, certyfikowana tkanina<\/li>\n<li>produkt z certyfikatem CE<\/li>\n<li>zaprojektowana i uszyta przez Cozy&amp;Dozy w Polsce.<\/li>\n<\/ul>\n<p>Metoda piel\u0119gnacji:<\/p>\n<ul>\n<li>Pra\u0107 w 40\u00b0 &#8211; delikatny program<\/li>\n<li>Nie prasowa\u0107 i nie czy\u015bci\u0107 chemicznie<\/li>\n<li>Nie chlorowa\u0107<\/li>\n<\/ul>\n<p>Bezpiecze\u0144stwo dzieci jest dla nas najwa\u017cniejsze, dlatego girlanda i poduszka s\u0105 wykonane w 100% z najwy\u017cszej jako\u015bci welwetu.<\/p>\n<p><b>Nasze produkty posiadaj\u0105 certyfikat CE, wi\u0119c mo\u017cesz je \u015bmia\u0142o da\u0107 swojemu dziecku bez obaw.<\/b><\/p>\n","protected":false},"excerpt":{"rendered":"<p>Mi\u0119ciutka, du\u017ca poduszka dekoracyjna konik morski.<\/p>\n","protected":false},"featured_media":2533,"comment_status":"open","ping_status":"closed","template":"","meta":[],"product_brand":[],"product_cat":[17],"product_tag":[],"class_list":{"0":"post-2552","1":"product","2":"type-product","3":"status-publish","4":"has-post-thumbnail","6":"product_cat-poduszki-i-pufy","8":"first","9":"instock","10":"sale","11":"shipping-taxable","12":"product-type-simple"},"yoast_head":"<!-- This site is optimized with the Yoast SEO Premium plugin v21.9 (Yoast SEO v27.0) - https:\/\/yoast.com\/product\/yoast-seo-premium-wordpress\/ -->\n<title>Niebieska poduszka konik morski - Cozy &amp; Dozy<\/title>\n<meta name=\"description\" content=\"Mi\u0119ciutka, du\u017ca poduszka dekoracyjna konik morski.\" \/>\n<meta name=\"robots\" content=\"index, follow, max-snippet:-1, max-image-preview:large, max-video-preview:-1\" \/>\n<link rel=\"canonical\" href=\"https:\/\/cozyanddozy.com\/pl\/produkt\/niebieska-poduszka-konik-morski\/\" \/>\n<meta property=\"og:locale\" content=\"pl_PL\" \/>\n<meta property=\"og:type\" content=\"article\" \/>\n<meta property=\"og:title\" content=\"Niebieska poduszka konik morski\" \/>\n<meta property=\"og:description\" content=\"Mi\u0119ciutka, du\u017ca poduszka dekoracyjna konik morski.\" \/>\n<meta property=\"og:url\" content=\"https:\/\/cozyanddozy.com\/pl\/produkt\/niebieska-poduszka-konik-morski\/\" \/>\n<meta property=\"og:site_name\" content=\"Cozy &amp; Dozy\" \/>\n<meta property=\"article:modified_time\" content=\"2025-09-29T14:12:15+00:00\" \/>\n<meta property=\"og:image\" content=\"https:\/\/cozyanddozy.com\/pl\/wp-content\/uploads\/2024\/07\/sea-horse-Blue.jpg\" \/>\n\t<meta property=\"og:image:width\" content=\"1200\" \/>\n\t<meta property=\"og:image:height\" content=\"1200\" \/>\n\t<meta property=\"og:image:type\" content=\"image\/jpeg\" \/>\n<meta name=\"twitter:card\" content=\"summary_large_image\" \/>\n<meta name=\"twitter:label1\" content=\"Cena\" \/>\n\t<meta name=\"twitter:data1\" content=\"179,00&nbsp;&#122;&#322;\" \/>\n\t<meta name=\"twitter:label2\" content=\"Dost\u0119pno\u015b\u0107\" \/>\n\t<meta name=\"twitter:data2\" content=\"Dost\u0119pny\" \/>\n<script type=\"application\/ld+json\" class=\"yoast-schema-graph\">{\"@context\":\"https:\/\/schema.org\",\"@graph\":[{\"@type\":\"WebPage\",\"@id\":\"https:\/\/cozyanddozy.com\/pl\/produkt\/niebieska-poduszka-konik-morski\/\",\"url\":\"https:\/\/cozyanddozy.com\/pl\/produkt\/niebieska-poduszka-konik-morski\/\",\"name\":\"Niebieska poduszka konik morski - Cozy & Dozy\",\"isPartOf\":{\"@id\":\"https:\/\/cozyanddozy.com\/pl\/#website\"},\"primaryImageOfPage\":{\"@id\":\"https:\/\/cozyanddozy.com\/pl\/produkt\/niebieska-poduszka-konik-morski\/#primaryimage\"},\"image\":{\"@id\":\"https:\/\/cozyanddozy.com\/pl\/produkt\/niebieska-poduszka-konik-morski\/#primaryimage\"},\"thumbnailUrl\":\"https:\/\/cozyanddozy.com\/pl\/wp-content\/uploads\/2024\/07\/sea-horse-Blue.jpg\",\"datePublished\":\"2024-07-02T20:48:08+00:00\",\"dateModified\":\"2025-09-29T14:12:15+00:00\",\"description\":\"Mi\u0119ciutka, du\u017ca poduszka dekoracyjna konik morski.\",\"breadcrumb\":{\"@id\":\"https:\/\/cozyanddozy.com\/pl\/produkt\/niebieska-poduszka-konik-morski\/#breadcrumb\"},\"inLanguage\":\"pl-PL\",\"potentialAction\":[{\"@type\":\"ReadAction\",\"target\":[\"https:\/\/cozyanddozy.com\/pl\/produkt\/niebieska-poduszka-konik-morski\/\"]}]},{\"@type\":\"ImageObject\",\"inLanguage\":\"pl-PL\",\"@id\":\"https:\/\/cozyanddozy.com\/pl\/produkt\/niebieska-poduszka-konik-morski\/#primaryimage\",\"url\":\"https:\/\/cozyanddozy.com\/pl\/wp-content\/uploads\/2024\/07\/sea-horse-Blue.jpg\",\"contentUrl\":\"https:\/\/cozyanddozy.com\/pl\/wp-content\/uploads\/2024\/07\/sea-horse-Blue.jpg\",\"width\":1200,\"height\":1200},{\"@type\":\"BreadcrumbList\",\"@id\":\"https:\/\/cozyanddozy.com\/pl\/produkt\/niebieska-poduszka-konik-morski\/#breadcrumb\",\"itemListElement\":[{\"@type\":\"ListItem\",\"position\":1,\"name\":\"Home\",\"item\":\"https:\/\/cozyanddozy.com\/pl\/\"},{\"@type\":\"ListItem\",\"position\":2,\"name\":\"Sklep\",\"item\":\"https:\/\/cozyanddozy.com\/pl\/sklep\/\"},{\"@type\":\"ListItem\",\"position\":3,\"name\":\"Niebieska poduszka konik morski\"}]},{\"@type\":\"WebSite\",\"@id\":\"https:\/\/cozyanddozy.com\/pl\/#website\",\"url\":\"https:\/\/cozyanddozy.com\/pl\/\",\"name\":\"Cozy & Dozy\",\"description\":\"\",\"potentialAction\":[{\"@type\":\"SearchAction\",\"target\":{\"@type\":\"EntryPoint\",\"urlTemplate\":\"https:\/\/cozyanddozy.com\/pl\/?s={search_term_string}\"},\"query-input\":{\"@type\":\"PropertyValueSpecification\",\"valueRequired\":true,\"valueName\":\"search_term_string\"}}],\"inLanguage\":\"pl-PL\"}]}<\/script>\n<meta property=\"product:price:amount\" content=\"179.00\" \/>\n<meta property=\"product:price:currency\" content=\"PLN\" \/>\n<meta property=\"og:availability\" content=\"instock\" \/>\n<meta property=\"product:availability\" content=\"instock\" \/>\n<meta property=\"product:retailer_item_id\" content=\"5902701497835\" \/>\n<meta property=\"product:condition\" content=\"new\" \/>\n<!-- \/ Yoast SEO Premium plugin. -->","yoast_head_json":{"title":"Niebieska poduszka konik morski - Cozy & Dozy","description":"Mi\u0119ciutka, du\u017ca poduszka dekoracyjna konik morski.","robots":{"index":"index","follow":"follow","max-snippet":"max-snippet:-1","max-image-preview":"max-image-preview:large","max-video-preview":"max-video-preview:-1"},"canonical":"https:\/\/cozyanddozy.com\/pl\/produkt\/niebieska-poduszka-konik-morski\/","og_locale":"pl_PL","og_type":"article","og_title":"Niebieska poduszka konik morski","og_description":"Mi\u0119ciutka, du\u017ca poduszka dekoracyjna konik morski.","og_url":"https:\/\/cozyanddozy.com\/pl\/produkt\/niebieska-poduszka-konik-morski\/","og_site_name":"Cozy &amp; Dozy","article_modified_time":"2025-09-29T14:12:15+00:00","og_image":[{"width":1200,"height":1200,"url":"https:\/\/cozyanddozy.com\/pl\/wp-content\/uploads\/2024\/07\/sea-horse-Blue.jpg","type":"image\/jpeg"}],"twitter_card":"summary_large_image","twitter_misc":{"Cena":"179,00&nbsp;&#122;&#322;","Dost\u0119pno\u015b\u0107":"Dost\u0119pny"},"schema":{"@context":"https:\/\/schema.org","@graph":[{"@type":"WebPage","@id":"https:\/\/cozyanddozy.com\/pl\/produkt\/niebieska-poduszka-konik-morski\/","url":"https:\/\/cozyanddozy.com\/pl\/produkt\/niebieska-poduszka-konik-morski\/","name":"Niebieska poduszka konik morski - Cozy & Dozy","isPartOf":{"@id":"https:\/\/cozyanddozy.com\/pl\/#website"},"primaryImageOfPage":{"@id":"https:\/\/cozyanddozy.com\/pl\/produkt\/niebieska-poduszka-konik-morski\/#primaryimage"},"image":{"@id":"https:\/\/cozyanddozy.com\/pl\/produkt\/niebieska-poduszka-konik-morski\/#primaryimage"},"thumbnailUrl":"https:\/\/cozyanddozy.com\/pl\/wp-content\/uploads\/2024\/07\/sea-horse-Blue.jpg","datePublished":"2024-07-02T20:48:08+00:00","dateModified":"2025-09-29T14:12:15+00:00","description":"Mi\u0119ciutka, du\u017ca poduszka dekoracyjna konik morski.","breadcrumb":{"@id":"https:\/\/cozyanddozy.com\/pl\/produkt\/niebieska-poduszka-konik-morski\/#breadcrumb"},"inLanguage":"pl-PL","potentialAction":[{"@type":"ReadAction","target":["https:\/\/cozyanddozy.com\/pl\/produkt\/niebieska-poduszka-konik-morski\/"]}]},{"@type":"ImageObject","inLanguage":"pl-PL","@id":"https:\/\/cozyanddozy.com\/pl\/produkt\/niebieska-poduszka-konik-morski\/#primaryimage","url":"https:\/\/cozyanddozy.com\/pl\/wp-content\/uploads\/2024\/07\/sea-horse-Blue.jpg","contentUrl":"https:\/\/cozyanddozy.com\/pl\/wp-content\/uploads\/2024\/07\/sea-horse-Blue.jpg","width":1200,"height":1200},{"@type":"BreadcrumbList","@id":"https:\/\/cozyanddozy.com\/pl\/produkt\/niebieska-poduszka-konik-morski\/#breadcrumb","itemListElement":[{"@type":"ListItem","position":1,"name":"Home","item":"https:\/\/cozyanddozy.com\/pl\/"},{"@type":"ListItem","position":2,"name":"Sklep","item":"https:\/\/cozyanddozy.com\/pl\/sklep\/"},{"@type":"ListItem","position":3,"name":"Niebieska poduszka konik morski"}]},{"@type":"WebSite","@id":"https:\/\/cozyanddozy.com\/pl\/#website","url":"https:\/\/cozyanddozy.com\/pl\/","name":"Cozy & Dozy","description":"","potentialAction":[{"@type":"SearchAction","target":{"@type":"EntryPoint","urlTemplate":"https:\/\/cozyanddozy.com\/pl\/?s={search_term_string}"},"query-input":{"@type":"PropertyValueSpecification","valueRequired":true,"valueName":"search_term_string"}}],"inLanguage":"pl-PL"}]},"product_price_amount":"179.00","product_price_currency":"PLN","og_availability":"instock","product_availability":"instock","product_retailer_item_id":"5902701497835","product_condition":"new"},"_links":{"self":[{"href":"https:\/\/cozyanddozy.com\/pl\/wp-json\/wp\/v2\/product\/2552","targetHints":{"allow":["GET"]}}],"collection":[{"href":"https:\/\/cozyanddozy.com\/pl\/wp-json\/wp\/v2\/product"}],"about":[{"href":"https:\/\/cozyanddozy.com\/pl\/wp-json\/wp\/v2\/types\/product"}],"replies":[{"embeddable":true,"href":"https:\/\/cozyanddozy.com\/pl\/wp-json\/wp\/v2\/comments?post=2552"}],"wp:featuredmedia":[{"embeddable":true,"href":"https:\/\/cozyanddozy.com\/pl\/wp-json\/wp\/v2\/media\/2533"}],"wp:attachment":[{"href":"https:\/\/cozyanddozy.com\/pl\/wp-json\/wp\/v2\/media?parent=2552"}],"wp:term":[{"taxonomy":"product_brand","embeddable":true,"href":"https:\/\/cozyanddozy.com\/pl\/wp-json\/wp\/v2\/product_brand?post=2552"},{"taxonomy":"product_cat","embeddable":true,"href":"https:\/\/cozyanddozy.com\/pl\/wp-json\/wp\/v2\/product_cat?post=2552"},{"taxonomy":"product_tag","embeddable":true,"href":"https:\/\/cozyanddozy.com\/pl\/wp-json\/wp\/v2\/product_tag?post=2552"}],"curies":[{"name":"wp","href":"https:\/\/api.w.org\/{rel}","templated":true}]}}