{"id":2523,"date":"2024-05-30T20:36:32","date_gmt":"2024-05-30T19:36:32","guid":{"rendered":"https:\/\/cozyanddozy.com\/?post_type=product&#038;p=2992"},"modified":"2025-01-29T18:46:06","modified_gmt":"2025-01-29T17:46:06","slug":"namiot-tipi-teddy-brazowe-tipi-z-mata","status":"publish","type":"product","link":"https:\/\/cozyanddozy.com\/pl\/produkt\/namiot-tipi-teddy-brazowe-tipi-z-mata\/","title":{"rendered":"Namiot Tipi Teddy, br\u0105zowe tipi z mat\u0105"},"content":{"rendered":"<h3><img decoding=\"async\" class=\"alignnone size-medium wp-image-2135 alignright\" src=\"https:\/\/cozyanddozy.com\/us\/wp-content\/uploads\/2024\/05\/image00035-400x400.jpeg\" alt=\"\" width=\"400\" height=\"400\" \/><\/h3>\n<p><b>Namiot do zabawy z serii Teddy Velvet to tipi w kolorze br\u0105zowym z ozdobnym pomponem w kolorze ecru.<\/b><\/p>\n<p>Namiot tipi wykonany jest z mocnego p\u0142\u00f3tna.<\/p>\n<p>Namiot to \u015bwietne miejsce do zabawy w domu, na tarasie czy w ogrodzie.<\/p>\n<p>Tipi posiada okienko z zwijan\u0105 rolet\u0105 oraz dwie kieszenie na zabawki.<\/p>\n<p>Wigwam zosta\u0142 zaprojektowany tak, aby cieszy\u0142 oko przez d\u0142ugi czas i zapewnia\u0142 bezpieczn\u0105 zabaw\u0119.<\/p>\n<p>Zabawa zawsze pod okiem osoby doros\u0142ej.<\/p>\n<p>T<b>ipi ma 4 strony \u2013 powierzchnia do zabawy ok. 1 m2, wysoko\u015b\u0107 po roz\u0142o\u017ceniu ok. 150cm.<\/b><\/p>\n<p><b>Do ka\u017cdego namiotu do\u0142\u0105czone s\u0105 sk\u0142adane kije sosnowe oraz stabilizator, kt\u00f3ry usztywnia kije, zapewniaj\u0105c stabilno\u015b\u0107 namiotu.<\/b><\/p>\n<p>Zestaw zawiera:<\/p>\n<ul>\n<li>namiot tipi<\/li>\n<li>mi\u0119kka mata<\/li>\n<li>4 sk\u0142adane dr\u0105\u017cki sosnowe (8 po\u0142\u00f3wek) + elementy do \u0142\u0105czenia dr\u0105\u017ck\u00f3w (8 \u015brub i 4 d\u0142ugie nakr\u0119tki)<\/li>\n<li>instrukcja<\/li>\n<li>stabilizator + sznurek<\/li>\n<\/ul>\n<p>Materia\u0142y:<\/p>\n<ul>\n<li>mocna bawe\u0142na z certyfikatem<\/li>\n<li>aksamit z certyfikatem 100% PES<\/li>\n<\/ul>\n<p>Metody piel\u0119gnacji:<\/p>\n<ul>\n<li>Mo\u017cna pra\u0107 w pralce w temperaturze 40 stopni,<\/li>\n<li>Wirowanie \u2013 800 obrot\u00f3w<\/li>\n<li>Nie czy\u015bci\u0107 chemicznie<\/li>\n<li>Nie wybiela\u0107<\/li>\n<\/ul>\n<p>Dodatkowe informacje:<\/p>\n<ul>\n<li>Wysoko\u015b\u0107 ramy: 170 cm (5\u2032 6\u2033);<\/li>\n<li>Wysoko\u015b\u0107 namiotu po roz\u0142o\u017ceniu: 150cm (4\u2032 11\u2033);<\/li>\n<li>Szeroko\u015b\u0107 podstawy: 110x110cm (3\u20326\u2033\/3\u2032 6\u2033)<\/li>\n<li>Waga pude\u0142ka: ~5kg<\/li>\n<\/ul>\n<p><b>Wszystkie produkty COZY&amp;DOZY zosta\u0142y zaprojektowane i wykonane w Polsce oraz posiadaj\u0105 deklaracje CE dla wyrob\u00f3w dzieci\u0119cych.<\/b><\/p>\n","protected":false},"excerpt":{"rendered":"<p>Namiot do zabawy z mi\u0119kk\u0105 mat\u0105. Tipi posiada okno z rolet\u0105 oraz dwie kieszenie na zabawki. Zestaw ze stabilizatorem.<\/p>\n","protected":false},"featured_media":2453,"comment_status":"open","ping_status":"closed","template":"","meta":[],"product_brand":[],"product_cat":[16],"product_tag":[],"class_list":{"0":"post-2523","1":"product","2":"type-product","3":"status-publish","4":"has-post-thumbnail","6":"product_cat-namioty-tipi","8":"first","9":"instock","10":"sale","11":"shipping-taxable","12":"product-type-simple"},"yoast_head":"<!-- This site is optimized with the Yoast SEO Premium plugin v21.9 (Yoast SEO v27.0) - https:\/\/yoast.com\/product\/yoast-seo-premium-wordpress\/ -->\n<title>Namiot Tipi Teddy, br\u0105zowe tipi z mat\u0105 - Cozy &amp; Dozy<\/title>\n<meta name=\"description\" content=\"Namiot do zabawy z mi\u0119kk\u0105 mat\u0105. Tipi posiada okno z rolet\u0105 oraz dwie kieszenie na zabawki. Zestaw ze stabilizatorem.\" \/>\n<meta name=\"robots\" content=\"index, follow, max-snippet:-1, max-image-preview:large, max-video-preview:-1\" \/>\n<link rel=\"canonical\" href=\"https:\/\/cozyanddozy.com\/pl\/produkt\/namiot-tipi-teddy-brazowe-tipi-z-mata\/\" \/>\n<meta property=\"og:locale\" content=\"pl_PL\" \/>\n<meta property=\"og:type\" content=\"article\" \/>\n<meta property=\"og:title\" content=\"Namiot Tipi Teddy, br\u0105zowe tipi z mat\u0105\" \/>\n<meta property=\"og:description\" content=\"Namiot do zabawy z mi\u0119kk\u0105 mat\u0105. Tipi posiada okno z rolet\u0105 oraz dwie kieszenie na zabawki. Zestaw ze stabilizatorem.\" \/>\n<meta property=\"og:url\" content=\"https:\/\/cozyanddozy.com\/pl\/produkt\/namiot-tipi-teddy-brazowe-tipi-z-mata\/\" \/>\n<meta property=\"og:site_name\" content=\"Cozy &amp; Dozy\" \/>\n<meta property=\"article:modified_time\" content=\"2025-01-29T17:46:06+00:00\" \/>\n<meta property=\"og:image\" content=\"https:\/\/cozyanddozy.com\/pl\/wp-content\/uploads\/2024\/05\/image00074-scaled.jpeg\" \/>\n\t<meta property=\"og:image:width\" content=\"2560\" \/>\n\t<meta property=\"og:image:height\" content=\"2560\" \/>\n\t<meta property=\"og:image:type\" content=\"image\/jpeg\" \/>\n<meta name=\"twitter:card\" content=\"summary_large_image\" \/>\n<meta name=\"twitter:label1\" content=\"Cena\" \/>\n\t<meta name=\"twitter:data1\" content=\"459,00&nbsp;&#122;&#322;\" \/>\n\t<meta name=\"twitter:label2\" content=\"Dost\u0119pno\u015b\u0107\" \/>\n\t<meta name=\"twitter:data2\" content=\"Dost\u0119pny\" \/>\n<script type=\"application\/ld+json\" class=\"yoast-schema-graph\">{\"@context\":\"https:\/\/schema.org\",\"@graph\":[{\"@type\":\"WebPage\",\"@id\":\"https:\/\/cozyanddozy.com\/pl\/produkt\/namiot-tipi-teddy-brazowe-tipi-z-mata\/\",\"url\":\"https:\/\/cozyanddozy.com\/pl\/produkt\/namiot-tipi-teddy-brazowe-tipi-z-mata\/\",\"name\":\"Namiot Tipi Teddy, br\u0105zowe tipi z mat\u0105 - Cozy & Dozy\",\"isPartOf\":{\"@id\":\"https:\/\/cozyanddozy.com\/pl\/#website\"},\"primaryImageOfPage\":{\"@id\":\"https:\/\/cozyanddozy.com\/pl\/produkt\/namiot-tipi-teddy-brazowe-tipi-z-mata\/#primaryimage\"},\"image\":{\"@id\":\"https:\/\/cozyanddozy.com\/pl\/produkt\/namiot-tipi-teddy-brazowe-tipi-z-mata\/#primaryimage\"},\"thumbnailUrl\":\"https:\/\/cozyanddozy.com\/pl\/wp-content\/uploads\/2024\/05\/image00074-scaled.jpeg\",\"datePublished\":\"2024-05-30T19:36:32+00:00\",\"dateModified\":\"2025-01-29T17:46:06+00:00\",\"description\":\"Namiot do zabawy z mi\u0119kk\u0105 mat\u0105. Tipi posiada okno z rolet\u0105 oraz dwie kieszenie na zabawki. Zestaw ze stabilizatorem.\",\"breadcrumb\":{\"@id\":\"https:\/\/cozyanddozy.com\/pl\/produkt\/namiot-tipi-teddy-brazowe-tipi-z-mata\/#breadcrumb\"},\"inLanguage\":\"pl-PL\",\"potentialAction\":[{\"@type\":\"ReadAction\",\"target\":[\"https:\/\/cozyanddozy.com\/pl\/produkt\/namiot-tipi-teddy-brazowe-tipi-z-mata\/\"]}]},{\"@type\":\"ImageObject\",\"inLanguage\":\"pl-PL\",\"@id\":\"https:\/\/cozyanddozy.com\/pl\/produkt\/namiot-tipi-teddy-brazowe-tipi-z-mata\/#primaryimage\",\"url\":\"https:\/\/cozyanddozy.com\/pl\/wp-content\/uploads\/2024\/05\/image00074-scaled.jpeg\",\"contentUrl\":\"https:\/\/cozyanddozy.com\/pl\/wp-content\/uploads\/2024\/05\/image00074-scaled.jpeg\",\"width\":2560,\"height\":2560},{\"@type\":\"BreadcrumbList\",\"@id\":\"https:\/\/cozyanddozy.com\/pl\/produkt\/namiot-tipi-teddy-brazowe-tipi-z-mata\/#breadcrumb\",\"itemListElement\":[{\"@type\":\"ListItem\",\"position\":1,\"name\":\"Home\",\"item\":\"https:\/\/cozyanddozy.com\/pl\/\"},{\"@type\":\"ListItem\",\"position\":2,\"name\":\"Sklep\",\"item\":\"https:\/\/cozyanddozy.com\/pl\/sklep\/\"},{\"@type\":\"ListItem\",\"position\":3,\"name\":\"Namiot Tipi Teddy, br\u0105zowe tipi z mat\u0105\"}]},{\"@type\":\"WebSite\",\"@id\":\"https:\/\/cozyanddozy.com\/pl\/#website\",\"url\":\"https:\/\/cozyanddozy.com\/pl\/\",\"name\":\"Cozy & Dozy\",\"description\":\"\",\"potentialAction\":[{\"@type\":\"SearchAction\",\"target\":{\"@type\":\"EntryPoint\",\"urlTemplate\":\"https:\/\/cozyanddozy.com\/pl\/?s={search_term_string}\"},\"query-input\":{\"@type\":\"PropertyValueSpecification\",\"valueRequired\":true,\"valueName\":\"search_term_string\"}}],\"inLanguage\":\"pl-PL\"}]}<\/script>\n<meta property=\"product:price:amount\" content=\"459.00\" \/>\n<meta property=\"product:price:currency\" content=\"PLN\" \/>\n<meta property=\"og:availability\" content=\"instock\" \/>\n<meta property=\"product:availability\" content=\"instock\" \/>\n<meta property=\"product:retailer_item_id\" content=\"5902701497828\" \/>\n<meta property=\"product:condition\" content=\"new\" \/>\n<!-- \/ Yoast SEO Premium plugin. -->","yoast_head_json":{"title":"Namiot Tipi Teddy, br\u0105zowe tipi z mat\u0105 - Cozy & Dozy","description":"Namiot do zabawy z mi\u0119kk\u0105 mat\u0105. Tipi posiada okno z rolet\u0105 oraz dwie kieszenie na zabawki. Zestaw ze stabilizatorem.","robots":{"index":"index","follow":"follow","max-snippet":"max-snippet:-1","max-image-preview":"max-image-preview:large","max-video-preview":"max-video-preview:-1"},"canonical":"https:\/\/cozyanddozy.com\/pl\/produkt\/namiot-tipi-teddy-brazowe-tipi-z-mata\/","og_locale":"pl_PL","og_type":"article","og_title":"Namiot Tipi Teddy, br\u0105zowe tipi z mat\u0105","og_description":"Namiot do zabawy z mi\u0119kk\u0105 mat\u0105. Tipi posiada okno z rolet\u0105 oraz dwie kieszenie na zabawki. Zestaw ze stabilizatorem.","og_url":"https:\/\/cozyanddozy.com\/pl\/produkt\/namiot-tipi-teddy-brazowe-tipi-z-mata\/","og_site_name":"Cozy &amp; Dozy","article_modified_time":"2025-01-29T17:46:06+00:00","og_image":[{"width":2560,"height":2560,"url":"https:\/\/cozyanddozy.com\/pl\/wp-content\/uploads\/2024\/05\/image00074-scaled.jpeg","type":"image\/jpeg"}],"twitter_card":"summary_large_image","twitter_misc":{"Cena":"459,00&nbsp;&#122;&#322;","Dost\u0119pno\u015b\u0107":"Dost\u0119pny"},"schema":{"@context":"https:\/\/schema.org","@graph":[{"@type":"WebPage","@id":"https:\/\/cozyanddozy.com\/pl\/produkt\/namiot-tipi-teddy-brazowe-tipi-z-mata\/","url":"https:\/\/cozyanddozy.com\/pl\/produkt\/namiot-tipi-teddy-brazowe-tipi-z-mata\/","name":"Namiot Tipi Teddy, br\u0105zowe tipi z mat\u0105 - Cozy & Dozy","isPartOf":{"@id":"https:\/\/cozyanddozy.com\/pl\/#website"},"primaryImageOfPage":{"@id":"https:\/\/cozyanddozy.com\/pl\/produkt\/namiot-tipi-teddy-brazowe-tipi-z-mata\/#primaryimage"},"image":{"@id":"https:\/\/cozyanddozy.com\/pl\/produkt\/namiot-tipi-teddy-brazowe-tipi-z-mata\/#primaryimage"},"thumbnailUrl":"https:\/\/cozyanddozy.com\/pl\/wp-content\/uploads\/2024\/05\/image00074-scaled.jpeg","datePublished":"2024-05-30T19:36:32+00:00","dateModified":"2025-01-29T17:46:06+00:00","description":"Namiot do zabawy z mi\u0119kk\u0105 mat\u0105. Tipi posiada okno z rolet\u0105 oraz dwie kieszenie na zabawki. Zestaw ze stabilizatorem.","breadcrumb":{"@id":"https:\/\/cozyanddozy.com\/pl\/produkt\/namiot-tipi-teddy-brazowe-tipi-z-mata\/#breadcrumb"},"inLanguage":"pl-PL","potentialAction":[{"@type":"ReadAction","target":["https:\/\/cozyanddozy.com\/pl\/produkt\/namiot-tipi-teddy-brazowe-tipi-z-mata\/"]}]},{"@type":"ImageObject","inLanguage":"pl-PL","@id":"https:\/\/cozyanddozy.com\/pl\/produkt\/namiot-tipi-teddy-brazowe-tipi-z-mata\/#primaryimage","url":"https:\/\/cozyanddozy.com\/pl\/wp-content\/uploads\/2024\/05\/image00074-scaled.jpeg","contentUrl":"https:\/\/cozyanddozy.com\/pl\/wp-content\/uploads\/2024\/05\/image00074-scaled.jpeg","width":2560,"height":2560},{"@type":"BreadcrumbList","@id":"https:\/\/cozyanddozy.com\/pl\/produkt\/namiot-tipi-teddy-brazowe-tipi-z-mata\/#breadcrumb","itemListElement":[{"@type":"ListItem","position":1,"name":"Home","item":"https:\/\/cozyanddozy.com\/pl\/"},{"@type":"ListItem","position":2,"name":"Sklep","item":"https:\/\/cozyanddozy.com\/pl\/sklep\/"},{"@type":"ListItem","position":3,"name":"Namiot Tipi Teddy, br\u0105zowe tipi z mat\u0105"}]},{"@type":"WebSite","@id":"https:\/\/cozyanddozy.com\/pl\/#website","url":"https:\/\/cozyanddozy.com\/pl\/","name":"Cozy & Dozy","description":"","potentialAction":[{"@type":"SearchAction","target":{"@type":"EntryPoint","urlTemplate":"https:\/\/cozyanddozy.com\/pl\/?s={search_term_string}"},"query-input":{"@type":"PropertyValueSpecification","valueRequired":true,"valueName":"search_term_string"}}],"inLanguage":"pl-PL"}]},"product_price_amount":"459.00","product_price_currency":"PLN","og_availability":"instock","product_availability":"instock","product_retailer_item_id":"5902701497828","product_condition":"new"},"_links":{"self":[{"href":"https:\/\/cozyanddozy.com\/pl\/wp-json\/wp\/v2\/product\/2523","targetHints":{"allow":["GET"]}}],"collection":[{"href":"https:\/\/cozyanddozy.com\/pl\/wp-json\/wp\/v2\/product"}],"about":[{"href":"https:\/\/cozyanddozy.com\/pl\/wp-json\/wp\/v2\/types\/product"}],"replies":[{"embeddable":true,"href":"https:\/\/cozyanddozy.com\/pl\/wp-json\/wp\/v2\/comments?post=2523"}],"wp:featuredmedia":[{"embeddable":true,"href":"https:\/\/cozyanddozy.com\/pl\/wp-json\/wp\/v2\/media\/2453"}],"wp:attachment":[{"href":"https:\/\/cozyanddozy.com\/pl\/wp-json\/wp\/v2\/media?parent=2523"}],"wp:term":[{"taxonomy":"product_brand","embeddable":true,"href":"https:\/\/cozyanddozy.com\/pl\/wp-json\/wp\/v2\/product_brand?post=2523"},{"taxonomy":"product_cat","embeddable":true,"href":"https:\/\/cozyanddozy.com\/pl\/wp-json\/wp\/v2\/product_cat?post=2523"},{"taxonomy":"product_tag","embeddable":true,"href":"https:\/\/cozyanddozy.com\/pl\/wp-json\/wp\/v2\/product_tag?post=2523"}],"curies":[{"name":"wp","href":"https:\/\/api.w.org\/{rel}","templated":true}]}}