{"id":2517,"date":"2024-05-29T13:09:53","date_gmt":"2024-05-29T12:09:53","guid":{"rendered":"https:\/\/cozyanddozy.com\/?post_type=product&#038;p=2986"},"modified":"2025-09-29T16:13:26","modified_gmt":"2025-09-29T14:13:26","slug":"poduszka-paw-lapka-misia-kolor-chocolate","status":"publish","type":"product","link":"https:\/\/cozyanddozy.com\/pl\/produkt\/poduszka-paw-lapka-misia-kolor-chocolate\/","title":{"rendered":"Poduszka PAW \u0142apka misia \u2013 kolor chocolate"},"content":{"rendered":"<h3><img decoding=\"async\" class=\"alignnone wp-image-3507 alignright\" src=\"https:\/\/cozyanddozy.com\/fr\/wp-content\/uploads\/2024\/05\/chocolate-teddy-bear-pillow-400x400.jpeg\" alt=\"\" width=\"458\" height=\"458\" \/><\/h3>\n<div>\n<h3 class=\"western\"><strong><span style=\"color: #1c1d1d;\"><span style=\"font-family: Montserrat, sans-serif;\"><span style=\"font-size: x-large;\"><span lang=\"de-DE\"><b>Poduszka z kolekcji Teddy, du\u017ca przytulanka mi\u015b dla dziecka od\u00a0 Cozy&amp;Dozy<\/b><\/span><\/span><\/span><\/span><\/strong><\/h3>\n<p><strong><span style=\"color: #1c1d1d;\"><span style=\"font-family: Roboto, sans-serif;\"><span style=\"font-size: large;\"><b>Przytulna poduszka w kszta\u0142cie \u0142apy misia, wykonana z mi\u0119kkiego aksamitu w kolorze czekoladowym.<\/b><\/span><\/span><\/span><\/strong><\/p>\n<p><strong><span style=\"color: #1c1d1d;\"><span style=\"font-family: Roboto, sans-serif;\"><span style=\"font-size: large;\"><b>Du\u017ca poduszka, idealna do przytulania, spania, zabawy oraz jako towarzysz podr\u00f3\u017cy.<\/b><\/span><\/span><\/span><\/strong><\/p>\n<p><span style=\"color: #1c1d1d;\"><span style=\"font-family: Roboto, sans-serif;\"><span style=\"font-size: large;\">Kt\u00f3\u017c nie kocha mi\u0119kkich poduszek, zw\u0142aszcza tych wykonanych z pi\u0119knego, kolorowego aksamitu.<\/span><\/span><\/span><\/p>\n<p><span style=\"color: #1c1d1d;\"><span style=\"font-family: Roboto, sans-serif;\"><span style=\"font-size: large;\">W kolekcji s\u0142odkich poduszek Teddy dost\u0119pne s\u0105 2 kolory: ciemny br\u0105z i br\u0105z.<\/span><\/span><\/span><\/p>\n<p><strong><span style=\"color: #1c1d1d;\"><span style=\"font-family: Roboto, sans-serif;\"><span style=\"font-size: large;\"><b>Do kompletu mo\u017cesz dobra\u0107 pasuj\u0105c\u0105 girland\u0119, mat\u0119 do zabawy, tipi lub ko\u0142derk\u0119.<\/b><\/span><\/span><\/span><\/strong><\/p>\n<p><span style=\"color: #1c1d1d;\"><span style=\"font-family: Roboto, sans-serif;\"><span style=\"font-size: large;\">Wymiary:<\/span><\/span><\/span><\/p>\n<ul>\n<li><span style=\"color: #1c1d1d;\"><span style=\"font-family: Roboto, sans-serif;\"><span style=\"font-size: large;\">50x60cm<\/span><\/span><\/span><\/li>\n<\/ul>\n<p><span style=\"color: #1c1d1d;\"><span style=\"font-family: Roboto, sans-serif;\"><span style=\"font-size: large;\">Tkanina:<\/span><\/span><\/span><\/p>\n<ul>\n<li><span style=\"color: #1c1d1d;\"><span style=\"font-family: Roboto, sans-serif;\"><span style=\"font-size: large;\">100% aksamit (100% PES)<\/span><\/span><\/span><\/li>\n<li><span style=\"color: #1c1d1d;\"><span style=\"font-family: Roboto, sans-serif;\"><span style=\"font-size: large;\">antyalergiczne silikonowe wype\u0142nienie izolacyjne<\/span><\/span><\/span><\/li>\n<\/ul>\n<p><span style=\"color: #1c1d1d;\"><span style=\"font-family: Roboto, sans-serif;\"><span style=\"font-size: large;\">Metoda piel\u0119gnacji:<\/span><\/span><\/span><\/p>\n<ul>\n<li><span style=\"color: #1c1d1d;\"><span style=\"font-family: Roboto, sans-serif;\"><span style=\"font-size: large;\">Pra\u0107 w temperaturze 40\u00b0 \u2013 program delikatny<\/span><\/span><\/span><\/li>\n<li><span style=\"color: #1c1d1d;\"><span style=\"font-family: Roboto, sans-serif;\"><span style=\"font-size: large;\">Nie czy\u015bci\u0107 chemicznie<\/span><\/span><\/span><\/li>\n<li><span style=\"color: #1c1d1d;\"><span style=\"font-family: Roboto, sans-serif;\"><span style=\"font-size: large;\">Nie chlorowa\u0107<\/span><\/span><\/span><\/li>\n<\/ul>\n<p><span style=\"color: #1c1d1d;\"><span style=\"font-family: Roboto, sans-serif;\"><span style=\"font-size: large;\">Bezpiecze\u0144stwo dzieci jest dla nas najwa\u017cniejsze, dlatego girlanda i poduszka wykonane s\u0105 w 100% z najwy\u017cszej jako\u015bci aksamitu.<\/span><\/span><\/span><\/p>\n<p><span style=\"color: #1c1d1d;\"><span style=\"font-family: Roboto, sans-serif;\"><span style=\"font-size: large;\">Nasze produkty posiadaj\u0105 certyfikat CE, dzi\u0119ki czemu mo\u017cesz bez obaw podarowa\u0107 je swojemu dziecku.<\/span><\/span><\/span><\/p>\n<p><span style=\"color: #1c1d1d;\"><span style=\"font-family: Roboto, sans-serif;\"><span style=\"font-size: large;\">Wszystkie nasze produkty zosta\u0142y zaprojektowane i wykonane przez Cozy&amp;Dozy<\/span><\/span><\/span><\/p>\n<\/div>\n","protected":false},"excerpt":{"rendered":"<p>\u200bDu\u017ca poduszka \u0141apka Misia w kolorze czekoladowym. Dekoracyjna poduszka z velvetu.<\/p>\n","protected":false},"featured_media":2516,"comment_status":"open","ping_status":"closed","template":"","meta":[],"product_brand":[],"product_cat":[17],"product_tag":[],"class_list":{"0":"post-2517","1":"product","2":"type-product","3":"status-publish","4":"has-post-thumbnail","6":"product_cat-poduszki-i-pufy","8":"first","9":"instock","10":"sale","11":"shipping-taxable","12":"product-type-simple"},"yoast_head":"<!-- This site is optimized with the Yoast SEO Premium plugin v21.9 (Yoast SEO v27.0) - https:\/\/yoast.com\/product\/yoast-seo-premium-wordpress\/ -->\n<title>Poduszka PAW \u0142apka misia \u2013 kolor chocolate - Cozy &amp; Dozy<\/title>\n<meta name=\"description\" content=\"Du\u017ca poduszka \u0141apka Misia w kolorze czekoladowym. Dekoracyjna poduszka z velvetu.\" \/>\n<meta name=\"robots\" content=\"index, follow, max-snippet:-1, max-image-preview:large, max-video-preview:-1\" \/>\n<link rel=\"canonical\" href=\"https:\/\/cozyanddozy.com\/pl\/produkt\/poduszka-paw-lapka-misia-kolor-chocolate\/\" \/>\n<meta property=\"og:locale\" content=\"pl_PL\" \/>\n<meta property=\"og:type\" content=\"article\" \/>\n<meta property=\"og:title\" content=\"Poduszka PAW \u0142apka misia \u2013 kolor chocolate\" \/>\n<meta property=\"og:description\" content=\"Du\u017ca poduszka \u0141apka Misia w kolorze czekoladowym. Dekoracyjna poduszka z velvetu.\" \/>\n<meta property=\"og:url\" content=\"https:\/\/cozyanddozy.com\/pl\/produkt\/poduszka-paw-lapka-misia-kolor-chocolate\/\" \/>\n<meta property=\"og:site_name\" content=\"Cozy &amp; Dozy\" \/>\n<meta property=\"article:modified_time\" content=\"2025-09-29T14:13:26+00:00\" \/>\n<meta property=\"og:image\" content=\"https:\/\/cozyanddozy.com\/pl\/wp-content\/uploads\/2024\/05\/chocolate-teddy-bear-pillow-1.jpeg\" \/>\n\t<meta property=\"og:image:width\" content=\"857\" \/>\n\t<meta property=\"og:image:height\" content=\"857\" \/>\n\t<meta property=\"og:image:type\" content=\"image\/jpeg\" \/>\n<meta name=\"twitter:card\" content=\"summary_large_image\" \/>\n<meta name=\"twitter:label1\" content=\"Cena\" \/>\n\t<meta name=\"twitter:data1\" content=\"149,00&nbsp;&#122;&#322;\" \/>\n\t<meta name=\"twitter:label2\" content=\"Dost\u0119pno\u015b\u0107\" \/>\n\t<meta name=\"twitter:data2\" content=\"Dost\u0119pny\" \/>\n<script type=\"application\/ld+json\" class=\"yoast-schema-graph\">{\"@context\":\"https:\/\/schema.org\",\"@graph\":[{\"@type\":\"WebPage\",\"@id\":\"https:\/\/cozyanddozy.com\/pl\/produkt\/poduszka-paw-lapka-misia-kolor-chocolate\/\",\"url\":\"https:\/\/cozyanddozy.com\/pl\/produkt\/poduszka-paw-lapka-misia-kolor-chocolate\/\",\"name\":\"Poduszka PAW \u0142apka misia \u2013 kolor chocolate - Cozy & Dozy\",\"isPartOf\":{\"@id\":\"https:\/\/cozyanddozy.com\/pl\/#website\"},\"primaryImageOfPage\":{\"@id\":\"https:\/\/cozyanddozy.com\/pl\/produkt\/poduszka-paw-lapka-misia-kolor-chocolate\/#primaryimage\"},\"image\":{\"@id\":\"https:\/\/cozyanddozy.com\/pl\/produkt\/poduszka-paw-lapka-misia-kolor-chocolate\/#primaryimage\"},\"thumbnailUrl\":\"https:\/\/cozyanddozy.com\/pl\/wp-content\/uploads\/2024\/05\/chocolate-teddy-bear-pillow-1.jpeg\",\"datePublished\":\"2024-05-29T12:09:53+00:00\",\"dateModified\":\"2025-09-29T14:13:26+00:00\",\"description\":\"Du\u017ca poduszka \u0141apka Misia w kolorze czekoladowym. Dekoracyjna poduszka z velvetu.\",\"breadcrumb\":{\"@id\":\"https:\/\/cozyanddozy.com\/pl\/produkt\/poduszka-paw-lapka-misia-kolor-chocolate\/#breadcrumb\"},\"inLanguage\":\"pl-PL\",\"potentialAction\":[{\"@type\":\"ReadAction\",\"target\":[\"https:\/\/cozyanddozy.com\/pl\/produkt\/poduszka-paw-lapka-misia-kolor-chocolate\/\"]}]},{\"@type\":\"ImageObject\",\"inLanguage\":\"pl-PL\",\"@id\":\"https:\/\/cozyanddozy.com\/pl\/produkt\/poduszka-paw-lapka-misia-kolor-chocolate\/#primaryimage\",\"url\":\"https:\/\/cozyanddozy.com\/pl\/wp-content\/uploads\/2024\/05\/chocolate-teddy-bear-pillow-1.jpeg\",\"contentUrl\":\"https:\/\/cozyanddozy.com\/pl\/wp-content\/uploads\/2024\/05\/chocolate-teddy-bear-pillow-1.jpeg\",\"width\":857,\"height\":857},{\"@type\":\"BreadcrumbList\",\"@id\":\"https:\/\/cozyanddozy.com\/pl\/produkt\/poduszka-paw-lapka-misia-kolor-chocolate\/#breadcrumb\",\"itemListElement\":[{\"@type\":\"ListItem\",\"position\":1,\"name\":\"Home\",\"item\":\"https:\/\/cozyanddozy.com\/pl\/\"},{\"@type\":\"ListItem\",\"position\":2,\"name\":\"Sklep\",\"item\":\"https:\/\/cozyanddozy.com\/pl\/sklep\/\"},{\"@type\":\"ListItem\",\"position\":3,\"name\":\"Poduszka PAW \u0142apka misia \u2013 kolor chocolate\"}]},{\"@type\":\"WebSite\",\"@id\":\"https:\/\/cozyanddozy.com\/pl\/#website\",\"url\":\"https:\/\/cozyanddozy.com\/pl\/\",\"name\":\"Cozy & Dozy\",\"description\":\"\",\"potentialAction\":[{\"@type\":\"SearchAction\",\"target\":{\"@type\":\"EntryPoint\",\"urlTemplate\":\"https:\/\/cozyanddozy.com\/pl\/?s={search_term_string}\"},\"query-input\":{\"@type\":\"PropertyValueSpecification\",\"valueRequired\":true,\"valueName\":\"search_term_string\"}}],\"inLanguage\":\"pl-PL\"}]}<\/script>\n<meta property=\"product:price:amount\" content=\"149.00\" \/>\n<meta property=\"product:price:currency\" content=\"PLN\" \/>\n<meta property=\"og:availability\" content=\"instock\" \/>\n<meta property=\"product:availability\" content=\"instock\" \/>\n<meta property=\"product:retailer_item_id\" content=\"5902701497804\" \/>\n<meta property=\"product:condition\" content=\"new\" \/>\n<!-- \/ Yoast SEO Premium plugin. -->","yoast_head_json":{"title":"Poduszka PAW \u0142apka misia \u2013 kolor chocolate - Cozy & Dozy","description":"Du\u017ca poduszka \u0141apka Misia w kolorze czekoladowym. Dekoracyjna poduszka z velvetu.","robots":{"index":"index","follow":"follow","max-snippet":"max-snippet:-1","max-image-preview":"max-image-preview:large","max-video-preview":"max-video-preview:-1"},"canonical":"https:\/\/cozyanddozy.com\/pl\/produkt\/poduszka-paw-lapka-misia-kolor-chocolate\/","og_locale":"pl_PL","og_type":"article","og_title":"Poduszka PAW \u0142apka misia \u2013 kolor chocolate","og_description":"Du\u017ca poduszka \u0141apka Misia w kolorze czekoladowym. Dekoracyjna poduszka z velvetu.","og_url":"https:\/\/cozyanddozy.com\/pl\/produkt\/poduszka-paw-lapka-misia-kolor-chocolate\/","og_site_name":"Cozy &amp; Dozy","article_modified_time":"2025-09-29T14:13:26+00:00","og_image":[{"width":857,"height":857,"url":"https:\/\/cozyanddozy.com\/pl\/wp-content\/uploads\/2024\/05\/chocolate-teddy-bear-pillow-1.jpeg","type":"image\/jpeg"}],"twitter_card":"summary_large_image","twitter_misc":{"Cena":"149,00&nbsp;&#122;&#322;","Dost\u0119pno\u015b\u0107":"Dost\u0119pny"},"schema":{"@context":"https:\/\/schema.org","@graph":[{"@type":"WebPage","@id":"https:\/\/cozyanddozy.com\/pl\/produkt\/poduszka-paw-lapka-misia-kolor-chocolate\/","url":"https:\/\/cozyanddozy.com\/pl\/produkt\/poduszka-paw-lapka-misia-kolor-chocolate\/","name":"Poduszka PAW \u0142apka misia \u2013 kolor chocolate - Cozy & Dozy","isPartOf":{"@id":"https:\/\/cozyanddozy.com\/pl\/#website"},"primaryImageOfPage":{"@id":"https:\/\/cozyanddozy.com\/pl\/produkt\/poduszka-paw-lapka-misia-kolor-chocolate\/#primaryimage"},"image":{"@id":"https:\/\/cozyanddozy.com\/pl\/produkt\/poduszka-paw-lapka-misia-kolor-chocolate\/#primaryimage"},"thumbnailUrl":"https:\/\/cozyanddozy.com\/pl\/wp-content\/uploads\/2024\/05\/chocolate-teddy-bear-pillow-1.jpeg","datePublished":"2024-05-29T12:09:53+00:00","dateModified":"2025-09-29T14:13:26+00:00","description":"Du\u017ca poduszka \u0141apka Misia w kolorze czekoladowym. Dekoracyjna poduszka z velvetu.","breadcrumb":{"@id":"https:\/\/cozyanddozy.com\/pl\/produkt\/poduszka-paw-lapka-misia-kolor-chocolate\/#breadcrumb"},"inLanguage":"pl-PL","potentialAction":[{"@type":"ReadAction","target":["https:\/\/cozyanddozy.com\/pl\/produkt\/poduszka-paw-lapka-misia-kolor-chocolate\/"]}]},{"@type":"ImageObject","inLanguage":"pl-PL","@id":"https:\/\/cozyanddozy.com\/pl\/produkt\/poduszka-paw-lapka-misia-kolor-chocolate\/#primaryimage","url":"https:\/\/cozyanddozy.com\/pl\/wp-content\/uploads\/2024\/05\/chocolate-teddy-bear-pillow-1.jpeg","contentUrl":"https:\/\/cozyanddozy.com\/pl\/wp-content\/uploads\/2024\/05\/chocolate-teddy-bear-pillow-1.jpeg","width":857,"height":857},{"@type":"BreadcrumbList","@id":"https:\/\/cozyanddozy.com\/pl\/produkt\/poduszka-paw-lapka-misia-kolor-chocolate\/#breadcrumb","itemListElement":[{"@type":"ListItem","position":1,"name":"Home","item":"https:\/\/cozyanddozy.com\/pl\/"},{"@type":"ListItem","position":2,"name":"Sklep","item":"https:\/\/cozyanddozy.com\/pl\/sklep\/"},{"@type":"ListItem","position":3,"name":"Poduszka PAW \u0142apka misia \u2013 kolor chocolate"}]},{"@type":"WebSite","@id":"https:\/\/cozyanddozy.com\/pl\/#website","url":"https:\/\/cozyanddozy.com\/pl\/","name":"Cozy & Dozy","description":"","potentialAction":[{"@type":"SearchAction","target":{"@type":"EntryPoint","urlTemplate":"https:\/\/cozyanddozy.com\/pl\/?s={search_term_string}"},"query-input":{"@type":"PropertyValueSpecification","valueRequired":true,"valueName":"search_term_string"}}],"inLanguage":"pl-PL"}]},"product_price_amount":"149.00","product_price_currency":"PLN","og_availability":"instock","product_availability":"instock","product_retailer_item_id":"5902701497804","product_condition":"new"},"_links":{"self":[{"href":"https:\/\/cozyanddozy.com\/pl\/wp-json\/wp\/v2\/product\/2517","targetHints":{"allow":["GET"]}}],"collection":[{"href":"https:\/\/cozyanddozy.com\/pl\/wp-json\/wp\/v2\/product"}],"about":[{"href":"https:\/\/cozyanddozy.com\/pl\/wp-json\/wp\/v2\/types\/product"}],"replies":[{"embeddable":true,"href":"https:\/\/cozyanddozy.com\/pl\/wp-json\/wp\/v2\/comments?post=2517"}],"wp:featuredmedia":[{"embeddable":true,"href":"https:\/\/cozyanddozy.com\/pl\/wp-json\/wp\/v2\/media\/2516"}],"wp:attachment":[{"href":"https:\/\/cozyanddozy.com\/pl\/wp-json\/wp\/v2\/media?parent=2517"}],"wp:term":[{"taxonomy":"product_brand","embeddable":true,"href":"https:\/\/cozyanddozy.com\/pl\/wp-json\/wp\/v2\/product_brand?post=2517"},{"taxonomy":"product_cat","embeddable":true,"href":"https:\/\/cozyanddozy.com\/pl\/wp-json\/wp\/v2\/product_cat?post=2517"},{"taxonomy":"product_tag","embeddable":true,"href":"https:\/\/cozyanddozy.com\/pl\/wp-json\/wp\/v2\/product_tag?post=2517"}],"curies":[{"name":"wp","href":"https:\/\/api.w.org\/{rel}","templated":true}]}}