{"id":2512,"date":"2024-05-29T11:20:28","date_gmt":"2024-05-29T10:20:28","guid":{"rendered":"https:\/\/cozyanddozy.com\/?post_type=product&#038;p=2985"},"modified":"2025-01-29T18:46:37","modified_gmt":"2025-01-29T17:46:37","slug":"poduszka-paw-lapka-misia-poduszka-brazowa-lapka","status":"publish","type":"product","link":"https:\/\/cozyanddozy.com\/pl\/produkt\/poduszka-paw-lapka-misia-poduszka-brazowa-lapka\/","title":{"rendered":"Poduszka PAW \u0142apka misia &#8211; poduszka br\u0105zowa \u0142apka"},"content":{"rendered":"<p><img decoding=\"async\" class=\"alignnone size-medium wp-image-2703 alignright\" src=\"https:\/\/cozyanddozy.com\/wp-content\/uploads\/2024\/03\/poduszka-lapka-brazowa-400x400.jpg\" alt=\"\" width=\"400\" height=\"400\" \/><\/p>\n<h3 class=\"western\" lang=\"de-DE\"><span style=\"color: #202124;\"><span style=\"font-family: Arial, sans-serif;\"><span style=\"font-size: large;\"><strong><span style=\"color: #1c1d1d;\"><span style=\"font-family: Montserrat, sans-serif;\"><b>Poduszka z kolekcji Teddy, du\u017ca przytulanka mi\u015b dla dziecka od\u00a0 Cozy&amp;Dozy<\/b><\/span><\/span><\/strong><\/span><\/span><\/span><\/h3>\n<p><strong><span style=\"color: #1c1d1d;\"><span style=\"font-family: Roboto, sans-serif;\"><span style=\"font-size: medium;\"><b>Przytulna poduszka w kszta\u0142cie \u0142apy misia, wykonana z mi\u0119kkiego aksamitu w kolorze ciemnobr\u0105zowym.<\/b><\/span><\/span><\/span><\/strong><\/p>\n<p><strong><span style=\"color: #1c1d1d;\"><span style=\"font-family: Roboto, sans-serif;\"><span style=\"font-size: medium;\"><b>Du\u017ca poduszka, idealna do przytulania, spania, zabawy oraz jako towarzysz podr\u00f3\u017cy.<\/b><\/span><\/span><\/span><\/strong><\/p>\n<p><span style=\"color: #1c1d1d;\"><span style=\"font-family: Roboto, sans-serif;\"><span style=\"font-size: medium;\">Kt\u00f3\u017c nie kocha mi\u0119kkich poduszek, zw\u0142aszcza tych wykonanych z pi\u0119knego, kolorowego aksamitu.<\/span><\/span><\/span><\/p>\n<p><span style=\"color: #1c1d1d;\"><span style=\"font-family: Roboto, sans-serif;\"><span style=\"font-size: medium;\">W kolekcji s\u0142odkich poduszek Teddy dost\u0119pne s\u0105 2 kolory: ciemny br\u0105z i br\u0105z.<\/span><\/span><\/span><\/p>\n<p><strong><span style=\"color: #1c1d1d;\"><span style=\"font-family: Roboto, sans-serif;\"><span style=\"font-size: medium;\"><b>Do kompletu mo\u017cesz dobra\u0107 pasuj\u0105c\u0105 girland\u0119, mat\u0119 do zabawy, tipi lub ko\u0142derk\u0119.<\/b><\/span><\/span><\/span><\/strong><\/p>\n<p><span style=\"color: #1c1d1d;\"><span style=\"font-family: Roboto, sans-serif;\"><span style=\"font-size: medium;\">Wymiary:<\/span><\/span><\/span><\/p>\n<ul>\n<li><span style=\"color: #1c1d1d;\"><span style=\"font-family: Roboto, sans-serif;\"><span style=\"font-size: medium;\">50x60cm<\/span><\/span><\/span><\/li>\n<\/ul>\n<p><span style=\"color: #1c1d1d;\"><span style=\"font-family: Roboto, sans-serif;\"><span style=\"font-size: medium;\">Tkanina:<\/span><\/span><\/span><\/p>\n<ul>\n<li><span style=\"color: #1c1d1d;\"><span style=\"font-family: Roboto, sans-serif;\"><span style=\"font-size: medium;\">100% aksamit (100% PES)<\/span><\/span><\/span><\/li>\n<li><span style=\"color: #1c1d1d;\"><span style=\"font-family: Roboto, sans-serif;\"><span style=\"font-size: medium;\">antyalergiczne silikonowe wype\u0142nienie izolacyjne<\/span><\/span><\/span><\/li>\n<\/ul>\n<p><span style=\"color: #1c1d1d;\"><span style=\"font-family: Roboto, sans-serif;\"><span style=\"font-size: medium;\">Metoda piel\u0119gnacji:<\/span><\/span><\/span><\/p>\n<ul>\n<li><span style=\"color: #1c1d1d;\"><span style=\"font-family: Roboto, sans-serif;\"><span style=\"font-size: medium;\">Pra\u0107 w temperaturze 40\u00b0 \u2013 program delikatny<\/span><\/span><\/span><\/li>\n<li><span style=\"color: #1c1d1d;\"><span style=\"font-family: Roboto, sans-serif;\"><span style=\"font-size: medium;\">Nie czy\u015bci\u0107 chemicznie<\/span><\/span><\/span><\/li>\n<li><span style=\"color: #1c1d1d;\"><span style=\"font-family: Roboto, sans-serif;\"><span style=\"font-size: medium;\">Nie chlorowa\u0107<\/span><\/span><\/span><\/li>\n<\/ul>\n<p><span style=\"color: #1c1d1d;\"><span style=\"font-family: Roboto, sans-serif;\"><span style=\"font-size: medium;\">Bezpiecze\u0144stwo dzieci jest dla nas najwa\u017cniejsze, dlatego girlanda i poduszka wykonane s\u0105 w 100% z najwy\u017cszej jako\u015bci aksamitu.<\/span><\/span><\/span><\/p>\n<p><span style=\"color: #1c1d1d;\"><span style=\"font-family: Roboto, sans-serif;\"><span style=\"font-size: medium;\">Nasze produkty posiadaj\u0105 certyfikat CE, dzi\u0119ki czemu mo\u017cesz bez obaw podarowa\u0107 je swojemu dziecku.<\/span><\/span><\/span><\/p>\n<p><span style=\"color: #1c1d1d;\"><span style=\"font-family: Roboto, sans-serif;\"><span style=\"font-size: medium;\">Wszystkie nasze produkty zosta\u0142y zaprojektowane i wykonane przez Cozy&amp;Dozy.<\/span><\/span><\/span><\/p>\n<div><strong>\u200b<\/strong><\/div>\n","protected":false},"excerpt":{"rendered":"<p>Du\u017ca poducha w ksz\u0142atcie \u0142apki misia, \u0142apki psa, \u0142apki kota. Dost\u0119pna w trzech kolorach. Poduszka dekotacyjna dzieci\u0119ca z velvetu.<\/p>\n","protected":false},"featured_media":2484,"comment_status":"open","ping_status":"closed","template":"","meta":[],"product_brand":[],"product_cat":[17],"product_tag":[],"class_list":{"0":"post-2512","1":"product","2":"type-product","3":"status-publish","4":"has-post-thumbnail","6":"product_cat-poduszki-i-pufy","8":"first","9":"instock","10":"sale","11":"shipping-taxable","12":"product-type-simple"},"yoast_head":"<!-- This site is optimized with the Yoast SEO Premium plugin v21.9 (Yoast SEO v27.0) - https:\/\/yoast.com\/product\/yoast-seo-premium-wordpress\/ -->\n<title>Poduszka PAW \u0142apka misia - poduszka br\u0105zowa \u0142apka - Cozy &amp; Dozy<\/title>\n<meta name=\"description\" content=\"Du\u017ca poducha w ksz\u0142atcie \u0142apki misia, \u0142apki psa, \u0142apki kota. Dost\u0119pna w trzech kolorach. Poduszka dekotacyjna dzieci\u0119ca z velvetu.\" \/>\n<meta name=\"robots\" content=\"index, follow, max-snippet:-1, max-image-preview:large, max-video-preview:-1\" \/>\n<link rel=\"canonical\" href=\"https:\/\/cozyanddozy.com\/pl\/produkt\/poduszka-paw-lapka-misia-poduszka-brazowa-lapka\/\" \/>\n<meta property=\"og:locale\" content=\"pl_PL\" \/>\n<meta property=\"og:type\" content=\"article\" \/>\n<meta property=\"og:title\" content=\"Poduszka PAW \u0142apka misia - poduszka br\u0105zowa \u0142apka\" \/>\n<meta property=\"og:description\" content=\"Du\u017ca poducha w ksz\u0142atcie \u0142apki misia, \u0142apki psa, \u0142apki kota. Dost\u0119pna w trzech kolorach. Poduszka dekotacyjna dzieci\u0119ca z velvetu.\" \/>\n<meta property=\"og:url\" content=\"https:\/\/cozyanddozy.com\/pl\/produkt\/poduszka-paw-lapka-misia-poduszka-brazowa-lapka\/\" \/>\n<meta property=\"og:site_name\" content=\"Cozy &amp; Dozy\" \/>\n<meta property=\"article:modified_time\" content=\"2025-01-29T17:46:37+00:00\" \/>\n<meta property=\"og:image\" content=\"https:\/\/cozyanddozy.com\/pl\/wp-content\/uploads\/2024\/05\/paw-pillow-brown.jpeg\" \/>\n\t<meta property=\"og:image:width\" content=\"2307\" \/>\n\t<meta property=\"og:image:height\" content=\"2307\" \/>\n\t<meta property=\"og:image:type\" content=\"image\/jpeg\" \/>\n<meta name=\"twitter:card\" content=\"summary_large_image\" \/>\n<meta name=\"twitter:label1\" content=\"Cena\" \/>\n\t<meta name=\"twitter:data1\" content=\"99,00&nbsp;&#122;&#322;\" \/>\n\t<meta name=\"twitter:label2\" content=\"Dost\u0119pno\u015b\u0107\" \/>\n\t<meta name=\"twitter:data2\" content=\"Dost\u0119pny\" \/>\n<script type=\"application\/ld+json\" class=\"yoast-schema-graph\">{\"@context\":\"https:\/\/schema.org\",\"@graph\":[{\"@type\":\"WebPage\",\"@id\":\"https:\/\/cozyanddozy.com\/pl\/produkt\/poduszka-paw-lapka-misia-poduszka-brazowa-lapka\/\",\"url\":\"https:\/\/cozyanddozy.com\/pl\/produkt\/poduszka-paw-lapka-misia-poduszka-brazowa-lapka\/\",\"name\":\"Poduszka PAW \u0142apka misia - poduszka br\u0105zowa \u0142apka - Cozy & Dozy\",\"isPartOf\":{\"@id\":\"https:\/\/cozyanddozy.com\/pl\/#website\"},\"primaryImageOfPage\":{\"@id\":\"https:\/\/cozyanddozy.com\/pl\/produkt\/poduszka-paw-lapka-misia-poduszka-brazowa-lapka\/#primaryimage\"},\"image\":{\"@id\":\"https:\/\/cozyanddozy.com\/pl\/produkt\/poduszka-paw-lapka-misia-poduszka-brazowa-lapka\/#primaryimage\"},\"thumbnailUrl\":\"https:\/\/cozyanddozy.com\/pl\/wp-content\/uploads\/2024\/05\/paw-pillow-brown.jpeg\",\"datePublished\":\"2024-05-29T10:20:28+00:00\",\"dateModified\":\"2025-01-29T17:46:37+00:00\",\"description\":\"Du\u017ca poducha w ksz\u0142atcie \u0142apki misia, \u0142apki psa, \u0142apki kota. Dost\u0119pna w trzech kolorach. Poduszka dekotacyjna dzieci\u0119ca z velvetu.\",\"breadcrumb\":{\"@id\":\"https:\/\/cozyanddozy.com\/pl\/produkt\/poduszka-paw-lapka-misia-poduszka-brazowa-lapka\/#breadcrumb\"},\"inLanguage\":\"pl-PL\",\"potentialAction\":[{\"@type\":\"ReadAction\",\"target\":[\"https:\/\/cozyanddozy.com\/pl\/produkt\/poduszka-paw-lapka-misia-poduszka-brazowa-lapka\/\"]}]},{\"@type\":\"ImageObject\",\"inLanguage\":\"pl-PL\",\"@id\":\"https:\/\/cozyanddozy.com\/pl\/produkt\/poduszka-paw-lapka-misia-poduszka-brazowa-lapka\/#primaryimage\",\"url\":\"https:\/\/cozyanddozy.com\/pl\/wp-content\/uploads\/2024\/05\/paw-pillow-brown.jpeg\",\"contentUrl\":\"https:\/\/cozyanddozy.com\/pl\/wp-content\/uploads\/2024\/05\/paw-pillow-brown.jpeg\",\"width\":2307,\"height\":2307},{\"@type\":\"BreadcrumbList\",\"@id\":\"https:\/\/cozyanddozy.com\/pl\/produkt\/poduszka-paw-lapka-misia-poduszka-brazowa-lapka\/#breadcrumb\",\"itemListElement\":[{\"@type\":\"ListItem\",\"position\":1,\"name\":\"Home\",\"item\":\"https:\/\/cozyanddozy.com\/pl\/\"},{\"@type\":\"ListItem\",\"position\":2,\"name\":\"Sklep\",\"item\":\"https:\/\/cozyanddozy.com\/pl\/sklep\/\"},{\"@type\":\"ListItem\",\"position\":3,\"name\":\"Poduszka PAW \u0142apka misia &#8211; poduszka br\u0105zowa \u0142apka\"}]},{\"@type\":\"WebSite\",\"@id\":\"https:\/\/cozyanddozy.com\/pl\/#website\",\"url\":\"https:\/\/cozyanddozy.com\/pl\/\",\"name\":\"Cozy & Dozy\",\"description\":\"\",\"potentialAction\":[{\"@type\":\"SearchAction\",\"target\":{\"@type\":\"EntryPoint\",\"urlTemplate\":\"https:\/\/cozyanddozy.com\/pl\/?s={search_term_string}\"},\"query-input\":{\"@type\":\"PropertyValueSpecification\",\"valueRequired\":true,\"valueName\":\"search_term_string\"}}],\"inLanguage\":\"pl-PL\"}]}<\/script>\n<meta property=\"product:price:amount\" content=\"99.00\" \/>\n<meta property=\"product:price:currency\" content=\"PLN\" \/>\n<meta property=\"og:availability\" content=\"instock\" \/>\n<meta property=\"product:availability\" content=\"instock\" \/>\n<meta property=\"product:retailer_item_id\" content=\"5902701497798\" \/>\n<meta property=\"product:condition\" content=\"new\" \/>\n<!-- \/ Yoast SEO Premium plugin. -->","yoast_head_json":{"title":"Poduszka PAW \u0142apka misia - poduszka br\u0105zowa \u0142apka - Cozy & Dozy","description":"Du\u017ca poducha w ksz\u0142atcie \u0142apki misia, \u0142apki psa, \u0142apki kota. Dost\u0119pna w trzech kolorach. Poduszka dekotacyjna dzieci\u0119ca z velvetu.","robots":{"index":"index","follow":"follow","max-snippet":"max-snippet:-1","max-image-preview":"max-image-preview:large","max-video-preview":"max-video-preview:-1"},"canonical":"https:\/\/cozyanddozy.com\/pl\/produkt\/poduszka-paw-lapka-misia-poduszka-brazowa-lapka\/","og_locale":"pl_PL","og_type":"article","og_title":"Poduszka PAW \u0142apka misia - poduszka br\u0105zowa \u0142apka","og_description":"Du\u017ca poducha w ksz\u0142atcie \u0142apki misia, \u0142apki psa, \u0142apki kota. Dost\u0119pna w trzech kolorach. Poduszka dekotacyjna dzieci\u0119ca z velvetu.","og_url":"https:\/\/cozyanddozy.com\/pl\/produkt\/poduszka-paw-lapka-misia-poduszka-brazowa-lapka\/","og_site_name":"Cozy &amp; Dozy","article_modified_time":"2025-01-29T17:46:37+00:00","og_image":[{"width":2307,"height":2307,"url":"https:\/\/cozyanddozy.com\/pl\/wp-content\/uploads\/2024\/05\/paw-pillow-brown.jpeg","type":"image\/jpeg"}],"twitter_card":"summary_large_image","twitter_misc":{"Cena":"99,00&nbsp;&#122;&#322;","Dost\u0119pno\u015b\u0107":"Dost\u0119pny"},"schema":{"@context":"https:\/\/schema.org","@graph":[{"@type":"WebPage","@id":"https:\/\/cozyanddozy.com\/pl\/produkt\/poduszka-paw-lapka-misia-poduszka-brazowa-lapka\/","url":"https:\/\/cozyanddozy.com\/pl\/produkt\/poduszka-paw-lapka-misia-poduszka-brazowa-lapka\/","name":"Poduszka PAW \u0142apka misia - poduszka br\u0105zowa \u0142apka - Cozy & Dozy","isPartOf":{"@id":"https:\/\/cozyanddozy.com\/pl\/#website"},"primaryImageOfPage":{"@id":"https:\/\/cozyanddozy.com\/pl\/produkt\/poduszka-paw-lapka-misia-poduszka-brazowa-lapka\/#primaryimage"},"image":{"@id":"https:\/\/cozyanddozy.com\/pl\/produkt\/poduszka-paw-lapka-misia-poduszka-brazowa-lapka\/#primaryimage"},"thumbnailUrl":"https:\/\/cozyanddozy.com\/pl\/wp-content\/uploads\/2024\/05\/paw-pillow-brown.jpeg","datePublished":"2024-05-29T10:20:28+00:00","dateModified":"2025-01-29T17:46:37+00:00","description":"Du\u017ca poducha w ksz\u0142atcie \u0142apki misia, \u0142apki psa, \u0142apki kota. Dost\u0119pna w trzech kolorach. Poduszka dekotacyjna dzieci\u0119ca z velvetu.","breadcrumb":{"@id":"https:\/\/cozyanddozy.com\/pl\/produkt\/poduszka-paw-lapka-misia-poduszka-brazowa-lapka\/#breadcrumb"},"inLanguage":"pl-PL","potentialAction":[{"@type":"ReadAction","target":["https:\/\/cozyanddozy.com\/pl\/produkt\/poduszka-paw-lapka-misia-poduszka-brazowa-lapka\/"]}]},{"@type":"ImageObject","inLanguage":"pl-PL","@id":"https:\/\/cozyanddozy.com\/pl\/produkt\/poduszka-paw-lapka-misia-poduszka-brazowa-lapka\/#primaryimage","url":"https:\/\/cozyanddozy.com\/pl\/wp-content\/uploads\/2024\/05\/paw-pillow-brown.jpeg","contentUrl":"https:\/\/cozyanddozy.com\/pl\/wp-content\/uploads\/2024\/05\/paw-pillow-brown.jpeg","width":2307,"height":2307},{"@type":"BreadcrumbList","@id":"https:\/\/cozyanddozy.com\/pl\/produkt\/poduszka-paw-lapka-misia-poduszka-brazowa-lapka\/#breadcrumb","itemListElement":[{"@type":"ListItem","position":1,"name":"Home","item":"https:\/\/cozyanddozy.com\/pl\/"},{"@type":"ListItem","position":2,"name":"Sklep","item":"https:\/\/cozyanddozy.com\/pl\/sklep\/"},{"@type":"ListItem","position":3,"name":"Poduszka PAW \u0142apka misia &#8211; poduszka br\u0105zowa \u0142apka"}]},{"@type":"WebSite","@id":"https:\/\/cozyanddozy.com\/pl\/#website","url":"https:\/\/cozyanddozy.com\/pl\/","name":"Cozy & Dozy","description":"","potentialAction":[{"@type":"SearchAction","target":{"@type":"EntryPoint","urlTemplate":"https:\/\/cozyanddozy.com\/pl\/?s={search_term_string}"},"query-input":{"@type":"PropertyValueSpecification","valueRequired":true,"valueName":"search_term_string"}}],"inLanguage":"pl-PL"}]},"product_price_amount":"99.00","product_price_currency":"PLN","og_availability":"instock","product_availability":"instock","product_retailer_item_id":"5902701497798","product_condition":"new"},"_links":{"self":[{"href":"https:\/\/cozyanddozy.com\/pl\/wp-json\/wp\/v2\/product\/2512","targetHints":{"allow":["GET"]}}],"collection":[{"href":"https:\/\/cozyanddozy.com\/pl\/wp-json\/wp\/v2\/product"}],"about":[{"href":"https:\/\/cozyanddozy.com\/pl\/wp-json\/wp\/v2\/types\/product"}],"replies":[{"embeddable":true,"href":"https:\/\/cozyanddozy.com\/pl\/wp-json\/wp\/v2\/comments?post=2512"}],"wp:featuredmedia":[{"embeddable":true,"href":"https:\/\/cozyanddozy.com\/pl\/wp-json\/wp\/v2\/media\/2484"}],"wp:attachment":[{"href":"https:\/\/cozyanddozy.com\/pl\/wp-json\/wp\/v2\/media?parent=2512"}],"wp:term":[{"taxonomy":"product_brand","embeddable":true,"href":"https:\/\/cozyanddozy.com\/pl\/wp-json\/wp\/v2\/product_brand?post=2512"},{"taxonomy":"product_cat","embeddable":true,"href":"https:\/\/cozyanddozy.com\/pl\/wp-json\/wp\/v2\/product_cat?post=2512"},{"taxonomy":"product_tag","embeddable":true,"href":"https:\/\/cozyanddozy.com\/pl\/wp-json\/wp\/v2\/product_tag?post=2512"}],"curies":[{"name":"wp","href":"https:\/\/api.w.org\/{rel}","templated":true}]}}