{"id":2361,"date":"2024-04-08T14:50:19","date_gmt":"2024-04-08T13:50:19","guid":{"rendered":"https:\/\/cozyanddozy.com\/?post_type=product&#038;p=2843"},"modified":"2025-09-29T16:14:55","modified_gmt":"2025-09-29T14:14:55","slug":"poduszka-dino-brazowy-diplodok-poduszka","status":"publish","type":"product","link":"https:\/\/cozyanddozy.com\/pl\/produkt\/poduszka-dino-brazowy-diplodok-poduszka\/","title":{"rendered":"Poduszka Dino, br\u0105zowy Diplodok poduszka"},"content":{"rendered":"<div style=\"text-align: left;\"><strong><span style=\"color: #555555;\"><img decoding=\"async\" class=\"alignnone size-medium wp-image-2364 alignright\" src=\"https:\/\/cozyanddozy.com\/pl\/wp-content\/uploads\/2024\/04\/dino-pillow-cozy-dozy-383x400.jpg\" alt=\"\" width=\"383\" height=\"400\" srcset=\"https:\/\/cozyanddozy.com\/pl\/wp-content\/uploads\/2024\/04\/dino-pillow-cozy-dozy-383x400.jpg 383w, https:\/\/cozyanddozy.com\/pl\/wp-content\/uploads\/2024\/04\/dino-pillow-cozy-dozy-1150x1200.jpg 1150w, https:\/\/cozyanddozy.com\/pl\/wp-content\/uploads\/2024\/04\/dino-pillow-cozy-dozy-144x150.jpg 144w, https:\/\/cozyanddozy.com\/pl\/wp-content\/uploads\/2024\/04\/dino-pillow-cozy-dozy-768x801.jpg 768w, https:\/\/cozyanddozy.com\/pl\/wp-content\/uploads\/2024\/04\/dino-pillow-cozy-dozy-470x490.jpg 470w, https:\/\/cozyanddozy.com\/pl\/wp-content\/uploads\/2024\/04\/dino-pillow-cozy-dozy-800x835.jpg 800w, https:\/\/cozyanddozy.com\/pl\/wp-content\/uploads\/2024\/04\/dino-pillow-cozy-dozy.jpg 1200w\" sizes=\"(max-width: 383px) 100vw, 383px\" \/><\/span><\/strong><\/div>\n<div><strong><span style=\"color: #555555;\">Br\u0105zowy diplodok, to poduszka dinozaur, stworzona z my\u015bl\u0105 o ma\u0142ych mi\u0142o\u015bnikach prehistorycznych gigant\u00f3w!<\/span><\/strong><\/div>\n<div><strong><span style=\"color: #555555;\">Nasza du\u017ca poduszka w kszta\u0142cie dinozaura to doskona\u0142a ozdoba pokoju oraz przytulanka dla ka\u017cdego dziecka, kt\u00f3re kocha \u015bwiat dinozaur\u00f3w.<\/span><\/strong><\/div>\n<div>\n<p>Wykonana z mi\u0119kkiego, przyjemnego w dotyku velvetu, poduszka zapewnia nie tylko wyj\u0105tkowy komfort, ale r\u00f3wnie\u017c zachwyca swoim unikalnym designem.<br \/>\nJej imponuj\u0105cy wymiar 50&#215;50 cm gwarantuje odpowiedni\u0105 wielko\u015b\u0107 do przytulania i relaksu.<\/p>\n<p>Wype\u0142niona antyalergiczn\u0105 kul\u0105, nasza poduszka zapewnia bezpiecze\u0144stwo i komfort snu nawet najbardziej wra\u017cliwym u\u017cytkownikom.<br \/>\nPonadto, dzi\u0119ki wysokiej jako\u015bci wykonania w naszej pracowni Cozy&amp;Dozy w Polsce, mo\u017cesz mie\u0107 pewno\u015b\u0107, \u017ce produkt ten jest nie tylko estetyczny, ale tak\u017ce trwa\u0142y i solidny.<\/p>\n<p>Idealna zar\u00f3wno jako dekoracja pokoju, jak i towarzysz podr\u00f3\u017cy, nasza poduszka dinozaur sprawi, \u017ce ka\u017cda chwila sp\u0119dzona z ni\u0105 b\u0119dzie pe\u0142na rado\u015bci i u\u015bmiechu.<br \/>\nDaj swojemu dziecku mo\u017cliwo\u015b\u0107 zanurzenia si\u0119 w fascynuj\u0105cym \u015bwiecie dinozaur\u00f3w z nasz\u0105 wyj\u0105tkow\u0105 poduszk\u0105!<\/p>\n<p>Piel\u0119gnacja:<br \/>\n&#8211; pranie w 40 stopniach<br \/>\n&#8211; wiroowanie 800 obrot\u00f3w<br \/>\n&#8211; mozna suszy\u0107 w suszarce b\u0119bnowej<br \/>\n&#8211; nie chlorowa\u0107<\/p>\n<p>Wszystkie nasze produkty s\u0105 uszyte z bezpiecznych, certyfikowanych tkanin, wykonane z wysokiej jako\u015bci splotu.<br \/>\nZaprojektowane i wykonane w naszej pracowni Cozy&amp;Dozy.<\/p>\n<\/div>\n","protected":false},"excerpt":{"rendered":"<p>Our large dinosaur-shaped pillow is a perfect room decoration and a cuddly toy for every child who loves the world of dinosaurs.<\/p>\n","protected":false},"featured_media":2352,"comment_status":"open","ping_status":"closed","template":"","meta":[],"product_brand":[],"product_cat":[17],"product_tag":[],"class_list":{"0":"post-2361","1":"product","2":"type-product","3":"status-publish","4":"has-post-thumbnail","6":"product_cat-poduszki-i-pufy","8":"first","9":"instock","10":"sale","11":"shipping-taxable","12":"product-type-simple"},"yoast_head":"<!-- This site is optimized with the Yoast SEO Premium plugin v21.9 (Yoast SEO v27.0) - https:\/\/yoast.com\/product\/yoast-seo-premium-wordpress\/ -->\n<title>Poduszka Dino, br\u0105zowy Diplodok poduszka - Cozy &amp; Dozy<\/title>\n<meta name=\"description\" content=\"Our large dinosaur-shaped pillow is a perfect room decoration and a cuddly toy for every child who loves the world of dinosaurs.\" \/>\n<meta name=\"robots\" content=\"index, follow, max-snippet:-1, max-image-preview:large, max-video-preview:-1\" \/>\n<link rel=\"canonical\" href=\"https:\/\/cozyanddozy.com\/pl\/produkt\/poduszka-dino-brazowy-diplodok-poduszka\/\" \/>\n<meta property=\"og:locale\" content=\"pl_PL\" \/>\n<meta property=\"og:type\" content=\"article\" \/>\n<meta property=\"og:title\" content=\"Poduszka Dino, br\u0105zowy Diplodok poduszka\" \/>\n<meta property=\"og:description\" content=\"Our large dinosaur-shaped pillow is a perfect room decoration and a cuddly toy for every child who loves the world of dinosaurs.\" \/>\n<meta property=\"og:url\" content=\"https:\/\/cozyanddozy.com\/pl\/produkt\/poduszka-dino-brazowy-diplodok-poduszka\/\" \/>\n<meta property=\"og:site_name\" content=\"Cozy &amp; Dozy\" \/>\n<meta property=\"article:modified_time\" content=\"2025-09-29T14:14:55+00:00\" \/>\n<meta property=\"og:image\" content=\"https:\/\/cozyanddozy.com\/pl\/wp-content\/uploads\/2024\/04\/brown-diplodok-cushion.jpg\" \/>\n\t<meta property=\"og:image:width\" content=\"1200\" \/>\n\t<meta property=\"og:image:height\" content=\"1200\" \/>\n\t<meta property=\"og:image:type\" content=\"image\/jpeg\" \/>\n<meta name=\"twitter:card\" content=\"summary_large_image\" \/>\n<meta name=\"twitter:label1\" content=\"Cena\" \/>\n\t<meta name=\"twitter:data1\" content=\"149,00&nbsp;&#122;&#322;\" \/>\n\t<meta name=\"twitter:label2\" content=\"Dost\u0119pno\u015b\u0107\" \/>\n\t<meta name=\"twitter:data2\" content=\"Dost\u0119pny\" \/>\n<script type=\"application\/ld+json\" class=\"yoast-schema-graph\">{\"@context\":\"https:\/\/schema.org\",\"@graph\":[{\"@type\":\"WebPage\",\"@id\":\"https:\/\/cozyanddozy.com\/pl\/produkt\/poduszka-dino-brazowy-diplodok-poduszka\/\",\"url\":\"https:\/\/cozyanddozy.com\/pl\/produkt\/poduszka-dino-brazowy-diplodok-poduszka\/\",\"name\":\"Poduszka Dino, br\u0105zowy Diplodok poduszka - Cozy & Dozy\",\"isPartOf\":{\"@id\":\"https:\/\/cozyanddozy.com\/pl\/#website\"},\"primaryImageOfPage\":{\"@id\":\"https:\/\/cozyanddozy.com\/pl\/produkt\/poduszka-dino-brazowy-diplodok-poduszka\/#primaryimage\"},\"image\":{\"@id\":\"https:\/\/cozyanddozy.com\/pl\/produkt\/poduszka-dino-brazowy-diplodok-poduszka\/#primaryimage\"},\"thumbnailUrl\":\"https:\/\/cozyanddozy.com\/pl\/wp-content\/uploads\/2024\/04\/brown-diplodok-cushion.jpg\",\"datePublished\":\"2024-04-08T13:50:19+00:00\",\"dateModified\":\"2025-09-29T14:14:55+00:00\",\"description\":\"Our large dinosaur-shaped pillow is a perfect room decoration and a cuddly toy for every child who loves the world of dinosaurs.\",\"breadcrumb\":{\"@id\":\"https:\/\/cozyanddozy.com\/pl\/produkt\/poduszka-dino-brazowy-diplodok-poduszka\/#breadcrumb\"},\"inLanguage\":\"pl-PL\",\"potentialAction\":[{\"@type\":\"ReadAction\",\"target\":[\"https:\/\/cozyanddozy.com\/pl\/produkt\/poduszka-dino-brazowy-diplodok-poduszka\/\"]}]},{\"@type\":\"ImageObject\",\"inLanguage\":\"pl-PL\",\"@id\":\"https:\/\/cozyanddozy.com\/pl\/produkt\/poduszka-dino-brazowy-diplodok-poduszka\/#primaryimage\",\"url\":\"https:\/\/cozyanddozy.com\/pl\/wp-content\/uploads\/2024\/04\/brown-diplodok-cushion.jpg\",\"contentUrl\":\"https:\/\/cozyanddozy.com\/pl\/wp-content\/uploads\/2024\/04\/brown-diplodok-cushion.jpg\",\"width\":1200,\"height\":1200},{\"@type\":\"BreadcrumbList\",\"@id\":\"https:\/\/cozyanddozy.com\/pl\/produkt\/poduszka-dino-brazowy-diplodok-poduszka\/#breadcrumb\",\"itemListElement\":[{\"@type\":\"ListItem\",\"position\":1,\"name\":\"Home\",\"item\":\"https:\/\/cozyanddozy.com\/pl\/\"},{\"@type\":\"ListItem\",\"position\":2,\"name\":\"Sklep\",\"item\":\"https:\/\/cozyanddozy.com\/pl\/sklep\/\"},{\"@type\":\"ListItem\",\"position\":3,\"name\":\"Poduszka Dino, br\u0105zowy Diplodok poduszka\"}]},{\"@type\":\"WebSite\",\"@id\":\"https:\/\/cozyanddozy.com\/pl\/#website\",\"url\":\"https:\/\/cozyanddozy.com\/pl\/\",\"name\":\"Cozy & Dozy\",\"description\":\"\",\"potentialAction\":[{\"@type\":\"SearchAction\",\"target\":{\"@type\":\"EntryPoint\",\"urlTemplate\":\"https:\/\/cozyanddozy.com\/pl\/?s={search_term_string}\"},\"query-input\":{\"@type\":\"PropertyValueSpecification\",\"valueRequired\":true,\"valueName\":\"search_term_string\"}}],\"inLanguage\":\"pl-PL\"}]}<\/script>\n<meta property=\"product:price:amount\" content=\"149.00\" \/>\n<meta property=\"product:price:currency\" content=\"PLN\" \/>\n<meta property=\"og:availability\" content=\"instock\" \/>\n<meta property=\"product:availability\" content=\"instock\" \/>\n<meta property=\"product:retailer_item_id\" content=\"5902701497514\" \/>\n<meta property=\"product:condition\" content=\"new\" \/>\n<!-- \/ Yoast SEO Premium plugin. -->","yoast_head_json":{"title":"Poduszka Dino, br\u0105zowy Diplodok poduszka - Cozy & Dozy","description":"Our large dinosaur-shaped pillow is a perfect room decoration and a cuddly toy for every child who loves the world of dinosaurs.","robots":{"index":"index","follow":"follow","max-snippet":"max-snippet:-1","max-image-preview":"max-image-preview:large","max-video-preview":"max-video-preview:-1"},"canonical":"https:\/\/cozyanddozy.com\/pl\/produkt\/poduszka-dino-brazowy-diplodok-poduszka\/","og_locale":"pl_PL","og_type":"article","og_title":"Poduszka Dino, br\u0105zowy Diplodok poduszka","og_description":"Our large dinosaur-shaped pillow is a perfect room decoration and a cuddly toy for every child who loves the world of dinosaurs.","og_url":"https:\/\/cozyanddozy.com\/pl\/produkt\/poduszka-dino-brazowy-diplodok-poduszka\/","og_site_name":"Cozy &amp; Dozy","article_modified_time":"2025-09-29T14:14:55+00:00","og_image":[{"width":1200,"height":1200,"url":"https:\/\/cozyanddozy.com\/pl\/wp-content\/uploads\/2024\/04\/brown-diplodok-cushion.jpg","type":"image\/jpeg"}],"twitter_card":"summary_large_image","twitter_misc":{"Cena":"149,00&nbsp;&#122;&#322;","Dost\u0119pno\u015b\u0107":"Dost\u0119pny"},"schema":{"@context":"https:\/\/schema.org","@graph":[{"@type":"WebPage","@id":"https:\/\/cozyanddozy.com\/pl\/produkt\/poduszka-dino-brazowy-diplodok-poduszka\/","url":"https:\/\/cozyanddozy.com\/pl\/produkt\/poduszka-dino-brazowy-diplodok-poduszka\/","name":"Poduszka Dino, br\u0105zowy Diplodok poduszka - Cozy & Dozy","isPartOf":{"@id":"https:\/\/cozyanddozy.com\/pl\/#website"},"primaryImageOfPage":{"@id":"https:\/\/cozyanddozy.com\/pl\/produkt\/poduszka-dino-brazowy-diplodok-poduszka\/#primaryimage"},"image":{"@id":"https:\/\/cozyanddozy.com\/pl\/produkt\/poduszka-dino-brazowy-diplodok-poduszka\/#primaryimage"},"thumbnailUrl":"https:\/\/cozyanddozy.com\/pl\/wp-content\/uploads\/2024\/04\/brown-diplodok-cushion.jpg","datePublished":"2024-04-08T13:50:19+00:00","dateModified":"2025-09-29T14:14:55+00:00","description":"Our large dinosaur-shaped pillow is a perfect room decoration and a cuddly toy for every child who loves the world of dinosaurs.","breadcrumb":{"@id":"https:\/\/cozyanddozy.com\/pl\/produkt\/poduszka-dino-brazowy-diplodok-poduszka\/#breadcrumb"},"inLanguage":"pl-PL","potentialAction":[{"@type":"ReadAction","target":["https:\/\/cozyanddozy.com\/pl\/produkt\/poduszka-dino-brazowy-diplodok-poduszka\/"]}]},{"@type":"ImageObject","inLanguage":"pl-PL","@id":"https:\/\/cozyanddozy.com\/pl\/produkt\/poduszka-dino-brazowy-diplodok-poduszka\/#primaryimage","url":"https:\/\/cozyanddozy.com\/pl\/wp-content\/uploads\/2024\/04\/brown-diplodok-cushion.jpg","contentUrl":"https:\/\/cozyanddozy.com\/pl\/wp-content\/uploads\/2024\/04\/brown-diplodok-cushion.jpg","width":1200,"height":1200},{"@type":"BreadcrumbList","@id":"https:\/\/cozyanddozy.com\/pl\/produkt\/poduszka-dino-brazowy-diplodok-poduszka\/#breadcrumb","itemListElement":[{"@type":"ListItem","position":1,"name":"Home","item":"https:\/\/cozyanddozy.com\/pl\/"},{"@type":"ListItem","position":2,"name":"Sklep","item":"https:\/\/cozyanddozy.com\/pl\/sklep\/"},{"@type":"ListItem","position":3,"name":"Poduszka Dino, br\u0105zowy Diplodok poduszka"}]},{"@type":"WebSite","@id":"https:\/\/cozyanddozy.com\/pl\/#website","url":"https:\/\/cozyanddozy.com\/pl\/","name":"Cozy & Dozy","description":"","potentialAction":[{"@type":"SearchAction","target":{"@type":"EntryPoint","urlTemplate":"https:\/\/cozyanddozy.com\/pl\/?s={search_term_string}"},"query-input":{"@type":"PropertyValueSpecification","valueRequired":true,"valueName":"search_term_string"}}],"inLanguage":"pl-PL"}]},"product_price_amount":"149.00","product_price_currency":"PLN","og_availability":"instock","product_availability":"instock","product_retailer_item_id":"5902701497514","product_condition":"new"},"_links":{"self":[{"href":"https:\/\/cozyanddozy.com\/pl\/wp-json\/wp\/v2\/product\/2361","targetHints":{"allow":["GET"]}}],"collection":[{"href":"https:\/\/cozyanddozy.com\/pl\/wp-json\/wp\/v2\/product"}],"about":[{"href":"https:\/\/cozyanddozy.com\/pl\/wp-json\/wp\/v2\/types\/product"}],"replies":[{"embeddable":true,"href":"https:\/\/cozyanddozy.com\/pl\/wp-json\/wp\/v2\/comments?post=2361"}],"wp:featuredmedia":[{"embeddable":true,"href":"https:\/\/cozyanddozy.com\/pl\/wp-json\/wp\/v2\/media\/2352"}],"wp:attachment":[{"href":"https:\/\/cozyanddozy.com\/pl\/wp-json\/wp\/v2\/media?parent=2361"}],"wp:term":[{"taxonomy":"product_brand","embeddable":true,"href":"https:\/\/cozyanddozy.com\/pl\/wp-json\/wp\/v2\/product_brand?post=2361"},{"taxonomy":"product_cat","embeddable":true,"href":"https:\/\/cozyanddozy.com\/pl\/wp-json\/wp\/v2\/product_cat?post=2361"},{"taxonomy":"product_tag","embeddable":true,"href":"https:\/\/cozyanddozy.com\/pl\/wp-json\/wp\/v2\/product_tag?post=2361"}],"curies":[{"name":"wp","href":"https:\/\/api.w.org\/{rel}","templated":true}]}}