{"id":2329,"date":"2024-03-22T17:11:37","date_gmt":"2024-03-22T17:11:37","guid":{"rendered":"https:\/\/cozyanddozy.com\/?post_type=product&#038;p=2817"},"modified":"2024-08-13T17:15:08","modified_gmt":"2024-08-13T15:15:08","slug":"dekoracyjna-poduszka-alice-dress-poduszka-z-velvetu-alicja-w-krainie-czarow","status":"publish","type":"product","link":"https:\/\/cozyanddozy.com\/pl\/produkt\/dekoracyjna-poduszka-alice-dress-poduszka-z-velvetu-alicja-w-krainie-czarow\/","title":{"rendered":"Dekoracyjna poduszka Alice dress, poduszka z velvetu Alicja w Krainie Czar\u00f3w"},"content":{"rendered":"<h3><strong>Poduszka Alice Dress, b\u0142\u0119kitna poduszka inspirowana Alicj\u0105 w Krainie Czar\u00f3w.<\/strong><\/h3>\n<p>Poduszka z serii Alice stworzy bajeczn\u0105 atmosfer\u0119 w pokoju Twojego dziecka.<\/p>\n<p>Poduszka wykonana jest z mi\u0119kkiego, grubego aksamitu i ozdobiona aplikacj\u0105. Ca\u0142o\u015b\u0107 wyko\u0144czona jest lam\u00f3wk\u0105.<\/p>\n<p>B\u0142\u0119kitna poduszka z aplikacj\u0105 Alicji w krainie czar\u00f3w.<br \/>\nAksamitna poduszka z aplikacj\u0105 w postaci sukienki Alicji. Aksamitna poduszka sprawdzi si\u0119 zar\u00f3wno dla dzieci, jak i doros\u0142ych, b\u0119dzie \u015bwietn\u0105 ozdob\u0105 \u0142\u00f3\u017cka lub sofy.<br \/>\nW serii Alicja posiadamy poduszki w r\u00f3\u017cnych kolorach i zastosowaniach, tematycznie nawi\u0105zuj\u0105cych do ba\u015bniowej atmosfery Krainy Czar\u00f3w.<\/p>\n<p>Opis poduszki:<\/p>\n<ul>\n<li>wymiary: 40\u00d740 cm<\/li>\n<li>posiada zamek b\u0142yskawiczny (\u0142atwy w praniu)<\/li>\n<li>wype\u0142nienie hipoalergiczne<\/li>\n<li>wykonany w 100% z aksamitu PES, certyfikowanej tkaniny<\/li>\n<li>Produkt z certyfikatem CE<\/li>\n<li>zaprojektowana i uszyta przez Cozy&amp;Dozy w Polsce.<\/li>\n<\/ul>\n<p>Metoda piel\u0119gnacji:<\/p>\n<ul>\n<li>Pra\u0107 w temperaturze 40\u00b0 \u2013 program delikatny<\/li>\n<li>Nie prasowa\u0107 i nie czy\u015bci\u0107 chemicznie<\/li>\n<li>Nie chlorowa\u0107<\/li>\n<\/ul>\n<p>Bezpiecze\u0144stwo dzieci jest dla nas najwa\u017cniejsze, dlatego girlanda i poduszka wykonane s\u0105 w 100% z najwy\u017cszej jako\u015bci aksamitu.<br \/>\nNasze produkty posiadaj\u0105 certyfikat CE, dzi\u0119ki czemu mo\u017cesz bez obaw podarowa\u0107 je swojemu dziecku.<br \/>\nWszystkie nasze produkty zosta\u0142y zaprojektowane i wykonane w naszej pracowni Cozy&amp;Dozy.<\/p>\n<p>&nbsp;<\/p>\n","protected":false},"excerpt":{"rendered":"<p>Dekoracyjna poduszka inspirowana Alicj\u0105 w Krainie Czar\u00f3w<\/p>\n","protected":false},"featured_media":2248,"comment_status":"open","ping_status":"closed","template":"","meta":[],"product_brand":[],"product_cat":[17],"product_tag":[],"class_list":{"0":"post-2329","1":"product","2":"type-product","3":"status-publish","4":"has-post-thumbnail","6":"product_cat-poduszki-i-pufy","8":"first","9":"instock","10":"shipping-taxable","11":"product-type-simple"},"yoast_head":"<!-- This site is optimized with the Yoast SEO Premium plugin v21.9 (Yoast SEO v27.0) - https:\/\/yoast.com\/product\/yoast-seo-premium-wordpress\/ -->\n<title>Dekoracyjna poduszka Alice dress, poduszka z velvetu Alicja w Krainie Czar\u00f3w - Cozy &amp; Dozy<\/title>\n<meta name=\"description\" content=\"Dekoracyjna poduszka inspirowana Alicj\u0105 w Krainie Czar\u00f3w\" \/>\n<meta name=\"robots\" content=\"index, follow, max-snippet:-1, max-image-preview:large, max-video-preview:-1\" \/>\n<link rel=\"canonical\" href=\"https:\/\/cozyanddozy.com\/pl\/produkt\/dekoracyjna-poduszka-alice-dress-poduszka-z-velvetu-alicja-w-krainie-czarow\/\" \/>\n<meta property=\"og:locale\" content=\"pl_PL\" \/>\n<meta property=\"og:type\" content=\"article\" \/>\n<meta property=\"og:title\" content=\"Dekoracyjna poduszka Alice dress, poduszka z velvetu Alicja w Krainie Czar\u00f3w\" \/>\n<meta property=\"og:description\" content=\"Dekoracyjna poduszka inspirowana Alicj\u0105 w Krainie Czar\u00f3w\" \/>\n<meta property=\"og:url\" content=\"https:\/\/cozyanddozy.com\/pl\/produkt\/dekoracyjna-poduszka-alice-dress-poduszka-z-velvetu-alicja-w-krainie-czarow\/\" \/>\n<meta property=\"og:site_name\" content=\"Cozy &amp; Dozy\" \/>\n<meta property=\"article:modified_time\" content=\"2024-08-13T15:15:08+00:00\" \/>\n<meta property=\"og:image\" content=\"https:\/\/cozyanddozy.com\/pl\/wp-content\/uploads\/2024\/03\/poduszka-spodnica-scaled.jpg\" \/>\n\t<meta property=\"og:image:width\" content=\"2560\" \/>\n\t<meta property=\"og:image:height\" content=\"2560\" \/>\n\t<meta property=\"og:image:type\" content=\"image\/jpeg\" \/>\n<meta name=\"twitter:card\" content=\"summary_large_image\" \/>\n<meta name=\"twitter:label1\" content=\"Cena\" \/>\n\t<meta name=\"twitter:data1\" content=\"189,00&nbsp;&#122;&#322;\" \/>\n\t<meta name=\"twitter:label2\" content=\"Dost\u0119pno\u015b\u0107\" \/>\n\t<meta name=\"twitter:data2\" content=\"Dost\u0119pny\" \/>\n<script type=\"application\/ld+json\" class=\"yoast-schema-graph\">{\"@context\":\"https:\/\/schema.org\",\"@graph\":[{\"@type\":\"WebPage\",\"@id\":\"https:\/\/cozyanddozy.com\/pl\/produkt\/dekoracyjna-poduszka-alice-dress-poduszka-z-velvetu-alicja-w-krainie-czarow\/\",\"url\":\"https:\/\/cozyanddozy.com\/pl\/produkt\/dekoracyjna-poduszka-alice-dress-poduszka-z-velvetu-alicja-w-krainie-czarow\/\",\"name\":\"Dekoracyjna poduszka Alice dress, poduszka z velvetu Alicja w Krainie Czar\u00f3w - Cozy & Dozy\",\"isPartOf\":{\"@id\":\"https:\/\/cozyanddozy.com\/pl\/#website\"},\"primaryImageOfPage\":{\"@id\":\"https:\/\/cozyanddozy.com\/pl\/produkt\/dekoracyjna-poduszka-alice-dress-poduszka-z-velvetu-alicja-w-krainie-czarow\/#primaryimage\"},\"image\":{\"@id\":\"https:\/\/cozyanddozy.com\/pl\/produkt\/dekoracyjna-poduszka-alice-dress-poduszka-z-velvetu-alicja-w-krainie-czarow\/#primaryimage\"},\"thumbnailUrl\":\"https:\/\/cozyanddozy.com\/pl\/wp-content\/uploads\/2024\/03\/poduszka-spodnica-scaled.jpg\",\"datePublished\":\"2024-03-22T17:11:37+00:00\",\"dateModified\":\"2024-08-13T15:15:08+00:00\",\"description\":\"Dekoracyjna poduszka inspirowana Alicj\u0105 w Krainie Czar\u00f3w\",\"breadcrumb\":{\"@id\":\"https:\/\/cozyanddozy.com\/pl\/produkt\/dekoracyjna-poduszka-alice-dress-poduszka-z-velvetu-alicja-w-krainie-czarow\/#breadcrumb\"},\"inLanguage\":\"pl-PL\",\"potentialAction\":[{\"@type\":\"ReadAction\",\"target\":[\"https:\/\/cozyanddozy.com\/pl\/produkt\/dekoracyjna-poduszka-alice-dress-poduszka-z-velvetu-alicja-w-krainie-czarow\/\"]}]},{\"@type\":\"ImageObject\",\"inLanguage\":\"pl-PL\",\"@id\":\"https:\/\/cozyanddozy.com\/pl\/produkt\/dekoracyjna-poduszka-alice-dress-poduszka-z-velvetu-alicja-w-krainie-czarow\/#primaryimage\",\"url\":\"https:\/\/cozyanddozy.com\/pl\/wp-content\/uploads\/2024\/03\/poduszka-spodnica-scaled.jpg\",\"contentUrl\":\"https:\/\/cozyanddozy.com\/pl\/wp-content\/uploads\/2024\/03\/poduszka-spodnica-scaled.jpg\",\"width\":2560,\"height\":2560},{\"@type\":\"BreadcrumbList\",\"@id\":\"https:\/\/cozyanddozy.com\/pl\/produkt\/dekoracyjna-poduszka-alice-dress-poduszka-z-velvetu-alicja-w-krainie-czarow\/#breadcrumb\",\"itemListElement\":[{\"@type\":\"ListItem\",\"position\":1,\"name\":\"Home\",\"item\":\"https:\/\/cozyanddozy.com\/pl\/\"},{\"@type\":\"ListItem\",\"position\":2,\"name\":\"Sklep\",\"item\":\"https:\/\/cozyanddozy.com\/pl\/sklep\/\"},{\"@type\":\"ListItem\",\"position\":3,\"name\":\"Dekoracyjna poduszka Alice dress, poduszka z velvetu Alicja w Krainie Czar\u00f3w\"}]},{\"@type\":\"WebSite\",\"@id\":\"https:\/\/cozyanddozy.com\/pl\/#website\",\"url\":\"https:\/\/cozyanddozy.com\/pl\/\",\"name\":\"Cozy & Dozy\",\"description\":\"\",\"potentialAction\":[{\"@type\":\"SearchAction\",\"target\":{\"@type\":\"EntryPoint\",\"urlTemplate\":\"https:\/\/cozyanddozy.com\/pl\/?s={search_term_string}\"},\"query-input\":{\"@type\":\"PropertyValueSpecification\",\"valueRequired\":true,\"valueName\":\"search_term_string\"}}],\"inLanguage\":\"pl-PL\"}]}<\/script>\n<meta property=\"product:price:amount\" content=\"189.00\" \/>\n<meta property=\"product:price:currency\" content=\"PLN\" \/>\n<meta property=\"og:availability\" content=\"instock\" \/>\n<meta property=\"product:availability\" content=\"instock\" \/>\n<meta property=\"product:retailer_item_id\" content=\"5902701497521\" \/>\n<meta property=\"product:condition\" content=\"new\" \/>\n<!-- \/ Yoast SEO Premium plugin. -->","yoast_head_json":{"title":"Dekoracyjna poduszka Alice dress, poduszka z velvetu Alicja w Krainie Czar\u00f3w - Cozy & Dozy","description":"Dekoracyjna poduszka inspirowana Alicj\u0105 w Krainie Czar\u00f3w","robots":{"index":"index","follow":"follow","max-snippet":"max-snippet:-1","max-image-preview":"max-image-preview:large","max-video-preview":"max-video-preview:-1"},"canonical":"https:\/\/cozyanddozy.com\/pl\/produkt\/dekoracyjna-poduszka-alice-dress-poduszka-z-velvetu-alicja-w-krainie-czarow\/","og_locale":"pl_PL","og_type":"article","og_title":"Dekoracyjna poduszka Alice dress, poduszka z velvetu Alicja w Krainie Czar\u00f3w","og_description":"Dekoracyjna poduszka inspirowana Alicj\u0105 w Krainie Czar\u00f3w","og_url":"https:\/\/cozyanddozy.com\/pl\/produkt\/dekoracyjna-poduszka-alice-dress-poduszka-z-velvetu-alicja-w-krainie-czarow\/","og_site_name":"Cozy &amp; Dozy","article_modified_time":"2024-08-13T15:15:08+00:00","og_image":[{"width":2560,"height":2560,"url":"https:\/\/cozyanddozy.com\/pl\/wp-content\/uploads\/2024\/03\/poduszka-spodnica-scaled.jpg","type":"image\/jpeg"}],"twitter_card":"summary_large_image","twitter_misc":{"Cena":"189,00&nbsp;&#122;&#322;","Dost\u0119pno\u015b\u0107":"Dost\u0119pny"},"schema":{"@context":"https:\/\/schema.org","@graph":[{"@type":"WebPage","@id":"https:\/\/cozyanddozy.com\/pl\/produkt\/dekoracyjna-poduszka-alice-dress-poduszka-z-velvetu-alicja-w-krainie-czarow\/","url":"https:\/\/cozyanddozy.com\/pl\/produkt\/dekoracyjna-poduszka-alice-dress-poduszka-z-velvetu-alicja-w-krainie-czarow\/","name":"Dekoracyjna poduszka Alice dress, poduszka z velvetu Alicja w Krainie Czar\u00f3w - Cozy & Dozy","isPartOf":{"@id":"https:\/\/cozyanddozy.com\/pl\/#website"},"primaryImageOfPage":{"@id":"https:\/\/cozyanddozy.com\/pl\/produkt\/dekoracyjna-poduszka-alice-dress-poduszka-z-velvetu-alicja-w-krainie-czarow\/#primaryimage"},"image":{"@id":"https:\/\/cozyanddozy.com\/pl\/produkt\/dekoracyjna-poduszka-alice-dress-poduszka-z-velvetu-alicja-w-krainie-czarow\/#primaryimage"},"thumbnailUrl":"https:\/\/cozyanddozy.com\/pl\/wp-content\/uploads\/2024\/03\/poduszka-spodnica-scaled.jpg","datePublished":"2024-03-22T17:11:37+00:00","dateModified":"2024-08-13T15:15:08+00:00","description":"Dekoracyjna poduszka inspirowana Alicj\u0105 w Krainie Czar\u00f3w","breadcrumb":{"@id":"https:\/\/cozyanddozy.com\/pl\/produkt\/dekoracyjna-poduszka-alice-dress-poduszka-z-velvetu-alicja-w-krainie-czarow\/#breadcrumb"},"inLanguage":"pl-PL","potentialAction":[{"@type":"ReadAction","target":["https:\/\/cozyanddozy.com\/pl\/produkt\/dekoracyjna-poduszka-alice-dress-poduszka-z-velvetu-alicja-w-krainie-czarow\/"]}]},{"@type":"ImageObject","inLanguage":"pl-PL","@id":"https:\/\/cozyanddozy.com\/pl\/produkt\/dekoracyjna-poduszka-alice-dress-poduszka-z-velvetu-alicja-w-krainie-czarow\/#primaryimage","url":"https:\/\/cozyanddozy.com\/pl\/wp-content\/uploads\/2024\/03\/poduszka-spodnica-scaled.jpg","contentUrl":"https:\/\/cozyanddozy.com\/pl\/wp-content\/uploads\/2024\/03\/poduszka-spodnica-scaled.jpg","width":2560,"height":2560},{"@type":"BreadcrumbList","@id":"https:\/\/cozyanddozy.com\/pl\/produkt\/dekoracyjna-poduszka-alice-dress-poduszka-z-velvetu-alicja-w-krainie-czarow\/#breadcrumb","itemListElement":[{"@type":"ListItem","position":1,"name":"Home","item":"https:\/\/cozyanddozy.com\/pl\/"},{"@type":"ListItem","position":2,"name":"Sklep","item":"https:\/\/cozyanddozy.com\/pl\/sklep\/"},{"@type":"ListItem","position":3,"name":"Dekoracyjna poduszka Alice dress, poduszka z velvetu Alicja w Krainie Czar\u00f3w"}]},{"@type":"WebSite","@id":"https:\/\/cozyanddozy.com\/pl\/#website","url":"https:\/\/cozyanddozy.com\/pl\/","name":"Cozy & Dozy","description":"","potentialAction":[{"@type":"SearchAction","target":{"@type":"EntryPoint","urlTemplate":"https:\/\/cozyanddozy.com\/pl\/?s={search_term_string}"},"query-input":{"@type":"PropertyValueSpecification","valueRequired":true,"valueName":"search_term_string"}}],"inLanguage":"pl-PL"}]},"product_price_amount":"189.00","product_price_currency":"PLN","og_availability":"instock","product_availability":"instock","product_retailer_item_id":"5902701497521","product_condition":"new"},"_links":{"self":[{"href":"https:\/\/cozyanddozy.com\/pl\/wp-json\/wp\/v2\/product\/2329","targetHints":{"allow":["GET"]}}],"collection":[{"href":"https:\/\/cozyanddozy.com\/pl\/wp-json\/wp\/v2\/product"}],"about":[{"href":"https:\/\/cozyanddozy.com\/pl\/wp-json\/wp\/v2\/types\/product"}],"replies":[{"embeddable":true,"href":"https:\/\/cozyanddozy.com\/pl\/wp-json\/wp\/v2\/comments?post=2329"}],"wp:featuredmedia":[{"embeddable":true,"href":"https:\/\/cozyanddozy.com\/pl\/wp-json\/wp\/v2\/media\/2248"}],"wp:attachment":[{"href":"https:\/\/cozyanddozy.com\/pl\/wp-json\/wp\/v2\/media?parent=2329"}],"wp:term":[{"taxonomy":"product_brand","embeddable":true,"href":"https:\/\/cozyanddozy.com\/pl\/wp-json\/wp\/v2\/product_brand?post=2329"},{"taxonomy":"product_cat","embeddable":true,"href":"https:\/\/cozyanddozy.com\/pl\/wp-json\/wp\/v2\/product_cat?post=2329"},{"taxonomy":"product_tag","embeddable":true,"href":"https:\/\/cozyanddozy.com\/pl\/wp-json\/wp\/v2\/product_tag?post=2329"}],"curies":[{"name":"wp","href":"https:\/\/api.w.org\/{rel}","templated":true}]}}