{"id":2230,"date":"2024-03-16T20:39:44","date_gmt":"2024-03-16T20:39:44","guid":{"rendered":"https:\/\/cozyanddozy.com\/?post_type=product&#038;p=2730"},"modified":"2025-09-29T16:14:13","modified_gmt":"2025-09-29T14:14:13","slug":"poduszka-mis-duza-poducha-velvet-braz","status":"publish","type":"product","link":"https:\/\/cozyanddozy.com\/pl\/produkt\/poduszka-mis-duza-poducha-velvet-braz\/","title":{"rendered":"Poduszka mi\u015b \u2013 du\u017ca poducha velvet br\u0105z"},"content":{"rendered":"<h3><img decoding=\"async\" class=\"alignnone wp-image-2728 alignright\" src=\"https:\/\/cozyanddozy.com\/wp-content\/uploads\/2024\/03\/tipi-party-teddy-bear-1-400x400.jpg\" alt=\"\" width=\"538\" height=\"538\" \/><\/h3>\n<h3><strong>Poduszka z kolekcji Teddy, du\u017ca przytulanka mi\u015b dla dziecka od Cozy&amp;Dozy<\/strong><\/h3>\n<div><\/div>\n<div><strong>Przytulna poduszka w kszta\u0142cie misia, wykonana z mi\u0119kkiego aksamitu w kolorze ciemnobr\u0105zowym.<\/strong><\/div>\n<div><\/div>\n<div><strong>Du\u017ca poduszka, idealna do przytulania, spania, zabawy oraz jako towarzysz podr\u00f3\u017cy<\/strong>.<\/div>\n<div><\/div>\n<div>Kt\u00f3\u017c nie kocha mi\u0119kkich poduszek, zw\u0142aszcza tych wykonanych z pi\u0119knego, kolorowego aksamitu.<\/div>\n<div><\/div>\n<div>W kolekcji s\u0142odkich poduszek Teddy dost\u0119pne s\u0105 2 kolory: ciemny br\u0105z i br\u0105z.<\/div>\n<div><\/div>\n<div>Do kompletu mo\u017cesz dobra\u0107 pasuj\u0105c\u0105 girland\u0119, mat\u0119 do zabawy, tipi lub ko\u0142derk\u0119.<\/div>\n<div><\/div>\n<div>Wymiary:<\/div>\n<ul>\n<li>50x60cm<\/li>\n<\/ul>\n<p>Tkanina:<\/p>\n<ul>\n<li>100% aksamit (100% PES)<\/li>\n<li>antyalergiczne silikonowe wype\u0142nienie izolacyjne<\/li>\n<\/ul>\n<p>Metoda piel\u0119gnacji:<\/p>\n<ul>\n<li>Pra\u0107 w temperaturze 40\u00b0 \u2013 program delikatny<\/li>\n<li>Nie czy\u015bci\u0107 chemicznie<\/li>\n<li>Nie chlorowa\u0107<\/li>\n<\/ul>\n<p><strong>Bezpiecze\u0144stwo dzieci jest dla nas najwa\u017cniejsze, dlatego girlanda i poduszka wykonane s\u0105 w 100% z najwy\u017cszej jako\u015bci aksamitu.<\/strong><br \/>\n<strong>Nasze produkty posiadaj\u0105 certyfikat CE, dzi\u0119ki czemu mo\u017cesz bez obaw podarowa\u0107 je swojemu dziecku.<\/strong><br \/>\n<strong>Wszystkie nasze produkty zosta\u0142y zaprojektowane i wykonane przez Cozy&amp;Dozy.<\/strong><\/p>\n","protected":false},"excerpt":{"rendered":"<p>Poduszka z kolekcji Teddy, du\u017ca przytulanka mi\u015b dla dziecka od Cozy&amp;Dozy Przytulna poduszka w kszta\u0142cie misia, wykonana z mi\u0119kkiego aksamitu w kolorze ciemnobr\u0105zowym. Du\u017ca poduszka, idealna do przytulania, spania, zabawy oraz jako towarzysz podr\u00f3\u017cy. Kt\u00f3\u017c nie kocha mi\u0119kkich poduszek, zw\u0142aszcza tych wykonanych z pi\u0119knego, kolorowego aksamitu. W kolekcji s\u0142odkich poduszek Teddy dost\u0119pne s\u0105 2 kolory: [&#8230;]\n","protected":false},"featured_media":2218,"comment_status":"open","ping_status":"closed","template":"","meta":[],"product_brand":[],"product_cat":[17],"product_tag":[],"class_list":{"0":"post-2230","1":"product","2":"type-product","3":"status-publish","4":"has-post-thumbnail","6":"product_cat-poduszki-i-pufy","8":"first","9":"instock","10":"sale","11":"shipping-taxable","12":"product-type-simple"},"yoast_head":"<!-- This site is optimized with the Yoast SEO Premium plugin v21.9 (Yoast SEO v27.0) - https:\/\/yoast.com\/product\/yoast-seo-premium-wordpress\/ -->\n<title>Poduszka mi\u015b \u2013 du\u017ca poducha velvet br\u0105z - Cozy &amp; Dozy<\/title>\n<meta name=\"robots\" content=\"index, follow, max-snippet:-1, max-image-preview:large, max-video-preview:-1\" \/>\n<link rel=\"canonical\" href=\"https:\/\/cozyanddozy.com\/pl\/produkt\/poduszka-mis-duza-poducha-velvet-braz\/\" \/>\n<meta property=\"og:locale\" content=\"pl_PL\" \/>\n<meta property=\"og:type\" content=\"article\" \/>\n<meta property=\"og:title\" content=\"Poduszka mi\u015b \u2013 du\u017ca poducha velvet br\u0105z\" \/>\n<meta property=\"og:description\" content=\"Poduszka z kolekcji Teddy, du\u017ca przytulanka mi\u015b dla dziecka od Cozy&amp;Dozy Przytulna poduszka w kszta\u0142cie misia, wykonana z mi\u0119kkiego aksamitu w kolorze ciemnobr\u0105zowym. Du\u017ca poduszka, idealna do przytulania, spania, zabawy oraz jako towarzysz podr\u00f3\u017cy. Kt\u00f3\u017c nie kocha mi\u0119kkich poduszek, zw\u0142aszcza tych wykonanych z pi\u0119knego, kolorowego aksamitu. W kolekcji s\u0142odkich poduszek Teddy dost\u0119pne s\u0105 2 kolory: [...]\" \/>\n<meta property=\"og:url\" content=\"https:\/\/cozyanddozy.com\/pl\/produkt\/poduszka-mis-duza-poducha-velvet-braz\/\" \/>\n<meta property=\"og:site_name\" content=\"Cozy &amp; Dozy\" \/>\n<meta property=\"article:modified_time\" content=\"2025-09-29T14:14:13+00:00\" \/>\n<meta property=\"og:image\" content=\"https:\/\/cozyanddozy.com\/pl\/wp-content\/uploads\/2024\/03\/poduszka-teddy-bear-pillow-1-scaled.jpg\" \/>\n\t<meta property=\"og:image:width\" content=\"2560\" \/>\n\t<meta property=\"og:image:height\" content=\"2560\" \/>\n\t<meta property=\"og:image:type\" content=\"image\/jpeg\" \/>\n<meta name=\"twitter:card\" content=\"summary_large_image\" \/>\n<meta name=\"twitter:label1\" content=\"Cena\" \/>\n\t<meta name=\"twitter:data1\" content=\"179,00&nbsp;&#122;&#322;\" \/>\n\t<meta name=\"twitter:label2\" content=\"Dost\u0119pno\u015b\u0107\" \/>\n\t<meta name=\"twitter:data2\" content=\"Dost\u0119pny\" \/>\n<script type=\"application\/ld+json\" class=\"yoast-schema-graph\">{\"@context\":\"https:\/\/schema.org\",\"@graph\":[{\"@type\":\"WebPage\",\"@id\":\"https:\/\/cozyanddozy.com\/pl\/produkt\/poduszka-mis-duza-poducha-velvet-braz\/\",\"url\":\"https:\/\/cozyanddozy.com\/pl\/produkt\/poduszka-mis-duza-poducha-velvet-braz\/\",\"name\":\"Poduszka mi\u015b \u2013 du\u017ca poducha velvet br\u0105z - Cozy & Dozy\",\"isPartOf\":{\"@id\":\"https:\/\/cozyanddozy.com\/pl\/#website\"},\"primaryImageOfPage\":{\"@id\":\"https:\/\/cozyanddozy.com\/pl\/produkt\/poduszka-mis-duza-poducha-velvet-braz\/#primaryimage\"},\"image\":{\"@id\":\"https:\/\/cozyanddozy.com\/pl\/produkt\/poduszka-mis-duza-poducha-velvet-braz\/#primaryimage\"},\"thumbnailUrl\":\"https:\/\/cozyanddozy.com\/pl\/wp-content\/uploads\/2024\/03\/poduszka-teddy-bear-pillow-1-scaled.jpg\",\"datePublished\":\"2024-03-16T20:39:44+00:00\",\"dateModified\":\"2025-09-29T14:14:13+00:00\",\"breadcrumb\":{\"@id\":\"https:\/\/cozyanddozy.com\/pl\/produkt\/poduszka-mis-duza-poducha-velvet-braz\/#breadcrumb\"},\"inLanguage\":\"pl-PL\",\"potentialAction\":[{\"@type\":\"ReadAction\",\"target\":[\"https:\/\/cozyanddozy.com\/pl\/produkt\/poduszka-mis-duza-poducha-velvet-braz\/\"]}]},{\"@type\":\"ImageObject\",\"inLanguage\":\"pl-PL\",\"@id\":\"https:\/\/cozyanddozy.com\/pl\/produkt\/poduszka-mis-duza-poducha-velvet-braz\/#primaryimage\",\"url\":\"https:\/\/cozyanddozy.com\/pl\/wp-content\/uploads\/2024\/03\/poduszka-teddy-bear-pillow-1-scaled.jpg\",\"contentUrl\":\"https:\/\/cozyanddozy.com\/pl\/wp-content\/uploads\/2024\/03\/poduszka-teddy-bear-pillow-1-scaled.jpg\",\"width\":2560,\"height\":2560},{\"@type\":\"BreadcrumbList\",\"@id\":\"https:\/\/cozyanddozy.com\/pl\/produkt\/poduszka-mis-duza-poducha-velvet-braz\/#breadcrumb\",\"itemListElement\":[{\"@type\":\"ListItem\",\"position\":1,\"name\":\"Home\",\"item\":\"https:\/\/cozyanddozy.com\/pl\/\"},{\"@type\":\"ListItem\",\"position\":2,\"name\":\"Sklep\",\"item\":\"https:\/\/cozyanddozy.com\/pl\/sklep\/\"},{\"@type\":\"ListItem\",\"position\":3,\"name\":\"Poduszka mi\u015b \u2013 du\u017ca poducha velvet br\u0105z\"}]},{\"@type\":\"WebSite\",\"@id\":\"https:\/\/cozyanddozy.com\/pl\/#website\",\"url\":\"https:\/\/cozyanddozy.com\/pl\/\",\"name\":\"Cozy & Dozy\",\"description\":\"\",\"potentialAction\":[{\"@type\":\"SearchAction\",\"target\":{\"@type\":\"EntryPoint\",\"urlTemplate\":\"https:\/\/cozyanddozy.com\/pl\/?s={search_term_string}\"},\"query-input\":{\"@type\":\"PropertyValueSpecification\",\"valueRequired\":true,\"valueName\":\"search_term_string\"}}],\"inLanguage\":\"pl-PL\"}]}<\/script>\n<meta property=\"product:price:amount\" content=\"179.00\" \/>\n<meta property=\"product:price:currency\" content=\"PLN\" \/>\n<meta property=\"og:availability\" content=\"instock\" \/>\n<meta property=\"product:availability\" content=\"instock\" \/>\n<meta property=\"product:retailer_item_id\" content=\"5902701497583\" \/>\n<meta property=\"product:condition\" content=\"new\" \/>\n<!-- \/ Yoast SEO Premium plugin. -->","yoast_head_json":{"title":"Poduszka mi\u015b \u2013 du\u017ca poducha velvet br\u0105z - Cozy & Dozy","robots":{"index":"index","follow":"follow","max-snippet":"max-snippet:-1","max-image-preview":"max-image-preview:large","max-video-preview":"max-video-preview:-1"},"canonical":"https:\/\/cozyanddozy.com\/pl\/produkt\/poduszka-mis-duza-poducha-velvet-braz\/","og_locale":"pl_PL","og_type":"article","og_title":"Poduszka mi\u015b \u2013 du\u017ca poducha velvet br\u0105z","og_description":"Poduszka z kolekcji Teddy, du\u017ca przytulanka mi\u015b dla dziecka od Cozy&amp;Dozy Przytulna poduszka w kszta\u0142cie misia, wykonana z mi\u0119kkiego aksamitu w kolorze ciemnobr\u0105zowym. Du\u017ca poduszka, idealna do przytulania, spania, zabawy oraz jako towarzysz podr\u00f3\u017cy. Kt\u00f3\u017c nie kocha mi\u0119kkich poduszek, zw\u0142aszcza tych wykonanych z pi\u0119knego, kolorowego aksamitu. W kolekcji s\u0142odkich poduszek Teddy dost\u0119pne s\u0105 2 kolory: [...]","og_url":"https:\/\/cozyanddozy.com\/pl\/produkt\/poduszka-mis-duza-poducha-velvet-braz\/","og_site_name":"Cozy &amp; Dozy","article_modified_time":"2025-09-29T14:14:13+00:00","og_image":[{"width":2560,"height":2560,"url":"https:\/\/cozyanddozy.com\/pl\/wp-content\/uploads\/2024\/03\/poduszka-teddy-bear-pillow-1-scaled.jpg","type":"image\/jpeg"}],"twitter_card":"summary_large_image","twitter_misc":{"Cena":"179,00&nbsp;&#122;&#322;","Dost\u0119pno\u015b\u0107":"Dost\u0119pny"},"schema":{"@context":"https:\/\/schema.org","@graph":[{"@type":"WebPage","@id":"https:\/\/cozyanddozy.com\/pl\/produkt\/poduszka-mis-duza-poducha-velvet-braz\/","url":"https:\/\/cozyanddozy.com\/pl\/produkt\/poduszka-mis-duza-poducha-velvet-braz\/","name":"Poduszka mi\u015b \u2013 du\u017ca poducha velvet br\u0105z - Cozy & Dozy","isPartOf":{"@id":"https:\/\/cozyanddozy.com\/pl\/#website"},"primaryImageOfPage":{"@id":"https:\/\/cozyanddozy.com\/pl\/produkt\/poduszka-mis-duza-poducha-velvet-braz\/#primaryimage"},"image":{"@id":"https:\/\/cozyanddozy.com\/pl\/produkt\/poduszka-mis-duza-poducha-velvet-braz\/#primaryimage"},"thumbnailUrl":"https:\/\/cozyanddozy.com\/pl\/wp-content\/uploads\/2024\/03\/poduszka-teddy-bear-pillow-1-scaled.jpg","datePublished":"2024-03-16T20:39:44+00:00","dateModified":"2025-09-29T14:14:13+00:00","breadcrumb":{"@id":"https:\/\/cozyanddozy.com\/pl\/produkt\/poduszka-mis-duza-poducha-velvet-braz\/#breadcrumb"},"inLanguage":"pl-PL","potentialAction":[{"@type":"ReadAction","target":["https:\/\/cozyanddozy.com\/pl\/produkt\/poduszka-mis-duza-poducha-velvet-braz\/"]}]},{"@type":"ImageObject","inLanguage":"pl-PL","@id":"https:\/\/cozyanddozy.com\/pl\/produkt\/poduszka-mis-duza-poducha-velvet-braz\/#primaryimage","url":"https:\/\/cozyanddozy.com\/pl\/wp-content\/uploads\/2024\/03\/poduszka-teddy-bear-pillow-1-scaled.jpg","contentUrl":"https:\/\/cozyanddozy.com\/pl\/wp-content\/uploads\/2024\/03\/poduszka-teddy-bear-pillow-1-scaled.jpg","width":2560,"height":2560},{"@type":"BreadcrumbList","@id":"https:\/\/cozyanddozy.com\/pl\/produkt\/poduszka-mis-duza-poducha-velvet-braz\/#breadcrumb","itemListElement":[{"@type":"ListItem","position":1,"name":"Home","item":"https:\/\/cozyanddozy.com\/pl\/"},{"@type":"ListItem","position":2,"name":"Sklep","item":"https:\/\/cozyanddozy.com\/pl\/sklep\/"},{"@type":"ListItem","position":3,"name":"Poduszka mi\u015b \u2013 du\u017ca poducha velvet br\u0105z"}]},{"@type":"WebSite","@id":"https:\/\/cozyanddozy.com\/pl\/#website","url":"https:\/\/cozyanddozy.com\/pl\/","name":"Cozy & Dozy","description":"","potentialAction":[{"@type":"SearchAction","target":{"@type":"EntryPoint","urlTemplate":"https:\/\/cozyanddozy.com\/pl\/?s={search_term_string}"},"query-input":{"@type":"PropertyValueSpecification","valueRequired":true,"valueName":"search_term_string"}}],"inLanguage":"pl-PL"}]},"product_price_amount":"179.00","product_price_currency":"PLN","og_availability":"instock","product_availability":"instock","product_retailer_item_id":"5902701497583","product_condition":"new"},"_links":{"self":[{"href":"https:\/\/cozyanddozy.com\/pl\/wp-json\/wp\/v2\/product\/2230","targetHints":{"allow":["GET"]}}],"collection":[{"href":"https:\/\/cozyanddozy.com\/pl\/wp-json\/wp\/v2\/product"}],"about":[{"href":"https:\/\/cozyanddozy.com\/pl\/wp-json\/wp\/v2\/types\/product"}],"replies":[{"embeddable":true,"href":"https:\/\/cozyanddozy.com\/pl\/wp-json\/wp\/v2\/comments?post=2230"}],"wp:featuredmedia":[{"embeddable":true,"href":"https:\/\/cozyanddozy.com\/pl\/wp-json\/wp\/v2\/media\/2218"}],"wp:attachment":[{"href":"https:\/\/cozyanddozy.com\/pl\/wp-json\/wp\/v2\/media?parent=2230"}],"wp:term":[{"taxonomy":"product_brand","embeddable":true,"href":"https:\/\/cozyanddozy.com\/pl\/wp-json\/wp\/v2\/product_brand?post=2230"},{"taxonomy":"product_cat","embeddable":true,"href":"https:\/\/cozyanddozy.com\/pl\/wp-json\/wp\/v2\/product_cat?post=2230"},{"taxonomy":"product_tag","embeddable":true,"href":"https:\/\/cozyanddozy.com\/pl\/wp-json\/wp\/v2\/product_tag?post=2230"}],"curies":[{"name":"wp","href":"https:\/\/api.w.org\/{rel}","templated":true}]}}