{"id":2121,"date":"2024-01-17T17:49:47","date_gmt":"2024-01-17T17:49:47","guid":{"rendered":"https:\/\/cozyanddozy.com\/?post_type=product&#038;p=2619"},"modified":"2025-01-29T18:12:59","modified_gmt":"2025-01-29T17:12:59","slug":"okragla-poduszka-cukierek-yellow-candy","status":"publish","type":"product","link":"https:\/\/cozyanddozy.com\/pl\/produkt\/okragla-poduszka-cukierek-yellow-candy\/","title":{"rendered":"Okr\u0105g\u0142a poduszka cukierek \u2013 Yellow Candy"},"content":{"rendered":"<h3><img decoding=\"async\" class=\"alignnone wp-image-2043 alignright\" src=\"https:\/\/cozyanddozy.com\/wp-content\/uploads\/2023\/11\/candy-pillows-set-green-and-yellow-400x400.jpeg\" alt=\"\" width=\"553\" height=\"553\" \/><\/h3>\n<h3><strong>Okr\u0105g\u0142a poduszka w cukierkowym stylu w kolorze \u017c\u00f3\u0142tym od Cozy&amp;Dozy<\/strong><\/h3>\n<div><\/div>\n<div><strong>Kto nie kocha mi\u0119kkich poduszek, a tym bardziej jak s\u0105 wykonane z pi\u0119knego kolorowego velvetu.<\/strong><\/div>\n<div><\/div>\n<div><strong>S\u0142odka kolekcja poduszek Candy, to 6 kolor\u00f3w okr\u0105g\u0142ych przytulnych poduch.<\/strong><br \/>\n<strong>Do ka\u017cdej poduszki mo\u017cesz dobra\u0107 pasuj\u0105c\u0105 girland\u0105, lub poduszk\u0119 balonik czy kwiatuszek.<\/strong><\/div>\n<div><\/div>\n<div>Wymiary:<\/div>\n<ul>\n<li>40\u00d740 cm<\/li>\n<\/ul>\n<p>Tkanina:<\/p>\n<ul>\n<li>100% velvet<\/li>\n<li>wype\u0142nienie silikonowa ocieplina antyalergiczna<\/li>\n<\/ul>\n<p>Spos\u00f3b piel\u0119gnacji:<\/p>\n<ul>\n<li>Pra\u0107 w temperaturze 40\u00b0 \u2013 program delikatne<\/li>\n<li>Prasowa\u0107 w niskiej temperaturze<\/li>\n<li>Nie czy\u015bci\u0107 chemicznie<\/li>\n<li>Nie chlorowa\u0107<\/li>\n<\/ul>\n<p><strong>Bezpiecze\u0144stwo dzieci jest dla nas najwa\u017cniejsze, dlatego girlanda i poduszka wykonane s\u0105 w 100% z najwy\u017cszej jako\u015bci aksamitu. <\/strong><\/p>\n<p><strong>Nasze produkty posiadaj\u0105 certyfikat CE, dzi\u0119ki czemu mo\u017cesz bez obaw podawa\u0107 je swojemu dziecku.<\/strong><\/p>\n<p>Wszystkie nasze produkty zosta\u0142y zaprojektowane i wykonane w naszej pracowni Cozy&amp;Dozy.<br \/>\n\u200b<\/p>\n","protected":false},"excerpt":{"rendered":"<p>Mi\u0119kka okr\u0105g\u0142a poduszka w cukierkowym stylu wykonana z przyjemnego velvetu 40&#215;40 cm<\/p>\n","protected":false},"featured_media":2118,"comment_status":"open","ping_status":"closed","template":"","meta":[],"product_brand":[],"product_cat":[17],"product_tag":[],"class_list":{"0":"post-2121","1":"product","2":"type-product","3":"status-publish","4":"has-post-thumbnail","6":"product_cat-poduszki-i-pufy","8":"first","9":"instock","10":"sale","11":"shipping-taxable","12":"product-type-simple"},"yoast_head":"<!-- This site is optimized with the Yoast SEO Premium plugin v21.9 (Yoast SEO v27.0) - https:\/\/yoast.com\/product\/yoast-seo-premium-wordpress\/ -->\n<title>Okr\u0105g\u0142a poduszka cukierek \u2013 Yellow Candy - Cozy &amp; Dozy<\/title>\n<meta name=\"description\" content=\"Mi\u0119kka okr\u0105g\u0142a poduszka w cukierkowym stylu wykonana z przyjemnego velvetu 40x40 cm\" \/>\n<meta name=\"robots\" content=\"index, follow, max-snippet:-1, max-image-preview:large, max-video-preview:-1\" \/>\n<link rel=\"canonical\" href=\"https:\/\/cozyanddozy.com\/pl\/produkt\/okragla-poduszka-cukierek-yellow-candy\/\" \/>\n<meta property=\"og:locale\" content=\"pl_PL\" \/>\n<meta property=\"og:type\" content=\"article\" \/>\n<meta property=\"og:title\" content=\"Okr\u0105g\u0142a poduszka cukierek \u2013 Yellow Candy\" \/>\n<meta property=\"og:description\" content=\"Mi\u0119kka okr\u0105g\u0142a poduszka w cukierkowym stylu wykonana z przyjemnego velvetu 40x40 cm\" \/>\n<meta property=\"og:url\" content=\"https:\/\/cozyanddozy.com\/pl\/produkt\/okragla-poduszka-cukierek-yellow-candy\/\" \/>\n<meta property=\"og:site_name\" content=\"Cozy &amp; Dozy\" \/>\n<meta property=\"article:modified_time\" content=\"2025-01-29T17:12:59+00:00\" \/>\n<meta property=\"og:image\" content=\"https:\/\/cozyanddozy.com\/pl\/wp-content\/uploads\/2024\/01\/yellow-pillows-candy-ballon-scaled.jpg\" \/>\n\t<meta property=\"og:image:width\" content=\"2560\" \/>\n\t<meta property=\"og:image:height\" content=\"2560\" \/>\n\t<meta property=\"og:image:type\" content=\"image\/jpeg\" \/>\n<meta name=\"twitter:card\" content=\"summary_large_image\" \/>\n<meta name=\"twitter:label1\" content=\"Cena\" \/>\n\t<meta name=\"twitter:data1\" content=\"99,00&nbsp;&#122;&#322;\" \/>\n\t<meta name=\"twitter:label2\" content=\"Dost\u0119pno\u015b\u0107\" \/>\n\t<meta name=\"twitter:data2\" content=\"Dost\u0119pny\" \/>\n<script type=\"application\/ld+json\" class=\"yoast-schema-graph\">{\"@context\":\"https:\/\/schema.org\",\"@graph\":[{\"@type\":\"WebPage\",\"@id\":\"https:\/\/cozyanddozy.com\/pl\/produkt\/okragla-poduszka-cukierek-yellow-candy\/\",\"url\":\"https:\/\/cozyanddozy.com\/pl\/produkt\/okragla-poduszka-cukierek-yellow-candy\/\",\"name\":\"Okr\u0105g\u0142a poduszka cukierek \u2013 Yellow Candy - Cozy & Dozy\",\"isPartOf\":{\"@id\":\"https:\/\/cozyanddozy.com\/pl\/#website\"},\"primaryImageOfPage\":{\"@id\":\"https:\/\/cozyanddozy.com\/pl\/produkt\/okragla-poduszka-cukierek-yellow-candy\/#primaryimage\"},\"image\":{\"@id\":\"https:\/\/cozyanddozy.com\/pl\/produkt\/okragla-poduszka-cukierek-yellow-candy\/#primaryimage\"},\"thumbnailUrl\":\"https:\/\/cozyanddozy.com\/pl\/wp-content\/uploads\/2024\/01\/yellow-pillows-candy-ballon-scaled.jpg\",\"datePublished\":\"2024-01-17T17:49:47+00:00\",\"dateModified\":\"2025-01-29T17:12:59+00:00\",\"description\":\"Mi\u0119kka okr\u0105g\u0142a poduszka w cukierkowym stylu wykonana z przyjemnego velvetu 40x40 cm\",\"breadcrumb\":{\"@id\":\"https:\/\/cozyanddozy.com\/pl\/produkt\/okragla-poduszka-cukierek-yellow-candy\/#breadcrumb\"},\"inLanguage\":\"pl-PL\",\"potentialAction\":[{\"@type\":\"ReadAction\",\"target\":[\"https:\/\/cozyanddozy.com\/pl\/produkt\/okragla-poduszka-cukierek-yellow-candy\/\"]}]},{\"@type\":\"ImageObject\",\"inLanguage\":\"pl-PL\",\"@id\":\"https:\/\/cozyanddozy.com\/pl\/produkt\/okragla-poduszka-cukierek-yellow-candy\/#primaryimage\",\"url\":\"https:\/\/cozyanddozy.com\/pl\/wp-content\/uploads\/2024\/01\/yellow-pillows-candy-ballon-scaled.jpg\",\"contentUrl\":\"https:\/\/cozyanddozy.com\/pl\/wp-content\/uploads\/2024\/01\/yellow-pillows-candy-ballon-scaled.jpg\",\"width\":2560,\"height\":2560},{\"@type\":\"BreadcrumbList\",\"@id\":\"https:\/\/cozyanddozy.com\/pl\/produkt\/okragla-poduszka-cukierek-yellow-candy\/#breadcrumb\",\"itemListElement\":[{\"@type\":\"ListItem\",\"position\":1,\"name\":\"Home\",\"item\":\"https:\/\/cozyanddozy.com\/pl\/\"},{\"@type\":\"ListItem\",\"position\":2,\"name\":\"Sklep\",\"item\":\"https:\/\/cozyanddozy.com\/pl\/sklep\/\"},{\"@type\":\"ListItem\",\"position\":3,\"name\":\"Okr\u0105g\u0142a poduszka cukierek \u2013 Yellow Candy\"}]},{\"@type\":\"WebSite\",\"@id\":\"https:\/\/cozyanddozy.com\/pl\/#website\",\"url\":\"https:\/\/cozyanddozy.com\/pl\/\",\"name\":\"Cozy & Dozy\",\"description\":\"\",\"potentialAction\":[{\"@type\":\"SearchAction\",\"target\":{\"@type\":\"EntryPoint\",\"urlTemplate\":\"https:\/\/cozyanddozy.com\/pl\/?s={search_term_string}\"},\"query-input\":{\"@type\":\"PropertyValueSpecification\",\"valueRequired\":true,\"valueName\":\"search_term_string\"}}],\"inLanguage\":\"pl-PL\"}]}<\/script>\n<meta property=\"product:price:amount\" content=\"99.00\" \/>\n<meta property=\"product:price:currency\" content=\"PLN\" \/>\n<meta property=\"og:availability\" content=\"instock\" \/>\n<meta property=\"product:availability\" content=\"instock\" \/>\n<meta property=\"product:retailer_item_id\" content=\"5902701497453\" \/>\n<meta property=\"product:condition\" content=\"new\" \/>\n<!-- \/ Yoast SEO Premium plugin. -->","yoast_head_json":{"title":"Okr\u0105g\u0142a poduszka cukierek \u2013 Yellow Candy - Cozy & Dozy","description":"Mi\u0119kka okr\u0105g\u0142a poduszka w cukierkowym stylu wykonana z przyjemnego velvetu 40x40 cm","robots":{"index":"index","follow":"follow","max-snippet":"max-snippet:-1","max-image-preview":"max-image-preview:large","max-video-preview":"max-video-preview:-1"},"canonical":"https:\/\/cozyanddozy.com\/pl\/produkt\/okragla-poduszka-cukierek-yellow-candy\/","og_locale":"pl_PL","og_type":"article","og_title":"Okr\u0105g\u0142a poduszka cukierek \u2013 Yellow Candy","og_description":"Mi\u0119kka okr\u0105g\u0142a poduszka w cukierkowym stylu wykonana z przyjemnego velvetu 40x40 cm","og_url":"https:\/\/cozyanddozy.com\/pl\/produkt\/okragla-poduszka-cukierek-yellow-candy\/","og_site_name":"Cozy &amp; Dozy","article_modified_time":"2025-01-29T17:12:59+00:00","og_image":[{"width":2560,"height":2560,"url":"https:\/\/cozyanddozy.com\/pl\/wp-content\/uploads\/2024\/01\/yellow-pillows-candy-ballon-scaled.jpg","type":"image\/jpeg"}],"twitter_card":"summary_large_image","twitter_misc":{"Cena":"99,00&nbsp;&#122;&#322;","Dost\u0119pno\u015b\u0107":"Dost\u0119pny"},"schema":{"@context":"https:\/\/schema.org","@graph":[{"@type":"WebPage","@id":"https:\/\/cozyanddozy.com\/pl\/produkt\/okragla-poduszka-cukierek-yellow-candy\/","url":"https:\/\/cozyanddozy.com\/pl\/produkt\/okragla-poduszka-cukierek-yellow-candy\/","name":"Okr\u0105g\u0142a poduszka cukierek \u2013 Yellow Candy - Cozy & Dozy","isPartOf":{"@id":"https:\/\/cozyanddozy.com\/pl\/#website"},"primaryImageOfPage":{"@id":"https:\/\/cozyanddozy.com\/pl\/produkt\/okragla-poduszka-cukierek-yellow-candy\/#primaryimage"},"image":{"@id":"https:\/\/cozyanddozy.com\/pl\/produkt\/okragla-poduszka-cukierek-yellow-candy\/#primaryimage"},"thumbnailUrl":"https:\/\/cozyanddozy.com\/pl\/wp-content\/uploads\/2024\/01\/yellow-pillows-candy-ballon-scaled.jpg","datePublished":"2024-01-17T17:49:47+00:00","dateModified":"2025-01-29T17:12:59+00:00","description":"Mi\u0119kka okr\u0105g\u0142a poduszka w cukierkowym stylu wykonana z przyjemnego velvetu 40x40 cm","breadcrumb":{"@id":"https:\/\/cozyanddozy.com\/pl\/produkt\/okragla-poduszka-cukierek-yellow-candy\/#breadcrumb"},"inLanguage":"pl-PL","potentialAction":[{"@type":"ReadAction","target":["https:\/\/cozyanddozy.com\/pl\/produkt\/okragla-poduszka-cukierek-yellow-candy\/"]}]},{"@type":"ImageObject","inLanguage":"pl-PL","@id":"https:\/\/cozyanddozy.com\/pl\/produkt\/okragla-poduszka-cukierek-yellow-candy\/#primaryimage","url":"https:\/\/cozyanddozy.com\/pl\/wp-content\/uploads\/2024\/01\/yellow-pillows-candy-ballon-scaled.jpg","contentUrl":"https:\/\/cozyanddozy.com\/pl\/wp-content\/uploads\/2024\/01\/yellow-pillows-candy-ballon-scaled.jpg","width":2560,"height":2560},{"@type":"BreadcrumbList","@id":"https:\/\/cozyanddozy.com\/pl\/produkt\/okragla-poduszka-cukierek-yellow-candy\/#breadcrumb","itemListElement":[{"@type":"ListItem","position":1,"name":"Home","item":"https:\/\/cozyanddozy.com\/pl\/"},{"@type":"ListItem","position":2,"name":"Sklep","item":"https:\/\/cozyanddozy.com\/pl\/sklep\/"},{"@type":"ListItem","position":3,"name":"Okr\u0105g\u0142a poduszka cukierek \u2013 Yellow Candy"}]},{"@type":"WebSite","@id":"https:\/\/cozyanddozy.com\/pl\/#website","url":"https:\/\/cozyanddozy.com\/pl\/","name":"Cozy & Dozy","description":"","potentialAction":[{"@type":"SearchAction","target":{"@type":"EntryPoint","urlTemplate":"https:\/\/cozyanddozy.com\/pl\/?s={search_term_string}"},"query-input":{"@type":"PropertyValueSpecification","valueRequired":true,"valueName":"search_term_string"}}],"inLanguage":"pl-PL"}]},"product_price_amount":"99.00","product_price_currency":"PLN","og_availability":"instock","product_availability":"instock","product_retailer_item_id":"5902701497453","product_condition":"new"},"_links":{"self":[{"href":"https:\/\/cozyanddozy.com\/pl\/wp-json\/wp\/v2\/product\/2121","targetHints":{"allow":["GET"]}}],"collection":[{"href":"https:\/\/cozyanddozy.com\/pl\/wp-json\/wp\/v2\/product"}],"about":[{"href":"https:\/\/cozyanddozy.com\/pl\/wp-json\/wp\/v2\/types\/product"}],"replies":[{"embeddable":true,"href":"https:\/\/cozyanddozy.com\/pl\/wp-json\/wp\/v2\/comments?post=2121"}],"wp:featuredmedia":[{"embeddable":true,"href":"https:\/\/cozyanddozy.com\/pl\/wp-json\/wp\/v2\/media\/2118"}],"wp:attachment":[{"href":"https:\/\/cozyanddozy.com\/pl\/wp-json\/wp\/v2\/media?parent=2121"}],"wp:term":[{"taxonomy":"product_brand","embeddable":true,"href":"https:\/\/cozyanddozy.com\/pl\/wp-json\/wp\/v2\/product_brand?post=2121"},{"taxonomy":"product_cat","embeddable":true,"href":"https:\/\/cozyanddozy.com\/pl\/wp-json\/wp\/v2\/product_cat?post=2121"},{"taxonomy":"product_tag","embeddable":true,"href":"https:\/\/cozyanddozy.com\/pl\/wp-json\/wp\/v2\/product_tag?post=2121"}],"curies":[{"name":"wp","href":"https:\/\/api.w.org\/{rel}","templated":true}]}}