{"id":2101,"date":"2023-11-22T22:16:36","date_gmt":"2023-11-22T22:16:36","guid":{"rendered":"https:\/\/cozyanddozy.com\/?post_type=product&#038;p=2184"},"modified":"2025-01-29T18:12:26","modified_gmt":"2025-01-29T17:12:26","slug":"poduszka-balon-na-sciane-niebieska-poduszka-balon-z-girlanda","status":"publish","type":"product","link":"https:\/\/cozyanddozy.com\/pl\/produkt\/poduszka-balon-na-sciane-niebieska-poduszka-balon-z-girlanda\/","title":{"rendered":"Poduszka balon na \u015bcian\u0119 \u2013 niebieska poduszka balon z girland\u0105"},"content":{"rendered":"<h3><img decoding=\"async\" class=\"alignnone wp-image-2031 alignright\" src=\"https:\/\/cozyanddozy.com\/wp-content\/uploads\/2023\/11\/blue-pillow-ballon-set-400x400.jpeg\" alt=\"\" width=\"354\" height=\"354\" \/><span style=\"font-size: 20.16px;\">Niebieska poduszka Balon z girland\u0105 od Cozy and Dozy<\/span><\/h3>\n<h4>Gdy tw\u00f3j wzrok przykuwa pusta \u015bciana, a w pokoju dzieci\u0119cym zdj\u0119\u0107 jest za du\u017co, tapeta te\u017c jest kolorowa. Zastanawiasz si\u0119, jak wyciszy\u0107 ten zak\u0105tek, aby mia\u0142 dzieci\u0119cy, weso\u0142y klimat, ale jednocze\u015bnie zachowa\u0142 przytulno\u015b\u0107 wn\u0119trza do zabawy?<\/h4>\n<p><strong>Mi\u0119kka, niebieska poduszka-balon, kt\u00f3r\u0105 mo\u017cna powiesi\u0107 na \u015bcianie i zdj\u0105\u0107 w razie potrzeby do zabawy.<\/strong><\/p>\n<p>Dla uzupe\u0142nienia kolorystyki wn\u0119trza do poduszki dodali\u015bmy delikatn\u0105, dwukolorow\u0105 girland\u0119 w kolorze balonu.<\/p>\n<p>Teraz wszystko jest ju\u017c w najlepszym porz\u0105dku, pok\u00f3j Twojego dziecka spe\u0142ni\u0142 oczekiwany efekt. Dodatkowo bia\u0142y balonik i girlanda to dekoracje \u015bcienne, kt\u00f3re z \u0142atwo\u015bci\u0105 mo\u017cna wypra\u0107 w pralce, dzi\u0119ki czemu niestraszny im kurz.<\/p>\n<p>Mo\u017cesz wybra\u0107 kolor girlandy!!<\/p>\n<p>Wymiary:<\/p>\n<ul>\n<li>poduszka balon niebieska : 50\u00d735 cm<\/li>\n<li>girlanda dwukolorowa: d\u0142ugo\u015b\u0107 160 cm, proporczyk 14\u00d711 cm<\/li>\n<\/ul>\n<p>Sk\u0142ad:<\/p>\n<ul>\n<li>100% aksamitu<\/li>\n<li>bawe\u0142niana wst\u0105\u017cka<\/li>\n<li>wype\u0142nienie \u2013 pianka antyalergiczna<\/li>\n<\/ul>\n<p>Piel\u0119gnacja:<\/p>\n<ul>\n<li>Dekoracje mo\u017cna pra\u0107 w temperaturze 40 stopni,<\/li>\n<li>Wirowanie \u2013 800 obrot\u00f3w,<\/li>\n<li>Nie czy\u015bci\u0107 chemicznie, nie wybiela\u0107<\/li>\n<\/ul>\n<p><strong>Bezpiecze\u0144stwo dzieci jest dla nas najwa\u017cniejsze, dlatego girlanda i poduszka wykonane s\u0105 z najwy\u017cszej jako\u015bci 100% aksamitu. Nasze produkty posiadaj\u0105 certyfikat CE \u2013 mo\u017cesz wi\u0119c bez obaw podarowa\u0107 je swojemu dziecku.<\/strong><\/p>\n<p>Wszystkie nasze artyku\u0142y zosta\u0142y zaprojektowane i wykonane w naszej pracowni Cozy&amp;Dozy.<\/p>\n","protected":false},"excerpt":{"rendered":"<p>Dekoracyjna poduszka balon, do przytulania lub zawieszenia na \u015bcianie. Poduszka w zestawie z girland\u0105.<\/p>\n","protected":false},"featured_media":1892,"comment_status":"open","ping_status":"closed","template":"","meta":[],"product_brand":[],"product_cat":[19,17],"product_tag":[],"class_list":{"0":"post-2101","1":"product","2":"type-product","3":"status-publish","4":"has-post-thumbnail","6":"product_cat-akcesoria","7":"product_cat-poduszki-i-pufy","9":"first","10":"instock","11":"sale","12":"shipping-taxable","13":"product-type-simple"},"yoast_head":"<!-- This site is optimized with the Yoast SEO Premium plugin v21.9 (Yoast SEO v27.0) - https:\/\/yoast.com\/product\/yoast-seo-premium-wordpress\/ -->\n<title>Poduszka balon na \u015bcian\u0119 \u2013 niebieska poduszka balon z girland\u0105 - Cozy &amp; Dozy<\/title>\n<meta name=\"description\" content=\"Dekoracyjna poduszka balon, do przytulania lub zawieszenia na \u015bcianie. Poduszka w zestawie z girland\u0105.\" \/>\n<meta name=\"robots\" content=\"index, follow, max-snippet:-1, max-image-preview:large, max-video-preview:-1\" \/>\n<link rel=\"canonical\" href=\"https:\/\/cozyanddozy.com\/pl\/produkt\/poduszka-balon-na-sciane-niebieska-poduszka-balon-z-girlanda\/\" \/>\n<meta property=\"og:locale\" content=\"pl_PL\" \/>\n<meta property=\"og:type\" content=\"article\" \/>\n<meta property=\"og:title\" content=\"Poduszka balon na \u015bcian\u0119 \u2013 niebieska poduszka balon z girland\u0105\" \/>\n<meta property=\"og:description\" content=\"Dekoracyjna poduszka balon, do przytulania lub zawieszenia na \u015bcianie. Poduszka w zestawie z girland\u0105.\" \/>\n<meta property=\"og:url\" content=\"https:\/\/cozyanddozy.com\/pl\/produkt\/poduszka-balon-na-sciane-niebieska-poduszka-balon-z-girlanda\/\" \/>\n<meta property=\"og:site_name\" content=\"Cozy &amp; Dozy\" \/>\n<meta property=\"article:modified_time\" content=\"2025-01-29T17:12:26+00:00\" \/>\n<meta property=\"og:image\" content=\"https:\/\/cozyanddozy.com\/pl\/wp-content\/uploads\/2023\/11\/blue-set-pillow.jpeg\" \/>\n\t<meta property=\"og:image:width\" content=\"1200\" \/>\n\t<meta property=\"og:image:height\" content=\"1200\" \/>\n\t<meta property=\"og:image:type\" content=\"image\/jpeg\" \/>\n<meta name=\"twitter:card\" content=\"summary_large_image\" \/>\n<meta name=\"twitter:label1\" content=\"Cena\" \/>\n\t<meta name=\"twitter:data1\" content=\"99,00&nbsp;&#122;&#322;\" \/>\n\t<meta name=\"twitter:label2\" content=\"Dost\u0119pno\u015b\u0107\" \/>\n\t<meta name=\"twitter:data2\" content=\"Dost\u0119pny\" \/>\n<script type=\"application\/ld+json\" class=\"yoast-schema-graph\">{\"@context\":\"https:\/\/schema.org\",\"@graph\":[{\"@type\":\"WebPage\",\"@id\":\"https:\/\/cozyanddozy.com\/pl\/produkt\/poduszka-balon-na-sciane-niebieska-poduszka-balon-z-girlanda\/\",\"url\":\"https:\/\/cozyanddozy.com\/pl\/produkt\/poduszka-balon-na-sciane-niebieska-poduszka-balon-z-girlanda\/\",\"name\":\"Poduszka balon na \u015bcian\u0119 \u2013 niebieska poduszka balon z girland\u0105 - Cozy & Dozy\",\"isPartOf\":{\"@id\":\"https:\/\/cozyanddozy.com\/pl\/#website\"},\"primaryImageOfPage\":{\"@id\":\"https:\/\/cozyanddozy.com\/pl\/produkt\/poduszka-balon-na-sciane-niebieska-poduszka-balon-z-girlanda\/#primaryimage\"},\"image\":{\"@id\":\"https:\/\/cozyanddozy.com\/pl\/produkt\/poduszka-balon-na-sciane-niebieska-poduszka-balon-z-girlanda\/#primaryimage\"},\"thumbnailUrl\":\"https:\/\/cozyanddozy.com\/pl\/wp-content\/uploads\/2023\/11\/blue-set-pillow.jpeg\",\"datePublished\":\"2023-11-22T22:16:36+00:00\",\"dateModified\":\"2025-01-29T17:12:26+00:00\",\"description\":\"Dekoracyjna poduszka balon, do przytulania lub zawieszenia na \u015bcianie. Poduszka w zestawie z girland\u0105.\",\"breadcrumb\":{\"@id\":\"https:\/\/cozyanddozy.com\/pl\/produkt\/poduszka-balon-na-sciane-niebieska-poduszka-balon-z-girlanda\/#breadcrumb\"},\"inLanguage\":\"pl-PL\",\"potentialAction\":[{\"@type\":\"ReadAction\",\"target\":[\"https:\/\/cozyanddozy.com\/pl\/produkt\/poduszka-balon-na-sciane-niebieska-poduszka-balon-z-girlanda\/\"]}]},{\"@type\":\"ImageObject\",\"inLanguage\":\"pl-PL\",\"@id\":\"https:\/\/cozyanddozy.com\/pl\/produkt\/poduszka-balon-na-sciane-niebieska-poduszka-balon-z-girlanda\/#primaryimage\",\"url\":\"https:\/\/cozyanddozy.com\/pl\/wp-content\/uploads\/2023\/11\/blue-set-pillow.jpeg\",\"contentUrl\":\"https:\/\/cozyanddozy.com\/pl\/wp-content\/uploads\/2023\/11\/blue-set-pillow.jpeg\",\"width\":1200,\"height\":1200},{\"@type\":\"BreadcrumbList\",\"@id\":\"https:\/\/cozyanddozy.com\/pl\/produkt\/poduszka-balon-na-sciane-niebieska-poduszka-balon-z-girlanda\/#breadcrumb\",\"itemListElement\":[{\"@type\":\"ListItem\",\"position\":1,\"name\":\"Home\",\"item\":\"https:\/\/cozyanddozy.com\/pl\/\"},{\"@type\":\"ListItem\",\"position\":2,\"name\":\"Sklep\",\"item\":\"https:\/\/cozyanddozy.com\/pl\/sklep\/\"},{\"@type\":\"ListItem\",\"position\":3,\"name\":\"Poduszka balon na \u015bcian\u0119 \u2013 niebieska poduszka balon z girland\u0105\"}]},{\"@type\":\"WebSite\",\"@id\":\"https:\/\/cozyanddozy.com\/pl\/#website\",\"url\":\"https:\/\/cozyanddozy.com\/pl\/\",\"name\":\"Cozy & Dozy\",\"description\":\"\",\"potentialAction\":[{\"@type\":\"SearchAction\",\"target\":{\"@type\":\"EntryPoint\",\"urlTemplate\":\"https:\/\/cozyanddozy.com\/pl\/?s={search_term_string}\"},\"query-input\":{\"@type\":\"PropertyValueSpecification\",\"valueRequired\":true,\"valueName\":\"search_term_string\"}}],\"inLanguage\":\"pl-PL\"}]}<\/script>\n<meta property=\"product:price:amount\" content=\"99.00\" \/>\n<meta property=\"product:price:currency\" content=\"PLN\" \/>\n<meta property=\"og:availability\" content=\"instock\" \/>\n<meta property=\"product:availability\" content=\"instock\" \/>\n<meta property=\"product:retailer_item_id\" content=\"5902701497408\" \/>\n<meta property=\"product:condition\" content=\"new\" \/>\n<!-- \/ Yoast SEO Premium plugin. -->","yoast_head_json":{"title":"Poduszka balon na \u015bcian\u0119 \u2013 niebieska poduszka balon z girland\u0105 - Cozy & Dozy","description":"Dekoracyjna poduszka balon, do przytulania lub zawieszenia na \u015bcianie. Poduszka w zestawie z girland\u0105.","robots":{"index":"index","follow":"follow","max-snippet":"max-snippet:-1","max-image-preview":"max-image-preview:large","max-video-preview":"max-video-preview:-1"},"canonical":"https:\/\/cozyanddozy.com\/pl\/produkt\/poduszka-balon-na-sciane-niebieska-poduszka-balon-z-girlanda\/","og_locale":"pl_PL","og_type":"article","og_title":"Poduszka balon na \u015bcian\u0119 \u2013 niebieska poduszka balon z girland\u0105","og_description":"Dekoracyjna poduszka balon, do przytulania lub zawieszenia na \u015bcianie. Poduszka w zestawie z girland\u0105.","og_url":"https:\/\/cozyanddozy.com\/pl\/produkt\/poduszka-balon-na-sciane-niebieska-poduszka-balon-z-girlanda\/","og_site_name":"Cozy &amp; Dozy","article_modified_time":"2025-01-29T17:12:26+00:00","og_image":[{"width":1200,"height":1200,"url":"https:\/\/cozyanddozy.com\/pl\/wp-content\/uploads\/2023\/11\/blue-set-pillow.jpeg","type":"image\/jpeg"}],"twitter_card":"summary_large_image","twitter_misc":{"Cena":"99,00&nbsp;&#122;&#322;","Dost\u0119pno\u015b\u0107":"Dost\u0119pny"},"schema":{"@context":"https:\/\/schema.org","@graph":[{"@type":"WebPage","@id":"https:\/\/cozyanddozy.com\/pl\/produkt\/poduszka-balon-na-sciane-niebieska-poduszka-balon-z-girlanda\/","url":"https:\/\/cozyanddozy.com\/pl\/produkt\/poduszka-balon-na-sciane-niebieska-poduszka-balon-z-girlanda\/","name":"Poduszka balon na \u015bcian\u0119 \u2013 niebieska poduszka balon z girland\u0105 - Cozy & Dozy","isPartOf":{"@id":"https:\/\/cozyanddozy.com\/pl\/#website"},"primaryImageOfPage":{"@id":"https:\/\/cozyanddozy.com\/pl\/produkt\/poduszka-balon-na-sciane-niebieska-poduszka-balon-z-girlanda\/#primaryimage"},"image":{"@id":"https:\/\/cozyanddozy.com\/pl\/produkt\/poduszka-balon-na-sciane-niebieska-poduszka-balon-z-girlanda\/#primaryimage"},"thumbnailUrl":"https:\/\/cozyanddozy.com\/pl\/wp-content\/uploads\/2023\/11\/blue-set-pillow.jpeg","datePublished":"2023-11-22T22:16:36+00:00","dateModified":"2025-01-29T17:12:26+00:00","description":"Dekoracyjna poduszka balon, do przytulania lub zawieszenia na \u015bcianie. Poduszka w zestawie z girland\u0105.","breadcrumb":{"@id":"https:\/\/cozyanddozy.com\/pl\/produkt\/poduszka-balon-na-sciane-niebieska-poduszka-balon-z-girlanda\/#breadcrumb"},"inLanguage":"pl-PL","potentialAction":[{"@type":"ReadAction","target":["https:\/\/cozyanddozy.com\/pl\/produkt\/poduszka-balon-na-sciane-niebieska-poduszka-balon-z-girlanda\/"]}]},{"@type":"ImageObject","inLanguage":"pl-PL","@id":"https:\/\/cozyanddozy.com\/pl\/produkt\/poduszka-balon-na-sciane-niebieska-poduszka-balon-z-girlanda\/#primaryimage","url":"https:\/\/cozyanddozy.com\/pl\/wp-content\/uploads\/2023\/11\/blue-set-pillow.jpeg","contentUrl":"https:\/\/cozyanddozy.com\/pl\/wp-content\/uploads\/2023\/11\/blue-set-pillow.jpeg","width":1200,"height":1200},{"@type":"BreadcrumbList","@id":"https:\/\/cozyanddozy.com\/pl\/produkt\/poduszka-balon-na-sciane-niebieska-poduszka-balon-z-girlanda\/#breadcrumb","itemListElement":[{"@type":"ListItem","position":1,"name":"Home","item":"https:\/\/cozyanddozy.com\/pl\/"},{"@type":"ListItem","position":2,"name":"Sklep","item":"https:\/\/cozyanddozy.com\/pl\/sklep\/"},{"@type":"ListItem","position":3,"name":"Poduszka balon na \u015bcian\u0119 \u2013 niebieska poduszka balon z girland\u0105"}]},{"@type":"WebSite","@id":"https:\/\/cozyanddozy.com\/pl\/#website","url":"https:\/\/cozyanddozy.com\/pl\/","name":"Cozy & Dozy","description":"","potentialAction":[{"@type":"SearchAction","target":{"@type":"EntryPoint","urlTemplate":"https:\/\/cozyanddozy.com\/pl\/?s={search_term_string}"},"query-input":{"@type":"PropertyValueSpecification","valueRequired":true,"valueName":"search_term_string"}}],"inLanguage":"pl-PL"}]},"product_price_amount":"99.00","product_price_currency":"PLN","og_availability":"instock","product_availability":"instock","product_retailer_item_id":"5902701497408","product_condition":"new"},"_links":{"self":[{"href":"https:\/\/cozyanddozy.com\/pl\/wp-json\/wp\/v2\/product\/2101","targetHints":{"allow":["GET"]}}],"collection":[{"href":"https:\/\/cozyanddozy.com\/pl\/wp-json\/wp\/v2\/product"}],"about":[{"href":"https:\/\/cozyanddozy.com\/pl\/wp-json\/wp\/v2\/types\/product"}],"replies":[{"embeddable":true,"href":"https:\/\/cozyanddozy.com\/pl\/wp-json\/wp\/v2\/comments?post=2101"}],"wp:featuredmedia":[{"embeddable":true,"href":"https:\/\/cozyanddozy.com\/pl\/wp-json\/wp\/v2\/media\/1892"}],"wp:attachment":[{"href":"https:\/\/cozyanddozy.com\/pl\/wp-json\/wp\/v2\/media?parent=2101"}],"wp:term":[{"taxonomy":"product_brand","embeddable":true,"href":"https:\/\/cozyanddozy.com\/pl\/wp-json\/wp\/v2\/product_brand?post=2101"},{"taxonomy":"product_cat","embeddable":true,"href":"https:\/\/cozyanddozy.com\/pl\/wp-json\/wp\/v2\/product_cat?post=2101"},{"taxonomy":"product_tag","embeddable":true,"href":"https:\/\/cozyanddozy.com\/pl\/wp-json\/wp\/v2\/product_tag?post=2101"}],"curies":[{"name":"wp","href":"https:\/\/api.w.org\/{rel}","templated":true}]}}