{"id":1704,"date":"2023-05-30T11:02:36","date_gmt":"2023-05-30T10:02:36","guid":{"rendered":"https:\/\/cozyanddozy.com\/?post_type=product&#038;p=1667"},"modified":"2025-09-29T16:16:34","modified_gmt":"2025-09-29T14:16:34","slug":"namiot-tipi-cozy-white-velvet-z-mata","status":"publish","type":"product","link":"https:\/\/cozyanddozy.com\/pl\/produkt\/namiot-tipi-cozy-white-velvet-z-mata\/","title":{"rendered":"Namiot tipi Cozy White Velvet z mat\u0105"},"content":{"rendered":"<p><b>Namiot do zabawy z serii\u00a0<\/b><strong>Cozy White Velvet\u00a0<\/strong><b>to bia\u0142e tipi z miodowymi pomponikami i jasn\u0105 tasiemk\u0105. Namiot tipi wykonany jest z mocnego p\u0142\u00f3tna i ozdobiony tkanin\u0105 velvet.\u00a0<\/b><\/p>\n<p>Namiot to \u015bwietne miejsce do zabawy w ogrodzie, na tarasie oraz w domu.<\/p>\n<p><b>Tipi do zabawy posiada okienko z odwijan\u0105 roletk\u0105 i dwie kieszonki na zabawki.<\/b><\/p>\n<p><b>Namioty z serii Cozy White Velvet, to \u015bwietne miejsce do zabawy i przytulny k\u0105cik do odpoczynku.<\/b><\/p>\n<p>Wigwam od Cozy&amp;Dozy zosta\u0142 zaprojektowany tak, aby na d\u0142ugo cieszy\u0107 oko i zapewni\u0107 bezpieczn\u0105 zabaw\u0119.<\/p>\n<p><b>Velvetowe tipi posiada 4 boki \u00a0\u2013 powierzchnia do zabawy ok. 1m2, wysoko\u015b\u0107 po roz\u0142o\u017ceniu ok. 150 cm.<\/b><\/p>\n<p><b>Do ka\u017cdego namiotu dostajesz w zestawie sk\u0142adane sosnowe kije oraz stabilizator, kt\u00f3ry trzyma sztywno kije by zapewni\u0107 stabilno\u015b\u0107 namiotu.<\/b><\/p>\n<p>Wszystkie produkty COZY&amp;DOZY zosta\u0142y zaprojektowane i wykonane w Polsce oraz posiadaj\u0105 deklaracje CE dla produkt\u00f3w dzieci\u0119cych.<\/p>\n<p>W sk\u0142ad zestawu wchodzi:<\/p>\n<ul>\n<li>namiot tipi<\/li>\n<li>mi\u0119kka velvetowa, miodowa mata do zabawy<\/li>\n<li>4 sk\u0142adane kije sosnowe (8 po\u0142\u00f3wek) + elementy do \u0142\u0105czenia kij\u00f3w (8 wkr\u0119t\u00f3w i 4 \u015bruby)<\/li>\n<li>instrukcja<\/li>\n<li>stabilizator + sznurek<\/li>\n<\/ul>\n","protected":false},"excerpt":{"rendered":"<p>Namiot do zabawy z serii\u00a0Cozy White Velvet\u00a0to bia\u0142e tipi z miodowymi pomponikami i jasn\u0105 tasiemk\u0105. Namiot tipi wykonany jest z mocnego p\u0142\u00f3tna i ozdobiony tkanin\u0105 velvet.\u00a0 Namiot to \u015bwietne miejsce do zabawy w ogrodzie, na tarasie oraz w domu. Tipi do zabawy posiada okienko z odwijan\u0105 roletk\u0105 i dwie kieszonki na zabawki. Namioty z serii [&#8230;]\n","protected":false},"featured_media":1759,"comment_status":"open","ping_status":"closed","template":"","meta":[],"product_brand":[],"product_cat":[16],"product_tag":[],"class_list":{"0":"post-1704","1":"product","2":"type-product","3":"status-publish","4":"has-post-thumbnail","6":"product_cat-namioty-tipi","8":"first","9":"instock","10":"sale","11":"shipping-taxable","12":"product-type-simple"},"yoast_head":"<!-- This site is optimized with the Yoast SEO Premium plugin v21.9 (Yoast SEO v27.0) - https:\/\/yoast.com\/product\/yoast-seo-premium-wordpress\/ -->\n<title>Namiot tipi Cozy White Velvet z mat\u0105 - Cozy &amp; Dozy<\/title>\n<meta name=\"description\" content=\"Miodowy namiot tipi z serii Velvet z mat\u0105. Stabilne i du\u017ce tipi do zabawy.\" \/>\n<meta name=\"robots\" content=\"index, follow, max-snippet:-1, max-image-preview:large, max-video-preview:-1\" \/>\n<link rel=\"canonical\" href=\"https:\/\/cozyanddozy.com\/pl\/produkt\/namiot-tipi-cozy-white-velvet-z-mata\/\" \/>\n<meta property=\"og:locale\" content=\"pl_PL\" \/>\n<meta property=\"og:type\" content=\"article\" \/>\n<meta property=\"og:title\" content=\"Namiot tipi Cozy White Velvet z mat\u0105\" \/>\n<meta property=\"og:description\" content=\"Miodowy namiot tipi z serii Velvet z mat\u0105. Stabilne i du\u017ce tipi do zabawy.\" \/>\n<meta property=\"og:url\" content=\"https:\/\/cozyanddozy.com\/pl\/produkt\/namiot-tipi-cozy-white-velvet-z-mata\/\" \/>\n<meta property=\"og:site_name\" content=\"Cozy &amp; Dozy\" \/>\n<meta property=\"article:modified_time\" content=\"2025-09-29T14:16:34+00:00\" \/>\n<meta property=\"og:image\" content=\"https:\/\/cozyanddozy.com\/pl\/wp-content\/uploads\/2023\/05\/cozy-white-tipi2.jpg\" \/>\n\t<meta property=\"og:image:width\" content=\"2000\" \/>\n\t<meta property=\"og:image:height\" content=\"2000\" \/>\n\t<meta property=\"og:image:type\" content=\"image\/jpeg\" \/>\n<meta name=\"twitter:card\" content=\"summary_large_image\" \/>\n<meta name=\"twitter:label1\" content=\"Cena\" \/>\n\t<meta name=\"twitter:data1\" content=\"429,00&nbsp;&#122;&#322;\" \/>\n\t<meta name=\"twitter:label2\" content=\"Dost\u0119pno\u015b\u0107\" \/>\n\t<meta name=\"twitter:data2\" content=\"Dost\u0119pny\" \/>\n<script type=\"application\/ld+json\" class=\"yoast-schema-graph\">{\"@context\":\"https:\/\/schema.org\",\"@graph\":[{\"@type\":\"WebPage\",\"@id\":\"https:\/\/cozyanddozy.com\/pl\/produkt\/namiot-tipi-cozy-white-velvet-z-mata\/\",\"url\":\"https:\/\/cozyanddozy.com\/pl\/produkt\/namiot-tipi-cozy-white-velvet-z-mata\/\",\"name\":\"Namiot tipi Cozy White Velvet z mat\u0105 - Cozy & Dozy\",\"isPartOf\":{\"@id\":\"https:\/\/cozyanddozy.com\/pl\/#website\"},\"primaryImageOfPage\":{\"@id\":\"https:\/\/cozyanddozy.com\/pl\/produkt\/namiot-tipi-cozy-white-velvet-z-mata\/#primaryimage\"},\"image\":{\"@id\":\"https:\/\/cozyanddozy.com\/pl\/produkt\/namiot-tipi-cozy-white-velvet-z-mata\/#primaryimage\"},\"thumbnailUrl\":\"https:\/\/cozyanddozy.com\/pl\/wp-content\/uploads\/2023\/05\/cozy-white-tipi2.jpg\",\"datePublished\":\"2023-05-30T10:02:36+00:00\",\"dateModified\":\"2025-09-29T14:16:34+00:00\",\"description\":\"Miodowy namiot tipi z serii Velvet z mat\u0105. Stabilne i du\u017ce tipi do zabawy.\",\"breadcrumb\":{\"@id\":\"https:\/\/cozyanddozy.com\/pl\/produkt\/namiot-tipi-cozy-white-velvet-z-mata\/#breadcrumb\"},\"inLanguage\":\"pl-PL\",\"potentialAction\":[{\"@type\":\"ReadAction\",\"target\":[\"https:\/\/cozyanddozy.com\/pl\/produkt\/namiot-tipi-cozy-white-velvet-z-mata\/\"]}]},{\"@type\":\"ImageObject\",\"inLanguage\":\"pl-PL\",\"@id\":\"https:\/\/cozyanddozy.com\/pl\/produkt\/namiot-tipi-cozy-white-velvet-z-mata\/#primaryimage\",\"url\":\"https:\/\/cozyanddozy.com\/pl\/wp-content\/uploads\/2023\/05\/cozy-white-tipi2.jpg\",\"contentUrl\":\"https:\/\/cozyanddozy.com\/pl\/wp-content\/uploads\/2023\/05\/cozy-white-tipi2.jpg\",\"width\":2000,\"height\":2000},{\"@type\":\"BreadcrumbList\",\"@id\":\"https:\/\/cozyanddozy.com\/pl\/produkt\/namiot-tipi-cozy-white-velvet-z-mata\/#breadcrumb\",\"itemListElement\":[{\"@type\":\"ListItem\",\"position\":1,\"name\":\"Home\",\"item\":\"https:\/\/cozyanddozy.com\/pl\/\"},{\"@type\":\"ListItem\",\"position\":2,\"name\":\"Sklep\",\"item\":\"https:\/\/cozyanddozy.com\/pl\/sklep\/\"},{\"@type\":\"ListItem\",\"position\":3,\"name\":\"Namiot tipi Cozy White Velvet z mat\u0105\"}]},{\"@type\":\"WebSite\",\"@id\":\"https:\/\/cozyanddozy.com\/pl\/#website\",\"url\":\"https:\/\/cozyanddozy.com\/pl\/\",\"name\":\"Cozy & Dozy\",\"description\":\"\",\"potentialAction\":[{\"@type\":\"SearchAction\",\"target\":{\"@type\":\"EntryPoint\",\"urlTemplate\":\"https:\/\/cozyanddozy.com\/pl\/?s={search_term_string}\"},\"query-input\":{\"@type\":\"PropertyValueSpecification\",\"valueRequired\":true,\"valueName\":\"search_term_string\"}}],\"inLanguage\":\"pl-PL\"}]}<\/script>\n<meta property=\"product:price:amount\" content=\"429.00\" \/>\n<meta property=\"product:price:currency\" content=\"PLN\" \/>\n<meta property=\"og:availability\" content=\"instock\" \/>\n<meta property=\"product:availability\" content=\"instock\" \/>\n<meta property=\"product:retailer_item_id\" content=\"5902701497293\" \/>\n<meta property=\"product:condition\" content=\"new\" \/>\n<!-- \/ Yoast SEO Premium plugin. -->","yoast_head_json":{"title":"Namiot tipi Cozy White Velvet z mat\u0105 - Cozy & Dozy","description":"Miodowy namiot tipi z serii Velvet z mat\u0105. Stabilne i du\u017ce tipi do zabawy.","robots":{"index":"index","follow":"follow","max-snippet":"max-snippet:-1","max-image-preview":"max-image-preview:large","max-video-preview":"max-video-preview:-1"},"canonical":"https:\/\/cozyanddozy.com\/pl\/produkt\/namiot-tipi-cozy-white-velvet-z-mata\/","og_locale":"pl_PL","og_type":"article","og_title":"Namiot tipi Cozy White Velvet z mat\u0105","og_description":"Miodowy namiot tipi z serii Velvet z mat\u0105. Stabilne i du\u017ce tipi do zabawy.","og_url":"https:\/\/cozyanddozy.com\/pl\/produkt\/namiot-tipi-cozy-white-velvet-z-mata\/","og_site_name":"Cozy &amp; Dozy","article_modified_time":"2025-09-29T14:16:34+00:00","og_image":[{"width":2000,"height":2000,"url":"https:\/\/cozyanddozy.com\/pl\/wp-content\/uploads\/2023\/05\/cozy-white-tipi2.jpg","type":"image\/jpeg"}],"twitter_card":"summary_large_image","twitter_misc":{"Cena":"429,00&nbsp;&#122;&#322;","Dost\u0119pno\u015b\u0107":"Dost\u0119pny"},"schema":{"@context":"https:\/\/schema.org","@graph":[{"@type":"WebPage","@id":"https:\/\/cozyanddozy.com\/pl\/produkt\/namiot-tipi-cozy-white-velvet-z-mata\/","url":"https:\/\/cozyanddozy.com\/pl\/produkt\/namiot-tipi-cozy-white-velvet-z-mata\/","name":"Namiot tipi Cozy White Velvet z mat\u0105 - Cozy & Dozy","isPartOf":{"@id":"https:\/\/cozyanddozy.com\/pl\/#website"},"primaryImageOfPage":{"@id":"https:\/\/cozyanddozy.com\/pl\/produkt\/namiot-tipi-cozy-white-velvet-z-mata\/#primaryimage"},"image":{"@id":"https:\/\/cozyanddozy.com\/pl\/produkt\/namiot-tipi-cozy-white-velvet-z-mata\/#primaryimage"},"thumbnailUrl":"https:\/\/cozyanddozy.com\/pl\/wp-content\/uploads\/2023\/05\/cozy-white-tipi2.jpg","datePublished":"2023-05-30T10:02:36+00:00","dateModified":"2025-09-29T14:16:34+00:00","description":"Miodowy namiot tipi z serii Velvet z mat\u0105. Stabilne i du\u017ce tipi do zabawy.","breadcrumb":{"@id":"https:\/\/cozyanddozy.com\/pl\/produkt\/namiot-tipi-cozy-white-velvet-z-mata\/#breadcrumb"},"inLanguage":"pl-PL","potentialAction":[{"@type":"ReadAction","target":["https:\/\/cozyanddozy.com\/pl\/produkt\/namiot-tipi-cozy-white-velvet-z-mata\/"]}]},{"@type":"ImageObject","inLanguage":"pl-PL","@id":"https:\/\/cozyanddozy.com\/pl\/produkt\/namiot-tipi-cozy-white-velvet-z-mata\/#primaryimage","url":"https:\/\/cozyanddozy.com\/pl\/wp-content\/uploads\/2023\/05\/cozy-white-tipi2.jpg","contentUrl":"https:\/\/cozyanddozy.com\/pl\/wp-content\/uploads\/2023\/05\/cozy-white-tipi2.jpg","width":2000,"height":2000},{"@type":"BreadcrumbList","@id":"https:\/\/cozyanddozy.com\/pl\/produkt\/namiot-tipi-cozy-white-velvet-z-mata\/#breadcrumb","itemListElement":[{"@type":"ListItem","position":1,"name":"Home","item":"https:\/\/cozyanddozy.com\/pl\/"},{"@type":"ListItem","position":2,"name":"Sklep","item":"https:\/\/cozyanddozy.com\/pl\/sklep\/"},{"@type":"ListItem","position":3,"name":"Namiot tipi Cozy White Velvet z mat\u0105"}]},{"@type":"WebSite","@id":"https:\/\/cozyanddozy.com\/pl\/#website","url":"https:\/\/cozyanddozy.com\/pl\/","name":"Cozy & Dozy","description":"","potentialAction":[{"@type":"SearchAction","target":{"@type":"EntryPoint","urlTemplate":"https:\/\/cozyanddozy.com\/pl\/?s={search_term_string}"},"query-input":{"@type":"PropertyValueSpecification","valueRequired":true,"valueName":"search_term_string"}}],"inLanguage":"pl-PL"}]},"product_price_amount":"429.00","product_price_currency":"PLN","og_availability":"instock","product_availability":"instock","product_retailer_item_id":"5902701497293","product_condition":"new"},"_links":{"self":[{"href":"https:\/\/cozyanddozy.com\/pl\/wp-json\/wp\/v2\/product\/1704","targetHints":{"allow":["GET"]}}],"collection":[{"href":"https:\/\/cozyanddozy.com\/pl\/wp-json\/wp\/v2\/product"}],"about":[{"href":"https:\/\/cozyanddozy.com\/pl\/wp-json\/wp\/v2\/types\/product"}],"replies":[{"embeddable":true,"href":"https:\/\/cozyanddozy.com\/pl\/wp-json\/wp\/v2\/comments?post=1704"}],"wp:featuredmedia":[{"embeddable":true,"href":"https:\/\/cozyanddozy.com\/pl\/wp-json\/wp\/v2\/media\/1759"}],"wp:attachment":[{"href":"https:\/\/cozyanddozy.com\/pl\/wp-json\/wp\/v2\/media?parent=1704"}],"wp:term":[{"taxonomy":"product_brand","embeddable":true,"href":"https:\/\/cozyanddozy.com\/pl\/wp-json\/wp\/v2\/product_brand?post=1704"},{"taxonomy":"product_cat","embeddable":true,"href":"https:\/\/cozyanddozy.com\/pl\/wp-json\/wp\/v2\/product_cat?post=1704"},{"taxonomy":"product_tag","embeddable":true,"href":"https:\/\/cozyanddozy.com\/pl\/wp-json\/wp\/v2\/product_tag?post=1704"}],"curies":[{"name":"wp","href":"https:\/\/api.w.org\/{rel}","templated":true}]}}