{"id":1698,"date":"2023-05-29T10:55:10","date_gmt":"2023-05-29T09:55:10","guid":{"rendered":"https:\/\/cozyanddozy.com\/?post_type=product&#038;p=1665"},"modified":"2025-09-29T16:16:22","modified_gmt":"2025-09-29T14:16:22","slug":"pufa-macaron-cynamon-poduszka-w-ksztalcie-ciastka","status":"publish","type":"product","link":"https:\/\/cozyanddozy.com\/pl\/produkt\/pufa-macaron-cynamon-poduszka-w-ksztalcie-ciastka\/","title":{"rendered":"Pufa Macaron Cynamon, poduszka w kszta\u0142cie ciastka"},"content":{"rendered":"<p><strong>Cukierkowa poduszka \u2013 pufa w kszta\u0142cie ciasteczka makaronik o wymiarach 65\u00d730 cm.<\/strong><\/p>\n<p>Dekoracyjna pufka dla dziecka Macaron, to pysznie wygl\u0105daj\u0105ce siedzisko w kszta\u0142cie francuskiego ciasteczka z nadzieniem.<\/p>\n<p>W kolekcji Candy Shop znajdziesz inne kolory i rozmiary puf, oraz namioty tipi, girlandy, dywaniki i poduszki.<\/p>\n<p>Pufa posiada wype\u0142nienie z antyalergicznej pianki.<\/p>\n<p>Poduszka Makaronik posiada zamek, dzi\u0119ki czemu u\u0142atwia pranie.<\/p>\n<p>Wymiary: ok. 65\u00d730 cm (+\/- 2.5cm)<\/p>\n<p>Tkanina: Velvet welur \u2013\u00a0 Annex 4, product class I, CE<\/p>\n<p>Spos\u00f3b piel\u0119gnacji:<\/p>\n<ul>\n<li>Nie prasowa\u0107<\/li>\n<li>Mo\u017cna pra\u0107 w pralce w temperaturze 40 stopni, wirowanie \u2013 800 obrot\u00f3w<\/li>\n<li>Nie pra\u0107 chemicznie<\/li>\n<li>Nie wybiela\u0107<\/li>\n<\/ul>\n<p>Zaprojektowane i uszyte w Polsce przez Cozy&amp;Dozy<\/p>\n","protected":false},"excerpt":{"rendered":"<p>Cukierkowa poduszka \u2013 pufa w kszta\u0142cie ciasteczka makaronik o wymiarach 65\u00d730 cm. Dekoracyjna pufka dla dziecka Macaron, to pysznie wygl\u0105daj\u0105ce siedzisko w kszta\u0142cie francuskiego ciasteczka z nadzieniem. W kolekcji Candy Shop znajdziesz inne kolory i rozmiary puf, oraz namioty tipi, girlandy, dywaniki i poduszki. Pufa posiada wype\u0142nienie z antyalergicznej pianki. Poduszka Makaronik posiada zamek, dzi\u0119ki [&#8230;]\n","protected":false},"featured_media":1662,"comment_status":"open","ping_status":"closed","template":"","meta":[],"product_brand":[],"product_cat":[17],"product_tag":[],"class_list":{"0":"post-1698","1":"product","2":"type-product","3":"status-publish","4":"has-post-thumbnail","6":"product_cat-poduszki-i-pufy","8":"first","9":"instock","10":"sale","11":"shipping-taxable","12":"product-type-simple"},"yoast_head":"<!-- This site is optimized with the Yoast SEO Premium plugin v21.9 (Yoast SEO v27.0) - https:\/\/yoast.com\/product\/yoast-seo-premium-wordpress\/ -->\n<title>Pufa Macaron Cynamon, poduszka w kszta\u0142cie ciastka - Cozy &amp; Dozy<\/title>\n<meta name=\"description\" content=\"Velvetowa pufa dla dziecka Macaron, to pysznie wygl\u0105daj\u0105ce siedzisko w kszta\u0142cie francuskiego ciasteczka z nadzieniem. Wymiary 65\u00d730 cm.\" \/>\n<meta name=\"robots\" content=\"index, follow, max-snippet:-1, max-image-preview:large, max-video-preview:-1\" \/>\n<link rel=\"canonical\" href=\"https:\/\/cozyanddozy.com\/pl\/produkt\/pufa-macaron-cynamon-poduszka-w-ksztalcie-ciastka\/\" \/>\n<meta property=\"og:locale\" content=\"pl_PL\" \/>\n<meta property=\"og:type\" content=\"article\" \/>\n<meta property=\"og:title\" content=\"Pufa Macaron Cynamon, poduszka w kszta\u0142cie ciastka\" \/>\n<meta property=\"og:description\" content=\"Velvetowa pufa dla dziecka Macaron, to pysznie wygl\u0105daj\u0105ce siedzisko w kszta\u0142cie francuskiego ciasteczka z nadzieniem. Wymiary 65\u00d730 cm.\" \/>\n<meta property=\"og:url\" content=\"https:\/\/cozyanddozy.com\/pl\/produkt\/pufa-macaron-cynamon-poduszka-w-ksztalcie-ciastka\/\" \/>\n<meta property=\"og:site_name\" content=\"Cozy &amp; Dozy\" \/>\n<meta property=\"article:modified_time\" content=\"2025-09-29T14:16:22+00:00\" \/>\n<meta property=\"og:image\" content=\"https:\/\/cozyanddozy.com\/pl\/wp-content\/uploads\/2023\/05\/cinnamon-macaron-pillow-pouf.jpeg\" \/>\n\t<meta property=\"og:image:width\" content=\"1200\" \/>\n\t<meta property=\"og:image:height\" content=\"1200\" \/>\n\t<meta property=\"og:image:type\" content=\"image\/jpeg\" \/>\n<meta name=\"twitter:card\" content=\"summary_large_image\" \/>\n<meta name=\"twitter:label1\" content=\"Cena\" \/>\n\t<meta name=\"twitter:data1\" content=\"249,00&nbsp;&#122;&#322;\" \/>\n\t<meta name=\"twitter:label2\" content=\"Dost\u0119pno\u015b\u0107\" \/>\n\t<meta name=\"twitter:data2\" content=\"Dost\u0119pny\" \/>\n<script type=\"application\/ld+json\" class=\"yoast-schema-graph\">{\"@context\":\"https:\/\/schema.org\",\"@graph\":[{\"@type\":\"WebPage\",\"@id\":\"https:\/\/cozyanddozy.com\/pl\/produkt\/pufa-macaron-cynamon-poduszka-w-ksztalcie-ciastka\/\",\"url\":\"https:\/\/cozyanddozy.com\/pl\/produkt\/pufa-macaron-cynamon-poduszka-w-ksztalcie-ciastka\/\",\"name\":\"Pufa Macaron Cynamon, poduszka w kszta\u0142cie ciastka - Cozy & Dozy\",\"isPartOf\":{\"@id\":\"https:\/\/cozyanddozy.com\/pl\/#website\"},\"primaryImageOfPage\":{\"@id\":\"https:\/\/cozyanddozy.com\/pl\/produkt\/pufa-macaron-cynamon-poduszka-w-ksztalcie-ciastka\/#primaryimage\"},\"image\":{\"@id\":\"https:\/\/cozyanddozy.com\/pl\/produkt\/pufa-macaron-cynamon-poduszka-w-ksztalcie-ciastka\/#primaryimage\"},\"thumbnailUrl\":\"https:\/\/cozyanddozy.com\/pl\/wp-content\/uploads\/2023\/05\/cinnamon-macaron-pillow-pouf.jpeg\",\"datePublished\":\"2023-05-29T09:55:10+00:00\",\"dateModified\":\"2025-09-29T14:16:22+00:00\",\"description\":\"Velvetowa pufa dla dziecka Macaron, to pysznie wygl\u0105daj\u0105ce siedzisko w kszta\u0142cie francuskiego ciasteczka z nadzieniem. Wymiary 65\u00d730 cm.\",\"breadcrumb\":{\"@id\":\"https:\/\/cozyanddozy.com\/pl\/produkt\/pufa-macaron-cynamon-poduszka-w-ksztalcie-ciastka\/#breadcrumb\"},\"inLanguage\":\"pl-PL\",\"potentialAction\":[{\"@type\":\"ReadAction\",\"target\":[\"https:\/\/cozyanddozy.com\/pl\/produkt\/pufa-macaron-cynamon-poduszka-w-ksztalcie-ciastka\/\"]}]},{\"@type\":\"ImageObject\",\"inLanguage\":\"pl-PL\",\"@id\":\"https:\/\/cozyanddozy.com\/pl\/produkt\/pufa-macaron-cynamon-poduszka-w-ksztalcie-ciastka\/#primaryimage\",\"url\":\"https:\/\/cozyanddozy.com\/pl\/wp-content\/uploads\/2023\/05\/cinnamon-macaron-pillow-pouf.jpeg\",\"contentUrl\":\"https:\/\/cozyanddozy.com\/pl\/wp-content\/uploads\/2023\/05\/cinnamon-macaron-pillow-pouf.jpeg\",\"width\":1200,\"height\":1200},{\"@type\":\"BreadcrumbList\",\"@id\":\"https:\/\/cozyanddozy.com\/pl\/produkt\/pufa-macaron-cynamon-poduszka-w-ksztalcie-ciastka\/#breadcrumb\",\"itemListElement\":[{\"@type\":\"ListItem\",\"position\":1,\"name\":\"Home\",\"item\":\"https:\/\/cozyanddozy.com\/pl\/\"},{\"@type\":\"ListItem\",\"position\":2,\"name\":\"Sklep\",\"item\":\"https:\/\/cozyanddozy.com\/pl\/sklep\/\"},{\"@type\":\"ListItem\",\"position\":3,\"name\":\"Pufa Macaron Cynamon, poduszka w kszta\u0142cie ciastka\"}]},{\"@type\":\"WebSite\",\"@id\":\"https:\/\/cozyanddozy.com\/pl\/#website\",\"url\":\"https:\/\/cozyanddozy.com\/pl\/\",\"name\":\"Cozy & Dozy\",\"description\":\"\",\"potentialAction\":[{\"@type\":\"SearchAction\",\"target\":{\"@type\":\"EntryPoint\",\"urlTemplate\":\"https:\/\/cozyanddozy.com\/pl\/?s={search_term_string}\"},\"query-input\":{\"@type\":\"PropertyValueSpecification\",\"valueRequired\":true,\"valueName\":\"search_term_string\"}}],\"inLanguage\":\"pl-PL\"}]}<\/script>\n<meta property=\"product:price:amount\" content=\"249.00\" \/>\n<meta property=\"product:price:currency\" content=\"PLN\" \/>\n<meta property=\"og:availability\" content=\"instock\" \/>\n<meta property=\"product:availability\" content=\"instock\" \/>\n<meta property=\"product:retailer_item_id\" content=\"5902701497613\" \/>\n<meta property=\"product:condition\" content=\"new\" \/>\n<!-- \/ Yoast SEO Premium plugin. -->","yoast_head_json":{"title":"Pufa Macaron Cynamon, poduszka w kszta\u0142cie ciastka - Cozy & Dozy","description":"Velvetowa pufa dla dziecka Macaron, to pysznie wygl\u0105daj\u0105ce siedzisko w kszta\u0142cie francuskiego ciasteczka z nadzieniem. Wymiary 65\u00d730 cm.","robots":{"index":"index","follow":"follow","max-snippet":"max-snippet:-1","max-image-preview":"max-image-preview:large","max-video-preview":"max-video-preview:-1"},"canonical":"https:\/\/cozyanddozy.com\/pl\/produkt\/pufa-macaron-cynamon-poduszka-w-ksztalcie-ciastka\/","og_locale":"pl_PL","og_type":"article","og_title":"Pufa Macaron Cynamon, poduszka w kszta\u0142cie ciastka","og_description":"Velvetowa pufa dla dziecka Macaron, to pysznie wygl\u0105daj\u0105ce siedzisko w kszta\u0142cie francuskiego ciasteczka z nadzieniem. Wymiary 65\u00d730 cm.","og_url":"https:\/\/cozyanddozy.com\/pl\/produkt\/pufa-macaron-cynamon-poduszka-w-ksztalcie-ciastka\/","og_site_name":"Cozy &amp; Dozy","article_modified_time":"2025-09-29T14:16:22+00:00","og_image":[{"width":1200,"height":1200,"url":"https:\/\/cozyanddozy.com\/pl\/wp-content\/uploads\/2023\/05\/cinnamon-macaron-pillow-pouf.jpeg","type":"image\/jpeg"}],"twitter_card":"summary_large_image","twitter_misc":{"Cena":"249,00&nbsp;&#122;&#322;","Dost\u0119pno\u015b\u0107":"Dost\u0119pny"},"schema":{"@context":"https:\/\/schema.org","@graph":[{"@type":"WebPage","@id":"https:\/\/cozyanddozy.com\/pl\/produkt\/pufa-macaron-cynamon-poduszka-w-ksztalcie-ciastka\/","url":"https:\/\/cozyanddozy.com\/pl\/produkt\/pufa-macaron-cynamon-poduszka-w-ksztalcie-ciastka\/","name":"Pufa Macaron Cynamon, poduszka w kszta\u0142cie ciastka - Cozy & Dozy","isPartOf":{"@id":"https:\/\/cozyanddozy.com\/pl\/#website"},"primaryImageOfPage":{"@id":"https:\/\/cozyanddozy.com\/pl\/produkt\/pufa-macaron-cynamon-poduszka-w-ksztalcie-ciastka\/#primaryimage"},"image":{"@id":"https:\/\/cozyanddozy.com\/pl\/produkt\/pufa-macaron-cynamon-poduszka-w-ksztalcie-ciastka\/#primaryimage"},"thumbnailUrl":"https:\/\/cozyanddozy.com\/pl\/wp-content\/uploads\/2023\/05\/cinnamon-macaron-pillow-pouf.jpeg","datePublished":"2023-05-29T09:55:10+00:00","dateModified":"2025-09-29T14:16:22+00:00","description":"Velvetowa pufa dla dziecka Macaron, to pysznie wygl\u0105daj\u0105ce siedzisko w kszta\u0142cie francuskiego ciasteczka z nadzieniem. Wymiary 65\u00d730 cm.","breadcrumb":{"@id":"https:\/\/cozyanddozy.com\/pl\/produkt\/pufa-macaron-cynamon-poduszka-w-ksztalcie-ciastka\/#breadcrumb"},"inLanguage":"pl-PL","potentialAction":[{"@type":"ReadAction","target":["https:\/\/cozyanddozy.com\/pl\/produkt\/pufa-macaron-cynamon-poduszka-w-ksztalcie-ciastka\/"]}]},{"@type":"ImageObject","inLanguage":"pl-PL","@id":"https:\/\/cozyanddozy.com\/pl\/produkt\/pufa-macaron-cynamon-poduszka-w-ksztalcie-ciastka\/#primaryimage","url":"https:\/\/cozyanddozy.com\/pl\/wp-content\/uploads\/2023\/05\/cinnamon-macaron-pillow-pouf.jpeg","contentUrl":"https:\/\/cozyanddozy.com\/pl\/wp-content\/uploads\/2023\/05\/cinnamon-macaron-pillow-pouf.jpeg","width":1200,"height":1200},{"@type":"BreadcrumbList","@id":"https:\/\/cozyanddozy.com\/pl\/produkt\/pufa-macaron-cynamon-poduszka-w-ksztalcie-ciastka\/#breadcrumb","itemListElement":[{"@type":"ListItem","position":1,"name":"Home","item":"https:\/\/cozyanddozy.com\/pl\/"},{"@type":"ListItem","position":2,"name":"Sklep","item":"https:\/\/cozyanddozy.com\/pl\/sklep\/"},{"@type":"ListItem","position":3,"name":"Pufa Macaron Cynamon, poduszka w kszta\u0142cie ciastka"}]},{"@type":"WebSite","@id":"https:\/\/cozyanddozy.com\/pl\/#website","url":"https:\/\/cozyanddozy.com\/pl\/","name":"Cozy & Dozy","description":"","potentialAction":[{"@type":"SearchAction","target":{"@type":"EntryPoint","urlTemplate":"https:\/\/cozyanddozy.com\/pl\/?s={search_term_string}"},"query-input":{"@type":"PropertyValueSpecification","valueRequired":true,"valueName":"search_term_string"}}],"inLanguage":"pl-PL"}]},"product_price_amount":"249.00","product_price_currency":"PLN","og_availability":"instock","product_availability":"instock","product_retailer_item_id":"5902701497613","product_condition":"new"},"_links":{"self":[{"href":"https:\/\/cozyanddozy.com\/pl\/wp-json\/wp\/v2\/product\/1698","targetHints":{"allow":["GET"]}}],"collection":[{"href":"https:\/\/cozyanddozy.com\/pl\/wp-json\/wp\/v2\/product"}],"about":[{"href":"https:\/\/cozyanddozy.com\/pl\/wp-json\/wp\/v2\/types\/product"}],"replies":[{"embeddable":true,"href":"https:\/\/cozyanddozy.com\/pl\/wp-json\/wp\/v2\/comments?post=1698"}],"wp:featuredmedia":[{"embeddable":true,"href":"https:\/\/cozyanddozy.com\/pl\/wp-json\/wp\/v2\/media\/1662"}],"wp:attachment":[{"href":"https:\/\/cozyanddozy.com\/pl\/wp-json\/wp\/v2\/media?parent=1698"}],"wp:term":[{"taxonomy":"product_brand","embeddable":true,"href":"https:\/\/cozyanddozy.com\/pl\/wp-json\/wp\/v2\/product_brand?post=1698"},{"taxonomy":"product_cat","embeddable":true,"href":"https:\/\/cozyanddozy.com\/pl\/wp-json\/wp\/v2\/product_cat?post=1698"},{"taxonomy":"product_tag","embeddable":true,"href":"https:\/\/cozyanddozy.com\/pl\/wp-json\/wp\/v2\/product_tag?post=1698"}],"curies":[{"name":"wp","href":"https:\/\/api.w.org\/{rel}","templated":true}]}}