{"id":1629,"date":"2023-05-22T09:04:00","date_gmt":"2023-05-22T08:04:00","guid":{"rendered":"https:\/\/cozyanddozy.com\/?post_type=product&#038;p=1583"},"modified":"2025-01-29T18:14:55","modified_gmt":"2025-01-29T17:14:55","slug":"poduszka-rozowy-kwiat-velvet-flower","status":"publish","type":"product","link":"https:\/\/cozyanddozy.com\/pl\/produkt\/poduszka-rozowy-kwiat-velvet-flower\/","title":{"rendered":"Poduszka r\u00f3\u017cowy kwiat, Velvet Flower"},"content":{"rendered":"<p><b>R\u00f3\u017cowa poduszka w kszta\u0142cie kwiatka\u00a0<\/b><\/p>\n<p>Bez czego nie wyobra\u017camy sobie wiosny? Oczywi\u015bcie bez pi\u0119knych i niepowtarzalnych stokrotek.<\/p>\n<p>A najlepiej, gdy te stokrotki to mi\u0119kkie i przyjemne w dotyku poduszki!<\/p>\n<p>Poduszki z kolekcji Daisy to pi\u0119kny dodatek do ka\u017cdego pomieszczenia. Udekoruje zar\u00f3wno sypialni\u0119, salon, jak i pok\u00f3j dzieci\u0119cy.<\/p>\n<p>Ka\u017cdy znajdzie co\u015b dla siebie.<\/p>\n<p>Od poduszki Daisy\u00a0<b>nie da si\u0119 oderwa\u0107 r\u0105k<\/b>! Wykonana jest z bardzo mi\u0119kkiego velvetu. Materia\u0142 ten sprawia, \u017ce korzystanie z poduszki jest\u00a0<b>niezwykle przyjemnym do\u015bwiadczeniem<\/b>. Twoje dziecko z pewno\u015bci\u0105 b\u0119dzie j\u0105 ch\u0119tnie przytula\u0107 i zabiera\u0107 ze sob\u0105 na wszystkie drzemki<\/p>\n<p>Do wyboru kwiatki w kilku r\u00f3\u017cnych kolorach: bia\u0142y, \u017c\u00f3\u0142ty, ciemnor\u00f3\u017cowy, jasnor\u00f3\u017cowy, szary, fiolet i be\u017cowy.<\/p>\n<p><span class=\"Apple-converted-space\">\u00a0<\/span>Wymiary:<\/p>\n<ul>\n<li>52\u00d752 cm<\/li>\n<\/ul>\n<p>Kompozycja:<\/p>\n<ul>\n<li>100% aksamit (certyfikat , CE)<\/li>\n<li>\u00a0Wype\u0142nienie poduszki \u2013 kulka silikonowa, antyalergiczna.<\/li>\n<\/ul>\n<p><b>Pranie:<\/b><\/p>\n<ul>\n<li>Mo\u017cna pra\u0107 w pralce w temperaturze 40 stopni,<\/li>\n<li>wirowanie \u2013 800 obrot\u00f3w,<\/li>\n<li>nie pra\u0107 chemicznie, nie wybiela\u0107,<\/li>\n<li>Po praniu wstrz\u0105sn\u0105\u0107 w celu u\u0142o\u017cenia wsypu,<\/li>\n<li>suszy\u0107 na p\u0142askiej powierzchni.<\/li>\n<\/ul>\n","protected":false},"excerpt":{"rendered":"<p>R\u00f3\u017cowa poduszka w kszta\u0142cie kwiatka\u00a0 Bez czego nie wyobra\u017camy sobie wiosny? Oczywi\u015bcie bez pi\u0119knych i niepowtarzalnych stokrotek. A najlepiej, gdy te stokrotki to mi\u0119kkie i przyjemne w dotyku poduszki! Poduszki z kolekcji Daisy to pi\u0119kny dodatek do ka\u017cdego pomieszczenia. Udekoruje zar\u00f3wno sypialni\u0119, salon, jak i pok\u00f3j dzieci\u0119cy. Ka\u017cdy znajdzie co\u015b dla siebie. Od poduszki Daisy\u00a0nie [&#8230;]\n","protected":false},"featured_media":1630,"comment_status":"open","ping_status":"closed","template":"","meta":[],"product_brand":[],"product_cat":[17],"product_tag":[],"class_list":{"0":"post-1629","1":"product","2":"type-product","3":"status-publish","4":"has-post-thumbnail","6":"product_cat-poduszki-i-pufy","8":"first","9":"instock","10":"sale","11":"shipping-taxable","12":"product-type-simple"},"yoast_head":"<!-- This site is optimized with the Yoast SEO Premium plugin v21.9 (Yoast SEO v27.0) - https:\/\/yoast.com\/product\/yoast-seo-premium-wordpress\/ -->\n<title>Poduszka r\u00f3\u017cowy kwiat, Velvet Flower - Cozy &amp; Dozy<\/title>\n<meta name=\"description\" content=\"Jasnor\u00f3\u017cowa poduszka kwiat. Du\u017ca dekoracyjna poduszka z velvetu Daisy 52x52cm.\" \/>\n<meta name=\"robots\" content=\"index, follow, max-snippet:-1, max-image-preview:large, max-video-preview:-1\" \/>\n<link rel=\"canonical\" href=\"https:\/\/cozyanddozy.com\/pl\/produkt\/poduszka-rozowy-kwiat-velvet-flower\/\" \/>\n<meta property=\"og:locale\" content=\"pl_PL\" \/>\n<meta property=\"og:type\" content=\"article\" \/>\n<meta property=\"og:title\" content=\"Poduszka r\u00f3\u017cowy kwiat, Velvet Flower\" \/>\n<meta property=\"og:description\" content=\"Jasnor\u00f3\u017cowa poduszka kwiat. Du\u017ca dekoracyjna poduszka z velvetu Daisy 52x52cm.\" \/>\n<meta property=\"og:url\" content=\"https:\/\/cozyanddozy.com\/pl\/produkt\/poduszka-rozowy-kwiat-velvet-flower\/\" \/>\n<meta property=\"og:site_name\" content=\"Cozy &amp; Dozy\" \/>\n<meta property=\"article:modified_time\" content=\"2025-01-29T17:14:55+00:00\" \/>\n<meta property=\"og:image\" content=\"https:\/\/cozyanddozy.com\/pl\/wp-content\/uploads\/2023\/05\/daisy-pillows-colors-1.jpg\" \/>\n\t<meta property=\"og:image:width\" content=\"1500\" \/>\n\t<meta property=\"og:image:height\" content=\"1500\" \/>\n\t<meta property=\"og:image:type\" content=\"image\/jpeg\" \/>\n<meta name=\"twitter:card\" content=\"summary_large_image\" \/>\n<meta name=\"twitter:label1\" content=\"Cena\" \/>\n\t<meta name=\"twitter:data1\" content=\"99,00&nbsp;&#122;&#322;\" \/>\n\t<meta name=\"twitter:label2\" content=\"Dost\u0119pno\u015b\u0107\" \/>\n\t<meta name=\"twitter:data2\" content=\"Dost\u0119pny\" \/>\n<script type=\"application\/ld+json\" class=\"yoast-schema-graph\">{\"@context\":\"https:\/\/schema.org\",\"@graph\":[{\"@type\":\"WebPage\",\"@id\":\"https:\/\/cozyanddozy.com\/pl\/produkt\/poduszka-rozowy-kwiat-velvet-flower\/\",\"url\":\"https:\/\/cozyanddozy.com\/pl\/produkt\/poduszka-rozowy-kwiat-velvet-flower\/\",\"name\":\"Poduszka r\u00f3\u017cowy kwiat, Velvet Flower - Cozy & Dozy\",\"isPartOf\":{\"@id\":\"https:\/\/cozyanddozy.com\/pl\/#website\"},\"primaryImageOfPage\":{\"@id\":\"https:\/\/cozyanddozy.com\/pl\/produkt\/poduszka-rozowy-kwiat-velvet-flower\/#primaryimage\"},\"image\":{\"@id\":\"https:\/\/cozyanddozy.com\/pl\/produkt\/poduszka-rozowy-kwiat-velvet-flower\/#primaryimage\"},\"thumbnailUrl\":\"https:\/\/cozyanddozy.com\/pl\/wp-content\/uploads\/2023\/05\/daisy-pillows-colors-1.jpg\",\"datePublished\":\"2023-05-22T08:04:00+00:00\",\"dateModified\":\"2025-01-29T17:14:55+00:00\",\"description\":\"Jasnor\u00f3\u017cowa poduszka kwiat. Du\u017ca dekoracyjna poduszka z velvetu Daisy 52x52cm.\",\"breadcrumb\":{\"@id\":\"https:\/\/cozyanddozy.com\/pl\/produkt\/poduszka-rozowy-kwiat-velvet-flower\/#breadcrumb\"},\"inLanguage\":\"pl-PL\",\"potentialAction\":[{\"@type\":\"ReadAction\",\"target\":[\"https:\/\/cozyanddozy.com\/pl\/produkt\/poduszka-rozowy-kwiat-velvet-flower\/\"]}]},{\"@type\":\"ImageObject\",\"inLanguage\":\"pl-PL\",\"@id\":\"https:\/\/cozyanddozy.com\/pl\/produkt\/poduszka-rozowy-kwiat-velvet-flower\/#primaryimage\",\"url\":\"https:\/\/cozyanddozy.com\/pl\/wp-content\/uploads\/2023\/05\/daisy-pillows-colors-1.jpg\",\"contentUrl\":\"https:\/\/cozyanddozy.com\/pl\/wp-content\/uploads\/2023\/05\/daisy-pillows-colors-1.jpg\",\"width\":1500,\"height\":1500},{\"@type\":\"BreadcrumbList\",\"@id\":\"https:\/\/cozyanddozy.com\/pl\/produkt\/poduszka-rozowy-kwiat-velvet-flower\/#breadcrumb\",\"itemListElement\":[{\"@type\":\"ListItem\",\"position\":1,\"name\":\"Home\",\"item\":\"https:\/\/cozyanddozy.com\/pl\/\"},{\"@type\":\"ListItem\",\"position\":2,\"name\":\"Sklep\",\"item\":\"https:\/\/cozyanddozy.com\/pl\/sklep\/\"},{\"@type\":\"ListItem\",\"position\":3,\"name\":\"Poduszka r\u00f3\u017cowy kwiat, Velvet Flower\"}]},{\"@type\":\"WebSite\",\"@id\":\"https:\/\/cozyanddozy.com\/pl\/#website\",\"url\":\"https:\/\/cozyanddozy.com\/pl\/\",\"name\":\"Cozy & Dozy\",\"description\":\"\",\"potentialAction\":[{\"@type\":\"SearchAction\",\"target\":{\"@type\":\"EntryPoint\",\"urlTemplate\":\"https:\/\/cozyanddozy.com\/pl\/?s={search_term_string}\"},\"query-input\":{\"@type\":\"PropertyValueSpecification\",\"valueRequired\":true,\"valueName\":\"search_term_string\"}}],\"inLanguage\":\"pl-PL\"}]}<\/script>\n<meta property=\"product:price:amount\" content=\"99.00\" \/>\n<meta property=\"product:price:currency\" content=\"PLN\" \/>\n<meta property=\"og:availability\" content=\"instock\" \/>\n<meta property=\"product:availability\" content=\"instock\" \/>\n<meta property=\"product:retailer_item_id\" content=\"daisy_light_pink\" \/>\n<meta property=\"product:condition\" content=\"new\" \/>\n<!-- \/ Yoast SEO Premium plugin. -->","yoast_head_json":{"title":"Poduszka r\u00f3\u017cowy kwiat, Velvet Flower - Cozy & Dozy","description":"Jasnor\u00f3\u017cowa poduszka kwiat. Du\u017ca dekoracyjna poduszka z velvetu Daisy 52x52cm.","robots":{"index":"index","follow":"follow","max-snippet":"max-snippet:-1","max-image-preview":"max-image-preview:large","max-video-preview":"max-video-preview:-1"},"canonical":"https:\/\/cozyanddozy.com\/pl\/produkt\/poduszka-rozowy-kwiat-velvet-flower\/","og_locale":"pl_PL","og_type":"article","og_title":"Poduszka r\u00f3\u017cowy kwiat, Velvet Flower","og_description":"Jasnor\u00f3\u017cowa poduszka kwiat. Du\u017ca dekoracyjna poduszka z velvetu Daisy 52x52cm.","og_url":"https:\/\/cozyanddozy.com\/pl\/produkt\/poduszka-rozowy-kwiat-velvet-flower\/","og_site_name":"Cozy &amp; Dozy","article_modified_time":"2025-01-29T17:14:55+00:00","og_image":[{"width":1500,"height":1500,"url":"https:\/\/cozyanddozy.com\/pl\/wp-content\/uploads\/2023\/05\/daisy-pillows-colors-1.jpg","type":"image\/jpeg"}],"twitter_card":"summary_large_image","twitter_misc":{"Cena":"99,00&nbsp;&#122;&#322;","Dost\u0119pno\u015b\u0107":"Dost\u0119pny"},"schema":{"@context":"https:\/\/schema.org","@graph":[{"@type":"WebPage","@id":"https:\/\/cozyanddozy.com\/pl\/produkt\/poduszka-rozowy-kwiat-velvet-flower\/","url":"https:\/\/cozyanddozy.com\/pl\/produkt\/poduszka-rozowy-kwiat-velvet-flower\/","name":"Poduszka r\u00f3\u017cowy kwiat, Velvet Flower - Cozy & Dozy","isPartOf":{"@id":"https:\/\/cozyanddozy.com\/pl\/#website"},"primaryImageOfPage":{"@id":"https:\/\/cozyanddozy.com\/pl\/produkt\/poduszka-rozowy-kwiat-velvet-flower\/#primaryimage"},"image":{"@id":"https:\/\/cozyanddozy.com\/pl\/produkt\/poduszka-rozowy-kwiat-velvet-flower\/#primaryimage"},"thumbnailUrl":"https:\/\/cozyanddozy.com\/pl\/wp-content\/uploads\/2023\/05\/daisy-pillows-colors-1.jpg","datePublished":"2023-05-22T08:04:00+00:00","dateModified":"2025-01-29T17:14:55+00:00","description":"Jasnor\u00f3\u017cowa poduszka kwiat. Du\u017ca dekoracyjna poduszka z velvetu Daisy 52x52cm.","breadcrumb":{"@id":"https:\/\/cozyanddozy.com\/pl\/produkt\/poduszka-rozowy-kwiat-velvet-flower\/#breadcrumb"},"inLanguage":"pl-PL","potentialAction":[{"@type":"ReadAction","target":["https:\/\/cozyanddozy.com\/pl\/produkt\/poduszka-rozowy-kwiat-velvet-flower\/"]}]},{"@type":"ImageObject","inLanguage":"pl-PL","@id":"https:\/\/cozyanddozy.com\/pl\/produkt\/poduszka-rozowy-kwiat-velvet-flower\/#primaryimage","url":"https:\/\/cozyanddozy.com\/pl\/wp-content\/uploads\/2023\/05\/daisy-pillows-colors-1.jpg","contentUrl":"https:\/\/cozyanddozy.com\/pl\/wp-content\/uploads\/2023\/05\/daisy-pillows-colors-1.jpg","width":1500,"height":1500},{"@type":"BreadcrumbList","@id":"https:\/\/cozyanddozy.com\/pl\/produkt\/poduszka-rozowy-kwiat-velvet-flower\/#breadcrumb","itemListElement":[{"@type":"ListItem","position":1,"name":"Home","item":"https:\/\/cozyanddozy.com\/pl\/"},{"@type":"ListItem","position":2,"name":"Sklep","item":"https:\/\/cozyanddozy.com\/pl\/sklep\/"},{"@type":"ListItem","position":3,"name":"Poduszka r\u00f3\u017cowy kwiat, Velvet Flower"}]},{"@type":"WebSite","@id":"https:\/\/cozyanddozy.com\/pl\/#website","url":"https:\/\/cozyanddozy.com\/pl\/","name":"Cozy & Dozy","description":"","potentialAction":[{"@type":"SearchAction","target":{"@type":"EntryPoint","urlTemplate":"https:\/\/cozyanddozy.com\/pl\/?s={search_term_string}"},"query-input":{"@type":"PropertyValueSpecification","valueRequired":true,"valueName":"search_term_string"}}],"inLanguage":"pl-PL"}]},"product_price_amount":"99.00","product_price_currency":"PLN","og_availability":"instock","product_availability":"instock","product_retailer_item_id":"daisy_light_pink","product_condition":"new"},"_links":{"self":[{"href":"https:\/\/cozyanddozy.com\/pl\/wp-json\/wp\/v2\/product\/1629","targetHints":{"allow":["GET"]}}],"collection":[{"href":"https:\/\/cozyanddozy.com\/pl\/wp-json\/wp\/v2\/product"}],"about":[{"href":"https:\/\/cozyanddozy.com\/pl\/wp-json\/wp\/v2\/types\/product"}],"replies":[{"embeddable":true,"href":"https:\/\/cozyanddozy.com\/pl\/wp-json\/wp\/v2\/comments?post=1629"}],"wp:featuredmedia":[{"embeddable":true,"href":"https:\/\/cozyanddozy.com\/pl\/wp-json\/wp\/v2\/media\/1630"}],"wp:attachment":[{"href":"https:\/\/cozyanddozy.com\/pl\/wp-json\/wp\/v2\/media?parent=1629"}],"wp:term":[{"taxonomy":"product_brand","embeddable":true,"href":"https:\/\/cozyanddozy.com\/pl\/wp-json\/wp\/v2\/product_brand?post=1629"},{"taxonomy":"product_cat","embeddable":true,"href":"https:\/\/cozyanddozy.com\/pl\/wp-json\/wp\/v2\/product_cat?post=1629"},{"taxonomy":"product_tag","embeddable":true,"href":"https:\/\/cozyanddozy.com\/pl\/wp-json\/wp\/v2\/product_tag?post=1629"}],"curies":[{"name":"wp","href":"https:\/\/api.w.org\/{rel}","templated":true}]}}