{"id":1589,"date":"2023-05-19T07:26:27","date_gmt":"2023-05-19T06:26:27","guid":{"rendered":"https:\/\/cozyanddozy.com\/?post_type=product&#038;p=1552"},"modified":"2023-11-08T17:33:04","modified_gmt":"2023-11-08T16:33:04","slug":"girlanda-daisy-girlanda-kwiaty-250cm","status":"publish","type":"product","link":"https:\/\/cozyanddozy.com\/pl\/produkt\/girlanda-daisy-girlanda-kwiaty-250cm\/","title":{"rendered":"Girlanda Daisy, girlanda kwiaty 250cm"},"content":{"rendered":"<h3><strong>Dekoracyjna girlanda w bia\u0142e kwiatki \u2013 stokrotki, wykonana z velvetu.<\/strong><\/h3>\n<p>Lubimy przytulne wn\u0119trza a\u00a0<strong>kwiaty, to najlepsza dekoracja w ka\u017cdym pomieszczeniu<\/strong>.<\/p>\n<p><strong>Girlanda Daisy to pi\u0119kna dekoracja wn\u0119trza<\/strong>, \u015bwietnie uzupe\u0142ni pust\u0105 \u015bcian\u0119,\u00a0<strong>mo\u017ce by\u0107 r\u00f3wnie\u017c miejscem gdzie przyczepisz zdj\u0119cia z wakacji, udekorujesz okno czy pok\u00f3j dziewczynki nadaj\u0105c mu lekkiego charakteru.<\/strong>\u00a0W tej wersji\u00a0<strong>girlanda posiada 6 kwiatk\u00f3w<\/strong>.<\/p>\n<p><strong>WYMIARY:<\/strong><\/p>\n<ul>\n<li>ca\u0142kowita d\u0142ugo\u015b\u0107 girlandy \u2013 250cm<\/li>\n<li>szeroko\u015b\u0107 kwiatka : 22cm \u00b1 1cm,<\/li>\n<li>wysoko\u015b\u0107 kwiatka : 22 cm \u00b1 1cm<\/li>\n<\/ul>\n<p><strong>MATERIA\u0141:<\/strong><\/p>\n<ul>\n<li>100% VELVET<span class=\"Apple-converted-space\">\u00a0<\/span><\/li>\n<li>girlanda sprzedawana w bawe\u0142nianym woreczku<\/li>\n<li>wype\u0142nienie antyalergiczne, wz\u00f3r jednostronny<\/li>\n<\/ul>\n<p><strong>PIEL\u0118GNACJA:<\/strong><\/p>\n<ul>\n<li>\u00a0mo\u017cna pra\u0107 w pralce temp. 40\u00baC<\/li>\n<li>wirowa\u0107 max 800 obr.<\/li>\n<li>\u00a0suszy\u0107 w stanie roz\u0142o\u017conym,<\/li>\n<li>\u00a0mo\u017cna suszy\u0107 w suszarce b\u0119bnowej,<\/li>\n<li>nie wybiela\u0107,<\/li>\n<li>prasowa\u0107 przez bawe\u0142niany materia\u0142<\/li>\n<\/ul>\n<p>Dostawa (dni robocze):2-3 dni<\/p>\n","protected":false},"excerpt":{"rendered":"<p>Dekoracyjna girlanda w bia\u0142e kwiatki \u2013 stokrotki, wykonana z velvetu. Lubimy przytulne wn\u0119trza a\u00a0kwiaty, to najlepsza dekoracja w ka\u017cdym pomieszczeniu. Girlanda Daisy to pi\u0119kna dekoracja wn\u0119trza, \u015bwietnie uzupe\u0142ni pust\u0105 \u015bcian\u0119,\u00a0mo\u017ce by\u0107 r\u00f3wnie\u017c miejscem gdzie przyczepisz zdj\u0119cia z wakacji, udekorujesz okno czy pok\u00f3j dziewczynki nadaj\u0105c mu lekkiego charakteru.\u00a0W tej wersji\u00a0girlanda posiada 6 kwiatk\u00f3w. WYMIARY: ca\u0142kowita d\u0142ugo\u015b\u0107 [&#8230;]\n","protected":false},"featured_media":1587,"comment_status":"open","ping_status":"closed","template":"","meta":[],"product_brand":[],"product_cat":[19],"product_tag":[],"class_list":{"0":"post-1589","1":"product","2":"type-product","3":"status-publish","4":"has-post-thumbnail","6":"product_cat-akcesoria","8":"first","9":"instock","10":"shipping-taxable","11":"product-type-simple"},"yoast_head":"<!-- This site is optimized with the Yoast SEO Premium plugin v21.9 (Yoast SEO v27.0) - https:\/\/yoast.com\/product\/yoast-seo-premium-wordpress\/ -->\n<title>Girlanda Daisy, girlanda kwiaty 250cm - Cozy &amp; Dozy<\/title>\n<meta name=\"description\" content=\"Dekoracyjna girlanda w bia\u0142e kwiatki \u2013 stokrotki, wykonana z velvetu.\" \/>\n<meta name=\"robots\" content=\"index, follow, max-snippet:-1, max-image-preview:large, max-video-preview:-1\" \/>\n<link rel=\"canonical\" href=\"https:\/\/cozyanddozy.com\/pl\/produkt\/girlanda-daisy-girlanda-kwiaty-250cm\/\" \/>\n<meta property=\"og:locale\" content=\"pl_PL\" \/>\n<meta property=\"og:type\" content=\"article\" \/>\n<meta property=\"og:title\" content=\"Girlanda Daisy, girlanda kwiaty 250cm\" \/>\n<meta property=\"og:description\" content=\"Dekoracyjna girlanda w bia\u0142e kwiatki \u2013 stokrotki, wykonana z velvetu.\" \/>\n<meta property=\"og:url\" content=\"https:\/\/cozyanddozy.com\/pl\/produkt\/girlanda-daisy-girlanda-kwiaty-250cm\/\" \/>\n<meta property=\"og:site_name\" content=\"Cozy &amp; Dozy\" \/>\n<meta property=\"article:modified_time\" content=\"2023-11-08T16:33:04+00:00\" \/>\n<meta property=\"og:image\" content=\"https:\/\/cozyanddozy.com\/pl\/wp-content\/uploads\/2023\/05\/garland-daisy-flowers.jpg\" \/>\n\t<meta property=\"og:image:width\" content=\"1200\" \/>\n\t<meta property=\"og:image:height\" content=\"1200\" \/>\n\t<meta property=\"og:image:type\" content=\"image\/jpeg\" \/>\n<meta name=\"twitter:card\" content=\"summary_large_image\" \/>\n<meta name=\"twitter:label1\" content=\"Cena\" \/>\n\t<meta name=\"twitter:data1\" content=\"179,00&nbsp;&#122;&#322;\" \/>\n\t<meta name=\"twitter:label2\" content=\"Dost\u0119pno\u015b\u0107\" \/>\n\t<meta name=\"twitter:data2\" content=\"Dost\u0119pny\" \/>\n<script type=\"application\/ld+json\" class=\"yoast-schema-graph\">{\"@context\":\"https:\/\/schema.org\",\"@graph\":[{\"@type\":\"WebPage\",\"@id\":\"https:\/\/cozyanddozy.com\/pl\/produkt\/girlanda-daisy-girlanda-kwiaty-250cm\/\",\"url\":\"https:\/\/cozyanddozy.com\/pl\/produkt\/girlanda-daisy-girlanda-kwiaty-250cm\/\",\"name\":\"Girlanda Daisy, girlanda kwiaty 250cm - Cozy & Dozy\",\"isPartOf\":{\"@id\":\"https:\/\/cozyanddozy.com\/pl\/#website\"},\"primaryImageOfPage\":{\"@id\":\"https:\/\/cozyanddozy.com\/pl\/produkt\/girlanda-daisy-girlanda-kwiaty-250cm\/#primaryimage\"},\"image\":{\"@id\":\"https:\/\/cozyanddozy.com\/pl\/produkt\/girlanda-daisy-girlanda-kwiaty-250cm\/#primaryimage\"},\"thumbnailUrl\":\"https:\/\/cozyanddozy.com\/pl\/wp-content\/uploads\/2023\/05\/garland-daisy-flowers.jpg\",\"datePublished\":\"2023-05-19T06:26:27+00:00\",\"dateModified\":\"2023-11-08T16:33:04+00:00\",\"description\":\"Dekoracyjna girlanda w bia\u0142e kwiatki \u2013 stokrotki, wykonana z velvetu.\",\"breadcrumb\":{\"@id\":\"https:\/\/cozyanddozy.com\/pl\/produkt\/girlanda-daisy-girlanda-kwiaty-250cm\/#breadcrumb\"},\"inLanguage\":\"pl-PL\",\"potentialAction\":[{\"@type\":\"ReadAction\",\"target\":[\"https:\/\/cozyanddozy.com\/pl\/produkt\/girlanda-daisy-girlanda-kwiaty-250cm\/\"]}]},{\"@type\":\"ImageObject\",\"inLanguage\":\"pl-PL\",\"@id\":\"https:\/\/cozyanddozy.com\/pl\/produkt\/girlanda-daisy-girlanda-kwiaty-250cm\/#primaryimage\",\"url\":\"https:\/\/cozyanddozy.com\/pl\/wp-content\/uploads\/2023\/05\/garland-daisy-flowers.jpg\",\"contentUrl\":\"https:\/\/cozyanddozy.com\/pl\/wp-content\/uploads\/2023\/05\/garland-daisy-flowers.jpg\",\"width\":1200,\"height\":1200},{\"@type\":\"BreadcrumbList\",\"@id\":\"https:\/\/cozyanddozy.com\/pl\/produkt\/girlanda-daisy-girlanda-kwiaty-250cm\/#breadcrumb\",\"itemListElement\":[{\"@type\":\"ListItem\",\"position\":1,\"name\":\"Home\",\"item\":\"https:\/\/cozyanddozy.com\/pl\/\"},{\"@type\":\"ListItem\",\"position\":2,\"name\":\"Sklep\",\"item\":\"https:\/\/cozyanddozy.com\/pl\/sklep\/\"},{\"@type\":\"ListItem\",\"position\":3,\"name\":\"Girlanda Daisy, girlanda kwiaty 250cm\"}]},{\"@type\":\"WebSite\",\"@id\":\"https:\/\/cozyanddozy.com\/pl\/#website\",\"url\":\"https:\/\/cozyanddozy.com\/pl\/\",\"name\":\"Cozy & Dozy\",\"description\":\"\",\"potentialAction\":[{\"@type\":\"SearchAction\",\"target\":{\"@type\":\"EntryPoint\",\"urlTemplate\":\"https:\/\/cozyanddozy.com\/pl\/?s={search_term_string}\"},\"query-input\":{\"@type\":\"PropertyValueSpecification\",\"valueRequired\":true,\"valueName\":\"search_term_string\"}}],\"inLanguage\":\"pl-PL\"}]}<\/script>\n<meta property=\"product:price:amount\" content=\"179.00\" \/>\n<meta property=\"product:price:currency\" content=\"PLN\" \/>\n<meta property=\"og:availability\" content=\"instock\" \/>\n<meta property=\"product:availability\" content=\"instock\" \/>\n<meta property=\"product:retailer_item_id\" content=\"5902701497255\" \/>\n<meta property=\"product:condition\" content=\"new\" \/>\n<!-- \/ Yoast SEO Premium plugin. -->","yoast_head_json":{"title":"Girlanda Daisy, girlanda kwiaty 250cm - Cozy & Dozy","description":"Dekoracyjna girlanda w bia\u0142e kwiatki \u2013 stokrotki, wykonana z velvetu.","robots":{"index":"index","follow":"follow","max-snippet":"max-snippet:-1","max-image-preview":"max-image-preview:large","max-video-preview":"max-video-preview:-1"},"canonical":"https:\/\/cozyanddozy.com\/pl\/produkt\/girlanda-daisy-girlanda-kwiaty-250cm\/","og_locale":"pl_PL","og_type":"article","og_title":"Girlanda Daisy, girlanda kwiaty 250cm","og_description":"Dekoracyjna girlanda w bia\u0142e kwiatki \u2013 stokrotki, wykonana z velvetu.","og_url":"https:\/\/cozyanddozy.com\/pl\/produkt\/girlanda-daisy-girlanda-kwiaty-250cm\/","og_site_name":"Cozy &amp; Dozy","article_modified_time":"2023-11-08T16:33:04+00:00","og_image":[{"width":1200,"height":1200,"url":"https:\/\/cozyanddozy.com\/pl\/wp-content\/uploads\/2023\/05\/garland-daisy-flowers.jpg","type":"image\/jpeg"}],"twitter_card":"summary_large_image","twitter_misc":{"Cena":"179,00&nbsp;&#122;&#322;","Dost\u0119pno\u015b\u0107":"Dost\u0119pny"},"schema":{"@context":"https:\/\/schema.org","@graph":[{"@type":"WebPage","@id":"https:\/\/cozyanddozy.com\/pl\/produkt\/girlanda-daisy-girlanda-kwiaty-250cm\/","url":"https:\/\/cozyanddozy.com\/pl\/produkt\/girlanda-daisy-girlanda-kwiaty-250cm\/","name":"Girlanda Daisy, girlanda kwiaty 250cm - Cozy & Dozy","isPartOf":{"@id":"https:\/\/cozyanddozy.com\/pl\/#website"},"primaryImageOfPage":{"@id":"https:\/\/cozyanddozy.com\/pl\/produkt\/girlanda-daisy-girlanda-kwiaty-250cm\/#primaryimage"},"image":{"@id":"https:\/\/cozyanddozy.com\/pl\/produkt\/girlanda-daisy-girlanda-kwiaty-250cm\/#primaryimage"},"thumbnailUrl":"https:\/\/cozyanddozy.com\/pl\/wp-content\/uploads\/2023\/05\/garland-daisy-flowers.jpg","datePublished":"2023-05-19T06:26:27+00:00","dateModified":"2023-11-08T16:33:04+00:00","description":"Dekoracyjna girlanda w bia\u0142e kwiatki \u2013 stokrotki, wykonana z velvetu.","breadcrumb":{"@id":"https:\/\/cozyanddozy.com\/pl\/produkt\/girlanda-daisy-girlanda-kwiaty-250cm\/#breadcrumb"},"inLanguage":"pl-PL","potentialAction":[{"@type":"ReadAction","target":["https:\/\/cozyanddozy.com\/pl\/produkt\/girlanda-daisy-girlanda-kwiaty-250cm\/"]}]},{"@type":"ImageObject","inLanguage":"pl-PL","@id":"https:\/\/cozyanddozy.com\/pl\/produkt\/girlanda-daisy-girlanda-kwiaty-250cm\/#primaryimage","url":"https:\/\/cozyanddozy.com\/pl\/wp-content\/uploads\/2023\/05\/garland-daisy-flowers.jpg","contentUrl":"https:\/\/cozyanddozy.com\/pl\/wp-content\/uploads\/2023\/05\/garland-daisy-flowers.jpg","width":1200,"height":1200},{"@type":"BreadcrumbList","@id":"https:\/\/cozyanddozy.com\/pl\/produkt\/girlanda-daisy-girlanda-kwiaty-250cm\/#breadcrumb","itemListElement":[{"@type":"ListItem","position":1,"name":"Home","item":"https:\/\/cozyanddozy.com\/pl\/"},{"@type":"ListItem","position":2,"name":"Sklep","item":"https:\/\/cozyanddozy.com\/pl\/sklep\/"},{"@type":"ListItem","position":3,"name":"Girlanda Daisy, girlanda kwiaty 250cm"}]},{"@type":"WebSite","@id":"https:\/\/cozyanddozy.com\/pl\/#website","url":"https:\/\/cozyanddozy.com\/pl\/","name":"Cozy & Dozy","description":"","potentialAction":[{"@type":"SearchAction","target":{"@type":"EntryPoint","urlTemplate":"https:\/\/cozyanddozy.com\/pl\/?s={search_term_string}"},"query-input":{"@type":"PropertyValueSpecification","valueRequired":true,"valueName":"search_term_string"}}],"inLanguage":"pl-PL"}]},"product_price_amount":"179.00","product_price_currency":"PLN","og_availability":"instock","product_availability":"instock","product_retailer_item_id":"5902701497255","product_condition":"new"},"_links":{"self":[{"href":"https:\/\/cozyanddozy.com\/pl\/wp-json\/wp\/v2\/product\/1589","targetHints":{"allow":["GET"]}}],"collection":[{"href":"https:\/\/cozyanddozy.com\/pl\/wp-json\/wp\/v2\/product"}],"about":[{"href":"https:\/\/cozyanddozy.com\/pl\/wp-json\/wp\/v2\/types\/product"}],"replies":[{"embeddable":true,"href":"https:\/\/cozyanddozy.com\/pl\/wp-json\/wp\/v2\/comments?post=1589"}],"wp:featuredmedia":[{"embeddable":true,"href":"https:\/\/cozyanddozy.com\/pl\/wp-json\/wp\/v2\/media\/1587"}],"wp:attachment":[{"href":"https:\/\/cozyanddozy.com\/pl\/wp-json\/wp\/v2\/media?parent=1589"}],"wp:term":[{"taxonomy":"product_brand","embeddable":true,"href":"https:\/\/cozyanddozy.com\/pl\/wp-json\/wp\/v2\/product_brand?post=1589"},{"taxonomy":"product_cat","embeddable":true,"href":"https:\/\/cozyanddozy.com\/pl\/wp-json\/wp\/v2\/product_cat?post=1589"},{"taxonomy":"product_tag","embeddable":true,"href":"https:\/\/cozyanddozy.com\/pl\/wp-json\/wp\/v2\/product_tag?post=1589"}],"curies":[{"name":"wp","href":"https:\/\/api.w.org\/{rel}","templated":true}]}}