{"id":1558,"date":"2023-04-04T09:55:08","date_gmt":"2023-04-04T07:55:08","guid":{"rendered":"https:\/\/cozyanddozy.com\/pl\/?post_type=product&#038;p=1558"},"modified":"2025-01-29T18:15:39","modified_gmt":"2025-01-29T17:15:39","slug":"tipi-tent-daisy-set-z-mata-poduszka-i-garlandem","status":"publish","type":"product","link":"https:\/\/cozyanddozy.com\/pl\/produkt\/tipi-tent-daisy-set-z-mata-poduszka-i-garlandem\/","title":{"rendered":"Namiot Tipi Daisy, zestaw z mat\u0105, poduszk\u0105 i girland\u0105"},"content":{"rendered":"<p><img decoding=\"async\" class=\"wp-image-2040 alignright\" src=\"https:\/\/cozyanddozy.com\/pl\/wp-content\/uploads\/2023\/11\/Tipi-tent-Daisy-5.jpg\" alt=\"\" width=\"600\" height=\"600\" srcset=\"https:\/\/cozyanddozy.com\/pl\/wp-content\/uploads\/2023\/11\/Tipi-tent-Daisy-5.jpg 1200w, https:\/\/cozyanddozy.com\/pl\/wp-content\/uploads\/2023\/11\/Tipi-tent-Daisy-5-400x400.jpg 400w, https:\/\/cozyanddozy.com\/pl\/wp-content\/uploads\/2023\/11\/Tipi-tent-Daisy-5-150x150.jpg 150w, https:\/\/cozyanddozy.com\/pl\/wp-content\/uploads\/2023\/11\/Tipi-tent-Daisy-5-768x768.jpg 768w, https:\/\/cozyanddozy.com\/pl\/wp-content\/uploads\/2023\/11\/Tipi-tent-Daisy-5-470x470.jpg 470w, https:\/\/cozyanddozy.com\/pl\/wp-content\/uploads\/2023\/11\/Tipi-tent-Daisy-5-800x800.jpg 800w, https:\/\/cozyanddozy.com\/pl\/wp-content\/uploads\/2023\/11\/Tipi-tent-Daisy-5-100x100.jpg 100w\" sizes=\"(max-width: 600px) 100vw, 600px\" \/>Namiot Tipi z kolekcji Daisy to tipi w bia\u0142ym kolorze z ozdobnym wyko\u0144czeniem z miodowych pompon\u00f3w. Namiot Tipi wykonany jest z mocnego p\u0142\u00f3tna, bia\u0142e aksamitne tipi i aksamitna mata do zabawy Daisy, du\u017ca, kwiatowa poduszka i 200cm d\u0142uga girlanda Daisy.<\/p>\n<p>Namiot to \u015bwietne miejsce do zabawy w domu, na tarasie lub w ogrodzie. Tipi posiada okno z rolet\u0105 oraz dwie kieszenie na zabawki. Przytulny namiot dla dzieci wyposa\u017cony jest w mi\u0119kk\u0105 mat\u0119.<\/p>\n<p>Namiot Teepee to wspania\u0142e miejsce do zabawy i przytulny k\u0105cik do odpoczynku. Wigwam zosta\u0142 zaprojektowany tak, aby cieszy\u0107 oko przez d\u0142ugi czas i zapewni\u0107 bezpieczn\u0105 zabaw\u0119.<\/p>\n<p>Tipi ma 4 strony &#8211; powierzchnia do zabawy ok. 1 m2, wysoko\u015b\u0107 po roz\u0142o\u017ceniu ok. 150 cm.<\/p>\n<p>Do ka\u017cdego namiotu do\u0142\u0105czone s\u0105 sk\u0142adane sosnowe tyczki oraz stabilizator, kt\u00f3ry sztywno trzyma tyczki zapewniaj\u0105c stabilno\u015b\u0107 namiotu.<\/p>\n<h3>Zestaw zawiera:<\/h3>\n<ul>\n<li>namiot tipi<\/li>\n<li>Mata do zabawy Daisy (112\u00d7112 cm)<\/li>\n<li>Poduszka Daisy (52x52cm)<\/li>\n<li>Girlanda, wianek ze stokrotek (5 kwiat\u00f3w, d\u0142ugo\u015b\u0107 200cm)<\/li>\n<li>4 sk\u0142adane kije sosnowe (8 po\u0142\u00f3wek) + elementy do \u0142\u0105czenia (4 \u0142\u0105czniki)<\/li>\n<li>instrukcja<\/li>\n<li>stabilizator + sznurek<\/li>\n<\/ul>\n","protected":false},"excerpt":{"rendered":"<p>Namiot Tipi z kolekcji Daisy to tipi w bia\u0142ym kolorze z ozdobnym wyko\u0144czeniem z miodowych pompon\u00f3w. Namiot Tipi wykonany jest z mocnego p\u0142\u00f3tna, bia\u0142e aksamitne tipi i aksamitna mata do zabawy Daisy, du\u017ca, kwiatowa poduszka i 200cm d\u0142uga girlanda Daisy. Namiot to \u015bwietne miejsce do zabawy w domu, na tarasie lub w ogrodzie. Tipi posiada [&#8230;]\n","protected":false},"featured_media":1546,"comment_status":"open","ping_status":"closed","template":"","meta":[],"product_brand":[],"product_cat":[16],"product_tag":[],"class_list":{"0":"post-1558","1":"product","2":"type-product","3":"status-publish","4":"has-post-thumbnail","6":"product_cat-namioty-tipi","8":"first","9":"instock","10":"sale","11":"shipping-taxable","12":"product-type-simple"},"yoast_head":"<!-- This site is optimized with the Yoast SEO Premium plugin v21.9 (Yoast SEO v27.0) - https:\/\/yoast.com\/product\/yoast-seo-premium-wordpress\/ -->\n<title>Namiot Tipi Daisy, zestaw z mat\u0105, poduszk\u0105 i girland\u0105 - Cozy &amp; Dozy<\/title>\n<meta name=\"robots\" content=\"index, follow, max-snippet:-1, max-image-preview:large, max-video-preview:-1\" \/>\n<link rel=\"canonical\" href=\"https:\/\/cozyanddozy.com\/pl\/produkt\/tipi-tent-daisy-set-z-mata-poduszka-i-garlandem\/\" \/>\n<meta property=\"og:locale\" content=\"pl_PL\" \/>\n<meta property=\"og:type\" content=\"article\" \/>\n<meta property=\"og:title\" content=\"Namiot Tipi Daisy, zestaw z mat\u0105, poduszk\u0105 i girland\u0105\" \/>\n<meta property=\"og:description\" content=\"Namiot Tipi z kolekcji Daisy to tipi w bia\u0142ym kolorze z ozdobnym wyko\u0144czeniem z miodowych pompon\u00f3w. Namiot Tipi wykonany jest z mocnego p\u0142\u00f3tna, bia\u0142e aksamitne tipi i aksamitna mata do zabawy Daisy, du\u017ca, kwiatowa poduszka i 200cm d\u0142uga girlanda Daisy. Namiot to \u015bwietne miejsce do zabawy w domu, na tarasie lub w ogrodzie. Tipi posiada [...]\" \/>\n<meta property=\"og:url\" content=\"https:\/\/cozyanddozy.com\/pl\/produkt\/tipi-tent-daisy-set-z-mata-poduszka-i-garlandem\/\" \/>\n<meta property=\"og:site_name\" content=\"Cozy &amp; Dozy\" \/>\n<meta property=\"article:modified_time\" content=\"2025-01-29T17:15:39+00:00\" \/>\n<meta property=\"og:image\" content=\"https:\/\/cozyanddozy.com\/pl\/wp-content\/uploads\/2023\/04\/kids_tipi_tent_daisy_s1.jpg\" \/>\n\t<meta property=\"og:image:width\" content=\"1200\" \/>\n\t<meta property=\"og:image:height\" content=\"1200\" \/>\n\t<meta property=\"og:image:type\" content=\"image\/jpeg\" \/>\n<meta name=\"twitter:card\" content=\"summary_large_image\" \/>\n<meta name=\"twitter:label1\" content=\"Cena\" \/>\n\t<meta name=\"twitter:data1\" content=\"499,00&nbsp;&#122;&#322;\" \/>\n\t<meta name=\"twitter:label2\" content=\"Dost\u0119pno\u015b\u0107\" \/>\n\t<meta name=\"twitter:data2\" content=\"Dost\u0119pny\" \/>\n<script type=\"application\/ld+json\" class=\"yoast-schema-graph\">{\"@context\":\"https:\/\/schema.org\",\"@graph\":[{\"@type\":\"WebPage\",\"@id\":\"https:\/\/cozyanddozy.com\/pl\/produkt\/tipi-tent-daisy-set-z-mata-poduszka-i-garlandem\/\",\"url\":\"https:\/\/cozyanddozy.com\/pl\/produkt\/tipi-tent-daisy-set-z-mata-poduszka-i-garlandem\/\",\"name\":\"Namiot Tipi Daisy, zestaw z mat\u0105, poduszk\u0105 i girland\u0105 - Cozy & Dozy\",\"isPartOf\":{\"@id\":\"https:\/\/cozyanddozy.com\/pl\/#website\"},\"primaryImageOfPage\":{\"@id\":\"https:\/\/cozyanddozy.com\/pl\/produkt\/tipi-tent-daisy-set-z-mata-poduszka-i-garlandem\/#primaryimage\"},\"image\":{\"@id\":\"https:\/\/cozyanddozy.com\/pl\/produkt\/tipi-tent-daisy-set-z-mata-poduszka-i-garlandem\/#primaryimage\"},\"thumbnailUrl\":\"https:\/\/cozyanddozy.com\/pl\/wp-content\/uploads\/2023\/04\/kids_tipi_tent_daisy_s1.jpg\",\"datePublished\":\"2023-04-04T07:55:08+00:00\",\"dateModified\":\"2025-01-29T17:15:39+00:00\",\"breadcrumb\":{\"@id\":\"https:\/\/cozyanddozy.com\/pl\/produkt\/tipi-tent-daisy-set-z-mata-poduszka-i-garlandem\/#breadcrumb\"},\"inLanguage\":\"pl-PL\",\"potentialAction\":[{\"@type\":\"ReadAction\",\"target\":[\"https:\/\/cozyanddozy.com\/pl\/produkt\/tipi-tent-daisy-set-z-mata-poduszka-i-garlandem\/\"]}]},{\"@type\":\"ImageObject\",\"inLanguage\":\"pl-PL\",\"@id\":\"https:\/\/cozyanddozy.com\/pl\/produkt\/tipi-tent-daisy-set-z-mata-poduszka-i-garlandem\/#primaryimage\",\"url\":\"https:\/\/cozyanddozy.com\/pl\/wp-content\/uploads\/2023\/04\/kids_tipi_tent_daisy_s1.jpg\",\"contentUrl\":\"https:\/\/cozyanddozy.com\/pl\/wp-content\/uploads\/2023\/04\/kids_tipi_tent_daisy_s1.jpg\",\"width\":1200,\"height\":1200},{\"@type\":\"BreadcrumbList\",\"@id\":\"https:\/\/cozyanddozy.com\/pl\/produkt\/tipi-tent-daisy-set-z-mata-poduszka-i-garlandem\/#breadcrumb\",\"itemListElement\":[{\"@type\":\"ListItem\",\"position\":1,\"name\":\"Home\",\"item\":\"https:\/\/cozyanddozy.com\/pl\/\"},{\"@type\":\"ListItem\",\"position\":2,\"name\":\"Sklep\",\"item\":\"https:\/\/cozyanddozy.com\/pl\/sklep\/\"},{\"@type\":\"ListItem\",\"position\":3,\"name\":\"Namiot Tipi Daisy, zestaw z mat\u0105, poduszk\u0105 i girland\u0105\"}]},{\"@type\":\"WebSite\",\"@id\":\"https:\/\/cozyanddozy.com\/pl\/#website\",\"url\":\"https:\/\/cozyanddozy.com\/pl\/\",\"name\":\"Cozy & Dozy\",\"description\":\"\",\"potentialAction\":[{\"@type\":\"SearchAction\",\"target\":{\"@type\":\"EntryPoint\",\"urlTemplate\":\"https:\/\/cozyanddozy.com\/pl\/?s={search_term_string}\"},\"query-input\":{\"@type\":\"PropertyValueSpecification\",\"valueRequired\":true,\"valueName\":\"search_term_string\"}}],\"inLanguage\":\"pl-PL\"}]}<\/script>\n<meta property=\"product:price:amount\" content=\"499.00\" \/>\n<meta property=\"product:price:currency\" content=\"PLN\" \/>\n<meta property=\"og:availability\" content=\"instock\" \/>\n<meta property=\"product:availability\" content=\"instock\" \/>\n<meta property=\"product:retailer_item_id\" content=\"5902701497316\" \/>\n<meta property=\"product:condition\" content=\"new\" \/>\n<!-- \/ Yoast SEO Premium plugin. -->","yoast_head_json":{"title":"Namiot Tipi Daisy, zestaw z mat\u0105, poduszk\u0105 i girland\u0105 - Cozy & Dozy","robots":{"index":"index","follow":"follow","max-snippet":"max-snippet:-1","max-image-preview":"max-image-preview:large","max-video-preview":"max-video-preview:-1"},"canonical":"https:\/\/cozyanddozy.com\/pl\/produkt\/tipi-tent-daisy-set-z-mata-poduszka-i-garlandem\/","og_locale":"pl_PL","og_type":"article","og_title":"Namiot Tipi Daisy, zestaw z mat\u0105, poduszk\u0105 i girland\u0105","og_description":"Namiot Tipi z kolekcji Daisy to tipi w bia\u0142ym kolorze z ozdobnym wyko\u0144czeniem z miodowych pompon\u00f3w. Namiot Tipi wykonany jest z mocnego p\u0142\u00f3tna, bia\u0142e aksamitne tipi i aksamitna mata do zabawy Daisy, du\u017ca, kwiatowa poduszka i 200cm d\u0142uga girlanda Daisy. Namiot to \u015bwietne miejsce do zabawy w domu, na tarasie lub w ogrodzie. Tipi posiada [...]","og_url":"https:\/\/cozyanddozy.com\/pl\/produkt\/tipi-tent-daisy-set-z-mata-poduszka-i-garlandem\/","og_site_name":"Cozy &amp; Dozy","article_modified_time":"2025-01-29T17:15:39+00:00","og_image":[{"width":1200,"height":1200,"url":"https:\/\/cozyanddozy.com\/pl\/wp-content\/uploads\/2023\/04\/kids_tipi_tent_daisy_s1.jpg","type":"image\/jpeg"}],"twitter_card":"summary_large_image","twitter_misc":{"Cena":"499,00&nbsp;&#122;&#322;","Dost\u0119pno\u015b\u0107":"Dost\u0119pny"},"schema":{"@context":"https:\/\/schema.org","@graph":[{"@type":"WebPage","@id":"https:\/\/cozyanddozy.com\/pl\/produkt\/tipi-tent-daisy-set-z-mata-poduszka-i-garlandem\/","url":"https:\/\/cozyanddozy.com\/pl\/produkt\/tipi-tent-daisy-set-z-mata-poduszka-i-garlandem\/","name":"Namiot Tipi Daisy, zestaw z mat\u0105, poduszk\u0105 i girland\u0105 - Cozy & Dozy","isPartOf":{"@id":"https:\/\/cozyanddozy.com\/pl\/#website"},"primaryImageOfPage":{"@id":"https:\/\/cozyanddozy.com\/pl\/produkt\/tipi-tent-daisy-set-z-mata-poduszka-i-garlandem\/#primaryimage"},"image":{"@id":"https:\/\/cozyanddozy.com\/pl\/produkt\/tipi-tent-daisy-set-z-mata-poduszka-i-garlandem\/#primaryimage"},"thumbnailUrl":"https:\/\/cozyanddozy.com\/pl\/wp-content\/uploads\/2023\/04\/kids_tipi_tent_daisy_s1.jpg","datePublished":"2023-04-04T07:55:08+00:00","dateModified":"2025-01-29T17:15:39+00:00","breadcrumb":{"@id":"https:\/\/cozyanddozy.com\/pl\/produkt\/tipi-tent-daisy-set-z-mata-poduszka-i-garlandem\/#breadcrumb"},"inLanguage":"pl-PL","potentialAction":[{"@type":"ReadAction","target":["https:\/\/cozyanddozy.com\/pl\/produkt\/tipi-tent-daisy-set-z-mata-poduszka-i-garlandem\/"]}]},{"@type":"ImageObject","inLanguage":"pl-PL","@id":"https:\/\/cozyanddozy.com\/pl\/produkt\/tipi-tent-daisy-set-z-mata-poduszka-i-garlandem\/#primaryimage","url":"https:\/\/cozyanddozy.com\/pl\/wp-content\/uploads\/2023\/04\/kids_tipi_tent_daisy_s1.jpg","contentUrl":"https:\/\/cozyanddozy.com\/pl\/wp-content\/uploads\/2023\/04\/kids_tipi_tent_daisy_s1.jpg","width":1200,"height":1200},{"@type":"BreadcrumbList","@id":"https:\/\/cozyanddozy.com\/pl\/produkt\/tipi-tent-daisy-set-z-mata-poduszka-i-garlandem\/#breadcrumb","itemListElement":[{"@type":"ListItem","position":1,"name":"Home","item":"https:\/\/cozyanddozy.com\/pl\/"},{"@type":"ListItem","position":2,"name":"Sklep","item":"https:\/\/cozyanddozy.com\/pl\/sklep\/"},{"@type":"ListItem","position":3,"name":"Namiot Tipi Daisy, zestaw z mat\u0105, poduszk\u0105 i girland\u0105"}]},{"@type":"WebSite","@id":"https:\/\/cozyanddozy.com\/pl\/#website","url":"https:\/\/cozyanddozy.com\/pl\/","name":"Cozy & Dozy","description":"","potentialAction":[{"@type":"SearchAction","target":{"@type":"EntryPoint","urlTemplate":"https:\/\/cozyanddozy.com\/pl\/?s={search_term_string}"},"query-input":{"@type":"PropertyValueSpecification","valueRequired":true,"valueName":"search_term_string"}}],"inLanguage":"pl-PL"}]},"product_price_amount":"499.00","product_price_currency":"PLN","og_availability":"instock","product_availability":"instock","product_retailer_item_id":"5902701497316","product_condition":"new"},"_links":{"self":[{"href":"https:\/\/cozyanddozy.com\/pl\/wp-json\/wp\/v2\/product\/1558","targetHints":{"allow":["GET"]}}],"collection":[{"href":"https:\/\/cozyanddozy.com\/pl\/wp-json\/wp\/v2\/product"}],"about":[{"href":"https:\/\/cozyanddozy.com\/pl\/wp-json\/wp\/v2\/types\/product"}],"replies":[{"embeddable":true,"href":"https:\/\/cozyanddozy.com\/pl\/wp-json\/wp\/v2\/comments?post=1558"}],"wp:featuredmedia":[{"embeddable":true,"href":"https:\/\/cozyanddozy.com\/pl\/wp-json\/wp\/v2\/media\/1546"}],"wp:attachment":[{"href":"https:\/\/cozyanddozy.com\/pl\/wp-json\/wp\/v2\/media?parent=1558"}],"wp:term":[{"taxonomy":"product_brand","embeddable":true,"href":"https:\/\/cozyanddozy.com\/pl\/wp-json\/wp\/v2\/product_brand?post=1558"},{"taxonomy":"product_cat","embeddable":true,"href":"https:\/\/cozyanddozy.com\/pl\/wp-json\/wp\/v2\/product_cat?post=1558"},{"taxonomy":"product_tag","embeddable":true,"href":"https:\/\/cozyanddozy.com\/pl\/wp-json\/wp\/v2\/product_tag?post=1558"}],"curies":[{"name":"wp","href":"https:\/\/api.w.org\/{rel}","templated":true}]}}